{"id":4103,"date":"2025-10-28T10:11:07","date_gmt":"2025-10-28T02:11:07","guid":{"rendered":"https:\/\/www.tairuiauto.com\/?post_type=product&#038;p=4103"},"modified":"2026-03-09T14:05:23","modified_gmt":"2026-03-09T06:05:23","slug":"four-wheel-pickup-truck","status":"publish","type":"product","link":"https:\/\/www.tairuiauto.com\/es\/product\/four-wheel-pickup-truck\/","title":{"rendered":"Cami\u00f3n micro pickup de cuatro ruedas"},"content":{"rendered":"<h2 data-start=\"260\" data-end=\"284\">Descripci\u00f3n del producto<\/h2>\n<p data-start=\"285\" data-end=\"870\">Este modelo es adecuado para empresas que buscan modernizar sus flotas de entrega con soluciones sostenibles y rentables.<\/p>\n<table style=\"width: 77.1229%; height: 347px;\" width=\"602\">\n<tbody>\n<tr>\n<td style=\"width: 47.3684%;\" width=\"287\">modelo<\/td>\n<td style=\"width: 51.9451%;\" width=\"315\">Cami\u00f3n Pickup de cuatro ruedas<\/td>\n<\/tr>\n<tr>\n<td style=\"width: 47.3684%;\" width=\"287\">Cargoboxsize<\/td>\n<td style=\"width: 51.9451%;\" width=\"315\">3430 * 1390 * 1780mm<\/td>\n<\/tr>\n<tr>\n<td style=\"width: 47.3684%;\" width=\"287\">Neum\u00e1tico delantero\/trasero Tt<\/td>\n<td style=\"width: 51.9451%;\" width=\"315\">1,8 * 1,3 m<\/td>\n<\/tr>\n<tr>\n<td style=\"width: 47.3684%;\" width=\"287\">motor<\/td>\n<td style=\"width: 51.9451%;\" width=\"315\">60V \/ 72V1500W (70H)<\/td>\n<\/tr>\n<tr>\n<td style=\"width: 47.3684%;\" width=\"287\">Controlador<\/td>\n<td style=\"width: 51.9451%;\" width=\"315\">Gran 24Tube<\/td>\n<\/tr>\n<tr>\n<td style=\"width: 47.3684%;\" width=\"287\">Eje trasero de cambio de engranajes integrado totalmente flotante<\/td>\n<td style=\"width: 51.9451%;\" width=\"315\">180 mm<\/td>\n<\/tr>\n<tr>\n<td style=\"width: 47.3684%;\" width=\"287\">Neum\u00e1ticos<\/td>\n<td style=\"width: 51.9451%;\" width=\"315\">Front4.50-12Rear5.00-12<\/td>\n<\/tr>\n<tr>\n<td style=\"width: 47.3684%;\" width=\"287\">Velocidad m\u00e1xima<\/td>\n<td style=\"width: 51.9451%;\" width=\"315\">45\/km<\/td>\n<\/tr>\n<tr>\n<td style=\"width: 47.3684%;\" width=\"287\">Otras configuraciones<\/td>\n<td style=\"width: 51.9451%;\" width=\"315\">volante, vidrio manivelado a mano, limpiaparabrisas el\u00e9ctricas<\/td>\n<\/tr>\n<\/tbody>\n<\/table>\n<hr data-start=\"4294\" data-end=\"4297\" \/>\n<h2 data-start=\"872\" data-end=\"895\">Puntos clave de venta<\/h2>\n<ol data-start=\"896\" data-end=\"1546\">\n<li data-start=\"896\" data-end=\"1060\">\n<p data-start=\"899\" data-end=\"1060\"><strong data-start=\"899\" data-end=\"934\">Motor el\u00e9ctrico de alto rendimiento<\/strong> Equipado con un motor de 1500W y un controlador de 24 tubos, el <strong data-start=\"993\" data-end=\"1013\">Cami\u00f3n Pickup de cuatro ruedas<\/strong> proporciona energ\u00eda fiable para la log\u00edstica diaria.<\/p>\n<\/li>\n<li data-start=\"1061\" data-end=\"1249\">\n<p data-start=\"1064\" data-end=\"1249\"><strong data-start=\"1064\" data-end=\"1095\">Dise\u00f1o compacto pero amplio<\/strong> \u2013 Con un tama\u00f1o de caja de carga de 3430<em data-start=\"1127\" data-end=\"1133\">1390<\/em>1780 mm, esta <strong data-start=\"1146\" data-end=\"1169\">mini cami\u00f3n el\u00e9ctrico<\/strong> ofrece un amplio almacenamiento mientras se mantiene f\u00e1cil de maniobrar en las calles urbanas apretadas.<\/p>\n<\/li>\n<li data-start=\"1250\" data-end=\"1382\">\n<p data-start=\"1253\" data-end=\"1382\"><strong data-start=\"1253\" data-end=\"1284\">Transporte Ecol\u00f3gico<\/strong> Funciona solo con energ\u00eda el\u00e9ctrica, por lo que es ideal <strong data-start=\"1335\" data-end=\"1359\">Soluci\u00f3n de carga verde<\/strong> con cero emisiones.<\/p>\n<\/li>\n<li data-start=\"1383\" data-end=\"1546\">\n<p data-start=\"1386\" data-end=\"1546\"><strong data-start=\"1386\" data-end=\"1411\">Durabilidad y seguridad<\/strong> Los neum\u00e1ticos reforzados (delantero 4.50-12, trasero 5.00-12) y un eje trasero totalmente flotante con cambio de marchas integrado garantizan una fiabilidad a largo plazo.<\/p>\n<\/li>\n<\/ol>\n<hr data-start=\"4294\" data-end=\"4297\" \/>\n<h2 data-start=\"1548\" data-end=\"1579\">Ventajas de diferenciaci\u00f3n<\/h2>\n<ol data-start=\"1580\" data-end=\"2142\">\n<li data-start=\"1580\" data-end=\"1756\">\n<p data-start=\"1583\" data-end=\"1756\"><strong data-start=\"1583\" data-end=\"1609\">Aplicaciones vers\u00e1tiles<\/strong> \u2013 A diferencia de las tradicionales pickups alimentadas por gas, esta <strong data-start=\"1657\" data-end=\"1681\">cami\u00f3n de carga el\u00e9ctrico<\/strong> est\u00e1 optimizado para la entrega de \u00faltima milla, uso en f\u00e1brica y servicio municipal.<\/p>\n<\/li>\n<li data-start=\"1757\" data-end=\"1874\">\n<p data-start=\"1760\" data-end=\"1874\"><strong data-start=\"1760\" data-end=\"1785\">Bajos costos de mantenimiento<\/strong> Menos piezas m\u00f3viles en comparaci\u00f3n con los camiones de combusti\u00f3n reducen los gastos de reparaci\u00f3n y servicio.<\/p>\n<\/li>\n<li data-start=\"1875\" data-end=\"2011\">\n<p data-start=\"1878\" data-end=\"2011\"><strong data-start=\"1878\" data-end=\"1899\">Ergonom\u00eda moderna<\/strong> Caracter\u00edsticas como el volante, limpiaparabrisas el\u00e9ctricas y vidrio manivelado a mano mejoran la comodidad y la usabilidad del conductor.<\/p>\n<\/li>\n<li data-start=\"2012\" data-end=\"2142\">\n<p data-start=\"2015\" data-end=\"2142\"><strong data-start=\"2015\" data-end=\"2046\">Elecci\u00f3n empresarial sostenible<\/strong> Perfecto para empresas que buscan alinearse con pol\u00edticas verdes y objetivos de sostenibilidad corporativa.<\/p>\n<\/li>\n<\/ol>\n<p><img fetchpriority=\"high\" decoding=\"async\" class=\"alignnone wp-image-4105\" src=\"https:\/\/www.tairuiauto.com\/wp-content\/uploads\/2025\/10\/58faeeb6ec65c9152e1fd13c259bbc37-300x217.png\" alt=\"\" width=\"333\" height=\"241\" srcset=\"https:\/\/www.tairuiauto.com\/wp-content\/uploads\/2025\/10\/58faeeb6ec65c9152e1fd13c259bbc37-300x217.png 300w, https:\/\/www.tairuiauto.com\/wp-content\/uploads\/2025\/10\/58faeeb6ec65c9152e1fd13c259bbc37-18x12.png 18w, https:\/\/www.tairuiauto.com\/wp-content\/uploads\/2025\/10\/58faeeb6ec65c9152e1fd13c259bbc37.png 375w\" sizes=\"(max-width: 333px) 100vw, 333px\" \/>\u00a0 \u00a0 \u00a0 \u00a0 \u00a0 \u00a0 \u00a0 \u00a0 \u00a0 \u00a0 \u00a0 \u00a0 \u00a0 \u00a0 \u00a0 \u00a0 \u00a0\u00a0 <img decoding=\"async\" class=\"alignnone size-medium wp-image-4107\" src=\"https:\/\/www.tairuiauto.com\/wp-content\/uploads\/2025\/10\/bdc6faa38a5c0214a74887c15c7572e9-300x244.png\" alt=\"\" width=\"300\" height=\"244\" srcset=\"https:\/\/www.tairuiauto.com\/wp-content\/uploads\/2025\/10\/bdc6faa38a5c0214a74887c15c7572e9-300x244.png 300w, https:\/\/www.tairuiauto.com\/wp-content\/uploads\/2025\/10\/bdc6faa38a5c0214a74887c15c7572e9-15x12.png 15w, https:\/\/www.tairuiauto.com\/wp-content\/uploads\/2025\/10\/bdc6faa38a5c0214a74887c15c7572e9.png 309w\" sizes=\"(max-width: 300px) 100vw, 300px\" \/><\/p>\n<hr data-start=\"4294\" data-end=\"4297\" \/>\n<h2 data-start=\"2562\" data-end=\"2587\">Par\u00e1metros t\u00e9cnicos<\/h2>\n<ul data-start=\"2588\" data-end=\"2817\">\n<li data-start=\"2588\" data-end=\"2608\">\n<p data-start=\"2590\" data-end=\"2608\">Voltaje: 60V\/72V<\/p>\n<\/li>\n<li data-start=\"2609\" data-end=\"2631\">\n<p data-start=\"2611\" data-end=\"2631\">Potencia del motor: 1500W<\/p>\n<\/li>\n<li data-start=\"2632\" data-end=\"2674\">\n<p data-start=\"2634\" data-end=\"2674\">Controlador: controlador digital de 24 tubos<\/p>\n<\/li>\n<li data-start=\"2675\" data-end=\"2728\">\n<p data-start=\"2677\" data-end=\"2728\">Capacidad de carga: Optimizado para log\u00edstica ligera<\/p>\n<\/li>\n<li data-start=\"2729\" data-end=\"2780\">\n<p data-start=\"2731\" data-end=\"2780\">Resistencia: Rango de transporte urbano diario est\u00e1ndar<\/p>\n<\/li>\n<li data-start=\"2781\" data-end=\"2817\">\n<p data-start=\"2783\" data-end=\"2817\">Tiempo de carga: Aprox. 6-8 horas<\/p>\n<\/li>\n<\/ul>\n<hr data-start=\"4294\" data-end=\"4297\" \/>\n<h2 data-start=\"2819\" data-end=\"2832\">Material<\/h2>\n<ul data-start=\"2833\" data-end=\"2968\">\n<li data-start=\"2833\" data-end=\"2887\">\n<p data-start=\"2835\" data-end=\"2887\">Trabajo pesado <strong data-start=\"2846\" data-end=\"2861\">marco de acero<\/strong> para una mayor durabilidad<\/p>\n<\/li>\n<li data-start=\"2888\" data-end=\"2968\">\n<p data-start=\"2890\" data-end=\"2968\">Reforzado <strong data-start=\"2901\" data-end=\"2915\">llantas de aleaci\u00f3n<\/strong> y neum\u00e1ticos de goma para un alto rendimiento de carga<\/p>\n<\/li>\n<\/ul>\n<hr data-start=\"4294\" data-end=\"4297\" \/>\n<h2 data-start=\"2970\" data-end=\"2985\">Apariencia<\/h2>\n<ul data-start=\"2986\" data-end=\"3131\">\n<li data-start=\"2986\" data-end=\"3024\">\n<p data-start=\"2988\" data-end=\"3024\">Dise\u00f1o exterior moderno y compacto<\/p>\n<\/li>\n<li data-start=\"3025\" data-end=\"3076\">\n<p data-start=\"3027\" data-end=\"3076\">Color de cuerpo azul elegante con opciones personalizables<\/p>\n<\/li>\n<li data-start=\"3077\" data-end=\"3131\">\n<p data-start=\"3079\" data-end=\"3131\">Frente aerodin\u00e1mico con sistema de faros funcionales<\/p>\n<\/li>\n<\/ul>\n<hr data-start=\"4294\" data-end=\"4297\" \/>\n<h2 data-start=\"3133\" data-end=\"3144\">Dise\u00f1o<\/h2>\n<ul data-start=\"3145\" data-end=\"3297\">\n<li data-start=\"3145\" data-end=\"3206\">\n<p data-start=\"3147\" data-end=\"3206\">Centrado en <strong data-start=\"3158\" data-end=\"3176\">comodidad del conductor<\/strong> con control del volante<\/p>\n<\/li>\n<li data-start=\"3207\" data-end=\"3253\">\n<p data-start=\"3209\" data-end=\"3253\">Tama\u00f1o compacto para <strong data-start=\"3226\" data-end=\"3251\">Maniobrabilidad urbana<\/strong><\/p>\n<\/li>\n<li data-start=\"3254\" data-end=\"3297\">\n<p data-start=\"3256\" data-end=\"3297\">Painel de control simplificado para una operaci\u00f3n sencilla<\/p>\n<\/li>\n<\/ul>\n<hr data-start=\"4294\" data-end=\"4297\" \/>\n<h2 data-start=\"3299\" data-end=\"3321\">Personalizaci\u00f3n OEM<\/h2>\n<ul data-start=\"3322\" data-end=\"3446\">\n<li data-start=\"3322\" data-end=\"3370\">\n<p data-start=\"3324\" data-end=\"3370\">Colores personalizados y opciones de marca disponibles<\/p>\n<\/li>\n<li data-start=\"3371\" data-end=\"3446\">\n<p data-start=\"3373\" data-end=\"3446\">Tama\u00f1os y configuraciones de cajas de carga adaptados a las necesidades espec\u00edficas del negocio<\/p>\n<\/li>\n<\/ul>\n<hr data-start=\"4294\" data-end=\"4297\" \/>\n<h2 data-start=\"3448\" data-end=\"3468\">Control de calidad<\/h2>\n<ul data-start=\"3469\" data-end=\"3603\">\n<li data-start=\"3469\" data-end=\"3527\">\n<p data-start=\"3471\" data-end=\"3527\">Fabricado bajo estrictas normas de inspecci\u00f3n de calidad<\/p>\n<\/li>\n<li data-start=\"3528\" data-end=\"3603\">\n<p data-start=\"3530\" data-end=\"3603\">Cada veh\u00edculo se somete a pruebas de motor, freno y seguridad antes del env\u00edo.<\/p>\n<\/li>\n<\/ul>\n<hr data-start=\"4294\" data-end=\"4297\" \/>\n<h2 data-start=\"3605\" data-end=\"3629\">Servicio posventa<\/h2>\n<ul data-start=\"3630\" data-end=\"3751\">\n<li data-start=\"3630\" data-end=\"3664\">\n<p data-start=\"3632\" data-end=\"3664\">Soporte t\u00e9cnico profesional<\/p>\n<\/li>\n<li data-start=\"3665\" data-end=\"3703\">\n<p data-start=\"3667\" data-end=\"3703\">Cadena de suministro de piezas de repuesto disponible<\/p>\n<\/li>\n<li data-start=\"3704\" data-end=\"3751\">\n<p data-start=\"3706\" data-end=\"3751\">Soluci\u00f3n de problemas en l\u00ednea y orientaci\u00f3n de servicio<\/p>\n<\/li>\n<\/ul>\n<hr data-start=\"4294\" data-end=\"4297\" \/>\n<h2 data-start=\"3753\" data-end=\"3776\">Campos de aplicaci\u00f3n<\/h2>\n<ul data-start=\"3777\" data-end=\"3927\">\n<li data-start=\"3777\" data-end=\"3802\">\n<p data-start=\"3779\" data-end=\"3802\">Flotas de entrega urbanas<\/p>\n<\/li>\n<li data-start=\"3803\" data-end=\"3842\">\n<p data-start=\"3805\" data-end=\"3842\">Supermercado y distribuci\u00f3n al por menor<\/p>\n<\/li>\n<li data-start=\"3843\" data-end=\"3883\">\n<p data-start=\"3845\" data-end=\"3883\">Transporte de materiales en el sitio de construcci\u00f3n<\/p>\n<\/li>\n<li data-start=\"3884\" data-end=\"3927\">\n<p data-start=\"3886\" data-end=\"3927\">Servicios municipales y log\u00edstica del campus<\/p>\n<\/li>\n<\/ul>\n<hr data-start=\"4294\" data-end=\"4297\" \/>\n<h2 data-start=\"3929\" data-end=\"3948\">M\u00e9todo de pago<\/h2>\n<ul data-start=\"3949\" data-end=\"4027\">\n<li data-start=\"3949\" data-end=\"4027\">\n<p data-start=\"3951\" data-end=\"4027\">T \/ T, L \/ C y otras opciones flexibles de pago del comercio internacional disponibles<\/p>\n<\/li>\n<\/ul>\n<hr data-start=\"4294\" data-end=\"4297\" \/>\n<h2 data-start=\"4029\" data-end=\"4037\">Preguntas frecuentes<\/h2>\n<p data-start=\"4038\" data-end=\"4170\"><strong data-start=\"4038\" data-end=\"4096\">Q1: \u00bfCu\u00e1l es la velocidad m\u00e1xima de la camioneta pickup de cuatro ruedas?<\/strong><br data-start=\"4096\" data-end=\"4099\" \/>A1: El veh\u00edculo puede alcanzar hasta 45 km\/h, adecuado para el transporte urbano.<\/p>\n<p data-start=\"4172\" data-end=\"4276\"><strong data-start=\"4172\" data-end=\"4224\">Q2: \u00bfCu\u00e1nto tiempo tarda en cargar la bater\u00eda?<\/strong><br data-start=\"4224\" data-end=\"4227\" \/>A2: La carga generalmente dura entre 6 y 8 horas.<\/p>\n<p data-start=\"4278\" data-end=\"4438\"><strong data-start=\"4278\" data-end=\"4344\">Q3: \u00bfCu\u00e1l es la aplicaci\u00f3n principal de este cami\u00f3n de carga el\u00e9ctrico?<\/strong><br data-start=\"4344\" data-end=\"4347\" \/>A3: Se utiliza ampliamente en log\u00edstica urbana, entrega de supermercados y transporte ligero.<\/p>\n<p data-start=\"4440\" data-end=\"4581\"><strong data-start=\"4440\" data-end=\"4498\">Q4: \u00bfSe puede personalizar el cami\u00f3n con la marca de la empresa?<\/strong><br data-start=\"4498\" data-end=\"4501\" \/>A4: S\u00ed, la personalizaci\u00f3n del OEM est\u00e1 disponible para el color, el logotipo y el dise\u00f1o de la caja de carga.<\/p>\n<p data-start=\"4583\" data-end=\"4786\"><strong data-start=\"4583\" data-end=\"4644\">P5: \u00bfC\u00f3mo difiere esto de una camioneta tradicional?<\/strong><br data-start=\"4644\" data-end=\"4647\" \/>A5: A diferencia de las recogidas de gasolina, esta <strong data-start=\"4681\" data-end=\"4704\">mini cami\u00f3n el\u00e9ctrico<\/strong> opera con cero emisiones, menor mantenimiento y costos operativos reducidos.<\/p>\n<hr data-start=\"4294\" data-end=\"4297\" \/>\n<h3 data-start=\"4299\" data-end=\"4308\"><\/h3>","protected":false},"excerpt":{"rendered":"<p>El <strong data-start=\"289\" data-end=\"309\">Cami\u00f3n Pickup de cuatro ruedas<\/strong> es compacto y eficiente <strong data-start=\"337\" data-end=\"363\">veh\u00edculo de carga el\u00e9ctrico<\/strong> dise\u00f1ado para log\u00edstica urbana, entrega a corta distancia y uso industrial ligero. Alimentado por un motor de 60V\/72V de 1500W y soportado por un robusto controlador de 24 tubos, este <strong data-start=\"529\" data-end=\"553\">cami\u00f3n el\u00e9ctrico ligero<\/strong> combina un fuerte rendimiento con una operaci\u00f3n ecol\u00f3gica. Con una velocidad m\u00e1xima de 45 km\/h y un eje trasero flotante duradero, garantiza un transporte sin problemas al tiempo que reduce las emisiones de carbono. Este modelo es adecuado para empresas que buscan modernizar sus flotas de entrega con soluciones sostenibles y rentables.<\/p>","protected":false},"featured_media":4108,"comment_status":"open","ping_status":"closed","template":"","meta":[],"product_brand":[],"product_cat":[77],"product_tag":[],"class_list":{"0":"post-4103","1":"product","2":"type-product","3":"status-publish","4":"has-post-thumbnail","6":"product_cat-electric-micro-vehicle","8":"first","9":"instock","10":"shipping-taxable","11":"product-type-simple"},"_links":{"self":[{"href":"https:\/\/www.tairuiauto.com\/es\/wp-json\/wp\/v2\/product\/4103","targetHints":{"allow":["GET"]}}],"collection":[{"href":"https:\/\/www.tairuiauto.com\/es\/wp-json\/wp\/v2\/product"}],"about":[{"href":"https:\/\/www.tairuiauto.com\/es\/wp-json\/wp\/v2\/types\/product"}],"replies":[{"embeddable":true,"href":"https:\/\/www.tairuiauto.com\/es\/wp-json\/wp\/v2\/comments?post=4103"}],"wp:featuredmedia":[{"embeddable":true,"href":"https:\/\/www.tairuiauto.com\/es\/wp-json\/wp\/v2\/media\/4108"}],"wp:attachment":[{"href":"https:\/\/www.tairuiauto.com\/es\/wp-json\/wp\/v2\/media?parent=4103"}],"wp:term":[{"taxonomy":"product_brand","embeddable":true,"href":"https:\/\/www.tairuiauto.com\/es\/wp-json\/wp\/v2\/product_brand?post=4103"},{"taxonomy":"product_cat","embeddable":true,"href":"https:\/\/www.tairuiauto.com\/es\/wp-json\/wp\/v2\/product_cat?post=4103"},{"taxonomy":"product_tag","embeddable":true,"href":"https:\/\/www.tairuiauto.com\/es\/wp-json\/wp\/v2\/product_tag?post=4103"}],"curies":[{"name":"WP","href":"https:\/\/api.w.org\/{rel}","templated":true}]}}