{"id":4113,"date":"2025-10-30T10:15:55","date_gmt":"2025-10-30T02:15:55","guid":{"rendered":"https:\/\/www.tairuiauto.com\/?post_type=product&#038;p=4113"},"modified":"2025-10-23T09:32:54","modified_gmt":"2025-10-23T01:32:54","slug":"4-doors-electric-city-car","status":"publish","type":"product","link":"https:\/\/www.tairuiauto.com\/es\/product\/4-doors-electric-city-car\/","title":{"rendered":"4 Puertas coche el\u00e9ctrico de la ciudad"},"content":{"rendered":"<h2 data-start=\"259\" data-end=\"283\">Descripci\u00f3n del producto<\/h2>\n<p data-start=\"284\" data-end=\"741\">El <strong data-start=\"607\" data-end=\"643\">4 Puertas coche el\u00e9ctrico de la ciudad <\/strong>es ideal para los desplazamientos diarios, uso familiar y transporte de corta distancia en ciudades y pueblos.<\/p>\n<table style=\"border-collapse: collapse; width: 66.0223%; height: 559px;\" border=\"0\" width=\"715\" cellspacing=\"0\" cellpadding=\"0\">\n<tbody>\n<tr style=\"height: 20.00pt;\">\n<td class=\"et4\" style=\"height: 20pt; width: 39.6529%;\" width=\"311\" height=\"33\">modelo<\/td>\n<td class=\"et4\" style=\"width: 60.0801%;\" width=\"404\">4 Puertas coche el\u00e9ctrico de la ciudad<\/td>\n<\/tr>\n<tr style=\"height: 20.00pt;\">\n<td class=\"et5\" style=\"height: 20pt; width: 39.6529%;\" width=\"311\" height=\"33\">Voltaje<\/td>\n<td class=\"et5\" style=\"width: 60.0801%;\" width=\"404\">60 V<\/td>\n<\/tr>\n<tr style=\"height: 20.00pt;\">\n<td class=\"et5\" style=\"height: 20pt; width: 39.6529%;\" width=\"311\" height=\"33\">Potencia<\/td>\n<td class=\"et5\" style=\"width: 60.0801%;\" width=\"404\">&gt; 800W<\/td>\n<\/tr>\n<tr style=\"height: 20.00pt;\">\n<td class=\"et5\" style=\"height: 20pt; width: 39.6529%;\" width=\"311\" height=\"33\">Certificaci\u00f3n<\/td>\n<td class=\"et5\" style=\"width: 60.0801%;\" width=\"404\">CCC, CEE, CE<\/td>\n<\/tr>\n<tr style=\"height: 20.00pt;\">\n<td class=\"et5\" style=\"height: 20pt; width: 39.6529%;\" width=\"311\" height=\"33\">Tipo de cuerpo<\/td>\n<td class=\"et5\" style=\"width: 60.0801%;\" width=\"404\">Cerrado<\/td>\n<\/tr>\n<tr style=\"height: 20.00pt;\">\n<td class=\"et5\" style=\"height: 20pt; width: 39.6529%;\" width=\"311\" height=\"33\">Elecci\u00f3n de color<\/td>\n<td class=\"et5\" style=\"width: 60.0801%;\" width=\"404\">Personalizado<\/td>\n<\/tr>\n<tr style=\"height: 20.00pt;\">\n<td class=\"et5\" style=\"height: 20pt; width: 39.6529%;\" width=\"311\" height=\"33\">Velocidad m\u00e1xima Km\/H<\/td>\n<td class=\"et5\" style=\"width: 60.0801%;\" width=\"404\">30-40 km\/h<\/td>\n<\/tr>\n<tr style=\"height: 20.00pt;\">\n<td class=\"et5\" style=\"height: 20pt; width: 39.6529%;\" width=\"311\" height=\"33\">motor<\/td>\n<td class=\"et5\" style=\"width: 60.0801%;\" width=\"404\">48\/60V 800W<\/td>\n<\/tr>\n<tr style=\"height: 20.00pt;\">\n<td class=\"et5\" style=\"height: 20pt; width: 39.6529%;\" width=\"311\" height=\"33\">Tipo de freno<\/td>\n<td class=\"et5\" style=\"width: 60.0801%;\" width=\"404\">Disco trasero<\/td>\n<\/tr>\n<tr style=\"height: 20.00pt;\">\n<td class=\"et5\" style=\"height: 20pt; width: 39.6529%;\" width=\"311\" height=\"33\">Paquete de transporte<\/td>\n<td class=\"et5\" style=\"width: 60.0801%;\" width=\"404\">Envoltura de espuma<\/td>\n<\/tr>\n<tr style=\"height: 20.00pt;\">\n<td class=\"et5\" style=\"height: 20pt; width: 39.6529%;\" width=\"311\" height=\"33\">Origen<\/td>\n<td class=\"et5\" style=\"width: 60.0801%;\" width=\"404\">China<\/td>\n<\/tr>\n<tr style=\"height: 20.00pt;\">\n<td class=\"et5\" style=\"height: 20pt; width: 39.6529%;\" width=\"311\" height=\"33\">Especificaci\u00f3n<\/td>\n<td class=\"et5\" style=\"width: 60.0801%;\" width=\"404\">2600 * 1300 * 1650mm<\/td>\n<\/tr>\n<tr style=\"height: 20.00pt;\">\n<td class=\"et5\" style=\"height: 20pt; width: 39.6529%;\" width=\"311\" height=\"33\">C\u00f3digo HS<\/td>\n<td class=\"et5\" style=\"width: 60.0801%;\" width=\"404\">8703800090<\/td>\n<\/tr>\n<tr style=\"height: 20.00pt;\">\n<td class=\"et5\" style=\"height: 20pt; width: 39.6529%;\" width=\"311\" height=\"33\">Capacidad de producci\u00f3n<\/td>\n<td class=\"et5\" style=\"width: 60.0801%;\" width=\"404\">300000 unidades\/a\u00f1o<\/td>\n<\/tr>\n<tr style=\"height: 20.00pt;\">\n<td class=\"et5\" style=\"height: 20pt; width: 39.6529%;\" width=\"311\" height=\"33\">Modo de frenado<\/td>\n<td class=\"et5\" style=\"width: 60.0801%;\" width=\"404\">Tambor delantero Tambor trasero<\/td>\n<\/tr>\n<tr style=\"height: 20.00pt;\">\n<td class=\"et5\" style=\"height: 20pt; width: 39.6529%;\" width=\"311\" height=\"33\">Deslizamiento m\u00ednimo al suelo<\/td>\n<td class=\"et5\" style=\"width: 60.0801%;\" width=\"404\">135<\/td>\n<\/tr>\n<tr style=\"height: 20.00pt;\">\n<td class=\"et5\" style=\"height: 20pt; width: 39.6529%;\" width=\"311\" height=\"33\">Capacidad de producci\u00f3n<\/td>\n<td class=\"et5\" style=\"width: 60.0801%;\" width=\"404\">100000set\/a\u00f1o<\/td>\n<\/tr>\n<tr style=\"height: 20.00pt;\">\n<td class=\"et5\" style=\"height: 20pt; width: 39.6529%;\" width=\"311\" height=\"33\">Tama\u00f1o del paquete<\/td>\n<td class=\"et5\" style=\"width: 60.0801%;\" width=\"404\">320 cm * 120 cm * 140 cm<\/td>\n<\/tr>\n<tr style=\"height: 20.00pt;\">\n<td class=\"et5\" style=\"height: 20pt; width: 39.6529%;\" width=\"311\" height=\"33\">Peso Bruto del Paquete<\/td>\n<td class=\"et5\" style=\"width: 60.0801%;\" width=\"404\">260kg<\/td>\n<\/tr>\n<\/tbody>\n<\/table>\n<hr data-start=\"4379\" data-end=\"4382\" \/>\n<h2 data-start=\"743\" data-end=\"766\">Puntos clave de venta<\/h2>\n<ol data-start=\"767\" data-end=\"1337\">\n<li data-start=\"767\" data-end=\"930\">\n<p data-start=\"770\" data-end=\"930\"><strong data-start=\"770\" data-end=\"794\">Compacto pero amplio<\/strong> \u2013 La cabina de cuatro puertas proporciona comodidad y seguridad, haciendo que el <strong data-start=\"865\" data-end=\"883\">4 Puertas coche el\u00e9ctrico de la ciudad<\/strong> Adecuado para el transporte familiar y de pasajeros.<\/p>\n<\/li>\n<li data-start=\"931\" data-end=\"1068\">\n<p data-start=\"934\" data-end=\"1068\"><strong data-start=\"934\" data-end=\"966\">Transporte Urbano Ecol\u00f3gico<\/strong> Con cero emisiones, esto <strong data-start=\"995\" data-end=\"1016\">mini coche el\u00e9ctrico<\/strong> Reduce la contaminaci\u00f3n al tiempo que reduce los costos operativos.<\/p>\n<\/li>\n<li data-start=\"1069\" data-end=\"1211\">\n<p data-start=\"1072\" data-end=\"1211\"><strong data-start=\"1072\" data-end=\"1106\">Certificado de calidad &amp; Seguridad<\/strong> \u2013 Completamente conforme con <strong data-start=\"1130\" data-end=\"1165\">Certificaciones CCC, CEE y CE<\/strong>garantizar la fiabilidad y la preparaci\u00f3n para la exportaci\u00f3n.<\/p>\n<\/li>\n<li data-start=\"1212\" data-end=\"1337\">\n<p data-start=\"1215\" data-end=\"1337\"><strong data-start=\"1215\" data-end=\"1242\">Velocidad pr\u00e1ctica &amp; Rango<\/strong> \u2013 Capaz de alcanzar 30-40 km\/h con un rango de 50 km por carga, perfecto para viajes urbanos.<\/p>\n<\/li>\n<\/ol>\n<hr data-start=\"4379\" data-end=\"4382\" \/>\n<h2 data-start=\"1339\" data-end=\"1370\">Ventajas de diferenciaci\u00f3n<\/h2>\n<ol data-start=\"1371\" data-end=\"1937\">\n<li data-start=\"1371\" data-end=\"1556\">\n<p data-start=\"1374\" data-end=\"1556\"><strong data-start=\"1374\" data-end=\"1413\">Alternativa m\u00e1s segura a los triciclos abiertos<\/strong> \u2013 A diferencia de los e-trikes est\u00e1ndar, el <strong data-start=\"1446\" data-end=\"1464\">4 Puertas coche el\u00e9ctrico de la ciudad<\/strong> Cuenta con un cuerpo cerrado con cuatro puertas, garantizando la protecci\u00f3n contra el clima y la seguridad de los pasajeros.<\/p>\n<\/li>\n<li data-start=\"1557\" data-end=\"1680\">\n<p data-start=\"1560\" data-end=\"1680\"><strong data-start=\"1560\" data-end=\"1584\">Uso multifuncional<\/strong> Adecuado como a <strong data-start=\"1601\" data-end=\"1628\">veh\u00edculo el\u00e9ctrico familiar<\/strong>transporte comunitario, o coche de entrega del barrio.<\/p>\n<\/li>\n<li data-start=\"1681\" data-end=\"1804\">\n<p data-start=\"1684\" data-end=\"1804\"><strong data-start=\"1684\" data-end=\"1711\">Apariencia personalizable<\/strong> \u2013 Disponible en diferentes colores y opciones de marca para satisfacer necesidades comerciales o personales.<\/p>\n<\/li>\n<li data-start=\"1805\" data-end=\"1937\">\n<p data-start=\"1808\" data-end=\"1937\"><strong data-start=\"1808\" data-end=\"1836\">Alta capacidad de producci\u00f3n<\/strong> \u2013 Con hasta <strong data-start=\"1850\" data-end=\"1872\">300.000 unidades\/a\u00f1o<\/strong>, el suministro es estable para pedidos a granel y personalizaci\u00f3n de flota.<\/p>\n<\/li>\n<\/ol>\n<p><img fetchpriority=\"high\" decoding=\"async\" class=\"wp-image-4118 aligncenter\" src=\"https:\/\/www.tairuiauto.com\/wp-content\/uploads\/2025\/10\/38e07943-3c21-4bbf-bb2e-f8bbbfdd6cae-150x300.webp\" alt=\"\" width=\"222\" height=\"444\" srcset=\"https:\/\/www.tairuiauto.com\/wp-content\/uploads\/2025\/10\/38e07943-3c21-4bbf-bb2e-f8bbbfdd6cae-150x300.webp 150w, https:\/\/www.tairuiauto.com\/wp-content\/uploads\/2025\/10\/38e07943-3c21-4bbf-bb2e-f8bbbfdd6cae-512x1024.webp 512w, https:\/\/www.tairuiauto.com\/wp-content\/uploads\/2025\/10\/38e07943-3c21-4bbf-bb2e-f8bbbfdd6cae-768x1536.webp 768w, https:\/\/www.tairuiauto.com\/wp-content\/uploads\/2025\/10\/38e07943-3c21-4bbf-bb2e-f8bbbfdd6cae-1024x2048.webp 1024w, https:\/\/www.tairuiauto.com\/wp-content\/uploads\/2025\/10\/38e07943-3c21-4bbf-bb2e-f8bbbfdd6cae-6x12.webp 6w, https:\/\/www.tairuiauto.com\/wp-content\/uploads\/2025\/10\/38e07943-3c21-4bbf-bb2e-f8bbbfdd6cae-600x1200.webp 600w, https:\/\/www.tairuiauto.com\/wp-content\/uploads\/2025\/10\/38e07943-3c21-4bbf-bb2e-f8bbbfdd6cae.webp 1060w\" sizes=\"(max-width: 222px) 100vw, 222px\" \/><\/p>\n<hr data-start=\"4379\" data-end=\"4382\" \/>\n<h2 data-start=\"2372\" data-end=\"2397\">Par\u00e1metros t\u00e9cnicos<\/h2>\n<ul data-start=\"2398\" data-end=\"2554\">\n<li data-start=\"2398\" data-end=\"2425\">\n<p data-start=\"2400\" data-end=\"2425\">Alcance por carga: 50 km<\/p>\n<\/li>\n<li data-start=\"2426\" data-end=\"2468\">\n<p data-start=\"2428\" data-end=\"2468\">Sistema de frenado: Tambor delantero disco trasero<\/p>\n<\/li>\n<li data-start=\"2469\" data-end=\"2497\">\n<p data-start=\"2471\" data-end=\"2497\">Distancia desde el suelo: 135 mm<\/p>\n<\/li>\n<li data-start=\"2498\" data-end=\"2521\">\n<p data-start=\"2500\" data-end=\"2521\">HS Code: 8703800090<\/p>\n<\/li>\n<li data-start=\"2522\" data-end=\"2554\">\n<p data-start=\"2524\" data-end=\"2554\">Paquete de transporte: Envoltura de espuma<\/p>\n<\/li>\n<\/ul>\n<hr data-start=\"4379\" data-end=\"4382\" \/>\n<h2 data-start=\"2556\" data-end=\"2569\">Material<\/h2>\n<ul data-start=\"2570\" data-end=\"2694\">\n<li data-start=\"2570\" data-end=\"2612\">\n<p data-start=\"2572\" data-end=\"2612\">Robusto <strong data-start=\"2579\" data-end=\"2599\">marco de cuerpo de acero<\/strong> para la seguridad<\/p>\n<\/li>\n<li data-start=\"2613\" data-end=\"2645\">\n<p data-start=\"2615\" data-end=\"2645\">Reforzado <strong data-start=\"2626\" data-end=\"2643\">ventanas de vidrio<\/strong><\/p>\n<\/li>\n<li data-start=\"2646\" data-end=\"2694\">\n<p data-start=\"2648\" data-end=\"2694\">Durable <strong data-start=\"2656\" data-end=\"2672\">neum\u00e1ticos de goma<\/strong> para un manejo suave<\/p>\n<\/li>\n<\/ul>\n<hr data-start=\"4379\" data-end=\"4382\" \/>\n<h2 data-start=\"2696\" data-end=\"2711\">Apariencia<\/h2>\n<ul data-start=\"2712\" data-end=\"2839\">\n<li data-start=\"2712\" data-end=\"2776\">\n<p data-start=\"2714\" data-end=\"2776\">Estilo moderno compacto con un <strong data-start=\"2744\" data-end=\"2774\">dise\u00f1o hatchback de cuatro puertas<\/strong><\/p>\n<\/li>\n<li data-start=\"2777\" data-end=\"2839\">\n<p data-start=\"2779\" data-end=\"2839\">Cuerpo simplificado con bordes lisos y aspecto urbano<\/p>\n<\/li>\n<\/ul>\n<hr data-start=\"4379\" data-end=\"4382\" \/>\n<h2 data-start=\"2841\" data-end=\"2852\">Dise\u00f1o<\/h2>\n<ul data-start=\"2853\" data-end=\"3017\">\n<li data-start=\"2853\" data-end=\"2902\">\n<p data-start=\"2855\" data-end=\"2902\">Dise\u00f1ado como a <strong data-start=\"2869\" data-end=\"2900\">mini coche el\u00e9ctrico de pasajeros<\/strong><\/p>\n<\/li>\n<li data-start=\"2903\" data-end=\"2957\">\n<p data-start=\"2905\" data-end=\"2957\">Confortable asiento para 3-4 pasajeros<\/p>\n<\/li>\n<li data-start=\"2958\" data-end=\"3017\">\n<p data-start=\"2960\" data-end=\"3017\">El cuerpo cerrado garantiza protecci\u00f3n contra la lluvia, el viento y el sol<\/p>\n<\/li>\n<\/ul>\n<hr data-start=\"4379\" data-end=\"4382\" \/>\n<h2 data-start=\"3019\" data-end=\"3041\">Personalizaci\u00f3n OEM<\/h2>\n<ul data-start=\"3042\" data-end=\"3159\">\n<li data-start=\"3042\" data-end=\"3075\">\n<p data-start=\"3044\" data-end=\"3075\">Marca personalizada para uso de flota<\/p>\n<\/li>\n<li data-start=\"3076\" data-end=\"3115\">\n<p data-start=\"3078\" data-end=\"3115\">Opciones personalizadas de color y logotipo<\/p>\n<\/li>\n<li data-start=\"3116\" data-end=\"3159\">\n<p data-start=\"3118\" data-end=\"3159\">Actualizaciones configurables de bater\u00eda y motor<\/p>\n<\/li>\n<\/ul>\n<hr data-start=\"4379\" data-end=\"4382\" \/>\n<h2 data-start=\"3161\" data-end=\"3181\">Control de calidad<\/h2>\n<ul data-start=\"3182\" data-end=\"3331\">\n<li data-start=\"3182\" data-end=\"3229\">\n<p data-start=\"3184\" data-end=\"3229\">100% prueba de rendimiento del motor antes del env\u00edo<\/p>\n<\/li>\n<li data-start=\"3230\" data-end=\"3270\">\n<p data-start=\"3232\" data-end=\"3270\">Controles de frenos y seguridad en cada unidad<\/p>\n<\/li>\n<li data-start=\"3271\" data-end=\"3331\">\n<p data-start=\"3273\" data-end=\"3331\">Cumplimiento certificado con las normas internacionales de exportaci\u00f3n<\/p>\n<\/li>\n<\/ul>\n<hr data-start=\"4379\" data-end=\"4382\" \/>\n<h2 data-start=\"3333\" data-end=\"3357\">Servicio posventa<\/h2>\n<ul data-start=\"3358\" data-end=\"3475\">\n<li data-start=\"3358\" data-end=\"3405\">\n<p data-start=\"3360\" data-end=\"3405\">Garant\u00eda disponible para motor y controlador<\/p>\n<\/li>\n<li data-start=\"3406\" data-end=\"3434\">\n<p data-start=\"3408\" data-end=\"3434\">Soporte t\u00e9cnico en l\u00ednea<\/p>\n<\/li>\n<li data-start=\"3435\" data-end=\"3475\">\n<p data-start=\"3437\" data-end=\"3475\">Suministro de piezas de repuesto para uso a largo plazo<\/p>\n<\/li>\n<\/ul>\n<hr data-start=\"4379\" data-end=\"4382\" \/>\n<h2 data-start=\"3477\" data-end=\"3500\">Campos de aplicaci\u00f3n<\/h2>\n<ul data-start=\"3501\" data-end=\"3637\">\n<li data-start=\"3501\" data-end=\"3521\">\n<p data-start=\"3503\" data-end=\"3521\">Viajes familiares<\/p>\n<\/li>\n<li data-start=\"3522\" data-end=\"3556\">\n<p data-start=\"3524\" data-end=\"3556\">Transporte escolar y comunitario<\/p>\n<\/li>\n<li data-start=\"3557\" data-end=\"3591\">\n<p data-start=\"3559\" data-end=\"3591\">Transporte tur\u00edstico y uso del resort<\/p>\n<\/li>\n<li data-start=\"3592\" data-end=\"3637\">\n<p data-start=\"3594\" data-end=\"3637\">Veh\u00edculo de entrega y servicio en el barrio<\/p>\n<\/li>\n<\/ul>\n<hr data-start=\"4379\" data-end=\"4382\" \/>\n<h2 data-start=\"3639\" data-end=\"3658\">M\u00e9todo de pago<\/h2>\n<ul data-start=\"3659\" data-end=\"3721\">\n<li data-start=\"3659\" data-end=\"3721\">\n<p data-start=\"3661\" data-end=\"3721\">Acepta T \/ T, L \/ C y opciones de pago internacionales seguras<\/p>\n<\/li>\n<\/ul>\n<hr data-start=\"4379\" data-end=\"4382\" \/>\n<h2 data-start=\"3723\" data-end=\"3731\">Preguntas frecuentes<\/h2>\n<p data-start=\"3732\" data-end=\"3860\"><strong data-start=\"3732\" data-end=\"3788\">Q1: \u00bfCu\u00e1l es la velocidad m\u00e1xima del coche el\u00e9ctrico de la ciudad de 4 puertas?<\/strong><br data-start=\"3788\" data-end=\"3791\" \/>A1: Puede alcanzar hasta 40 km\/h, ideal para viajes urbanos y suburbanos.<\/p>\n<p data-start=\"3862\" data-end=\"3994\"><strong data-start=\"3862\" data-end=\"3912\">Q2: \u00bfCu\u00e1ntos pasajeros puede transportar el veh\u00edculo?<\/strong><br data-start=\"3912\" data-end=\"3915\" \/>A2: El <strong data-start=\"3923\" data-end=\"3954\">triciclo el\u00e9ctrico de pasajeros<\/strong> Puede transportar 3-4 pasajeros c\u00f3modamente.<\/p>\n<p data-start=\"3996\" data-end=\"4135\"><strong data-start=\"3996\" data-end=\"4056\">Q3: \u00bfEste modelo viene con certificaciones para la exportaci\u00f3n?<\/strong><br data-start=\"4056\" data-end=\"4059\" \/>A3: S\u00ed, tiene <strong data-start=\"4075\" data-end=\"4110\">Certificaciones CCC, CEE y CE<\/strong> para el cumplimiento global.<\/p>\n<p data-start=\"4137\" data-end=\"4276\"><strong data-start=\"4137\" data-end=\"4184\">Q4: \u00bfPuedo personalizar el color y la marca?<\/strong><br data-start=\"4184\" data-end=\"4187\" \/>A4: S\u00ed, la personalizaci\u00f3n del OEM est\u00e1 disponible para colores, logotipos e incluso requisitos de flota.<\/p>\n<p data-start=\"4278\" data-end=\"4377\"><strong data-start=\"4278\" data-end=\"4319\">Q5: \u00bfCu\u00e1l es la resistencia por carga?<\/strong><br data-start=\"4319\" data-end=\"4322\" \/>A5: El veh\u00edculo puede recorrer hasta 50 km con carga completa.<\/p>\n<hr data-start=\"4379\" data-end=\"4382\" \/>\n<p data-start=\"4384\" data-end=\"4557\">","protected":false},"excerpt":{"rendered":"<p>El <strong data-start=\"288\" data-end=\"306\">4 Puertas coche el\u00e9ctrico de la ciudad<\/strong> Es una vers\u00e1til <strong data-start=\"322\" data-end=\"353\">triciclo el\u00e9ctrico de pasajeros<\/strong> dise\u00f1ado para una movilidad urbana segura, c\u00f3moda y ecol\u00f3gica. Con un elegante dise\u00f1o de carrocer\u00eda cerrada de cuatro puertas, este modelo cubre la brecha entre un coche el\u00e9ctrico compacto y un triciclo tradicional. Alimentado por un motor de 800W con opciones de voltaje de 48V\/60V, el <strong data-start=\"607\" data-end=\"643\">4 Puertas ciudad el\u00e9ctrica<\/strong>\u00a0es ideal para los desplazamientos diarios, uso familiar y transporte de corta distancia en ciudades y pueblos.<\/p>","protected":false},"featured_media":4114,"comment_status":"open","ping_status":"closed","template":"","meta":[],"product_brand":[],"product_cat":[77],"product_tag":[],"class_list":{"0":"post-4113","1":"product","2":"type-product","3":"status-publish","4":"has-post-thumbnail","6":"product_cat-electric-micro-vehicle","8":"first","9":"instock","10":"shipping-taxable","11":"product-type-simple"},"_links":{"self":[{"href":"https:\/\/www.tairuiauto.com\/es\/wp-json\/wp\/v2\/product\/4113","targetHints":{"allow":["GET"]}}],"collection":[{"href":"https:\/\/www.tairuiauto.com\/es\/wp-json\/wp\/v2\/product"}],"about":[{"href":"https:\/\/www.tairuiauto.com\/es\/wp-json\/wp\/v2\/types\/product"}],"replies":[{"embeddable":true,"href":"https:\/\/www.tairuiauto.com\/es\/wp-json\/wp\/v2\/comments?post=4113"}],"wp:featuredmedia":[{"embeddable":true,"href":"https:\/\/www.tairuiauto.com\/es\/wp-json\/wp\/v2\/media\/4114"}],"wp:attachment":[{"href":"https:\/\/www.tairuiauto.com\/es\/wp-json\/wp\/v2\/media?parent=4113"}],"wp:term":[{"taxonomy":"product_brand","embeddable":true,"href":"https:\/\/www.tairuiauto.com\/es\/wp-json\/wp\/v2\/product_brand?post=4113"},{"taxonomy":"product_cat","embeddable":true,"href":"https:\/\/www.tairuiauto.com\/es\/wp-json\/wp\/v2\/product_cat?post=4113"},{"taxonomy":"product_tag","embeddable":true,"href":"https:\/\/www.tairuiauto.com\/es\/wp-json\/wp\/v2\/product_tag?post=4113"}],"curies":[{"name":"WP","href":"https:\/\/api.w.org\/{rel}","templated":true}]}}