{"id":4124,"date":"2025-10-31T09:54:56","date_gmt":"2025-10-31T01:54:56","guid":{"rendered":"https:\/\/www.tairuiauto.com\/?post_type=product&#038;p=4124"},"modified":"2025-10-23T09:33:08","modified_gmt":"2025-10-23T01:33:08","slug":"electric-freight-3-wheel-1-6m","status":"publish","type":"product","link":"https:\/\/www.tairuiauto.com\/es\/product\/electric-freight-3-wheel-1-6m\/","title":{"rendered":"Carga el\u00e9ctrica 3 ruedas 1.6m"},"content":{"rendered":"<h2 data-start=\"935\" data-end=\"964\">\ufffd <strong data-start=\"941\" data-end=\"964\">Descripci\u00f3n del producto<\/strong><\/h2>\n<p data-start=\"966\" data-end=\"1328\">Dise\u00f1ado con un motor hidr\u00e1ulico de 1500W y alimentado por un sistema de bater\u00eda de 60V \/ 72V, el <strong data-start=\"1051\" data-end=\"1094\">Carga el\u00e9ctrica 3 ruedas 1.6m<\/strong> garantiza una entrega de energ\u00eda consistente y un rendimiento excepcional en cualquier terreno. Con una velocidad m\u00e1xima de 45 km\/h y una capacidad de escalada de \u226430\u00b0, es ideal para log\u00edstica pesada, entregas de monta\u00f1a y movimiento de materiales industriales.<\/p>\n<p data-start=\"1330\" data-end=\"1551\">La robusta cama de carga de 1,6 m y la cabina totalmente cerrada hacen que esto <strong data-start=\"1391\" data-end=\"1417\">trike de carga el\u00e9ctrica<\/strong> El equilibrio perfecto entre capacidad, comodidad y seguridad. Est\u00e1 dise\u00f1ado para funcionar eficientemente incluso en condiciones de trabajo duras.<\/p>\n<table style=\"border-collapse: collapse; width: 66.5666%; height: 489px;\" border=\"0\" width=\"677\" cellspacing=\"0\" cellpadding=\"0\">\n<tbody>\n<tr style=\"height: 20.00pt;\">\n<td class=\"et3\" style=\"height: 20pt; width: 43.1985%;\" width=\"371\" height=\"33\">modelo<\/td>\n<td class=\"et4\" style=\"width: 56.8015%;\" width=\"306\">1.6m Carga el\u00e9ctrica 3 rueda<\/td>\n<\/tr>\n<tr style=\"height: 20.00pt;\">\n<td class=\"et5\" style=\"height: 20pt; width: 43.1985%;\" width=\"371\" height=\"33\">Tiempo de carga<\/td>\n<td class=\"et5\" style=\"width: 56.8015%;\" width=\"306\">8 horas<\/td>\n<\/tr>\n<tr style=\"height: 20.00pt;\">\n<td class=\"et5\" style=\"height: 20pt; width: 43.1985%;\" width=\"371\" height=\"33\">Neum\u00e1tico delantero\/trasero Tt<\/td>\n<td class=\"et5\" style=\"width: 56.8015%;\" width=\"306\">ruedas delanteras 3.75-12; ruedas traseras 4.00-12<\/td>\n<\/tr>\n<tr style=\"height: 20.00pt;\">\n<td class=\"et5\" style=\"height: 20pt; width: 43.1985%;\" width=\"371\" height=\"33\">Elecci\u00f3n de color<\/td>\n<td class=\"et5\" style=\"width: 56.8015%;\" width=\"306\">Personalizado<\/td>\n<\/tr>\n<tr style=\"height: 20.00pt;\">\n<td class=\"et5\" style=\"height: 20pt; width: 43.1985%;\" width=\"371\" height=\"33\">Marca comercial<\/td>\n<td class=\"et5\" style=\"width: 56.8015%;\" width=\"306\">TECREK o OEM<\/td>\n<\/tr>\n<tr style=\"height: 20.00pt;\">\n<td class=\"et5\" style=\"height: 20pt; width: 43.1985%;\" width=\"371\" height=\"33\">Origen<\/td>\n<td class=\"et5\" style=\"width: 56.8015%;\" width=\"306\">China<\/td>\n<\/tr>\n<tr style=\"height: 20.00pt;\">\n<td class=\"et5\" style=\"height: 20pt; width: 43.1985%;\" width=\"371\" height=\"33\">Rango por carga\/km<\/td>\n<td class=\"et5\" style=\"width: 56.8015%;\" width=\"306\">60-70 km<\/td>\n<\/tr>\n<tr style=\"height: 20.00pt;\">\n<td class=\"et5\" style=\"height: 20pt; width: 43.1985%;\" width=\"371\" height=\"33\">Velocidad m\u00e1xima Km\/H<\/td>\n<td class=\"et5\" style=\"width: 56.8015%;\" width=\"306\">30-45km\/h<\/td>\n<\/tr>\n<tr style=\"height: 20.00pt;\">\n<td class=\"et5\" style=\"height: 20pt; width: 43.1985%;\" width=\"371\" height=\"33\">Capacidad de escalada<\/td>\n<td class=\"et5\" style=\"width: 56.8015%;\" width=\"306\">\u2264 30 \u00b0<\/td>\n<\/tr>\n<tr style=\"height: 20.00pt;\">\n<td class=\"et5\" style=\"height: 20pt; width: 43.1985%;\" width=\"371\" height=\"33\">Dimensi\u00f3n general<\/td>\n<td class=\"et5\" style=\"width: 56.8015%;\" width=\"306\">3060X1200X1700MM<\/td>\n<\/tr>\n<tr style=\"height: 20.00pt;\">\n<td class=\"et5\" style=\"height: 20pt; width: 43.1985%;\" width=\"371\" height=\"33\">Capacidad de carga<\/td>\n<td class=\"et5\" style=\"width: 56.8015%;\" width=\"306\">800 kg<\/td>\n<\/tr>\n<tr style=\"height: 20.00pt;\">\n<td class=\"et5\" style=\"height: 20pt; width: 43.1985%;\" width=\"371\" height=\"33\">Potencia del motor hidr\u00e1ulico<\/td>\n<td class=\"et5\" style=\"width: 56.8015%;\" width=\"306\">1500W<\/td>\n<\/tr>\n<tr style=\"height: 20.00pt;\">\n<td class=\"et5\" style=\"height: 20pt; width: 43.1985%;\" width=\"371\" height=\"33\">Voltaje est\u00e1ndar<\/td>\n<td class=\"et5\" style=\"width: 56.8015%;\" width=\"306\">60\/72V<\/td>\n<\/tr>\n<tr style=\"height: 20.00pt;\">\n<td class=\"et5\" style=\"height: 20pt; width: 43.1985%;\" width=\"371\" height=\"33\">Controlador<\/td>\n<td class=\"et5\" style=\"width: 56.8015%;\" width=\"306\">24 Tubo<\/td>\n<\/tr>\n<tr style=\"height: 20.00pt;\">\n<td class=\"et5\" style=\"height: 20pt; width: 43.1985%;\" width=\"371\" height=\"33\">Modo de frenado<\/td>\n<td class=\"et5\" style=\"width: 56.8015%;\" width=\"306\">Tambor delantero Tambor trasero<\/td>\n<\/tr>\n<tr style=\"height: 20.00pt;\">\n<td class=\"et5\" style=\"height: 20pt; width: 43.1985%;\" width=\"371\" height=\"33\">Deslizamiento m\u00ednimo al suelo<\/td>\n<td class=\"et5\" style=\"width: 56.8015%;\" width=\"306\">135<\/td>\n<\/tr>\n<tr style=\"height: 20.00pt;\">\n<td class=\"et5\" style=\"height: 20pt; width: 43.1985%;\" width=\"371\" height=\"33\">Capacidad de producci\u00f3n<\/td>\n<td class=\"et5\" style=\"width: 56.8015%;\" width=\"306\">100000set\/a\u00f1o<\/td>\n<\/tr>\n<\/tbody>\n<\/table>\n<hr data-start=\"1553\" data-end=\"1556\" \/>\n<h2 data-start=\"1558\" data-end=\"1599\">\ufffd <strong data-start=\"1564\" data-end=\"1599\">Caracter\u00edsticas clave y puntos de venta<\/strong><\/h2>\n<ol data-start=\"1601\" data-end=\"2495\">\n<li data-start=\"1601\" data-end=\"1844\">\n<p data-start=\"1604\" data-end=\"1844\"><strong data-start=\"1604\" data-end=\"1653\">Potente motor de 1500W para un rendimiento superior<\/strong><br data-start=\"1653\" data-end=\"1656\" \/>El Electric Freight 3 ruedas 1.6m est\u00e1 equipado con un robusto motor hidr\u00e1ulico de 1500W que garantiza una fuerte salida de par, lo que permite conducciones suaves incluso con cargas pesadas y en carreteras empinadas.<\/p>\n<\/li>\n<li data-start=\"1846\" data-end=\"2066\">\n<p data-start=\"1849\" data-end=\"2066\"><strong data-start=\"1849\" data-end=\"1889\">Alcance extendido de hasta 70 km por carga<\/strong><br data-start=\"1889\" data-end=\"1892\" \/>Con una bater\u00eda de 60\/72V de alta capacidad, esta <strong data-start=\"1942\" data-end=\"1969\">triciclo de carga el\u00e9ctrico<\/strong> logra un alcance de 60-70 km, reduciendo el tiempo de inactividad y aumentando la productividad para las operaciones de entrega.<\/p>\n<\/li>\n<li data-start=\"2068\" data-end=\"2262\">\n<p data-start=\"2071\" data-end=\"2262\"><strong data-start=\"2071\" data-end=\"2104\">Seguridad y estabilidad mejoradas<\/strong><br data-start=\"2104\" data-end=\"2107\" \/>Los frenos de tambor delantero y trasero, combinados con una distancia al suelo de 135 mm y neum\u00e1ticos antideslizantes, garantizan una conducci\u00f3n segura en diversas condiciones clim\u00e1ticas y de carretera.<\/p>\n<\/li>\n<li data-start=\"2264\" data-end=\"2495\">\n<p data-start=\"2267\" data-end=\"2495\"><strong data-start=\"2267\" data-end=\"2302\">Personalizable para las necesidades empresariales<\/strong><br data-start=\"2302\" data-end=\"2305\" \/>Disponible en m\u00faltiples opciones de color y configuraciones, el ZHANJIAN 1.6m se puede adaptar para log\u00edstica, servicios municipales, agricultura o como un <strong data-start=\"2453\" data-end=\"2494\">veh\u00edculo de entrega el\u00e9ctrico de tres ruedas<\/strong>.<\/p>\n<\/li>\n<\/ol>\n<hr data-start=\"2497\" data-end=\"2500\" \/>\n<h2 data-start=\"2502\" data-end=\"2534\">\ufffd <strong data-start=\"2508\" data-end=\"2534\">Ventajas competitivas<\/strong><\/h2>\n<ol data-start=\"2536\" data-end=\"3030\">\n<li data-start=\"2536\" data-end=\"2680\">\n<p data-start=\"2539\" data-end=\"2680\"><strong data-start=\"2539\" data-end=\"2570\">Alta capacidad de carga de 800kg<\/strong> Dise\u00f1ado para uso comercial a largo plazo, ofreciendo una fiabilidad que supera a los triciclos el\u00e9ctricos est\u00e1ndar.<\/p>\n<\/li>\n<li data-start=\"2681\" data-end=\"2787\">\n<p data-start=\"2684\" data-end=\"2787\"><strong data-start=\"2684\" data-end=\"2710\">Operaci\u00f3n Ecol\u00f3gica<\/strong> Cero emisiones y bajo ruido, lo que lo hace ideal para una log\u00edstica sostenible.<\/p>\n<\/li>\n<li data-start=\"2788\" data-end=\"2889\">\n<p data-start=\"2791\" data-end=\"2889\"><strong data-start=\"2791\" data-end=\"2832\">Construcci\u00f3n duradera con chasis reforzado<\/strong> \u2014 garantiza una larga vida \u00fatil incluso bajo alta tensi\u00f3n.<\/p>\n<\/li>\n<li data-start=\"2890\" data-end=\"3030\">\n<p data-start=\"2893\" data-end=\"3030\"><strong data-start=\"2893\" data-end=\"2921\">Sistema de carga flexible<\/strong> Compatible con configuraciones de 60V y 72V, proporcionando adaptabilidad en varios entornos de uso.<\/p>\n<\/li>\n<\/ol>\n<p><img fetchpriority=\"high\" decoding=\"async\" class=\"alignnone size-medium wp-image-4130\" src=\"https:\/\/www.tairuiauto.com\/wp-content\/uploads\/2025\/10\/c9c2f2dc-796e-4eae-8f44-8cc1c1564129-300x300.jpg\" alt=\"\" width=\"300\" height=\"300\" srcset=\"\" sizes=\"(max-width: 300px) 100vw, 300px\" data-srcset=\"\" \/>\u00a0 \u00a0 \u00a0 \u00a0 \u00a0\u00a0 <img decoding=\"async\" class=\"alignnone size-medium wp-image-4129\" src=\"https:\/\/www.tairuiauto.com\/wp-content\/uploads\/2025\/10\/68158f22-c1c4-406f-b2bb-62a1b20b7f3f-300x300.jpg\" alt=\"\" width=\"300\" height=\"300\" srcset=\"https:\/\/www.tairuiauto.com\/wp-content\/uploads\/2025\/10\/68158f22-c1c4-406f-b2bb-62a1b20b7f3f-300x300.jpg 300w, https:\/\/www.tairuiauto.com\/wp-content\/uploads\/2025\/10\/68158f22-c1c4-406f-b2bb-62a1b20b7f3f-1024x1024.jpg 1024w, https:\/\/www.tairuiauto.com\/wp-content\/uploads\/2025\/10\/68158f22-c1c4-406f-b2bb-62a1b20b7f3f-150x150.jpg 150w, https:\/\/www.tairuiauto.com\/wp-content\/uploads\/2025\/10\/68158f22-c1c4-406f-b2bb-62a1b20b7f3f-768x768.jpg 768w, https:\/\/www.tairuiauto.com\/wp-content\/uploads\/2025\/10\/68158f22-c1c4-406f-b2bb-62a1b20b7f3f-1536x1536.jpg 1536w, https:\/\/www.tairuiauto.com\/wp-content\/uploads\/2025\/10\/68158f22-c1c4-406f-b2bb-62a1b20b7f3f-2048x2048.jpg 2048w, https:\/\/www.tairuiauto.com\/wp-content\/uploads\/2025\/10\/68158f22-c1c4-406f-b2bb-62a1b20b7f3f-12x12.jpg 12w, https:\/\/www.tairuiauto.com\/wp-content\/uploads\/2025\/10\/68158f22-c1c4-406f-b2bb-62a1b20b7f3f-600x600.jpg 600w, https:\/\/www.tairuiauto.com\/wp-content\/uploads\/2025\/10\/68158f22-c1c4-406f-b2bb-62a1b20b7f3f-100x100.jpg 100w\" sizes=\"(max-width: 300px) 100vw, 300px\" \/>\u00a0 \u00a0 \u00a0 \u00a0 \u00a0\u00a0 <img decoding=\"async\" class=\"alignnone size-medium wp-image-4128\" src=\"https:\/\/www.tairuiauto.com\/wp-content\/uploads\/2025\/10\/795d68ff-ce45-4e6f-a02f-5d36f72a18b8-300x300.jpg\" alt=\"\" width=\"300\" height=\"300\" srcset=\"https:\/\/www.tairuiauto.com\/wp-content\/uploads\/2025\/10\/795d68ff-ce45-4e6f-a02f-5d36f72a18b8-300x300.jpg 300w, https:\/\/www.tairuiauto.com\/wp-content\/uploads\/2025\/10\/795d68ff-ce45-4e6f-a02f-5d36f72a18b8-1024x1024.jpg 1024w, https:\/\/www.tairuiauto.com\/wp-content\/uploads\/2025\/10\/795d68ff-ce45-4e6f-a02f-5d36f72a18b8-150x150.jpg 150w, https:\/\/www.tairuiauto.com\/wp-content\/uploads\/2025\/10\/795d68ff-ce45-4e6f-a02f-5d36f72a18b8-768x768.jpg 768w, https:\/\/www.tairuiauto.com\/wp-content\/uploads\/2025\/10\/795d68ff-ce45-4e6f-a02f-5d36f72a18b8-1536x1536.jpg 1536w, https:\/\/www.tairuiauto.com\/wp-content\/uploads\/2025\/10\/795d68ff-ce45-4e6f-a02f-5d36f72a18b8-2048x2048.jpg 2048w, https:\/\/www.tairuiauto.com\/wp-content\/uploads\/2025\/10\/795d68ff-ce45-4e6f-a02f-5d36f72a18b8-12x12.jpg 12w, https:\/\/www.tairuiauto.com\/wp-content\/uploads\/2025\/10\/795d68ff-ce45-4e6f-a02f-5d36f72a18b8-600x600.jpg 600w, https:\/\/www.tairuiauto.com\/wp-content\/uploads\/2025\/10\/795d68ff-ce45-4e6f-a02f-5d36f72a18b8-100x100.jpg 100w\" sizes=\"(max-width: 300px) 100vw, 300px\" \/><\/p>\n<hr data-start=\"3636\" data-end=\"3639\" \/>\n<h2 data-start=\"3641\" data-end=\"3659\">\ufffd <strong data-start=\"3647\" data-end=\"3659\">Material<\/strong><\/h2>\n<p data-start=\"3661\" data-end=\"3822\">Fabricado con marco de acero de alta resistencia, paneles de carrocer\u00eda resistentes a la corrosi\u00f3n y sistemas el\u00e9ctricos a prueba de intemperie para garantizar una durabilidad duradera en todos los entornos.<\/p>\n<hr data-start=\"3824\" data-end=\"3827\" \/>\n<h2 data-start=\"3829\" data-end=\"3849\">\ufffd <strong data-start=\"3835\" data-end=\"3849\">Apariencia<\/strong><\/h2>\n<p data-start=\"3851\" data-end=\"4052\">Disponible en amarillo brillante, azul, rojo y gris. El dise\u00f1o cuenta con una amplia caja de carga (3060 x 1200 x 1700 mm) con l\u00edneas limpias y modernas y asientos ergon\u00f3micos para el conductor para la comodidad durante las largas horas de trabajo.<\/p>\n<hr data-start=\"4054\" data-end=\"4057\" \/>\n<h2 data-start=\"4059\" data-end=\"4075\">\ufffd <strong data-start=\"4065\" data-end=\"4075\">Dise\u00f1o<\/strong><\/h2>\n<p data-start=\"4077\" data-end=\"4247\">El ZHANJIAN 1.6m adopta un <strong data-start=\"4104\" data-end=\"4171\">cabina frontal simplificada con reducci\u00f3n mejorada de la resistencia al viento<\/strong> y distribuci\u00f3n de equilibrio superior, mejorando la comodidad de conducci\u00f3n y la estabilidad.<\/p>\n<hr data-start=\"4249\" data-end=\"4252\" \/>\n<h2 data-start=\"4254\" data-end=\"4284\">\ufffd\ufe0f <strong data-start=\"4261\" data-end=\"4284\">OEM &amp; Personalizaci\u00f3n<\/strong><\/h2>\n<p data-start=\"4286\" data-end=\"4468\">Ofrecemos completo <strong data-start=\"4300\" data-end=\"4325\">Personalizaci\u00f3n OEM\/ODM<\/strong>incluyendo la impresi\u00f3n del logotipo de la marca, el color de la pintura, el tama\u00f1o de la caja de carga y la configuraci\u00f3n de la bater\u00eda. Perfecto para distribuidores y marca de flota log\u00edstica.<\/p>\n<hr data-start=\"4470\" data-end=\"4473\" \/>\n<h2 data-start=\"4475\" data-end=\"4499\">\u2705 <strong data-start=\"4480\" data-end=\"4499\">Control de calidad<\/strong><\/h2>\n<p data-start=\"4501\" data-end=\"4674\">Cada unidad se somete a una inspecci\u00f3n multipunto: rendimiento de la bater\u00eda, eficiencia del motor, durabilidad del chasis y respuesta de frenos, lo que garantiza una garant\u00eda de calidad del 100% antes del env\u00edo.<\/p>\n<hr data-start=\"4676\" data-end=\"4679\" \/>\n<h2 data-start=\"4681\" data-end=\"4710\">\ufffd <strong data-start=\"4687\" data-end=\"4710\">Servicio posventa<\/strong><\/h2>\n<p data-start=\"4712\" data-end=\"4838\">Garant\u00eda de 12 meses en el motor y el controlador. Apoyo global de piezas de repuesto y consultor\u00eda t\u00e9cnica proporcionada a todos los socios.<\/p>\n<hr data-start=\"4840\" data-end=\"4843\" \/>\n<h2 data-start=\"4845\" data-end=\"4873\">\ufffd <strong data-start=\"4851\" data-end=\"4873\">Campos de aplicaci\u00f3n<\/strong><\/h2>\n<p data-start=\"4875\" data-end=\"4887\">Ideal para:<\/p>\n<ul data-start=\"4888\" data-end=\"5056\">\n<li data-start=\"4888\" data-end=\"4914\">\n<p data-start=\"4890\" data-end=\"4914\">Entrega express urbana<\/p>\n<\/li>\n<li data-start=\"4915\" data-end=\"4952\">\n<p data-start=\"4917\" data-end=\"4952\">Transporte de bienes agr\u00edcolas<\/p>\n<\/li>\n<li data-start=\"4953\" data-end=\"4984\">\n<p data-start=\"4955\" data-end=\"4984\">Log\u00edstica del sitio de construcci\u00f3n<\/p>\n<\/li>\n<li data-start=\"4985\" data-end=\"5023\">\n<p data-start=\"4987\" data-end=\"5023\">Almac\u00e9n y transporte industrial<\/p>\n<\/li>\n<li data-start=\"5024\" data-end=\"5056\">\n<p data-start=\"5026\" data-end=\"5056\">Carga urbana de corta distancia<\/p>\n<\/li>\n<\/ul>\n<hr data-start=\"5058\" data-end=\"5061\" \/>\n<h2 data-start=\"5063\" data-end=\"5086\">\ufffd <strong data-start=\"5069\" data-end=\"5086\">Condiciones de pago<\/strong><\/h2>\n<p data-start=\"5088\" data-end=\"5172\">T \/ T dep\u00f3sito del 30%, 70% antes del env\u00edo; L \/ C o Western Union opcional para pedidos a granel.<\/p>\n<hr data-start=\"5174\" data-end=\"5177\" \/>\n<h2 data-start=\"5179\" data-end=\"5191\">\u2753 <strong data-start=\"5184\" data-end=\"5191\">Preguntas frecuentes<\/strong><\/h2>\n<p data-start=\"5193\" data-end=\"5356\"><strong data-start=\"5193\" data-end=\"5269\">Q1: \u00bfCu\u00e1l es la capacidad de carga de la rueda de carga el\u00e9ctrica 3 1.6m?<\/strong><br data-start=\"5269\" data-end=\"5272\" \/>A1: Soporta hasta 800 kg, adecuado para operaciones log\u00edsticas y industriales pesadas.<\/p>\n<p data-start=\"5358\" data-end=\"5480\"><strong data-start=\"5358\" data-end=\"5410\">Q2: \u00bfCu\u00e1nto tiempo tarda en cargar la bater\u00eda?<\/strong><br data-start=\"5410\" data-end=\"5413\" \/>A2: Una carga completa dura aproximadamente 8 horas para el paquete de bater\u00eda de 60V \/ 72V.<\/p>\n<p data-start=\"5482\" data-end=\"5610\"><strong data-start=\"5482\" data-end=\"5536\">Q3: \u00bfPuedo personalizar la caja de carga o agregar marca?<\/strong><br data-start=\"5536\" data-end=\"5539\" \/>A3: S\u00ed, proporcionamos personalizaci\u00f3n del OEM para dimensiones, logotipos y pintura.<\/p>\n<p data-start=\"5612\" data-end=\"5763\"><strong data-start=\"5612\" data-end=\"5680\">Q4: \u00bfCu\u00e1l es la vida \u00fatil promedio de este triciclo el\u00e9ctrico de carga?<\/strong><br data-start=\"5680\" data-end=\"5683\" \/>A4: Con el mantenimiento adecuado, puede durar m\u00e1s de 5 a\u00f1os de uso comercial regular.<\/p>\n<hr data-start=\"5765\" data-end=\"5768\" \/>\n<p data-start=\"5770\" data-end=\"5859\" data-is-last-node=\"\" data-is-only-node=\"\">","protected":false},"excerpt":{"rendered":"<p>El Electric Freight 3 ruedas 1.6m es un veh\u00edculo el\u00e9ctrico de tres ruedas de alto rendimiento dise\u00f1ado para la log\u00edstica urbana y rural moderna. Construido para la resistencia, la resistencia y la estabilidad, este modelo ofrece una capacidad de carga excepcional, eficiencia energ\u00e9tica y bajos costos operativos. Ya sea que se utilice para la entrega r\u00e1pida, el transporte de mercanc\u00edas o la log\u00edstica diaria, este <strong data-start=\"814\" data-end=\"841\">triciclo de carga el\u00e9ctrico<\/strong> ofrece una soluci\u00f3n de transporte fiable y ecol\u00f3gica para empresas de todo el mundo.<\/p>","protected":false},"featured_media":4131,"comment_status":"open","ping_status":"closed","template":"","meta":[],"product_brand":[],"product_cat":[78],"product_tag":[],"class_list":{"0":"post-4124","1":"product","2":"type-product","3":"status-publish","4":"has-post-thumbnail","6":"product_cat-electric-tricycle","8":"first","9":"instock","10":"shipping-taxable","11":"product-type-simple"},"_links":{"self":[{"href":"https:\/\/www.tairuiauto.com\/es\/wp-json\/wp\/v2\/product\/4124","targetHints":{"allow":["GET"]}}],"collection":[{"href":"https:\/\/www.tairuiauto.com\/es\/wp-json\/wp\/v2\/product"}],"about":[{"href":"https:\/\/www.tairuiauto.com\/es\/wp-json\/wp\/v2\/types\/product"}],"replies":[{"embeddable":true,"href":"https:\/\/www.tairuiauto.com\/es\/wp-json\/wp\/v2\/comments?post=4124"}],"wp:featuredmedia":[{"embeddable":true,"href":"https:\/\/www.tairuiauto.com\/es\/wp-json\/wp\/v2\/media\/4131"}],"wp:attachment":[{"href":"https:\/\/www.tairuiauto.com\/es\/wp-json\/wp\/v2\/media?parent=4124"}],"wp:term":[{"taxonomy":"product_brand","embeddable":true,"href":"https:\/\/www.tairuiauto.com\/es\/wp-json\/wp\/v2\/product_brand?post=4124"},{"taxonomy":"product_cat","embeddable":true,"href":"https:\/\/www.tairuiauto.com\/es\/wp-json\/wp\/v2\/product_cat?post=4124"},{"taxonomy":"product_tag","embeddable":true,"href":"https:\/\/www.tairuiauto.com\/es\/wp-json\/wp\/v2\/product_tag?post=4124"}],"curies":[{"name":"WP","href":"https:\/\/api.w.org\/{rel}","templated":true}]}}