{"id":4154,"date":"2025-10-22T09:29:21","date_gmt":"2025-10-22T01:29:21","guid":{"rendered":"https:\/\/www.tairuiauto.com\/?post_type=product&#038;p=4154"},"modified":"2025-10-21T16:44:15","modified_gmt":"2025-10-21T08:44:15","slug":"high-speed-ev-3door-2seat","status":"publish","type":"product","link":"https:\/\/www.tairuiauto.com\/es\/product\/high-speed-ev-3door-2seat\/","title":{"rendered":"Alta velocidad EV 3door 2seat"},"content":{"rendered":"<h2 data-start=\"279\" data-end=\"307\"><strong data-start=\"282\" data-end=\"305\">Descripci\u00f3n del producto<\/strong><\/h2>\n<p data-start=\"706\" data-end=\"1101\">El S2201 logra una <strong data-start=\"826\" data-end=\"853\">Velocidad m\u00e1xima de 90 km\/h<\/strong>, un <strong data-start=\"857\" data-end=\"881\">Rango de hasta 120 km<\/strong>y <strong data-start=\"887\" data-end=\"912\">Estabilidad excepcional<\/strong> gracias a su suspensi\u00f3n delantera independiente McPherson. Perfecto para j\u00f3venes profesionales, familias urbanas y servicios de entrega, el S2201 redefine el concepto de movilidad urbana eficiente.<\/p>\n<table style=\"width: 71.4161%; height: 534px;\" width=\"572\">\n<tbody>\n<tr>\n<td width=\"266\">Estructura del cuerpo<\/td>\n<td width=\"306\">S2201 Alta velocidad EV 3door 2seat<\/td>\n<\/tr>\n<tr>\n<td width=\"266\">Dimensiones (mm)<\/td>\n<td width=\"306\">3162*\u00a01498*1580<\/td>\n<\/tr>\n<tr>\n<td width=\"266\">distancia entre ejes (mm)<\/td>\n<td width=\"306\">2050<\/td>\n<\/tr>\n<tr>\n<td width=\"266\">base de pista delantera\/trasera (mm)<\/td>\n<td width=\"306\">1290\/1290<\/td>\n<\/tr>\n<tr>\n<td width=\"266\">Suspensi\u00f3n<\/td>\n<td width=\"306\">Frente McPhersonindependiente \/brazo trasero no independiente<\/td>\n<\/tr>\n<tr>\n<td width=\"266\">tipo de freno<\/td>\n<td width=\"306\">disco\/tambor<\/td>\n<\/tr>\n<tr>\n<td width=\"266\">Tipo de bater\u00eda<\/td>\n<td width=\"306\">Bater\u00eda de fosfato de hierro de litio (BMS)<\/td>\n<\/tr>\n<tr>\n<td width=\"266\">Capacidad de la bater\u00eda (kWh)<\/td>\n<td width=\"306\">13.7<\/td>\n<\/tr>\n<tr>\n<td width=\"266\">Voltaje nominal (V)<\/td>\n<td width=\"306\">102.4<\/td>\n<\/tr>\n<tr>\n<td width=\"266\">Velocidad m\u00e1xima (km\/h)<\/td>\n<td width=\"306\">90<\/td>\n<\/tr>\n<tr>\n<td width=\"266\">Capacidad de escalada (%)<\/td>\n<td width=\"306\">\u2265 20%<\/td>\n<\/tr>\n<tr>\n<td width=\"266\">Capacidad nominal (Ah)<\/td>\n<td width=\"306\">134<\/td>\n<\/tr>\n<tr>\n<td width=\"266\">Rango (KM)<\/td>\n<td width=\"306\">120<\/td>\n<\/tr>\n<tr>\n<td width=\"266\">Curb peso<\/td>\n<td width=\"306\">795<\/td>\n<\/tr>\n<tr>\n<td width=\"266\">Tipo de motor<\/td>\n<td width=\"306\">Motor PMS<\/td>\n<\/tr>\n<tr>\n<td width=\"266\">Potencia nominal (KW)<\/td>\n<td width=\"306\">13<\/td>\n<\/tr>\n<tr>\n<td width=\"266\">Potencia m\u00e1xima (KW)<\/td>\n<td width=\"306\">20<\/td>\n<\/tr>\n<\/tbody>\n<\/table>\n<p data-start=\"706\" data-end=\"1101\">\u00a0 \u00a0 \u00a0 \u00a0 \u00a0 <img decoding=\"async\" class=\"alignnone size-medium wp-image-4160\" src=\"https:\/\/www.tairuiauto.com\/wp-content\/uploads\/2025\/10\/6-300x150.jpg\" alt=\"\" width=\"300\" height=\"150\" srcset=\"https:\/\/www.tairuiauto.com\/wp-content\/uploads\/2025\/10\/6-300x150.jpg 300w, https:\/\/www.tairuiauto.com\/wp-content\/uploads\/2025\/10\/6-1024x512.jpg 1024w, https:\/\/www.tairuiauto.com\/wp-content\/uploads\/2025\/10\/6-768x384.jpg 768w, https:\/\/www.tairuiauto.com\/wp-content\/uploads\/2025\/10\/6-1536x768.jpg 1536w, https:\/\/www.tairuiauto.com\/wp-content\/uploads\/2025\/10\/6-2048x1024.jpg 2048w, https:\/\/www.tairuiauto.com\/wp-content\/uploads\/2025\/10\/6-18x9.jpg 18w, https:\/\/www.tairuiauto.com\/wp-content\/uploads\/2025\/10\/6-600x300.jpg 600w\" sizes=\"(max-width: 300px) 100vw, 300px\" \/>\u00a0 \u00a0 \u00a0 \u00a0 \u00a0\u00a0 <img decoding=\"async\" class=\"alignnone size-medium wp-image-4165\" src=\"https:\/\/www.tairuiauto.com\/wp-content\/uploads\/2025\/10\/11-300x150.jpg\" alt=\"\" width=\"300\" height=\"150\" srcset=\"https:\/\/www.tairuiauto.com\/wp-content\/uploads\/2025\/10\/11-300x150.jpg 300w, https:\/\/www.tairuiauto.com\/wp-content\/uploads\/2025\/10\/11-1024x512.jpg 1024w, https:\/\/www.tairuiauto.com\/wp-content\/uploads\/2025\/10\/11-768x384.jpg 768w, https:\/\/www.tairuiauto.com\/wp-content\/uploads\/2025\/10\/11-1536x768.jpg 1536w, https:\/\/www.tairuiauto.com\/wp-content\/uploads\/2025\/10\/11-2048x1024.jpg 2048w, https:\/\/www.tairuiauto.com\/wp-content\/uploads\/2025\/10\/11-18x9.jpg 18w, https:\/\/www.tairuiauto.com\/wp-content\/uploads\/2025\/10\/11-600x300.jpg 600w\" sizes=\"(max-width: 300px) 100vw, 300px\" \/>\u00a0 \u00a0 \u00a0 \u00a0 \u00a0 <img decoding=\"async\" class=\"alignnone size-medium wp-image-4166\" src=\"https:\/\/www.tairuiauto.com\/wp-content\/uploads\/2025\/10\/12-300x150.jpg\" alt=\"\" width=\"300\" height=\"150\" srcset=\"https:\/\/www.tairuiauto.com\/wp-content\/uploads\/2025\/10\/12-300x150.jpg 300w, https:\/\/www.tairuiauto.com\/wp-content\/uploads\/2025\/10\/12-1024x512.jpg 1024w, https:\/\/www.tairuiauto.com\/wp-content\/uploads\/2025\/10\/12-768x384.jpg 768w, https:\/\/www.tairuiauto.com\/wp-content\/uploads\/2025\/10\/12-1536x768.jpg 1536w, https:\/\/www.tairuiauto.com\/wp-content\/uploads\/2025\/10\/12-2048x1024.jpg 2048w, https:\/\/www.tairuiauto.com\/wp-content\/uploads\/2025\/10\/12-18x9.jpg 18w, https:\/\/www.tairuiauto.com\/wp-content\/uploads\/2025\/10\/12-600x300.jpg 600w\" sizes=\"(max-width: 300px) 100vw, 300px\" \/><\/p>\n<hr data-start=\"1103\" data-end=\"1106\" \/>\n<h2 data-start=\"1108\" data-end=\"1142\"><strong data-start=\"1111\" data-end=\"1140\">Caracter\u00edsticas clave &amp; Ventajas<\/strong><\/h2>\n<p>&nbsp;<\/p>\n<h3 data-start=\"1144\" data-end=\"1174\"><strong data-start=\"1148\" data-end=\"1172\">Principales puntos de venta:<\/strong><\/h3>\n<ol data-start=\"1175\" data-end=\"2069\">\n<li data-start=\"1175\" data-end=\"1411\">\n<p data-start=\"1178\" data-end=\"1411\"><strong data-start=\"1178\" data-end=\"1203\">Compacto pero potente:<\/strong><br data-start=\"1203\" data-end=\"1206\" \/>El mini coche el\u00e9ctrico TECREK S2201 ofrece un alto rendimiento en un marco peque\u00f1o, impulsado por un <strong data-start=\"1299\" data-end=\"1317\">Motor PMS de 13kW<\/strong> y capaz de alcanzar <strong data-start=\"1342\" data-end=\"1352\">90 km\/h<\/strong>Perfecto para navegar por calles estrechas y aparcamiento en la ciudad.<\/p>\n<\/li>\n<li data-start=\"1413\" data-end=\"1632\">\n<p data-start=\"1416\" data-end=\"1632\"><strong data-start=\"1416\" data-end=\"1464\">Bater\u00eda de fosfato de hierro de litio de larga duraci\u00f3n:<\/strong><br data-start=\"1464\" data-end=\"1467\" \/>Equipado con una <strong data-start=\"1486\" data-end=\"1518\">13.7kWh LiFePO \u2084  paquete de bater\u00eda<\/strong>El S2201 ofrece hasta <strong data-start=\"1545\" data-end=\"1571\">Rango de 120 km por carga<\/strong>que garantiza la estabilidad, una vida \u00fatil m\u00e1s larga y una mayor seguridad.<\/p>\n<\/li>\n<li data-start=\"1634\" data-end=\"1865\">\n<p data-start=\"1637\" data-end=\"1865\"><strong data-start=\"1637\" data-end=\"1665\">Eficiencia energ\u00e9tica inteligente:<\/strong><br data-start=\"1665\" data-end=\"1668\" \/>El S2201 utiliza sistemas avanzados de gesti\u00f3n de energ\u00eda y frenado regenerativo para maximizar la eficiencia y prolongar la vida \u00fatil de la bater\u00eda, lo que lo convierte en uno de los veh\u00edculos el\u00e9ctricos compactos m\u00e1s eficientes en el mercado.<\/p>\n<\/li>\n<li data-start=\"1867\" data-end=\"2069\">\n<p data-start=\"1870\" data-end=\"2069\"><strong data-start=\"1870\" data-end=\"1903\">Elegante &amp; Interior ergon\u00f3mico:<\/strong><br data-start=\"1903\" data-end=\"1906\" \/>Dise\u00f1ado con el minimalismo europeo en mente, el interior combina pantallas digitales inteligentes, asientos c\u00f3modos y controles f\u00e1ciles de usar para mejorar cada conducci\u00f3n.<\/p>\n<\/li>\n<\/ol>\n<p>&nbsp;<\/p>\n<hr data-start=\"2071\" data-end=\"2074\" \/>\n<h2 data-start=\"2076\" data-end=\"2111\"><strong data-start=\"2079\" data-end=\"2109\">Ventajas diferenciadas:<\/strong><\/h2>\n<p>&nbsp;<\/p>\n<ol data-start=\"2112\" data-end=\"2826\">\n<li data-start=\"2112\" data-end=\"2325\">\n<p data-start=\"2115\" data-end=\"2325\"><strong data-start=\"2115\" data-end=\"2144\">Certificaci\u00f3n de alta velocidad:<\/strong> A diferencia de los veh\u00edculos el\u00e9ctricos t\u00edpicos de baja velocidad, el TECREK S2201 se clasifica como un <strong data-start=\"2211\" data-end=\"2242\">veh\u00edculo el\u00e9ctrico de alta velocidad<\/strong>Capaz de desempe\u00f1o a nivel de carretera manteniendo la maniobrabilidad compacta.<\/p>\n<\/li>\n<li data-start=\"2326\" data-end=\"2484\">\n<p data-start=\"2329\" data-end=\"2484\"><strong data-start=\"2329\" data-end=\"2356\">Sistema de seguridad mejorado:<\/strong> El frenado de disco\/tambor, la estructura reforzada de la carrocer\u00eda y el dise\u00f1o optimizado del chasis garantizan la m\u00e1xima protecci\u00f3n del conductor y del pasajero.<\/p>\n<\/li>\n<li data-start=\"2485\" data-end=\"2648\">\n<p data-start=\"2488\" data-end=\"2648\"><strong data-start=\"2488\" data-end=\"2523\">Gesti\u00f3n inteligente de bater\u00edas (BMS):<\/strong> El LiFePO \u2084  El sistema regula autom\u00e1ticamente la temperatura y el voltaje, asegurando una salida consistente y evitando el sobrecalentamiento.<\/p>\n<\/li>\n<li data-start=\"2649\" data-end=\"2826\">\n<p data-start=\"2652\" data-end=\"2826\"><strong data-start=\"2652\" data-end=\"2688\">Bajo mantenimiento &amp; Cero emisiones:<\/strong> Sin aceite, piezas m\u00f3viles m\u00ednimas y cero emisiones de escape, el S2201 reduce los costos de mantenimiento a largo plazo y el impacto ambiental.<\/p>\n<\/li>\n<\/ol>\n<p>&nbsp;<\/p>\n<hr data-start=\"3478\" data-end=\"3481\" \/>\n<h2 data-start=\"3483\" data-end=\"3508\"><strong data-start=\"3486\" data-end=\"3506\">Material y Construir<\/strong><\/h2>\n<p>&nbsp;<\/p>\n<p data-start=\"3509\" data-end=\"3729\">El cuerpo adopta una <strong data-start=\"3527\" data-end=\"3555\">marco de acero completo<\/strong> con recubrimiento anticorrosivo para durabilidad. Las c\u00e9lulas de fosfato de hierro de litio est\u00e1n alojadas en un <strong data-start=\"3645\" data-end=\"3678\">carcasa de aluminio de alta resistencia<\/strong> garantizar la seguridad, incluso en condiciones extremas.<\/p>\n<hr data-start=\"3731\" data-end=\"3734\" \/>\n<h2 data-start=\"3736\" data-end=\"3760\"><strong data-start=\"3739\" data-end=\"3758\">Dise\u00f1o exterior<\/strong><\/h2>\n<p>&nbsp;<\/p>\n<p data-start=\"3761\" data-end=\"3972\">Un cuerpo elegante y aerodin\u00e1mico con contornos suaves y faros LED ofrece un atractivo est\u00e9tico y una eficiencia energ\u00e9tica mejorada. Las dimensiones compactas lo hacen ideal para <strong data-start=\"3925\" data-end=\"3969\">desplazamiento urbano y peque\u00f1as plazas de aparcamiento<\/strong>.<\/p>\n<hr data-start=\"3974\" data-end=\"3977\" \/>\n<h2 data-start=\"3979\" data-end=\"4009\"><strong data-start=\"3982\" data-end=\"4007\">Interior y Ergonom\u00eda<\/strong><\/h2>\n<p>&nbsp;<\/p>\n<p data-start=\"4010\" data-end=\"4224\">La cabina del S2201 est\u00e1 dise\u00f1ada para la comodidad y la funci\u00f3n, con un gran tablero de mando digital, asientos ergon\u00f3micos y un dise\u00f1o de control intuitivo. El dise\u00f1o minimalista de dos tonos mejora la visibilidad y la percepci\u00f3n del espacio.<\/p>\n<hr data-start=\"4226\" data-end=\"4229\" \/>\n<h2 data-start=\"4231\" data-end=\"4259\"><strong data-start=\"4234\" data-end=\"4257\">OEM &amp; Personalizaci\u00f3n<\/strong><\/h2>\n<p>&nbsp;<\/p>\n<p data-start=\"4260\" data-end=\"4453\">Soporta TECREK <strong data-start=\"4276\" data-end=\"4305\">Personalizaci\u00f3n OEM y ODM<\/strong>incluyendo opciones de color exteriores, impresi\u00f3n de logotipos, configuraci\u00f3n del tablero de mando y compatibilidad con la interfaz de carga local para cumplir con los est\u00e1ndares regionales.<\/p>\n<hr data-start=\"4455\" data-end=\"4458\" \/>\n<h2 data-start=\"4460\" data-end=\"4484\"><strong data-start=\"4463\" data-end=\"4482\">Control de calidad<\/strong><\/h2>\n<p>&nbsp;<\/p>\n<p data-start=\"4485\" data-end=\"4668\">Cada S2201 se somete a <strong data-start=\"4506\" data-end=\"4532\">pruebas de calidad estrictas<\/strong>, incluyendo la resistencia del motor, el rendimiento de la bater\u00eda y la seguridad de las vibraciones, certificado seg\u00fan las normas internacionales de automoci\u00f3n (ISO \/ CCC \/ CEE).<\/p>\n<hr data-start=\"4670\" data-end=\"4673\" \/>\n<h2 data-start=\"4675\" data-end=\"4703\"><strong data-start=\"4678\" data-end=\"4701\">Servicio posventa<\/strong><\/h2>\n<p>&nbsp;<\/p>\n<p data-start=\"4704\" data-end=\"4872\">El soporte posventa global incluye suministro de piezas de repuesto, asistencia de diagn\u00f3stico remoto y <strong data-start=\"4796\" data-end=\"4817\">Garant\u00eda de 12 meses<\/strong> en los componentes principales (bater\u00eda, motor y controlador).<\/p>\n<hr data-start=\"4874\" data-end=\"4877\" \/>\n<h2 data-start=\"4879\" data-end=\"4909\"><strong data-start=\"4882\" data-end=\"4907\">Escenarios de aplicaci\u00f3n<\/strong><\/h2>\n<p>&nbsp;<\/p>\n<ul data-start=\"4910\" data-end=\"5031\">\n<li data-start=\"4910\" data-end=\"4935\">\n<p data-start=\"4912\" data-end=\"4935\">Viajes urbanos diarios<\/p>\n<\/li>\n<li data-start=\"4936\" data-end=\"4972\">\n<p data-start=\"4938\" data-end=\"4972\">Log\u00edstica de \u00faltima milla entregas<\/p>\n<\/li>\n<li data-start=\"4973\" data-end=\"5002\">\n<p data-start=\"4975\" data-end=\"5002\">Movilidad en el campus o en el resort<\/p>\n<\/li>\n<li data-start=\"5003\" data-end=\"5031\">\n<p data-start=\"5005\" data-end=\"5031\">Flotas urbanas ecol\u00f3gicas<\/p>\n<\/li>\n<\/ul>\n<p>&nbsp;<\/p>\n<hr data-start=\"5033\" data-end=\"5036\" \/>\n<h2 data-start=\"5038\" data-end=\"5060\"><strong data-start=\"5041\" data-end=\"5058\">Condiciones de pago<\/strong><\/h2>\n<p>&nbsp;<\/p>\n<ul data-start=\"5061\" data-end=\"5156\">\n<li data-start=\"5061\" data-end=\"5112\">\n<p data-start=\"5063\" data-end=\"5112\"><strong data-start=\"5063\" data-end=\"5084\">M\u00e9todos aceptados:<\/strong> T\/T, L\/C, Seguridad del comercio<\/p>\n<\/li>\n<li data-start=\"5113\" data-end=\"5156\">\n<p data-start=\"5115\" data-end=\"5156\"><strong data-start=\"5115\" data-end=\"5129\">Tiempo de ejecuci\u00f3n:<\/strong> 25-35 d\u00edas despu\u00e9s del dep\u00f3sito<\/p>\n<\/li>\n<\/ul>\n<p>&nbsp;<\/p>\n<hr data-start=\"5158\" data-end=\"5161\" \/>\n<h2 data-start=\"5163\" data-end=\"5175\"><strong data-start=\"5166\" data-end=\"5173\">Preguntas frecuentes<\/strong><\/h2>\n<p>&nbsp;<\/p>\n<p data-start=\"5177\" data-end=\"5297\"><strong data-start=\"5177\" data-end=\"5224\">Q1: \u00bfCu\u00e1l es el tiempo de carga para el S2201?<\/strong><br data-start=\"5224\" data-end=\"5227\" \/>A1: La carga completa dura aproximadamente 7-8 horas usando un cargador est\u00e1ndar de 220V.<\/p>\n<p data-start=\"5299\" data-end=\"5426\"><strong data-start=\"5299\" data-end=\"5341\">Q2: \u00bfPuedo personalizar el color o el logotipo?<\/strong><br data-start=\"5341\" data-end=\"5344\" \/>A2: S\u00ed, la personalizaci\u00f3n del OEM para la pintura exterior, el logotipo y el tablero de instrumentos est\u00e1 disponible.<\/p>\n<p data-start=\"5428\" data-end=\"5604\"><strong data-start=\"5428\" data-end=\"5479\">Q3: \u00bfEs la bater\u00eda de fosfato de hierro de litio segura?<\/strong><br data-start=\"5479\" data-end=\"5482\" \/>A3: Por supuesto. LiFePO \u2084  tecnolog\u00eda es uno de los tipos m\u00e1s seguros y estables, resistente al sobrecalentamiento y la sobrecarga.<\/p>\n<p data-start=\"5606\" data-end=\"5817\"><strong data-start=\"5606\" data-end=\"5668\">Q4: \u00bfCu\u00e1l es el costo de mantenimiento en comparaci\u00f3n con los coches de gasolina?<\/strong><br data-start=\"5668\" data-end=\"5671\" \/>A4: El TECREK S2201 requiere un mantenimiento m\u00ednimo, sin cambios de aceite, filtros o transmisi\u00f3n compleja, lo que reduce los costos operativos durante toda la vida \u00fatil hasta en un 70%.<\/p>","protected":false},"excerpt":{"rendered":"<p>El <strong data-start=\"312\" data-end=\"369\">Veh\u00edculo el\u00e9ctrico de cuatro ruedas de alta velocidad TECREK S2201<\/strong> es un veh\u00edculo el\u00e9ctrico compacto de nueva generaci\u00f3n dise\u00f1ado para los viajeros urbanos que buscan eficiencia, seguridad y estilo moderno. Con su carrocer\u00eda ligera, potente motor PMS y bater\u00eda de fosfato de litio y hierro (BMS) de alta densidad, el S2201 ofrece una experiencia de conducci\u00f3n suave y ecol\u00f3gica ideal para las calles de la ciudad y los viajes de corta distancia.<br \/>\nEste coche el\u00e9ctrico de ciudad cuenta con un dise\u00f1o pr\u00e1ctico de 3 puertas y 2 asientos, que combina agilidad con comodidad. El S2201 logra una <strong data-start=\"826\" data-end=\"853\">Velocidad m\u00e1xima de 90 km\/h<\/strong>, un <strong data-start=\"857\" data-end=\"881\">Rango de hasta 120 km<\/strong>y <strong data-start=\"887\" data-end=\"912\">Estabilidad excepcional<\/strong> gracias a su suspensi\u00f3n delantera independiente McPherson. Perfecto para j\u00f3venes profesionales, familias urbanas y servicios de entrega, el S2201 redefine el concepto de movilidad urbana eficiente.<\/p>","protected":false},"featured_media":4155,"comment_status":"open","ping_status":"closed","template":"","meta":[],"product_brand":[],"product_cat":[77],"product_tag":[],"class_list":{"0":"post-4154","1":"product","2":"type-product","3":"status-publish","4":"has-post-thumbnail","6":"product_cat-electric-micro-vehicle","8":"first","9":"instock","10":"shipping-taxable","11":"product-type-simple"},"_links":{"self":[{"href":"https:\/\/www.tairuiauto.com\/es\/wp-json\/wp\/v2\/product\/4154","targetHints":{"allow":["GET"]}}],"collection":[{"href":"https:\/\/www.tairuiauto.com\/es\/wp-json\/wp\/v2\/product"}],"about":[{"href":"https:\/\/www.tairuiauto.com\/es\/wp-json\/wp\/v2\/types\/product"}],"replies":[{"embeddable":true,"href":"https:\/\/www.tairuiauto.com\/es\/wp-json\/wp\/v2\/comments?post=4154"}],"wp:featuredmedia":[{"embeddable":true,"href":"https:\/\/www.tairuiauto.com\/es\/wp-json\/wp\/v2\/media\/4155"}],"wp:attachment":[{"href":"https:\/\/www.tairuiauto.com\/es\/wp-json\/wp\/v2\/media?parent=4154"}],"wp:term":[{"taxonomy":"product_brand","embeddable":true,"href":"https:\/\/www.tairuiauto.com\/es\/wp-json\/wp\/v2\/product_brand?post=4154"},{"taxonomy":"product_cat","embeddable":true,"href":"https:\/\/www.tairuiauto.com\/es\/wp-json\/wp\/v2\/product_cat?post=4154"},{"taxonomy":"product_tag","embeddable":true,"href":"https:\/\/www.tairuiauto.com\/es\/wp-json\/wp\/v2\/product_tag?post=4154"}],"curies":[{"name":"WP","href":"https:\/\/api.w.org\/{rel}","templated":true}]}}