{"id":4168,"date":"2025-10-23T10:40:07","date_gmt":"2025-10-23T02:40:07","guid":{"rendered":"https:\/\/www.tairuiauto.com\/?post_type=product&#038;p=4168"},"modified":"2025-10-22T10:55:21","modified_gmt":"2025-10-22T02:55:21","slug":"5-door-electric-mini-car","status":"publish","type":"product","link":"https:\/\/www.tairuiauto.com\/es\/product\/5-door-electric-mini-car\/","title":{"rendered":"Mini coche el\u00e9ctrico de 5 puertas"},"content":{"rendered":"<h2 data-start=\"517\" data-end=\"545\">Descripci\u00f3n del producto<\/h2>\n<p data-start=\"546\" data-end=\"860\">El TECREK S5401 <strong>veh\u00edculo el\u00e9ctrico de cuatro ruedas de alta velocidad<\/strong> Est\u00e1 construido para el desplazamiento urbano y los viajes suburbanos, este coche el\u00e9ctrico de cinco puertas y cuatro asientos combina alto rendimiento con eficiencia energ\u00e9tica.<\/p>\n<table style=\"width: 76.8515%; height: 656px;\" width=\"720\">\n<tbody>\n<tr>\n<td style=\"width: 36.7769%;\" width=\"265\">modelo<\/td>\n<td style=\"width: 62.1212%;\" width=\"455\">TECREK S5401 Mini coche el\u00e9ctrico de 5 puertas<\/td>\n<\/tr>\n<tr>\n<td style=\"width: 36.7769%;\" width=\"265\">Dimensiones totales (mm)<\/td>\n<td style=\"width: 62.1212%;\" width=\"455\">3532*1498*1605<\/td>\n<\/tr>\n<tr>\n<td style=\"width: 36.7769%;\" width=\"265\">Distancia entre ruedas (mm)<\/td>\n<td style=\"width: 62.1212%;\" width=\"455\">2275<\/td>\n<\/tr>\n<tr>\n<td style=\"width: 36.7769%;\" width=\"265\">Base de pista delantera\/trasera (mm)<\/td>\n<td style=\"width: 62.1212%;\" width=\"455\">1290\/1290<\/td>\n<\/tr>\n<tr>\n<td style=\"width: 36.7769%;\" width=\"265\">Distancia m\u00ednima al suelo (mm)<\/td>\n<td style=\"width: 62.1212%;\" width=\"455\">125<\/td>\n<\/tr>\n<tr>\n<td style=\"width: 36.7769%;\" width=\"265\">Radio m\u00ednimo de giro (m)<\/td>\n<td style=\"width: 62.1212%;\" width=\"455\">4.85<\/td>\n<\/tr>\n<tr>\n<td style=\"width: 36.7769%;\" width=\"265\">Rango m\u00e1ximo (km)<\/td>\n<td style=\"width: 62.1212%;\" width=\"455\">172<\/td>\n<\/tr>\n<tr>\n<td style=\"width: 36.7769%;\" width=\"265\">Peso del borde (kg)<\/td>\n<td style=\"width: 62.1212%;\" width=\"455\">830<\/td>\n<\/tr>\n<tr>\n<td style=\"width: 36.7769%;\" width=\"265\">Tipo de motor<\/td>\n<td style=\"width: 62.1212%;\" width=\"455\">Im\u00e1n permanente sincr\u00f3nico<\/td>\n<\/tr>\n<tr>\n<td style=\"width: 36.7769%;\" width=\"265\">Potencia nominal del motor (kw)<\/td>\n<td style=\"width: 62.1212%;\" width=\"455\">15<\/td>\n<\/tr>\n<tr>\n<td style=\"width: 36.7769%;\" width=\"265\">Torque m\u00e1ximo (N\u00b7m)<\/td>\n<td style=\"width: 62.1212%;\" width=\"455\">110<\/td>\n<\/tr>\n<tr>\n<td style=\"width: 36.7769%;\" width=\"265\">Velocidad (km\/h)<\/td>\n<td style=\"width: 62.1212%;\" width=\"455\">\u2265 100<\/td>\n<\/tr>\n<tr>\n<td style=\"width: 36.7769%;\" width=\"265\">Tipo de bater\u00eda de alimentaci\u00f3n<\/td>\n<td style=\"width: 62.1212%;\" width=\"455\">Bater\u00eda de iones de litio<\/td>\n<\/tr>\n<tr>\n<td style=\"width: 36.7769%;\" width=\"265\">Voltaje de carga (V)<\/td>\n<td style=\"width: 62.1212%;\" width=\"455\">220<\/td>\n<\/tr>\n<tr>\n<td style=\"width: 36.7769%;\" width=\"265\">Tiempo de carga (horas)<\/td>\n<td style=\"width: 62.1212%;\" width=\"455\">7~10<\/td>\n<\/tr>\n<tr>\n<td style=\"width: 36.7769%;\" width=\"265\">Formulario de accionamiento<\/td>\n<td style=\"width: 62.1212%;\" width=\"455\">Despu\u00e9s de la conducci\u00f3n trasera<\/td>\n<\/tr>\n<tr>\n<td style=\"width: 36.7769%;\" width=\"265\">Tipo de freno<\/td>\n<td style=\"width: 62.1212%;\" width=\"455\">Posici\u00f3n del disco delantero y del tambor trasero<\/td>\n<\/tr>\n<tr>\n<td style=\"width: 36.7769%;\" width=\"265\">Suspensi\u00f3n delantera<\/td>\n<td style=\"width: 62.1212%;\" width=\"455\">Suspensi\u00f3n independiente delantera McPherson<\/td>\n<\/tr>\n<tr>\n<td style=\"width: 36.7769%;\" width=\"265\">Despu\u00e9s de la suspensi\u00f3n<\/td>\n<td style=\"width: 62.1212%;\" width=\"455\">Tres &#8211; enlace no &#8211; suspensi\u00f3n independiente<\/td>\n<\/tr>\n<tr>\n<td style=\"width: 36.7769%;\" width=\"265\">Tipo de transmisi\u00f3n<\/td>\n<td style=\"width: 62.1212%;\" width=\"455\">Transmisi\u00f3n de relaci\u00f3n de engranajes fija<\/td>\n<\/tr>\n<tr>\n<td style=\"width: 36.7769%;\" width=\"265\">Formulario de cambio<\/td>\n<td style=\"width: 62.1212%;\" width=\"455\">Tipo de bot\u00f3n<\/td>\n<\/tr>\n<tr>\n<td style=\"width: 36.7769%;\" width=\"265\">Tama\u00f1o del neum\u00e1tico<\/td>\n<td style=\"width: 62.1212%;\" width=\"455\">155\/65 R13<\/td>\n<\/tr>\n<\/tbody>\n<\/table>\n<hr data-start=\"1245\" data-end=\"1248\" \/>\n<h2 data-start=\"1250\" data-end=\"1288\"><\/h2>\n<h2 data-start=\"1250\" data-end=\"1288\"><strong data-start=\"1253\" data-end=\"1286\">Caracter\u00edsticas clave &amp; Puntos de venta<\/strong><\/h2>\n<p>&nbsp;<\/p>\n<ol data-start=\"1290\" data-end=\"2144\">\n<li data-start=\"1290\" data-end=\"1486\">\n<p data-start=\"1293\" data-end=\"1486\"><strong data-start=\"1293\" data-end=\"1326\">Dise\u00f1o compacto de lujo de 5 puertas:<\/strong><br data-start=\"1326\" data-end=\"1329\" \/>El coche el\u00e9ctrico TECREK S5401 ofrece un amplio interior con <strong data-start=\"1394\" data-end=\"1418\">cuatro asientos ergon\u00f3micos<\/strong>garantizando la comodidad familiar al tiempo que mantiene un perfil urbano elegante.<\/p>\n<\/li>\n<li data-start=\"1488\" data-end=\"1688\">\n<p data-start=\"1491\" data-end=\"1688\"><strong data-start=\"1491\" data-end=\"1521\">Alta velocidad y largo alcance:<\/strong><br data-start=\"1521\" data-end=\"1524\" \/>Lograr una <strong data-start=\"1537\" data-end=\"1566\">Velocidad m\u00e1xima de 100 km\/h<\/strong> y viajar hasta <strong data-start=\"1584\" data-end=\"1613\">172 km en una sola carga<\/strong>lo que hace que el S5401 sea perfecto tanto para los desplazamientos urbanos como para los viajes interurbanos.<\/p>\n<\/li>\n<li data-start=\"1690\" data-end=\"1912\">\n<p data-start=\"1693\" data-end=\"1912\"><strong data-start=\"1693\" data-end=\"1730\">Motor de im\u00e1n permanente eficiente:<\/strong><br data-start=\"1730\" data-end=\"1733\" \/>Equipado con una <strong data-start=\"1752\" data-end=\"1787\">Motor PMS de alto rendimiento de 15 kW<\/strong>Este mini coche el\u00e9ctrico garantiza una aceleraci\u00f3n suave, una respuesta r\u00e1pida y un alto par con bajo ruido y cero contaminaci\u00f3n.<\/p>\n<\/li>\n<li data-start=\"1914\" data-end=\"2144\">\n<p data-start=\"1917\" data-end=\"2144\"><strong data-start=\"1917\" data-end=\"1954\">Sistema inteligente de bater\u00eda de iones de litio:<\/strong><br data-start=\"1954\" data-end=\"1957\" \/>El avanzado <strong data-start=\"1973\" data-end=\"1996\">Bater\u00eda de iones de litio<\/strong> garantiza una excelente densidad de energ\u00eda, una carga r\u00e1pida (7-10 horas) y una seguridad superior a trav\u00e9s de la gesti\u00f3n inteligente de la bater\u00eda y la protecci\u00f3n contra el sobrecalentamiento.<\/p>\n<\/li>\n<\/ol>\n<p>&nbsp;<\/p>\n<hr data-start=\"2146\" data-end=\"2149\" \/>\n<h2 data-start=\"2151\" data-end=\"2185\"><\/h2>\n<h2 data-start=\"2151\" data-end=\"2185\"><strong data-start=\"2154\" data-end=\"2183\">Ventajas diferenciadas<\/strong><\/h2>\n<p>&nbsp;<\/p>\n<ol data-start=\"2187\" data-end=\"3104\">\n<li data-start=\"2187\" data-end=\"2412\">\n<p data-start=\"2190\" data-end=\"2412\"><strong data-start=\"2190\" data-end=\"2225\">Rendimiento EV de alta velocidad real:<\/strong><br data-start=\"2225\" data-end=\"2228\" \/>A diferencia de los coches el\u00e9ctricos tradicionales de baja velocidad, el TECREK S5401 es un <strong data-start=\"2297\" data-end=\"2333\">verdadero veh\u00edculo el\u00e9ctrico de alta velocidad<\/strong>Certificado para uso en carretera con una din\u00e1mica mejorada del chasis y una respuesta de frenado.<\/p>\n<\/li>\n<li data-start=\"2414\" data-end=\"2648\">\n<p data-start=\"2417\" data-end=\"2648\"><strong data-start=\"2417\" data-end=\"2448\">La comodidad se encuentra con la practicidad:<\/strong><br data-start=\"2448\" data-end=\"2451\" \/>Con una <strong data-start=\"2466\" data-end=\"2495\">dise\u00f1o interior de lujo<\/strong>El S5401 incluye un tablero de mando digital, sistema de ventilaci\u00f3n de aire, asientos ajustables y una interfaz de control inteligente para una experiencia de conducci\u00f3n elevada.<\/p>\n<\/li>\n<li data-start=\"2650\" data-end=\"2888\">\n<p data-start=\"2653\" data-end=\"2888\"><strong data-start=\"2653\" data-end=\"2685\">Ingenier\u00eda orientada a la seguridad:<\/strong><br data-start=\"2685\" data-end=\"2688\" \/>Con <strong data-start=\"2696\" data-end=\"2731\">Frenos de disco delantero y tambor trasero<\/strong>, <strong data-start=\"2733\" data-end=\"2763\">Suspensi\u00f3n delantera McPherson<\/strong>y una <strong data-start=\"2771\" data-end=\"2813\">sistema trasero no independiente de tres enlaces<\/strong>Este veh\u00edculo el\u00e9ctrico garantiza estabilidad, seguridad y comodidad en diversos terrenos.<\/p>\n<\/li>\n<li data-start=\"2890\" data-end=\"3104\">\n<p data-start=\"2893\" data-end=\"3104\"><strong data-start=\"2893\" data-end=\"2935\">Sostenible y Movilidad rentable:<\/strong><br data-start=\"2935\" data-end=\"2938\" \/>Oferta <strong data-start=\"2950\" data-end=\"2975\">Conducci\u00f3n de cero emisiones<\/strong>, <strong data-start=\"2977\" data-end=\"2996\">bajo mantenimiento<\/strong>Con una larga vida \u00fatil de la bater\u00eda, el S5401 es ideal para el desarrollo urbano sostenible y los consumidores conscientes del medio ambiente.<\/p>\n<\/li>\n<\/ol>\n<p>&nbsp;<\/p>\n<p><img fetchpriority=\"high\" decoding=\"async\" class=\"alignnone size-medium wp-image-4173\" src=\"https:\/\/www.tairuiauto.com\/wp-content\/uploads\/2025\/10\/5-1-300x200.jpg\" alt=\"\" width=\"300\" height=\"200\" srcset=\"https:\/\/www.tairuiauto.com\/wp-content\/uploads\/2025\/10\/5-1-300x200.jpg 300w, https:\/\/www.tairuiauto.com\/wp-content\/uploads\/2025\/10\/5-1-1024x683.jpg 1024w, https:\/\/www.tairuiauto.com\/wp-content\/uploads\/2025\/10\/5-1-768x512.jpg 768w, https:\/\/www.tairuiauto.com\/wp-content\/uploads\/2025\/10\/5-1-1536x1024.jpg 1536w, https:\/\/www.tairuiauto.com\/wp-content\/uploads\/2025\/10\/5-1-2048x1365.jpg 2048w, https:\/\/www.tairuiauto.com\/wp-content\/uploads\/2025\/10\/5-1-18x12.jpg 18w, https:\/\/www.tairuiauto.com\/wp-content\/uploads\/2025\/10\/5-1-600x400.jpg 600w\" sizes=\"(max-width: 300px) 100vw, 300px\" \/>\u00a0 \u00a0 \u00a0 \u00a0 \u00a0\u00a0 <img decoding=\"async\" class=\"alignnone size-medium wp-image-4174\" src=\"https:\/\/www.tairuiauto.com\/wp-content\/uploads\/2025\/10\/6-1-300x200.jpg\" alt=\"\" width=\"300\" height=\"200\" srcset=\"https:\/\/www.tairuiauto.com\/wp-content\/uploads\/2025\/10\/6-1-300x200.jpg 300w, https:\/\/www.tairuiauto.com\/wp-content\/uploads\/2025\/10\/6-1-1024x683.jpg 1024w, https:\/\/www.tairuiauto.com\/wp-content\/uploads\/2025\/10\/6-1-768x512.jpg 768w, https:\/\/www.tairuiauto.com\/wp-content\/uploads\/2025\/10\/6-1-1536x1024.jpg 1536w, https:\/\/www.tairuiauto.com\/wp-content\/uploads\/2025\/10\/6-1-2048x1365.jpg 2048w, https:\/\/www.tairuiauto.com\/wp-content\/uploads\/2025\/10\/6-1-18x12.jpg 18w, https:\/\/www.tairuiauto.com\/wp-content\/uploads\/2025\/10\/6-1-600x400.jpg 600w\" sizes=\"(max-width: 300px) 100vw, 300px\" \/>\u00a0 \u00a0 \u00a0 \u00a0 \u00a0\u00a0 <img decoding=\"async\" class=\"alignnone size-medium wp-image-4177\" src=\"https:\/\/www.tairuiauto.com\/wp-content\/uploads\/2025\/10\/9-1-300x200.jpg\" alt=\"\" width=\"300\" height=\"200\" srcset=\"https:\/\/www.tairuiauto.com\/wp-content\/uploads\/2025\/10\/9-1-300x200.jpg 300w, https:\/\/www.tairuiauto.com\/wp-content\/uploads\/2025\/10\/9-1-1024x683.jpg 1024w, https:\/\/www.tairuiauto.com\/wp-content\/uploads\/2025\/10\/9-1-768x512.jpg 768w, https:\/\/www.tairuiauto.com\/wp-content\/uploads\/2025\/10\/9-1-1536x1024.jpg 1536w, https:\/\/www.tairuiauto.com\/wp-content\/uploads\/2025\/10\/9-1-2048x1365.jpg 2048w, https:\/\/www.tairuiauto.com\/wp-content\/uploads\/2025\/10\/9-1-18x12.jpg 18w, https:\/\/www.tairuiauto.com\/wp-content\/uploads\/2025\/10\/9-1-600x400.jpg 600w\" sizes=\"(max-width: 300px) 100vw, 300px\" \/><\/p>\n<hr data-start=\"3789\" data-end=\"3792\" \/>\n<h2 data-start=\"3794\" data-end=\"3819\"><strong data-start=\"3797\" data-end=\"3817\">Material y Construir<\/strong><\/h2>\n<p data-start=\"3820\" data-end=\"4020\">Construido con una <strong data-start=\"3839\" data-end=\"3868\">marco de acero de alta resistencia<\/strong>recubrimientos resistentes a la corrosi\u00f3n, y <strong data-start=\"3906\" data-end=\"3940\">exterior compuesto ligero<\/strong>El S5401 logra el equilibrio perfecto entre seguridad y eficiencia energ\u00e9tica.<\/p>\n<hr data-start=\"4022\" data-end=\"4025\" \/>\n<h2 data-start=\"4027\" data-end=\"4051\"><strong data-start=\"4030\" data-end=\"4049\">Dise\u00f1o exterior<\/strong><\/h2>\n<p data-start=\"4052\" data-end=\"4278\">Caracter\u00edsticas del TECREK S5401 <strong data-start=\"4078\" data-end=\"4144\">l\u00edneas aerodin\u00e1micas, iluminaci\u00f3n LED y una rejilla frontal futurista<\/strong>que le da una est\u00e9tica urbana refinada. El dise\u00f1o compacto pero audaz de la carrocer\u00eda mejora la eficiencia energ\u00e9tica mientras se mantiene elegantemente moderno.<\/p>\n<hr data-start=\"4280\" data-end=\"4283\" \/>\n<h2 data-start=\"4285\" data-end=\"4315\"><strong data-start=\"4288\" data-end=\"4313\">Interior y Ergonom\u00eda<\/strong><\/h2>\n<p data-start=\"4316\" data-end=\"4567\">En el interior, el S5401 ofrece <strong data-start=\"4341\" data-end=\"4371\">un panel de instrumentos digital<\/strong>, <strong data-start=\"4373\" data-end=\"4397\">centro de control t\u00e1ctil<\/strong>y <strong data-start=\"4403\" data-end=\"4434\">tapicer\u00eda premium de dos tonos<\/strong>Su dise\u00f1o de acceso de 5 puertas proporciona facilidad de entrada y amplio espacio de carga, lo que lo hace ideal para el desplazamiento diario o uso de negocios ligeros.<\/p>\n<hr data-start=\"4569\" data-end=\"4572\" \/>\n<h2 data-start=\"4574\" data-end=\"4602\"><strong data-start=\"4577\" data-end=\"4600\">OEM &amp; Personalizaci\u00f3n<\/strong><\/h2>\n<p data-start=\"4603\" data-end=\"4798\">Servicios OEM est\u00e1n disponibles para <strong data-start=\"4634\" data-end=\"4725\">colores exteriores, logotipos de marca, materiales de asientos y configuraciones de sistemas de infoentretenimiento<\/strong>asegurando que cada TECREK S5401 pueda reflejar las necesidades de su mercado local.<\/p>\n<hr data-start=\"4800\" data-end=\"4803\" \/>\n<h2 data-start=\"4805\" data-end=\"4829\"><strong data-start=\"4808\" data-end=\"4827\">Control de calidad<\/strong><\/h2>\n<p data-start=\"4830\" data-end=\"5021\">Cada S5401 se prueba bajo <strong data-start=\"4857\" data-end=\"4896\">Normas de calidad ISO, CEE y CCC<\/strong>Cada unidad se somete a <strong data-start=\"4919\" data-end=\"5002\">pruebas de resistencia de la bater\u00eda, controles de seguridad de impacto y verificaci\u00f3n de impermeabilizaci\u00f3n<\/strong> antes de la entrega.<\/p>\n<hr data-start=\"5023\" data-end=\"5026\" \/>\n<h2 data-start=\"5028\" data-end=\"5056\"><strong data-start=\"5031\" data-end=\"5054\">Servicio posventa<\/strong><\/h2>\n<ul data-start=\"5057\" data-end=\"5208\">\n<li data-start=\"5057\" data-end=\"5087\">\n<p data-start=\"5059\" data-end=\"5087\">Red global de posventa<\/p>\n<\/li>\n<li data-start=\"5088\" data-end=\"5148\">\n<p data-start=\"5090\" data-end=\"5148\"><strong data-start=\"5090\" data-end=\"5111\">Garant\u00eda de 12 meses<\/strong> para bater\u00eda, motor y controlador<\/p>\n<\/li>\n<li data-start=\"5149\" data-end=\"5208\">\n<p data-start=\"5151\" data-end=\"5208\"><strong data-start=\"5151\" data-end=\"5174\">Soporte de piezas de repuesto<\/strong> Asistencia t\u00e9cnica en l\u00ednea<\/p>\n<\/li>\n<\/ul>\n<hr data-start=\"5210\" data-end=\"5213\" \/>\n<h2 data-start=\"5215\" data-end=\"5242\"><strong data-start=\"5218\" data-end=\"5240\">Campos de aplicaci\u00f3n<\/strong><\/h2>\n<ul data-start=\"5243\" data-end=\"5394\">\n<li data-start=\"5243\" data-end=\"5268\">\n<p data-start=\"5245\" data-end=\"5268\">Uso de coches privados urbanos<\/p>\n<\/li>\n<li data-start=\"5269\" data-end=\"5309\">\n<p data-start=\"5271\" data-end=\"5309\">Flotas de transporte compartido o de micromovilidad<\/p>\n<\/li>\n<li data-start=\"5310\" data-end=\"5348\">\n<p data-start=\"5312\" data-end=\"5348\">Log\u00edstica ecol\u00f3gica y turismo<\/p>\n<\/li>\n<li data-start=\"5349\" data-end=\"5394\">\n<p data-start=\"5351\" data-end=\"5394\">Flotas el\u00e9ctricas gubernamentales y empresariales<\/p>\n<\/li>\n<\/ul>\n<hr data-start=\"5396\" data-end=\"5399\" \/>\n<h2 data-start=\"5401\" data-end=\"5423\"><strong data-start=\"5404\" data-end=\"5421\">Condiciones de pago<\/strong><\/h2>\n<ul data-start=\"5424\" data-end=\"5549\">\n<li data-start=\"5424\" data-end=\"5463\">\n<p data-start=\"5426\" data-end=\"5463\">Aceptado: T \/ T, L \/ C, Seguridad comercial<\/p>\n<\/li>\n<li data-start=\"5464\" data-end=\"5502\">\n<p data-start=\"5466\" data-end=\"5502\">Entrega: 25-35 d\u00edas despu\u00e9s del dep\u00f3sito<\/p>\n<\/li>\n<li data-start=\"5503\" data-end=\"5549\">\n<p data-start=\"5505\" data-end=\"5549\">Orden m\u00ednima: Negociable para distribuidores<\/p>\n<\/li>\n<\/ul>\n<hr data-start=\"5551\" data-end=\"5554\" \/>\n<h2 data-start=\"5556\" data-end=\"5568\"><strong data-start=\"5559\" data-end=\"5566\">Preguntas frecuentes<\/strong><\/h2>\n<p data-start=\"5570\" data-end=\"5754\"><strong data-start=\"5570\" data-end=\"5624\">Q1: \u00bfEs el TECREK S5401 un veh\u00edculo capaz de carretera?<\/strong><br data-start=\"5624\" data-end=\"5627\" \/>A1: S\u00ed, el S5401 es un coche el\u00e9ctrico de alta velocidad capaz de alcanzar <strong data-start=\"5695\" data-end=\"5707\">100 km\/h<\/strong>adecuado tanto para carreteras urbanas como suburbanas.<\/p>\n<p data-start=\"5756\" data-end=\"5894\"><strong data-start=\"5756\" data-end=\"5797\">Q2: \u00bfCu\u00e1l es el requisito de carga?<\/strong><br data-start=\"5797\" data-end=\"5800\" \/>A2: Se pueden usar cargadores dom\u00e9sticos est\u00e1ndar de 220V, con un tiempo de carga completo de <strong data-start=\"5877\" data-end=\"5891\">7-10 horas<\/strong>.<\/p>\n<p data-start=\"5896\" data-end=\"6050\"><strong data-start=\"5896\" data-end=\"5935\">Q3: \u00bfCu\u00e1nto dura la bater\u00eda?<\/strong><br data-start=\"5935\" data-end=\"5938\" \/>A3: La bater\u00eda de iones de litio proporciona <strong data-start=\"5975\" data-end=\"6007\">m\u00e1s de 2000 ciclos de carga completa<\/strong>Garantizando a\u00f1os de rendimiento fiable.<\/p>\n<p data-start=\"6052\" data-end=\"6225\"><strong data-start=\"6052\" data-end=\"6107\">Q4: \u00bfSe puede personalizar el coche para nuestro mercado local?<\/strong><br data-start=\"6107\" data-end=\"6110\" \/>A4: S\u00ed, TECREK ofrece <strong data-start=\"6138\" data-end=\"6167\">Personalizaci\u00f3n OEM y ODM<\/strong> para las normas regionales de seguridad y las preferencias de dise\u00f1o.<\/p>","protected":false},"excerpt":{"rendered":"<p data-start=\"546\" data-end=\"860\">El <strong data-start=\"550\" data-end=\"607\">TECREK S5401 veh\u00edculo el\u00e9ctrico de cuatro ruedas de alta velocidad<\/strong> Est\u00e1 dise\u00f1ado para redefinir la movilidad el\u00e9ctrica moderna con una mezcla de lujo, practicidad e ingenier\u00eda inteligente. Construido para los desplazamientos urbanos y los viajes suburbanos, este coche el\u00e9ctrico de cinco puertas y cuatro asientos combina alto rendimiento con eficiencia energ\u00e9tica.<\/p>\n<p data-start=\"862\" data-end=\"1243\">Alimentado por a <strong data-start=\"875\" data-end=\"913\">motor sincr\u00f3nico de im\u00e1n permanente<\/strong>el S5401 entrega <strong data-start=\"934\" data-end=\"962\">velocidad m\u00e1xima de hasta 100 km\/h<\/strong> y un <strong data-start=\"970\" data-end=\"1017\">autonom\u00eda extendida de 172 km por carga<\/strong>apoyado por una robusta <strong data-start=\"1041\" data-end=\"1077\">sistema de bater\u00eda de energ\u00eda de iones de litio<\/strong>Ya sea para uso personal, operaciones de flota o movilidad empresarial ecol\u00f3gica, el S5401 garantiza fiabilidad, confort y conducci\u00f3n cero emisiones en cada viaje.<\/p>","protected":false},"featured_media":4169,"comment_status":"open","ping_status":"closed","template":"","meta":[],"product_brand":[],"product_cat":[77],"product_tag":[],"class_list":{"0":"post-4168","1":"product","2":"type-product","3":"status-publish","4":"has-post-thumbnail","6":"product_cat-electric-micro-vehicle","8":"first","9":"instock","10":"shipping-taxable","11":"product-type-simple"},"_links":{"self":[{"href":"https:\/\/www.tairuiauto.com\/es\/wp-json\/wp\/v2\/product\/4168","targetHints":{"allow":["GET"]}}],"collection":[{"href":"https:\/\/www.tairuiauto.com\/es\/wp-json\/wp\/v2\/product"}],"about":[{"href":"https:\/\/www.tairuiauto.com\/es\/wp-json\/wp\/v2\/types\/product"}],"replies":[{"embeddable":true,"href":"https:\/\/www.tairuiauto.com\/es\/wp-json\/wp\/v2\/comments?post=4168"}],"wp:featuredmedia":[{"embeddable":true,"href":"https:\/\/www.tairuiauto.com\/es\/wp-json\/wp\/v2\/media\/4169"}],"wp:attachment":[{"href":"https:\/\/www.tairuiauto.com\/es\/wp-json\/wp\/v2\/media?parent=4168"}],"wp:term":[{"taxonomy":"product_brand","embeddable":true,"href":"https:\/\/www.tairuiauto.com\/es\/wp-json\/wp\/v2\/product_brand?post=4168"},{"taxonomy":"product_cat","embeddable":true,"href":"https:\/\/www.tairuiauto.com\/es\/wp-json\/wp\/v2\/product_cat?post=4168"},{"taxonomy":"product_tag","embeddable":true,"href":"https:\/\/www.tairuiauto.com\/es\/wp-json\/wp\/v2\/product_tag?post=4168"}],"curies":[{"name":"WP","href":"https:\/\/api.w.org\/{rel}","templated":true}]}}