{"id":4197,"date":"2026-01-12T10:03:43","date_gmt":"2026-01-12T02:03:43","guid":{"rendered":"https:\/\/www.tairuiauto.com\/?post_type=product&#038;p=4197"},"modified":"2026-01-27T10:32:17","modified_gmt":"2026-01-27T02:32:17","slug":"high-speed-electric-mini-pickup","status":"publish","type":"product","link":"https:\/\/www.tairuiauto.com\/es\/product\/high-speed-electric-mini-pickup\/","title":{"rendered":"Mini Pickup el\u00e9ctrica de alta velocidad"},"content":{"rendered":"<h2 style=\"padding-left: 40px;\" data-start=\"554\" data-end=\"582\"><strong data-start=\"557\" data-end=\"580\">Descripci\u00f3n del producto<\/strong><\/h2>\n<p style=\"padding-left: 40px;\">El <strong data-start=\"700\" data-end=\"735\">Mini Pickup el\u00e9ctrica de alta velocidad<\/strong> Est\u00e1 dise\u00f1ado para el manejo eficiente de carga en entornos de baja velocidad y carretera controlada. Combinando una estructura de recogida reforzada con un tren el\u00e9ctrico, ofrece un rendimiento estable, un mantenimiento sencillo y una operaci\u00f3n diaria confiable para los usuarios comerciales.<\/p>\n<table style=\"border-collapse: collapse; width: 62.0354%; height: 388px; margin-left: 40px;\" border=\"0\" width=\"706\" cellspacing=\"0\" cellpadding=\"0\">\n<tbody style=\"padding-left: 40px;\">\n<tr style=\"height: 20pt; padding-left: 40px;\">\n<td class=\"et4\" style=\"height: 20pt; width: 186.55pt; padding-left: 40px;\" width=\"310\" height=\"33\">Nombre<\/td>\n<td class=\"et6\" style=\"width: 237.6pt; padding-left: 40px;\" width=\"396\">Mini Pickup el\u00e9ctrica de alta velocidad<\/td>\n<\/tr>\n<tr style=\"height: 20pt; padding-left: 40px;\">\n<td class=\"et5\" style=\"height: 20pt; width: 186.55pt; padding-left: 40px;\" width=\"310\" height=\"33\">Longitud * Ancho * Altura (mm)<\/td>\n<td class=\"et5\" style=\"width: 237.6pt; padding-left: 40px;\" width=\"396\">4975 \u00b7 1700 \u00b7 2425<\/td>\n<\/tr>\n<tr style=\"height: 20pt; padding-left: 40px;\">\n<td class=\"et5\" style=\"height: 20pt; width: 186.55pt; padding-left: 40px;\" width=\"310\" height=\"33\">Control el\u00e9ctrico<\/td>\n<td class=\"et5\" style=\"width: 237.6pt; padding-left: 40px;\" width=\"396\">Control el\u00e9ctrico inteligente de CA de 72V<\/td>\n<\/tr>\n<tr style=\"height: 20pt; padding-left: 40px;\">\n<td class=\"et5\" style=\"height: 20pt; width: 186.55pt; padding-left: 40px;\" width=\"310\" height=\"33\">bater\u00eda<\/td>\n<td class=\"et5\" style=\"width: 237.6pt; padding-left: 40px;\" width=\"396\">Bater\u00eda 6v200AH sin mantenimiento<\/td>\n<\/tr>\n<tr style=\"height: 20pt; padding-left: 40px;\">\n<td class=\"et5\" style=\"height: 20pt; width: 186.55pt; padding-left: 40px;\" width=\"310\" height=\"33\">kilometraje<\/td>\n<td class=\"et5\" style=\"width: 237.6pt; padding-left: 40px;\" width=\"396\">90-100km<\/td>\n<\/tr>\n<tr style=\"height: 20pt; padding-left: 40px;\">\n<td class=\"et5\" style=\"height: 20pt; width: 186.55pt; padding-left: 40px;\" width=\"310\" height=\"33\">M\u00e1quina el\u00e9ctrica<\/td>\n<td class=\"et5\" style=\"width: 237.6pt; padding-left: 40px;\" width=\"396\">Motor de tracci\u00f3n AC 7.5kw<\/td>\n<\/tr>\n<tr style=\"height: 20pt; padding-left: 40px;\">\n<td class=\"et5\" style=\"height: 20pt; width: 186.55pt; padding-left: 40px;\" width=\"310\" height=\"33\">Gradiente m\u00e1ximo<\/td>\n<td class=\"et5\" style=\"width: 237.6pt; padding-left: 40px;\" width=\"396\">0.25<\/td>\n<\/tr>\n<tr style=\"height: 20pt; padding-left: 40px;\">\n<td class=\"et5\" style=\"height: 20pt; width: 186.55pt; padding-left: 40px;\" width=\"310\" height=\"33\">freno<\/td>\n<td class=\"et5\" style=\"width: 237.6pt; padding-left: 40px;\" width=\"396\">Tambor delantero y trasero, freno hidr\u00e1ulico<\/td>\n<\/tr>\n<tr style=\"height: 20pt; padding-left: 40px;\">\n<td class=\"et5\" style=\"height: 20pt; width: 186.55pt; padding-left: 40px;\" width=\"310\" height=\"33\">velocidad<\/td>\n<td class=\"et5\" style=\"width: 237.6pt; padding-left: 40px;\" width=\"396\">40 km\/h<\/td>\n<\/tr>\n<tr style=\"height: 20pt; padding-left: 40px;\">\n<td class=\"et5\" style=\"height: 20pt; width: 186.55pt; padding-left: 40px;\" width=\"310\" height=\"33\">Sistema de direcci\u00f3n<\/td>\n<td class=\"et5\" style=\"width: 237.6pt; padding-left: 40px;\" width=\"396\">Potencia de direcci\u00f3n electr\u00f3nica<\/td>\n<\/tr>\n<tr style=\"height: 20pt; padding-left: 40px;\">\n<td class=\"et5\" style=\"height: 20pt; width: 186.55pt; padding-left: 40px;\" width=\"310\" height=\"33\">Suspensi\u00f3n delantera y trasera<\/td>\n<td class=\"et5\" style=\"width: 237.6pt; padding-left: 40px;\" width=\"396\">Muelles longitudinales delanteros y traseros<\/td>\n<\/tr>\n<tr style=\"height: 20pt; padding-left: 40px;\">\n<td class=\"et5\" style=\"height: 20pt; width: 186.55pt; padding-left: 40px;\" width=\"310\" height=\"33\">rueda<\/td>\n<td class=\"et5\" style=\"width: 237.6pt; padding-left: 40px;\" width=\"396\">Ruedas de acero 165\/70R13<\/td>\n<\/tr>\n<\/tbody>\n<\/table>\n<hr style=\"padding-left: 40px;\" data-start=\"1464\" data-end=\"1467\" \/>\n<h2 style=\"padding-left: 40px;\" data-start=\"1006\" data-end=\"1028\">Descripci\u00f3n del producto<\/h2>\n<h3 style=\"padding-left: 40px;\" data-start=\"1030\" data-end=\"1052\">Categor\u00eda de producto<\/h3>\n<p style=\"padding-left: 40px;\" data-start=\"1053\" data-end=\"1142\">Mini cami\u00f3n pickup el\u00e9ctrico\/veh\u00edculo el\u00e9ctrico de servicios p\u00fablicos\/veh\u00edculo el\u00e9ctrico de carga ligero<\/p>\n<h3 style=\"padding-left: 40px;\" data-start=\"1144\" data-end=\"1169\">Descripci\u00f3n del producto<\/h3>\n<p style=\"padding-left: 40px;\" data-start=\"1171\" data-end=\"1546\">El <strong data-start=\"1175\" data-end=\"1210\">Mini Pickup el\u00e9ctrica de alta velocidad<\/strong> Est\u00e1 dise\u00f1ado para satisfacer las necesidades del transporte de carga de corto alcance donde la fiabilidad, la simplicidad y el bajo costo operativo son cr\u00edticos. Con dimensiones generales de <strong data-start=\"1367\" data-end=\"1392\">4975 \u00d7 1700 \u00d7 2425 mm<\/strong>El veh\u00edculo ofrece una amplia disposici\u00f3n de carga mientras mantiene la maniobrabilidad pr\u00e1ctica para parques industriales, campus, carreteras rurales y patios log\u00edsticos.<\/p>\n<p style=\"padding-left: 40px;\" data-start=\"1548\" data-end=\"1926\">El veh\u00edculo adopta una <strong data-start=\"1569\" data-end=\"1615\">Sistema de control el\u00e9ctrico inteligente de CA de 72V<\/strong>garantizando una entrega de energ\u00eda sin problemas y una gesti\u00f3n eficiente de la energ\u00eda. Est\u00e1 equipado con una <strong data-start=\"1703\" data-end=\"1731\">Motor de tracci\u00f3n AC de 7,5 kW<\/strong>proporcionando una salida estable para las tareas diarias de transporte. El sistema apoya a <strong data-start=\"1804\" data-end=\"1848\">Rango de conducci\u00f3n de aproximadamente 90-100 km<\/strong>lo que lo hace adecuado para ciclos de transporte de rutina sin recarga frecuente.<\/p>\n<p style=\"padding-left: 40px;\" data-start=\"1548\" data-end=\"1926\"><img fetchpriority=\"high\" decoding=\"async\" class=\"alignnone wp-image-4205\" src=\"https:\/\/www.tairuiauto.com\/wp-content\/uploads\/2025\/10\/8-3-300x200.jpg\" alt=\"\" width=\"300\" height=\"200\" srcset=\"https:\/\/www.tairuiauto.com\/wp-content\/uploads\/2025\/10\/8-3-300x200.jpg 300w, https:\/\/www.tairuiauto.com\/wp-content\/uploads\/2025\/10\/8-3-1024x682.jpg 1024w, https:\/\/www.tairuiauto.com\/wp-content\/uploads\/2025\/10\/8-3-768x512.jpg 768w, https:\/\/www.tairuiauto.com\/wp-content\/uploads\/2025\/10\/8-3-1536x1023.jpg 1536w, https:\/\/www.tairuiauto.com\/wp-content\/uploads\/2025\/10\/8-3-18x12.jpg 18w, https:\/\/www.tairuiauto.com\/wp-content\/uploads\/2025\/10\/8-3-600x400.jpg 600w, https:\/\/www.tairuiauto.com\/wp-content\/uploads\/2025\/10\/8-3.jpg 1911w\" sizes=\"(max-width: 300px) 100vw, 300px\" \/>\u00a0 \u00a0<img decoding=\"async\" class=\"alignnone wp-image-4211\" src=\"https:\/\/www.tairuiauto.com\/wp-content\/uploads\/2025\/10\/14-300x200.jpg\" alt=\"\" width=\"300\" height=\"200\" srcset=\"https:\/\/www.tairuiauto.com\/wp-content\/uploads\/2025\/10\/14-300x200.jpg 300w, https:\/\/www.tairuiauto.com\/wp-content\/uploads\/2025\/10\/14-1024x682.jpg 1024w, https:\/\/www.tairuiauto.com\/wp-content\/uploads\/2025\/10\/14-768x512.jpg 768w, https:\/\/www.tairuiauto.com\/wp-content\/uploads\/2025\/10\/14-1536x1024.jpg 1536w, https:\/\/www.tairuiauto.com\/wp-content\/uploads\/2025\/10\/14-2048x1365.jpg 2048w, https:\/\/www.tairuiauto.com\/wp-content\/uploads\/2025\/10\/14-18x12.jpg 18w, https:\/\/www.tairuiauto.com\/wp-content\/uploads\/2025\/10\/14-600x400.jpg 600w\" sizes=\"(max-width: 300px) 100vw, 300px\" \/>\u00a0 \u00a0 \u00a0 <img decoding=\"async\" class=\"alignnone wp-image-4193\" src=\"https:\/\/www.tairuiauto.com\/wp-content\/uploads\/2025\/10\/11-2-300x224.jpg\" alt=\"\" width=\"268\" height=\"200\" srcset=\"https:\/\/www.tairuiauto.com\/wp-content\/uploads\/2025\/10\/11-2-300x224.jpg 300w, https:\/\/www.tairuiauto.com\/wp-content\/uploads\/2025\/10\/11-2-1024x765.jpg 1024w, https:\/\/www.tairuiauto.com\/wp-content\/uploads\/2025\/10\/11-2-768x574.jpg 768w, https:\/\/www.tairuiauto.com\/wp-content\/uploads\/2025\/10\/11-2-1536x1147.jpg 1536w, https:\/\/www.tairuiauto.com\/wp-content\/uploads\/2025\/10\/11-2-2048x1529.jpg 2048w, https:\/\/www.tairuiauto.com\/wp-content\/uploads\/2025\/10\/11-2-16x12.jpg 16w, https:\/\/www.tairuiauto.com\/wp-content\/uploads\/2025\/10\/11-2-600x448.jpg 600w\" sizes=\"(max-width: 268px) 100vw, 268px\" \/><\/p>\n<p style=\"padding-left: 40px;\" data-start=\"1928\" data-end=\"2173\">La energ\u00eda es suministrada por una <strong data-start=\"1951\" data-end=\"2009\">bater\u00eda sin mantenimiento (configuraci\u00f3n 6V 200Ah)<\/strong>Dise\u00f1ado para la durabilidad y la reducci\u00f3n de los requisitos de servicio. Este sistema de bater\u00eda soporta un rendimiento consistente y un uso diario fiable en entornos comerciales.<\/p>\n<p style=\"padding-left: 40px;\" data-start=\"2175\" data-end=\"2429\">El pickup es capaz de manejar una <strong data-start=\"2211\" data-end=\"2247\">gradiente m\u00e1ximo de escalada del 25%<\/strong>lo que le permite operar en rampas, terreno desigual y condiciones ligeras fuera de carretera. Una <strong data-start=\"2331\" data-end=\"2355\">velocidad m\u00e1xima de 40 km\/h<\/strong> garantiza un funcionamiento seguro y controlado en \u00e1reas restringidas o semicerradas.<\/p>\n<p style=\"padding-left: 40px;\" data-start=\"2431\" data-end=\"2714\">Para la seguridad y el control, el veh\u00edculo cuenta con una <strong data-start=\"2478\" data-end=\"2538\">sistema de frenado hidr\u00e1ulico con frenos de tambor delantero y trasero<\/strong>proporcionando un rendimiento de parada fiable bajo carga. El <strong data-start=\"2598\" data-end=\"2634\">sistema de direcci\u00f3n asistida electr\u00f3nico<\/strong> mejora la comodidad de manejo y reduce la fatiga del conductor durante una operaci\u00f3n prolongada.<\/p>\n<p style=\"padding-left: 40px;\" data-start=\"2716\" data-end=\"2983\">El chasis es apoyado por <strong data-start=\"2744\" data-end=\"2798\">suspensi\u00f3n longitudinal delantera y trasera del muelle de hoja<\/strong>que ofrece una fuerte capacidad de carga y durabilidad para el transporte de carga repetido. <strong data-start=\"2885\" data-end=\"2911\">Ruedas de acero 165\/70R13<\/strong> mejorar a\u00fan m\u00e1s la resistencia estructural y la idoneidad para uso comercial.<\/p>\n<hr style=\"padding-left: 40px;\" data-start=\"3023\" data-end=\"3026\" \/>\n<h2 style=\"padding-left: 40px;\" data-start=\"2990\" data-end=\"3018\">Caracter\u00edsticas clave &amp; Ventajas<\/h2>\n<h3 style=\"padding-left: 40px;\" data-start=\"3020\" data-end=\"3034\">Caracter\u00edsticas<\/h3>\n<ul>\n<li style=\"list-style-type: none;\">\n<ul data-start=\"3035\" data-end=\"3215\">\n<li data-start=\"3035\" data-end=\"3071\">\n<p data-start=\"3037\" data-end=\"3071\">Dise\u00f1o de carrocer\u00eda mini pickup el\u00e9ctrica<\/p>\n<\/li>\n<li data-start=\"3072\" data-end=\"3118\">\n<p data-start=\"3074\" data-end=\"3118\">Sistema de control el\u00e9ctrico inteligente de CA de 72V<\/p>\n<\/li>\n<li data-start=\"3119\" data-end=\"3147\">\n<p data-start=\"3121\" data-end=\"3147\">Motor de tracci\u00f3n AC de 7,5 kW<\/p>\n<\/li>\n<li data-start=\"3148\" data-end=\"3181\">\n<p data-start=\"3150\" data-end=\"3181\">Bater\u00eda sin mantenimiento<\/p>\n<\/li>\n<li data-start=\"3182\" data-end=\"3215\">\n<p data-start=\"3184\" data-end=\"3215\">Sistema de frenado de tambor hidr\u00e1ulico<\/p>\n<\/li>\n<\/ul>\n<\/li>\n<\/ul>\n<h3 style=\"padding-left: 40px;\" data-start=\"3217\" data-end=\"3233\">Ventajas<\/h3>\n<ul>\n<li style=\"list-style-type: none;\">\n<ul data-start=\"3234\" data-end=\"3418\">\n<li data-start=\"3234\" data-end=\"3282\">\n<p data-start=\"3236\" data-end=\"3282\">Rendimiento estable para el transporte de carga ligera<\/p>\n<\/li>\n<li data-start=\"3283\" data-end=\"3322\">\n<p data-start=\"3285\" data-end=\"3322\">Bajos costos de mantenimiento y operaci\u00f3n<\/p>\n<\/li>\n<li data-start=\"3323\" data-end=\"3363\">\n<p data-start=\"3325\" data-end=\"3363\">Estructura de transmisi\u00f3n el\u00e9ctrica simple<\/p>\n<\/li>\n<li data-start=\"3364\" data-end=\"3418\">\n<p data-start=\"3366\" data-end=\"3418\">Adecuado para terrenos variados y condiciones de trabajo<\/p>\n<\/li>\n<\/ul>\n<\/li>\n<\/ul>\n<h3 style=\"padding-left: 40px;\" data-start=\"3420\" data-end=\"3440\">Beneficios del comprador<\/h3>\n<ul>\n<li style=\"list-style-type: none;\">\n<ul data-start=\"3441\" data-end=\"3611\">\n<li data-start=\"3441\" data-end=\"3480\">\n<p data-start=\"3443\" data-end=\"3480\">Reducci\u00f3n de los gastos de combustible y mantenimiento<\/p>\n<\/li>\n<li data-start=\"3481\" data-end=\"3528\">\n<p data-start=\"3483\" data-end=\"3528\">Funcionamiento diario fiable para uso comercial<\/p>\n<\/li>\n<li data-start=\"3529\" data-end=\"3563\">\n<p data-start=\"3531\" data-end=\"3563\">F\u00e1cil operaci\u00f3n y mantenimiento<\/p>\n<\/li>\n<li data-start=\"3564\" data-end=\"3611\">\n<p data-start=\"3566\" data-end=\"3611\">Soluci\u00f3n ideal para log\u00edstica de corta distancia<\/p>\n<\/li>\n<\/ul>\n<\/li>\n<\/ul>\n<h3 style=\"padding-left: 40px;\" data-start=\"3613\" data-end=\"3627\">Evidencia<\/h3>\n<ul>\n<li style=\"list-style-type: none;\">\n<ul data-start=\"3628\" data-end=\"3770\">\n<li data-start=\"3628\" data-end=\"3669\">\n<p data-start=\"3630\" data-end=\"3669\">Sistema de motor y controlador de CA probado<\/p>\n<\/li>\n<li data-start=\"3670\" data-end=\"3717\">\n<p data-start=\"3672\" data-end=\"3717\">Suspensi\u00f3n reforzada y estructura de chasis<\/p>\n<\/li>\n<li data-start=\"3718\" data-end=\"3770\">\n<p data-start=\"3720\" data-end=\"3770\">Componentes de frenado y direcci\u00f3n de calidad comercial<\/p>\n<\/li>\n<\/ul>\n<\/li>\n<\/ul>\n<hr style=\"padding-left: 40px;\" data-start=\"3772\" data-end=\"3775\" \/>\n<h2 style=\"padding-left: 40px;\" data-start=\"3777\" data-end=\"3801\">Escenarios de aplicaci\u00f3n<\/h2>\n<ul>\n<li style=\"list-style-type: none;\">\n<ul data-start=\"3803\" data-end=\"4009\">\n<li data-start=\"3803\" data-end=\"3844\">\n<p data-start=\"3805\" data-end=\"3844\">Log\u00edstica de f\u00e1bricas y parques industriales<\/p>\n<\/li>\n<li data-start=\"3845\" data-end=\"3887\">\n<p data-start=\"3847\" data-end=\"3887\">Transporte de carga agr\u00edcola y rural<\/p>\n<\/li>\n<li data-start=\"3888\" data-end=\"3930\">\n<p data-start=\"3890\" data-end=\"3930\">Operaciones de mantenimiento de campus y parques<\/p>\n<\/li>\n<li data-start=\"3931\" data-end=\"3971\">\n<p data-start=\"3933\" data-end=\"3971\">Manipulaci\u00f3n de materiales de almac\u00e9n y patio<\/p>\n<\/li>\n<li data-start=\"3972\" data-end=\"4009\">\n<p data-start=\"3974\" data-end=\"4009\">Uso de servicios municipales y de servicios p\u00fablicos<\/p>\n<\/li>\n<\/ul>\n<\/li>\n<\/ul>\n<hr style=\"padding-left: 40px;\" data-start=\"4011\" data-end=\"4014\" \/>\n<h2 style=\"padding-left: 40px;\" data-start=\"4016\" data-end=\"4055\">Por qu\u00e9 elegir esta mini pickup el\u00e9ctrica<\/h2>\n<p style=\"padding-left: 40px;\" data-start=\"4057\" data-end=\"4370\">El <strong data-start=\"4061\" data-end=\"4096\">Mini Pickup el\u00e9ctrica de alta velocidad<\/strong> ofrece un equilibrio pr\u00e1ctico entre capacidad de carga, eficiencia operativa y control de costos. Con su estructura robusta y sistema el\u00e9ctrico simplificado, es una opci\u00f3n ideal para las empresas que buscan una soluci\u00f3n de recogida el\u00e9ctrica fiable para aplicaciones comerciales ligeras.<\/p>\n<hr style=\"padding-left: 40px;\" data-start=\"4372\" data-end=\"4375\" \/>\n<h2 style=\"padding-left: 40px;\" data-start=\"4377\" data-end=\"4394\">Llamada a la acci\u00f3n<\/h2>\n<p style=\"padding-left: 40px;\" data-start=\"4396\" data-end=\"4636\">Buscando un compacto y fiable <strong data-start=\"4431\" data-end=\"4461\">mini camioneta el\u00e9ctrica<\/strong> para el transporte diario de carga?<br data-start=\"4488\" data-end=\"4491\" \/>P\u00f3ngase en contacto con nosotros ahora para recibir especificaciones detalladas, opciones de personalizaci\u00f3n, precios y soporte profesional adaptado a sus requisitos de mercado.<\/p>\n<hr style=\"padding-left: 40px;\" data-start=\"4638\" data-end=\"4641\" \/>\n<h2 style=\"padding-left: 40px;\" data-start=\"4643\" data-end=\"4649\">Preguntas frecuentes<\/h2>\n<p style=\"padding-left: 40px;\" data-start=\"4651\" data-end=\"4828\"><strong data-start=\"4651\" data-end=\"4714\">Q1: \u00bfCu\u00e1l es el rango de conducci\u00f3n de esta mini pickup el\u00e9ctrica?<\/strong><br data-start=\"4714\" data-end=\"4717\" \/>El veh\u00edculo ofrece un rango de aproximadamente <strong data-start=\"4763\" data-end=\"4776\">90\u2013100 km<\/strong> por carga, dependiendo de las condiciones de carga y uso.<\/p>\n<p style=\"padding-left: 40px;\" data-start=\"4830\" data-end=\"4961\"><strong data-start=\"4830\" data-end=\"4869\">Q2: \u00bfQu\u00e9 tipo de motor utiliza?<\/strong><br data-start=\"4869\" data-end=\"4872\" \/>Est\u00e1 equipado con una <strong data-start=\"4894\" data-end=\"4922\">Motor de tracci\u00f3n AC de 7,5 kW<\/strong> para una salida de potencia estable y eficiente.<\/p>\n<p style=\"padding-left: 40px;\" data-start=\"4963\" data-end=\"5103\"><strong data-start=\"4963\" data-end=\"5003\">Q3: \u00bfEs la bater\u00eda libre de mantenimiento?<\/strong><br data-start=\"5003\" data-end=\"5006\" \/>- S\u00ed. - S\u00ed. El veh\u00edculo utiliza una <strong data-start=\"5030\" data-end=\"5063\">bater\u00eda sin mantenimiento<\/strong>Reducir los requisitos de servicio diario.<\/p>\n<p style=\"padding-left: 40px;\" data-start=\"5105\" data-end=\"5230\"><strong data-start=\"5105\" data-end=\"5141\">Q4: \u00bfQu\u00e9 sistema de frenado se utiliza?<\/strong><br data-start=\"5141\" data-end=\"5144\" \/>Caracter\u00edsticas <strong data-start=\"5156\" data-end=\"5196\">frenos de tambor hidr\u00e1ulicos delanteros y traseros<\/strong> para un rendimiento de frenado fiable.<\/p>\n<p style=\"padding-left: 40px;\" data-start=\"5232\" data-end=\"5434\"><strong data-start=\"5232\" data-end=\"5298\">Q5: \u00bfEs este modelo adecuado para uso industrial o agr\u00edcola?<\/strong><br data-start=\"5298\" data-end=\"5301\" \/>- S\u00ed. - S\u00ed. Su sistema de suspensi\u00f3n, capacidad de escalada y chasis duradero lo hacen adecuado tanto para entornos industriales como agr\u00edcolas.<\/p>\n<p style=\"padding-left: 40px;\" data-start=\"5167\" data-end=\"5325\">","protected":false},"excerpt":{"rendered":"<p>El <strong data-start=\"339\" data-end=\"374\">Mini Pickup el\u00e9ctrica de alta velocidad<\/strong> es un veh\u00edculo el\u00e9ctrico compacto dise\u00f1ado para el transporte de carga ligera y operaciones de corta distancia. Con un cuerpo de recogida duradero, motor de tracci\u00f3n AC y sistema de bater\u00eda fiable, proporciona una soluci\u00f3n el\u00e9ctrica rentable para aplicaciones industriales, agr\u00edcolas y de servicios urbanos.<\/p>","protected":false},"featured_media":5331,"comment_status":"open","ping_status":"closed","template":"","meta":[],"product_brand":[],"product_cat":[77],"product_tag":[],"class_list":{"0":"post-4197","1":"product","2":"type-product","3":"status-publish","4":"has-post-thumbnail","6":"product_cat-electric-micro-vehicle","8":"first","9":"instock","10":"shipping-taxable","11":"product-type-simple"},"_links":{"self":[{"href":"https:\/\/www.tairuiauto.com\/es\/wp-json\/wp\/v2\/product\/4197","targetHints":{"allow":["GET"]}}],"collection":[{"href":"https:\/\/www.tairuiauto.com\/es\/wp-json\/wp\/v2\/product"}],"about":[{"href":"https:\/\/www.tairuiauto.com\/es\/wp-json\/wp\/v2\/types\/product"}],"replies":[{"embeddable":true,"href":"https:\/\/www.tairuiauto.com\/es\/wp-json\/wp\/v2\/comments?post=4197"}],"wp:featuredmedia":[{"embeddable":true,"href":"https:\/\/www.tairuiauto.com\/es\/wp-json\/wp\/v2\/media\/5331"}],"wp:attachment":[{"href":"https:\/\/www.tairuiauto.com\/es\/wp-json\/wp\/v2\/media?parent=4197"}],"wp:term":[{"taxonomy":"product_brand","embeddable":true,"href":"https:\/\/www.tairuiauto.com\/es\/wp-json\/wp\/v2\/product_brand?post=4197"},{"taxonomy":"product_cat","embeddable":true,"href":"https:\/\/www.tairuiauto.com\/es\/wp-json\/wp\/v2\/product_cat?post=4197"},{"taxonomy":"product_tag","embeddable":true,"href":"https:\/\/www.tairuiauto.com\/es\/wp-json\/wp\/v2\/product_tag?post=4197"}],"curies":[{"name":"WP","href":"https:\/\/api.w.org\/{rel}","templated":true}]}}