{"id":4220,"date":"2026-01-11T10:00:48","date_gmt":"2026-01-11T02:00:48","guid":{"rendered":"https:\/\/www.tairuiauto.com\/?post_type=product&#038;p=4220"},"modified":"2026-01-27T10:30:11","modified_gmt":"2026-01-27T02:30:11","slug":"urban-delivery-electric-truck","status":"publish","type":"product","link":"https:\/\/www.tairuiauto.com\/es\/product\/urban-delivery-electric-truck\/","title":{"rendered":"Cami\u00f3n el\u00e9ctrico de entrega urbana"},"content":{"rendered":"<h2 style=\"padding-left: 40px;\" data-start=\"340\" data-end=\"377\">Descripci\u00f3n general del producto<\/h2>\n<p style=\"padding-left: 40px;\" data-start=\"693\" data-end=\"1005\">El <strong>Cami\u00f3n el\u00e9ctrico de entrega urbana<\/strong>\u00a0es un veh\u00edculo log\u00edstico urbano especialmente construido que combina dimensiones compactas, una fuerte capacidad de carga \u00fatil y un rendimiento el\u00e9ctrico fiable. Est\u00e1 dise\u00f1ado para satisfacer las demandas de la entrega diaria de la ciudad, el transporte comercial ligero y las operaciones de flota ambientalmente responsables.<\/p>\n<table style=\"width: 68.2045%; height: 576px; margin-left: 40px;\" width=\"720\">\n<tbody style=\"padding-left: 40px;\">\n<tr style=\"height: 24px; padding-left: 40px;\">\n<td style=\"height: 24px; width: 44.186%; padding-left: 40px;\" width=\"265\">modelo<\/td>\n<td style=\"height: 24px; width: 60.602%; padding-left: 40px;\" width=\"455\">Cami\u00f3n el\u00e9ctrico de entrega urbana<\/td>\n<\/tr>\n<tr style=\"height: 24px; padding-left: 40px;\">\n<td style=\"height: 24px; width: 44.186%; padding-left: 40px;\" width=\"265\">Tipo de caja<\/td>\n<td style=\"height: 24px; width: 60.602%; padding-left: 40px;\" width=\"455\">Caja de carga<\/td>\n<\/tr>\n<tr style=\"height: 24px; padding-left: 40px;\">\n<td style=\"height: 24px; width: 44.186%; padding-left: 40px;\" width=\"265\">Capacidad del contenedor (m\u00b3)<\/td>\n<td style=\"height: 24px; width: 60.602%; padding-left: 40px;\" width=\"455\">3,4 m\u00b3<\/td>\n<\/tr>\n<tr style=\"height: 24px; padding-left: 40px;\">\n<td style=\"height: 24px; width: 44.186%; padding-left: 40px;\" width=\"265\">Capacidad de carga nominal (kg)<\/td>\n<td style=\"height: 24px; width: 60.602%; padding-left: 40px;\" width=\"455\">475<\/td>\n<\/tr>\n<tr style=\"height: 24px; padding-left: 40px;\">\n<td style=\"height: 24px; width: 44.186%; padding-left: 40px;\" width=\"265\">Dimensiones totales (mm)<\/td>\n<td style=\"height: 24px; width: 60.602%; padding-left: 40px;\" width=\"455\">3820*1480*1900<\/td>\n<\/tr>\n<tr style=\"height: 24px; padding-left: 40px;\">\n<td style=\"height: 24px; width: 44.186%; padding-left: 40px;\" width=\"265\">Peso del borde (kg)<\/td>\n<td style=\"height: 24px; width: 60.602%; padding-left: 40px;\" width=\"455\">945<\/td>\n<\/tr>\n<tr style=\"height: 24px; padding-left: 40px;\">\n<td style=\"height: 24px; width: 44.186%; padding-left: 40px;\" width=\"265\">Dimensiones del contenedor (mm)<\/td>\n<td style=\"height: 24px; width: 60.602%; padding-left: 40px;\" width=\"455\">2025*1400*1185<\/td>\n<\/tr>\n<tr style=\"height: 24px; padding-left: 40px;\">\n<td style=\"height: 24px; width: 44.186%; padding-left: 40px;\" width=\"265\">Rango NEDC (km)<\/td>\n<td style=\"height: 24px; width: 60.602%; padding-left: 40px;\" width=\"455\">140<\/td>\n<\/tr>\n<tr style=\"height: 24px; padding-left: 40px;\">\n<td style=\"height: 24px; width: 44.186%; padding-left: 40px;\" width=\"265\">Asiento(s) en Cab<\/td>\n<td style=\"height: 24px; width: 60.602%; padding-left: 40px;\" width=\"455\">2<\/td>\n<\/tr>\n<tr style=\"height: 24px; padding-left: 40px;\">\n<td style=\"height: 24px; width: 44.186%; padding-left: 40px;\" width=\"265\">Distancia entre ruedas (mm)<\/td>\n<td style=\"height: 24px; width: 60.602%; padding-left: 40px;\" width=\"455\">2450<\/td>\n<\/tr>\n<tr style=\"height: 24px; padding-left: 40px;\">\n<td style=\"height: 24px; width: 44.186%; padding-left: 40px;\" width=\"265\">Masa total (kg)<\/td>\n<td style=\"height: 24px; width: 60.602%; padding-left: 40px;\" width=\"455\">1550<\/td>\n<\/tr>\n<tr style=\"height: 24px; padding-left: 40px;\">\n<td style=\"height: 24px; width: 44.186%; padding-left: 40px;\" width=\"265\">Tiempo de carga &#8211; Normal (h)<\/td>\n<td style=\"height: 24px; width: 60.602%; padding-left: 40px;\" width=\"455\">6-8 horas<\/td>\n<\/tr>\n<tr style=\"height: 24px; padding-left: 40px;\">\n<td style=\"height: 24px; width: 44.186%; padding-left: 40px;\" width=\"265\">Tipo de bater\u00eda<\/td>\n<td style=\"height: 24px; width: 60.602%; padding-left: 40px;\" width=\"455\">LFP<\/td>\n<\/tr>\n<tr style=\"height: 24px; padding-left: 40px;\">\n<td style=\"height: 24px; width: 44.186%; padding-left: 40px;\" width=\"265\">Potencia del motor &#8211; Nombrado (kw)<\/td>\n<td style=\"height: 24px; width: 60.602%; padding-left: 40px;\" width=\"455\">15<\/td>\n<\/tr>\n<tr style=\"height: 24px; padding-left: 40px;\">\n<td style=\"height: 24px; width: 44.186%; padding-left: 40px;\" width=\"265\">Torque m\u00e1ximo (N\u00b7m)<\/td>\n<td style=\"height: 24px; width: 60.602%; padding-left: 40px;\" width=\"455\">130<\/td>\n<\/tr>\n<tr style=\"height: 24px; padding-left: 40px;\">\n<td style=\"height: 24px; width: 44.186%; padding-left: 40px;\" width=\"265\">Gradabilidad (%)<\/td>\n<td style=\"height: 24px; width: 60.602%; padding-left: 40px;\" width=\"455\">&gt; 10%<\/td>\n<\/tr>\n<tr style=\"height: 24px; padding-left: 40px;\">\n<td style=\"height: 24px; width: 44.186%; padding-left: 40px;\" width=\"265\">Velocidad m\u00e1xima (km\/h)<\/td>\n<td style=\"height: 24px; width: 60.602%; padding-left: 40px;\" width=\"455\">&gt; 70<\/td>\n<\/tr>\n<tr style=\"height: 24px; padding-left: 40px;\">\n<td style=\"height: 24px; width: 44.186%; padding-left: 40px;\" width=\"265\">Tipo de motor<\/td>\n<td style=\"height: 24px; width: 60.602%; padding-left: 40px;\" width=\"455\">PMSM<\/td>\n<\/tr>\n<tr style=\"height: 24px; padding-left: 40px;\">\n<td style=\"height: 24px; width: 44.186%; padding-left: 40px;\" width=\"265\">Tipo de Drive<\/td>\n<td style=\"height: 24px; width: 60.602%; padding-left: 40px;\" width=\"455\">4 \u00d7 2<\/td>\n<\/tr>\n<tr style=\"height: 24px; padding-left: 40px;\">\n<td style=\"height: 24px; width: 44.186%; padding-left: 40px;\" width=\"265\">Capacidad del eje delantero\/trasero (kg)<\/td>\n<td style=\"height: 24px; width: 60.602%; padding-left: 40px;\" width=\"455\">450\/425<\/td>\n<\/tr>\n<tr style=\"height: 24px; padding-left: 40px;\">\n<td style=\"height: 24px; width: 44.186%; padding-left: 40px;\" width=\"265\">Tama\u00f1o del neum\u00e1tico<\/td>\n<td style=\"height: 24px; width: 60.602%; padding-left: 40px;\" width=\"455\">145R12 LT 8PR<\/td>\n<\/tr>\n<tr style=\"height: 24px; padding-left: 40px;\">\n<td style=\"height: 24px; width: 44.186%; padding-left: 40px;\" width=\"265\">Pista delantera\/trasera (mm)<\/td>\n<td style=\"height: 24px; width: 60.602%; padding-left: 40px;\" width=\"455\">1290<\/td>\n<\/tr>\n<tr style=\"height: 24px; padding-left: 40px;\">\n<td style=\"height: 24px; width: 44.186%; padding-left: 40px;\" width=\"265\">Tipo(s) de freno(s)<\/td>\n<td style=\"height: 24px; width: 60.602%; padding-left: 40px;\" width=\"455\">Disco\/tambor (F\/R)<\/td>\n<\/tr>\n<\/tbody>\n<\/table>\n<h2 style=\"padding-left: 40px;\" data-start=\"1012\" data-end=\"1034\">Descripci\u00f3n del producto<\/h2>\n<h3 style=\"padding-left: 40px;\" data-start=\"1036\" data-end=\"1058\">Categor\u00eda de producto<\/h3>\n<p style=\"padding-left: 40px;\" data-start=\"1059\" data-end=\"1139\">Cami\u00f3n de entrega el\u00e9ctrico\/furgoneta de carga el\u00e9ctrica\/veh\u00edculo el\u00e9ctrico comercial ligero<\/p>\n<h3 style=\"padding-left: 40px;\" data-start=\"1141\" data-end=\"1166\">Descripci\u00f3n del producto<\/h3>\n<p style=\"padding-left: 40px;\" data-start=\"1168\" data-end=\"1547\">El <strong data-start=\"1172\" data-end=\"1210\">Cami\u00f3n el\u00e9ctrico de entrega urbana V302<\/strong> Est\u00e1 dise\u00f1ado para operar de manera eficiente en entornos urbanos congestionados, manteniendo una capacidad de carga suficiente para las tareas de entrega profesional. Con dimensiones generales de <strong data-start=\"1382\" data-end=\"1407\">3820 \u00d7 1480 \u00d7 1900 mm<\/strong> y una <strong data-start=\"1414\" data-end=\"1438\">distancia entre ejes de 2450 mm<\/strong>El veh\u00edculo ofrece un manejo equilibrado, estabilidad y maniobrabilidad para las calles de la ciudad y las zonas industriales.<\/p>\n<p style=\"padding-left: 40px;\" data-start=\"1549\" data-end=\"1968\">El cerrado <strong data-start=\"1562\" data-end=\"1589\">configuraci\u00f3n de caja de carga<\/strong> proporciona una <strong data-start=\"1601\" data-end=\"1628\">Volumen del contenedor de 3,4 m\u00b3<\/strong>con dimensiones internas del contenedor de <strong data-start=\"1668\" data-end=\"1693\">2025 \u00d7 1400 \u00d7 1185 mm<\/strong>garantizar el transporte seguro y protegido contra las condiciones meteorol\u00f3gicas de las mercanc\u00edas. Una <strong data-start=\"1755\" data-end=\"1788\">Capacidad de carga nominal de 475 kg<\/strong> y un <strong data-start=\"1796\" data-end=\"1823\">Masa total de 1550 kg<\/strong> hacer que el V302 sea adecuado para una amplia gama de aplicaciones log\u00edsticas urbanas, incluyendo entrega de paquetes, distribuci\u00f3n minorista y operaciones de servicio.<\/p>\n<p style=\"padding-left: 40px;\" data-start=\"1549\" data-end=\"1968\"><img fetchpriority=\"high\" decoding=\"async\" class=\"alignnone size-medium wp-image-4222\" src=\"https:\/\/www.tairuiauto.com\/wp-content\/uploads\/2025\/10\/2-5-225x300.jpg\" alt=\"\" width=\"225\" height=\"300\" srcset=\"https:\/\/www.tairuiauto.com\/wp-content\/uploads\/2025\/10\/2-5-225x300.jpg 225w, https:\/\/www.tairuiauto.com\/wp-content\/uploads\/2025\/10\/2-5-767x1024.jpg 767w, https:\/\/www.tairuiauto.com\/wp-content\/uploads\/2025\/10\/2-5-768x1025.jpg 768w, https:\/\/www.tairuiauto.com\/wp-content\/uploads\/2025\/10\/2-5-1151x1536.jpg 1151w, https:\/\/www.tairuiauto.com\/wp-content\/uploads\/2025\/10\/2-5-1535x2048.jpg 1535w, https:\/\/www.tairuiauto.com\/wp-content\/uploads\/2025\/10\/2-5-9x12.jpg 9w, https:\/\/www.tairuiauto.com\/wp-content\/uploads\/2025\/10\/2-5-600x801.jpg 600w, https:\/\/www.tairuiauto.com\/wp-content\/uploads\/2025\/10\/2-5-scaled.jpg 1918w\" sizes=\"(max-width: 225px) 100vw, 225px\" \/>\u00a0 \u00a0 \u00a0<img decoding=\"async\" class=\"alignnone size-medium wp-image-4223\" src=\"https:\/\/www.tairuiauto.com\/wp-content\/uploads\/2025\/10\/3-4-225x300.jpg\" alt=\"\" width=\"225\" height=\"300\" srcset=\"https:\/\/www.tairuiauto.com\/wp-content\/uploads\/2025\/10\/3-4-225x300.jpg 225w, https:\/\/www.tairuiauto.com\/wp-content\/uploads\/2025\/10\/3-4-768x1024.jpg 768w, https:\/\/www.tairuiauto.com\/wp-content\/uploads\/2025\/10\/3-4-1151x1536.jpg 1151w, https:\/\/www.tairuiauto.com\/wp-content\/uploads\/2025\/10\/3-4-1535x2048.jpg 1535w, https:\/\/www.tairuiauto.com\/wp-content\/uploads\/2025\/10\/3-4-9x12.jpg 9w, https:\/\/www.tairuiauto.com\/wp-content\/uploads\/2025\/10\/3-4-600x800.jpg 600w, https:\/\/www.tairuiauto.com\/wp-content\/uploads\/2025\/10\/3-4-scaled.jpg 1919w\" sizes=\"(max-width: 225px) 100vw, 225px\" \/>\u00a0 \u00a0 \u00a0<img decoding=\"async\" class=\"alignnone size-medium wp-image-4224\" src=\"https:\/\/www.tairuiauto.com\/wp-content\/uploads\/2025\/10\/4-4-225x300.jpg\" alt=\"\" width=\"225\" height=\"300\" \/><\/p>\n<p style=\"padding-left: 40px;\" data-start=\"1970\" data-end=\"2278\">Alimentado por a <strong data-start=\"1983\" data-end=\"2034\">Motor sincr\u00f3nico de im\u00e1n permanente de 15 kW (PMSM)<\/strong>El V302 ofrece una <strong data-start=\"2056\" data-end=\"2085\">par m\u00e1ximo de 130 N\u00b7m<\/strong>proporcionando una aceleraci\u00f3n sensible bajo carga. El veh\u00edculo adopta una <strong data-start=\"2154\" data-end=\"2180\">tracci\u00f3n trasera (4\u00d72)<\/strong> dise\u00f1o, garantizando una tracci\u00f3n fiable y una transmisi\u00f3n de potencia eficiente para las condiciones de conducci\u00f3n urbana.<\/p>\n<p style=\"padding-left: 40px;\" data-start=\"2280\" data-end=\"2561\">El <strong data-start=\"2284\" data-end=\"2306\">Sistema de bater\u00eda LFP<\/strong> ofrece estabilidad t\u00e9rmica mejorada y larga vida \u00fatil, apoyando un <strong data-start=\"2377\" data-end=\"2415\">Rango de conducci\u00f3n NEDC de hasta 140 km<\/strong> en una sola carga. Con un <strong data-start=\"2443\" data-end=\"2480\">Tiempo de carga normal de 6-8 horas<\/strong>El veh\u00edculo es adecuado para la carga durante la noche y los ciclos operativos diarios.<\/p>\n<p style=\"padding-left: 40px;\" data-start=\"2563\" data-end=\"2911\">En t\u00e9rminos de rendimiento, el V302 logra una <strong data-start=\"2608\" data-end=\"2643\">Velocidad m\u00e1xima superior a 70 km\/h<\/strong> y una <strong data-start=\"2650\" data-end=\"2683\">gradabilidad superior al 10%<\/strong>lo que le permite manejar sobrevolos, rampas e inclinaciones moderadas com\u00fanmente encontradas en \u00e1reas urbanas. Caracter\u00edsticas de la cabina <strong data-start=\"2794\" data-end=\"2807\">dos asientos<\/strong>proporcionando un ambiente de trabajo c\u00f3modo para el conductor y el asistente durante las operaciones diarias de entrega.<\/p>\n<p style=\"padding-left: 40px;\" data-start=\"2913\" data-end=\"3324\">El sistema de chasis est\u00e1 dise\u00f1ado para durabilidad y seguridad. Una <strong data-start=\"2975\" data-end=\"3018\">Sistema de frenado de disco delantero y tambor trasero<\/strong> garantiza un rendimiento de frenado eficaz en condiciones de carga variables, mientras que <strong data-start=\"3094\" data-end=\"3117\">Neum\u00e1ticos 145R12 LT 8PR<\/strong> ofrecer una capacidad de carga fiable y adaptabilidad a la carretera. El <strong data-start=\"3186\" data-end=\"3241\">Capacidades del eje delantero y trasero de 450 kg y 425 kg<\/strong>respectivamente, mejorar a\u00fan m\u00e1s la estabilidad y la durabilidad del veh\u00edculo en uso comercial.<\/p>\n<hr style=\"padding-left: 40px;\" data-start=\"3326\" data-end=\"3329\" \/>\n<h2 style=\"padding-left: 40px;\" data-start=\"3331\" data-end=\"3359\">Caracter\u00edsticas clave &amp; Ventajas<\/h2>\n<h3 style=\"padding-left: 40px;\" data-start=\"3361\" data-end=\"3375\">Caracter\u00edsticas<\/h3>\n<ul>\n<li style=\"list-style-type: none;\">\n<ul data-start=\"3376\" data-end=\"3576\">\n<li data-start=\"3376\" data-end=\"3424\">\n<p data-start=\"3378\" data-end=\"3424\">Dise\u00f1o de cami\u00f3n de entrega urbano el\u00e9ctrico compacto<\/p>\n<\/li>\n<li data-start=\"3425\" data-end=\"3454\">\n<p data-start=\"3427\" data-end=\"3454\">Caja de carga cerrada de 3,4 m\u00b3<\/p>\n<\/li>\n<li data-start=\"3455\" data-end=\"3493\">\n<p data-start=\"3457\" data-end=\"3493\">Bater\u00eda LFP con alcance NEDC de 140 km<\/p>\n<\/li>\n<li data-start=\"3494\" data-end=\"3534\">\n<p data-start=\"3496\" data-end=\"3534\">Motor PMSM de 15 kW con par de 130 N\u00b7m<\/p>\n<\/li>\n<li data-start=\"3535\" data-end=\"3576\">\n<p data-start=\"3537\" data-end=\"3576\">Sistema de frenado de disco\/tambor (delantero\/trasero)<\/p>\n<\/li>\n<\/ul>\n<\/li>\n<\/ul>\n<h3 style=\"padding-left: 40px;\" data-start=\"3578\" data-end=\"3594\">Ventajas<\/h3>\n<ul>\n<li style=\"list-style-type: none;\">\n<ul data-start=\"3595\" data-end=\"3781\">\n<li data-start=\"3595\" data-end=\"3649\">\n<p data-start=\"3597\" data-end=\"3649\">Operaci\u00f3n eficiente en entornos urbanos congestionados<\/p>\n<\/li>\n<li data-start=\"3650\" data-end=\"3692\">\n<p data-start=\"3652\" data-end=\"3692\">Qu\u00edmica de la bater\u00eda estable y de larga duraci\u00f3n<\/p>\n<\/li>\n<li data-start=\"3693\" data-end=\"3737\">\n<p data-start=\"3695\" data-end=\"3737\">Carga \u00fatil equilibrada y rendimiento de conducci\u00f3n<\/p>\n<\/li>\n<li data-start=\"3738\" data-end=\"3781\">\n<p data-start=\"3740\" data-end=\"3781\">Reducci\u00f3n de los costos de operaci\u00f3n y mantenimiento<\/p>\n<\/li>\n<\/ul>\n<\/li>\n<\/ul>\n<h3 style=\"padding-left: 40px;\" data-start=\"3783\" data-end=\"3803\">Beneficios del comprador<\/h3>\n<ul>\n<li style=\"list-style-type: none;\">\n<ul data-start=\"3804\" data-end=\"4003\">\n<li data-start=\"3804\" data-end=\"3857\">\n<p data-start=\"3806\" data-end=\"3857\">Menor costo total de propiedad para las flotas de entrega<\/p>\n<\/li>\n<li data-start=\"3858\" data-end=\"3909\">\n<p data-start=\"3860\" data-end=\"3909\">Mejora de la eficiencia de la entrega y la cobertura de rutas<\/p>\n<\/li>\n<li data-start=\"3910\" data-end=\"3956\">\n<p data-start=\"3912\" data-end=\"3956\">Cumplimiento con las normas de emisiones urbanas<\/p>\n<\/li>\n<li data-start=\"3957\" data-end=\"4003\">\n<p data-start=\"3959\" data-end=\"4003\">Soluci\u00f3n fiable para uso comercial diario<\/p>\n<\/li>\n<\/ul>\n<\/li>\n<\/ul>\n<h3 style=\"padding-left: 40px;\" data-start=\"4005\" data-end=\"4019\">Evidencia<\/h3>\n<ul>\n<li style=\"list-style-type: none;\">\n<ul data-start=\"4020\" data-end=\"4145\">\n<li data-start=\"4020\" data-end=\"4053\">\n<p data-start=\"4022\" data-end=\"4053\">Tecnolog\u00eda de bater\u00eda LFP probada<\/p>\n<\/li>\n<li data-start=\"4054\" data-end=\"4098\">\n<p data-start=\"4056\" data-end=\"4098\">Dise\u00f1o de chasis y ejes de calidad comercial<\/p>\n<\/li>\n<li data-start=\"4099\" data-end=\"4145\">\n<p data-start=\"4101\" data-end=\"4145\">Optimizado para log\u00edstica urbana profesional<\/p>\n<\/li>\n<\/ul>\n<\/li>\n<\/ul>\n<hr style=\"padding-left: 40px;\" data-start=\"4147\" data-end=\"4150\" \/>\n<h2 style=\"padding-left: 40px;\" data-start=\"4152\" data-end=\"4176\">Escenarios de aplicaci\u00f3n<\/h2>\n<ul>\n<li style=\"list-style-type: none;\">\n<ul data-start=\"4178\" data-end=\"4342\">\n<li data-start=\"4178\" data-end=\"4207\">\n<p data-start=\"4180\" data-end=\"4207\">Entrega de paquetes de \u00faltima milla<\/p>\n<\/li>\n<li data-start=\"4208\" data-end=\"4237\">\n<p data-start=\"4210\" data-end=\"4237\">Distribuci\u00f3n minorista urbana<\/p>\n<\/li>\n<li data-start=\"4238\" data-end=\"4269\">\n<p data-start=\"4240\" data-end=\"4269\">Log\u00edstica de alimentos y bebidas<\/p>\n<\/li>\n<li data-start=\"4270\" data-end=\"4304\">\n<p data-start=\"4272\" data-end=\"4304\">Flotas de servicio y mantenimiento<\/p>\n<\/li>\n<li data-start=\"4305\" data-end=\"4342\">\n<p data-start=\"4307\" data-end=\"4342\">Comercio electr\u00f3nico y operaciones de mensajer\u00eda<\/p>\n<\/li>\n<\/ul>\n<\/li>\n<\/ul>\n<hr style=\"padding-left: 40px;\" data-start=\"4344\" data-end=\"4347\" \/>\n<h2 style=\"padding-left: 40px;\" data-start=\"4349\" data-end=\"4367\">Por qu\u00e9 elegir V302<\/h2>\n<p style=\"padding-left: 40px;\" data-start=\"4369\" data-end=\"4692\">El <strong data-start=\"4373\" data-end=\"4411\">Cami\u00f3n el\u00e9ctrico de entrega urbana V302<\/strong> Se ha desarrollado para satisfacer las necesidades pr\u00e1cticas de la log\u00edstica urbana moderna. Apoyado por est\u00e1ndares de fabricaci\u00f3n profesionales y capacidades de personalizaci\u00f3n flexibles, proporciona una soluci\u00f3n el\u00e9ctrica confiable para las empresas que buscan un transporte urbano eficiente, conforme y sostenible.<\/p>\n<hr style=\"padding-left: 40px;\" data-start=\"4694\" data-end=\"4697\" \/>\n<h2 style=\"padding-left: 40px;\" data-start=\"4699\" data-end=\"4716\">Llamada a la acci\u00f3n<\/h2>\n<p style=\"padding-left: 40px;\" data-start=\"4718\" data-end=\"4982\">Buscando un confiable <strong data-start=\"4741\" data-end=\"4768\">cami\u00f3n de entrega el\u00e9ctrico<\/strong> para la log\u00edstica urbana o el despliegue de flotas?<br data-start=\"4809\" data-end=\"4812\" \/>P\u00f3ngase en contacto con nosotros hoy mismo para recibir especificaciones detalladas, opciones de personalizaci\u00f3n, informaci\u00f3n de precios y soporte t\u00e9cnico profesional para el <strong data-start=\"4952\" data-end=\"4981\">Cami\u00f3n de carga el\u00e9ctrico V302<\/strong>.<\/p>\n<hr style=\"padding-left: 40px;\" data-start=\"4984\" data-end=\"4987\" \/>\n<h2 style=\"padding-left: 40px;\" data-start=\"4989\" data-end=\"4995\">Preguntas frecuentes<\/h2>\n<p style=\"padding-left: 40px;\" data-start=\"4997\" data-end=\"5137\"><strong data-start=\"4997\" data-end=\"5054\">Q1: \u00bfCu\u00e1l es la capacidad m\u00e1xima de carga \u00fatil del V302?<\/strong><br data-start=\"5054\" data-end=\"5057\" \/>La capacidad de carga nominal es <strong data-start=\"5084\" data-end=\"5094\">475 kg<\/strong>, adecuado para aplicaciones de entrega urbana.<\/p>\n<p style=\"padding-left: 40px;\" data-start=\"5139\" data-end=\"5281\"><strong data-start=\"5139\" data-end=\"5184\">Q2: \u00bfCu\u00e1l es el rango de conducci\u00f3n por carga?<\/strong><br data-start=\"5184\" data-end=\"5187\" \/>El veh\u00edculo ofrece una <strong data-start=\"5208\" data-end=\"5238\">Rango NEDC de hasta 140 km<\/strong>Dependiendo de las condiciones de carga y conducci\u00f3n.<\/p>\n<p style=\"padding-left: 40px;\" data-start=\"5283\" data-end=\"5411\"><strong data-start=\"5283\" data-end=\"5330\">Q3: \u00bfQu\u00e9 tipo de bater\u00eda utiliza el V302?<\/strong><br data-start=\"5330\" data-end=\"5333\" \/>Utiliza un <strong data-start=\"5344\" data-end=\"5359\">Bater\u00eda LFP<\/strong>Conocido por su seguridad, durabilidad y larga vida \u00fatil.<\/p>\n<p style=\"padding-left: 40px;\" data-start=\"5413\" data-end=\"5572\"><strong data-start=\"5413\" data-end=\"5462\">Q4: \u00bfEs el veh\u00edculo adecuado para conducir en la ciudad?<\/strong><br data-start=\"5462\" data-end=\"5465\" \/>- S\u00ed. - S\u00ed. Su tama\u00f1o compacto, motor sensible y sistema de frenado eficiente lo hacen ideal para entornos urbanos.<\/p>\n<p style=\"padding-left: 40px;\" data-start=\"5574\" data-end=\"5730\"><strong data-start=\"5574\" data-end=\"5625\">Q5: \u00bfEste modelo se puede personalizar para el uso de la flota?<\/strong><br data-start=\"5625\" data-end=\"5628\" \/>- S\u00ed. - S\u00ed. Las opciones de personalizaci\u00f3n OEM y de configuraci\u00f3n est\u00e1n disponibles para los requisitos de la flota y el distribuidor.<\/p>","protected":false},"excerpt":{"rendered":"<p data-start=\"546\" data-end=\"860\">El <strong data-start=\"383\" data-end=\"421\">Cami\u00f3n el\u00e9ctrico de entrega urbana V302<\/strong> es un cami\u00f3n de carga el\u00e9ctrico compacto dise\u00f1ado para una log\u00edstica urbana eficiente. Con una caja de carga de 3,4 m\u00b3, sistema de bater\u00eda LFP estable y transmisi\u00f3n el\u00e9ctrica fiable, ofrece una soluci\u00f3n pr\u00e1ctica y de bajas emisiones para la distribuci\u00f3n de \u00faltima milla y urbana.<\/p>","protected":false},"featured_media":5330,"comment_status":"open","ping_status":"closed","template":"","meta":[],"product_brand":[],"product_cat":[77],"product_tag":[],"class_list":{"0":"post-4220","1":"product","2":"type-product","3":"status-publish","4":"has-post-thumbnail","6":"product_cat-electric-micro-vehicle","8":"first","9":"instock","10":"shipping-taxable","11":"product-type-simple"},"_links":{"self":[{"href":"https:\/\/www.tairuiauto.com\/es\/wp-json\/wp\/v2\/product\/4220","targetHints":{"allow":["GET"]}}],"collection":[{"href":"https:\/\/www.tairuiauto.com\/es\/wp-json\/wp\/v2\/product"}],"about":[{"href":"https:\/\/www.tairuiauto.com\/es\/wp-json\/wp\/v2\/types\/product"}],"replies":[{"embeddable":true,"href":"https:\/\/www.tairuiauto.com\/es\/wp-json\/wp\/v2\/comments?post=4220"}],"wp:featuredmedia":[{"embeddable":true,"href":"https:\/\/www.tairuiauto.com\/es\/wp-json\/wp\/v2\/media\/5330"}],"wp:attachment":[{"href":"https:\/\/www.tairuiauto.com\/es\/wp-json\/wp\/v2\/media?parent=4220"}],"wp:term":[{"taxonomy":"product_brand","embeddable":true,"href":"https:\/\/www.tairuiauto.com\/es\/wp-json\/wp\/v2\/product_brand?post=4220"},{"taxonomy":"product_cat","embeddable":true,"href":"https:\/\/www.tairuiauto.com\/es\/wp-json\/wp\/v2\/product_cat?post=4220"},{"taxonomy":"product_tag","embeddable":true,"href":"https:\/\/www.tairuiauto.com\/es\/wp-json\/wp\/v2\/product_tag?post=4220"}],"curies":[{"name":"WP","href":"https:\/\/api.w.org\/{rel}","templated":true}]}}