{"id":4438,"date":"2025-11-03T16:49:31","date_gmt":"2025-11-03T08:49:31","guid":{"rendered":"https:\/\/www.tairuiauto.com\/?post_type=product&#038;p=4438"},"modified":"2025-11-03T13:30:02","modified_gmt":"2025-11-03T05:30:02","slug":"three-wheel-freight-trike","status":"publish","type":"product","link":"https:\/\/www.tairuiauto.com\/es\/product\/three-wheel-freight-trike\/","title":{"rendered":"Trike de carga de tres ruedas"},"content":{"rendered":"<h2 data-start=\"971\" data-end=\"999\">\u26a1 <strong data-start=\"976\" data-end=\"999\">Descripci\u00f3n del producto<\/strong><\/h2>\n<p data-start=\"1001\" data-end=\"1424\">Equipado con una <strong data-start=\"1017\" data-end=\"1042\">Motor hidr\u00e1ulico 1000W<\/strong> y <strong data-start=\"1047\" data-end=\"1078\">Sistema de voltaje doble 60V\/72V<\/strong>, el <strong data-start=\"1084\" data-end=\"1122\">Trike de carga de tres ruedas<\/strong> ofrece un par y una estabilidad de carga excepcionales.<\/p>\n<table style=\"border-collapse: collapse; width: 78.0938%; height: 516px;\" border=\"0\" width=\"720\" cellspacing=\"0\" cellpadding=\"0\">\n<tbody>\n<tr style=\"height: 20.00pt;\">\n<td class=\"et4\" style=\"height: 20.00pt; width: 159.05pt;\" width=\"265\" height=\"33\">modelo<\/td>\n<td class=\"et6\" style=\"width: 273.40pt;\" width=\"455\">Trike de carga de tres ruedas<\/td>\n<\/tr>\n<tr style=\"height: 20.00pt;\">\n<td class=\"et5\" style=\"height: 20.00pt; width: 159.05pt;\" width=\"265\" height=\"33\">Dimensi\u00f3n general<\/td>\n<td class=\"et5\" style=\"width: 273.40pt;\" width=\"455\">3360X1380X1380MM<\/td>\n<\/tr>\n<tr style=\"height: 20.00pt;\">\n<td class=\"et5\" style=\"height: 20.00pt; width: 159.05pt;\" width=\"265\" height=\"33\">Capacidad de carga<\/td>\n<td class=\"et5\" style=\"width: 273.40pt;\" width=\"455\">250 kg<\/td>\n<\/tr>\n<tr style=\"height: 20.00pt;\">\n<td class=\"et5\" style=\"height: 20.00pt; width: 159.05pt;\" width=\"265\" height=\"33\">Potencia del motor hidr\u00e1ulico<\/td>\n<td class=\"et5\" style=\"width: 273.40pt;\" width=\"455\">1000W<\/td>\n<\/tr>\n<tr style=\"height: 20.00pt;\">\n<td class=\"et5\" style=\"height: 20.00pt; width: 159.05pt;\" width=\"265\" height=\"33\">Voltaje est\u00e1ndar<\/td>\n<td class=\"et5\" style=\"width: 273.40pt;\" width=\"455\">60V \/ 72V<\/td>\n<\/tr>\n<tr style=\"height: 20.00pt;\">\n<td class=\"et5\" style=\"height: 20.00pt; width: 159.05pt;\" width=\"265\" height=\"33\">Controlador<\/td>\n<td class=\"et5\" style=\"width: 273.40pt;\" width=\"455\">18 Tubo<\/td>\n<\/tr>\n<tr style=\"height: 20.00pt;\">\n<td class=\"et5\" style=\"height: 20.00pt; width: 159.05pt;\" width=\"265\" height=\"33\">Modo de frenado<\/td>\n<td class=\"et5\" style=\"width: 273.40pt;\" width=\"455\">Tambor delantero Tambor trasero<\/td>\n<\/tr>\n<tr style=\"height: 20.00pt;\">\n<td class=\"et5\" style=\"height: 20.00pt; width: 159.05pt;\" width=\"265\" height=\"33\">Deslizamiento m\u00ednimo al suelo<\/td>\n<td class=\"et5\" style=\"width: 273.40pt;\" width=\"455\">135<\/td>\n<\/tr>\n<tr style=\"height: 20.00pt;\">\n<td class=\"et5\" style=\"height: 20.00pt; width: 159.05pt;\" width=\"265\" height=\"33\">Capacidad de producci\u00f3n<\/td>\n<td class=\"et5\" style=\"width: 273.40pt;\" width=\"455\">100000set\/a\u00f1o<\/td>\n<\/tr>\n<tr style=\"height: 20.00pt;\">\n<td class=\"et5\" style=\"height: 20.00pt; width: 159.05pt;\" width=\"265\" height=\"33\">carga Tiempo<\/td>\n<td class=\"et5\" style=\"width: 273.40pt;\" width=\"455\">8 horas<\/td>\n<\/tr>\n<tr style=\"height: 20.00pt;\">\n<td class=\"et5\" style=\"height: 20.00pt; width: 159.05pt;\" width=\"265\" height=\"33\">Neum\u00e1tico delantero\/trasero Tt<\/td>\n<td class=\"et5\" style=\"width: 273.40pt;\" width=\"455\">3.75\/12-4.00\/12<\/td>\n<\/tr>\n<tr style=\"height: 20.00pt;\">\n<td class=\"et5\" style=\"height: 20.00pt; width: 159.05pt;\" width=\"265\" height=\"33\">Elecci\u00f3n de color<\/td>\n<td class=\"et5\" style=\"width: 273.40pt;\" width=\"455\">Personalizado<\/td>\n<\/tr>\n<tr style=\"height: 20.00pt;\">\n<td class=\"et5\" style=\"height: 20.00pt; width: 159.05pt;\" width=\"265\" height=\"33\">Origen<\/td>\n<td class=\"et5\" style=\"width: 273.40pt;\" width=\"455\">China<\/td>\n<\/tr>\n<tr style=\"height: 20.00pt;\">\n<td class=\"et5\" style=\"height: 20.00pt; width: 159.05pt;\" width=\"265\" height=\"33\">Rango por carga\/km<\/td>\n<td class=\"et5\" style=\"width: 273.40pt;\" width=\"455\">45-100km<\/td>\n<\/tr>\n<tr style=\"height: 20.00pt;\">\n<td class=\"et5\" style=\"height: 20.00pt; width: 159.05pt;\" width=\"265\" height=\"33\">Velocidad m\u00e1xima Km\/H<\/td>\n<td class=\"et5\" style=\"width: 273.40pt;\" width=\"455\">30-45km\/h<\/td>\n<\/tr>\n<tr style=\"height: 20.00pt;\">\n<td class=\"et5\" style=\"height: 20.00pt; width: 159.05pt;\" width=\"265\" height=\"33\">Capacidad de escalada<\/td>\n<td class=\"et5\" style=\"width: 273.40pt;\" width=\"455\">\u2264 30 \u00b0<\/td>\n<\/tr>\n<\/tbody>\n<\/table>\n<hr data-start=\"1746\" data-end=\"1749\" \/>\n<h2 data-start=\"1751\" data-end=\"1793\">\ufffd <strong data-start=\"1757\" data-end=\"1793\">Caracter\u00edsticas principales<\/strong><\/h2>\n<ol data-start=\"1795\" data-end=\"2695\">\n<li data-start=\"1795\" data-end=\"2034\">\n<p data-start=\"1798\" data-end=\"2034\"><strong data-start=\"1798\" data-end=\"1840\">Motor hidr\u00e1ulico de alto rendimiento de 1000W<\/strong><br data-start=\"1840\" data-end=\"1843\" \/>El trik de carga de tres ruedas est\u00e1 alimentado por un motor hidr\u00e1ulico de 1000W que garantiza una capacidad de escalada superior, una aceleraci\u00f3n suave y un excelente par para el transporte de carga pesada.<\/p>\n<\/li>\n<li data-start=\"2036\" data-end=\"2266\">\n<p data-start=\"2039\" data-end=\"2266\"><strong data-start=\"2039\" data-end=\"2075\">Alcance de larga distancia hasta 100 km<\/strong><br data-start=\"2075\" data-end=\"2078\" \/>La potente configuraci\u00f3n de la bater\u00eda 60V\/72V permite esto <strong data-start=\"2137\" data-end=\"2164\">triciclo de carga el\u00e9ctrico<\/strong> viajar entre 45 y 100 km con una sola carga, proporcionando una resistencia excepcional para la log\u00edstica y las entregas.<\/p>\n<\/li>\n<li data-start=\"2268\" data-end=\"2482\">\n<p data-start=\"2271\" data-end=\"2482\"><strong data-start=\"2271\" data-end=\"2309\">Sistema de frenado y seguridad mejorado<\/strong><br data-start=\"2309\" data-end=\"2312\" \/>Con <strong data-start=\"2320\" data-end=\"2350\">Frenos de tambor delanteros y traseros<\/strong>El modelo Zhanlong ofrece un fuerte rendimiento de frenado, garantizando el m\u00e1ximo control del conductor incluso bajo carga completa o condiciones resbaladizas.<\/p>\n<\/li>\n<li data-start=\"2484\" data-end=\"2695\">\n<p data-start=\"2487\" data-end=\"2695\"><strong data-start=\"2487\" data-end=\"2526\">Alta eficiencia y bajo mantenimiento<\/strong><br data-start=\"2526\" data-end=\"2529\" \/>Este veh\u00edculo el\u00e9ctrico de tres ruedas est\u00e1 dise\u00f1ado para minimizar los costos operativos, con un tiempo de carga fiable de 8 horas y componentes de bajo desgaste para ciclos de vida prolongados.<\/p>\n<\/li>\n<\/ol>\n<p><img fetchpriority=\"high\" decoding=\"async\" class=\"alignnone wp-image-4443 size-medium\" src=\"https:\/\/www.tairuiauto.com\/wp-content\/uploads\/2025\/11\/ee10901e-1777-4c4e-be08-b449af9d75f1-300x300.jpg\" alt=\"\" width=\"300\" height=\"300\" srcset=\"https:\/\/www.tairuiauto.com\/wp-content\/uploads\/2025\/11\/ee10901e-1777-4c4e-be08-b449af9d75f1-300x300.jpg 300w, https:\/\/www.tairuiauto.com\/wp-content\/uploads\/2025\/11\/ee10901e-1777-4c4e-be08-b449af9d75f1-1024x1024.jpg 1024w, https:\/\/www.tairuiauto.com\/wp-content\/uploads\/2025\/11\/ee10901e-1777-4c4e-be08-b449af9d75f1-150x150.jpg 150w, https:\/\/www.tairuiauto.com\/wp-content\/uploads\/2025\/11\/ee10901e-1777-4c4e-be08-b449af9d75f1-768x768.jpg 768w, https:\/\/www.tairuiauto.com\/wp-content\/uploads\/2025\/11\/ee10901e-1777-4c4e-be08-b449af9d75f1-1536x1536.jpg 1536w, https:\/\/www.tairuiauto.com\/wp-content\/uploads\/2025\/11\/ee10901e-1777-4c4e-be08-b449af9d75f1-2048x2048.jpg 2048w, https:\/\/www.tairuiauto.com\/wp-content\/uploads\/2025\/11\/ee10901e-1777-4c4e-be08-b449af9d75f1-12x12.jpg 12w, https:\/\/www.tairuiauto.com\/wp-content\/uploads\/2025\/11\/ee10901e-1777-4c4e-be08-b449af9d75f1-600x600.jpg 600w, https:\/\/www.tairuiauto.com\/wp-content\/uploads\/2025\/11\/ee10901e-1777-4c4e-be08-b449af9d75f1-100x100.jpg 100w\" sizes=\"(max-width: 300px) 100vw, 300px\" \/>\u00a0 \u00a0 \u00a0 \u00a0 \u00a0 \u00a0 \u00a0 \u00a0 \u00a0 \u00a0 \u00a0 \u00a0 \u00a0 <img decoding=\"async\" class=\"alignnone size-medium wp-image-4440\" src=\"https:\/\/www.tairuiauto.com\/wp-content\/uploads\/2025\/11\/7eb73835-6eb3-4591-9387-89d73f5c8550-300x300.jpg\" alt=\"\" width=\"300\" height=\"300\" srcset=\"https:\/\/www.tairuiauto.com\/wp-content\/uploads\/2025\/11\/7eb73835-6eb3-4591-9387-89d73f5c8550-300x300.jpg 300w, https:\/\/www.tairuiauto.com\/wp-content\/uploads\/2025\/11\/7eb73835-6eb3-4591-9387-89d73f5c8550-1024x1024.jpg 1024w, https:\/\/www.tairuiauto.com\/wp-content\/uploads\/2025\/11\/7eb73835-6eb3-4591-9387-89d73f5c8550-150x150.jpg 150w, https:\/\/www.tairuiauto.com\/wp-content\/uploads\/2025\/11\/7eb73835-6eb3-4591-9387-89d73f5c8550-768x768.jpg 768w, https:\/\/www.tairuiauto.com\/wp-content\/uploads\/2025\/11\/7eb73835-6eb3-4591-9387-89d73f5c8550-1536x1536.jpg 1536w, https:\/\/www.tairuiauto.com\/wp-content\/uploads\/2025\/11\/7eb73835-6eb3-4591-9387-89d73f5c8550-2048x2048.jpg 2048w, https:\/\/www.tairuiauto.com\/wp-content\/uploads\/2025\/11\/7eb73835-6eb3-4591-9387-89d73f5c8550-12x12.jpg 12w, https:\/\/www.tairuiauto.com\/wp-content\/uploads\/2025\/11\/7eb73835-6eb3-4591-9387-89d73f5c8550-600x600.jpg 600w, https:\/\/www.tairuiauto.com\/wp-content\/uploads\/2025\/11\/7eb73835-6eb3-4591-9387-89d73f5c8550-100x100.jpg 100w\" sizes=\"(max-width: 300px) 100vw, 300px\" \/><\/p>\n<hr data-start=\"2697\" data-end=\"2700\" \/>\n<h2 data-start=\"2702\" data-end=\"2734\">\ufffd <strong data-start=\"2708\" data-end=\"2734\">Ventajas competitivas<\/strong><\/h2>\n<ol data-start=\"2736\" data-end=\"3187\">\n<li data-start=\"2736\" data-end=\"2856\">\n<p data-start=\"2739\" data-end=\"2856\"><strong data-start=\"2739\" data-end=\"2762\">Superior durabilidad<\/strong> \u2013 Marco de acero resistente y acabado resistente a la corrosi\u00f3n para la operaci\u00f3n comercial a largo plazo.<\/p>\n<\/li>\n<li data-start=\"2857\" data-end=\"2966\">\n<p data-start=\"2860\" data-end=\"2966\"><strong data-start=\"2860\" data-end=\"2890\">Potencia de escalada excepcional<\/strong> \u2013 Manija pendientes de hasta 30 \u00b0 sin esfuerzo, superando los e-trikes est\u00e1ndar.<\/p>\n<\/li>\n<li data-start=\"2967\" data-end=\"3067\">\n<p data-start=\"2970\" data-end=\"3067\"><strong data-start=\"2970\" data-end=\"3000\">Amplias opciones de personalizaci\u00f3n<\/strong> \u2013 Servicio OEM para logotipos de marca, colores y dimensiones de la caja de carga.<\/p>\n<\/li>\n<li data-start=\"3068\" data-end=\"3187\">\n<p data-start=\"3071\" data-end=\"3187\"><strong data-start=\"3071\" data-end=\"3106\">Eficiencia energ\u00e9tica y Ecol\u00f3gico<\/strong> Cero emisiones, funcionamiento silencioso y cumplimiento de las normas de log\u00edstica ecol\u00f3gica.<\/p>\n<\/li>\n<\/ol>\n<hr data-start=\"3837\" data-end=\"3840\" \/>\n<h2 data-start=\"3842\" data-end=\"3860\">\ufffd <strong data-start=\"3848\" data-end=\"3860\">Material<\/strong><\/h2>\n<p data-start=\"3862\" data-end=\"4051\">Construido usando <strong data-start=\"3874\" data-end=\"3905\">acero estructural reforzado<\/strong>, <strong data-start=\"3907\" data-end=\"3939\">paneles de cuerpo resistentes al impacto<\/strong>y <strong data-start=\"3945\" data-end=\"3987\">aislamiento el\u00e9ctrico de grado automotriz<\/strong>garantizando la seguridad, la resistencia y la resistencia a la corrosi\u00f3n a largo plazo.<\/p>\n<hr data-start=\"4053\" data-end=\"4056\" \/>\n<h2 data-start=\"4058\" data-end=\"4078\">\ufffd <strong data-start=\"4064\" data-end=\"4078\">Apariencia<\/strong><\/h2>\n<p data-start=\"4080\" data-end=\"4331\">El Zhanlong cuenta con una <strong data-start=\"4104\" data-end=\"4133\">est\u00e9tica industrial audaz<\/strong> con acabados met\u00e1licos elegantes, faros led y paneles de carga de acero duraderos. Su dise\u00f1o de carrocer\u00eda abierta garantiza una carga f\u00e1cil al tiempo que mantiene una fuerte apariencia profesional para las flotas de entrega urbanas.<\/p>\n<hr data-start=\"4333\" data-end=\"4336\" \/>\n<h2 data-start=\"4338\" data-end=\"4354\">\ufffd <strong data-start=\"4344\" data-end=\"4354\">Dise\u00f1o<\/strong><\/h2>\n<p data-start=\"4356\" data-end=\"4588\">El triciclo <strong data-start=\"4371\" data-end=\"4400\">Estructura equilibrada en el centro<\/strong> Mejora la distribuci\u00f3n de la carga, mientras que el asiento y el tablero ergon\u00f3micos hacen que la operaci\u00f3n sea intuitiva y libre de fatiga. El avanzado <strong data-start=\"4524\" data-end=\"4551\">sistema de absorci\u00f3n de choques<\/strong> garantiza comodidad incluso en carreteras \u00e1speras.<\/p>\n<hr data-start=\"4590\" data-end=\"4593\" \/>\n<h2 data-start=\"4595\" data-end=\"4624\">\ufffd <strong data-start=\"4601\" data-end=\"4624\">OEM &amp; Personalizaci\u00f3n<\/strong><\/h2>\n<p data-start=\"4626\" data-end=\"4833\">Ofrecemos completo <strong data-start=\"4640\" data-end=\"4670\">Servicios de personalizaci\u00f3n OEM<\/strong>incluyendo calcoman\u00edas de marca, colores de pintura personalizados y dimensiones ajustables de la cama de carga. Adecuado para la gesti\u00f3n de flotas, uso gubernamental o servicios de entrega de marca.<\/p>\n<hr data-start=\"4835\" data-end=\"4838\" \/>\n<h2 data-start=\"4840\" data-end=\"4865\">\ufffd <strong data-start=\"4846\" data-end=\"4865\">Control de calidad<\/strong><\/h2>\n<p data-start=\"4867\" data-end=\"5094\">Cada <strong data-start=\"4873\" data-end=\"4911\">Trike de carga de tres ruedas<\/strong> se somete <strong data-start=\"4922\" data-end=\"4947\">inspecci\u00f3n en varios pasos<\/strong>incluyendo pruebas de carga del motor, verificaci\u00f3n del ciclo de vida de la bater\u00eda, calibraci\u00f3n de la sensibilidad de los frenos y simulaciones de resistencia antes de salir de la f\u00e1brica.<\/p>\n<hr data-start=\"5096\" data-end=\"5099\" \/>\n<h2 data-start=\"5101\" data-end=\"5131\">\ufffd\ufe0f <strong data-start=\"5108\" data-end=\"5131\">Servicio posventa<\/strong><\/h2>\n<ul data-start=\"5133\" data-end=\"5301\">\n<li data-start=\"5133\" data-end=\"5178\">\n<p data-start=\"5135\" data-end=\"5178\">Garant\u00eda de 12 meses en motor y controlador<\/p>\n<\/li>\n<li data-start=\"5179\" data-end=\"5235\">\n<p data-start=\"5181\" data-end=\"5235\">Soporte t\u00e9cnico y piezas de repuesto disponibles en todo el mundo<\/p>\n<\/li>\n<li data-start=\"5236\" data-end=\"5301\">\n<p data-start=\"5238\" data-end=\"5301\">Consulta de mantenimiento de por vida a trav\u00e9s del servicio en l\u00ednea o telef\u00f3nico<\/p>\n<\/li>\n<\/ul>\n<hr data-start=\"5303\" data-end=\"5306\" \/>\n<h2 data-start=\"5308\" data-end=\"5339\">\ufffd <strong data-start=\"5314\" data-end=\"5339\">Escenarios de aplicaci\u00f3n<\/strong><\/h2>\n<p data-start=\"5341\" data-end=\"5355\">Perfecto para:<\/p>\n<ul data-start=\"5356\" data-end=\"5540\">\n<li data-start=\"5356\" data-end=\"5409\">\n<p data-start=\"5358\" data-end=\"5409\"><strong data-start=\"5358\" data-end=\"5407\">Entrega de bienes urbanos y log\u00edstica de comercio electr\u00f3nico<\/strong><\/p>\n<\/li>\n<li data-start=\"5410\" data-end=\"5440\">\n<p data-start=\"5412\" data-end=\"5440\"><strong data-start=\"5412\" data-end=\"5438\">Transporte agr\u00edcola<\/strong><\/p>\n<\/li>\n<li data-start=\"5441\" data-end=\"5491\">\n<p data-start=\"5443\" data-end=\"5491\"><strong data-start=\"5443\" data-end=\"5489\">Movimiento de materiales de construcci\u00f3n y f\u00e1brica<\/strong><\/p>\n<\/li>\n<li data-start=\"5492\" data-end=\"5540\">\n<p data-start=\"5494\" data-end=\"5540\"><strong data-start=\"5494\" data-end=\"5538\">Recogida y reciclaje de residuos municipales<\/strong><\/p>\n<\/li>\n<\/ul>\n<hr data-start=\"5542\" data-end=\"5545\" \/>\n<h2 data-start=\"5547\" data-end=\"5570\">\ufffd <strong data-start=\"5553\" data-end=\"5570\">Condiciones de pago<\/strong><\/h2>\n<p data-start=\"5572\" data-end=\"5690\">T \/ T dep\u00f3sito del 30%, saldo del 70% antes del env\u00edo.<br data-start=\"5617\" data-end=\"5620\" \/>L \/ C y otras opciones de pago internacionales disponibles para pedidos a granel.<\/p>\n<hr data-start=\"5692\" data-end=\"5695\" \/>\n<h2 data-start=\"5697\" data-end=\"5709\">\u2753 <strong data-start=\"5702\" data-end=\"5709\">Preguntas frecuentes<\/strong><\/h2>\n<p data-start=\"5711\" data-end=\"5863\"><strong data-start=\"5711\" data-end=\"5779\">Q1: \u00bfCu\u00e1l es el rango del trike de carga de tres ruedas?<\/strong><br data-start=\"5779\" data-end=\"5782\" \/>A1: Puede viajar hasta 100 km con una sola carga, dependiendo de la carga y el terreno.<\/p>\n<p data-start=\"5865\" data-end=\"5956\"><strong data-start=\"5865\" data-end=\"5901\">Q2: \u00bfCu\u00e1nta carga puede llevar?<\/strong><br data-start=\"5901\" data-end=\"5904\" \/>A2: Soporta hasta 250 kg de forma segura y eficiente.<\/p>\n<p data-start=\"5958\" data-end=\"6081\"><strong data-start=\"5958\" data-end=\"6006\">Q3: \u00bfPuedo personalizar el color o el logotipo de la marca?<\/strong><br data-start=\"6006\" data-end=\"6009\" \/>A3: S\u00ed, la personalizaci\u00f3n del OEM est\u00e1 disponible para la marca y la identidad de la flota.<\/p>\n<p data-start=\"6083\" data-end=\"6168\"><strong data-start=\"6083\" data-end=\"6121\">Q4: \u00bfCu\u00e1nto tiempo dura el tiempo de carga?<\/strong><br data-start=\"6121\" data-end=\"6124\" \/>A4: Aproximadamente 8 horas para una carga completa.<\/p>\n<p data-start=\"6170\" data-end=\"6283\"><strong data-start=\"6170\" data-end=\"6205\">Q5: \u00bfCu\u00e1l es el per\u00edodo de garant\u00eda?<\/strong><br data-start=\"6205\" data-end=\"6208\" \/>A5: Un a\u00f1o para el motor y el controlador, m\u00e1s soporte t\u00e9cnico de por vida.<\/p>","protected":false},"excerpt":{"rendered":"<p>El <strong data-start=\"520\" data-end=\"558\">Trike de carga de tres ruedas<\/strong> es un veh\u00edculo de carga de tres ruedas de pr\u00f3xima generaci\u00f3n dise\u00f1ado para un rendimiento potente, alta resistencia y log\u00edstica urbana de largo alcance. Dise\u00f1ado para profesionales que requieren durabilidad y eficiencia, este modelo representa el equilibrio perfecto entre resistencia a trabajos pesados y tecnolog\u00eda ecol\u00f3gica. Dise\u00f1ado tanto para operaciones urbanas como rurales, redefine la productividad en el segmento de los triciclos el\u00e9ctricos de carga.<\/p>","protected":false},"featured_media":4444,"comment_status":"open","ping_status":"closed","template":"","meta":[],"product_brand":[],"product_cat":[78],"product_tag":[],"class_list":{"0":"post-4438","1":"product","2":"type-product","3":"status-publish","4":"has-post-thumbnail","6":"product_cat-electric-tricycle","8":"first","9":"instock","10":"shipping-taxable","11":"product-type-simple"},"_links":{"self":[{"href":"https:\/\/www.tairuiauto.com\/es\/wp-json\/wp\/v2\/product\/4438","targetHints":{"allow":["GET"]}}],"collection":[{"href":"https:\/\/www.tairuiauto.com\/es\/wp-json\/wp\/v2\/product"}],"about":[{"href":"https:\/\/www.tairuiauto.com\/es\/wp-json\/wp\/v2\/types\/product"}],"replies":[{"embeddable":true,"href":"https:\/\/www.tairuiauto.com\/es\/wp-json\/wp\/v2\/comments?post=4438"}],"wp:featuredmedia":[{"embeddable":true,"href":"https:\/\/www.tairuiauto.com\/es\/wp-json\/wp\/v2\/media\/4444"}],"wp:attachment":[{"href":"https:\/\/www.tairuiauto.com\/es\/wp-json\/wp\/v2\/media?parent=4438"}],"wp:term":[{"taxonomy":"product_brand","embeddable":true,"href":"https:\/\/www.tairuiauto.com\/es\/wp-json\/wp\/v2\/product_brand?post=4438"},{"taxonomy":"product_cat","embeddable":true,"href":"https:\/\/www.tairuiauto.com\/es\/wp-json\/wp\/v2\/product_cat?post=4438"},{"taxonomy":"product_tag","embeddable":true,"href":"https:\/\/www.tairuiauto.com\/es\/wp-json\/wp\/v2\/product_tag?post=4438"}],"curies":[{"name":"WP","href":"https:\/\/api.w.org\/{rel}","templated":true}]}}