{"id":4457,"date":"2025-11-05T14:00:49","date_gmt":"2025-11-05T06:00:49","guid":{"rendered":"https:\/\/www.tairuiauto.com\/?post_type=product&#038;p=4457"},"modified":"2025-11-03T15:21:41","modified_gmt":"2025-11-03T07:21:41","slug":"electric-three-wheel-vehicle","status":"publish","type":"product","link":"https:\/\/www.tairuiauto.com\/es\/product\/electric-three-wheel-vehicle\/","title":{"rendered":"Veh\u00edculo el\u00e9ctrico de tres ruedas"},"content":{"rendered":"<h2 data-start=\"840\" data-end=\"868\">\u26a1 <strong data-start=\"845\" data-end=\"868\">Descripci\u00f3n del producto<\/strong><\/h2>\n<p data-start=\"1193\" data-end=\"1491\">El <strong data-start=\"468\" data-end=\"506\">veh\u00edculo<\/strong> es un alto rendimiento <strong data-start=\"529\" data-end=\"561\">veh\u00edculo el\u00e9ctrico de tres ruedas<\/strong> dise\u00f1ado para satisfacer las rigurosas necesidades de la log\u00edstica industrial, el transporte agr\u00edcola y la entrega de la construcci\u00f3n. Combinando potencia, resistencia y dise\u00f1o inteligente, se destaca como uno de los triciclos electr\u00f3nicos de carga m\u00e1s eficientes para operaciones de carga de corta y media distancia.<\/p>\n<table style=\"border-collapse: collapse; width: 63.2564%; height: 624px;\" border=\"0\" width=\"691\" cellspacing=\"0\" cellpadding=\"0\">\n<tbody>\n<tr style=\"height: 20.00pt;\">\n<td class=\"et3\" style=\"height: 20pt; width: 43.7146%;\" width=\"347\" height=\"33\">modelo<\/td>\n<td class=\"et4\" style=\"width: 56.1375%;\" width=\"344\">Veh\u00edculo el\u00e9ctrico de tres ruedas<\/td>\n<\/tr>\n<tr style=\"height: 20.00pt;\">\n<td class=\"et5\" style=\"height: 20pt; width: 43.7146%;\" width=\"347\" height=\"33\">Tiempo de carga<\/td>\n<td class=\"et5\" style=\"width: 56.1375%;\" width=\"344\">8 horas<\/td>\n<\/tr>\n<tr style=\"height: 20.00pt;\">\n<td class=\"et5\" style=\"height: 20pt; width: 43.7146%;\" width=\"347\" height=\"33\">Neum\u00e1tico delantero\/trasero Tt<\/td>\n<td class=\"et5\" style=\"width: 56.1375%;\" width=\"344\">ruedas delanteras 3.75-12; ruedas traseras 4.00-12<\/td>\n<\/tr>\n<tr style=\"height: 20.00pt;\">\n<td class=\"et5\" style=\"height: 20pt; width: 43.7146%;\" width=\"347\" height=\"33\">Elecci\u00f3n de color<\/td>\n<td class=\"et5\" style=\"width: 56.1375%;\" width=\"344\">Personalizado<\/td>\n<\/tr>\n<tr style=\"height: 20.00pt;\">\n<td class=\"et5\" style=\"height: 20pt; width: 43.7146%;\" width=\"347\" height=\"33\">Marca comercial<\/td>\n<td class=\"et5\" style=\"width: 56.1375%;\" width=\"344\">TECREK o OEM<\/td>\n<\/tr>\n<tr style=\"height: 20.00pt;\">\n<td class=\"et5\" style=\"height: 20pt; width: 43.7146%;\" width=\"347\" height=\"33\">Origen<\/td>\n<td class=\"et5\" style=\"width: 56.1375%;\" width=\"344\">China<\/td>\n<\/tr>\n<tr style=\"height: 20.00pt;\">\n<td class=\"et5\" style=\"height: 20pt; width: 43.7146%;\" width=\"347\" height=\"33\">Rango por carga\/km<\/td>\n<td class=\"et5\" style=\"width: 56.1375%;\" width=\"344\">60-70 km<\/td>\n<\/tr>\n<tr style=\"height: 20.00pt;\">\n<td class=\"et5\" style=\"height: 20pt; width: 43.7146%;\" width=\"347\" height=\"33\">Velocidad m\u00e1xima Km\/H<\/td>\n<td class=\"et5\" style=\"width: 56.1375%;\" width=\"344\">30-45km\/h<\/td>\n<\/tr>\n<tr style=\"height: 20.00pt;\">\n<td class=\"et5\" style=\"height: 20pt; width: 43.7146%;\" width=\"347\" height=\"33\">Capacidad de escalada<\/td>\n<td class=\"et5\" style=\"width: 56.1375%;\" width=\"344\">\u2264 30 \u00b0<\/td>\n<\/tr>\n<tr style=\"height: 20.00pt;\">\n<td class=\"et5\" style=\"height: 20pt; width: 43.7146%;\" width=\"347\" height=\"33\">Dimensi\u00f3n general<\/td>\n<td class=\"et5\" style=\"width: 56.1375%;\" width=\"344\">3060X1200X1700MM<\/td>\n<\/tr>\n<tr style=\"height: 20.00pt;\">\n<td class=\"et5\" style=\"height: 20pt; width: 43.7146%;\" width=\"347\" height=\"33\">Capacidad de carga<\/td>\n<td class=\"et5\" style=\"width: 56.1375%;\" width=\"344\">800 kg<\/td>\n<\/tr>\n<tr style=\"height: 20.00pt;\">\n<td class=\"et5\" style=\"height: 20pt; width: 43.7146%;\" width=\"347\" height=\"33\">Potencia del motor hidr\u00e1ulico<\/td>\n<td class=\"et5\" style=\"width: 56.1375%;\" width=\"344\">1000W<\/td>\n<\/tr>\n<tr style=\"height: 20.00pt;\">\n<td class=\"et5\" style=\"height: 20pt; width: 43.7146%;\" width=\"347\" height=\"33\">Voltaje est\u00e1ndar<\/td>\n<td class=\"et5\" style=\"width: 56.1375%;\" width=\"344\">60\/72V<\/td>\n<\/tr>\n<tr style=\"height: 20.00pt;\">\n<td class=\"et5\" style=\"height: 20pt; width: 43.7146%;\" width=\"347\" height=\"33\">Controlador<\/td>\n<td class=\"et5\" style=\"width: 56.1375%;\" width=\"344\">24 Tubo<\/td>\n<\/tr>\n<tr style=\"height: 20.00pt;\">\n<td class=\"et5\" style=\"height: 20pt; width: 43.7146%;\" width=\"347\" height=\"33\">Modo de frenado<\/td>\n<td class=\"et5\" style=\"width: 56.1375%;\" width=\"344\">Tambor delantero Tambor trasero<\/td>\n<\/tr>\n<tr style=\"height: 20.00pt;\">\n<td class=\"et5\" style=\"height: 20pt; width: 43.7146%;\" width=\"347\" height=\"33\">Deslizamiento m\u00ednimo al suelo<\/td>\n<td class=\"et5\" style=\"width: 56.1375%;\" width=\"344\">135<\/td>\n<\/tr>\n<tr style=\"height: 20.00pt;\">\n<td class=\"et5\" style=\"height: 20pt; width: 43.7146%;\" width=\"347\" height=\"33\">Capacidad de producci\u00f3n<\/td>\n<td class=\"et5\" style=\"width: 56.1375%;\" width=\"344\">100000set\/a\u00f1o<\/td>\n<\/tr>\n<\/tbody>\n<\/table>\n<hr data-start=\"1493\" data-end=\"1496\" \/>\n<h2 data-start=\"1498\" data-end=\"1527\">\ufffd <strong data-start=\"1504\" data-end=\"1527\">Principales puntos de venta<\/strong><\/h2>\n<ol data-start=\"1529\" data-end=\"2393\">\n<li data-start=\"1529\" data-end=\"1775\">\n<p data-start=\"1532\" data-end=\"1775\"><strong data-start=\"1532\" data-end=\"1571\">Sistema de motor potente y eficiente<\/strong><br data-start=\"1571\" data-end=\"1574\" \/>Equipado con una <strong data-start=\"1593\" data-end=\"1618\">Motor hidr\u00e1ulico 1000W<\/strong> y una <strong data-start=\"1625\" data-end=\"1655\">Configuraci\u00f3n de doble voltaje 60V\/72V<\/strong>, el <strong data-start=\"1661\" data-end=\"1699\">Veh\u00edculo el\u00e9ctrico de tres ruedas<\/strong> ofrece un par fuerte, asegurando un funcionamiento sin problemas incluso en pendientes de hasta 30\u00b0.<\/p>\n<\/li>\n<li data-start=\"1777\" data-end=\"1992\">\n<p data-start=\"1780\" data-end=\"1992\"><strong data-start=\"1780\" data-end=\"1819\">Bater\u00eda de carga r\u00e1pida y de largo alcance<\/strong><br data-start=\"1819\" data-end=\"1822\" \/>Lograr hasta <strong data-start=\"1839\" data-end=\"1859\">70 km por carga<\/strong> Con un eficiente <strong data-start=\"1878\" data-end=\"1902\">Tiempo de carga de 8 horas<\/strong>lo que hace que este triciclo el\u00e9ctrico sea perfecto para largas jornadas laborales sin recargas frecuentes.<\/p>\n<\/li>\n<li data-start=\"1994\" data-end=\"2212\">\n<p data-start=\"1997\" data-end=\"2212\"><strong data-start=\"1997\" data-end=\"2037\">Capacidad de carga superior y estabilidad<\/strong><br data-start=\"2037\" data-end=\"2040\" \/>Con un <strong data-start=\"2051\" data-end=\"2079\">Capacidad de carga de 800 kg<\/strong>, suspensi\u00f3n pesada, y neum\u00e1ticos 3.75-12 \/ 4.00-12, este <strong data-start=\"2138\" data-end=\"2164\">veh\u00edculo de carga el\u00e9ctrico<\/strong> maneja terreno \u00e1spero y cargas completas con facilidad.<\/p>\n<\/li>\n<li data-start=\"2214\" data-end=\"2393\">\n<p data-start=\"2217\" data-end=\"2393\"><strong data-start=\"2217\" data-end=\"2248\">Dise\u00f1o de frenado Safety-First<\/strong><br data-start=\"2248\" data-end=\"2251\" \/>El <strong data-start=\"2258\" data-end=\"2299\">tambor delantero sistema de frenado de tambor trasero<\/strong> ofrece el m\u00e1ximo control y potencia de parada fiable para la seguridad del transporte urbano e industrial.<\/p>\n<\/li>\n<\/ol>\n<hr data-start=\"2395\" data-end=\"2398\" \/>\n<h2 data-start=\"2400\" data-end=\"2427\">\ufffd <strong data-start=\"2406\" data-end=\"2427\">Ventajas \u00fanicas<\/strong><\/h2>\n<ol data-start=\"2429\" data-end=\"3065\">\n<li data-start=\"2429\" data-end=\"2596\">\n<p data-start=\"2432\" data-end=\"2596\"><strong data-start=\"2432\" data-end=\"2461\">Escenarios de uso vers\u00e1tiles<\/strong> \u2013 El <strong data-start=\"2468\" data-end=\"2506\">Veh\u00edculo el\u00e9ctrico de tres ruedas<\/strong> se adapta perfectamente a la log\u00edstica industrial, sitios de construcci\u00f3n y campos agr\u00edcolas.<\/p>\n<\/li>\n<li data-start=\"2597\" data-end=\"2754\">\n<p data-start=\"2600\" data-end=\"2754\"><strong data-start=\"2600\" data-end=\"2632\">Ecol\u00f3gico y de ahorro de costos<\/strong> La operaci\u00f3n totalmente el\u00e9ctrica significa cero emisiones, bajo mantenimiento y costes m\u00ednimos de funcionamiento en comparaci\u00f3n con los triciclos de combustible.<\/p>\n<\/li>\n<li data-start=\"2755\" data-end=\"2915\">\n<p data-start=\"2758\" data-end=\"2915\"><strong data-start=\"2758\" data-end=\"2788\">Opciones de construcci\u00f3n personalizables<\/strong> \u2013 Disponible para <strong data-start=\"2805\" data-end=\"2826\">Personalizaci\u00f3n OEM<\/strong>incluyendo el color, la marca, las dimensiones de la caja de carga y la configuraci\u00f3n del sistema electr\u00f3nico.<\/p>\n<\/li>\n<li data-start=\"2916\" data-end=\"3065\">\n<p data-start=\"2919\" data-end=\"3065\"><strong data-start=\"2919\" data-end=\"2959\">Durabilidad probada para mercados globales<\/strong> \u2013 Pruebado rigurosamente en diversas condiciones ambientales para garantizar la longevidad y la estabilidad del rendimiento.<\/p>\n<\/li>\n<\/ol>\n<p><img fetchpriority=\"high\" decoding=\"async\" class=\"size-medium wp-image-4456 aligncenter\" src=\"https:\/\/www.tairuiauto.com\/wp-content\/uploads\/2025\/11\/\u4e3b\u56fe-1-300x300.jpg\" alt=\"\" width=\"300\" height=\"300\" srcset=\"https:\/\/www.tairuiauto.com\/wp-content\/uploads\/2025\/11\/\u4e3b\u56fe-1-300x300.jpg 300w, https:\/\/www.tairuiauto.com\/wp-content\/uploads\/2025\/11\/\u4e3b\u56fe-1-150x150.jpg 150w, https:\/\/www.tairuiauto.com\/wp-content\/uploads\/2025\/11\/\u4e3b\u56fe-1-12x12.jpg 12w, https:\/\/www.tairuiauto.com\/wp-content\/uploads\/2025\/11\/\u4e3b\u56fe-1-600x600.jpg 600w, https:\/\/www.tairuiauto.com\/wp-content\/uploads\/2025\/11\/\u4e3b\u56fe-1-100x100.jpg 100w, https:\/\/www.tairuiauto.com\/wp-content\/uploads\/2025\/11\/\u4e3b\u56fe-1.jpg 730w\" sizes=\"(max-width: 300px) 100vw, 300px\" \/><\/p>\n<hr data-start=\"3744\" data-end=\"3747\" \/>\n<h2 data-start=\"3749\" data-end=\"3767\">\ufffd <strong data-start=\"3755\" data-end=\"3767\">Material<\/strong><\/h2>\n<p data-start=\"3769\" data-end=\"4019\">El triciclo est\u00e1 construido con <strong data-start=\"3802\" data-end=\"3829\">acero al carbono reforzado<\/strong>, <strong data-start=\"3831\" data-end=\"3853\">recubrimientos anti-oxidaci\u00f3n<\/strong>y <strong data-start=\"3859\" data-end=\"3887\">soldadura de marco pesado<\/strong> para soportar vibraciones constantes y cargas pesadas. El lecho de carga utiliza paneles resistentes a la corrosi\u00f3n adecuados para todas las condiciones clim\u00e1ticas.<\/p>\n<hr data-start=\"4021\" data-end=\"4024\" \/>\n<h2 data-start=\"4026\" data-end=\"4046\">\ufffd <strong data-start=\"4032\" data-end=\"4046\">Apariencia<\/strong><\/h2>\n<p data-start=\"4048\" data-end=\"4263\">Con su <strong data-start=\"4057\" data-end=\"4092\">dise\u00f1o frontal aerodin\u00e1mico moderno<\/strong>El ZHIHUIGUAN presenta una est\u00e9tica profesional, duradera y moderna, ideal para operaciones de flota o uso log\u00edstico de marca.<\/p>\n<hr data-start=\"4265\" data-end=\"4268\" \/>\n<h2 data-start=\"4270\" data-end=\"4286\">\ufffd <strong data-start=\"4276\" data-end=\"4286\">Dise\u00f1o<\/strong><\/h2>\n<p data-start=\"4288\" data-end=\"4535\">El <strong data-start=\"4292\" data-end=\"4330\">Veh\u00edculo el\u00e9ctrico de tres ruedas<\/strong> adopta una cabina ergon\u00f3mica, sistema de suspensi\u00f3n hidr\u00e1ulica y dise\u00f1o de piso antideslizante. Cada componente, desde las palancas manuales hasta el panel de instrumentos, est\u00e1 optimizado para la comodidad, la durabilidad y la f\u00e1cil operaci\u00f3n.<\/p>\n<hr data-start=\"4537\" data-end=\"4540\" \/>\n<h2 data-start=\"4542\" data-end=\"4569\">\ufffd <strong data-start=\"4548\" data-end=\"4569\">Personalizaci\u00f3n OEM<\/strong><\/h2>\n<p data-start=\"4571\" data-end=\"4619\">Ofrecemos completo <strong data-start=\"4591\" data-end=\"4616\">Personalizaci\u00f3n OEM\/ODM<\/strong>:<\/p>\n<ul data-start=\"4620\" data-end=\"4782\">\n<li data-start=\"4620\" data-end=\"4658\">\n<p data-start=\"4622\" data-end=\"4658\">Color personalizado del cuerpo y acabado de pintura<\/p>\n<\/li>\n<li data-start=\"4659\" data-end=\"4705\">\n<p data-start=\"4661\" data-end=\"4705\">Aplicaci\u00f3n de marca o logotipo de marca privada<\/p>\n<\/li>\n<li data-start=\"4706\" data-end=\"4782\">\n<p data-start=\"4708\" data-end=\"4782\">Actualizaciones opcionales (por ejemplo, iluminaci\u00f3n LED, tipo de bater\u00eda, extensiones de cama de carga)<\/p>\n<\/li>\n<\/ul>\n<hr data-start=\"4784\" data-end=\"4787\" \/>\n<h2 data-start=\"4789\" data-end=\"4814\">\ufffd <strong data-start=\"4795\" data-end=\"4814\">Control de calidad<\/strong><\/h2>\n<p data-start=\"4816\" data-end=\"4910\">Cada <strong data-start=\"4822\" data-end=\"4854\">ZHIHUIGUAN triciclo el\u00e9ctrico<\/strong> pasa por estrictas inspecciones de calidad, incluyendo:<\/p>\n<ul data-start=\"4911\" data-end=\"5080\">\n<li data-start=\"4911\" data-end=\"4955\">\n<p data-start=\"4913\" data-end=\"4955\">Ensayos de seguridad el\u00e9ctrica y aislamiento<\/p>\n<\/li>\n<li data-start=\"4956\" data-end=\"4996\">\n<p data-start=\"4958\" data-end=\"4996\">Prueba de fiabilidad del sistema hidr\u00e1ulico<\/p>\n<\/li>\n<li data-start=\"4997\" data-end=\"5043\">\n<p data-start=\"4999\" data-end=\"5043\">Simulaci\u00f3n de resistencia del marco bajo carga completa<\/p>\n<\/li>\n<li data-start=\"5044\" data-end=\"5080\">\n<p data-start=\"5046\" data-end=\"5080\">Evaluaci\u00f3n del rendimiento en carretera real<\/p>\n<\/li>\n<\/ul>\n<p data-start=\"5082\" data-end=\"5140\">Esto garantiza un rendimiento consistente en los mercados globales.<\/p>\n<hr data-start=\"5142\" data-end=\"5145\" \/>\n<h2 data-start=\"5147\" data-end=\"5177\">\ufffd\ufe0f <strong data-start=\"5154\" data-end=\"5177\">Servicio posventa<\/strong><\/h2>\n<ul data-start=\"5179\" data-end=\"5345\">\n<li data-start=\"5179\" data-end=\"5224\">\n<p data-start=\"5181\" data-end=\"5224\">Garant\u00eda de 12 meses en motor y controlador<\/p>\n<\/li>\n<li data-start=\"5225\" data-end=\"5262\">\n<p data-start=\"5227\" data-end=\"5262\">Soporte t\u00e9cnico en l\u00ednea de por vida<\/p>\n<\/li>\n<li data-start=\"5263\" data-end=\"5299\">\n<p data-start=\"5265\" data-end=\"5299\">Env\u00edo global r\u00e1pido de piezas de repuesto<\/p>\n<\/li>\n<li data-start=\"5300\" data-end=\"5345\">\n<p data-start=\"5302\" data-end=\"5345\">Planes de mantenimiento personalizados para distribuidores<\/p>\n<\/li>\n<\/ul>\n<hr data-start=\"5347\" data-end=\"5350\" \/>\n<h2 data-start=\"5352\" data-end=\"5380\">\ufffd <strong data-start=\"5358\" data-end=\"5380\">Campos de aplicaci\u00f3n<\/strong><\/h2>\n<p data-start=\"5382\" data-end=\"5394\">Ideal para:<\/p>\n<ul data-start=\"5395\" data-end=\"5573\">\n<li data-start=\"5395\" data-end=\"5439\">\n<p data-start=\"5397\" data-end=\"5439\">Transporte de carga industrial y de almac\u00e9n<\/p>\n<\/li>\n<li data-start=\"5440\" data-end=\"5483\">\n<p data-start=\"5442\" data-end=\"5483\">Log\u00edstica de productos agr\u00edcolas y piensos<\/p>\n<\/li>\n<li data-start=\"5484\" data-end=\"5529\">\n<p data-start=\"5486\" data-end=\"5529\">Construcci\u00f3n y suministro de edificios<\/p>\n<\/li>\n<li data-start=\"5530\" data-end=\"5573\">\n<p data-start=\"5532\" data-end=\"5573\">Gesti\u00f3n de residuos y limpieza municipal<\/p>\n<\/li>\n<\/ul>\n<hr data-start=\"5575\" data-end=\"5578\" \/>\n<h2 data-start=\"5580\" data-end=\"5603\">\ufffd <strong data-start=\"5586\" data-end=\"5603\">Condiciones de pago<\/strong><\/h2>\n<ul data-start=\"5605\" data-end=\"5737\">\n<li data-start=\"5605\" data-end=\"5655\">\n<p data-start=\"5607\" data-end=\"5655\">T \/ T (dep\u00f3sito del 30%, saldo del 70% antes del env\u00edo)<\/p>\n<\/li>\n<li data-start=\"5656\" data-end=\"5689\">\n<p data-start=\"5658\" data-end=\"5689\">L \/ C disponible para pedidos a granel<\/p>\n<\/li>\n<li data-start=\"5690\" data-end=\"5737\">\n<p data-start=\"5692\" data-end=\"5737\">Alibaba garant\u00eda comercial y PayPal aceptado<\/p>\n<\/li>\n<\/ul>\n<hr data-start=\"5739\" data-end=\"5742\" \/>\n<h2 data-start=\"5744\" data-end=\"5756\">\u2753 <strong data-start=\"5749\" data-end=\"5756\">Preguntas frecuentes<\/strong><\/h2>\n<p data-start=\"5758\" data-end=\"5918\"><strong data-start=\"5758\" data-end=\"5834\">Q1: \u00bfCu\u00e1l es el rango de bater\u00eda del veh\u00edculo el\u00e9ctrico de tres ruedas?<\/strong><br data-start=\"5834\" data-end=\"5837\" \/>A1: Ofrece un alcance de 60-70 km a carga completa, dependiendo de la carga y el terreno.<\/p>\n<p data-start=\"5920\" data-end=\"6020\"><strong data-start=\"5920\" data-end=\"5966\">Q2: \u00bfCu\u00e1nto tiempo se tarda en cargar completamente?<\/strong><br data-start=\"5966\" data-end=\"5969\" \/>A2: Alrededor de 8 horas utilizando una fuente de alimentaci\u00f3n est\u00e1ndar.<\/p>\n<p data-start=\"6022\" data-end=\"6136\"><strong data-start=\"6022\" data-end=\"6075\">Q3: \u00bfPuedo pedir este triciclo con mi logotipo de marca?<\/strong><br data-start=\"6075\" data-end=\"6078\" \/>A3: S\u00ed, proporcionamos servicios completos de OEM y marca privada.<\/p>\n<p data-start=\"6138\" data-end=\"6227\"><strong data-start=\"6138\" data-end=\"6171\">Q4: \u00bfCu\u00e1l es la capacidad de carga?<\/strong><br data-start=\"6171\" data-end=\"6174\" \/>A4: Puede transportar hasta 800 kg de mercanc\u00edas de manera eficiente.<\/p>\n<p data-start=\"6229\" data-end=\"6363\"><strong data-start=\"6229\" data-end=\"6276\">Q5: \u00bfEs este modelo adecuado para \u00e1reas monta\u00f1osas?<\/strong><br data-start=\"6276\" data-end=\"6279\" \/>A5: Por supuesto. Su motor de alto par de 1000W soporta \u00e1ngulos de escalada de hasta 30\u00b0.<\/p>","protected":false},"excerpt":{"rendered":"<p>El veh\u00edculo el\u00e9ctrico de tres ruedas cuenta con un motor hidr\u00e1ulico de 1000W impulsado por un sistema de 60V \/ 72V, que ofrece una conducci\u00f3n suave y potente para transportar cargas de hasta 800 kg. Su chasis reforzado, sistema de frenado eficiente y dise\u00f1o de control ergon\u00f3mico lo hacen adecuado para operaciones urbanas y rurales. Es una opci\u00f3n ideal para empresas log\u00edsticas, agricultores y flotas de mantenimiento urbano que buscan soluciones de transporte ecol\u00f3gicas y de alta carga.<\/p>","protected":false},"featured_media":4454,"comment_status":"open","ping_status":"closed","template":"","meta":[],"product_brand":[],"product_cat":[78],"product_tag":[],"class_list":{"0":"post-4457","1":"product","2":"type-product","3":"status-publish","4":"has-post-thumbnail","6":"product_cat-electric-tricycle","8":"first","9":"instock","10":"shipping-taxable","11":"product-type-simple"},"_links":{"self":[{"href":"https:\/\/www.tairuiauto.com\/es\/wp-json\/wp\/v2\/product\/4457","targetHints":{"allow":["GET"]}}],"collection":[{"href":"https:\/\/www.tairuiauto.com\/es\/wp-json\/wp\/v2\/product"}],"about":[{"href":"https:\/\/www.tairuiauto.com\/es\/wp-json\/wp\/v2\/types\/product"}],"replies":[{"embeddable":true,"href":"https:\/\/www.tairuiauto.com\/es\/wp-json\/wp\/v2\/comments?post=4457"}],"wp:featuredmedia":[{"embeddable":true,"href":"https:\/\/www.tairuiauto.com\/es\/wp-json\/wp\/v2\/media\/4454"}],"wp:attachment":[{"href":"https:\/\/www.tairuiauto.com\/es\/wp-json\/wp\/v2\/media?parent=4457"}],"wp:term":[{"taxonomy":"product_brand","embeddable":true,"href":"https:\/\/www.tairuiauto.com\/es\/wp-json\/wp\/v2\/product_brand?post=4457"},{"taxonomy":"product_cat","embeddable":true,"href":"https:\/\/www.tairuiauto.com\/es\/wp-json\/wp\/v2\/product_cat?post=4457"},{"taxonomy":"product_tag","embeddable":true,"href":"https:\/\/www.tairuiauto.com\/es\/wp-json\/wp\/v2\/product_tag?post=4457"}],"curies":[{"name":"WP","href":"https:\/\/api.w.org\/{rel}","templated":true}]}}