{"id":4959,"date":"2025-11-24T09:20:41","date_gmt":"2025-11-24T01:20:41","guid":{"rendered":"https:\/\/www.tairuiauto.com\/?post_type=product&#038;p=4959"},"modified":"2025-11-25T10:07:09","modified_gmt":"2025-11-25T02:07:09","slug":"eco-friendly-electric-vehicle","status":"publish","type":"product","link":"https:\/\/www.tairuiauto.com\/es\/product\/eco-friendly-electric-vehicle\/","title":{"rendered":"Veh\u00edculo el\u00e9ctrico ecol\u00f3gico"},"content":{"rendered":"<h3 style=\"padding-left: 40px;\" data-start=\"515\" data-end=\"542\"><strong data-start=\"519\" data-end=\"542\">Descripci\u00f3n del producto<\/strong><\/h3>\n<p style=\"padding-left: 40px;\" data-start=\"543\" data-end=\"1221\">El <strong data-start=\"547\" data-end=\"588\">P302 triciclo el\u00e9ctrico para pasajeros<\/strong> es un veh\u00edculo inteligente y ecol\u00f3gico dise\u00f1ado para el transporte de corta distancia en ciudades, pueblos, \u00e1reas tur\u00edsticas, comunidades y parques comerciales.<\/p>\n<table style=\"border-collapse: collapse; width: 78.6538%; margin-left: 40px;\" border=\"0\" width=\"720\" cellspacing=\"0\" cellpadding=\"0\">\n<tbody style=\"padding-left: 40px;\">\n<tr style=\"height: 20pt; padding-left: 40px;\">\n<td class=\"et5\" style=\"height: 20pt; width: 39.9654%; padding-left: 40px;\" width=\"265\" height=\"33\">modelo<\/td>\n<td class=\"et6\" style=\"width: 113.495%; padding-left: 40px;\" width=\"455\"><a href=\"#\u76ee\u5f55!A1\">P302<\/a><\/td>\n<\/tr>\n<tr style=\"height: 20pt; padding-left: 40px;\">\n<td class=\"et7\" style=\"height: 20pt; width: 39.9654%; padding-left: 40px;\" width=\"265\" height=\"33\">Dimensiones (mm)<\/td>\n<td class=\"et7\" style=\"width: 113.495%; padding-left: 40px;\" width=\"455\">2610*1280*1630<\/td>\n<\/tr>\n<tr style=\"height: 20pt; padding-left: 40px;\">\n<td class=\"et7\" style=\"height: 20pt; width: 39.9654%; padding-left: 40px;\" width=\"265\" height=\"33\">Tipo de cuerpo<\/td>\n<td class=\"et7\" style=\"width: 113.495%; padding-left: 40px;\" width=\"455\">cuerpo semi-integral<\/td>\n<\/tr>\n<tr style=\"height: 20pt; padding-left: 40px;\">\n<td class=\"et7\" style=\"height: 20pt; width: 39.9654%; padding-left: 40px;\" width=\"265\" height=\"33\">Estructura del cuerpo<\/td>\n<td class=\"et7\" style=\"width: 113.495%; padding-left: 40px;\" width=\"455\">4 puertas y 3 asientos<\/td>\n<\/tr>\n<tr style=\"height: 20pt; padding-left: 40px;\">\n<td class=\"et7\" style=\"height: 20pt; width: 39.9654%; padding-left: 40px;\" width=\"265\" height=\"33\">motor<\/td>\n<td class=\"et7\" style=\"width: 113.495%; padding-left: 40px;\" width=\"455\">60V1000W<\/td>\n<\/tr>\n<tr style=\"height: 20pt; padding-left: 40px;\">\n<td class=\"et7\" style=\"height: 20pt; width: 39.9654%; padding-left: 40px;\" width=\"265\" height=\"33\">Controlador<\/td>\n<td class=\"et7\" style=\"width: 113.495%; padding-left: 40px;\" width=\"455\">60V 18 tubos<\/td>\n<\/tr>\n<tr style=\"height: 20pt; padding-left: 40px;\">\n<td class=\"et7\" style=\"height: 20pt; width: 39.9654%; padding-left: 40px;\" width=\"265\" height=\"33\">Bater\u00eda (kwh)<\/td>\n<td class=\"et7\" style=\"width: 113.495%; padding-left: 40px;\" width=\"455\">60V58AH<\/td>\n<\/tr>\n<tr style=\"height: 20pt; padding-left: 40px;\">\n<td class=\"et7\" style=\"height: 20pt; width: 39.9654%; padding-left: 40px;\" width=\"265\" height=\"33\">Tiempo de carga (H)<\/td>\n<td class=\"et7\" style=\"width: 113.495%; padding-left: 40px;\" width=\"455\">6-8<\/td>\n<\/tr>\n<tr style=\"height: 20pt; padding-left: 40px;\">\n<td class=\"et7\" style=\"height: 20pt; width: 39.9654%; padding-left: 40px;\" width=\"265\" height=\"33\">Rango por carga\/km<\/td>\n<td class=\"et7\" style=\"width: 113.495%; padding-left: 40px;\" width=\"455\">\u2265 60<\/td>\n<\/tr>\n<tr style=\"height: 20pt; padding-left: 40px;\">\n<td class=\"et7\" style=\"height: 20pt; width: 39.9654%; padding-left: 40px;\" width=\"265\" height=\"33\">Suspensi\u00f3n delantera<\/td>\n<td class=\"et7\" style=\"width: 113.495%; padding-left: 40px;\" width=\"455\">choker hidr\u00e1ulico<\/td>\n<\/tr>\n<tr style=\"height: 20pt; padding-left: 40px;\">\n<td class=\"et7\" style=\"height: 20pt; width: 39.9654%; padding-left: 40px;\" width=\"265\" height=\"33\">Suspensi\u00f3n trasera<\/td>\n<td class=\"et7\" style=\"width: 113.495%; padding-left: 40px;\" width=\"455\">Suspensi\u00f3n de brazo de arrastre<\/td>\n<\/tr>\n<tr style=\"height: 20pt; padding-left: 40px;\">\n<td class=\"et7\" style=\"height: 20pt; width: 39.9654%; padding-left: 40px;\" width=\"265\" height=\"33\">Neum\u00e1tico delantero\/trasero<\/td>\n<td class=\"et7\" style=\"width: 113.495%; padding-left: 40px;\" width=\"455\">Frente 4.00-10<br \/>\nTrasera 4.00-10<\/td>\n<\/tr>\n<tr style=\"height: 20pt; padding-left: 40px;\">\n<td class=\"et7\" style=\"height: 20pt; width: 39.9654%; padding-left: 40px;\" width=\"265\" height=\"33\">Rim<\/td>\n<td class=\"et7\" style=\"width: 113.495%; padding-left: 40px;\" width=\"455\">Hub de aleaci\u00f3n de aluminio<\/td>\n<\/tr>\n<tr style=\"height: 20pt; padding-left: 40px;\">\n<td class=\"et7\" style=\"height: 20pt; width: 39.9654%; padding-left: 40px;\" width=\"265\" height=\"33\">Sistema de frenos<\/td>\n<td class=\"et7\" style=\"width: 113.495%; padding-left: 40px;\" width=\"455\">delantero\/trasero:disco<\/td>\n<\/tr>\n<tr style=\"height: 20pt; padding-left: 40px;\">\n<td class=\"et7\" style=\"height: 20pt; width: 39.9654%; padding-left: 40px;\" width=\"265\" height=\"33\">Grado de escalada (%)<\/td>\n<td class=\"et7\" style=\"width: 113.495%; padding-left: 40px;\" width=\"455\">\u2265 25<\/td>\n<\/tr>\n<tr style=\"height: 20pt; padding-left: 40px;\">\n<td class=\"et7\" style=\"height: 20pt; width: 39.9654%; padding-left: 40px;\" width=\"265\" height=\"33\">Velocidad m\u00e1xima (km\/h)<\/td>\n<td class=\"et7\" style=\"width: 113.495%; padding-left: 40px;\" width=\"455\">38 km\/h<\/td>\n<\/tr>\n<tr style=\"height: 20pt; padding-left: 40px;\">\n<td class=\"et7\" style=\"height: 20pt; width: 39.9654%; padding-left: 40px;\" width=\"265\" height=\"33\">Modo de direcci\u00f3n<\/td>\n<td class=\"et7\" style=\"width: 113.495%; padding-left: 40px;\" width=\"455\">Manillar medio<\/td>\n<\/tr>\n<tr style=\"height: 20pt; padding-left: 40px;\">\n<td class=\"et7\" style=\"height: 20pt; width: 39.9654%; padding-left: 40px;\" width=\"265\" height=\"33\">Capacidad del contenedor<\/td>\n<td class=\"et7\" style=\"width: 113.495%; padding-left: 40px;\" width=\"455\">9 PCS SKD\/40&#8217; Sede central<\/td>\n<\/tr>\n<tr style=\"height: 20pt; padding-left: 40px;\">\n<td class=\"et7\" style=\"height: 20pt; width: 39.9654%; padding-left: 40px;\" width=\"265\" height=\"33\">Certificado<\/td>\n<td class=\"et7\" style=\"width: 113.495%; padding-left: 40px;\" width=\"455\">CCC<\/td>\n<\/tr>\n<tr style=\"height: 20pt; padding-left: 40px;\">\n<td class=\"et7\" style=\"height: 60pt; width: 39.9654%; padding-left: 40px;\" rowspan=\"3\" width=\"265\" height=\"100\">Dispositivo de funci\u00f3n<\/td>\n<td class=\"et7\" style=\"width: 113.495%; padding-left: 40px;\" width=\"455\">Inicio con un bot\u00f3n<\/td>\n<\/tr>\n<tr style=\"height: 20pt; padding-left: 40px;\">\n<td class=\"et7\" style=\"width: 113.495%; padding-left: 40px;\" width=\"455\">Luz LED<\/td>\n<\/tr>\n<tr style=\"height: 20pt; padding-left: 40px;\">\n<td class=\"et7\" style=\"width: 113.495%; padding-left: 40px;\" width=\"455\">C\u00e1mara Reversiva<\/td>\n<\/tr>\n<\/tbody>\n<\/table>\n<p>&nbsp;<\/p>\n<hr style=\"padding-left: 40px;\" data-start=\"1223\" data-end=\"1226\" \/>\n<h3 style=\"padding-left: 40px;\" data-start=\"1228\" data-end=\"1265\"><strong data-start=\"1232\" data-end=\"1265\">Caracter\u00edsticas clave &amp; Puntos de venta<\/strong><\/h3>\n<ol>\n<li style=\"list-style-type: none;\">\n<ol data-start=\"1266\" data-end=\"2222\">\n<li data-start=\"1266\" data-end=\"1522\">\n<p data-start=\"1269\" data-end=\"1522\"><strong data-start=\"1269\" data-end=\"1327\">Cabina c\u00f3moda de 4 puertas para necesidades de transporte vers\u00e1tiles<\/strong><br data-start=\"1327\" data-end=\"1330\" \/>La cabina totalmente cerrada garantiza la protecci\u00f3n meteorol\u00f3gica y la privacidad de los pasajeros, lo que hace que este trike el\u00e9ctrico de pasajeros sea adecuado para uso familiar, servicio de taxi de corta distancia y desplazamientos de negocios.<\/p>\n<\/li>\n<li data-start=\"1524\" data-end=\"1754\">\n<p data-start=\"1527\" data-end=\"1754\"><strong data-start=\"1527\" data-end=\"1579\">Bater\u00eda de largo alcance para la movilidad urbana continua<\/strong><br data-start=\"1579\" data-end=\"1582\" \/>Equipado con un paquete de 60V 58Ah, el P302 ofrece \u226560 km por carga, soportando el funcionamiento diario de flotas el\u00e9ctricas de taxis de tres ruedas sin interrupciones frecuentes de carga.<\/p>\n<\/li>\n<li data-start=\"1756\" data-end=\"1984\">\n<p data-start=\"1759\" data-end=\"1984\"><strong data-start=\"1759\" data-end=\"1813\">Potente freno y amp; Sistema de suspensi\u00f3n para viajes m\u00e1s seguros<\/strong><br data-start=\"1813\" data-end=\"1816\" \/>Con frenos de disco delanteros y traseros, suspensi\u00f3n de brazo de arrastre y amortiguadores hidr\u00e1ulicos, este veh\u00edculo de movilidad el\u00e9ctrica mejora la seguridad de los pasajeros y la manejabilidad en carretera.<\/p>\n<\/li>\n<li data-start=\"1986\" data-end=\"2222\">\n<p data-start=\"1989\" data-end=\"2222\"><strong data-start=\"1989\" data-end=\"2037\">Motor de ahorro de energ\u00eda con velocidad de hasta 38 km\/h<\/strong><br data-start=\"2037\" data-end=\"2040\" \/>El motor de 1000W proporciona una fuerte capacidad de escalada (\u226525%) y una aceleraci\u00f3n suave, lo que ofrece un rendimiento eficiente para el transporte de pasajeros en e-rickshaw en entornos urbanos concurridos.<\/p>\n<\/li>\n<\/ol>\n<\/li>\n<\/ol>\n<hr style=\"padding-left: 40px;\" data-start=\"2224\" data-end=\"2227\" \/>\n<h3 style=\"padding-left: 40px;\" data-start=\"2229\" data-end=\"2262\"><strong data-start=\"2233\" data-end=\"2262\">Ventajas diferenciadas<\/strong><\/h3>\n<ol>\n<li style=\"list-style-type: none;\">\n<ol data-start=\"2263\" data-end=\"3087\">\n<li data-start=\"2263\" data-end=\"2447\">\n<p data-start=\"2266\" data-end=\"2447\"><strong data-start=\"2266\" data-end=\"2312\">Cuerpo semiintegral con mayor estabilidad<\/strong><br data-start=\"2312\" data-end=\"2315\" \/>El dise\u00f1o de la carrocer\u00eda semi-integral aumenta la resistencia a los choques, mejorando los niveles de seguridad en comparaci\u00f3n con los tradicionales e-rickshaws de marco abierto.<\/p>\n<\/li>\n<li data-start=\"2449\" data-end=\"2685\">\n<p data-start=\"2452\" data-end=\"2685\"><strong data-start=\"2452\" data-end=\"2507\">Herramientas funcionales completas para una operaci\u00f3n amigable con el conductor<\/strong><br data-start=\"2507\" data-end=\"2510\" \/>La iluminaci\u00f3n LED, la c\u00e1mara trasera y el arranque con un solo bot\u00f3n permiten un rendimiento de conducci\u00f3n profesional incluso para conductores comunitarios o nuevos operadores de veh\u00edculos el\u00e9ctricos de taxi de tres ruedas.<\/p>\n<\/li>\n<li data-start=\"2687\" data-end=\"2903\">\n<p data-start=\"2690\" data-end=\"2903\"><strong data-start=\"2690\" data-end=\"2747\">Llantas de aleaci\u00f3n de aluminio para durabilidad y Apelaci\u00f3n est\u00e9tica<\/strong><br data-start=\"2747\" data-end=\"2750\" \/>Los cubos de aleaci\u00f3n de aluminio de alta calidad reducen el peso y el riesgo de corrosi\u00f3n, prolongando la vida \u00fatil y mejorando la apariencia general del trike el\u00e9ctrico de pasajeros.<\/p>\n<\/li>\n<li data-start=\"2905\" data-end=\"3087\">\n<p data-start=\"2908\" data-end=\"3087\"><strong data-start=\"2908\" data-end=\"2953\">Capacidad de contenedor eficiente para el env\u00edo<\/strong><br data-start=\"2953\" data-end=\"2956\" \/>Cada contenedor de 40\u2019HQ tiene capacidad para 9 unidades SKD\/CKD, lo que reduce el costo de env\u00edo para los distribuidores globales de veh\u00edculos de movilidad el\u00e9ctrica.<\/p>\n<\/li>\n<\/ol>\n<\/li>\n<\/ol>\n<p style=\"padding-left: 40px;\" data-start=\"3583\" data-end=\"3651\"><img fetchpriority=\"high\" decoding=\"async\" class=\"aligncenter size-large wp-image-4969\" src=\"https:\/\/www.tairuiauto.com\/wp-content\/uploads\/2025\/11\/8_\u526f\u672c-863x1024.jpg\" alt=\"\" width=\"800\" height=\"949\" srcset=\"https:\/\/www.tairuiauto.com\/wp-content\/uploads\/2025\/11\/8_\u526f\u672c-863x1024.jpg 863w, https:\/\/www.tairuiauto.com\/wp-content\/uploads\/2025\/11\/8_\u526f\u672c-253x300.jpg 253w, https:\/\/www.tairuiauto.com\/wp-content\/uploads\/2025\/11\/8_\u526f\u672c-768x911.jpg 768w, https:\/\/www.tairuiauto.com\/wp-content\/uploads\/2025\/11\/8_\u526f\u672c-1294x1536.jpg 1294w, https:\/\/www.tairuiauto.com\/wp-content\/uploads\/2025\/11\/8_\u526f\u672c-1726x2048.jpg 1726w, https:\/\/www.tairuiauto.com\/wp-content\/uploads\/2025\/11\/8_\u526f\u672c-10x12.jpg 10w, https:\/\/www.tairuiauto.com\/wp-content\/uploads\/2025\/11\/8_\u526f\u672c-600x712.jpg 600w\" sizes=\"(max-width: 800px) 100vw, 800px\" \/><\/p>\n<hr style=\"padding-left: 40px;\" data-start=\"3653\" data-end=\"3656\" \/>\n<h3 style=\"padding-left: 40px;\" data-start=\"3658\" data-end=\"3675\"><strong data-start=\"3662\" data-end=\"3675\">Materiales<\/strong><\/h3>\n<ul>\n<li style=\"list-style-type: none;\">\n<ul data-start=\"3676\" data-end=\"3866\">\n<li data-start=\"3676\" data-end=\"3721\">\n<p data-start=\"3678\" data-end=\"3721\">Marco del veh\u00edculo: Acero soldado de alta resistencia<\/p>\n<\/li>\n<li data-start=\"3722\" data-end=\"3781\">\n<p data-start=\"3724\" data-end=\"3781\">Paneles de carrocer\u00eda: pl\u00e1sticos de ingenier\u00eda duraderos c\u00e1scara de acero<\/p>\n<\/li>\n<li data-start=\"3782\" data-end=\"3812\">\n<p data-start=\"3784\" data-end=\"3812\">Ruedas: Noque de aleaci\u00f3n de aluminio<\/p>\n<\/li>\n<li data-start=\"3813\" data-end=\"3866\">\n<p data-start=\"3815\" data-end=\"3866\">Ventanas: vidrio de seguridad con carcasa sellada<\/p>\n<\/li>\n<\/ul>\n<\/li>\n<\/ul>\n<hr style=\"padding-left: 40px;\" data-start=\"3868\" data-end=\"3871\" \/>\n<h3 style=\"padding-left: 40px;\" data-start=\"3873\" data-end=\"3891\"><strong data-start=\"3877\" data-end=\"3891\">Apariencia<\/strong><\/h3>\n<p style=\"padding-left: 40px;\" data-start=\"3892\" data-end=\"4041\">Dise\u00f1o moderno, compacto y aerodin\u00e1mico; color exterior personalizable y logotipo; dise\u00f1o de cabina espaciosa con asientos ergon\u00f3micos y iluminaci\u00f3n visual mejorada.<\/p>\n<hr style=\"padding-left: 40px;\" data-start=\"4043\" data-end=\"4046\" \/>\n<h3 style=\"padding-left: 40px;\" data-start=\"4048\" data-end=\"4062\"><strong data-start=\"4052\" data-end=\"4062\">Dise\u00f1o<\/strong><\/h3>\n<p style=\"padding-left: 40px;\" data-start=\"4063\" data-end=\"4208\">Dise\u00f1o centrado en el hombre con asientos c\u00f3modos, puertas anchas para un embarque f\u00e1cil, visibilidad mejorada del panel de control y protecci\u00f3n frontal reforzada.<\/p>\n<hr style=\"padding-left: 40px;\" data-start=\"4210\" data-end=\"4213\" \/>\n<h3 style=\"padding-left: 40px;\" data-start=\"4215\" data-end=\"4240\"><strong data-start=\"4219\" data-end=\"4240\">Personalizaci\u00f3n OEM<\/strong><\/h3>\n<p style=\"padding-left: 40px;\" data-start=\"4241\" data-end=\"4382\">Opciones disponibles: logotipo, color, materiales de asiento, bater\u00edas (72V opcional), actualizaci\u00f3n del motor, sistema multimedia, opciones mejoradas de calefacci\u00f3n\/enfriamiento.<\/p>\n<hr style=\"padding-left: 40px;\" data-start=\"4384\" data-end=\"4387\" \/>\n<h3 style=\"padding-left: 40px;\" data-start=\"4389\" data-end=\"4412\"><strong data-start=\"4393\" data-end=\"4412\">Control de calidad<\/strong><\/h3>\n<p style=\"padding-left: 40px;\" data-start=\"4413\" data-end=\"4440\">Cada veh\u00edculo es probado para:<\/p>\n<ul>\n<li style=\"list-style-type: none;\">\n<ul data-start=\"4441\" data-end=\"4571\">\n<li data-start=\"4441\" data-end=\"4462\">\n<p data-start=\"4443\" data-end=\"4462\">Sensibilidad del freno<\/p>\n<\/li>\n<li data-start=\"4463\" data-end=\"4483\">\n<p data-start=\"4465\" data-end=\"4483\">eficiencia del motor<\/p>\n<\/li>\n<li data-start=\"4484\" data-end=\"4508\">\n<p data-start=\"4486\" data-end=\"4508\">recinto impermeable<\/p>\n<\/li>\n<li data-start=\"4509\" data-end=\"4537\">\n<p data-start=\"4511\" data-end=\"4537\">durabilidad de soldadura del marco<\/p>\n<\/li>\n<li data-start=\"4538\" data-end=\"4571\">\n<p data-start=\"4540\" data-end=\"4571\">estabilidad del rendimiento de la bater\u00eda<\/p>\n<\/li>\n<\/ul>\n<\/li>\n<\/ul>\n<hr style=\"padding-left: 40px;\" data-start=\"4573\" data-end=\"4576\" \/>\n<h3 style=\"padding-left: 40px;\" data-start=\"4578\" data-end=\"4605\"><strong data-start=\"4582\" data-end=\"4605\">Servicio posventa<\/strong><\/h3>\n<p style=\"padding-left: 40px;\" data-start=\"4606\" data-end=\"4726\">Opciones de garant\u00eda; soporte de piezas globales; orientaci\u00f3n t\u00e9cnica remota; Formaci\u00f3n de montaje SKD\/CKD para asociaciones a largo plazo.<\/p>\n<hr style=\"padding-left: 40px;\" data-start=\"4728\" data-end=\"4731\" \/>\n<h3 style=\"padding-left: 40px;\" data-start=\"4733\" data-end=\"4759\"><strong data-start=\"4737\" data-end=\"4759\">Campos de aplicaci\u00f3n<\/strong><\/h3>\n<p style=\"padding-left: 40px;\" data-start=\"4760\" data-end=\"4911\">Transporte comunitario, transporte en el campus, desplazamientos familiares, taxi el\u00e9ctrico de tres ruedas, servicios de movilidad tur\u00edstica, recogida de pasajeros en la zona comercial.<\/p>\n<hr style=\"padding-left: 40px;\" data-start=\"4913\" data-end=\"4916\" \/>\n<h3 style=\"padding-left: 40px;\" data-start=\"4918\" data-end=\"4940\"><strong data-start=\"4922\" data-end=\"4940\">M\u00e9todo de pago<\/strong><\/h3>\n<p style=\"padding-left: 40px;\" data-start=\"4941\" data-end=\"5009\">T \/ T, L \/ C, Seguridad del Comercio, negociaci\u00f3n de la cuota para los distribuidores.<\/p>\n<hr style=\"padding-left: 40px;\" data-start=\"5011\" data-end=\"5014\" \/>\n<h3 style=\"padding-left: 40px;\" data-start=\"5016\" data-end=\"5027\"><strong data-start=\"5020\" data-end=\"5027\">Preguntas frecuentes<\/strong><\/h3>\n<p style=\"padding-left: 40px;\" data-start=\"5028\" data-end=\"5166\"><strong data-start=\"5028\" data-end=\"5071\">Q1: \u00bfSe puede utilizar este veh\u00edculo como taxi?<\/strong><br data-start=\"5071\" data-end=\"5074\" \/>S\u00ed, es ampliamente utilizado como un taxi el\u00e9ctrico de tres ruedas para el servicio de pasajeros de corta distancia.<\/p>\n<p style=\"padding-left: 40px;\" data-start=\"5168\" data-end=\"5294\"><strong data-start=\"5168\" data-end=\"5214\">Q2: \u00bfCu\u00e1nto tiempo dura el P302 por carga?<\/strong><br data-start=\"5214\" data-end=\"5217\" \/>Una bater\u00eda totalmente cargada dura \u226560 km dependiendo del terreno y los h\u00e1bitos de conducci\u00f3n.<\/p>\n<p style=\"padding-left: 40px;\" data-start=\"5296\" data-end=\"5459\"><strong data-start=\"5296\" data-end=\"5343\">Q3: \u00bfEs el veh\u00edculo adecuado para uso familiar?<\/strong><br data-start=\"5343\" data-end=\"5346\" \/>Absolutamente, tiene un recinto de 4 puertas, 3 asientos y fuertes caracter\u00edsticas de seguridad, lo que lo hace ideal para la movilidad familiar.<\/p>\n<p style=\"padding-left: 40px;\" data-start=\"5461\" data-end=\"5605\"><strong data-start=\"5461\" data-end=\"5502\">Q4: \u00bfApoya \u00f3rdenes personalizadas?<\/strong><br data-start=\"5502\" data-end=\"5505\" \/>S\u00ed, ofrecemos soluciones OEM incluyendo personalizaci\u00f3n de logotipos, colores, actualizaciones de bater\u00edas y accesorios.<\/p>","protected":false},"excerpt":{"rendered":"<p>Con un amplio recinto de 4 puertas y una disposici\u00f3n de 3 asientos, ofrece un viaje seguro y c\u00f3modo tanto para las familias como para los operadores de transporte. Alimentado por un sistema de motor de 60V y soportado por bater\u00edas de alta capacidad de 58Ah, ofrece un kilometraje extendido con una frecuencia de carga reducida. Ideal para el desplazamiento diario, los servicios de recogida de pasajeros, la movilidad compartida y el negocio de taxis electr\u00f3nicos a peque\u00f1a escala, este modelo aporta asequibilidad, dise\u00f1o moderno y practicidad real al mercado de la movilidad el\u00e9ctrica.<\/p>","protected":false},"featured_media":4960,"comment_status":"open","ping_status":"closed","template":"","meta":[],"product_brand":[],"product_cat":[78],"product_tag":[],"class_list":{"0":"post-4959","1":"product","2":"type-product","3":"status-publish","4":"has-post-thumbnail","6":"product_cat-electric-tricycle","8":"first","9":"instock","10":"shipping-taxable","11":"product-type-simple"},"_links":{"self":[{"href":"https:\/\/www.tairuiauto.com\/es\/wp-json\/wp\/v2\/product\/4959","targetHints":{"allow":["GET"]}}],"collection":[{"href":"https:\/\/www.tairuiauto.com\/es\/wp-json\/wp\/v2\/product"}],"about":[{"href":"https:\/\/www.tairuiauto.com\/es\/wp-json\/wp\/v2\/types\/product"}],"replies":[{"embeddable":true,"href":"https:\/\/www.tairuiauto.com\/es\/wp-json\/wp\/v2\/comments?post=4959"}],"wp:featuredmedia":[{"embeddable":true,"href":"https:\/\/www.tairuiauto.com\/es\/wp-json\/wp\/v2\/media\/4960"}],"wp:attachment":[{"href":"https:\/\/www.tairuiauto.com\/es\/wp-json\/wp\/v2\/media?parent=4959"}],"wp:term":[{"taxonomy":"product_brand","embeddable":true,"href":"https:\/\/www.tairuiauto.com\/es\/wp-json\/wp\/v2\/product_brand?post=4959"},{"taxonomy":"product_cat","embeddable":true,"href":"https:\/\/www.tairuiauto.com\/es\/wp-json\/wp\/v2\/product_cat?post=4959"},{"taxonomy":"product_tag","embeddable":true,"href":"https:\/\/www.tairuiauto.com\/es\/wp-json\/wp\/v2\/product_tag?post=4959"}],"curies":[{"name":"WP","href":"https:\/\/api.w.org\/{rel}","templated":true}]}}