{"id":1020,"date":"2025-02-08T16:24:34","date_gmt":"2025-02-08T08:24:34","guid":{"rendered":"http:\/\/www.tairuiauto.com\/?post_type=product&#038;p=1020"},"modified":"2025-12-16T11:00:47","modified_gmt":"2025-12-16T03:00:47","slug":"mini-car-c003","status":"publish","type":"product","link":"https:\/\/www.tairuiauto.com\/fr\/product\/mini-car-c003\/","title":{"rendered":"Mini voiture quatre roues"},"content":{"rendered":"<h2 style=\"padding-left: 40px;\" data-start=\"1255\" data-end=\"1295\">Aper\u00e7u du produit<\/h2>\n<p style=\"padding-left: 40px;\" data-start=\"1297\" data-end=\"1681\">Le <strong data-start=\"1301\" data-end=\"1318\">Mini voiture quatre roues<\/strong> est l\u00e9ger <strong data-start=\"1336\" data-end=\"1361\">V\u00e9hicule \u00e9lectrique ville<\/strong> d\u00e9velopp\u00e9 pour les environnements urbains o\u00f9 l'efficacit\u00e9, la man\u0153uvrabilit\u00e9 et le contr\u00f4le des co\u00fbts sont essentiels. En tant que v\u00e9hicule \u00e9lectrique \u00e0 quatre roues, il int\u00e8gre une structure de carrosserie compacte, un syst\u00e8me d'alimentation \u00e9lectrique stable et une capacit\u00e9 de charge pratique, ce qui le rend adapt\u00e9 \u00e0 la mobilit\u00e9 personnelle et aux applications commerciales l\u00e9g\u00e8res.<\/p>\n<table style=\"width: 91.4096%; margin-left: 40px;\" width=\"419\">\n<tbody style=\"padding-left: 40px;\">\n<tr style=\"padding-left: 40px;\">\n<td style=\"width: 56.1446%; padding-left: 40px;\" colspan=\"2\" width=\"249\">Nom de la version<\/td>\n<td style=\"width: 248.434%; padding-left: 40px;\" colspan=\"2\" width=\"169\">Mini voiture quatre roues<\/td>\n<\/tr>\n<tr style=\"padding-left: 40px;\">\n<td style=\"width: 25.3012%; padding-left: 40px;\" rowspan=\"3\" width=\"108\">Dimension<\/td>\n<td style=\"width: 30.8434%; padding-left: 40px;\" width=\"141\">L \u00d7 L \u00d7 H (mm)<\/td>\n<td style=\"width: 248.434%; padding-left: 40px;\" colspan=\"2\" width=\"169\">3000 \u00d7 1498 \u00d7 1630<\/td>\n<\/tr>\n<tr style=\"padding-left: 40px;\">\n<td style=\"width: 30.8434%; padding-left: 40px;\" width=\"141\">Nombre de portes\/si\u00e8ges<\/td>\n<td style=\"width: 248.434%; padding-left: 40px;\" colspan=\"2\" width=\"169\">3 portes 2 si\u00e8ges<\/td>\n<\/tr>\n<tr style=\"padding-left: 40px;\">\n<td style=\"width: 30.8434%; padding-left: 40px;\" width=\"141\">Distance entre roues (mm)<\/td>\n<td style=\"width: 248.434%; padding-left: 40px;\" colspan=\"2\" width=\"169\">1953<\/td>\n<\/tr>\n<tr style=\"padding-left: 40px;\">\n<td style=\"width: 25.3012%; padding-left: 40px;\" rowspan=\"2\" width=\"108\">Poids<\/td>\n<td style=\"width: 30.8434%; padding-left: 40px;\" width=\"141\">Poids net (kg)<\/td>\n<td style=\"width: 248.434%; padding-left: 40px;\" colspan=\"2\" width=\"169\">590<\/td>\n<\/tr>\n<tr style=\"padding-left: 40px;\">\n<td style=\"width: 30.8434%; padding-left: 40px;\" width=\"141\">Charge utile (kg)<\/td>\n<td style=\"width: 248.434%; padding-left: 40px;\" colspan=\"2\" width=\"169\">1115<\/td>\n<\/tr>\n<tr style=\"padding-left: 40px;\">\n<td style=\"width: 25.3012%; padding-left: 40px;\" rowspan=\"2\" width=\"108\">Performance<\/td>\n<td style=\"width: 30.8434%; padding-left: 40px;\" width=\"141\">Vitesse maximale (km\/h)<\/td>\n<td style=\"width: 248.434%; padding-left: 40px;\" colspan=\"2\" width=\"169\">100<\/td>\n<\/tr>\n<tr style=\"padding-left: 40px;\">\n<td style=\"width: 30.8434%; padding-left: 40px;\" width=\"141\">Kilom\u00e9trage (km)<\/td>\n<td style=\"width: 248.434%; padding-left: 40px;\" colspan=\"2\" width=\"169\">170<\/td>\n<\/tr>\n<tr style=\"padding-left: 40px;\">\n<td style=\"width: 25.3012%; padding-left: 40px;\" rowspan=\"3\" width=\"108\">Syst\u00e8me d'alimentation<\/td>\n<td style=\"width: 30.8434%; padding-left: 40px;\" width=\"141\">Batterie (kWh)<\/td>\n<td style=\"width: 248.434%; padding-left: 40px;\" colspan=\"2\" width=\"169\">13.9kwh<\/td>\n<\/tr>\n<tr style=\"padding-left: 40px;\">\n<td style=\"width: 30.8434%; padding-left: 40px;\" width=\"141\">Moteur (kW)<\/td>\n<td style=\"width: 248.434%; padding-left: 40px;\" colspan=\"2\" width=\"169\">Puissance nominale \/ pic: 13\/20<\/td>\n<\/tr>\n<tr style=\"padding-left: 40px;\">\n<td style=\"width: 30.8434%; padding-left: 40px;\" width=\"141\">Temps de charge<\/td>\n<td style=\"width: 248.434%; padding-left: 40px;\" colspan=\"2\" width=\"169\">6 heures<\/td>\n<\/tr>\n<tr style=\"padding-left: 40px;\">\n<td style=\"width: 25.3012%; padding-left: 40px;\" rowspan=\"3\" width=\"108\">Syst\u00e8me de ch\u00e2ssis<\/td>\n<td style=\"width: 30.8434%; padding-left: 40px;\" width=\"141\">Syst\u00e8me de freinage<\/td>\n<td style=\"width: 248.434%; padding-left: 40px;\" colspan=\"2\" width=\"169\">Disque (F\/R)<\/td>\n<\/tr>\n<tr style=\"padding-left: 40px;\">\n<td style=\"width: 30.8434%; padding-left: 40px;\" width=\"141\">Syst\u00e8me de suspension<\/td>\n<td style=\"width: 248.434%; padding-left: 40px;\" colspan=\"2\" width=\"169\">McPherson<\/td>\n<\/tr>\n<tr style=\"padding-left: 40px;\">\n<td style=\"width: 30.8434%; padding-left: 40px;\" width=\"141\">Capacit\u00e9 des bagages<\/td>\n<td style=\"width: 248.434%; padding-left: 40px;\" colspan=\"2\" width=\"169\">1 m\u00b3<\/td>\n<\/tr>\n<tr style=\"padding-left: 40px;\">\n<td style=\"width: 25.3012%; padding-left: 40px;\" width=\"108\">Syst\u00e8me d'assistance<\/td>\n<td style=\"width: 30.8434%; padding-left: 40px;\" width=\"141\">Gradabilit\u00e9 maximale<\/td>\n<td style=\"width: 248.434%; padding-left: 40px;\" colspan=\"2\" width=\"169\">\u2265 20%<\/td>\n<\/tr>\n<tr style=\"padding-left: 40px;\">\n<td style=\"width: 56.1446%; padding-left: 40px;\" colspan=\"2\" width=\"249\">Certification<\/td>\n<td style=\"width: 17.3494%; padding-left: 40px;\" width=\"69\">Pi\u00e8ces: CCC<br \/>\n&amp; CEE<\/td>\n<td style=\"width: 231.084%; padding-left: 40px;\" width=\"100\">\u00a0\u00a0 V\u00e9hicule: CEE<\/td>\n<\/tr>\n<\/tbody>\n<\/table>\n<hr style=\"padding-left: 40px;\" data-start=\"1683\" data-end=\"1686\" \/>\n<h2 style=\"padding-left: 40px;\" data-start=\"1688\" data-end=\"1710\">Description du produit<\/h2>\n<h3 style=\"padding-left: 40px;\" data-start=\"1712\" data-end=\"1734\">Cat\u00e9gorie de produit<\/h3>\n<p style=\"padding-left: 40px;\" data-start=\"1735\" data-end=\"1815\">V\u00e9hicule \u00e9lectrique de ville \/ v\u00e9hicule commercial \u00e9lectrique \u00e0 quatre roues \/ \u00e9lectrique l\u00e9ger<\/p>\n<h3 style=\"padding-left: 40px;\" data-start=\"1817\" data-end=\"1842\">Description du produit<\/h3>\n<p style=\"padding-left: 40px;\" data-start=\"1844\" data-end=\"2275\">Le <strong data-start=\"1848\" data-end=\"1865\">Mini voiture quatre roues<\/strong> est un purpose-built <strong data-start=\"1885\" data-end=\"1917\">v\u00e9hicule \u00e9lectrique \u00e0 quatre roues<\/strong> optimis\u00e9 pour le trafic urbain dense, les trajets \u00e0 courte distance et les op\u00e9rations commerciales l\u00e9g\u00e8res. Avec des dimensions globales de <strong data-start=\"2036\" data-end=\"2061\">3000 \u00d7 1498 \u00d7 1630 mm<\/strong> et un <strong data-start=\"2068\" data-end=\"2089\">1953 mm d'empattement<\/strong>Le v\u00e9hicule atteint un excellent \u00e9quilibre entre usabilit\u00e9 int\u00e9rieure et compactit\u00e9 ext\u00e9rieure, permettant une navigation facile dans les rues \u00e9troites, les zones r\u00e9sidentielles et les parcs industriels.<\/p>\n<p style=\"padding-left: 40px;\" data-start=\"2277\" data-end=\"2643\">Aliment\u00e9 par un <strong data-start=\"2290\" data-end=\"2318\">Batterie au lithium 13,9 kWh<\/strong>la Mini Car Four Wheel offre une <strong data-start=\"2349\" data-end=\"2382\">autonomie de conduite jusqu'\u00e0 170 km<\/strong>qui couvre enti\u00e8rement les besoins quotidiens de transport urbain tels que la livraison en ville, les services communautaires, les navettes sur le campus et la logistique des installations. Le <strong data-start=\"2524\" data-end=\"2567\">puissance nominale\/maximale du moteur de 13 kW \/ 20 kW<\/strong> assure une acc\u00e9l\u00e9ration douce et des performances stables, m\u00eame en pleine charge.<\/p>\n<p style=\"padding-left: 40px;\" data-start=\"2645\" data-end=\"3051\">D\u2019un point de vue \u00e9conomique, ce v\u00e9hicule \u00e9lectrique urbain se distingue par son <strong data-start=\"2730\" data-end=\"2756\">faible consommation d'\u00e9nergie<\/strong>Simplifier le groupe moteur et r\u00e9duire les exigences d'entretien. Par rapport aux v\u00e9hicules commerciaux l\u00e9gers \u00e0 carburant traditionnels, la Mini Car Four Wheel r\u00e9duit consid\u00e9rablement les d\u00e9penses de carburant, l'usure m\u00e9canique et les temps d'arr\u00eat de service, offrant des \u00e9conomies mesurables \u00e0 long terme pour les exploitants de flotte et les acheteurs individuels.<\/p>\n<p style=\"padding-left: 40px;\" data-start=\"3053\" data-end=\"3370\">Le syst\u00e8me de ch\u00e2ssis adopte <strong data-start=\"3079\" data-end=\"3115\">McPherson suspension ind\u00e9pendante<\/strong>offrant une maniabilit\u00e9 stable et un confort de conduite am\u00e9lior\u00e9 dans les conditions routi\u00e8res urbaines. Le <strong data-start=\"3202\" data-end=\"3240\">syst\u00e8me de freinage \u00e0 disques avant et arri\u00e8re<\/strong> assure des performances de freinage fiables, am\u00e9liorant la s\u00e9curit\u00e9 lors de sc\u00e9narios fr\u00e9quents de conduite \u00e0 arr\u00eat et \u00e0 d\u00e9part courants dans les environnements urbains.<\/p>\n<p style=\"padding-left: 40px;\" data-start=\"3372\" data-end=\"3711\">Malgr\u00e9 son empreinte compacte, le v\u00e9hicule offre une <strong data-start=\"3424\" data-end=\"3455\">Capacit\u00e9 bagage\/cargo de 1 m\u00b3<\/strong>ce qui le rend pratique pour le transport de marchandises l\u00e9g\u00e8res, les outils d'entretien ou la livraison quotidienne de marchandises. Avec un <strong data-start=\"3555\" data-end=\"3587\">gradabilit\u00e9 maximale de \u226520%<\/strong>La Mini Car Four Wheel reste fiable sur les rampes, les pentes et les routes in\u00e9gales typiquement trouv\u00e9es dans les zones r\u00e9sidentielles et industrielles.<\/p>\n<p style=\"padding-left: 40px;\" data-start=\"3713\" data-end=\"4044\">Con\u00e7u en tenant compte de la personnalisation, ce <strong data-start=\"3755\" data-end=\"3777\">v\u00e9hicule personnalis\u00e9<\/strong> La plateforme prend en charge les modifications OEM, y compris les panneaux de carrosserie, les configurations de cargaison, les \u00e9l\u00e9ments de marque et les adaptations fonctionnelles. Il est \u00e9galement compatible avec divers <strong data-start=\"3942\" data-end=\"3975\">carrosserie de v\u00e9hicule commercial<\/strong> solutions permettant un d\u00e9ploiement flexible dans diff\u00e9rents secteurs.<\/p>\n<p style=\"padding-left: 40px;\" data-start=\"4046\" data-end=\"4259\">Certifi\u00e9 avec <strong data-start=\"4061\" data-end=\"4089\">CCC et Homologation de pi\u00e8ces CEE<\/strong> et <strong data-start=\"4094\" data-end=\"4123\">Certification CEE des v\u00e9hicules<\/strong>La Mini Car Four Wheel r\u00e9pond aux normes r\u00e9glementaires internationales, assurant la conformit\u00e9 pour les march\u00e9s \u00e9trangers et renfor\u00e7ant la confiance des acheteurs.<\/p>\n<hr style=\"padding-left: 40px;\" data-start=\"4261\" data-end=\"4264\" \/>\n<h2 style=\"padding-left: 40px;\" data-start=\"4266\" data-end=\"4308\">Caract\u00e9ristiques cl\u00e9s &amp; Avantages<\/h2>\n<h3 style=\"padding-left: 40px;\" data-start=\"4310\" data-end=\"4324\">Caract\u00e9ristiques<\/h3>\n<ul>\n<li style=\"list-style-type: none;\">\n<ul data-start=\"4325\" data-end=\"4495\">\n<li data-start=\"4325\" data-end=\"4362\">\n<p data-start=\"4327\" data-end=\"4362\">Conception de carrosserie compacte orient\u00e9e ville<\/p>\n<\/li>\n<li data-start=\"4363\" data-end=\"4398\">\n<p data-start=\"4365\" data-end=\"4398\">Syst\u00e8me de batterie au lithium 13,9 kWh<\/p>\n<\/li>\n<li data-start=\"4399\" data-end=\"4437\">\n<p data-start=\"4401\" data-end=\"4437\">Syst\u00e8me de freinage \u00e0 disques (avant et arri\u00e8re)<\/p>\n<\/li>\n<li data-start=\"4438\" data-end=\"4462\">\n<p data-start=\"4440\" data-end=\"4462\">Suspension de McPherson<\/p>\n<\/li>\n<li data-start=\"4463\" data-end=\"4495\">\n<p data-start=\"4465\" data-end=\"4495\">Capacit\u00e9 de personnalisation OEM<\/p>\n<\/li>\n<\/ul>\n<\/li>\n<\/ul>\n<h3 style=\"padding-left: 40px;\" data-start=\"4497\" data-end=\"4513\">Avantages<\/h3>\n<ul>\n<li style=\"list-style-type: none;\">\n<ul data-start=\"4514\" data-end=\"4707\">\n<li data-start=\"4514\" data-end=\"4574\">\n<p data-start=\"4516\" data-end=\"4574\">Co\u00fbts d'exploitation et d'entretien plus bas que les v\u00e9hicules \u00e0 carburant<\/p>\n<\/li>\n<li data-start=\"4575\" data-end=\"4621\">\n<p data-start=\"4577\" data-end=\"4621\">\u00c9nergie \u00e9lectrique stable pour une utilisation urbaine<\/p>\n<\/li>\n<li data-start=\"4622\" data-end=\"4662\">\n<p data-start=\"4624\" data-end=\"4662\">Haute manoeuvrabilit\u00e9 dans des espaces restreints<\/p>\n<\/li>\n<li data-start=\"4663\" data-end=\"4707\">\n<p data-start=\"4665\" data-end=\"4707\">Conception modulaire pour plusieurs applications<\/p>\n<\/li>\n<\/ul>\n<\/li>\n<\/ul>\n<h3 style=\"padding-left: 40px;\" data-start=\"4709\" data-end=\"4729\">Avantages pour l'acheteur<\/h3>\n<ul>\n<li style=\"list-style-type: none;\">\n<ul data-start=\"4730\" data-end=\"4956\">\n<li data-start=\"4730\" data-end=\"4771\">\n<p data-start=\"4732\" data-end=\"4771\">R\u00e9duction du co\u00fbt total de propri\u00e9t\u00e9 (TCO)<\/p>\n<\/li>\n<li data-start=\"4772\" data-end=\"4823\">\n<p data-start=\"4774\" data-end=\"4823\">Rendement sur investissement plus rapide pour les exploitants de flotte<\/p>\n<\/li>\n<li data-start=\"4824\" data-end=\"4878\">\n<p data-start=\"4826\" data-end=\"4878\">Chargement facile avec un temps de charge standard de 6 heures<\/p>\n<\/li>\n<li data-start=\"4879\" data-end=\"4956\">\n<p data-start=\"4881\" data-end=\"4956\">D\u00e9ploiement flexible dans la logistique, les services et les sc\u00e9narios de v\u00e9hicules sp\u00e9ciaux<\/p>\n<\/li>\n<\/ul>\n<\/li>\n<\/ul>\n<h3 style=\"padding-left: 40px;\" data-start=\"4958\" data-end=\"4972\">La preuve<\/h3>\n<ul>\n<li style=\"list-style-type: none;\">\n<ul data-start=\"4973\" data-end=\"5116\">\n<li data-start=\"4973\" data-end=\"5009\">\n<p data-start=\"4975\" data-end=\"5009\">V\u00e9hicule certifi\u00e9 CEE<\/p>\n<\/li>\n<li data-start=\"5010\" data-end=\"5053\">\n<p data-start=\"5012\" data-end=\"5053\">Architecture \u00e9lectrique \u00e9prouv\u00e9e<\/p>\n<\/li>\n<li data-start=\"5054\" data-end=\"5116\">\n<p data-start=\"5056\" data-end=\"5116\">Syst\u00e8mes de suspension et de freinage largement adopt\u00e9s dans les v\u00e9hicules \u00e9lectriques urbains<\/p>\n<\/li>\n<\/ul>\n<\/li>\n<\/ul>\n<hr style=\"padding-left: 40px;\" data-start=\"5118\" data-end=\"5121\" \/>\n<h2 style=\"padding-left: 40px;\" data-start=\"5123\" data-end=\"5147\">Sc\u00e9narios d'application<\/h2>\n<ul>\n<li style=\"list-style-type: none;\">\n<ul data-start=\"5149\" data-end=\"5334\">\n<li data-start=\"5149\" data-end=\"5183\">\n<p data-start=\"5151\" data-end=\"5183\">Logistique urbaine courte distance<\/p>\n<\/li>\n<li data-start=\"5184\" data-end=\"5221\">\n<p data-start=\"5186\" data-end=\"5221\">Gestion communautaire et immobili\u00e8re<\/p>\n<\/li>\n<li data-start=\"5222\" data-end=\"5256\">\n<p data-start=\"5224\" data-end=\"5256\">Transport sur campus et parc<\/p>\n<\/li>\n<li data-start=\"5257\" data-end=\"5293\">\n<p data-start=\"5259\" data-end=\"5293\">V\u00e9hicules utilitaires et d'entretien<\/p>\n<\/li>\n<li data-start=\"5294\" data-end=\"5334\">\n<p data-start=\"5296\" data-end=\"5334\">Solutions sp\u00e9ciales pour v\u00e9hicules personnalis\u00e9es<\/p>\n<\/li>\n<\/ul>\n<\/li>\n<\/ul>\n<hr style=\"padding-left: 40px;\" data-start=\"5336\" data-end=\"5339\" \/>\n<h2 style=\"padding-left: 40px;\" data-start=\"5341\" data-end=\"5380\">Pourquoi choisir Mini Car Quatre roues de Tairui<\/h2>\n<p style=\"padding-left: 40px;\" data-start=\"5382\" data-end=\"5769\">En tant que fabricant exp\u00e9riment\u00e9 avec R&amp; D, capacit\u00e9s de production et de personnalisation, <strong data-start=\"5478\" data-end=\"5532\">Shandong Tairui Automobile et Electronics Co., Ltd.<\/strong> fournit non seulement un v\u00e9hicule, mais un <strong data-start=\"5577\" data-end=\"5607\">solution de mobilit\u00e9 \u00e9lectrique<\/strong>De la conception du v\u00e9hicule \u00e0 la personnalisation de l'OEM et au soutien apr\u00e8s-vente, nous aidons les clients \u00e0 r\u00e9duire les risques, \u00e0 raccourcir les cycles d'achat et \u00e0 am\u00e9liorer l'efficacit\u00e9 op\u00e9rationnelle.<\/p>\n<hr style=\"padding-left: 40px;\" data-start=\"5771\" data-end=\"5774\" \/>\n<h2 style=\"padding-left: 40px;\" data-start=\"5776\" data-end=\"5799\">Appel \u00e0 l'action<\/h2>\n<p style=\"padding-left: 40px;\" data-start=\"5801\" data-end=\"6082\">\u00c0 la recherche d'un <strong data-start=\"5815\" data-end=\"5855\">v\u00e9hicule \u00e9lectrique de ville rentable<\/strong> ou un <strong data-start=\"5861\" data-end=\"5905\">solution \u00e9lectrique personnalis\u00e9e quatre roues<\/strong> pour votre march\u00e9 ?<br data-start=\"5922\" data-end=\"5925\" \/><strong data-start=\"5925\" data-end=\"5945\">Contactez-nous aujourd'hui<\/strong> pour recevoir des sp\u00e9cifications techniques, des options de personnalisation, des d\u00e9tails de prix et un support professionnel de projet de notre \u00e9quipe d'ing\u00e9nieurs.<\/p>\n<hr style=\"padding-left: 40px;\" data-start=\"6084\" data-end=\"6087\" \/>\n<h2 style=\"padding-left: 40px;\" data-start=\"6089\" data-end=\"6095\">FAQ (questions fr\u00e9quentes)<\/h2>\n<p style=\"padding-left: 40px;\" data-start=\"6097\" data-end=\"6261\"><strong data-start=\"6097\" data-end=\"6150\">Q1: Est-ce que la Mini Car Four Wheel convient \u00e0 une utilisation commerciale?<\/strong><br data-start=\"6150\" data-end=\"6153\" \/>- Oui, oui. Il est con\u00e7u pour des applications commerciales l\u00e9g\u00e8res telles que la livraison, la maintenance et les op\u00e9rations de service.<\/p>\n<p style=\"padding-left: 40px;\" data-start=\"6263\" data-end=\"6412\"><strong data-start=\"6263\" data-end=\"6301\">Q2: Le v\u00e9hicule peut-il \u00eatre personnalis\u00e9?<\/strong><br data-start=\"6301\" data-end=\"6304\" \/>Absolument. Nous offrons la personnalisation OEM, y compris la conception de la carrosserie de fret, la marque et les modifications fonctionnelles.<\/p>\n<p style=\"padding-left: 40px;\" data-start=\"6414\" data-end=\"6563\"><strong data-start=\"6414\" data-end=\"6464\">Q3: Quelles certifications poss\u00e8de le v\u00e9hicule?<\/strong><br data-start=\"6464\" data-end=\"6467\" \/>La Mini Car Four Wheel est conforme aux <strong data-start=\"6499\" data-end=\"6528\">Certification CEE des v\u00e9hicules<\/strong> et <strong data-start=\"6533\" data-end=\"6562\">CCC et Normes de pi\u00e8ces de la CEE<\/strong>.<\/p>\n<p style=\"padding-left: 40px;\" data-start=\"6565\" data-end=\"6691\"><strong data-start=\"6565\" data-end=\"6599\">Q4: Quel est le temps de charge?<\/strong><br data-start=\"6599\" data-end=\"6602\" \/>Le temps de charge standard est approximativement <strong data-start=\"6646\" data-end=\"6657\">6 heures<\/strong>Convient pour la recharge nocturne.<\/p>\n<p style=\"padding-left: 40px;\" data-start=\"6693\" data-end=\"6861\"><strong data-start=\"6693\" data-end=\"6745\">Q5: Ce v\u00e9hicule convient-il aux march\u00e9s d'exportation?<\/strong><br data-start=\"6745\" data-end=\"6748\" \/>- Oui, oui. Avec des certifications internationales et des configurations flexibles, il convient \u00e0 de multiples march\u00e9s \u00e9trangers.<\/p>","protected":false},"excerpt":{"rendered":"<p>Mini Car Four Wheel est un v\u00e9hicule \u00e9lectrique urbain compact con\u00e7u pour la mobilit\u00e9 urbaine, la logistique \u00e0 courte distance et une utilisation commerciale flexible. Avec des co\u00fbts d'exploitation faibles, des performances fiables et des configurations personnalisables, il offre une solution \u00e9lectrique efficace pour les villes, les campus et le transport du dernier kilom\u00e8tre.<\/p>","protected":false},"featured_media":2036,"comment_status":"open","ping_status":"closed","template":"","meta":[],"product_brand":[],"product_cat":[77],"product_tag":[],"class_list":{"0":"post-1020","1":"product","2":"type-product","3":"status-publish","4":"has-post-thumbnail","6":"product_cat-electric-micro-vehicle","8":"first","9":"instock","10":"shipping-taxable","11":"product-type-simple"},"_links":{"self":[{"href":"https:\/\/www.tairuiauto.com\/fr\/wp-json\/wp\/v2\/product\/1020","targetHints":{"allow":["GET"]}}],"collection":[{"href":"https:\/\/www.tairuiauto.com\/fr\/wp-json\/wp\/v2\/product"}],"about":[{"href":"https:\/\/www.tairuiauto.com\/fr\/wp-json\/wp\/v2\/types\/product"}],"replies":[{"embeddable":true,"href":"https:\/\/www.tairuiauto.com\/fr\/wp-json\/wp\/v2\/comments?post=1020"}],"wp:featuredmedia":[{"embeddable":true,"href":"https:\/\/www.tairuiauto.com\/fr\/wp-json\/wp\/v2\/media\/2036"}],"wp:attachment":[{"href":"https:\/\/www.tairuiauto.com\/fr\/wp-json\/wp\/v2\/media?parent=1020"}],"wp:term":[{"taxonomy":"product_brand","embeddable":true,"href":"https:\/\/www.tairuiauto.com\/fr\/wp-json\/wp\/v2\/product_brand?post=1020"},{"taxonomy":"product_cat","embeddable":true,"href":"https:\/\/www.tairuiauto.com\/fr\/wp-json\/wp\/v2\/product_cat?post=1020"},{"taxonomy":"product_tag","embeddable":true,"href":"https:\/\/www.tairuiauto.com\/fr\/wp-json\/wp\/v2\/product_tag?post=1020"}],"curies":[{"name":"WP","href":"https:\/\/api.w.org\/{rel}","templated":true}]}}