{"id":1022,"date":"2025-02-08T16:33:09","date_gmt":"2025-02-08T08:33:09","guid":{"rendered":"http:\/\/www.tairuiauto.com\/?post_type=product&#038;p=1022"},"modified":"2025-12-16T16:35:33","modified_gmt":"2025-12-16T08:35:33","slug":"small-car-c004","status":"publish","type":"product","link":"https:\/\/www.tairuiauto.com\/fr\/product\/small-car-c004\/","title":{"rendered":"V\u00e9hicule \u00e9lectrique de ville \u00e0 quatre portes"},"content":{"rendered":"<h2 style=\"padding-left: 40px;\" data-start=\"644\" data-end=\"684\">Aper\u00e7u du produit<\/h2>\n<p style=\"padding-left: 40px;\" data-start=\"686\" data-end=\"1006\">Ce mod\u00e8le est compact <strong data-start=\"710\" data-end=\"735\">V\u00e9hicule \u00e9lectrique ville<\/strong> con\u00e7u pour les d\u00e9placements urbains, les transports familiaux et les sc\u00e9narios de mobilit\u00e9 partag\u00e9e l\u00e9g\u00e8re. Construit sur une plateforme \u00e9lectrique stable \u00e0 quatre roues, il met l'accent sur la s\u00e9curit\u00e9, le confort et l'efficacit\u00e9 tout en maintenant un seuil d'exploitation bas pour les utilisateurs individuels et les exploitants de flotte.<\/p>\n<table style=\"width: 87.103%; margin-left: 40px;\" width=\"758\">\n<tbody style=\"padding-left: 40px;\">\n<tr style=\"padding-left: 40px;\">\n<td style=\"width: 21.9448%; padding-left: 40px;\" rowspan=\"4\" width=\"166\">Dimension<\/td>\n<td style=\"width: 27.2011%; padding-left: 40px;\" width=\"208\">LxLxH (mm)<\/td>\n<td style=\"width: 107.359%; padding-left: 40px;\" width=\"382\">3532x1498x1605<\/td>\n<\/tr>\n<tr style=\"padding-left: 40px;\">\n<td style=\"width: 27.2011%; padding-left: 40px;\">Nombre de portes \/ si\u00e8ges<\/td>\n<td style=\"width: 107.359%; padding-left: 40px;\">4 portes 4 si\u00e8ges<\/td>\n<\/tr>\n<tr style=\"padding-left: 40px;\">\n<td style=\"width: 27.2011%; padding-left: 40px;\">Largeur de voie F\/R (mm)<\/td>\n<td style=\"width: 107.359%; padding-left: 40px;\">1290\/1290<\/td>\n<\/tr>\n<tr style=\"padding-left: 40px;\">\n<td style=\"width: 27.2011%; padding-left: 40px;\">Distance entre roues (mm)<\/td>\n<td style=\"width: 107.359%; padding-left: 40px;\">2275<\/td>\n<\/tr>\n<tr style=\"padding-left: 40px;\">\n<td style=\"width: 21.9448%; padding-left: 40px;\" rowspan=\"3\">Poids<\/td>\n<td style=\"width: 27.2011%; padding-left: 40px;\">Poids brut (kg)<\/td>\n<td style=\"width: 107.359%; padding-left: 40px;\">1070<\/td>\n<\/tr>\n<tr style=\"padding-left: 40px;\">\n<td style=\"width: 27.2011%; padding-left: 40px;\">Poids de borne (kg)<\/td>\n<td style=\"width: 107.359%; padding-left: 40px;\">830<\/td>\n<\/tr>\n<tr style=\"padding-left: 40px;\">\n<td style=\"width: 27.2011%; padding-left: 40px;\">Passagers \u00e9valu\u00e9s<\/td>\n<td style=\"width: 107.359%; padding-left: 40px;\">4 personnes<\/td>\n<\/tr>\n<tr style=\"padding-left: 40px;\">\n<td style=\"width: 21.9448%; padding-left: 40px;\" rowspan=\"2\">Performance<\/td>\n<td style=\"width: 27.2011%; padding-left: 40px;\">Vitesse maximale (km\/h)<\/td>\n<td style=\"width: 107.359%; padding-left: 40px;\">100<\/td>\n<\/tr>\n<tr style=\"padding-left: 40px;\">\n<td style=\"width: 27.2011%; padding-left: 40px;\">Kilom\u00e9trage (km)<\/td>\n<td style=\"width: 107.359%; padding-left: 40px;\">172<\/td>\n<\/tr>\n<tr style=\"padding-left: 40px;\">\n<td style=\"width: 21.9448%; padding-left: 40px;\"><\/td>\n<td style=\"width: 27.2011%; padding-left: 40px;\">Batterie (kWh)<\/td>\n<td style=\"width: 107.359%; padding-left: 40px;\">15.12_<\/td>\n<\/tr>\n<tr style=\"padding-left: 40px;\">\n<td style=\"width: 21.9448%; padding-left: 40px;\" rowspan=\"2\">Syst\u00e8me d'alimentation<\/td>\n<td style=\"width: 27.2011%; padding-left: 40px;\">Moteur (kW)<\/td>\n<td style=\"width: 107.359%; padding-left: 40px;\">15\/30kW<\/td>\n<\/tr>\n<tr style=\"padding-left: 40px;\">\n<td style=\"width: 27.2011%; padding-left: 40px;\">Chargement<\/td>\n<td style=\"width: 107.359%; padding-left: 40px;\">AC 3,3 kW<\/td>\n<\/tr>\n<tr style=\"padding-left: 40px;\">\n<td style=\"width: 21.9448%; padding-left: 40px;\" rowspan=\"3\">Syst\u00e8me de ch\u00e2ssis<\/td>\n<td style=\"width: 27.2011%; padding-left: 40px;\">Syst\u00e8me de freinage<\/td>\n<td style=\"width: 107.359%; padding-left: 40px;\" width=\"382\">Disque avant &amp; Tambour arri\u00e8re (freinage assist\u00e9)<\/td>\n<\/tr>\n<tr style=\"padding-left: 40px;\">\n<td style=\"width: 27.2011%; padding-left: 40px;\">Syst\u00e8me de suspension<\/td>\n<td style=\"width: 107.359%; padding-left: 40px;\" width=\"382\">McPherson\/Suspension arri\u00e8re \u00e0 trois liaisons non ind\u00e9pendante<\/td>\n<\/tr>\n<tr style=\"padding-left: 40px;\">\n<td style=\"width: 27.2011%; padding-left: 40px;\">Pneumatique<\/td>\n<td style=\"width: 107.359%; padding-left: 40px;\">155\/65R13<\/td>\n<\/tr>\n<tr style=\"padding-left: 40px;\">\n<td style=\"width: 21.9448%; padding-left: 40px;\" rowspan=\"2\">Syst\u00e8me d'assistance<\/td>\n<td style=\"width: 27.2011%; padding-left: 40px;\" rowspan=\"2\">Autres<\/td>\n<td style=\"width: 107.359%; padding-left: 40px;\">Direction assist\u00e9e<\/td>\n<\/tr>\n<tr style=\"padding-left: 40px;\">\n<td style=\"width: 107.359%; padding-left: 40px;\">climatisation<\/td>\n<\/tr>\n<tr style=\"padding-left: 40px;\">\n<td style=\"width: 49.1459%; padding-left: 40px;\" colspan=\"2\">Certification<\/td>\n<td style=\"width: 107.359%; padding-left: 40px;\">Pi\u00e8ces: CCC&amp; V\u00e9hicule de la CEE: CCC<\/td>\n<\/tr>\n<\/tbody>\n<\/table>\n<hr style=\"padding-left: 40px;\" data-start=\"1008\" data-end=\"1011\" \/>\n<h2 style=\"padding-left: 40px;\" data-start=\"1013\" data-end=\"1035\">Description du produit<\/h2>\n<h3 style=\"padding-left: 40px;\" data-start=\"1037\" data-end=\"1059\">Cat\u00e9gorie de produit<\/h3>\n<p style=\"padding-left: 40px;\" data-start=\"1060\" data-end=\"1140\">V\u00e9hicule \u00e9lectrique de ville \/ v\u00e9hicule commercial \u00e9lectrique \u00e0 quatre roues \/ \u00e9lectrique l\u00e9ger<\/p>\n<h3 style=\"padding-left: 40px;\" data-start=\"1142\" data-end=\"1167\">Description du produit<\/h3>\n<p style=\"padding-left: 40px;\" data-start=\"1169\" data-end=\"1575\">Ce v\u00e9hicule \u00e9lectrique adopte une <strong data-start=\"1205\" data-end=\"1236\">Disposition \u00e0 quatre portes, quatre si\u00e8ges<\/strong>ce qui le rend plus pratique pour l'utilisation quotidienne en famille et les voyages urbains multi-passagers par rapport aux micro-EVs traditionnels \u00e0 deux si\u00e8ges. Avec des dimensions globales de <strong data-start=\"1390\" data-end=\"1415\">3532 \u00d7 1498 \u00d7 1605 mm<\/strong> et un <strong data-start=\"1422\" data-end=\"1443\">2275 mm d'empattement<\/strong>Le v\u00e9hicule offre un espace int\u00e9rieur am\u00e9lior\u00e9 tout en restant assez compact pour les routes urbaines bond\u00e9es et les environnements de stationnement limit\u00e9s.<\/p>\n<p style=\"padding-left: 40px;\" data-start=\"1577\" data-end=\"1944\">\u00c9quip\u00e9 d'un <strong data-start=\"1593\" data-end=\"1622\">Batterie au lithium 15,12 kWh<\/strong>Le v\u00e9hicule obtient un <strong data-start=\"1647\" data-end=\"1680\">autonomie de conduite jusqu'\u00e0 172 km<\/strong>r\u00e9pondre aux besoins quotidiens des usagers urbains, des services communautaires et des flottes de mobilit\u00e9 partag\u00e9e. Le moteur \u00e9lectrique fournit <strong data-start=\"1808\" data-end=\"1850\">Puissance nominale de 15 kW et puissance maximale de 30 kW<\/strong>Assurant une acc\u00e9l\u00e9ration r\u00e9active et des performances de conduite stables dans la circulation urbaine d'arr\u00eat et de d\u00e9part.<\/p>\n<p style=\"padding-left: 40px;\" data-start=\"1946\" data-end=\"2314\">En comparaison avec les v\u00e9hicules \u00e0 carburant traditionnels, ce <strong data-start=\"1992\" data-end=\"2024\">v\u00e9hicule \u00e9lectrique \u00e0 quatre roues<\/strong> r\u00e9duit consid\u00e9rablement la consommation d'\u00e9nergie et les co\u00fbts d'entretien de routine. La transmission \u00e9lectrique simplifi\u00e9e minimise l'usure m\u00e9canique, r\u00e9duit les taux de d\u00e9faillance et aide les utilisateurs \u00e0 r\u00e9aliser des \u00e9conomies de co\u00fbts \u00e0 long terme, ce qui en fait une solution rentable pour les acheteurs priv\u00e9s et les op\u00e9rateurs commerciaux.<\/p>\n<p style=\"padding-left: 40px;\" data-start=\"2316\" data-end=\"2781\">Caract\u00e9ristiques du syst\u00e8me de ch\u00e2ssis <strong data-start=\"2344\" data-end=\"2433\">Suspension avant McPherson combin\u00e9e \u00e0 une suspension arri\u00e8re \u00e0 trois liaisons non ind\u00e9pendante<\/strong>offrant un \u00e9quilibre entre confort de conduite et stabilit\u00e9 structurelle. Cette configuration am\u00e9liore le contr\u00f4le du v\u00e9hicule sur des routes urbaines in\u00e9gales tout en maintenant sa durabilit\u00e9 lors d'une utilisation quotidienne fr\u00e9quente. Le <strong data-start=\"2627\" data-end=\"2698\">syst\u00e8me de freinage \u00e0 disque avant et \u00e0 tambour arri\u00e8re avec freinage assist\u00e9<\/strong> am\u00e9liore la confiance et la s\u00e9curit\u00e9 du freinage dans les conditions de conduite urbaines \u00e0 haute fr\u00e9quence.<\/p>\n<p style=\"padding-left: 40px;\" data-start=\"2783\" data-end=\"3134\">En termes de maniabilit\u00e9 et de confort, <strong data-start=\"2817\" data-end=\"2844\">direction assist\u00e9e<\/strong> assure une maniabilit\u00e9 facile \u00e0 faibles vitesses, tandis que l'int\u00e9gr\u00e9 <strong data-start=\"2910\" data-end=\"2937\">syst\u00e8me de climatisation<\/strong> am\u00e9liore le confort de conduite dans diff\u00e9rents climats et saisons. Avec <strong data-start=\"3007\" data-end=\"3027\">Pneumatiques 155\/65 R13<\/strong>le v\u00e9hicule atteint un contact routier stable et une faible r\u00e9sistance au roulement, am\u00e9liorant davantage l'efficacit\u00e9 \u00e9nerg\u00e9tique.<\/p>\n<p style=\"padding-left: 40px;\" data-start=\"3136\" data-end=\"3516\">Certifi\u00e9 avec <strong data-start=\"3151\" data-end=\"3180\">Certification de v\u00e9hicule CCC<\/strong> et <strong data-start=\"3185\" data-end=\"3213\">CCC et Homologation de pi\u00e8ces CEE<\/strong>Ce mod\u00e8le r\u00e9pond aux exigences r\u00e9glementaires essentielles pour les march\u00e9s nationaux et \u00e9trangers s\u00e9lectionn\u00e9s. Comme un <strong data-start=\"3315\" data-end=\"3346\">plateforme de v\u00e9hicule personnalis\u00e9e<\/strong>Il prend en charge les modifications OEM, y compris les configurations int\u00e9rieures, les \u00e9l\u00e9ments de marque et les ajustements fonctionnels, permettant une adaptation flexible aux diff\u00e9rents besoins du march\u00e9.<\/p>\n<hr style=\"padding-left: 40px;\" data-start=\"3518\" data-end=\"3521\" \/>\n<h2 style=\"padding-left: 40px;\" data-start=\"3523\" data-end=\"3565\">Caract\u00e9ristiques cl\u00e9s &amp; Avantages (m\u00e9thode FABE)<\/h2>\n<h3 style=\"padding-left: 40px;\" data-start=\"3567\" data-end=\"3581\">Caract\u00e9ristiques<\/h3>\n<ul>\n<li style=\"list-style-type: none;\">\n<ul data-start=\"3582\" data-end=\"3792\">\n<li data-start=\"3582\" data-end=\"3628\">\n<p data-start=\"3584\" data-end=\"3628\">Configuration de v\u00e9hicule \u00e9lectrique urbain \u00e0 quatre portes et quatre si\u00e8ges<\/p>\n<\/li>\n<li data-start=\"3629\" data-end=\"3665\">\n<p data-start=\"3631\" data-end=\"3665\">Syst\u00e8me de batterie au lithium 15,12 kWh<\/p>\n<\/li>\n<li data-start=\"3666\" data-end=\"3709\">\n<p data-start=\"3668\" data-end=\"3709\">Puissance nominale \/ maximale du moteur: 15 kW \/ 30 kW<\/p>\n<\/li>\n<li data-start=\"3710\" data-end=\"3759\">\n<p data-start=\"3712\" data-end=\"3759\">Disque avant &amp; freinage assist\u00e9 au tambour arri\u00e8re<\/p>\n<\/li>\n<li data-start=\"3760\" data-end=\"3792\">\n<p data-start=\"3762\" data-end=\"3792\">Capacit\u00e9 de personnalisation OEM<\/p>\n<\/li>\n<\/ul>\n<\/li>\n<\/ul>\n<h3 style=\"padding-left: 40px;\" data-start=\"3794\" data-end=\"3810\">Avantages<\/h3>\n<ul>\n<li style=\"list-style-type: none;\">\n<ul data-start=\"3811\" data-end=\"4026\">\n<li data-start=\"3811\" data-end=\"3861\">\n<p data-start=\"3813\" data-end=\"3861\">Plus de capacit\u00e9 de passagers que les micro-v\u00e9hicules \u00e9lectriques typiques<\/p>\n<\/li>\n<li data-start=\"3862\" data-end=\"3931\">\n<p data-start=\"3864\" data-end=\"3931\">Co\u00fbts d'exploitation et d'entretien inf\u00e9rieurs par rapport aux v\u00e9hicules \u00e0 carburant<\/p>\n<\/li>\n<li data-start=\"3932\" data-end=\"3979\">\n<p data-start=\"3934\" data-end=\"3979\">Performances de conduite stables dans le trafic urbain<\/p>\n<\/li>\n<li data-start=\"3980\" data-end=\"4026\">\n<p data-start=\"3982\" data-end=\"4026\">R\u00e9glage confortable de la direction et de la suspension<\/p>\n<\/li>\n<\/ul>\n<\/li>\n<\/ul>\n<h3 style=\"padding-left: 40px;\" data-start=\"4028\" data-end=\"4048\">Avantages pour l'acheteur<\/h3>\n<ul>\n<li style=\"list-style-type: none;\">\n<ul data-start=\"4049\" data-end=\"4255\">\n<li data-start=\"4049\" data-end=\"4106\">\n<p data-start=\"4051\" data-end=\"4106\">Id\u00e9al pour les d\u00e9placements en famille et les flottes de mobilit\u00e9 partag\u00e9e<\/p>\n<\/li>\n<li data-start=\"4107\" data-end=\"4148\">\n<p data-start=\"4109\" data-end=\"4148\">R\u00e9duction du co\u00fbt total de propri\u00e9t\u00e9 (TCO)<\/p>\n<\/li>\n<li data-start=\"4149\" data-end=\"4195\">\n<p data-start=\"4151\" data-end=\"4195\">Chargement quotidien facile avec support AC 3,3 kW<\/p>\n<\/li>\n<li data-start=\"4196\" data-end=\"4255\">\n<p data-start=\"4198\" data-end=\"4255\">Personnalisation flexible pour diff\u00e9rents positionnements sur le march\u00e9<\/p>\n<\/li>\n<\/ul>\n<\/li>\n<\/ul>\n<h3 style=\"padding-left: 40px;\" data-start=\"4257\" data-end=\"4271\">La preuve<\/h3>\n<ul>\n<li style=\"list-style-type: none;\">\n<ul data-start=\"4272\" data-end=\"4423\">\n<li data-start=\"4272\" data-end=\"4314\">\n<p data-start=\"4274\" data-end=\"4314\">Conformit\u00e9 certifi\u00e9e des v\u00e9hicules et des pi\u00e8ces<\/p>\n<\/li>\n<li data-start=\"4315\" data-end=\"4358\">\n<p data-start=\"4317\" data-end=\"4358\">Architecture \u00e9lectrique \u00e9prouv\u00e9e<\/p>\n<\/li>\n<li data-start=\"4359\" data-end=\"4423\">\n<p data-start=\"4361\" data-end=\"4423\">Technologies de suspension et de freinage largement utilis\u00e9es dans les v\u00e9hicules \u00e9lectriques urbains<\/p>\n<\/li>\n<\/ul>\n<\/li>\n<\/ul>\n<hr style=\"padding-left: 40px;\" data-start=\"4425\" data-end=\"4428\" \/>\n<h2 style=\"padding-left: 40px;\" data-start=\"4430\" data-end=\"4454\">Sc\u00e9narios d'application<\/h2>\n<ul>\n<li style=\"list-style-type: none;\">\n<ul data-start=\"4456\" data-end=\"4654\">\n<li data-start=\"4456\" data-end=\"4482\">\n<p data-start=\"4458\" data-end=\"4482\">Les d\u00e9placements familiaux urbains<\/p>\n<\/li>\n<li data-start=\"4483\" data-end=\"4512\">\n<p data-start=\"4485\" data-end=\"4512\">Transport urbain quotidien<\/p>\n<\/li>\n<li data-start=\"4513\" data-end=\"4557\">\n<p data-start=\"4515\" data-end=\"4557\">Projets de mobilit\u00e9 partag\u00e9e et de partage de voitures<\/p>\n<\/li>\n<li data-start=\"4558\" data-end=\"4591\">\n<p data-start=\"4560\" data-end=\"4591\">Utilisation communautaire et r\u00e9sidentielle<\/p>\n<\/li>\n<li data-start=\"4592\" data-end=\"4654\">\n<p data-start=\"4594\" data-end=\"4654\">Solutions de v\u00e9hicules \u00e9lectriques personnalis\u00e9es pour les march\u00e9s \u00e9mergents<\/p>\n<\/li>\n<\/ul>\n<\/li>\n<\/ul>\n<hr style=\"padding-left: 40px;\" data-start=\"4656\" data-end=\"4659\" \/>\n<h2 style=\"padding-left: 40px;\" data-start=\"4661\" data-end=\"4697\">Pourquoi choisir ce mod\u00e8le de Tairui<\/h2>\n<p style=\"padding-left: 40px;\" data-start=\"4699\" data-end=\"5070\">Soutenu par les capacit\u00e9s int\u00e9gr\u00e9es de Tairui dans la R&amp; D, fabrication et personnalisation, ce v\u00e9hicule \u00e9lectrique de ville est plus qu'un produit standard, c'est un v\u00e9hicule \u00e9volutif. <strong data-start=\"4868\" data-end=\"4898\">solution de mobilit\u00e9 \u00e9lectrique<\/strong>. Nous soutenons les clients avec des options OEM flexibles, une capacit\u00e9 d'approvisionnement stable et un service apr\u00e8s-vente professionnel, aidant \u00e0 r\u00e9duire le risque d'achat et \u00e0 acc\u00e9l\u00e9rer l'entr\u00e9e sur le march\u00e9.<\/p>\n<hr style=\"padding-left: 40px;\" data-start=\"5072\" data-end=\"5075\" \/>\n<h2 style=\"padding-left: 40px;\" data-start=\"5077\" data-end=\"5100\">Appel \u00e0 l'action (CTA)<\/h2>\n<p style=\"padding-left: 40px;\" data-start=\"5102\" data-end=\"5376\">\u00c0 la recherche d\u2019un fiable <strong data-start=\"5127\" data-end=\"5152\">V\u00e9hicule \u00e9lectrique ville<\/strong> ou un <strong data-start=\"5158\" data-end=\"5202\">solution \u00e9lectrique personnalis\u00e9e quatre roues<\/strong> pour votre march\u00e9 ?<br data-start=\"5219\" data-end=\"5222\" \/><strong data-start=\"5222\" data-end=\"5242\">Contactez-nous aujourd'hui<\/strong> pour recevoir des sp\u00e9cifications d\u00e9taill\u00e9es, des options de personnalisation OEM, des informations sur les prix et un support technique de notre \u00e9quipe professionnelle.<\/p>\n<hr style=\"padding-left: 40px;\" data-start=\"5378\" data-end=\"5381\" \/>\n<h2 style=\"padding-left: 40px;\" data-start=\"5383\" data-end=\"5389\">FAQ (questions fr\u00e9quentes)<\/h2>\n<p style=\"padding-left: 40px;\" data-start=\"5391\" data-end=\"5541\"><strong data-start=\"5391\" data-end=\"5439\">Q1: Ce v\u00e9hicule convient-il \u00e0 une utilisation familiale?<\/strong><br data-start=\"5439\" data-end=\"5442\" \/>- Oui, oui. Le design \u00e0 quatre portes et quatre places le rend adapt\u00e9 aux d\u00e9placements quotidiens en famille et aux voyages urbains.<\/p>\n<p style=\"padding-left: 40px;\" data-start=\"5543\" data-end=\"5710\"><strong data-start=\"5543\" data-end=\"5603\">Q2: Le v\u00e9hicule peut-il \u00eatre personnalis\u00e9 pour diff\u00e9rents march\u00e9s?<\/strong><br data-start=\"5603\" data-end=\"5606\" \/>- Oui, oui. La personnalisation OEM est disponible, y compris la mise en page int\u00e9rieure, la marque et les configurations fonctionnelles.<\/p>\n<p style=\"padding-left: 40px;\" data-start=\"5712\" data-end=\"5830\"><strong data-start=\"5712\" data-end=\"5746\">Q3: Quelle est la port\u00e9e de conduite?<\/strong><br data-start=\"5746\" data-end=\"5749\" \/>Le v\u00e9hicule offre une autonomie de conduite allant jusqu'\u00e0 <strong data-start=\"5793\" data-end=\"5803\">172 kilom\u00e8tres<\/strong> dans des conditions standard.<\/p>\n<p style=\"padding-left: 40px;\" data-start=\"5832\" data-end=\"5964\"><strong data-start=\"5832\" data-end=\"5876\">Q4: Quelles options de charge sont prises en charge?<\/strong><br data-start=\"5876\" data-end=\"5879\" \/>Il soutient <strong data-start=\"5891\" data-end=\"5913\">Charge AC 3,3 kW<\/strong>convient aux installations de charge domestiques et commerciales.<\/p>\n<p style=\"padding-left: 40px;\" data-start=\"5966\" data-end=\"6112\"><strong data-start=\"5966\" data-end=\"6023\">Q5: Le v\u00e9hicule r\u00e9pond-il aux exigences de certification?<\/strong><br data-start=\"6023\" data-end=\"6026\" \/>- Oui, oui. Il est conforme \u00e0 <strong data-start=\"6048\" data-end=\"6077\">Certification de v\u00e9hicule CCC<\/strong> et <strong data-start=\"6082\" data-end=\"6111\">CCC et Normes de pi\u00e8ces de la CEE<\/strong>.<\/p>","protected":false},"excerpt":{"rendered":"<p>Ce v\u00e9hicule urbain \u00e9lectrique \u00e0 quatre portes est con\u00e7u pour les familles urbaines modernes et la mobilit\u00e9 partag\u00e9e. Combinant des dimensions compactes, des performances \u00e9lectriques stables et des co\u00fbts de propri\u00e9t\u00e9 faibles, il offre une solution confortable et respectueuse de l'environnement pour les d\u00e9placements quotidiens et les transports \u00e0 courte distance.<\/p>","protected":false},"featured_media":2045,"comment_status":"open","ping_status":"closed","template":"","meta":[],"product_brand":[],"product_cat":[77],"product_tag":[],"class_list":{"0":"post-1022","1":"product","2":"type-product","3":"status-publish","4":"has-post-thumbnail","6":"product_cat-electric-micro-vehicle","8":"first","9":"instock","10":"shipping-taxable","11":"product-type-simple"},"_links":{"self":[{"href":"https:\/\/www.tairuiauto.com\/fr\/wp-json\/wp\/v2\/product\/1022","targetHints":{"allow":["GET"]}}],"collection":[{"href":"https:\/\/www.tairuiauto.com\/fr\/wp-json\/wp\/v2\/product"}],"about":[{"href":"https:\/\/www.tairuiauto.com\/fr\/wp-json\/wp\/v2\/types\/product"}],"replies":[{"embeddable":true,"href":"https:\/\/www.tairuiauto.com\/fr\/wp-json\/wp\/v2\/comments?post=1022"}],"wp:featuredmedia":[{"embeddable":true,"href":"https:\/\/www.tairuiauto.com\/fr\/wp-json\/wp\/v2\/media\/2045"}],"wp:attachment":[{"href":"https:\/\/www.tairuiauto.com\/fr\/wp-json\/wp\/v2\/media?parent=1022"}],"wp:term":[{"taxonomy":"product_brand","embeddable":true,"href":"https:\/\/www.tairuiauto.com\/fr\/wp-json\/wp\/v2\/product_brand?post=1022"},{"taxonomy":"product_cat","embeddable":true,"href":"https:\/\/www.tairuiauto.com\/fr\/wp-json\/wp\/v2\/product_cat?post=1022"},{"taxonomy":"product_tag","embeddable":true,"href":"https:\/\/www.tairuiauto.com\/fr\/wp-json\/wp\/v2\/product_tag?post=1022"}],"curies":[{"name":"WP","href":"https:\/\/api.w.org\/{rel}","templated":true}]}}