{"id":1024,"date":"2025-02-08T16:36:19","date_gmt":"2025-02-08T08:36:19","guid":{"rendered":"http:\/\/www.tairuiauto.com\/?post_type=product&#038;p=1024"},"modified":"2025-12-17T08:51:59","modified_gmt":"2025-12-17T00:51:59","slug":"mini-cooper-z001","status":"publish","type":"product","link":"https:\/\/www.tairuiauto.com\/fr\/product\/mini-cooper-z001\/","title":{"rendered":"mini cooper 4 roues"},"content":{"rendered":"<h2 style=\"padding-left: 40px;\" data-start=\"732\" data-end=\"772\">Aper\u00e7u du produit<\/h2>\n<p style=\"padding-left: 40px;\" data-start=\"774\" data-end=\"1127\">Le <strong data-start=\"778\" data-end=\"801\">Mini Cooper 4 roues<\/strong> est un polyvalent <strong data-start=\"817\" data-end=\"842\">V\u00e9hicule \u00e9lectrique ville<\/strong> construit sur une plateforme \u00e9lectrique \u00e0 quatre roues, combinant des dimensions compactes avec un espace int\u00e9rieur am\u00e9lior\u00e9 et une autonomie de conduite. Il est con\u00e7u pour r\u00e9pondre aux besoins des familles urbaines, des navetteurs quotidiens et des distributeurs internationaux \u00e0 la recherche de solutions fiables et \u00e9conomiques de mobilit\u00e9 \u00e9lectrique.<\/p>\n<table style=\"width: 74.4368%; margin-left: 40px;\" width=\"895\">\n<tbody style=\"padding-left: 40px;\">\n<tr style=\"padding-left: 40px;\">\n<td style=\"width: 50.5006%; padding-left: 40px;\" colspan=\"2\" width=\"458\">Nom de la version<\/td>\n<td style=\"width: 62.1802%; padding-left: 40px;\" colspan=\"2\" width=\"437\">mini cooper 4 roues<\/td>\n<\/tr>\n<tr style=\"padding-left: 40px;\">\n<td style=\"width: 19.911%; padding-left: 40px;\" rowspan=\"4\" width=\"178\">Dimension<\/td>\n<td style=\"width: 30.5895%; padding-left: 40px;\" width=\"279\">L \u00d7 L \u00d7 H (mm)<\/td>\n<td style=\"width: 62.1802%; padding-left: 40px;\" colspan=\"2\" width=\"437\">3444*1550*1535<\/td>\n<\/tr>\n<tr style=\"padding-left: 40px;\">\n<td style=\"width: 30.5895%; padding-left: 40px;\" width=\"279\">Nombre de portes\/si\u00e8ges<\/td>\n<td style=\"width: 62.1802%; padding-left: 40px;\" colspan=\"2\" width=\"437\">3 portes 4 si\u00e8ges<\/td>\n<\/tr>\n<tr style=\"padding-left: 40px;\">\n<td style=\"width: 30.5895%; padding-left: 40px;\" width=\"279\">Largeur de piste F\/R (mm)<\/td>\n<td style=\"width: 62.1802%; padding-left: 40px;\" colspan=\"2\" width=\"437\">1360\/1342<\/td>\n<\/tr>\n<tr style=\"padding-left: 40px;\">\n<td style=\"width: 30.5895%; padding-left: 40px;\" width=\"279\">Distance entre roues (mm)<\/td>\n<td style=\"width: 62.1802%; padding-left: 40px;\" colspan=\"2\" width=\"437\">2350<\/td>\n<\/tr>\n<tr style=\"padding-left: 40px;\">\n<td style=\"width: 19.911%; padding-left: 40px;\" width=\"178\">Poids<\/td>\n<td style=\"width: 30.5895%; padding-left: 40px;\" width=\"279\">Passagers \u00e9valu\u00e9s<\/td>\n<td style=\"width: 62.1802%; padding-left: 40px;\" colspan=\"2\" width=\"437\">4 personnes<\/td>\n<\/tr>\n<tr style=\"padding-left: 40px;\">\n<td style=\"width: 19.911%; padding-left: 40px;\" rowspan=\"2\" width=\"178\">Performance<\/td>\n<td style=\"width: 30.5895%; padding-left: 40px;\" width=\"279\">Vitesse maximale (km\/h)<\/td>\n<td style=\"width: 62.1802%; padding-left: 40px;\" colspan=\"2\" width=\"437\">100<\/td>\n<\/tr>\n<tr style=\"padding-left: 40px;\">\n<td style=\"width: 30.5895%; padding-left: 40px;\" width=\"279\">Kilom\u00e9trage (km)<\/td>\n<td style=\"width: 62.1802%; padding-left: 40px;\" colspan=\"2\" width=\"437\">219<\/td>\n<\/tr>\n<tr style=\"padding-left: 40px;\">\n<td style=\"width: 19.911%; padding-left: 40px;\" rowspan=\"3\" width=\"178\">Syst\u00e8me d'alimentation<\/td>\n<td style=\"width: 30.5895%; padding-left: 40px;\" width=\"279\">Batterie (kWh)<\/td>\n<td style=\"width: 62.1802%; padding-left: 40px;\" colspan=\"2\" width=\"437\">Batterie au lithium 18.43KWh<\/td>\n<\/tr>\n<tr style=\"padding-left: 40px;\">\n<td style=\"width: 30.5895%; padding-left: 40px;\" width=\"279\">Moteur (kW)<\/td>\n<td style=\"width: 62.1802%; padding-left: 40px;\" colspan=\"2\" width=\"437\">nominal 12KW pic 25KW<\/td>\n<\/tr>\n<tr style=\"padding-left: 40px;\">\n<td style=\"width: 30.5895%; padding-left: 40px;\" width=\"279\">Chargement<\/td>\n<td style=\"width: 62.1802%; padding-left: 40px;\" colspan=\"2\" width=\"437\">7h<\/td>\n<\/tr>\n<tr style=\"padding-left: 40px;\">\n<td style=\"width: 19.911%; padding-left: 40px;\" rowspan=\"3\" width=\"178\">Syst\u00e8me de ch\u00e2ssis<\/td>\n<td style=\"width: 30.5895%; padding-left: 40px;\" width=\"279\">Syst\u00e8me de freinage<\/td>\n<td style=\"width: 62.1802%; padding-left: 40px;\" colspan=\"2\" width=\"437\">Disque avant &amp; amp; Tambour arri\u00e8re<\/td>\n<\/tr>\n<tr style=\"padding-left: 40px;\">\n<td style=\"width: 30.5895%; padding-left: 40px;\" width=\"279\">Syst\u00e8me de suspension<\/td>\n<td style=\"width: 62.1802%; padding-left: 40px;\" colspan=\"2\" width=\"437\">Avant:McPherson suspension ind\u00e9pendante<br \/>\nSuspension de liaison arri\u00e8re.multi<\/td>\n<\/tr>\n<tr style=\"padding-left: 40px;\">\n<td style=\"width: 30.5895%; padding-left: 40px;\" width=\"279\">Pneumatique<\/td>\n<td style=\"width: 62.1802%; padding-left: 40px;\" colspan=\"2\" width=\"437\">175\/55R15<\/td>\n<\/tr>\n<tr style=\"padding-left: 40px;\">\n<td style=\"width: 19.911%; padding-left: 40px;\" rowspan=\"2\" width=\"178\">\u00a0Assistance<br \/>\nsyst\u00e8me<\/td>\n<td style=\"width: 30.5895%; padding-left: 40px;\" rowspan=\"2\" width=\"279\">Autres<\/td>\n<td style=\"width: 62.1802%; padding-left: 40px;\" colspan=\"2\" width=\"437\">Direction assist\u00e9e<\/td>\n<\/tr>\n<tr style=\"padding-left: 40px;\">\n<td style=\"width: 62.1802%; padding-left: 40px;\" colspan=\"2\" width=\"437\">climatisation<\/td>\n<\/tr>\n<tr style=\"padding-left: 40px;\">\n<td style=\"width: 50.5006%; padding-left: 40px;\" colspan=\"2\" width=\"458\">Certification<\/td>\n<td style=\"width: 21.3571%; padding-left: 40px;\" width=\"193\">\u00a0Pi\u00e8ces: ECE<\/td>\n<td style=\"width: 40.8231%; padding-left: 40px;\" width=\"244\">V\u00e9hicule: CEE<\/td>\n<\/tr>\n<\/tbody>\n<\/table>\n<hr style=\"padding-left: 40px;\" data-start=\"1129\" data-end=\"1132\" \/>\n<h2 style=\"padding-left: 40px;\" data-start=\"1134\" data-end=\"1156\">Description du produit<\/h2>\n<h3 style=\"padding-left: 40px;\" data-start=\"1158\" data-end=\"1180\">Cat\u00e9gorie de produit<\/h3>\n<p style=\"padding-left: 40px;\" data-start=\"1181\" data-end=\"1261\">V\u00e9hicule \u00e9lectrique de ville \/ v\u00e9hicule commercial \u00e9lectrique \u00e0 quatre roues \/ \u00e9lectrique l\u00e9ger<\/p>\n<h3 style=\"padding-left: 40px;\" data-start=\"1263\" data-end=\"1288\">Description du produit<\/h3>\n<p style=\"padding-left: 40px;\" data-start=\"1290\" data-end=\"1698\">Le <strong data-start=\"1294\" data-end=\"1317\">Mini Cooper 4 roues<\/strong> adopte un <strong data-start=\"1327\" data-end=\"1366\">configuration trois portes, quatre si\u00e8ges<\/strong>offrant une combinaison \u00e9quilibr\u00e9e de taille ext\u00e9rieure compacte et de capacit\u00e9 de si\u00e8ge int\u00e9rieure pratique. Avec des dimensions globales de <strong data-start=\"1493\" data-end=\"1518\">3444 \u00d7 1550 \u00d7 1535 mm<\/strong> et un <strong data-start=\"1525\" data-end=\"1546\">2350 mm d'empattement<\/strong>Le v\u00e9hicule offre un espace de cabine am\u00e9lior\u00e9 et une stabilit\u00e9 de conduite tout en restant assez agile pour la circulation urbaine dense et les environnements de stationnement limit\u00e9s.<\/p>\n<p style=\"padding-left: 40px;\" data-start=\"1700\" data-end=\"2138\">\u00c9quip\u00e9 d'un <strong data-start=\"1717\" data-end=\"1746\">Batterie au lithium 18,43 kWh<\/strong>ce v\u00e9hicule \u00e9lectrique de ville offre une impressionnante <strong data-start=\"1798\" data-end=\"1831\">autonomie de conduite jusqu'\u00e0 219 km<\/strong>ce qui le rend adapt\u00e9 aux d\u00e9placements quotidiens prolong\u00e9s, aux voyages en ville \u00e0 plusieurs escales et \u00e0 l'utilisation partag\u00e9e de la mobilit\u00e9 urbaine. Le moteur \u00e9lectrique offre <strong data-start=\"1963\" data-end=\"2005\">Puissance nominale de 12 kW et puissance maximale de 25 kW<\/strong>Assurant une acc\u00e9l\u00e9ration fluide, une livraison de puissance r\u00e9active et une performance constante dans des conditions de conduite fr\u00e9quentes d'arr\u00eat et de d\u00e9part.<\/p>\n<p style=\"padding-left: 40px;\" data-start=\"2140\" data-end=\"2528\">Par rapport aux v\u00e9hicules \u00e0 carburant traditionnels, le Mini Cooper 4 Wheel r\u00e9duit consid\u00e9rablement les co\u00fbts d'exploitation gr\u00e2ce \u00e0 une consommation d'\u00e9nergie plus faible et \u00e0 des exigences d'entretien simplifi\u00e9es. Comme un <strong data-start=\"2331\" data-end=\"2363\">v\u00e9hicule \u00e9lectrique \u00e0 quatre roues<\/strong>Il \u00e9limine les composants complexes du moteur, ce qui r\u00e9duit les pannes m\u00e9caniques et les co\u00fbts de propri\u00e9t\u00e9 \u00e0 long terme pour les acheteurs individuels et les exploitants de flottes.<\/p>\n<p style=\"padding-left: 40px;\" data-start=\"2530\" data-end=\"2974\">Le syst\u00e8me de ch\u00e2ssis comporte un <strong data-start=\"2560\" data-end=\"2602\">Suspension avant ind\u00e9pendante McPherson<\/strong> combin\u00e9 avec un <strong data-start=\"2619\" data-end=\"2649\">suspension arri\u00e8re multi-liaison<\/strong>Am\u00e9liorer le confort de conduite, la stabilit\u00e9 du v\u00e9hicule et l'adaptabilit\u00e9 routi\u00e8re. Cette configuration de suspension am\u00e9liore les performances de manutention sur des routes urbaines in\u00e9gales tout en maintenant le confort pendant des trajets quotidiens plus longs. Le <strong data-start=\"2849\" data-end=\"2892\">syst\u00e8me de freinage \u00e0 disque avant et \u00e0 tambour arri\u00e8re<\/strong> garantit des performances de freinage fiables et une s\u00e9curit\u00e9 dans diverses conditions de conduite.<\/p>\n<p style=\"padding-left: 40px;\" data-start=\"2976\" data-end=\"3391\">Pour am\u00e9liorer le confort de conduite et le contr\u00f4le, le v\u00e9hicule est \u00e9quip\u00e9 de <strong data-start=\"3047\" data-end=\"3074\">direction assist\u00e9e<\/strong>permettant une man\u0153uvre sans effort \u00e0 faibles vitesses et une maniabilit\u00e9 am\u00e9lior\u00e9e dans les environnements urbains. Le <strong data-start=\"3170\" data-end=\"3190\">Pneumatiques 175\/55 R15<\/strong> fournir un patch de contact stable et une adh\u00e9rence optimis\u00e9e, contribuant \u00e0 la s\u00e9curit\u00e9 de conduite et \u00e0 l'efficacit\u00e9 \u00e9nerg\u00e9tique. Un int\u00e9gr\u00e9 <strong data-start=\"3310\" data-end=\"3337\">syst\u00e8me de climatisation<\/strong> am\u00e9liore encore le confort de la cabine dans diff\u00e9rents climats.<\/p>\n<p style=\"padding-left: 40px;\" data-start=\"3393\" data-end=\"3773\">Le Mini Cooper 4 Wheel est certifi\u00e9 avec <strong data-start=\"3435\" data-end=\"3462\">Certification de pi\u00e8ces CEE<\/strong> et <strong data-start=\"3467\" data-end=\"3496\">Certification CEE des v\u00e9hicules<\/strong>r\u00e9pondre aux normes r\u00e9glementaires cl\u00e9s pour les march\u00e9s internationaux. Comme un <strong data-start=\"3563\" data-end=\"3594\">plateforme de v\u00e9hicule personnalis\u00e9e<\/strong>Il prend en charge les options de personnalisation OEM, y compris la marque, les ajustements int\u00e9rieurs et les mises \u00e0 niveau de configuration fonctionnelle, permettant une adaptation flexible aux diff\u00e9rentes exigences du march\u00e9.<\/p>\n<hr style=\"padding-left: 40px;\" data-start=\"3775\" data-end=\"3778\" \/>\n<h2 style=\"padding-left: 40px;\" data-start=\"3780\" data-end=\"3822\">Caract\u00e9ristiques cl\u00e9s &amp; Avantages (m\u00e9thode FABE)<\/h2>\n<h3 style=\"padding-left: 40px;\" data-start=\"3824\" data-end=\"3838\">Caract\u00e9ristiques<\/h3>\n<ul>\n<li style=\"list-style-type: none;\">\n<ul data-start=\"3839\" data-end=\"4071\">\n<li data-start=\"3839\" data-end=\"3882\">\n<p data-start=\"3841\" data-end=\"3882\">Conception de v\u00e9hicule \u00e9lectrique compact \u00e0 trois portes et quatre si\u00e8ges<\/p>\n<\/li>\n<li data-start=\"3883\" data-end=\"3932\">\n<p data-start=\"3885\" data-end=\"3932\">Batterie au lithium 18,43 kWh avec port\u00e9e \u00e9tendue<\/p>\n<\/li>\n<li data-start=\"3933\" data-end=\"3976\">\n<p data-start=\"3935\" data-end=\"3976\">Puissance nominale \/ maximale du moteur: 12 kW \/ 25 kW<\/p>\n<\/li>\n<li data-start=\"3977\" data-end=\"4018\">\n<p data-start=\"3979\" data-end=\"4018\">Disque avant &amp; syst\u00e8me de freinage \u00e0 tambour arri\u00e8re<\/p>\n<\/li>\n<li data-start=\"4019\" data-end=\"4071\">\n<p data-start=\"4021\" data-end=\"4071\">Suspension avant ind\u00e9pendante et suspension arri\u00e8re multi-liaison<\/p>\n<\/li>\n<\/ul>\n<\/li>\n<\/ul>\n<h3 style=\"padding-left: 40px;\" data-start=\"4073\" data-end=\"4089\">Avantages<\/h3>\n<ul>\n<li style=\"list-style-type: none;\">\n<ul data-start=\"4090\" data-end=\"4292\">\n<li data-start=\"4090\" data-end=\"4134\">\n<p data-start=\"4092\" data-end=\"4134\">Longue autonomie pour une utilisation quotidienne urbaine<\/p>\n<\/li>\n<li data-start=\"4135\" data-end=\"4202\">\n<p data-start=\"4137\" data-end=\"4202\">Co\u00fbts d'exploitation et d'entretien inf\u00e9rieurs par rapport aux v\u00e9hicules \u00e0 carburant<\/p>\n<\/li>\n<li data-start=\"4203\" data-end=\"4243\">\n<p data-start=\"4205\" data-end=\"4243\">Conduction confortable et manipulation stable<\/p>\n<\/li>\n<li data-start=\"4244\" data-end=\"4292\">\n<p data-start=\"4246\" data-end=\"4292\">Taille compacte avec capacit\u00e9 de si\u00e8ge pratique<\/p>\n<\/li>\n<\/ul>\n<\/li>\n<\/ul>\n<h3 style=\"padding-left: 40px;\" data-start=\"4294\" data-end=\"4314\">Avantages pour l'acheteur<\/h3>\n<ul>\n<li style=\"list-style-type: none;\">\n<ul data-start=\"4315\" data-end=\"4539\">\n<li data-start=\"4315\" data-end=\"4356\">\n<p data-start=\"4317\" data-end=\"4356\">R\u00e9duction du co\u00fbt total de propri\u00e9t\u00e9 (TCO)<\/p>\n<\/li>\n<li data-start=\"4357\" data-end=\"4419\">\n<p data-start=\"4359\" data-end=\"4419\">Convient pour les d\u00e9placements en famille et les projets de mobilit\u00e9 partag\u00e9e<\/p>\n<\/li>\n<li data-start=\"4420\" data-end=\"4475\">\n<p data-start=\"4422\" data-end=\"4475\">Chargement simple pendant la nuit avec un temps de charge de 7 heures<\/p>\n<\/li>\n<li data-start=\"4476\" data-end=\"4539\">\n<p data-start=\"4478\" data-end=\"4539\">Personnalisation OEM flexible pour diff\u00e9rents positionnements sur le march\u00e9<\/p>\n<\/li>\n<\/ul>\n<\/li>\n<\/ul>\n<h3 style=\"padding-left: 40px;\" data-start=\"4541\" data-end=\"4555\">La preuve<\/h3>\n<ul>\n<li style=\"list-style-type: none;\">\n<ul data-start=\"4556\" data-end=\"4719\">\n<li data-start=\"4556\" data-end=\"4604\">\n<p data-start=\"4558\" data-end=\"4604\">Certification CEE des v\u00e9hicules pour les march\u00e9s d'exportation<\/p>\n<\/li>\n<li data-start=\"4605\" data-end=\"4648\">\n<p data-start=\"4607\" data-end=\"4648\">Architecture \u00e9lectrique \u00e9prouv\u00e9e<\/p>\n<\/li>\n<li data-start=\"4649\" data-end=\"4719\">\n<p data-start=\"4651\" data-end=\"4719\">Technologies de suspension et de freinage matures largement utilis\u00e9es dans les v\u00e9hicules \u00e9lectriques urbains<\/p>\n<\/li>\n<\/ul>\n<\/li>\n<\/ul>\n<hr style=\"padding-left: 40px;\" data-start=\"4721\" data-end=\"4724\" \/>\n<h2 style=\"padding-left: 40px;\" data-start=\"4726\" data-end=\"4750\">Sc\u00e9narios d'application<\/h2>\n<ul>\n<li style=\"list-style-type: none;\">\n<ul data-start=\"4752\" data-end=\"4951\">\n<li data-start=\"4752\" data-end=\"4778\">\n<p data-start=\"4754\" data-end=\"4778\">Les d\u00e9placements familiaux urbains<\/p>\n<\/li>\n<li data-start=\"4779\" data-end=\"4808\">\n<p data-start=\"4781\" data-end=\"4808\">Transport urbain quotidien<\/p>\n<\/li>\n<li data-start=\"4809\" data-end=\"4853\">\n<p data-start=\"4811\" data-end=\"4853\">Services de mobilit\u00e9 partag\u00e9e et de partage de voitures<\/p>\n<\/li>\n<li data-start=\"4854\" data-end=\"4889\">\n<p data-start=\"4856\" data-end=\"4889\">Voyages interurbains courtes distances<\/p>\n<\/li>\n<li data-start=\"4890\" data-end=\"4951\">\n<p data-start=\"4892\" data-end=\"4951\">Projets de v\u00e9hicules \u00e9lectriques personnalis\u00e9s pour les march\u00e9s \u00e9trangers<\/p>\n<\/li>\n<\/ul>\n<\/li>\n<\/ul>\n<hr style=\"padding-left: 40px;\" data-start=\"4953\" data-end=\"4956\" \/>\n<h2 style=\"padding-left: 40px;\" data-start=\"4958\" data-end=\"5003\">Pourquoi choisir Mini Cooper 4 roues de Tairui<\/h2>\n<p style=\"padding-left: 40px;\" data-start=\"5005\" data-end=\"5374\">Avec des ann\u00e9es d'exp\u00e9rience dans la R&amp; D et fabrication, <strong data-start=\"5073\" data-end=\"5127\">Shandong Tairui Automobile et Electronics Co., Ltd.<\/strong> livrer plus que des v\u00e9hicules standard. Nous fournissons compl\u00e8te <strong data-start=\"5186\" data-end=\"5217\">solutions de mobilit\u00e9 \u00e9lectrique<\/strong>combinant la capacit\u00e9 de production stable, la personnalisation OEM et le soutien apr\u00e8s-vente professionnel pour aider les clients \u00e0 entrer et \u00e0 \u00e9largir leurs march\u00e9s efficacement.<\/p>\n<hr style=\"padding-left: 40px;\" data-start=\"5376\" data-end=\"5379\" \/>\n<h2 style=\"padding-left: 40px;\" data-start=\"5381\" data-end=\"5404\">Appel \u00e0 l'action (CTA)<\/h2>\n<p style=\"padding-left: 40px;\" data-start=\"5406\" data-end=\"5678\">\u00c0 la recherche d'un fiable <strong data-start=\"5429\" data-end=\"5454\">V\u00e9hicule \u00e9lectrique ville<\/strong> ou un <strong data-start=\"5460\" data-end=\"5504\">solution \u00e9lectrique personnalis\u00e9e quatre roues<\/strong> pour votre march\u00e9 ?<br data-start=\"5521\" data-end=\"5524\" \/><strong data-start=\"5524\" data-end=\"5544\">Contactez-nous aujourd'hui<\/strong> pour recevoir des sp\u00e9cifications d\u00e9taill\u00e9es, des options de personnalisation OEM, des informations sur les prix et un support technique de notre \u00e9quipe professionnelle.<\/p>\n<hr style=\"padding-left: 40px;\" data-start=\"5680\" data-end=\"5683\" \/>\n<h2 style=\"padding-left: 40px;\" data-start=\"5685\" data-end=\"5691\">FAQ (questions fr\u00e9quentes)<\/h2>\n<p style=\"padding-left: 40px;\" data-start=\"5693\" data-end=\"5841\"><strong data-start=\"5693\" data-end=\"5744\">Q1: Combien de passagers peut transporter ce v\u00e9hicule?<\/strong><br data-start=\"5744\" data-end=\"5747\" \/>Il est con\u00e7u pour <strong data-start=\"5766\" data-end=\"5785\">Quatre passagers<\/strong>ce qui le rend adapt\u00e9 \u00e0 la mobilit\u00e9 familiale et partag\u00e9e.<\/p>\n<p style=\"padding-left: 40px;\" data-start=\"5843\" data-end=\"5974\"><strong data-start=\"5843\" data-end=\"5885\">Q2: Quelle est la port\u00e9e maximale de conduite?<\/strong><br data-start=\"5885\" data-end=\"5888\" \/>Le v\u00e9hicule offre une autonomie de conduite allant jusqu'\u00e0 <strong data-start=\"5932\" data-end=\"5942\">219 kilom\u00e8tres<\/strong>selon les conditions d'utilisation.<\/p>\n<p style=\"padding-left: 40px;\" data-start=\"5976\" data-end=\"6133\"><strong data-start=\"5976\" data-end=\"6032\">Q3: Ce mod\u00e8le peut-il \u00eatre personnalis\u00e9 pour les march\u00e9s d'exportation?<\/strong><br data-start=\"6032\" data-end=\"6035\" \/>- Oui, oui. La personnalisation OEM est disponible, y compris la marque, la mise en page int\u00e9rieure et les mises \u00e0 niveau fonctionnelles.<\/p>\n<p style=\"padding-left: 40px;\" data-start=\"6135\" data-end=\"6286\"><strong data-start=\"6135\" data-end=\"6181\">Q4: Quel type de charge prend-il en charge?<\/strong><br data-start=\"6181\" data-end=\"6184\" \/>Le temps de charge standard est approximativement <strong data-start=\"6228\" data-end=\"6239\">7 heures<\/strong>, adapt\u00e9 \u00e0 la charge AC domestique et commerciale.<\/p>\n<p style=\"padding-left: 40px;\" data-start=\"6288\" data-end=\"6446\"><strong data-start=\"6288\" data-end=\"6359\">Q5: Le v\u00e9hicule r\u00e9pond-il aux exigences de certification internationale?<\/strong><br data-start=\"6359\" data-end=\"6362\" \/>- Oui, oui. Il est conforme \u00e0 <strong data-start=\"6384\" data-end=\"6411\">Certification de pi\u00e8ces CEE<\/strong> et <strong data-start=\"6416\" data-end=\"6445\">Certification CEE des v\u00e9hicules<\/strong>.<\/p>","protected":false},"excerpt":{"rendered":"<p><strong data-start=\"430\" data-end=\"453\">Mini Cooper 4 roues<\/strong> est un v\u00e9hicule \u00e9lectrique urbain compact con\u00e7u pour les d\u00e9placements urbains et les transports familiaux. Avec une autonomie de conduite \u00e9tendue, des performances \u00e9lectriques stables et des caract\u00e9ristiques de confort modernes, il offre une solution de mobilit\u00e9 efficace et respectueuse de l'environnement pour les utilisateurs de la ville et les march\u00e9s \u00e9trangers.<\/p>","protected":false},"featured_media":2041,"comment_status":"open","ping_status":"closed","template":"","meta":[],"product_brand":[],"product_cat":[77],"product_tag":[],"class_list":{"0":"post-1024","1":"product","2":"type-product","3":"status-publish","4":"has-post-thumbnail","6":"product_cat-electric-micro-vehicle","8":"first","9":"instock","10":"shipping-taxable","11":"product-type-simple"},"_links":{"self":[{"href":"https:\/\/www.tairuiauto.com\/fr\/wp-json\/wp\/v2\/product\/1024","targetHints":{"allow":["GET"]}}],"collection":[{"href":"https:\/\/www.tairuiauto.com\/fr\/wp-json\/wp\/v2\/product"}],"about":[{"href":"https:\/\/www.tairuiauto.com\/fr\/wp-json\/wp\/v2\/types\/product"}],"replies":[{"embeddable":true,"href":"https:\/\/www.tairuiauto.com\/fr\/wp-json\/wp\/v2\/comments?post=1024"}],"wp:featuredmedia":[{"embeddable":true,"href":"https:\/\/www.tairuiauto.com\/fr\/wp-json\/wp\/v2\/media\/2041"}],"wp:attachment":[{"href":"https:\/\/www.tairuiauto.com\/fr\/wp-json\/wp\/v2\/media?parent=1024"}],"wp:term":[{"taxonomy":"product_brand","embeddable":true,"href":"https:\/\/www.tairuiauto.com\/fr\/wp-json\/wp\/v2\/product_brand?post=1024"},{"taxonomy":"product_cat","embeddable":true,"href":"https:\/\/www.tairuiauto.com\/fr\/wp-json\/wp\/v2\/product_cat?post=1024"},{"taxonomy":"product_tag","embeddable":true,"href":"https:\/\/www.tairuiauto.com\/fr\/wp-json\/wp\/v2\/product_tag?post=1024"}],"curies":[{"name":"WP","href":"https:\/\/api.w.org\/{rel}","templated":true}]}}