{"id":1026,"date":"2025-02-08T16:38:23","date_gmt":"2025-02-08T08:38:23","guid":{"rendered":"http:\/\/www.tairuiauto.com\/?post_type=product&#038;p=1026"},"modified":"2025-12-18T08:29:57","modified_gmt":"2025-12-18T00:29:57","slug":"small-suv-sm001-electric","status":"publish","type":"product","link":"https:\/\/www.tairuiauto.com\/fr\/product\/small-suv-sm001-electric\/","title":{"rendered":"Petit SUV \u00e9lectrique quatre si\u00e8ges"},"content":{"rendered":"<h2 style=\"padding-left: 40px;\" data-start=\"724\" data-end=\"764\">Aper\u00e7u du produit<\/h2>\n<p style=\"padding-left: 40px;\" data-start=\"766\" data-end=\"1119\">Ce mod\u00e8le est une nouvelle g\u00e9n\u00e9ration <strong data-start=\"798\" data-end=\"823\">V\u00e9hicule \u00e9lectrique ville<\/strong> d\u00e9velopp\u00e9 pour les utilisateurs qui exigent une port\u00e9e plus longue, des performances plus \u00e9lev\u00e9es et un confort am\u00e9lior\u00e9 dans les environnements urbains et suburbains. Construit sur une plateforme \u00e9lectrique \u00e0 quatre roues haute tension, il combine des proportions compactes avec une puissance am\u00e9lior\u00e9e et une flexibilit\u00e9 de recharge pour les besoins de mobilit\u00e9 quotidienne et commerciale.<\/p>\n<table style=\"width: 85.3376%; margin-left: 40px;\" width=\"755\">\n<tbody style=\"padding-left: 40px;\">\n<tr style=\"padding-left: 40px;\">\n<td style=\"width: 21.4192%; padding-left: 40px;\" rowspan=\"4\" width=\"161\">Dimension<\/td>\n<td style=\"width: 31.1432%; padding-left: 40px;\" width=\"238\">LxLxH (mm)<\/td>\n<td style=\"width: 100.131%; padding-left: 40px;\" width=\"355\">3720*1640*1535<\/td>\n<\/tr>\n<tr style=\"padding-left: 40px;\">\n<td style=\"width: 31.1432%; padding-left: 40px;\">Nombre de portes \/ si\u00e8ges<\/td>\n<td style=\"width: 100.131%; padding-left: 40px;\">5 portes 4 si\u00e8ges<\/td>\n<\/tr>\n<tr style=\"padding-left: 40px;\">\n<td style=\"width: 31.1432%; padding-left: 40px;\">Largeur de voie F\/R (mm)<\/td>\n<td style=\"width: 100.131%; padding-left: 40px;\">1420\/1420<\/td>\n<\/tr>\n<tr style=\"padding-left: 40px;\">\n<td style=\"width: 31.1432%; padding-left: 40px;\">Distance entre roues (mm)<\/td>\n<td style=\"width: 100.131%; padding-left: 40px;\">2350<\/td>\n<\/tr>\n<tr style=\"padding-left: 40px;\">\n<td style=\"width: 21.4192%; padding-left: 40px;\" rowspan=\"2\">Poids<\/td>\n<td style=\"width: 31.1432%; padding-left: 40px;\">Poids de borne (kg)<\/td>\n<td style=\"width: 100.131%; padding-left: 40px;\">1020<\/td>\n<\/tr>\n<tr style=\"padding-left: 40px;\">\n<td style=\"width: 31.1432%; padding-left: 40px;\">Poids charg\u00e9 (kg)<\/td>\n<td style=\"width: 100.131%; padding-left: 40px;\">1320<\/td>\n<\/tr>\n<tr style=\"padding-left: 40px;\">\n<td style=\"width: 21.4192%; padding-left: 40px;\" rowspan=\"3\">Performance<\/td>\n<td style=\"width: 31.1432%; padding-left: 40px;\">Plateforme de tension<\/td>\n<td style=\"width: 100.131%; padding-left: 40px;\">312<\/td>\n<\/tr>\n<tr style=\"padding-left: 40px;\">\n<td style=\"width: 31.1432%; padding-left: 40px;\">Vitesse maximale (km\/h)<\/td>\n<td style=\"width: 100.131%; padding-left: 40px;\">110<\/td>\n<\/tr>\n<tr style=\"padding-left: 40px;\">\n<td style=\"width: 31.1432%; padding-left: 40px;\">Kilom\u00e9trage (km)<\/td>\n<td style=\"width: 100.131%; padding-left: 40px;\">320<\/td>\n<\/tr>\n<tr style=\"padding-left: 40px;\">\n<td style=\"width: 21.4192%; padding-left: 40px;\" rowspan=\"4\">Syst\u00e8me d'alimentation<\/td>\n<td style=\"width: 31.1432%; padding-left: 40px;\">Batterie (kWh)<\/td>\n<td style=\"width: 100.131%; padding-left: 40px;\">Batterie au lithium tertiaire 31.15KWh<\/td>\n<\/tr>\n<tr style=\"padding-left: 40px;\">\n<td style=\"width: 31.1432%; padding-left: 40px;\">Moteur (kW)<\/td>\n<td style=\"width: 100.131%; padding-left: 40px;\">50 kilowatts<\/td>\n<\/tr>\n<tr style=\"padding-left: 40px;\">\n<td style=\"width: 31.1432%; padding-left: 40px;\">Couple maximum du moteur (Nm)<\/td>\n<td style=\"width: 100.131%; padding-left: 40px;\">125 nm<\/td>\n<\/tr>\n<tr style=\"padding-left: 40px;\">\n<td style=\"width: 31.1432%; padding-left: 40px;\">Chargement<\/td>\n<td style=\"width: 100.131%; padding-left: 40px;\">AC DC charg\u00e9 ccs2<\/td>\n<\/tr>\n<tr style=\"padding-left: 40px;\">\n<td style=\"width: 21.4192%; padding-left: 40px;\" rowspan=\"3\">Syst\u00e8me de ch\u00e2ssis<\/td>\n<td style=\"width: 31.1432%; padding-left: 40px;\">Syst\u00e8me de freinage<\/td>\n<td style=\"width: 100.131%; padding-left: 40px;\">Disque avant &amp; Tambour arri\u00e8re<\/td>\n<\/tr>\n<tr style=\"padding-left: 40px;\">\n<td style=\"width: 31.1432%; padding-left: 40px;\">Syst\u00e8me de suspension<\/td>\n<td style=\"width: 100.131%; padding-left: 40px;\" width=\"355\">Avant: Suspension ind\u00e9pendante McPherson Arri\u00e8re: Suspension semi-ind\u00e9pendante \u00e0 poutre de torsion<\/td>\n<\/tr>\n<tr style=\"padding-left: 40px;\">\n<td style=\"width: 31.1432%; padding-left: 40px;\">Pneumatique<\/td>\n<td style=\"width: 100.131%; padding-left: 40px;\">165\/65 R15<\/td>\n<\/tr>\n<tr style=\"padding-left: 40px;\">\n<td style=\"width: 21.4192%; padding-left: 40px;\" rowspan=\"2\">Syst\u00e8me d'assistance<\/td>\n<td style=\"width: 31.1432%; padding-left: 40px;\" rowspan=\"2\">Autres<\/td>\n<td style=\"width: 100.131%; padding-left: 40px;\">Direction assist\u00e9e par Pov\/er<\/td>\n<\/tr>\n<tr style=\"padding-left: 40px;\">\n<td style=\"width: 100.131%; padding-left: 40px;\">climatisation<\/td>\n<\/tr>\n<tr style=\"padding-left: 40px;\">\n<td style=\"width: 52.5624%; padding-left: 40px;\" colspan=\"2\">Certification<\/td>\n<td style=\"width: 100.131%; padding-left: 40px;\">Pi\u00e8ces: CEE V\u00e9hicule: CCC<\/td>\n<\/tr>\n<\/tbody>\n<\/table>\n<hr style=\"padding-left: 40px;\" data-start=\"1121\" data-end=\"1124\" \/>\n<h2 style=\"padding-left: 40px;\" data-start=\"1126\" data-end=\"1148\">Description du produit<\/h2>\n<p style=\"padding-left: 40px;\" data-start=\"1282\" data-end=\"1661\">Ceci <strong data-start=\"1287\" data-end=\"1333\">V\u00e9hicule \u00e9lectrique de ville \u00e0 cinq portes et quatre si\u00e8ges<\/strong> offre un design bien \u00e9quilibr\u00e9 qui donne la priorit\u00e9 \u00e0 l'espace int\u00e9rieur, \u00e0 la stabilit\u00e9 de conduite et \u00e0 la port\u00e9e \u00e9tendue. Avec des dimensions globales de <strong data-start=\"1463\" data-end=\"1488\">3720 \u00d7 1640 \u00d7 1535 mm<\/strong> et un <strong data-start=\"1495\" data-end=\"1516\">2350 mm d'empattement<\/strong>Le v\u00e9hicule offre un h\u00e9bergement confortable pour les passagers tout en maintenant une excellente man\u0153uvrabilit\u00e9 pour les rues de la ville et les environnements de stationnement.<\/p>\n<p style=\"padding-left: 40px;\" data-start=\"1663\" data-end=\"2026\">Aliment\u00e9 par un <strong data-start=\"1676\" data-end=\"1713\">Batterie au lithium ternaire de 31,15 kWh<\/strong>Le v\u00e9hicule obtient une impressionnante <strong data-start=\"1750\" data-end=\"1783\">autonomie de conduite jusqu'\u00e0 320 km<\/strong>ce qui le rend adapt\u00e9 aux trajets quotidiens longs, aux services de partage de trajets et \u00e0 l'utilisation urbaine \u00e0 haute fr\u00e9quence. Le <strong data-start=\"1886\" data-end=\"1917\">Plateforme haute tension 312 V<\/strong> am\u00e9liore l'efficacit\u00e9 \u00e9nerg\u00e9tique et la livraison d'\u00e9nergie, tout en r\u00e9duisant le temps de charge par rapport aux syst\u00e8mes \u00e0 basse tension.<\/p>\n<p style=\"padding-left: 40px;\" data-start=\"2028\" data-end=\"2341\">Le moteur \u00e9lectrique fournit <strong data-start=\"2056\" data-end=\"2081\">50 kW de puissance de sortie<\/strong> et <strong data-start=\"2086\" data-end=\"2114\">125 Nm de couple maximum<\/strong>Assurant une forte acc\u00e9l\u00e9ration et des performances fiables dans les conditions de circulation en ville et en banlieue. Avec un <strong data-start=\"2232\" data-end=\"2261\">vitesse maximale de 110 km\/h<\/strong>Le v\u00e9hicule r\u00e9pond confortablement aux exigences des autoroutes urbaines et des anneaux.<\/p>\n<p style=\"padding-left: 40px;\" data-start=\"2343\" data-end=\"2660\">La flexibilit\u00e9 de charge est un avantage cl\u00e9 de ce mod\u00e8le. Il soutient <strong data-start=\"2410\" data-end=\"2453\">Charge rapide AC et DC (standard CCS2)<\/strong>permettant aux utilisateurs de choisir entre une charge pratique pendant la nuit ou une charge rapide pendant les op\u00e9rations. Cette capacit\u00e9 am\u00e9liore consid\u00e9rablement l'efficacit\u00e9 de l'utilisation des v\u00e9hicules pour les utilisateurs priv\u00e9s et les exploitants de parcs.<\/p>\n<p style=\"padding-left: 40px;\" data-start=\"2662\" data-end=\"3044\">Le syst\u00e8me de ch\u00e2ssis est con\u00e7u pour le confort urbain et la durabilit\u00e9. Un <strong data-start=\"2731\" data-end=\"2773\">Suspension avant ind\u00e9pendante McPherson<\/strong> combin\u00e9 avec un <strong data-start=\"2790\" data-end=\"2839\">suspension semi-ind\u00e9pendante \u00e0 poutre de torsion arri\u00e8re<\/strong> offre une sensation de conduite stable tout en absorbant efficacement les irr\u00e9gularit\u00e9s routi\u00e8res. Le <strong data-start=\"2924\" data-end=\"2967\">syst\u00e8me de freinage \u00e0 disque avant et \u00e0 tambour arri\u00e8re<\/strong> assure des performances de freinage fiables sous diverses conditions de charge et de route.<\/p>\n<p style=\"padding-left: 40px;\" data-start=\"3046\" data-end=\"3407\">Pour une maniabilit\u00e9 et un confort am\u00e9lior\u00e9s, le v\u00e9hicule est \u00e9quip\u00e9 de <strong data-start=\"3110\" data-end=\"3137\">direction assist\u00e9e<\/strong>permettant une man\u0153uvre fluide \u00e0 faibles vitesses et un contr\u00f4le pr\u00e9cis \u00e0 vitesses plus \u00e9lev\u00e9es. <strong data-start=\"3219\" data-end=\"3239\">Pneumatiques 165\/65 R15<\/strong> offrent un bon \u00e9quilibre entre confort de conduite, adh\u00e9rence et efficacit\u00e9 \u00e9nerg\u00e9tique. Un int\u00e9gr\u00e9 <strong data-start=\"3326\" data-end=\"3353\">syst\u00e8me de climatisation<\/strong> am\u00e9liore encore le confort de la cabine dans diff\u00e9rents climats.<\/p>\n<p style=\"padding-left: 40px;\" data-start=\"3409\" data-end=\"3762\">Certifi\u00e9 avec <strong data-start=\"3424\" data-end=\"3446\">Homologation de pi\u00e8ces CEE<\/strong> et <strong data-start=\"3451\" data-end=\"3480\">Certification de v\u00e9hicule CCC<\/strong>Ce mod\u00e8le r\u00e9pond aux normes r\u00e9glementaires essentielles pour les march\u00e9s nationaux et internationaux s\u00e9lectionn\u00e9s. Comme un <strong data-start=\"3584\" data-end=\"3615\">plateforme de v\u00e9hicule personnalis\u00e9e<\/strong>Il prend en charge la personnalisation OEM, y compris les am\u00e9nagements int\u00e9rieurs, les configurations fonctionnelles et les solutions de marque pour r\u00e9pondre aux diverses exigences du march\u00e9.<\/p>\n<hr style=\"padding-left: 40px;\" data-start=\"3764\" data-end=\"3767\" \/>\n<h2 style=\"padding-left: 40px;\" data-start=\"3769\" data-end=\"3811\">Caract\u00e9ristiques cl\u00e9s &amp; Avantages (m\u00e9thode FABE)<\/h2>\n<h3 style=\"padding-left: 40px;\" data-start=\"3813\" data-end=\"3827\">Caract\u00e9ristiques<\/h3>\n<ul>\n<li style=\"list-style-type: none;\">\n<ul data-start=\"3828\" data-end=\"4021\">\n<li data-start=\"3828\" data-end=\"3874\">\n<p data-start=\"3830\" data-end=\"3874\">Configuration de v\u00e9hicule \u00e9lectrique urbain \u00e0 cinq portes et quatre places<\/p>\n<\/li>\n<li data-start=\"3875\" data-end=\"3912\">\n<p data-start=\"3877\" data-end=\"3912\">Batterie au lithium ternaire de 31,15 kWh<\/p>\n<\/li>\n<li data-start=\"3913\" data-end=\"3947\">\n<p data-start=\"3915\" data-end=\"3947\">Moteur de 50 kW avec couple de 125 Nm<\/p>\n<\/li>\n<li data-start=\"3948\" data-end=\"3980\">\n<p data-start=\"3950\" data-end=\"3980\">Charge rapide AC DC (CCS2)<\/p>\n<\/li>\n<li data-start=\"3981\" data-end=\"4021\">\n<p data-start=\"3983\" data-end=\"4021\">Plateforme \u00e9lectrique haute tension 312 V<\/p>\n<\/li>\n<\/ul>\n<\/li>\n<\/ul>\n<h3 style=\"padding-left: 40px;\" data-start=\"4023\" data-end=\"4039\">Avantages<\/h3>\n<ul>\n<li style=\"list-style-type: none;\">\n<ul data-start=\"4040\" data-end=\"4227\">\n<li data-start=\"4040\" data-end=\"4090\">\n<p data-start=\"4042\" data-end=\"4090\">Range de conduite \u00e9tendue pour une utilisation quotidienne intensive<\/p>\n<\/li>\n<li data-start=\"4091\" data-end=\"4132\">\n<p data-start=\"4093\" data-end=\"4132\">Chargement plus rapide et efficacit\u00e9 accrue<\/p>\n<\/li>\n<li data-start=\"4133\" data-end=\"4181\">\n<p data-start=\"4135\" data-end=\"4181\">Puissance de sortie plus forte que les micro EVs typiques<\/p>\n<\/li>\n<li data-start=\"4182\" data-end=\"4227\">\n<p data-start=\"4184\" data-end=\"4227\">Manipulation stable et confort de conduite am\u00e9lior\u00e9<\/p>\n<\/li>\n<\/ul>\n<\/li>\n<\/ul>\n<h3 style=\"padding-left: 40px;\" data-start=\"4229\" data-end=\"4249\">Avantages pour l'acheteur<\/h3>\n<ul>\n<li style=\"list-style-type: none;\">\n<ul data-start=\"4250\" data-end=\"4483\">\n<li data-start=\"4250\" data-end=\"4293\">\n<p data-start=\"4252\" data-end=\"4293\">R\u00e9duction de la fr\u00e9quence de charge et des temps d'arr\u00eat<\/p>\n<\/li>\n<li data-start=\"4294\" data-end=\"4357\">\n<p data-start=\"4296\" data-end=\"4357\">Convient \u00e0 l'usage familial, au transport et aux op\u00e9rations de flotte<\/p>\n<\/li>\n<li data-start=\"4358\" data-end=\"4419\">\n<p data-start=\"4360\" data-end=\"4419\">Co\u00fbt total de propri\u00e9t\u00e9 inf\u00e9rieur par rapport aux v\u00e9hicules \u00e0 carburant<\/p>\n<\/li>\n<li data-start=\"4420\" data-end=\"4483\">\n<p data-start=\"4422\" data-end=\"4483\">Personnalisation OEM flexible pour diff\u00e9rents positionnements sur le march\u00e9<\/p>\n<\/li>\n<\/ul>\n<\/li>\n<\/ul>\n<h3 style=\"padding-left: 40px;\" data-start=\"4485\" data-end=\"4499\">La preuve<\/h3>\n<ul>\n<li style=\"list-style-type: none;\">\n<ul data-start=\"4500\" data-end=\"4666\">\n<li data-start=\"4500\" data-end=\"4542\">\n<p data-start=\"4502\" data-end=\"4542\">Conformit\u00e9 certifi\u00e9e des v\u00e9hicules et des pi\u00e8ces<\/p>\n<\/li>\n<li data-start=\"4543\" data-end=\"4597\">\n<p data-start=\"4545\" data-end=\"4597\">Technologie d'entra\u00eenement \u00e9lectrique haute tension mature<\/p>\n<\/li>\n<li data-start=\"4598\" data-end=\"4666\">\n<p data-start=\"4600\" data-end=\"4666\">Syst\u00e8mes de suspension et de freinage \u00e9prouv\u00e9s utilis\u00e9s dans les plateformes urbaines EV<\/p>\n<\/li>\n<\/ul>\n<\/li>\n<\/ul>\n<hr style=\"padding-left: 40px;\" data-start=\"4668\" data-end=\"4671\" \/>\n<h2 style=\"padding-left: 40px;\" data-start=\"4673\" data-end=\"4697\">Sc\u00e9narios d'application<\/h2>\n<ul>\n<li style=\"list-style-type: none;\">\n<ul data-start=\"4699\" data-end=\"4927\">\n<li data-start=\"4699\" data-end=\"4737\">\n<p data-start=\"4701\" data-end=\"4737\">Travail quotidien urbain et suburbain<\/p>\n<\/li>\n<li data-start=\"4738\" data-end=\"4763\">\n<p data-start=\"4740\" data-end=\"4763\">Transport familial<\/p>\n<\/li>\n<li data-start=\"4764\" data-end=\"4809\">\n<p data-start=\"4766\" data-end=\"4809\">Services de transport et de mobilit\u00e9 partag\u00e9e<\/p>\n<\/li>\n<li data-start=\"4810\" data-end=\"4854\">\n<p data-start=\"4812\" data-end=\"4854\">Op\u00e9rations de flottes d'entreprises et municipales<\/p>\n<\/li>\n<li data-start=\"4855\" data-end=\"4927\">\n<p data-start=\"4857\" data-end=\"4927\">Projets de v\u00e9hicules \u00e9lectriques personnalis\u00e9s pour les march\u00e9s domestiques et d'exportation<\/p>\n<\/li>\n<\/ul>\n<\/li>\n<\/ul>\n<hr style=\"padding-left: 40px;\" data-start=\"4929\" data-end=\"4932\" \/>\n<h2 style=\"padding-left: 40px;\" data-start=\"4934\" data-end=\"4970\">Pourquoi choisir ce mod\u00e8le de Tairui<\/h2>\n<p style=\"padding-left: 40px;\" data-start=\"4972\" data-end=\"5337\">Avec une vaste exp\u00e9rience dans le d\u00e9veloppement et la fabrication de v\u00e9hicules \u00e9lectriques, <strong data-start=\"5049\" data-end=\"5103\">Shandong Tairui Automobile et Electronics Co., Ltd.<\/strong> fournit une fiabilit\u00e9 et une \u00e9volutivit\u00e9 <strong data-start=\"5135\" data-end=\"5166\">solutions de mobilit\u00e9 \u00e9lectrique<\/strong>De la conception du v\u00e9hicule \u00e0 la personnalisation de l'OEM et au soutien apr\u00e8s-vente, nous aidons les clients \u00e0 r\u00e9duire le risque d'achat, \u00e0 am\u00e9liorer l'efficacit\u00e9 op\u00e9rationnelle et \u00e0 acc\u00e9l\u00e9rer l'entr\u00e9e sur le march\u00e9.<\/p>\n<hr style=\"padding-left: 40px;\" data-start=\"5339\" data-end=\"5342\" \/>\n<h2 style=\"padding-left: 40px;\" data-start=\"5344\" data-end=\"5367\">Appel \u00e0 l'action (CTA)<\/h2>\n<p style=\"padding-left: 40px;\" data-start=\"5369\" data-end=\"5652\">\u00c0 la recherche d'une longue port\u00e9e <strong data-start=\"5394\" data-end=\"5419\">V\u00e9hicule \u00e9lectrique ville<\/strong> ou un <strong data-start=\"5425\" data-end=\"5469\">solution \u00e9lectrique personnalis\u00e9e quatre roues<\/strong> pour votre march\u00e9 ?<br data-start=\"5486\" data-end=\"5489\" \/><strong data-start=\"5489\" data-end=\"5509\">Contactez-nous aujourd'hui<\/strong> pour recevoir des sp\u00e9cifications d\u00e9taill\u00e9es, des solutions de charge, des options de personnalisation OEM et un support de prix comp\u00e9titif de notre \u00e9quipe professionnelle.<\/p>\n<hr style=\"padding-left: 40px;\" data-start=\"5654\" data-end=\"5657\" \/>\n<h2 style=\"padding-left: 40px;\" data-start=\"5659\" data-end=\"5665\">FAQ (questions fr\u00e9quentes)<\/h2>\n<p style=\"padding-left: 40px;\" data-start=\"5667\" data-end=\"5826\"><strong data-start=\"5667\" data-end=\"5725\">Q1: Quelle est la port\u00e9e maximale de ce v\u00e9hicule?<\/strong><br data-start=\"5725\" data-end=\"5728\" \/>Le v\u00e9hicule offre une autonomie de conduite allant jusqu'\u00e0 <strong data-start=\"5772\" data-end=\"5782\">320 kilom\u00e8tres<\/strong>en fonction des conditions de conduite et de l'utilisation.<\/p>\n<p style=\"padding-left: 40px;\" data-start=\"5828\" data-end=\"5942\"><strong data-start=\"5828\" data-end=\"5866\">Q2: Est-ce qu'il prend en charge rapide?<\/strong><br data-start=\"5866\" data-end=\"5869\" \/>- Oui, oui. Il soutient <strong data-start=\"5886\" data-end=\"5913\">Charge rapide AC et DC<\/strong> en utilisant le <strong data-start=\"5924\" data-end=\"5941\">Norme CCS2<\/strong>.<\/p>\n<p style=\"padding-left: 40px;\" data-start=\"5944\" data-end=\"6135\"><strong data-start=\"5944\" data-end=\"6005\">Q3: Est-ce que ce mod\u00e8le convient \u00e0 la flotte ou \u00e0 l'utilisation de ride-hailing?<\/strong><br data-start=\"6005\" data-end=\"6008\" \/>- Oui, oui. Sa longue port\u00e9e, sa capacit\u00e9 de charge rapide et son faible co\u00fbt d'exploitation le rendent id\u00e9al pour les applications de flotte et de mobilit\u00e9 partag\u00e9e.<\/p>\n<p style=\"padding-left: 40px;\" data-start=\"6137\" data-end=\"6279\"><strong data-start=\"6137\" data-end=\"6175\">Q4: Le v\u00e9hicule peut-il \u00eatre personnalis\u00e9?<\/strong><br data-start=\"6175\" data-end=\"6178\" \/>La personnalisation OEM est disponible, y compris les configurations int\u00e9rieures, les mises \u00e0 niveau fonctionnelles et la marque.<\/p>\n<p style=\"padding-left: 40px;\" data-start=\"6281\" data-end=\"6462\"><strong data-start=\"6281\" data-end=\"6331\">Q5 : Quelles certifications poss\u00e8de le v\u00e9hicule ?<\/strong><br data-start=\"6331\" data-end=\"6334\" \/>Il est conforme \u00e0 <strong data-start=\"6351\" data-end=\"6380\">Certification de v\u00e9hicule CCC<\/strong> et <strong data-start=\"6385\" data-end=\"6412\">Certification de pi\u00e8ces CEE<\/strong>soutenir les march\u00e9s nationaux et certains march\u00e9s d'exportation.<\/p>","protected":false},"excerpt":{"rendered":"<p>Ce v\u00e9hicule \u00e9lectrique de ville \u00e0 cinq portes est con\u00e7u pour les d\u00e9placements urbains prolong\u00e9s et les transports familiaux. Avec une longue autonomie de conduite, un moteur \u00e9lectrique puissant et une capacit\u00e9 de charge rapide, il offre une solution de mobilit\u00e9 pratique, efficace et respectueuse de l'environnement pour une utilisation urbaine moderne.<\/p>","protected":false},"featured_media":2050,"comment_status":"open","ping_status":"closed","template":"","meta":[],"product_brand":[],"product_cat":[77],"product_tag":[],"class_list":{"0":"post-1026","1":"product","2":"type-product","3":"status-publish","4":"has-post-thumbnail","6":"product_cat-electric-micro-vehicle","8":"first","9":"instock","10":"shipping-taxable","11":"product-type-simple"},"_links":{"self":[{"href":"https:\/\/www.tairuiauto.com\/fr\/wp-json\/wp\/v2\/product\/1026","targetHints":{"allow":["GET"]}}],"collection":[{"href":"https:\/\/www.tairuiauto.com\/fr\/wp-json\/wp\/v2\/product"}],"about":[{"href":"https:\/\/www.tairuiauto.com\/fr\/wp-json\/wp\/v2\/types\/product"}],"replies":[{"embeddable":true,"href":"https:\/\/www.tairuiauto.com\/fr\/wp-json\/wp\/v2\/comments?post=1026"}],"wp:featuredmedia":[{"embeddable":true,"href":"https:\/\/www.tairuiauto.com\/fr\/wp-json\/wp\/v2\/media\/2050"}],"wp:attachment":[{"href":"https:\/\/www.tairuiauto.com\/fr\/wp-json\/wp\/v2\/media?parent=1026"}],"wp:term":[{"taxonomy":"product_brand","embeddable":true,"href":"https:\/\/www.tairuiauto.com\/fr\/wp-json\/wp\/v2\/product_brand?post=1026"},{"taxonomy":"product_cat","embeddable":true,"href":"https:\/\/www.tairuiauto.com\/fr\/wp-json\/wp\/v2\/product_cat?post=1026"},{"taxonomy":"product_tag","embeddable":true,"href":"https:\/\/www.tairuiauto.com\/fr\/wp-json\/wp\/v2\/product_tag?post=1026"}],"curies":[{"name":"WP","href":"https:\/\/api.w.org\/{rel}","templated":true}]}}