{"id":2052,"date":"2025-03-10T16:39:38","date_gmt":"2025-03-10T08:39:38","guid":{"rendered":"https:\/\/www.tairuiauto.com\/?post_type=product&#038;p=2052"},"modified":"2025-12-18T08:39:23","modified_gmt":"2025-12-18T00:39:23","slug":"mpv-m002","status":"publish","type":"product","link":"https:\/\/www.tairuiauto.com\/fr\/product\/mpv-m002\/","title":{"rendered":"MPV \u00e9lectrique 4 roues"},"content":{"rendered":"<h2 style=\"padding-left: 40px;\" data-start=\"733\" data-end=\"773\">Aper\u00e7u du produit<\/h2>\n<p style=\"padding-left: 40px;\" data-start=\"775\" data-end=\"1122\">Ce mod\u00e8le est polyvalent <strong data-start=\"801\" data-end=\"826\">V\u00e9hicule \u00e9lectrique ville<\/strong> d\u00e9velopp\u00e9 pour r\u00e9pondre \u00e0 diff\u00e9rentes exigences de gamme et de co\u00fbt gr\u00e2ce \u00e0 plusieurs configurations de batterie. Construit sur une plate-forme \u00e9lectrique compacte \u00e0 quatre roues, il met l\u2019accent sur la pratique, la s\u00e9curit\u00e9 et l\u2019efficacit\u00e9, offrant une solution fiable pour le transport urbain quotidien et les besoins de mobilit\u00e9 commerciale l\u00e9g\u00e8re.<\/p>\n<table style=\"border-collapse: collapse; width: 76.1293%; margin-left: 40px;\" border=\"0\" width=\"746\" cellspacing=\"0\" cellpadding=\"0\">\n<tbody style=\"padding-left: 40px;\">\n<tr style=\"height: 18.75pt; padding-left: 40px;\">\n<td class=\"et2\" style=\"height: 18.75pt; width: 140.696%; border-right: 1pt solid #000000; padding-left: 40px;\" colspan=\"4\" width=\"746\" height=\"25\"><span class=\"font2\">sp\u00e9cification de type<\/span><\/td>\n<\/tr>\n<tr style=\"height: 17.25pt; padding-left: 40px;\">\n<td class=\"et5\" style=\"height: 17.25pt; width: 25.7028%; padding-left: 40px;\" height=\"23\"><span class=\"font4\">L * L * H (mm)<\/span><\/td>\n<td class=\"et6\" style=\"border-right: 1pt solid #000000; width: 114.993%; padding-left: 40px;\" colspan=\"3\"><span class=\"font4\">3517*1495*1660<\/span><\/td>\n<\/tr>\n<tr style=\"height: 17.25pt; padding-left: 40px;\">\n<td class=\"et9\" style=\"height: 17.25pt; width: 25.7028%; padding-left: 40px;\" height=\"23\"><span class=\"font4\">Distance entre roues (mm)<\/span><\/td>\n<td class=\"et10\" style=\"border-right: 1pt solid #000000; width: 114.993%; padding-left: 40px;\" colspan=\"3\"><span class=\"font4\">2495<\/span><\/td>\n<\/tr>\n<tr style=\"height: 17.25pt; padding-left: 40px;\">\n<td class=\"et13\" style=\"height: 17.25pt; width: 25.7028%; padding-left: 40px;\" height=\"23\"><span class=\"font4\">Kilom\u00e9trage (km)<\/span><\/td>\n<td class=\"et13\" style=\"width: 31.7269%; padding-left: 40px;\"><span class=\"font4\">130<\/span><\/td>\n<td class=\"et13\" style=\"width: 31.7269%; padding-left: 40px;\"><span class=\"font4\">200<\/span><\/td>\n<td class=\"et13\" style=\"width: 51.5395%; padding-left: 40px;\"><span class=\"font4\">300<\/span><\/td>\n<\/tr>\n<tr style=\"height: 33.75pt; padding-left: 40px;\">\n<td class=\"et14\" style=\"height: 33.75pt; width: 25.7028%; padding-left: 40px;\" width=\"190\" height=\"45\"><span class=\"font4\">D\u00e9gagement minimum au sol (mm)<\/span><\/td>\n<td class=\"et13\" style=\"width: 31.7269%; padding-left: 40px;\"><span class=\"font4\">130<\/span><\/td>\n<td class=\"et13\" style=\"width: 31.7269%; padding-left: 40px;\"><span class=\"font4\">130<\/span><\/td>\n<td class=\"et13\" style=\"width: 51.5395%; padding-left: 40px;\"><span class=\"font4\">120<\/span><\/td>\n<\/tr>\n<tr style=\"height: 17.25pt; padding-left: 40px;\">\n<td class=\"et13\" style=\"height: 17.25pt; width: 25.7028%; padding-left: 40px;\" height=\"23\"><span class=\"font4\">Poids de borne (kg)<\/span><\/td>\n<td class=\"et13\" style=\"width: 31.7269%; padding-left: 40px;\"><span class=\"font4\">840<\/span><\/td>\n<td class=\"et13\" style=\"width: 31.7269%; padding-left: 40px;\"><span class=\"font4\">880<\/span><\/td>\n<td class=\"et13\" style=\"width: 51.5395%; padding-left: 40px;\"><span class=\"font4\">1010<\/span><\/td>\n<\/tr>\n<tr style=\"height: 18.75pt; padding-left: 40px;\">\n<td class=\"et9\" style=\"height: 18.75pt; width: 25.7028%; padding-left: 40px;\" height=\"25\"><span class=\"font4\">Temps de charge<\/span><\/td>\n<td class=\"et9\" style=\"width: 31.7269%; padding-left: 40px;\"><span class=\"font2\">7<\/span><\/td>\n<td class=\"et9\" style=\"width: 31.7269%; padding-left: 40px;\"><span class=\"font2\">7<\/span><\/td>\n<td class=\"et9\" style=\"width: 51.5395%; padding-left: 40px;\"><span class=\"font2\">9.5<\/span><\/td>\n<\/tr>\n<tr style=\"height: 17.25pt; padding-left: 40px;\">\n<td class=\"et13\" style=\"height: 17.25pt; width: 25.7028%; padding-left: 40px;\" height=\"23\"><span class=\"font4\">puissance maximale (kW)<\/span><\/td>\n<td class=\"et13\" style=\"width: 31.7269%; padding-left: 40px;\"><span class=\"font4\">30<\/span><\/td>\n<td class=\"et13\" style=\"width: 31.7269%; padding-left: 40px;\"><span class=\"font4\">30<\/span><\/td>\n<td class=\"et13\" style=\"width: 51.5395%; padding-left: 40px;\"><span class=\"font4\">35<\/span><\/td>\n<\/tr>\n<tr style=\"height: 17.25pt; padding-left: 40px;\">\n<td class=\"et13\" style=\"height: 17.25pt; width: 25.7028%; padding-left: 40px;\" height=\"23\"><span class=\"font4\">couple maximum (N m)<\/span><\/td>\n<td class=\"et13\" style=\"width: 31.7269%; padding-left: 40px;\"><span class=\"font4\">84<\/span><\/td>\n<td class=\"et13\" style=\"width: 31.7269%; padding-left: 40px;\"><span class=\"font4\">84<\/span><\/td>\n<td class=\"et13\" style=\"width: 51.5395%; padding-left: 40px;\"><span class=\"font4\">87<\/span><\/td>\n<\/tr>\n<tr style=\"height: 17.25pt; padding-left: 40px;\">\n<td class=\"et13\" style=\"height: 17.25pt; width: 25.7028%; padding-left: 40px;\" height=\"23\"><span class=\"font4\">capacit\u00e9 de batterie (kWh)<\/span><\/td>\n<td class=\"et13\" style=\"width: 31.7269%; padding-left: 40px;\"><span class=\"font4\">11.9<\/span><\/td>\n<td class=\"et13\" style=\"width: 31.7269%; padding-left: 40px;\"><span class=\"font4\">18.5<\/span><\/td>\n<td class=\"et13\" style=\"width: 51.5395%; padding-left: 40px;\"><span class=\"font4\">29.9<\/span><\/td>\n<\/tr>\n<tr style=\"height: 17.25pt; padding-left: 40px;\">\n<td class=\"et9\" style=\"height: 17.25pt; width: 25.7028%; padding-left: 40px;\" height=\"23\"><span class=\"font4\">Type de batterie<\/span><\/td>\n<td class=\"et9\" style=\"width: 31.7269%; padding-left: 40px;\"><span class=\"font4\">Lithium tertiaire<\/span><\/td>\n<td class=\"et9\" style=\"width: 31.7269%; padding-left: 40px;\"><span class=\"font4\">Lithium tertiaire<\/span><\/td>\n<td class=\"et9\" style=\"width: 51.5395%; padding-left: 40px;\"><span class=\"font4\">LFP<\/span><\/td>\n<\/tr>\n<tr style=\"height: 17.25pt; padding-left: 40px;\">\n<td class=\"et13\" style=\"height: 17.25pt; width: 25.7028%; padding-left: 40px;\" height=\"23\"><span class=\"font4\">Vitesse maximale (km\/h)<\/span><\/td>\n<td class=\"et6\" style=\"border-right: 1pt solid #000000; width: 114.993%; padding-left: 40px;\" colspan=\"3\"><span class=\"font4\">100<\/span><\/td>\n<\/tr>\n<tr style=\"height: 17.25pt; padding-left: 40px;\">\n<td class=\"et13\" style=\"height: 17.25pt; width: 25.7028%; padding-left: 40px;\" height=\"23\"><span class=\"font4\">vitesse maximale<\/span><\/td>\n<td class=\"et6\" style=\"border-right: 1pt solid #000000; width: 114.993%; padding-left: 40px;\" colspan=\"3\"><span class=\"font4\">PMSM<\/span><\/td>\n<\/tr>\n<tr style=\"height: 17.25pt; padding-left: 40px;\">\n<td class=\"et13\" style=\"height: 17.25pt; width: 25.7028%; padding-left: 40px;\" height=\"23\"><span class=\"font4\">taille des pneus<\/span><\/td>\n<td class=\"et6\" style=\"border-right: 1pt solid #000000; width: 114.993%; padding-left: 40px;\" colspan=\"3\"><span class=\"font4\">155\/65 R14<\/span><\/td>\n<\/tr>\n<tr style=\"height: 33.75pt; padding-left: 40px;\">\n<td class=\"et15\" style=\"height: 33.75pt; width: 25.7028%; padding-left: 40px;\" width=\"190\" height=\"45\"><span class=\"font4\">Performance avec figuration<\/span><\/td>\n<td class=\"et6\" style=\"border-right: 1pt solid #000000; width: 114.993%; padding-left: 40px;\" colspan=\"3\"><span class=\"font4\">ABS<\/span><span class=\"font0\">Et,<\/span><span class=\"font4\">EBD<\/span><span class=\"font0\">Et,<\/span><span class=\"font4\">EDR<\/span><span class=\"font0\">Et,<\/span><span class=\"font4\">Grand \u00e9cran multim\u00e9dia, image invers\u00e9e<\/span><\/td>\n<\/tr>\n<\/tbody>\n<\/table>\n<hr style=\"padding-left: 40px;\" data-start=\"1124\" data-end=\"1127\" \/>\n<h2 style=\"padding-left: 40px;\" data-start=\"1129\" data-end=\"1151\">Description du produit<\/h2>\n<h3 style=\"padding-left: 40px;\" data-start=\"1153\" data-end=\"1175\">Cat\u00e9gorie de produit<\/h3>\n<p style=\"padding-left: 40px;\" data-start=\"1176\" data-end=\"1256\">V\u00e9hicule \u00e9lectrique de ville \/ v\u00e9hicule commercial \u00e9lectrique \u00e0 quatre roues \/ \u00e9lectrique l\u00e9ger<\/p>\n<h3 style=\"padding-left: 40px;\" data-start=\"1258\" data-end=\"1283\">Description du produit<\/h3>\n<p style=\"padding-left: 40px;\" data-start=\"1285\" data-end=\"1611\">Ceci <strong data-start=\"1290\" data-end=\"1323\">v\u00e9hicule \u00e9lectrique ville compact<\/strong> poss\u00e8de une conception \u00e9quilibr\u00e9e de la carrosserie optimis\u00e9e pour les environnements urbains. Avec des dimensions globales de <strong data-start=\"1417\" data-end=\"1442\">3517 \u00d7 1495 \u00d7 1660 mm<\/strong> et un <strong data-start=\"1449\" data-end=\"1470\">2495 mm d'empattement<\/strong>Le v\u00e9hicule assure un comportement de conduite stable tout en maintenant une excellente man\u0153uvrabilit\u00e9 pour les rues de la ville bond\u00e9es et les places de stationnement \u00e9troites.<\/p>\n<p style=\"padding-left: 40px;\" data-start=\"1613\" data-end=\"2102\">Pour r\u00e9pondre aux diff\u00e9rents besoins de l'utilisateur, le mod\u00e8le est disponible en <strong data-start=\"1676\" data-end=\"1709\">configurations de gamme multiples<\/strong>offrant des gammes de conduite de <strong data-start=\"1738\" data-end=\"1774\">130 km, 200 km et jusqu'\u00e0 300 km<\/strong>Les options de batterie incluent <strong data-start=\"1800\" data-end=\"1829\">batteries au lithium ternaire<\/strong> pour une performance \u00e9quilibr\u00e9e et une densit\u00e9 \u00e9nerg\u00e9tique, ainsi qu'un <strong data-start=\"1889\" data-end=\"1904\">Batterie LFP<\/strong> option pour une plus grande durabilit\u00e9 et une longue dur\u00e9e de vie. Les capacit\u00e9s de la batterie varient de <strong data-start=\"1987\" data-end=\"2011\">11,9 kWh \u00e0 29,9 kWh<\/strong>permettant aux acheteurs de choisir la configuration la plus adapt\u00e9e \u00e0 leurs conditions de fonctionnement.<\/p>\n<p style=\"padding-left: 40px;\" data-start=\"2104\" data-end=\"2434\">Le moteur \u00e9lectrique fournit <strong data-start=\"2132\" data-end=\"2172\">puissances maximales jusqu'\u00e0 35 kW<\/strong> et <strong data-start=\"2177\" data-end=\"2210\">couple maximum jusqu'\u00e0 87 Nm<\/strong>Assurant une acc\u00e9l\u00e9ration douce et des performances stables lors de la conduite en ville sans arr\u00eat. Avec un <strong data-start=\"2304\" data-end=\"2333\">vitesse maximale de 100 km\/h<\/strong>Le v\u00e9hicule r\u00e9pond confortablement aux exigences quotidiennes de navette urbaine et aux besoins de courts trajets sur l'autoroute.<\/p>\n<p style=\"padding-left: 40px;\" data-start=\"2436\" data-end=\"2748\">La commodit\u00e9 de charge est optimis\u00e9e pour une utilisation quotidienne. Selon la configuration de la batterie, le <strong data-start=\"2529\" data-end=\"2573\">Temps de charge allant de 7 \u00e0 9,5 heures<\/strong>rendant la recharge nocturne pratique pour les utilisateurs domestiques et les exploitants de flottes. Cette flexibilit\u00e9 r\u00e9duit la pression de charge tout en am\u00e9liorant la disponibilit\u00e9 du v\u00e9hicule pendant les heures de travail.<\/p>\n<p style=\"padding-left: 40px;\" data-start=\"2750\" data-end=\"3057\">Le ch\u00e2ssis et le syst\u00e8me de conduite sont con\u00e7us pour la s\u00e9curit\u00e9 et le confort. Avec un <strong data-start=\"2827\" data-end=\"2869\">D\u00e9gagement minimum au sol de 120 \u00e0 130 mm<\/strong>Le v\u00e9hicule g\u00e8re avec confiance les chocs de vitesse et les routes urbaines in\u00e9gales. <strong data-start=\"2943\" data-end=\"2963\">Pneumatiques 155\/65 R14<\/strong> fournir une adh\u00e9rence stable et une faible r\u00e9sistance au roulement, soutenant \u00e0 la fois la s\u00e9curit\u00e9 et l'efficacit\u00e9 \u00e9nerg\u00e9tique.<\/p>\n<p style=\"padding-left: 40px;\" data-start=\"3059\" data-end=\"3385\">En termes de s\u00e9curit\u00e9 et de configuration intelligente, le v\u00e9hicule est \u00e9quip\u00e9 de <strong data-start=\"3138\" data-end=\"3167\">Syst\u00e8mes ABS, EBD et EDR<\/strong>Am\u00e9liorer la stabilit\u00e9 et le contr\u00f4le du freinage. Un <strong data-start=\"3212\" data-end=\"3239\">multim\u00e9dia grand \u00e9cran<\/strong> et <strong data-start=\"3244\" data-end=\"3271\">syst\u00e8me de cam\u00e9ra inverse<\/strong> am\u00e9liorer la commodit\u00e9 de conduite, la prise de conscience de la situation et l'exp\u00e9rience utilisateur, en particulier dans des environnements urbains denses.<\/p>\n<hr style=\"padding-left: 40px;\" data-start=\"3387\" data-end=\"3390\" \/>\n<h2 style=\"padding-left: 40px;\" data-start=\"3392\" data-end=\"3434\">Caract\u00e9ristiques cl\u00e9s &amp; Avantages (m\u00e9thode FABE)<\/h2>\n<h3 style=\"padding-left: 40px;\" data-start=\"3436\" data-end=\"3450\">Caract\u00e9ristiques<\/h3>\n<ul>\n<li style=\"list-style-type: none;\">\n<ul data-start=\"3451\" data-end=\"3671\">\n<li data-start=\"3451\" data-end=\"3511\">\n<p data-start=\"3453\" data-end=\"3511\">Range de conduite multiples : 130 km \/ 200 km \/ 300 km<\/p>\n<\/li>\n<li data-start=\"3512\" data-end=\"3555\">\n<p data-start=\"3514\" data-end=\"3555\">Options de batterie au lithium ternaire et LFP<\/p>\n<\/li>\n<li data-start=\"3556\" data-end=\"3591\">\n<p data-start=\"3558\" data-end=\"3591\">Puissance maximale du moteur jusqu'\u00e0 35 kW<\/p>\n<\/li>\n<li data-start=\"3592\" data-end=\"3628\">\n<p data-start=\"3594\" data-end=\"3628\">Syst\u00e8mes de s\u00e9curit\u00e9 ABS, EBD et EDR<\/p>\n<\/li>\n<li data-start=\"3629\" data-end=\"3671\">\n<p data-start=\"3631\" data-end=\"3671\">\u00c9cran multim\u00e9dia avec image invers\u00e9e<\/p>\n<\/li>\n<\/ul>\n<\/li>\n<\/ul>\n<h3 style=\"padding-left: 40px;\" data-start=\"3673\" data-end=\"3689\">Avantages<\/h3>\n<ul>\n<li style=\"list-style-type: none;\">\n<ul data-start=\"3690\" data-end=\"3883\">\n<li data-start=\"3690\" data-end=\"3756\">\n<p data-start=\"3692\" data-end=\"3756\">S\u00e9lection flexible des batteries pour diff\u00e9rents budgets et cas d'utilisation<\/p>\n<\/li>\n<li data-start=\"3757\" data-end=\"3796\">\n<p data-start=\"3759\" data-end=\"3796\">Co\u00fbts d'exploitation et d'entretien bas<\/p>\n<\/li>\n<li data-start=\"3797\" data-end=\"3839\">\n<p data-start=\"3799\" data-end=\"3839\">Performance stable pour les d\u00e9placements urbains<\/p>\n<\/li>\n<li data-start=\"3840\" data-end=\"3883\">\n<p data-start=\"3842\" data-end=\"3883\">Am\u00e9lioration de la s\u00e9curit\u00e9 et du confort de conduite<\/p>\n<\/li>\n<\/ul>\n<\/li>\n<\/ul>\n<h3 style=\"padding-left: 40px;\" data-start=\"3885\" data-end=\"3905\">Avantages pour l'acheteur<\/h3>\n<ul>\n<li style=\"list-style-type: none;\">\n<ul data-start=\"3906\" data-end=\"4107\">\n<li data-start=\"3906\" data-end=\"3947\">\n<p data-start=\"3908\" data-end=\"3947\">R\u00e9duction du co\u00fbt total de propri\u00e9t\u00e9 (TCO)<\/p>\n<\/li>\n<li data-start=\"3948\" data-end=\"4009\">\n<p data-start=\"3950\" data-end=\"4009\">Convient aux utilisateurs priv\u00e9s et aux projets de flotte d'entr\u00e9e de gamme<\/p>\n<\/li>\n<li data-start=\"4010\" data-end=\"4051\">\n<p data-start=\"4012\" data-end=\"4051\">Chargement simple pendant la nuit pour une utilisation quotidienne<\/p>\n<\/li>\n<li data-start=\"4052\" data-end=\"4107\">\n<p data-start=\"4054\" data-end=\"4107\">Configuration \u00e9volutive pour diff\u00e9rentes exigences du march\u00e9<\/p>\n<\/li>\n<\/ul>\n<\/li>\n<\/ul>\n<h3 style=\"padding-left: 40px;\" data-start=\"4109\" data-end=\"4123\">La preuve<\/h3>\n<ul>\n<li style=\"list-style-type: none;\">\n<ul data-start=\"4124\" data-end=\"4283\">\n<li data-start=\"4124\" data-end=\"4167\">\n<p data-start=\"4126\" data-end=\"4167\">Architecture \u00e9lectrique \u00e9prouv\u00e9e<\/p>\n<\/li>\n<li data-start=\"4168\" data-end=\"4219\">\n<p data-start=\"4170\" data-end=\"4219\">Technologies de batterie largement adopt\u00e9es dans les v\u00e9hicules \u00e9lectriques urbains<\/p>\n<\/li>\n<li data-start=\"4220\" data-end=\"4283\">\n<p data-start=\"4222\" data-end=\"4283\">Syst\u00e8mes de s\u00e9curit\u00e9 standard couramment requis dans les v\u00e9hicules urbains<\/p>\n<\/li>\n<\/ul>\n<\/li>\n<\/ul>\n<hr style=\"padding-left: 40px;\" data-start=\"4285\" data-end=\"4288\" \/>\n<h2 style=\"padding-left: 40px;\" data-start=\"4290\" data-end=\"4314\">Sc\u00e9narios d'application<\/h2>\n<ul>\n<li style=\"list-style-type: none;\">\n<ul data-start=\"4316\" data-end=\"4535\">\n<li data-start=\"4316\" data-end=\"4341\">\n<p data-start=\"4318\" data-end=\"4341\">Commutation urbaine quotidienne<\/p>\n<\/li>\n<li data-start=\"4342\" data-end=\"4380\">\n<p data-start=\"4344\" data-end=\"4380\">Transport urbain \u00e0 courte distance<\/p>\n<\/li>\n<li data-start=\"4381\" data-end=\"4421\">\n<p data-start=\"4383\" data-end=\"4421\">March\u00e9s de v\u00e9hicules \u00e9lectriques d'entr\u00e9e de gamme<\/p>\n<\/li>\n<li data-start=\"4422\" data-end=\"4460\">\n<p data-start=\"4424\" data-end=\"4460\">Mobilit\u00e9 communautaire et r\u00e9sidentielle<\/p>\n<\/li>\n<li data-start=\"4461\" data-end=\"4535\">\n<p data-start=\"4463\" data-end=\"4535\">Projets de v\u00e9hicules \u00e9lectriques personnalis\u00e9s pour les march\u00e9s domestiques et \u00e9trangers<\/p>\n<\/li>\n<\/ul>\n<\/li>\n<\/ul>\n<hr style=\"padding-left: 40px;\" data-start=\"4537\" data-end=\"4540\" \/>\n<h2 style=\"padding-left: 40px;\" data-start=\"4542\" data-end=\"4578\">Pourquoi choisir ce mod\u00e8le de Tairui<\/h2>\n<p style=\"padding-left: 40px;\" data-start=\"4580\" data-end=\"4941\">Avec des capacit\u00e9s fortes dans la R&amp; D et fabrication, <strong data-start=\"4648\" data-end=\"4702\">Shandong Tairui Automobile et Electronics Co., Ltd.<\/strong> offre fiable et adaptable <strong data-start=\"4733\" data-end=\"4764\">solutions de mobilit\u00e9 \u00e9lectrique<\/strong>Nos options de configuration flexibles, nos services de personnalisation OEM et notre capacit\u00e9 de production stable aident les clients \u00e0 r\u00e9duire les risques d'entr\u00e9e sur le march\u00e9 et \u00e0 am\u00e9liorer l'efficacit\u00e9 globale du projet.<\/p>\n<hr style=\"padding-left: 40px;\" data-start=\"4943\" data-end=\"4946\" \/>\n<h2 style=\"padding-left: 40px;\" data-start=\"4948\" data-end=\"4971\">Appel \u00e0 l'action (CTA)<\/h2>\n<p style=\"padding-left: 40px;\" data-start=\"4973\" data-end=\"5264\">\u00c0 la recherche d'un flexible <strong data-start=\"4996\" data-end=\"5021\">V\u00e9hicule \u00e9lectrique ville<\/strong> avec plusieurs options de gamme ou une <strong data-start=\"5055\" data-end=\"5099\">solution \u00e9lectrique personnalis\u00e9e quatre roues<\/strong> pour votre march\u00e9 ?<br data-start=\"5116\" data-end=\"5119\" \/><strong data-start=\"5119\" data-end=\"5139\">Contactez-nous aujourd'hui<\/strong> pour recevoir des sp\u00e9cifications d\u00e9taill\u00e9es, des conseils sur la configuration de la batterie, des informations sur les prix et un support technique professionnel.<\/p>\n<hr style=\"padding-left: 40px;\" data-start=\"5266\" data-end=\"5269\" \/>\n<h2 style=\"padding-left: 40px;\" data-start=\"5271\" data-end=\"5277\">FAQ (questions fr\u00e9quentes)<\/h2>\n<p style=\"padding-left: 40px;\" data-start=\"5279\" data-end=\"5436\"><strong data-start=\"5279\" data-end=\"5343\">Q1: Quelles sont les options d'autonomie de conduite disponibles pour ce mod\u00e8le?<\/strong><br data-start=\"5343\" data-end=\"5346\" \/>Le v\u00e9hicule est disponible avec <strong data-start=\"5376\" data-end=\"5406\">130 km, 200 km et 300 km<\/strong> configurations de gamme de conduite.<\/p>\n<p style=\"padding-left: 40px;\" data-start=\"5438\" data-end=\"5593\"><strong data-start=\"5438\" data-end=\"5482\">Q2: Quels types de batteries sont offerts?<\/strong><br data-start=\"5482\" data-end=\"5485\" \/>Les deux <strong data-start=\"5490\" data-end=\"5509\">Lithium ternaire<\/strong> et <strong data-start=\"5514\" data-end=\"5529\">Batterie LFP<\/strong> options sont disponibles, en fonction de la configuration s\u00e9lectionn\u00e9e.<\/p>\n<p style=\"padding-left: 40px;\" data-start=\"5595\" data-end=\"5788\"><strong data-start=\"5595\" data-end=\"5653\">Q3: Ce v\u00e9hicule convient-il aux trajets quotidiens en ville?<\/strong><br data-start=\"5653\" data-end=\"5656\" \/>- Oui, oui. Il est sp\u00e9cialement con\u00e7u pour les d\u00e9placements urbains avec des dimensions compactes, une puissance efficace et des caract\u00e9ristiques de s\u00e9curit\u00e9 pratiques.<\/p>\n<p style=\"padding-left: 40px;\" data-start=\"5790\" data-end=\"5931\"><strong data-start=\"5790\" data-end=\"5848\">Q4: Combien de temps faut-il pour charger compl\u00e8tement le v\u00e9hicule?<\/strong><br data-start=\"5848\" data-end=\"5851\" \/>Temps de charge allant de <strong data-start=\"5877\" data-end=\"5895\">7 \u00e0 9,5 heures<\/strong>En fonction de la capacit\u00e9 de la batterie.<\/p>\n<p style=\"padding-left: 40px;\" data-start=\"5933\" data-end=\"6102\"><strong data-start=\"5933\" data-end=\"5992\">Q5: Ce mod\u00e8le peut-il \u00eatre personnalis\u00e9 pour diff\u00e9rents march\u00e9s?<\/strong><br data-start=\"5992\" data-end=\"5995\" \/>- Oui, oui. La personnalisation OEM est disponible, y compris les ajustements de configuration, la marque et les options fonctionnelles.<\/p>","protected":false},"excerpt":{"rendered":"<p>Ce v\u00e9hicule \u00e9lectrique urbain compact est con\u00e7u pour les d\u00e9placements urbains flexibles et les transports \u00e0 courte distance. Disponible avec plusieurs options de batterie, il combine des performances \u00e9lectriques efficaces, des co\u00fbts d'exploitation faibles et des caract\u00e9ristiques de s\u00e9curit\u00e9 pratiques, ce qui en fait une solution id\u00e9ale pour la mobilit\u00e9 urbaine et les march\u00e9s de v\u00e9hicules \u00e9lectriques d'entr\u00e9e de gamme.<\/p>","protected":false},"featured_media":2055,"comment_status":"open","ping_status":"closed","template":"","meta":[],"product_brand":[],"product_cat":[77],"product_tag":[],"class_list":{"0":"post-2052","1":"product","2":"type-product","3":"status-publish","4":"has-post-thumbnail","6":"product_cat-electric-micro-vehicle","8":"first","9":"instock","10":"shipping-taxable","11":"product-type-simple"},"_links":{"self":[{"href":"https:\/\/www.tairuiauto.com\/fr\/wp-json\/wp\/v2\/product\/2052","targetHints":{"allow":["GET"]}}],"collection":[{"href":"https:\/\/www.tairuiauto.com\/fr\/wp-json\/wp\/v2\/product"}],"about":[{"href":"https:\/\/www.tairuiauto.com\/fr\/wp-json\/wp\/v2\/types\/product"}],"replies":[{"embeddable":true,"href":"https:\/\/www.tairuiauto.com\/fr\/wp-json\/wp\/v2\/comments?post=2052"}],"wp:featuredmedia":[{"embeddable":true,"href":"https:\/\/www.tairuiauto.com\/fr\/wp-json\/wp\/v2\/media\/2055"}],"wp:attachment":[{"href":"https:\/\/www.tairuiauto.com\/fr\/wp-json\/wp\/v2\/media?parent=2052"}],"wp:term":[{"taxonomy":"product_brand","embeddable":true,"href":"https:\/\/www.tairuiauto.com\/fr\/wp-json\/wp\/v2\/product_brand?post=2052"},{"taxonomy":"product_cat","embeddable":true,"href":"https:\/\/www.tairuiauto.com\/fr\/wp-json\/wp\/v2\/product_cat?post=2052"},{"taxonomy":"product_tag","embeddable":true,"href":"https:\/\/www.tairuiauto.com\/fr\/wp-json\/wp\/v2\/product_tag?post=2052"}],"curies":[{"name":"WP","href":"https:\/\/api.w.org\/{rel}","templated":true}]}}