{"id":2712,"date":"2026-01-13T10:08:49","date_gmt":"2026-01-13T02:08:49","guid":{"rendered":"https:\/\/www.tairuiauto.com\/?post_type=product&#038;p=2712"},"modified":"2026-01-27T10:35:04","modified_gmt":"2026-01-27T02:35:04","slug":"v300-electric-passenger-quadricycle","status":"publish","type":"product","link":"https:\/\/www.tairuiauto.com\/fr\/product\/v300-electric-passenger-quadricycle\/","title":{"rendered":"V\u00e9hicule \u00e9lectrique compact Mobilit\u00e9 urbaine"},"content":{"rendered":"<h3 style=\"padding-left: 40px;\">Introduction du produit<\/h3>\n<p style=\"padding-left: 40px;\">Le <strong data-start=\"492\" data-end=\"535\">V\u00e9hicule \u00e9lectrique compact Mobilit\u00e9 urbaine<\/strong> est con\u00e7u pour une utilisation efficace en ville, combinant une empreinte compacte avec des si\u00e8ges confortables et des fonctions de conduite \u00e9lectrique essentielles. Il est id\u00e9al pour les quartiers urbains, les voyages \u00e0 courte distance et les besoins de mobilit\u00e9 communautaire.<\/p>\n<table class=\"table\" style=\"width: 72.0544%; margin-left: 40px;\" border=\"1\" cellspacing=\"1\" cellpadding=\"1\">\n<tbody style=\"padding-left: 40px;\">\n<tr style=\"padding-left: 40px;\">\n<td style=\"width: 34.2932%; padding-left: 40px;\">Mod\u00e8le<\/td>\n<td style=\"width: 69.6719%; padding-left: 40px;\">V\u00e9hicule \u00e9lectrique compact Mobilit\u00e9 urbaine<\/td>\n<\/tr>\n<tr style=\"padding-left: 40px;\">\n<td style=\"width: 34.2932%; padding-left: 40px;\">Dimensions (mm)<\/td>\n<td style=\"width: 69.6719%; padding-left: 40px;\">3100*1510*1550<\/td>\n<\/tr>\n<tr style=\"padding-left: 40px;\">\n<td style=\"width: 34.2932%; padding-left: 40px;\">Type de corps<\/td>\n<td style=\"width: 69.6719%; padding-left: 40px;\">corps semi-int\u00e9gral<\/td>\n<\/tr>\n<tr style=\"padding-left: 40px;\">\n<td style=\"width: 34.2932%; padding-left: 40px;\">Structure du corps<\/td>\n<td style=\"width: 69.6719%; padding-left: 40px;\">4 portes et 4 si\u00e8ges<\/td>\n<\/tr>\n<tr style=\"padding-left: 40px;\">\n<td style=\"width: 34.2932%; padding-left: 40px;\">moteur<\/td>\n<td style=\"width: 69.6719%; padding-left: 40px;\">60V3000W AC<\/td>\n<\/tr>\n<tr style=\"padding-left: 40px;\">\n<td style=\"width: 34.2932%; padding-left: 40px;\">contr\u00f4leur<\/td>\n<td style=\"width: 69.6719%; padding-left: 40px;\">60V24tubes<\/td>\n<\/tr>\n<tr style=\"padding-left: 40px;\">\n<td style=\"width: 34.2932%; padding-left: 40px;\">Batterie (kwh)<\/td>\n<td style=\"width: 69.6719%; padding-left: 40px;\">60V100AH<\/td>\n<\/tr>\n<tr style=\"padding-left: 40px;\">\n<td style=\"width: 34.2932%; padding-left: 40px;\">Temps de charge (H)<\/td>\n<td style=\"width: 69.6719%; padding-left: 40px;\">6-8h<\/td>\n<\/tr>\n<tr style=\"padding-left: 40px;\">\n<td style=\"width: 34.2932%; padding-left: 40px;\">Distance par charge\/km<\/td>\n<td style=\"width: 69.6719%; padding-left: 40px;\">\u2265 80<\/td>\n<\/tr>\n<tr style=\"padding-left: 40px;\">\n<td style=\"width: 34.2932%; padding-left: 40px;\">Suspension avant<\/td>\n<td style=\"width: 69.6719%; padding-left: 40px;\">Suspension de pont int\u00e9gr\u00e9e<\/td>\n<\/tr>\n<tr style=\"padding-left: 40px;\">\n<td style=\"width: 34.2932%; padding-left: 40px;\">Suspension arri\u00e8re<\/td>\n<td style=\"width: 69.6719%; padding-left: 40px;\">Suspension \u00e0 bras de tra\u00eenement<\/td>\n<\/tr>\n<tr style=\"padding-left: 40px;\">\n<td style=\"width: 34.2932%; padding-left: 40px;\">Pneumatique avant\/arri\u00e8re<\/td>\n<td style=\"width: 69.6719%; padding-left: 40px;\">145\/70R12<\/td>\n<\/tr>\n<tr style=\"padding-left: 40px;\">\n<td style=\"width: 34.2932%; padding-left: 40px;\">bordure<\/td>\n<td style=\"width: 69.6719%; padding-left: 40px;\">Hub d'alliage d'aluminium<\/td>\n<\/tr>\n<tr style=\"padding-left: 40px;\">\n<td style=\"width: 34.2932%; padding-left: 40px;\">Syst\u00e8me de frein<\/td>\n<td style=\"width: 69.6719%; padding-left: 40px;\">avant\/arri\u00e8re.disc<\/td>\n<\/tr>\n<tr style=\"padding-left: 40px;\">\n<td style=\"width: 34.2932%; padding-left: 40px;\">Degr\u00e9 de clhmbing (%)<\/td>\n<td style=\"width: 69.6719%; padding-left: 40px;\">\u2265 25<\/td>\n<\/tr>\n<tr style=\"padding-left: 40px;\">\n<td style=\"width: 34.2932%; padding-left: 40px;\">Vitesse maximale (km\/h)<\/td>\n<td style=\"width: 69.6719%; padding-left: 40px;\">45 km\/h<\/td>\n<\/tr>\n<tr style=\"padding-left: 40px;\">\n<td style=\"width: 34.2932%; padding-left: 40px;\">Mode de direction<\/td>\n<td style=\"width: 69.6719%; padding-left: 40px;\">Direction<\/td>\n<\/tr>\n<tr style=\"padding-left: 40px;\">\n<td style=\"width: 34.2932%; padding-left: 40px;\">Capacit\u00e9 du conteneur<\/td>\n<td style=\"width: 69.6719%; padding-left: 40px;\">5PCS SKD\/40&#8217; Si\u00e8ge<\/td>\n<\/tr>\n<tr style=\"padding-left: 40px;\">\n<td style=\"width: 34.2932%; padding-left: 40px;\">certificat<\/td>\n<td style=\"width: 69.6719%; padding-left: 40px;\">CCC<\/td>\n<\/tr>\n<tr style=\"padding-left: 40px;\">\n<td style=\"width: 34.2932%; padding-left: 40px;\">Dispositif de fonction<\/td>\n<td style=\"width: 69.6719%; padding-left: 40px;\">Lumi\u00e8res LED \u00e0 un bouton de d\u00e9marrage<\/td>\n<\/tr>\n<tr style=\"padding-left: 40px;\">\n<td style=\"width: 34.2932%; padding-left: 40px;\"><\/td>\n<td style=\"width: 69.6719%; padding-left: 40px;\">Cam\u00e9ra inverse\/chauffage\/fen\u00eatre \u00e9lectrique<\/td>\n<\/tr>\n<tr style=\"padding-left: 40px;\">\n<td style=\"width: 34.2932%; padding-left: 40px;\">Sc\u00e9narios d'application<\/td>\n<td style=\"width: 69.6719%; padding-left: 40px;\">Voyage l\u00e9ger en famille, transport pour personnes \u00e2g\u00e9es, navette en famille, e-commerce rural, ramassage et d\u00e9p\u00f4t m\u00e9dicaux<\/td>\n<\/tr>\n<\/tbody>\n<\/table>\n<div class=\"kche-wrap-width\" style=\"padding-left: 40px;\">\n<div class=\"kche-t154\" style=\"padding-left: 40px;\">\n<div class=\"kche-t154-contant\" style=\"padding-left: 40px;\">\n<div class=\"kche-t154-list\" style=\"padding-left: 40px;\">\n<div class=\"kche-t154-item\" style=\"padding-left: 40px;\">\n<div class=\"kche-t154-img\" style=\"padding-left: 40px;\"><\/div>\n<\/div>\n<\/div>\n<\/div>\n<\/div>\n<\/div>\n<h2 style=\"padding-left: 40px;\" data-start=\"770\" data-end=\"792\">Description du produit<\/h2>\n<h3 style=\"padding-left: 40px;\" data-start=\"794\" data-end=\"816\">Cat\u00e9gorie de produit<\/h3>\n<p style=\"padding-left: 40px;\" data-start=\"817\" data-end=\"901\">Voiture \u00e9lectrique compacte \/ v\u00e9hicule \u00e9lectrique urbain \/ v\u00e9hicule de passagers \u00e9lectrique \u00e0 basse vitesse<\/p>\n<h3 style=\"padding-left: 40px;\" data-start=\"903\" data-end=\"928\">Description du produit<\/h3>\n<p style=\"padding-left: 40px;\" data-start=\"930\" data-end=\"1253\">Le <strong data-start=\"934\" data-end=\"977\">V\u00e9hicule \u00e9lectrique compact Mobilit\u00e9 urbaine<\/strong> est con\u00e7u pour r\u00e9pondre \u00e0 la demande croissante de transport urbain \u00e9conomique et respectueux de l'environnement. Avec des dimensions globales de <strong data-start=\"1098\" data-end=\"1123\">3100 \u00d7 1510 \u00d7 1550 mm<\/strong>Le v\u00e9hicule offre une excellente man\u0153uvrabilit\u00e9 dans les rues \u00e9troites et les zones r\u00e9sidentielles bond\u00e9es tout en maintenant le confort int\u00e9rieur.<\/p>\n<p style=\"padding-left: 40px;\" data-start=\"1255\" data-end=\"1567\">Le v\u00e9hicule adopte une <strong data-start=\"1276\" data-end=\"1308\">structure du corps semi-int\u00e9gral<\/strong> avec <strong data-start=\"1314\" data-end=\"1343\">Quatre portes et quatre si\u00e8ges<\/strong>offrant un acc\u00e8s pratique aux passagers et une utilisation quotidienne am\u00e9lior\u00e9e. L'\u00e9lectricit\u00e9 est fournie par un <strong data-start=\"1441\" data-end=\"1463\">Moteur AC 60V 3000W<\/strong>, jumel\u00e9 avec un <strong data-start=\"1479\" data-end=\"1511\">Contr\u00f4leur 60V avec 24 tubes<\/strong>garantissant une sortie stable et des performances de conduite en douceur.<\/p>\n<p style=\"padding-left: 40px;\" data-start=\"1255\" data-end=\"1567\"><img fetchpriority=\"high\" decoding=\"async\" class=\"alignnone size-medium wp-image-2726\" src=\"https:\/\/www.tairuiauto.com\/wp-content\/uploads\/2025\/06\/6-300x200.jpg\" alt=\"\" width=\"300\" height=\"200\" srcset=\"\" sizes=\"(max-width: 300px) 100vw, 300px\" data-srcset=\"\" \/>\u00a0 \u00a0 \u00a0 \u00a0 \u00a0 \u00a0 \u00a0 \u00a0\u00a0 \u00a0\u00a0<img decoding=\"async\" class=\"alignnone size-medium wp-image-2719\" src=\"https:\/\/www.tairuiauto.com\/wp-content\/uploads\/2025\/06\/MG_9785-300x200.jpg\" alt=\"\" width=\"300\" height=\"200\" srcset=\"\" sizes=\"(max-width: 300px) 100vw, 300px\" data-srcset=\"\" \/><\/p>\n<p style=\"padding-left: 40px;\" data-start=\"1569\" data-end=\"1850\">Le stockage d'\u00e9nergie est assur\u00e9 par un <strong data-start=\"1601\" data-end=\"1629\">Syst\u00e8me de batterie 60V 100Ah<\/strong>soutenir a <strong data-start=\"1644\" data-end=\"1690\">rayon de conduite d'au moins 80 km par charge<\/strong>ce qui est suffisant pour les d\u00e9placements quotidiens, les voyages en famille et les op\u00e9rations de services locaux. Le <strong data-start=\"1782\" data-end=\"1812\">Temps de charge de 6 \u00e0 8 heures<\/strong> permet une charge pratique pendant la nuit.<\/p>\n<p style=\"padding-left: 40px;\" data-start=\"1852\" data-end=\"2153\">Pour la stabilit\u00e9 et la durabilit\u00e9, le v\u00e9hicule dispose d\u2019un <strong data-start=\"1911\" data-end=\"1949\">suspension avant pont int\u00e9gr\u00e9e<\/strong> et <strong data-start=\"1954\" data-end=\"1982\">suspension arri\u00e8re \u00e0 bras tra\u00eeneur<\/strong>offrant des performances fiables sur les routes urbaines et les surfaces rurales l\u00e9g\u00e8res. Le syst\u00e8me de freinage adopte <strong data-start=\"2083\" data-end=\"2113\">freins \u00e0 disque avant et arri\u00e8re<\/strong>Am\u00e9liorer la s\u00e9curit\u00e9 et la r\u00e9ponse au freinage.<\/p>\n<p style=\"padding-left: 40px;\" data-start=\"2155\" data-end=\"2416\">Le v\u00e9hicule est \u00e9quip\u00e9 de <strong data-start=\"2184\" data-end=\"2203\">Pneumatiques 145\/70R12<\/strong> et <strong data-start=\"2208\" data-end=\"2231\">moyeux en alliage d'aluminium<\/strong>Am\u00e9liorer la durabilit\u00e9 et la stabilit\u00e9 de conduite. Avec un <strong data-start=\"2284\" data-end=\"2320\">capacit\u00e9 d'escalade maximale de \u226525%<\/strong> et un <strong data-start=\"2327\" data-end=\"2351\">vitesse maximale de 45 km\/h<\/strong>Il peut facilement g\u00e9rer les rampes, les pentes et les conditions routi\u00e8res vari\u00e9es.<\/p>\n<p style=\"padding-left: 40px;\" data-start=\"2418\" data-end=\"2610\">Les fonctionnalit\u00e9s orient\u00e9es utilisateur incluent <strong data-start=\"2449\" data-end=\"2469\">d\u00e9marrage \u00e0 un bouton<\/strong>, <strong data-start=\"2471\" data-end=\"2494\">Syst\u00e8me d'\u00e9clairage LED<\/strong>, <strong data-start=\"2496\" data-end=\"2514\">cam\u00e9ra arri\u00e8re<\/strong>, <strong data-start=\"2516\" data-end=\"2526\">chauffage<\/strong>et <strong data-start=\"2532\" data-end=\"2552\">fen\u00eatres \u00e9lectriques<\/strong>am\u00e9liorant le confort et la commodit\u00e9 de conduite pour une utilisation quotidienne.<\/p>\n<hr style=\"padding-left: 40px;\" data-start=\"2612\" data-end=\"2615\" \/>\n<h2 style=\"padding-left: 40px;\" data-start=\"2617\" data-end=\"2645\">Caract\u00e9ristiques cl\u00e9s &amp; Avantages<\/h2>\n<h3 style=\"padding-left: 40px;\" data-start=\"2647\" data-end=\"2661\">Caract\u00e9ristiques<\/h3>\n<ul>\n<li style=\"list-style-type: none;\">\n<ul data-start=\"2662\" data-end=\"2856\">\n<li data-start=\"2662\" data-end=\"2704\">\n<p data-start=\"2664\" data-end=\"2704\">Conception de carrosserie \u00e9lectrique compacte \u00e0 quatre portes<\/p>\n<\/li>\n<li data-start=\"2705\" data-end=\"2748\">\n<p data-start=\"2707\" data-end=\"2748\">Moteur AC 60V et contr\u00f4leur intelligent<\/p>\n<\/li>\n<li data-start=\"2749\" data-end=\"2787\">\n<p data-start=\"2751\" data-end=\"2787\">Syst\u00e8me de freinage \u00e0 disques avant et arri\u00e8re<\/p>\n<\/li>\n<li data-start=\"2788\" data-end=\"2813\">\n<p data-start=\"2790\" data-end=\"2813\">Roues en alliage d'aluminium<\/p>\n<\/li>\n<li data-start=\"2814\" data-end=\"2856\">\n<p data-start=\"2816\" data-end=\"2856\">Fonctions pratiques de confort et de s\u00e9curit\u00e9<\/p>\n<\/li>\n<\/ul>\n<\/li>\n<\/ul>\n<h3 style=\"padding-left: 40px;\" data-start=\"2858\" data-end=\"2874\">Avantages<\/h3>\n<ul>\n<li style=\"list-style-type: none;\">\n<ul data-start=\"2875\" data-end=\"3067\">\n<li data-start=\"2875\" data-end=\"2921\">\n<p data-start=\"2877\" data-end=\"2921\">Utilisation facile pour une utilisation urbaine et communautaire<\/p>\n<\/li>\n<li data-start=\"2922\" data-end=\"2969\">\n<p data-start=\"2924\" data-end=\"2969\">Faible consommation d'\u00e9nergie et co\u00fbts d'entretien<\/p>\n<\/li>\n<li data-start=\"2970\" data-end=\"3020\">\n<p data-start=\"2972\" data-end=\"3020\">Taille compacte avec capacit\u00e9 pratique pour les passagers<\/p>\n<\/li>\n<li data-start=\"3021\" data-end=\"3067\">\n<p data-start=\"3023\" data-end=\"3067\">Performance stable sur les routes urbaines et rurales<\/p>\n<\/li>\n<\/ul>\n<\/li>\n<\/ul>\n<h3 style=\"padding-left: 40px;\" data-start=\"3069\" data-end=\"3089\">Avantages pour l'acheteur<\/h3>\n<ul>\n<li style=\"list-style-type: none;\">\n<ul data-start=\"3090\" data-end=\"3264\">\n<li data-start=\"3090\" data-end=\"3128\">\n<p data-start=\"3092\" data-end=\"3128\">R\u00e9duction des frais de transport quotidiens<\/p>\n<\/li>\n<li data-start=\"3129\" data-end=\"3164\">\n<p data-start=\"3131\" data-end=\"3164\">Chargement et entretien simples<\/p>\n<\/li>\n<li data-start=\"3165\" data-end=\"3211\">\n<p data-start=\"3167\" data-end=\"3211\">Voyages courtes distances confortables et s\u00fbrs<\/p>\n<\/li>\n<li data-start=\"3212\" data-end=\"3264\">\n<p data-start=\"3214\" data-end=\"3264\">Convient aux besoins de mobilit\u00e9 familiale et communautaire<\/p>\n<\/li>\n<\/ul>\n<\/li>\n<\/ul>\n<h3 style=\"padding-left: 40px;\" data-start=\"3266\" data-end=\"3280\">La preuve<\/h3>\n<ul>\n<li style=\"list-style-type: none;\">\n<ul data-start=\"3281\" data-end=\"3421\">\n<li data-start=\"3281\" data-end=\"3329\">\n<p data-start=\"3283\" data-end=\"3329\">Configuration \u00e9prouv\u00e9e du moteur et du contr\u00f4leur AC<\/p>\n<\/li>\n<li data-start=\"3330\" data-end=\"3372\">\n<p data-start=\"3332\" data-end=\"3372\">Syst\u00e8me de suspension et de freinage fiable<\/p>\n<\/li>\n<li data-start=\"3373\" data-end=\"3421\">\n<p data-start=\"3375\" data-end=\"3421\">\u00c9quipement fonctionnel pratique pour une utilisation quotidienne<\/p>\n<\/li>\n<\/ul>\n<\/li>\n<\/ul>\n<hr style=\"padding-left: 40px;\" data-start=\"3423\" data-end=\"3426\" \/>\n<h2 style=\"padding-left: 40px;\" data-start=\"3428\" data-end=\"3452\">Sc\u00e9narios d'application<\/h2>\n<ul>\n<li style=\"list-style-type: none;\">\n<ul data-start=\"3454\" data-end=\"3670\">\n<li data-start=\"3454\" data-end=\"3488\">\n<p data-start=\"3456\" data-end=\"3488\">Travail urbain \u00e0 courte distance<\/p>\n<\/li>\n<li data-start=\"3489\" data-end=\"3520\">\n<p data-start=\"3491\" data-end=\"3520\">Transport quotidien en famille<\/p>\n<\/li>\n<li data-start=\"3521\" data-end=\"3571\">\n<p data-start=\"3523\" data-end=\"3571\">Mobilit\u00e9 pour personnes \u00e2g\u00e9es et service de navette communautaire<\/p>\n<\/li>\n<li data-start=\"3572\" data-end=\"3609\">\n<p data-start=\"3574\" data-end=\"3609\">Homestay et transfert d'h\u00f4tel<\/p>\n<\/li>\n<li data-start=\"3610\" data-end=\"3670\">\n<p data-start=\"3612\" data-end=\"3670\">Commerce \u00e9lectronique rural et prise en charge m\u00e9dicale services de d\u00e9p\u00f4t<\/p>\n<\/li>\n<\/ul>\n<\/li>\n<\/ul>\n<hr style=\"padding-left: 40px;\" data-start=\"3672\" data-end=\"3675\" \/>\n<h2 style=\"padding-left: 40px;\" data-start=\"3677\" data-end=\"3720\">Pourquoi choisir ce v\u00e9hicule \u00e9lectrique compact<\/h2>\n<p style=\"padding-left: 40px;\" data-start=\"3722\" data-end=\"4006\">Le <strong data-start=\"3726\" data-end=\"3769\">V\u00e9hicule \u00e9lectrique compact Mobilit\u00e9 urbaine<\/strong> offre un \u00e9quilibre id\u00e9al entre taille, efficacit\u00e9 et praticit\u00e9. Sa conception compacte, son syst\u00e8me \u00e9lectrique fiable et ses fonctionnalit\u00e9s conviviales en font un choix \u00e9conomique pour les voyages urbains, l'utilisation familiale et les projets de transport communautaire.<\/p>\n<hr style=\"padding-left: 40px;\" data-start=\"4008\" data-end=\"4011\" \/>\n<h2 style=\"padding-left: 40px;\" data-start=\"4013\" data-end=\"4041\">Emballage &amp; Certification<\/h2>\n<ul>\n<li style=\"list-style-type: none;\">\n<ul data-start=\"4043\" data-end=\"4127\">\n<li data-start=\"4043\" data-end=\"4100\">\n<p data-start=\"4045\" data-end=\"4100\"><strong data-start=\"4045\" data-end=\"4076\">Capacit\u00e9 de chargement du conteneur:<\/strong> 5 unit\u00e9s (SKD) \/ 40\u2019HQ<\/p>\n<\/li>\n<li data-start=\"4101\" data-end=\"4127\">\n<p data-start=\"4103\" data-end=\"4127\"><strong data-start=\"4103\" data-end=\"4121\">Certification :<\/strong> CCC<\/p>\n<\/li>\n<\/ul>\n<\/li>\n<\/ul>\n<hr style=\"padding-left: 40px;\" data-start=\"4129\" data-end=\"4132\" \/>\n<h2 style=\"padding-left: 40px;\" data-start=\"4134\" data-end=\"4140\">FAQ (questions fr\u00e9quentes)<\/h2>\n<p style=\"padding-left: 40px;\" data-start=\"4142\" data-end=\"4286\"><strong data-start=\"4142\" data-end=\"4192\">Q1: Quelle est la port\u00e9e de ce v\u00e9hicule?<\/strong><br data-start=\"4192\" data-end=\"4195\" \/>Le v\u00e9hicule offre une gamme de <strong data-start=\"4225\" data-end=\"4246\">\u226580 km par charge<\/strong>selon les conditions routi\u00e8res et la charge.<\/p>\n<p style=\"padding-left: 40px;\" data-start=\"4288\" data-end=\"4410\"><strong data-start=\"4288\" data-end=\"4328\">Q2: Combien de temps faut-il pour charger?<\/strong><br data-start=\"4328\" data-end=\"4331\" \/>Le temps de charge est approximativement <strong data-start=\"4362\" data-end=\"4375\">6 \u00e0 8 heures<\/strong> en utilisant des \u00e9quipements de charge standard.<\/p>\n<p style=\"padding-left: 40px;\" data-start=\"4412\" data-end=\"4566\"><strong data-start=\"4412\" data-end=\"4462\">Q3: Le v\u00e9hicule convient-il aux utilisateurs \u00e2g\u00e9s?<\/strong><br data-start=\"4462\" data-end=\"4465\" \/>- Oui, oui. Sa faible vitesse, son fonctionnement facile et ses caract\u00e9ristiques de confort le rendent adapt\u00e9 au transport des personnes \u00e2g\u00e9es.<\/p>\n<p style=\"padding-left: 40px;\" data-start=\"4568\" data-end=\"4682\"><strong data-start=\"4568\" data-end=\"4608\">Q4: Quel syst\u00e8me de freinage utilise-t-il?<\/strong><br data-start=\"4608\" data-end=\"4611\" \/>Il est \u00e9quip\u00e9 de <strong data-start=\"4631\" data-end=\"4661\">freins \u00e0 disque avant et arri\u00e8re<\/strong> pour une meilleure s\u00e9curit\u00e9.<\/p>\n<p style=\"padding-left: 40px;\" data-start=\"4684\" data-end=\"4856\"><strong data-start=\"4684\" data-end=\"4752\">Q5: Ce mod\u00e8le peut-il \u00eatre utilis\u00e9 pour des services commerciaux ou communautaires?<\/strong><br data-start=\"4752\" data-end=\"4755\" \/>- Oui, oui. Il convient aux navettes communautaires, aux services ruraux et aux op\u00e9rations commerciales \u00e0 courte distance.<\/p>\n<p style=\"padding-left: 40px;\">","protected":false},"excerpt":{"rendered":"<p>La Compact Electric Vehicle Urban Mobility est une voiture \u00e9lectrique \u00e0 quatre portes con\u00e7ue pour les voyages urbains \u00e0 courte distance. Avec une carrosserie compacte, un syst\u00e8me de moteur AC efficace et des fonctionnalit\u00e9s conviviales, il offre une solution fiable et \u00e9conomique pour les d\u00e9placements urbains quotidiens et les transports communautaires.<\/p>","protected":false},"featured_media":5332,"comment_status":"open","ping_status":"closed","template":"","meta":[],"product_brand":[],"product_cat":[77],"product_tag":[],"class_list":{"0":"post-2712","1":"product","2":"type-product","3":"status-publish","4":"has-post-thumbnail","6":"product_cat-electric-micro-vehicle","8":"first","9":"instock","10":"shipping-taxable","11":"purchasable","12":"product-type-simple"},"_links":{"self":[{"href":"https:\/\/www.tairuiauto.com\/fr\/wp-json\/wp\/v2\/product\/2712","targetHints":{"allow":["GET"]}}],"collection":[{"href":"https:\/\/www.tairuiauto.com\/fr\/wp-json\/wp\/v2\/product"}],"about":[{"href":"https:\/\/www.tairuiauto.com\/fr\/wp-json\/wp\/v2\/types\/product"}],"replies":[{"embeddable":true,"href":"https:\/\/www.tairuiauto.com\/fr\/wp-json\/wp\/v2\/comments?post=2712"}],"wp:featuredmedia":[{"embeddable":true,"href":"https:\/\/www.tairuiauto.com\/fr\/wp-json\/wp\/v2\/media\/5332"}],"wp:attachment":[{"href":"https:\/\/www.tairuiauto.com\/fr\/wp-json\/wp\/v2\/media?parent=2712"}],"wp:term":[{"taxonomy":"product_brand","embeddable":true,"href":"https:\/\/www.tairuiauto.com\/fr\/wp-json\/wp\/v2\/product_brand?post=2712"},{"taxonomy":"product_cat","embeddable":true,"href":"https:\/\/www.tairuiauto.com\/fr\/wp-json\/wp\/v2\/product_cat?post=2712"},{"taxonomy":"product_tag","embeddable":true,"href":"https:\/\/www.tairuiauto.com\/fr\/wp-json\/wp\/v2\/product_tag?post=2712"}],"curies":[{"name":"WP","href":"https:\/\/api.w.org\/{rel}","templated":true}]}}