{"id":2738,"date":"2026-01-14T10:31:12","date_gmt":"2026-01-14T02:31:12","guid":{"rendered":"https:\/\/www.tairuiauto.com\/?post_type=product&#038;p=2738"},"modified":"2026-03-09T14:35:27","modified_gmt":"2026-03-09T06:35:27","slug":"a8h-electric-commercial-quadricycle","status":"publish","type":"product","link":"https:\/\/www.tairuiauto.com\/fr\/product\/a8h-electric-commercial-quadricycle\/","title":{"rendered":"V\u00e9hicule r\u00e9frig\u00e9r\u00e9 \u00e9lectrique pour le transport urbain"},"content":{"rendered":"<div class=\"kche-wrap-width\">\n<div class=\"kche-t154\">\n<div class=\"kche-t154-contant\">\n<div class=\"kche-t154-list\">\n<div class=\"kche-t154-item\">\n<div class=\"kche-t154-img\">\n<h2 data-start=\"484\" data-end=\"503\">Aper\u00e7u du produit<\/h2>\n<\/div>\n<\/div>\n<\/div>\n<\/div>\n<\/div>\n<\/div>\n<div class=\"kche-wrap-width\">\n<div class=\"kche-t154\">\n<div class=\"kche-t154-contant\">\n<div class=\"kche-t154-list\">\n<div class=\"kche-t154-item\">\n<div class=\"kche-t154-img\">\n<p data-start=\"505\" data-end=\"823\">Le <strong data-start=\"509\" data-end=\"554\">V\u00e9hicule \u00e9lectrique pour le transport urbain<\/strong> est un v\u00e9hicule \u00e9lectrique monosi\u00e8ge compact d\u00e9velopp\u00e9 pour la mobilit\u00e9 urbaine et les applications orient\u00e9es vers les services publics. Il combine une structure de carrosserie semi-int\u00e9grale durable avec une capacit\u00e9 de charge utile \u00e9lev\u00e9e, ce qui le rend adapt\u00e9 \u00e0 la fois pour le transport personnel et commercial \u00e0 courte distance.<\/p>\n<table class=\"table\" style=\"width: 81.3481%; height: 576px;\" border=\"1\" cellspacing=\"1\" cellpadding=\"1\">\n<tbody>\n<tr style=\"height: 24px;\">\n<td style=\"width: 28.7436%; height: 24px;\">Mod\u00e8le<\/td>\n<td style=\"width: 56.6062%; height: 24px;\">V\u00e9hicule \u00e9lectrique pour le transport urbain<\/td>\n<\/tr>\n<tr style=\"height: 24px;\">\n<td style=\"width: 28.7436%; height: 24px;\">Dimensions (mm)<\/td>\n<td style=\"width: 56.6062%; height: 24px;\">3559*1227*1669<\/td>\n<\/tr>\n<tr style=\"height: 24px;\">\n<td style=\"width: 28.7436%; height: 24px;\">Type de corps<\/td>\n<td style=\"width: 56.6062%; height: 24px;\">corps semi-int\u00e9gral<\/td>\n<\/tr>\n<tr style=\"height: 24px;\">\n<td style=\"width: 28.7436%; height: 24px;\">Structure du corps<\/td>\n<td style=\"width: 56.6062%; height: 24px;\">2 portes et 1 si\u00e8ge<\/td>\n<\/tr>\n<tr style=\"height: 24px;\">\n<td style=\"width: 28.7436%; height: 24px;\">moteur<\/td>\n<td style=\"width: 56.6062%; height: 24px;\">72V5000W<\/td>\n<\/tr>\n<tr style=\"height: 24px;\">\n<td style=\"width: 28.7436%; height: 24px;\">contr\u00f4leur<\/td>\n<td style=\"width: 56.6062%; height: 24px;\">72V32tubes<\/td>\n<\/tr>\n<tr style=\"height: 24px;\">\n<td style=\"width: 28.7436%; height: 24px;\">Batterie (kwh)<\/td>\n<td style=\"width: 56.6062%; height: 24px;\">72V120AH<\/td>\n<\/tr>\n<tr style=\"height: 24px;\">\n<td style=\"width: 28.7436%; height: 24px;\">Temps de charge (H)<\/td>\n<td style=\"width: 56.6062%; height: 24px;\">6-8h<\/td>\n<\/tr>\n<tr style=\"height: 24px;\">\n<td style=\"width: 28.7436%; height: 24px;\">Distance par charge\/km<\/td>\n<td style=\"width: 56.6062%; height: 24px;\">\u2265 90<\/td>\n<\/tr>\n<tr style=\"height: 24px;\">\n<td style=\"width: 28.7436%; height: 24px;\">Capacit\u00e9 de chargement\/kg<\/td>\n<td style=\"width: 56.6062%; height: 24px;\">1183kg<\/td>\n<\/tr>\n<tr style=\"height: 24px;\">\n<td style=\"width: 28.7436%; height: 24px;\">Suspension avant<\/td>\n<td style=\"width: 56.6062%; height: 24px;\">Suspension de McPherson<\/td>\n<\/tr>\n<tr style=\"height: 24px;\">\n<td style=\"width: 28.7436%; height: 24px;\">Suspension arri\u00e8re<\/td>\n<td style=\"width: 56.6062%; height: 24px;\">Essieu arri\u00e8re int\u00e9gr\u00e9<\/td>\n<\/tr>\n<tr style=\"height: 24px;\">\n<td style=\"width: 28.7436%; height: 24px;\">Pneumatique avant\/arri\u00e8re<\/td>\n<td style=\"width: 56.6062%; height: 24px;\">135\/70R12<\/td>\n<\/tr>\n<tr style=\"height: 24px;\">\n<td style=\"width: 28.7436%; height: 24px;\">bordure<\/td>\n<td style=\"width: 56.6062%; height: 24px;\">Hub de fer<\/td>\n<\/tr>\n<tr style=\"height: 24px;\">\n<td style=\"width: 28.7436%; height: 24px;\">Syst\u00e8me de frein<\/td>\n<td style=\"width: 56.6062%; height: 24px;\">firont\/arri\u00e8re-disque<\/td>\n<\/tr>\n<tr style=\"height: 24px;\">\n<td style=\"width: 28.7436%; height: 24px;\">Degr\u00e9 de clhmbing (%)<\/td>\n<td style=\"width: 56.6062%; height: 24px;\">\u2265 25<\/td>\n<\/tr>\n<tr style=\"height: 24px;\">\n<td style=\"width: 28.7436%; height: 24px;\">Vitesse maximale (km\/h)<\/td>\n<td style=\"width: 56.6062%; height: 24px;\">52 km\/h<\/td>\n<\/tr>\n<tr style=\"height: 24px;\">\n<td style=\"width: 28.7436%; height: 24px;\">Mode de direction<\/td>\n<td style=\"width: 56.6062%; height: 24px;\">Direction<\/td>\n<\/tr>\n<tr style=\"height: 24px;\">\n<td style=\"width: 28.7436%; height: 24px;\">certificat<\/td>\n<td style=\"width: 56.6062%; height: 24px;\">CEE\/COC\/L7e-CU<\/td>\n<\/tr>\n<tr style=\"height: 24px;\">\n<td style=\"width: 28.7436%; height: 24px;\">Capacit\u00e9 du conteneur<\/td>\n<td style=\"width: 56.6062%; height: 24px;\">4PCS SKD \/ 40HQ<\/td>\n<\/tr>\n<tr style=\"height: 24px;\">\n<td style=\"width: 28.7436%; height: 24px;\">Dispositif de fonction<\/td>\n<td style=\"width: 56.6062%; height: 24px;\">Lumi\u00e8res LED \u00e0 un bouton de d\u00e9marrage<\/td>\n<\/tr>\n<tr style=\"height: 24px;\">\n<td style=\"width: 28.7436%; height: 24px;\"><\/td>\n<td style=\"width: 56.6062%; height: 24px;\">Cam\u00e9ra inverse\/chauffage\/fen\u00eatre \u00e9lectrique<\/td>\n<\/tr>\n<tr style=\"height: 48px;\">\n<td style=\"width: 28.7436%; height: 48px;\">Sc\u00e9narios d'application<\/td>\n<td style=\"width: 56.6062%; height: 48px; padding-left: 80px;\">Voyage urbain \u00e0 courte distance, navette dans le parc, distribution de sc\u00e8nes commerciales, voyage par mauvais temps, tourisme suburbain et distribution logistique urbaine de dernier kilom\u00e8tre<\/td>\n<\/tr>\n<\/tbody>\n<\/table>\n<hr data-start=\"825\" data-end=\"828\" \/>\n<h2 data-start=\"830\" data-end=\"852\">Description du produit<\/h2>\n<h3 data-start=\"854\" data-end=\"876\">Cat\u00e9gorie de produit<\/h3>\n<p data-start=\"877\" data-end=\"967\">V\u00e9hicule \u00e9lectrique de ville \/ V\u00e9hicule \u00e9lectrique d'utilit\u00e9 urbaine \/ V\u00e9hicule commercial l\u00e9ger \u00e9lectrique<\/p>\n<h3 data-start=\"969\" data-end=\"994\">Description du produit<\/h3>\n<p data-start=\"996\" data-end=\"1317\">Le <strong data-start=\"1000\" data-end=\"1045\">V\u00e9hicule \u00e9lectrique pour le transport urbain<\/strong> est con\u00e7u pour r\u00e9pondre \u00e0 la demande croissante de mobilit\u00e9 urbaine flexible, \u00e0 faible co\u00fbt et respectueuse de l'environnement. Avec des dimensions globales compactes de <strong data-start=\"1194\" data-end=\"1219\">3559 \u00d7 1227 \u00d7 1669 mm<\/strong>Le v\u00e9hicule est bien adapt\u00e9 aux rues \u00e9troites de la ville, aux parcs industriels et aux zones urbaines encombr\u00e9es.<\/p>\n<p data-start=\"1319\" data-end=\"1613\">Le v\u00e9hicule comporte un <strong data-start=\"1342\" data-end=\"1371\">conception de carrosserie semi-int\u00e9grale<\/strong> avec <strong data-start=\"1377\" data-end=\"1403\">Deux portes et un si\u00e8ge<\/strong>mettant l'accent sur l'efficacit\u00e9 de la cargaison et le confort du conducteur. Aliment\u00e9 par un <strong data-start=\"1467\" data-end=\"1495\">Moteur \u00e9lectrique 72V 5000W<\/strong> et un <strong data-start=\"1502\" data-end=\"1534\">Contr\u00f4leur 72V avec 32 tubes<\/strong>Il fournit une puissance de sortie stable et une acc\u00e9l\u00e9ration r\u00e9active, m\u00eame sous charge.<\/p>\n<p data-start=\"1615\" data-end=\"1934\">L'\u00e9nergie est fournie par un <strong data-start=\"1639\" data-end=\"1667\">Syst\u00e8me de batterie 72V 120Ah<\/strong>, fournissant un <strong data-start=\"1681\" data-end=\"1727\">rayon de conduite d'au moins 90 km par charge<\/strong>Cette gamme r\u00e9pond aux besoins de livraison urbaine quotidienne, de navette dans le parc et de logistique \u00e0 courte distance. Le <strong data-start=\"1831\" data-end=\"1861\">Temps de charge de 6 \u00e0 8 heures<\/strong> permet un chargement pratique pendant la nuit et un fonctionnement quotidien continu.<\/p>\n<p data-start=\"1615\" data-end=\"1934\"><img fetchpriority=\"high\" decoding=\"async\" class=\"alignnone size-medium wp-image-2748\" src=\"https:\/\/www.tairuiauto.com\/wp-content\/uploads\/2025\/06\/9-300x200.jpg\" alt=\"\" width=\"300\" height=\"200\" srcset=\"\" sizes=\"(max-width: 300px) 100vw, 300px\" data-srcset=\"\" \/>\u00a0 \u00a0 \u00a0 \u00a0 \u00a0 \u00a0 \u00a0 \u00a0 \u00a0 \u00a0 \u00a0 <img decoding=\"async\" class=\"alignnone size-medium wp-image-2747\" src=\"https:\/\/www.tairuiauto.com\/wp-content\/uploads\/2025\/06\/7-300x200.jpg\" alt=\"\" width=\"300\" height=\"200\" srcset=\"\" sizes=\"(max-width: 300px) 100vw, 300px\" data-srcset=\"\" \/><\/p>\n<p data-start=\"1936\" data-end=\"2263\">Con\u00e7u pour la durabilit\u00e9 et les performances de charge, le v\u00e9hicule offre une impressionnante <strong data-start=\"2023\" data-end=\"2054\">capacit\u00e9 de chargement de 1183 kg<\/strong>ce qui le rend adapt\u00e9 \u00e0 un usage commercial. Le <strong data-start=\"2099\" data-end=\"2129\">Suspension avant McPherson<\/strong> combin\u00e9 avec un <strong data-start=\"2147\" data-end=\"2171\">essieu arri\u00e8re int\u00e9gr\u00e9<\/strong> assure la stabilit\u00e9, le soutien de charge et la manutention fiable dans diverses conditions routi\u00e8res urbaines.<\/p>\n<p data-start=\"2265\" data-end=\"2660\">La s\u00e9curit\u00e9 et le contr\u00f4le sont renforc\u00e9s par <strong data-start=\"2304\" data-end=\"2342\">syst\u00e8me de freinage \u00e0 disques avant et arri\u00e8re<\/strong>offrant des performances de freinage constantes. Le v\u00e9hicule est \u00e9quip\u00e9 de <strong data-start=\"2416\" data-end=\"2435\">Pneumatiques 135\/70R12<\/strong> et <strong data-start=\"2440\" data-end=\"2453\">moyeux en fer<\/strong>la priorit\u00e9 est donn\u00e9e \u00e0 la r\u00e9sistance et \u00e0 la durabilit\u00e9 pour les cycles de conduite start-stop fr\u00e9quents. Avec un <strong data-start=\"2539\" data-end=\"2573\">Capacit\u00e9 d'escalade sup\u00e9rieure \u00e0 25%<\/strong> et un <strong data-start=\"2580\" data-end=\"2604\">vitesse maximale de 52 km\/h<\/strong>Il s\u2019adapte bien aux pentes, aux rampes et aux passerelles urbaines.<\/p>\n<p data-start=\"2662\" data-end=\"2854\">Caract\u00e9ristiques fonctionnelles telles que <strong data-start=\"2690\" data-end=\"2710\">d\u00e9marrage \u00e0 un bouton<\/strong>, <strong data-start=\"2712\" data-end=\"2728\">\u00c9clairage LED<\/strong>, <strong data-start=\"2730\" data-end=\"2748\">cam\u00e9ra arri\u00e8re<\/strong>, <strong data-start=\"2750\" data-end=\"2760\">chauffage<\/strong>et <strong data-start=\"2766\" data-end=\"2786\">fen\u00eatres \u00e9lectriques<\/strong> am\u00e9liorer la commodit\u00e9 du conducteur et l'efficacit\u00e9 op\u00e9rationnelle dans l'utilisation quotidienne.<\/p>\n<hr data-start=\"2856\" data-end=\"2859\" \/>\n<h2 data-start=\"2861\" data-end=\"2889\">Caract\u00e9ristiques cl\u00e9s &amp; Avantages<\/h2>\n<h3 data-start=\"2891\" data-end=\"2905\">Caract\u00e9ristiques<\/h3>\n<p data-start=\"2908\" data-end=\"2963\">Conception \u00e9lectrique compacte \u00e0 deux portes et \u00e0 un seul si\u00e8ge<\/p>\n<p data-start=\"2966\" data-end=\"3005\">Syst\u00e8me d'alimentation \u00e9lectrique \u00e0 haut couple 72V<\/p>\n<p data-start=\"3008\" data-end=\"3053\">Forte capacit\u00e9 de charge utile pour la logistique urbaine<\/p>\n<p data-start=\"3056\" data-end=\"3092\">Syst\u00e8me de freinage \u00e0 disques avant et arri\u00e8re<\/p>\n<p data-start=\"3095\" data-end=\"3145\">Caract\u00e9ristiques pratiques d'assistance au conducteur et de confort<\/p>\n<h3 data-start=\"3147\" data-end=\"3163\">Avantages<\/h3>\n<p data-start=\"3166\" data-end=\"3214\">Excellente man\u0153uvre dans des zones urbaines denses<\/p>\n<p data-start=\"3217\" data-end=\"3274\">Capacit\u00e9 de charge \u00e9lev\u00e9e par rapport \u00e0 des v\u00e9hicules compacts similaires<\/p>\n<p data-start=\"3277\" data-end=\"3314\">Co\u00fbts d'exploitation et d'entretien bas<\/p>\n<p data-start=\"3317\" data-end=\"3364\">Performance fiable pour une utilisation commerciale quotidienne<\/p>\n<h3 data-start=\"3366\" data-end=\"3386\">Avantages pour l'acheteur<\/h3>\n<p data-start=\"3389\" data-end=\"3428\">R\u00e9duction des frais de carburant et d'entretien<\/p>\n<p data-start=\"3431\" data-end=\"3472\">Capacit\u00e9 de livraison efficace au dernier kilom\u00e8tre<\/p>\n<p data-start=\"3475\" data-end=\"3516\">Utilisation facile et courbe d'apprentissage courte<\/p>\n<p data-start=\"3519\" data-end=\"3573\">Adaptabilit\u00e9 \u00e0 de multiples sc\u00e9narios d'applications urbaines<\/p>\n<h3 data-start=\"3575\" data-end=\"3589\">La preuve<\/h3>\n<p data-start=\"3592\" data-end=\"3637\">Architecture \u00e9prouv\u00e9e de la transmission \u00e9lectrique 72V<\/p>\n<p data-start=\"3640\" data-end=\"3682\">Configuration robuste de suspension et d'essieu<\/p>\n<p data-start=\"3685\" data-end=\"3743\">\u00c9quipement fonctionnel pratique pour les op\u00e9rations r\u00e9elles<\/p>\n<hr data-start=\"3745\" data-end=\"3748\" \/>\n<h2 data-start=\"3750\" data-end=\"3774\">Sc\u00e9narios d'application<\/h2>\n<p data-start=\"3778\" data-end=\"3815\">Transport urbain \u00e0 courte distance<\/p>\n<p data-start=\"3818\" data-end=\"3854\">Parc et zone industrielle<\/p>\n<p data-start=\"3857\" data-end=\"3905\">Distribution commerciale et services<\/p>\n<p data-start=\"3908\" data-end=\"3942\">Voyager dans de mauvaises conditions m\u00e9t\u00e9orologiques<\/p>\n<p data-start=\"3945\" data-end=\"3971\">Soutien au tourisme suburbain<\/p>\n<p data-start=\"3974\" data-end=\"4014\">Logistique et livraison urbaines de dernier kilom\u00e8tre<\/p>\n<hr data-start=\"4016\" data-end=\"4019\" \/>\n<h2 data-start=\"4021\" data-end=\"4061\">Pourquoi choisir ce v\u00e9hicule \u00e9lectrique<\/h2>\n<p data-start=\"4063\" data-end=\"4381\">Le <strong data-start=\"4067\" data-end=\"4112\">V\u00e9hicule \u00e9lectrique pour le transport urbain<\/strong> offre une combinaison id\u00e9ale de taille compacte, forte capacit\u00e9 de charge et efficacit\u00e9 op\u00e9rationnelle. Sa construction durable, son syst\u00e8me \u00e9lectrique fiable et sa gamme d'applications polyvalente en font une solution rentable pour la mobilit\u00e9 urbaine et le transport commercial l\u00e9ger.<\/p>\n<hr data-start=\"4383\" data-end=\"4386\" \/>\n<h2 data-start=\"4388\" data-end=\"4416\">Emballage &amp; Certification<\/h2>\n<p data-start=\"4420\" data-end=\"4467\"><strong data-start=\"4420\" data-end=\"4443\">Capacit\u00e9 du conteneur:<\/strong> 4 unit\u00e9s (SKD) \/ 40\u2019HQ<\/p>\n<p data-start=\"4470\" data-end=\"4509\"><strong data-start=\"4470\" data-end=\"4488\">Certification :<\/strong> CEE \/ COC \/ L7e-CU<\/p>\n<hr data-start=\"4511\" data-end=\"4514\" \/>\n<h2 data-start=\"4516\" data-end=\"4522\">FAQ (questions fr\u00e9quentes)<\/h2>\n<p data-start=\"4524\" data-end=\"4665\"><strong data-start=\"4524\" data-end=\"4577\">Q1: Quelle est la port\u00e9e maximale par charge?<\/strong><br data-start=\"4577\" data-end=\"4580\" \/>Le v\u00e9hicule offre une gamme de <strong data-start=\"4612\" data-end=\"4622\">\u226590 km<\/strong>en fonction de la charge et des conditions de conduite.<\/p>\n<p data-start=\"4667\" data-end=\"4819\"><strong data-start=\"4667\" data-end=\"4714\">Q2: Combien de poids peut porter ce v\u00e9hicule?<\/strong><br data-start=\"4714\" data-end=\"4717\" \/>Il soutient un <strong data-start=\"4731\" data-end=\"4770\">capacit\u00e9 de charge maximale de 1183 kg<\/strong>adapt\u00e9 aux t\u00e2ches de logistique urbaine et de services publics.<\/p>\n<p data-start=\"4821\" data-end=\"4979\"><strong data-start=\"4821\" data-end=\"4871\">Q3: Ce mod\u00e8le convient-il \u00e0 une utilisation commerciale?<\/strong><br data-start=\"4871\" data-end=\"4874\" \/>- Oui, oui. Il est sp\u00e9cialement con\u00e7u pour des sc\u00e9narios commerciaux tels que la livraison au dernier kilom\u00e8tre et les op\u00e9rations de parc.<\/p>\n<p data-start=\"4981\" data-end=\"5104\"><strong data-start=\"4981\" data-end=\"5021\">Q4: Quel syst\u00e8me de freinage utilise-t-il?<\/strong><br data-start=\"5021\" data-end=\"5024\" \/>Le v\u00e9hicule est \u00e9quip\u00e9 de <strong data-start=\"5053\" data-end=\"5083\">freins \u00e0 disque avant et arri\u00e8re<\/strong> pour une s\u00e9curit\u00e9 accrue.<\/p>\n<p data-start=\"5106\" data-end=\"5230\"><strong data-start=\"5106\" data-end=\"5151\">Q5: Est-ce qu'il prend en charge la certification d'exportation?<\/strong><br data-start=\"5151\" data-end=\"5154\" \/>- Oui, oui. Le mod\u00e8le est conforme \u00e0 <strong data-start=\"5183\" data-end=\"5205\">CEE \/ COC \/ L7e-CU<\/strong> normes de certification.<\/p>\n<hr \/>\n<\/div>\n<div class=\"kche-t154-text\">\n<p>&nbsp;<\/p>\n<\/div>\n<\/div>\n<\/div>\n<\/div>\n<\/div>\n<\/div>\n<p>&nbsp;<\/p>","protected":false},"excerpt":{"rendered":"<p data-start=\"180\" data-end=\"477\">Ce v\u00e9hicule \u00e9lectrique urbain est con\u00e7u pour le transport urbain efficace et les t\u00e2ches de fret l\u00e9ger. Avec une carrosserie compacte, une grande capacit\u00e9 de chargement et une transmission \u00e9lectrique fiable, il offre une solution pratique pour les voyages \u00e0 courte distance, les navettes dans le parc et la distribution du dernier kilom\u00e8tre dans les environnements urbains.<\/p>","protected":false},"featured_media":5333,"comment_status":"open","ping_status":"closed","template":"","meta":[],"product_brand":[],"product_cat":[77],"product_tag":[],"class_list":{"0":"post-2738","1":"product","2":"type-product","3":"status-publish","4":"has-post-thumbnail","6":"product_cat-electric-micro-vehicle","8":"first","9":"instock","10":"shipping-taxable","11":"product-type-simple"},"_links":{"self":[{"href":"https:\/\/www.tairuiauto.com\/fr\/wp-json\/wp\/v2\/product\/2738","targetHints":{"allow":["GET"]}}],"collection":[{"href":"https:\/\/www.tairuiauto.com\/fr\/wp-json\/wp\/v2\/product"}],"about":[{"href":"https:\/\/www.tairuiauto.com\/fr\/wp-json\/wp\/v2\/types\/product"}],"replies":[{"embeddable":true,"href":"https:\/\/www.tairuiauto.com\/fr\/wp-json\/wp\/v2\/comments?post=2738"}],"wp:featuredmedia":[{"embeddable":true,"href":"https:\/\/www.tairuiauto.com\/fr\/wp-json\/wp\/v2\/media\/5333"}],"wp:attachment":[{"href":"https:\/\/www.tairuiauto.com\/fr\/wp-json\/wp\/v2\/media?parent=2738"}],"wp:term":[{"taxonomy":"product_brand","embeddable":true,"href":"https:\/\/www.tairuiauto.com\/fr\/wp-json\/wp\/v2\/product_brand?post=2738"},{"taxonomy":"product_cat","embeddable":true,"href":"https:\/\/www.tairuiauto.com\/fr\/wp-json\/wp\/v2\/product_cat?post=2738"},{"taxonomy":"product_tag","embeddable":true,"href":"https:\/\/www.tairuiauto.com\/fr\/wp-json\/wp\/v2\/product_tag?post=2738"}],"curies":[{"name":"WP","href":"https:\/\/api.w.org\/{rel}","templated":true}]}}