{"id":2765,"date":"2026-01-22T11:34:30","date_gmt":"2026-01-22T03:34:30","guid":{"rendered":"https:\/\/www.tairuiauto.com\/?post_type=product&#038;p=2765"},"modified":"2026-01-27T10:59:22","modified_gmt":"2026-01-27T02:59:22","slug":"7-seater-tuk-electric-passenger-tricycle","status":"publish","type":"product","link":"https:\/\/www.tairuiauto.com\/fr\/product\/7-seater-tuk-electric-passenger-tricycle\/","title":{"rendered":"Tuk Tuk \u00e9lectrique pour le transport urbain"},"content":{"rendered":"<h2 style=\"padding-left: 40px;\" data-start=\"448\" data-end=\"467\">Aper\u00e7u du produit<\/h2>\n<p style=\"padding-left: 40px;\" data-start=\"469\" data-end=\"770\">Ce tuk tuk \u00e9lectrique est con\u00e7u pour les d\u00e9placements urbains, le transport de passagers \u00e0 courte distance et les activit\u00e9s touristiques. Avec une forte capacit\u00e9 d'escalade, une suspension stable et des options de configuration flexibles, il offre confort, s\u00e9curit\u00e9 et efficacit\u00e9 op\u00e9rationnelle dans divers environnements urbains.<\/p>\n<table class=\"table\" style=\"width: 76.0498%; margin-left: 40px;\" border=\"1\" cellspacing=\"1\" cellpadding=\"1\">\n<tbody>\n<tr>\n<td style=\"width: 27.0542%;\">Mod\u00e8le<\/td>\n<td style=\"width: 54.4326%;\">Tuk Tuk \u00e9lectrique pour le transport urbain<\/td>\n<\/tr>\n<tr>\n<td style=\"width: 27.0542%;\">Dimensions globales du v\u00e9hicule (mm)<\/td>\n<td style=\"width: 54.4326%;\">3430*1350*1790<\/td>\n<\/tr>\n<tr>\n<td style=\"width: 27.0542%;\">tableau de bord<\/td>\n<td style=\"width: 54.4326%;\">\u00c9lectrique avec tableau de bord<\/td>\n<\/tr>\n<tr>\n<td style=\"width: 27.0542%;\">Contr\u00f4leur moteur<\/td>\n<td style=\"width: 54.4326%;\">60\/72V 4000w adaptable, adapt\u00e9 aux batteries de phosphate de lithium et de fer<br \/>\nLimite sup\u00e9rieure de tension: 93v, limite inf\u00e9rieure: 63v<\/td>\n<\/tr>\n<tr>\n<td style=\"width: 27.0542%;\">Essieu arri\u00e8re<\/td>\n<td style=\"width: 54.4326%;\">Frein bain d'huile, tige de joint \u00e0 bille automobile<\/td>\n<\/tr>\n<tr>\n<td style=\"width: 27.0542%;\">Frein avant<\/td>\n<td style=\"width: 54.4326%;\">Fren \u00e0 disque de diam\u00e8tre 180mm<\/td>\n<\/tr>\n<tr>\n<td style=\"width: 27.0542%;\">Frein arri\u00e8re<\/td>\n<td style=\"width: 54.4326%;\">Fren \u00e0 disque de diam\u00e8tre 220mm<\/td>\n<\/tr>\n<tr>\n<td style=\"width: 27.0542%;\">Angle d'escalade<\/td>\n<td style=\"width: 54.4326%;\">35\u00b0<\/td>\n<\/tr>\n<tr>\n<td style=\"width: 27.0542%;\">Phares avant<\/td>\n<td style=\"width: 54.4326%;\">LED<\/td>\n<\/tr>\n<tr>\n<td style=\"width: 27.0542%;\">Capacit\u00e9 de chargement<\/td>\n<td style=\"width: 54.4326%;\">1 6 personnes<\/td>\n<\/tr>\n<tr>\n<td style=\"width: 27.0542%;\">Autre option<\/td>\n<td style=\"width: 54.4326%;\">Fren de stationnement manuel, radio Bluetooth, charge USB, quatre portes<\/td>\n<\/tr>\n<tr>\n<td style=\"width: 27.0542%;\">Moyeu roue<\/td>\n<td style=\"width: 54.4326%;\">moyeu roue<\/td>\n<\/tr>\n<tr>\n<td style=\"width: 27.0542%;\">moteur<\/td>\n<td style=\"width: 54.4326%;\">Moteur AC 60V 4000W<\/td>\n<\/tr>\n<tr>\n<td style=\"width: 27.0542%;\">Amortisseur avant<\/td>\n<td style=\"width: 54.4326%;\">Fourche avant amortisseur t\u00e9lescopique \u00e0 double \u00e9paule<\/td>\n<\/tr>\n<tr>\n<td style=\"width: 27.0542%;\">Suspension arri\u00e8re<\/td>\n<td style=\"width: 54.4326%;\">suspension ind\u00e9pendante<\/td>\n<\/tr>\n<tr>\n<td style=\"width: 27.0542%;\">Vitesse maximale<\/td>\n<td style=\"width: 54.4326%;\">55 Km\/h<\/td>\n<\/tr>\n<tr>\n<td style=\"width: 27.0542%;\">Pneumatiques avant et arri\u00e8re<\/td>\n<td style=\"width: 54.4326%;\">F 125-65-12\/R 125-65-12<\/td>\n<\/tr>\n<tr>\n<td style=\"width: 27.0542%;\">Endurance<\/td>\n<td style=\"width: 54.4326%;\">140 \u00e0 165km<\/td>\n<\/tr>\n<tr>\n<td style=\"width: 27.0542%;\">Batterie<\/td>\n<td style=\"width: 54.4326%;\">Batterie lithium-ion 60v150AH<\/td>\n<\/tr>\n<tr>\n<td style=\"width: 27.0542%;\">Temps de charge<\/td>\n<td style=\"width: 54.4326%;\">8-10h<\/td>\n<\/tr>\n<tr>\n<td style=\"width: 27.0542%;\">Chargement dans 40HQ<\/td>\n<td style=\"width: 54.4326%;\">CKD 30<\/td>\n<\/tr>\n<tr>\n<td style=\"width: 27.0542%;\">Sc\u00e9narios d'application<\/td>\n<td style=\"width: 54.4326%;\">Navette vers les parcs industriels, ramassage et d\u00e9p\u00f4t d'\u00e9v\u00e9nements, visites dans des endroits pittoresques, voyages communautaires et v\u00e9hicules affr\u00e9t\u00e9s pour petits groupes de visiteurs<\/td>\n<\/tr>\n<\/tbody>\n<\/table>\n<div class=\"kche-wrap-width\">\n<div class=\"kche-t154\">\n<div class=\"kche-t154-contant\">\n<div class=\"kche-t154-list\">\n<div class=\"kche-t154-item\">\n<div class=\"kche-t154-text\">\n<hr data-start=\"772\" data-end=\"775\" \/>\n<h2 style=\"padding-left: 40px;\" data-start=\"777\" data-end=\"799\">Description du produit<\/h2>\n<h3 style=\"padding-left: 40px;\" data-start=\"801\" data-end=\"823\">Cat\u00e9gorie de produit<\/h3>\n<p style=\"padding-left: 40px;\" data-start=\"824\" data-end=\"910\">V\u00e9hicule \u00e9lectrique de transport de passagers Tuk Tuk \/ \u00e9lectrique \u00e0 trois roues \/ urbain<\/p>\n<h3 style=\"padding-left: 40px;\" data-start=\"912\" data-end=\"937\">Description du produit<\/h3>\n<p style=\"padding-left: 40px;\" data-start=\"939\" data-end=\"1168\">Le <strong data-start=\"943\" data-end=\"993\">Tuk Tuk \u00e9lectrique pour le transport urbain<\/strong> poss\u00e8de une dimension globale du v\u00e9hicule de <strong data-start=\"1035\" data-end=\"1060\">3 430 \u00d7 1 350 \u00d7 1 790 mm<\/strong>offrant un ample espace int\u00e9rieur pour les passagers tout en maintenant une excellente man\u0153uvrabilit\u00e9 dans la circulation urbaine.<\/p>\n<p style=\"padding-left: 40px;\" data-start=\"1170\" data-end=\"1514\">Le v\u00e9hicule est \u00e9quip\u00e9 d'un <strong data-start=\"1201\" data-end=\"1223\">Moteur AC 60V 4000W<\/strong>correspondant \u00e0 un <strong data-start=\"1240\" data-end=\"1276\">Contr\u00f4leur de moteur adaptatif 60\/72V<\/strong> compatible avec les syst\u00e8mes de batteries au phosphate de lithium et de fer. Le contr\u00f4leur supporte une gamme de tension avec une limite sup\u00e9rieure de <strong data-start=\"1396\" data-end=\"1403\">93V<\/strong> et une limite inf\u00e9rieure de <strong data-start=\"1425\" data-end=\"1432\">63V<\/strong>garantissant une puissance de sortie stable et efficace dans diff\u00e9rentes conditions de fonctionnement.<\/p>\n<p style=\"padding-left: 40px;\" data-start=\"1516\" data-end=\"1856\">L'\u00e9lectricit\u00e9 est fournie par un <strong data-start=\"1539\" data-end=\"1572\">Batterie lithium-ion 60V 150Ah<\/strong>offrant une gamme d'endurance de <strong data-start=\"1607\" data-end=\"1632\">140-165 km par charge<\/strong>Le temps de charge est approximativement <strong data-start=\"1665\" data-end=\"1679\">8 \u00e0 10 heures<\/strong>ce qui le rend adapt\u00e9 aux cycles de charge nocturne. Le v\u00e9hicule obtient un <strong data-start=\"1754\" data-end=\"1782\">vitesse maximale de 55 km\/h<\/strong>r\u00e9pondre aux besoins du transport urbain de passagers tout en maintenant la s\u00e9curit\u00e9.<\/p>\n<p data-start=\"1516\" data-end=\"1856\"><img fetchpriority=\"high\" decoding=\"async\" class=\"aligncenter wp-image-5316 size-full\" src=\"https:\/\/www.tairuiauto.com\/wp-content\/uploads\/2026\/01\/1.webp\" alt=\"\" width=\"750\" height=\"750\" srcset=\"https:\/\/www.tairuiauto.com\/wp-content\/uploads\/2026\/01\/1.webp 750w, https:\/\/www.tairuiauto.com\/wp-content\/uploads\/2026\/01\/1-300x300.webp 300w, https:\/\/www.tairuiauto.com\/wp-content\/uploads\/2026\/01\/1-150x150.webp 150w, https:\/\/www.tairuiauto.com\/wp-content\/uploads\/2026\/01\/1-12x12.webp 12w, https:\/\/www.tairuiauto.com\/wp-content\/uploads\/2026\/01\/1-600x600.webp 600w, https:\/\/www.tairuiauto.com\/wp-content\/uploads\/2026\/01\/1-100x100.webp 100w\" sizes=\"(max-width: 750px) 100vw, 750px\" \/><\/p>\n<p style=\"padding-left: 40px;\" data-start=\"1858\" data-end=\"2253\">Le syst\u00e8me de freinage adopte un <strong data-start=\"1886\" data-end=\"1913\">Fren \u00e0 disque avant 180 mm<\/strong> et un <strong data-start=\"1920\" data-end=\"1946\">Fren \u00e0 disque arri\u00e8re 220 mm<\/strong>fournissant des performances de freinage solides et fiables. L'essieu arri\u00e8re est con\u00e7u avec un <strong data-start=\"2033\" data-end=\"2094\">syst\u00e8me de frein \u00e0 bain d'huile et tige de joint \u00e0 bille de qualit\u00e9 automobile<\/strong>am\u00e9liorant la durabilit\u00e9 et la stabilit\u00e9 de charge. Le v\u00e9hicule offre un <strong data-start=\"2158\" data-end=\"2189\">angle d'escalade jusqu'\u00e0 35\u00b0<\/strong>ce qui lui permet de g\u00e9rer facilement les pentes et les routes urbaines in\u00e9gales.<\/p>\n<p style=\"padding-left: 40px;\" data-start=\"2255\" data-end=\"2585\">Pour un confort de conduite, la suspension avant dispose d'un <strong data-start=\"2305\" data-end=\"2359\">double \u00e9paule amortisseur t\u00e9lescopique fourche avant<\/strong>tandis que l'arri\u00e8re adopte un <strong data-start=\"2386\" data-end=\"2419\">syst\u00e8me de suspension ind\u00e9pendant<\/strong>r\u00e9duisant efficacement les vibrations et am\u00e9liorant le confort des passagers. Le v\u00e9hicule est \u00e9quip\u00e9 de <strong data-start=\"2512\" data-end=\"2531\">Pneumatiques 125\/65-12<\/strong> \u00e0 la fois \u00e0 l'avant et \u00e0 l'arri\u00e8re, assurant un contact routier stable.<\/p>\n<p style=\"padding-left: 40px;\" data-start=\"2587\" data-end=\"2949\">La cabine des passagers prend en charge un <strong data-start=\"2618\" data-end=\"2649\">1 6 configuration de si\u00e8ges<\/strong>ce qui le rend adapt\u00e9 au transport de groupe. Les caract\u00e9ristiques standard incluent <strong data-start=\"2717\" data-end=\"2735\">Phares LED<\/strong> et un <strong data-start=\"2743\" data-end=\"2767\">tableau de bord \u00e9lectrique<\/strong>Les configurations facultatives comprennent un <strong data-start=\"2803\" data-end=\"2886\">frein de stationnement manuel, radio Bluetooth, ports de charge USB et conception \u00e0 quatre portes<\/strong>permettant une personnalisation flexible en fonction des exigences du march\u00e9.<\/p>\n<p style=\"padding-left: 40px;\" data-start=\"2951\" data-end=\"3102\">Le v\u00e9hicule est exp\u00e9di\u00e9 en <strong data-start=\"2977\" data-end=\"2989\">Formulaire CKD<\/strong>avec une capacit\u00e9 de chargement de <strong data-start=\"3018\" data-end=\"3049\">30 unit\u00e9s par conteneur 40HQ<\/strong>optimiser la logistique et l'efficacit\u00e9 des transports.<\/p>\n<hr style=\"padding-left: 40px;\" data-start=\"3104\" data-end=\"3107\" \/>\n<h2 style=\"padding-left: 40px;\" data-start=\"3109\" data-end=\"3137\">Caract\u00e9ristiques cl\u00e9s &amp; Avantages<\/h2>\n<h3 style=\"padding-left: 40px;\" data-start=\"3139\" data-end=\"3153\">Caract\u00e9ristiques<\/h3>\n<ul>\n<li style=\"list-style-type: none;\">\n<ul data-start=\"3154\" data-end=\"3345\">\n<li data-start=\"3154\" data-end=\"3201\">\n<p data-start=\"3156\" data-end=\"3201\">Moteur AC 60V 4000W avec contr\u00f4leur adaptatif<\/p>\n<\/li>\n<li data-start=\"3202\" data-end=\"3240\">\n<p data-start=\"3204\" data-end=\"3240\">Longue autonomie jusqu'\u00e0 165 km<\/p>\n<\/li>\n<li data-start=\"3241\" data-end=\"3279\">\n<p data-start=\"3243\" data-end=\"3279\">Syst\u00e8me de freinage \u00e0 disques avant et arri\u00e8re<\/p>\n<\/li>\n<li data-start=\"3280\" data-end=\"3311\">\n<p data-start=\"3282\" data-end=\"3311\">Suspension arri\u00e8re ind\u00e9pendante<\/p>\n<\/li>\n<li data-start=\"3312\" data-end=\"3345\">\n<p data-start=\"3314\" data-end=\"3345\">Disposition spacieuse 1 6 passagers<\/p>\n<\/li>\n<\/ul>\n<\/li>\n<\/ul>\n<h3 style=\"padding-left: 40px;\" data-start=\"3347\" data-end=\"3363\">Avantages<\/h3>\n<ul>\n<li style=\"list-style-type: none;\">\n<ul data-start=\"3364\" data-end=\"3535\">\n<li data-start=\"3364\" data-end=\"3415\">\n<p data-start=\"3366\" data-end=\"3415\">Capacit\u00e9 d'escalade \u00e9lev\u00e9e pour des terrains urbains complexes<\/p>\n<\/li>\n<li data-start=\"3416\" data-end=\"3455\">\n<p data-start=\"3418\" data-end=\"3455\">Qualit\u00e9 de conduite stable et confortable<\/p>\n<\/li>\n<li data-start=\"3456\" data-end=\"3492\">\n<p data-start=\"3458\" data-end=\"3492\">Configurations optionnelles flexibles<\/p>\n<\/li>\n<li data-start=\"3493\" data-end=\"3535\">\n<p data-start=\"3495\" data-end=\"3535\">Convient aux voyageurs et au tourisme<\/p>\n<\/li>\n<\/ul>\n<\/li>\n<\/ul>\n<h3 style=\"padding-left: 40px;\" data-start=\"3537\" data-end=\"3557\">Avantages pour l'acheteur<\/h3>\n<ul>\n<li style=\"list-style-type: none;\">\n<ul data-start=\"3558\" data-end=\"3738\">\n<li data-start=\"3558\" data-end=\"3596\">\n<p data-start=\"3560\" data-end=\"3596\">R\u00e9duction des co\u00fbts op\u00e9rationnels et \u00e9nerg\u00e9tiques<\/p>\n<\/li>\n<li data-start=\"3597\" data-end=\"3640\">\n<p data-start=\"3599\" data-end=\"3640\">Capacit\u00e9 de passagers \u00e9lev\u00e9e en taille compacte<\/p>\n<\/li>\n<li data-start=\"3641\" data-end=\"3683\">\n<p data-start=\"3643\" data-end=\"3683\">Exp\u00e9dition CKD efficace pour les commandes en vrac<\/p>\n<\/li>\n<li data-start=\"3684\" data-end=\"3738\">\n<p data-start=\"3686\" data-end=\"3738\">Forte aptitude pour les op\u00e9rations urbaines et paysages<\/p>\n<\/li>\n<\/ul>\n<\/li>\n<\/ul>\n<h3 style=\"padding-left: 40px;\" data-start=\"3740\" data-end=\"3754\">La preuve<\/h3>\n<ul>\n<li style=\"list-style-type: none;\">\n<ul data-start=\"3755\" data-end=\"3864\">\n<li data-start=\"3755\" data-end=\"3798\">\n<p data-start=\"3757\" data-end=\"3798\">Moteur AC et syst\u00e8me de contr\u00f4leur adaptatif<\/p>\n<\/li>\n<li data-start=\"3799\" data-end=\"3827\">\n<p data-start=\"3801\" data-end=\"3827\">Configuration du frein \u00e0 disque<\/p>\n<\/li>\n<li data-start=\"3828\" data-end=\"3864\">\n<p data-start=\"3830\" data-end=\"3864\">Installation de batterie au lithium \u00e0 longue port\u00e9e<\/p>\n<\/li>\n<\/ul>\n<\/li>\n<\/ul>\n<hr style=\"padding-left: 40px;\" data-start=\"3866\" data-end=\"3869\" \/>\n<h2 style=\"padding-left: 40px;\" data-start=\"3871\" data-end=\"3895\">Sc\u00e9narios d'application<\/h2>\n<ul>\n<li style=\"list-style-type: none;\">\n<ul data-start=\"3897\" data-end=\"4105\">\n<li data-start=\"3897\" data-end=\"3926\">\n<p data-start=\"3899\" data-end=\"3926\">Travail urbain des passagers<\/p>\n<\/li>\n<li data-start=\"3927\" data-end=\"3961\">\n<p data-start=\"3929\" data-end=\"3961\">Transport dans le parc industriel<\/p>\n<\/li>\n<li data-start=\"3962\" data-end=\"4001\">\n<p data-start=\"3964\" data-end=\"4001\">Services de ramassage et de d\u00e9p\u00f4t des \u00e9v\u00e9nements<\/p>\n<\/li>\n<li data-start=\"4002\" data-end=\"4029\">\n<p data-start=\"4004\" data-end=\"4029\">Visite de la zone pittoresque<\/p>\n<\/li>\n<li data-start=\"4030\" data-end=\"4059\">\n<p data-start=\"4032\" data-end=\"4059\">Services de voyage communautaires<\/p>\n<\/li>\n<li data-start=\"4060\" data-end=\"4105\">\n<p data-start=\"4062\" data-end=\"4105\">Transport affr\u00e9t\u00e9 pour petits groupes touristiques<\/p>\n<\/li>\n<\/ul>\n<\/li>\n<\/ul>\n<hr style=\"padding-left: 40px;\" data-start=\"4107\" data-end=\"4110\" \/>\n<h2 style=\"padding-left: 40px;\" data-start=\"4112\" data-end=\"4157\">Pourquoi choisir ce Tuk Tuk \u00e9lectrique<\/h2>\n<p style=\"padding-left: 40px;\" data-start=\"4159\" data-end=\"4441\">Ce mod\u00e8le combine des performances puissantes, une longue endurance et le confort des passagers dans une plate-forme \u00e9lectrique compacte. Sa configuration robuste et ses options flexibles en font un choix fiable pour les op\u00e9rateurs de mobilit\u00e9 urbaine, les projets touristiques et les services de transport de passagers commerciaux.<\/p>\n<hr style=\"padding-left: 40px;\" data-start=\"4443\" data-end=\"4446\" \/>\n<h2 style=\"padding-left: 40px;\" data-start=\"4448\" data-end=\"4471\">Emballage &amp; Livraison<\/h2>\n<ul>\n<li style=\"list-style-type: none;\">\n<ul data-start=\"4473\" data-end=\"4640\">\n<li data-start=\"4473\" data-end=\"4499\">\n<p data-start=\"4475\" data-end=\"4499\"><strong data-start=\"4475\" data-end=\"4493\">Formulaire de livraison :<\/strong> CKD<\/p>\n<\/li>\n<li data-start=\"4500\" data-end=\"4541\">\n<p data-start=\"4502\" data-end=\"4541\"><strong data-start=\"4502\" data-end=\"4523\">Capacit\u00e9 de chargement:<\/strong> 30 unit\u00e9s \/ 40HQ<\/p>\n<\/li>\n<li data-start=\"4542\" data-end=\"4589\">\n<p data-start=\"4544\" data-end=\"4589\"><strong data-start=\"4544\" data-end=\"4563\">M\u00e9thode d'emballage:<\/strong> Emballage standard \u00e0 l'exportation<\/p>\n<\/li>\n<li data-start=\"4590\" data-end=\"4640\">\n<p data-start=\"4592\" data-end=\"4640\"><strong data-start=\"4592\" data-end=\"4610\">Personnalisation :<\/strong> Fonctionnalit\u00e9s optionnelles disponibles<\/p>\n<\/li>\n<\/ul>\n<\/li>\n<\/ul>\n<hr style=\"padding-left: 40px;\" data-start=\"4642\" data-end=\"4645\" \/>\n<h2 style=\"padding-left: 40px;\" data-start=\"4647\" data-end=\"4653\">FAQ (questions fr\u00e9quentes)<\/h2>\n<p style=\"padding-left: 40px;\" data-start=\"4655\" data-end=\"4777\"><strong data-start=\"4655\" data-end=\"4710\">Q1: Quelle est la capacit\u00e9 de passagers de ce tuk tuk?<\/strong><br data-start=\"4710\" data-end=\"4713\" \/>Il soutient un <strong data-start=\"4727\" data-end=\"4754\">1 conducteur 6 passagers<\/strong> configuration des si\u00e8ges.<\/p>\n<p style=\"padding-left: 40px;\" data-start=\"4779\" data-end=\"4904\"><strong data-start=\"4779\" data-end=\"4824\">Q2: Quelle est la port\u00e9e de conduite par charge?<\/strong><br data-start=\"4824\" data-end=\"4827\" \/>La gamme d'endurance est <strong data-start=\"4850\" data-end=\"4864\">140 \u00e0 165 km<\/strong>en fonction de la charge et des conditions routi\u00e8res.<\/p>\n<p style=\"padding-left: 40px;\" data-start=\"4906\" data-end=\"5002\"><strong data-start=\"4906\" data-end=\"4945\">Q3: Quel type de moteur utilise-t-il?<\/strong><br data-start=\"4945\" data-end=\"4948\" \/>Le v\u00e9hicule est \u00e9quip\u00e9 d'un <strong data-start=\"4979\" data-end=\"5001\">Moteur AC 60V 4000W<\/strong>.<\/p>\n<p style=\"padding-left: 40px;\" data-start=\"5004\" data-end=\"5154\"><strong data-start=\"5004\" data-end=\"5039\">Q4: La personnalisation est-elle disponible?<\/strong><br data-start=\"5039\" data-end=\"5042\" \/>- Oui, oui. Les fonctionnalit\u00e9s optionnelles comprennent la radio Bluetooth, la charge USB, le frein de stationnement manuel et la configuration \u00e0 quatre portes.<\/p>\n<p style=\"padding-left: 40px;\" data-start=\"5156\" data-end=\"5262\"><strong data-start=\"5156\" data-end=\"5191\">Q5: Comment le v\u00e9hicule est-il exp\u00e9di\u00e9?<\/strong><br data-start=\"5191\" data-end=\"5194\" \/>Il est exp\u00e9di\u00e9 en <strong data-start=\"5211\" data-end=\"5223\">Formulaire CKD<\/strong>avec <strong data-start=\"5230\" data-end=\"5261\">30 unit\u00e9s par conteneur 40HQ<\/strong>.<\/p>\n<\/div>\n<\/div>\n<\/div>\n<\/div>\n<\/div>\n<\/div>\n<div class=\"kche-wrap-width\" style=\"padding-left: 40px;\">\n<div class=\"kche-t154\" style=\"padding-left: 40px;\">\n<div class=\"kche-t154-contant\" style=\"padding-left: 40px;\">\n<div class=\"kche-t154-list\" style=\"padding-left: 40px;\">\n<div class=\"kche-t154-item\" style=\"padding-left: 40px;\">\n<div class=\"kche-t154-text\" style=\"padding-left: 40px;\">\n<div class=\"kche-t154-text-p\" style=\"padding-left: 40px;\">\n<p style=\"padding-left: 40px;\">\n<\/div>\n<\/div>\n<\/div>\n<\/div>\n<\/div>\n<\/div>\n<\/div>","protected":false},"excerpt":{"rendered":"<p>Le <strong data-start=\"144\" data-end=\"194\">Tuk Tuk \u00e9lectrique pour le transport urbain<\/strong> est un v\u00e9hicule \u00e9lectrique \u00e0 trois roues haute performance con\u00e7u pour la mobilit\u00e9 urbaine des passagers. Dot\u00e9 d'une cabine spacieuse, d'un moteur AC puissant et d'une longue autonomie de conduite, il offre une solution fiable et \u00e9cologique pour les applications de transport urbain et touristique.<\/p>","protected":false},"featured_media":5367,"comment_status":"open","ping_status":"closed","template":"","meta":[],"product_brand":[],"product_cat":[78],"product_tag":[],"class_list":{"0":"post-2765","1":"product","2":"type-product","3":"status-publish","4":"has-post-thumbnail","6":"product_cat-electric-tricycle","8":"first","9":"instock","10":"shipping-taxable","11":"purchasable","12":"product-type-simple"},"_links":{"self":[{"href":"https:\/\/www.tairuiauto.com\/fr\/wp-json\/wp\/v2\/product\/2765","targetHints":{"allow":["GET"]}}],"collection":[{"href":"https:\/\/www.tairuiauto.com\/fr\/wp-json\/wp\/v2\/product"}],"about":[{"href":"https:\/\/www.tairuiauto.com\/fr\/wp-json\/wp\/v2\/types\/product"}],"replies":[{"embeddable":true,"href":"https:\/\/www.tairuiauto.com\/fr\/wp-json\/wp\/v2\/comments?post=2765"}],"wp:featuredmedia":[{"embeddable":true,"href":"https:\/\/www.tairuiauto.com\/fr\/wp-json\/wp\/v2\/media\/5367"}],"wp:attachment":[{"href":"https:\/\/www.tairuiauto.com\/fr\/wp-json\/wp\/v2\/media?parent=2765"}],"wp:term":[{"taxonomy":"product_brand","embeddable":true,"href":"https:\/\/www.tairuiauto.com\/fr\/wp-json\/wp\/v2\/product_brand?post=2765"},{"taxonomy":"product_cat","embeddable":true,"href":"https:\/\/www.tairuiauto.com\/fr\/wp-json\/wp\/v2\/product_cat?post=2765"},{"taxonomy":"product_tag","embeddable":true,"href":"https:\/\/www.tairuiauto.com\/fr\/wp-json\/wp\/v2\/product_tag?post=2765"}],"curies":[{"name":"WP","href":"https:\/\/api.w.org\/{rel}","templated":true}]}}