{"id":2853,"date":"2025-10-10T10:09:55","date_gmt":"2025-10-10T02:09:55","guid":{"rendered":"https:\/\/www.tairuiauto.com\/?post_type=product&#038;p=2853"},"modified":"2025-10-10T08:35:11","modified_gmt":"2025-10-10T00:35:11","slug":"1-5m-closed-cargo-trike-for-urban-logistics","status":"publish","type":"product","link":"https:\/\/www.tairuiauto.com\/fr\/product\/1-5m-closed-cargo-trike-for-urban-logistics\/","title":{"rendered":"1.5m tricycle de transport de livraison ferm\u00e9e"},"content":{"rendered":"<h3 data-start=\"278\" data-end=\"303\">Description du produit<\/h3>\n<p data-start=\"304\" data-end=\"750\">Le <strong data-start=\"308\" data-end=\"359\">Tricycle de transport de livraison express ferm\u00e9 de 1,5 m<\/strong> est con\u00e7u pour la logistique moderne, la livraison de colis de commerce \u00e9lectronique et le transport de dernier kilom\u00e8tre. Avec une cabine enti\u00e8rement ferm\u00e9e, des performances fiables et une configuration technique avanc\u00e9e, ce e-trike de livraison assure la s\u00e9curit\u00e9, l'efficacit\u00e9 et la durabilit\u00e9 dans des environnements exigeants. Sa taille compacte le rend parfait pour naviguer dans les rues \u00e9troites de la ville tout en maintenant une capacit\u00e9 de charge impressionnante.<\/p>\n<table style=\"border-collapse: collapse; width: 67.8165%; height: 748px;\" border=\"0\" width=\"681\" cellspacing=\"0\" cellpadding=\"0\">\n<tbody>\n<tr style=\"height: 20.00pt;\">\n<td class=\"et3\" style=\"height: 20.00pt; width: 177.60pt;\" width=\"296\" height=\"33\">Mod\u00e8le<\/td>\n<td class=\"et5\" style=\"width: 231.00pt;\" width=\"385\">1.5m Ferm\u00e9 livraison express transport tricycle<\/td>\n<\/tr>\n<tr style=\"height: 20.00pt;\">\n<td class=\"et4\" style=\"height: 20.00pt;\" height=\"33\">Dimensions totales du v\u00e9hicule (mm)<\/td>\n<td class=\"et6\">2930*1060*1695<\/td>\n<\/tr>\n<tr style=\"height: 20.00pt;\">\n<td class=\"et4\" style=\"height: 20.00pt;\" height=\"33\">tableau de bord<\/td>\n<td class=\"et6\">Station de travail int\u00e9gr\u00e9e<\/td>\n<\/tr>\n<tr style=\"height: 20.00pt;\">\n<td class=\"et4\" style=\"height: 20.00pt;\" height=\"33\">Contr\u00f4leur moteur<\/td>\n<td class=\"et6\">Contr\u00f4leur synchrone \u00e0 18 phases \u00e0 aimant permanent<\/td>\n<\/tr>\n<tr style=\"height: 20.00pt;\">\n<td class=\"et4\" style=\"height: 20.00pt;\" height=\"33\">Essieu arri\u00e8re<\/td>\n<td class=\"et6\">Essieu arri\u00e8re int\u00e9gr\u00e9<\/td>\n<\/tr>\n<tr style=\"height: 20.00pt;\">\n<td class=\"et4\" style=\"height: 20.00pt;\" height=\"33\">Frein avant<\/td>\n<td class=\"et6\">37 Absorption\/frein avant 130<\/td>\n<\/tr>\n<tr style=\"height: 20.00pt;\">\n<td class=\"et4\" style=\"height: 20.00pt;\" height=\"33\">Frein arri\u00e8re<\/td>\n<td class=\"et6\">160 tambour de frein<\/td>\n<\/tr>\n<tr style=\"height: 20.00pt;\">\n<td class=\"et4\" style=\"height: 20.00pt;\" height=\"33\">Angle d'escalade<\/td>\n<td class=\"et6\">15\u00b0<\/td>\n<\/tr>\n<tr style=\"height: 20.00pt;\">\n<td class=\"et4\" style=\"height: 20.00pt;\" height=\"33\">Phares avant<\/td>\n<td class=\"et6\">LED<\/td>\n<\/tr>\n<tr style=\"height: 20.00pt;\">\n<td class=\"et4\" style=\"height: 20.00pt;\" height=\"33\">D\u00e9gagement au sol<\/td>\n<td class=\"et6\">140 mm<\/td>\n<\/tr>\n<tr style=\"height: 20.00pt;\">\n<td class=\"et4\" style=\"height: 20.00pt;\" height=\"33\">Poids<\/td>\n<td class=\"et6\">327 kg<\/td>\n<\/tr>\n<tr style=\"height: 20.00pt;\">\n<td class=\"et4\" style=\"height: 20.00pt;\" height=\"33\">Charger<\/td>\n<td class=\"et6\">175kg<\/td>\n<\/tr>\n<tr style=\"height: 20.00pt;\">\n<td class=\"et4\" style=\"height: 20.00pt;\" height=\"33\">Facultatif<\/td>\n<td class=\"et6\"><span class=\"font1\">Facultatif: moteur<\/span><span class=\"font2\">,<\/span><span class=\"font1\">contr\u00f4leur<\/span><span class=\"font2\">,<\/span><span class=\"font1\">pneus<\/span><span class=\"font2\">,<\/span><span class=\"font1\">essieu arri\u00e8re<\/span><\/td>\n<\/tr>\n<tr style=\"height: 20.00pt;\">\n<td class=\"et4\" style=\"height: 20.00pt;\" height=\"33\">Moyeu roue<\/td>\n<td class=\"et6\">Moyeu roue<\/td>\n<\/tr>\n<tr style=\"height: 20.00pt;\">\n<td class=\"et4\" style=\"height: 20.00pt;\" height=\"33\">moteur<\/td>\n<td class=\"et6\">moteur 60v800w<\/td>\n<\/tr>\n<tr style=\"height: 20.00pt;\">\n<td class=\"et4\" style=\"height: 20.00pt;\" height=\"33\">Amortisseur avant<\/td>\n<td class=\"et6\">Amortisseur hydraulique<\/td>\n<\/tr>\n<tr style=\"height: 20.00pt;\">\n<td class=\"et4\" style=\"height: 20.00pt;\" height=\"33\">Suspension arri\u00e8re<\/td>\n<td class=\"et6\">ressort \u00e0 feuille en plaque d'acier renforc\u00e9<\/td>\n<\/tr>\n<tr style=\"height: 20.00pt;\">\n<td class=\"et4\" style=\"height: 20.00pt;\" height=\"33\">Vitesse maximale<\/td>\n<td class=\"et6\">38kn \/ h<\/td>\n<\/tr>\n<tr style=\"height: 20.00pt;\">\n<td class=\"et4\" style=\"height: 20.00pt;\" height=\"33\">Pneumatiques avant et arri\u00e8re<\/td>\n<td class=\"et6\">F375-12\/R375-12<\/td>\n<\/tr>\n<tr style=\"height: 20.00pt;\">\n<td class=\"et4\" style=\"height: 20.00pt;\" height=\"33\">Endurance<\/td>\n<td class=\"et6\">45 kilom\u00e8tres<\/td>\n<\/tr>\n<tr style=\"height: 20.00pt;\">\n<td class=\"et4\" style=\"height: 20.00pt;\" height=\"33\">Batterie<\/td>\n<td class=\"et6\">60V 52A<\/td>\n<\/tr>\n<tr style=\"height: 20.00pt;\">\n<td class=\"et4\" style=\"height: 20.00pt;\" height=\"33\">Couleur<\/td>\n<td class=\"et6\"><span class=\"font1\">Bleu<\/span><span class=\"font2\">,<\/span><span class=\"font1\">Vert<\/span><span class=\"font2\">,<\/span><span class=\"font1\">Argent<\/span><span class=\"font2\">,<\/span><span class=\"font1\">rouge<\/span><\/td>\n<\/tr>\n<tr style=\"height: 20.00pt;\">\n<td class=\"et4\" style=\"height: 20.00pt;\" height=\"33\">Authentification<\/td>\n<td class=\"et6\">Qualification nationale de production de premier niveau, certification COC<\/td>\n<\/tr>\n<tr style=\"height: 20.00pt;\">\n<td class=\"et4\" style=\"height: 20.00pt;\" height=\"33\">Temps de charge<\/td>\n<td class=\"et6\">6-8heure<\/td>\n<\/tr>\n<\/tbody>\n<\/table>\n<p>&nbsp;<\/p>\n<hr \/>\n<p>&nbsp;<\/p>\n<h3 data-start=\"752\" data-end=\"783\">Caract\u00e9ristiques cl\u00e9s &amp; Avantages<\/h3>\n<ul data-start=\"784\" data-end=\"1405\">\n<li data-start=\"784\" data-end=\"957\">\n<p data-start=\"786\" data-end=\"957\"><strong data-start=\"786\" data-end=\"821\">Moteur \u00e9lectrique \u00e0 haut rendement:<\/strong> \u00c9quip\u00e9 d'un moteur 60V800W, ce <strong data-start=\"858\" data-end=\"909\">Tricycle de transport de livraison express ferm\u00e9 de 1,5 m<\/strong> assure une puissance coh\u00e9rente pour la logistique urbaine.<\/p>\n<\/li>\n<li data-start=\"958\" data-end=\"1084\">\n<p data-start=\"960\" data-end=\"1084\"><strong data-start=\"960\" data-end=\"986\">Capacit\u00e9 de charge durable:<\/strong> Supporte une charge allant jusqu'\u00e0 175 kg, ce qui le rend id\u00e9al pour les services de messagerie et la distribution de fret l\u00e9ger.<\/p>\n<\/li>\n<li data-start=\"1085\" data-end=\"1257\">\n<p data-start=\"1087\" data-end=\"1257\"><strong data-start=\"1087\" data-end=\"1114\">Op\u00e9ration \u00e9cologique :<\/strong> Comme un <strong data-start=\"1121\" data-end=\"1148\">tricycle cargo \u00e9lectrique<\/strong>Il produit z\u00e9ro \u00e9missions et r\u00e9duit consid\u00e9rablement les co\u00fbts de fonctionnement par rapport aux v\u00e9hicules \u00e0 carburant traditionnels.<\/p>\n<\/li>\n<li data-start=\"1258\" data-end=\"1405\">\n<p data-start=\"1260\" data-end=\"1405\"><strong data-start=\"1260\" data-end=\"1280\">S\u00e9curit\u00e9 accrue :<\/strong> Les amortisseurs hydrauliques et la suspension en acier renforc\u00e9 assurent une maniabilit\u00e9 stable et un confort m\u00eame sous de lourdes charges.<\/p>\n<\/li>\n<\/ul>\n<p>&nbsp;<\/p>\n<hr \/>\n<p>&nbsp;<\/p>\n<h3 data-start=\"1407\" data-end=\"1438\">Avantages diff\u00e9renci\u00e9s<\/h3>\n<ol data-start=\"1439\" data-end=\"1968\">\n<li data-start=\"1439\" data-end=\"1573\">\n<p data-start=\"1442\" data-end=\"1573\"><strong data-start=\"1442\" data-end=\"1470\">Protection de cabine ferm\u00e9e :<\/strong> Contrairement aux trains ouverts, la conception ferm\u00e9e prot\u00e8ge la cargaison et les conducteurs de la pluie, de la poussi\u00e8re et des intemp\u00e9ries difficiles.<\/p>\n<\/li>\n<li data-start=\"1574\" data-end=\"1723\">\n<p data-start=\"1577\" data-end=\"1723\"><strong data-start=\"1577\" data-end=\"1604\">Mobilit\u00e9 urbaine compacte :<\/strong> Ceci <strong data-start=\"1610\" data-end=\"1630\">livraison e-trike<\/strong> est sp\u00e9cialement con\u00e7u pour les rues urbaines congestionn\u00e9es, offrant une man\u0153uvrabilit\u00e9 sup\u00e9rieure.<\/p>\n<\/li>\n<li data-start=\"1724\" data-end=\"1848\">\n<p data-start=\"1727\" data-end=\"1848\"><strong data-start=\"1727\" data-end=\"1749\">Efficacit\u00e9 \u00e9nerg\u00e9tique :<\/strong> Le temps de charge faible (6 \u00e0 8 heures) et le kilom\u00e9trage \u00e9lev\u00e9 le rendent plus rentable que les camions plus grands.<\/p>\n<\/li>\n<li data-start=\"1849\" data-end=\"1968\">\n<p data-start=\"1852\" data-end=\"1968\"><strong data-start=\"1852\" data-end=\"1877\">Options personnalisables :<\/strong> Les services OEM permettent des couleurs, des marques et des mises \u00e0 niveau techniques adapt\u00e9es aux besoins de l'entreprise.<\/p>\n<\/li>\n<\/ol>\n<p>&nbsp;<\/p>\n<p><img fetchpriority=\"high\" decoding=\"async\" class=\"alignnone size-medium wp-image-3976\" src=\"https:\/\/www.tairuiauto.com\/wp-content\/uploads\/2025\/06\/Hd0b40b14fabc4a28a1baa94c2036800dD_\u526f\u672c-300x300.jpg\" alt=\"\" width=\"300\" height=\"300\" srcset=\"https:\/\/www.tairuiauto.com\/wp-content\/uploads\/2025\/06\/Hd0b40b14fabc4a28a1baa94c2036800dD_\u526f\u672c-300x300.jpg 300w, https:\/\/www.tairuiauto.com\/wp-content\/uploads\/2025\/06\/Hd0b40b14fabc4a28a1baa94c2036800dD_\u526f\u672c-1024x1024.jpg 1024w, https:\/\/www.tairuiauto.com\/wp-content\/uploads\/2025\/06\/Hd0b40b14fabc4a28a1baa94c2036800dD_\u526f\u672c-150x150.jpg 150w, https:\/\/www.tairuiauto.com\/wp-content\/uploads\/2025\/06\/Hd0b40b14fabc4a28a1baa94c2036800dD_\u526f\u672c-768x768.jpg 768w, https:\/\/www.tairuiauto.com\/wp-content\/uploads\/2025\/06\/Hd0b40b14fabc4a28a1baa94c2036800dD_\u526f\u672c-1536x1536.jpg 1536w, https:\/\/www.tairuiauto.com\/wp-content\/uploads\/2025\/06\/Hd0b40b14fabc4a28a1baa94c2036800dD_\u526f\u672c-2048x2048.jpg 2048w, https:\/\/www.tairuiauto.com\/wp-content\/uploads\/2025\/06\/Hd0b40b14fabc4a28a1baa94c2036800dD_\u526f\u672c-12x12.jpg 12w, https:\/\/www.tairuiauto.com\/wp-content\/uploads\/2025\/06\/Hd0b40b14fabc4a28a1baa94c2036800dD_\u526f\u672c-600x600.jpg 600w, https:\/\/www.tairuiauto.com\/wp-content\/uploads\/2025\/06\/Hd0b40b14fabc4a28a1baa94c2036800dD_\u526f\u672c-100x100.jpg 100w\" sizes=\"(max-width: 300px) 100vw, 300px\" \/>\u00a0 \u00a0 \u00a0 \u00a0 \u00a0\u00a0 <img decoding=\"async\" class=\"alignnone size-medium wp-image-3970\" src=\"https:\/\/www.tairuiauto.com\/wp-content\/uploads\/2025\/06\/H5fd664662b1d44bbaf90d28bde4d104cp_\u526f\u672c-300x300.jpg\" alt=\"\" width=\"300\" height=\"300\" srcset=\"https:\/\/www.tairuiauto.com\/wp-content\/uploads\/2025\/06\/H5fd664662b1d44bbaf90d28bde4d104cp_\u526f\u672c-300x300.jpg 300w, https:\/\/www.tairuiauto.com\/wp-content\/uploads\/2025\/06\/H5fd664662b1d44bbaf90d28bde4d104cp_\u526f\u672c-1024x1024.jpg 1024w, https:\/\/www.tairuiauto.com\/wp-content\/uploads\/2025\/06\/H5fd664662b1d44bbaf90d28bde4d104cp_\u526f\u672c-150x150.jpg 150w, https:\/\/www.tairuiauto.com\/wp-content\/uploads\/2025\/06\/H5fd664662b1d44bbaf90d28bde4d104cp_\u526f\u672c-768x768.jpg 768w, https:\/\/www.tairuiauto.com\/wp-content\/uploads\/2025\/06\/H5fd664662b1d44bbaf90d28bde4d104cp_\u526f\u672c-1536x1536.jpg 1536w, https:\/\/www.tairuiauto.com\/wp-content\/uploads\/2025\/06\/H5fd664662b1d44bbaf90d28bde4d104cp_\u526f\u672c-2048x2048.jpg 2048w, https:\/\/www.tairuiauto.com\/wp-content\/uploads\/2025\/06\/H5fd664662b1d44bbaf90d28bde4d104cp_\u526f\u672c-12x12.jpg 12w, https:\/\/www.tairuiauto.com\/wp-content\/uploads\/2025\/06\/H5fd664662b1d44bbaf90d28bde4d104cp_\u526f\u672c-600x600.jpg 600w, https:\/\/www.tairuiauto.com\/wp-content\/uploads\/2025\/06\/H5fd664662b1d44bbaf90d28bde4d104cp_\u526f\u672c-100x100.jpg 100w\" sizes=\"(max-width: 300px) 100vw, 300px\" \/> \u00a0 \u00a0 \u00a0 \u00a0 \u00a0\u00a0<img decoding=\"async\" class=\"alignnone size-medium wp-image-3965\" src=\"https:\/\/www.tairuiauto.com\/wp-content\/uploads\/2025\/06\/1.5m-Closed-express-delivery-transport-tricycle\uff084\uff09-1-1-1_\u526f\u672c-300x300.jpg\" alt=\"\" width=\"300\" height=\"300\" srcset=\"https:\/\/www.tairuiauto.com\/wp-content\/uploads\/2025\/06\/1.5m-Closed-express-delivery-transport-tricycle\uff084\uff09-1-1-1_\u526f\u672c-300x300.jpg 300w, https:\/\/www.tairuiauto.com\/wp-content\/uploads\/2025\/06\/1.5m-Closed-express-delivery-transport-tricycle\uff084\uff09-1-1-1_\u526f\u672c-1024x1024.jpg 1024w, https:\/\/www.tairuiauto.com\/wp-content\/uploads\/2025\/06\/1.5m-Closed-express-delivery-transport-tricycle\uff084\uff09-1-1-1_\u526f\u672c-150x150.jpg 150w, https:\/\/www.tairuiauto.com\/wp-content\/uploads\/2025\/06\/1.5m-Closed-express-delivery-transport-tricycle\uff084\uff09-1-1-1_\u526f\u672c-768x768.jpg 768w, https:\/\/www.tairuiauto.com\/wp-content\/uploads\/2025\/06\/1.5m-Closed-express-delivery-transport-tricycle\uff084\uff09-1-1-1_\u526f\u672c-1536x1536.jpg 1536w, https:\/\/www.tairuiauto.com\/wp-content\/uploads\/2025\/06\/1.5m-Closed-express-delivery-transport-tricycle\uff084\uff09-1-1-1_\u526f\u672c-2048x2048.jpg 2048w, https:\/\/www.tairuiauto.com\/wp-content\/uploads\/2025\/06\/1.5m-Closed-express-delivery-transport-tricycle\uff084\uff09-1-1-1_\u526f\u672c-12x12.jpg 12w, https:\/\/www.tairuiauto.com\/wp-content\/uploads\/2025\/06\/1.5m-Closed-express-delivery-transport-tricycle\uff084\uff09-1-1-1_\u526f\u672c-600x600.jpg 600w, https:\/\/www.tairuiauto.com\/wp-content\/uploads\/2025\/06\/1.5m-Closed-express-delivery-transport-tricycle\uff084\uff09-1-1-1_\u526f\u672c-100x100.jpg 100w\" sizes=\"(max-width: 300px) 100vw, 300px\" \/><\/p>\n<hr \/>\n<p>&nbsp;<\/p>\n<h3 data-start=\"2209\" data-end=\"2235\">Param\u00e8tres techniques<\/h3>\n<ul data-start=\"2236\" data-end=\"2573\">\n<li data-start=\"2236\" data-end=\"2277\">\n<p data-start=\"2238\" data-end=\"2277\"><strong data-start=\"2238\" data-end=\"2252\">Tableau de bord :<\/strong> Station de travail int\u00e9gr\u00e9e<\/p>\n<\/li>\n<li data-start=\"2278\" data-end=\"2352\">\n<p data-start=\"2280\" data-end=\"2352\"><strong data-start=\"2280\" data-end=\"2301\">Contr\u00f4leur moteur:<\/strong> Contr\u00f4leur synchrone \u00e0 18 phases \u00e0 aimant permanent<\/p>\n<\/li>\n<li data-start=\"2353\" data-end=\"2390\">\n<p data-start=\"2355\" data-end=\"2390\"><strong data-start=\"2355\" data-end=\"2369\">Essieu arri\u00e8re:<\/strong> Essieu arri\u00e8re int\u00e9gr\u00e9<\/p>\n<\/li>\n<li data-start=\"2391\" data-end=\"2449\">\n<p data-start=\"2393\" data-end=\"2449\"><strong data-start=\"2393\" data-end=\"2409\">Fren avant:<\/strong> 37 Absorption \/ frein avant 130<\/p>\n<\/li>\n<li data-start=\"2450\" data-end=\"2484\">\n<p data-start=\"2452\" data-end=\"2484\"><strong data-start=\"2452\" data-end=\"2467\">Frein arri\u00e8re:<\/strong> 160 frein \u00e0 tambour<\/p>\n<\/li>\n<li data-start=\"2485\" data-end=\"2514\">\n<p data-start=\"2487\" data-end=\"2514\"><strong data-start=\"2487\" data-end=\"2508\">Capacit\u00e9 d'escalade:<\/strong> 15\u00b0<\/p>\n<\/li>\n<li data-start=\"2515\" data-end=\"2540\">\n<p data-start=\"2517\" data-end=\"2540\"><strong data-start=\"2517\" data-end=\"2534\">Lumi\u00e8res avant:<\/strong> LED<\/p>\n<\/li>\n<li data-start=\"2541\" data-end=\"2573\">\n<p data-start=\"2543\" data-end=\"2573\"><strong data-start=\"2543\" data-end=\"2553\">Pneumatiques :<\/strong> F375-12 \/ R375-12<\/p>\n<\/li>\n<\/ul>\n<h3 data-start=\"2575\" data-end=\"2590\"><\/h3>\n<h3 data-start=\"2575\" data-end=\"2590\">Mat\u00e9riaux<\/h3>\n<ul data-start=\"2591\" data-end=\"2775\">\n<li data-start=\"2591\" data-end=\"2622\">\n<p data-start=\"2593\" data-end=\"2622\"><strong data-start=\"2593\" data-end=\"2603\">Cadre :<\/strong> Acier renforc\u00e9<\/p>\n<\/li>\n<li data-start=\"2623\" data-end=\"2661\">\n<p data-start=\"2625\" data-end=\"2661\"><strong data-start=\"2625\" data-end=\"2639\">Hub de roue:<\/strong> Moyeu en fer lourd<\/p>\n<\/li>\n<li data-start=\"2662\" data-end=\"2719\">\n<p data-start=\"2664\" data-end=\"2719\"><strong data-start=\"2664\" data-end=\"2683\">Syst\u00e8me de freinage:<\/strong> Frens \u00e0 tambour avec composants en acier<\/p>\n<\/li>\n<li data-start=\"2720\" data-end=\"2775\">\n<p data-start=\"2722\" data-end=\"2775\"><strong data-start=\"2722\" data-end=\"2732\">Cabine :<\/strong> Ferm\u00e9 en m\u00e9tal avec finition de peinture durable<\/p>\n<\/li>\n<\/ul>\n<h3 data-start=\"2777\" data-end=\"2791\"><\/h3>\n<h3 data-start=\"2777\" data-end=\"2791\">Ext\u00e9rieur<\/h3>\n<p data-start=\"2792\" data-end=\"2924\">Carrosserie simplifi\u00e9e avec cabine de fret enti\u00e8rement ferm\u00e9e, phares LED et peinture robuste disponible en bleu, vert, argent ou rouge.<\/p>\n<h3 data-start=\"2926\" data-end=\"2938\"><\/h3>\n<h3 data-start=\"2926\" data-end=\"2938\">Conception<\/h3>\n<p data-start=\"2939\" data-end=\"3047\">Conception a\u00e9rodynamique compacte, optimis\u00e9e pour la s\u00e9curit\u00e9 et la navigation urbaine avec si\u00e8ges et tableau de bord ergonomiques.<\/p>\n<h3 data-start=\"3049\" data-end=\"3072\"><\/h3>\n<h3 data-start=\"3049\" data-end=\"3072\">personnalisation OEM<\/h3>\n<p data-start=\"3073\" data-end=\"3178\">Disponible pour la marque personnalis\u00e9e, les couleurs d'entreprise, les options de bo\u00eete de fret \u00e9tendue et les ajustements techniques.<\/p>\n<h3 data-start=\"3180\" data-end=\"3201\"><\/h3>\n<h3 data-start=\"3180\" data-end=\"3201\">Contr\u00f4le qualit\u00e9<\/h3>\n<p data-start=\"3202\" data-end=\"3374\">Chaque tricycle est fabriqu\u00e9 sous <strong data-start=\"3238\" data-end=\"3287\">Qualification nationale de production de premier niveau<\/strong> et porte <strong data-start=\"3300\" data-end=\"3321\">Certification COC<\/strong>Assurer le respect des normes internationales.<\/p>\n<h3 data-start=\"3376\" data-end=\"3401\"><\/h3>\n<h3 data-start=\"3376\" data-end=\"3401\">Service apr\u00e8s-vente<\/h3>\n<p data-start=\"3402\" data-end=\"3500\">Comprend support technique, fourniture de pi\u00e8ces d\u00e9tach\u00e9es et couverture de garantie pour la batterie et le moteur.<\/p>\n<h3 data-start=\"3502\" data-end=\"3525\"><\/h3>\n<h3 data-start=\"3502\" data-end=\"3525\">Domaines d'application<\/h3>\n<ul data-start=\"3526\" data-end=\"3648\">\n<li data-start=\"3526\" data-end=\"3557\">\n<p data-start=\"3528\" data-end=\"3557\">Courrier et livraison de colis<\/p>\n<\/li>\n<li data-start=\"3558\" data-end=\"3582\">\n<p data-start=\"3560\" data-end=\"3582\">Logistique e-commerce<\/p>\n<\/li>\n<li data-start=\"3583\" data-end=\"3613\">\n<p data-start=\"3585\" data-end=\"3613\">Distribution de fret urbain<\/p>\n<\/li>\n<li data-start=\"3614\" data-end=\"3648\">\n<p data-start=\"3616\" data-end=\"3648\">Transport de marchandises pour petites entreprises<\/p>\n<\/li>\n<\/ul>\n<h3 data-start=\"3650\" data-end=\"3671\"><\/h3>\n<h3 data-start=\"3650\" data-end=\"3671\">M\u00e9thodes de paiement<\/h3>\n<p data-start=\"3672\" data-end=\"3725\">T \/ T, L \/ C et conditions commerciales flexibles pour les commandes en vrac.<\/p>\n<p>&nbsp;<\/p>\n<hr \/>\n<p>&nbsp;<\/p>\n<h3 data-start=\"3727\" data-end=\"3736\">FAQ (questions fr\u00e9quentes)<\/h3>\n<p data-start=\"3737\" data-end=\"3817\"><strong data-start=\"3737\" data-end=\"3771\">Q1: Quel est le temps de charge?<\/strong><br data-start=\"3771\" data-end=\"3774\" \/>A1: Il faut 6 \u00e0 8 heures pour une charge compl\u00e8te.<\/p>\n<p data-start=\"3737\" data-end=\"3817\">\n<p data-start=\"3819\" data-end=\"3891\"><strong data-start=\"3819\" data-end=\"3856\">Q2: Combien de poids peut-il porter?<\/strong><br data-start=\"3856\" data-end=\"3859\" \/>A2: La charge maximale est de 175kg.<\/p>\n<p data-start=\"3819\" data-end=\"3891\">\n<p data-start=\"3893\" data-end=\"4012\"><strong data-start=\"3893\" data-end=\"3922\">Q3: Peut-il \u00eatre personnalis\u00e9?<\/strong><br data-start=\"3922\" data-end=\"3925\" \/>A3: Oui, les options OEM sont disponibles pour la couleur, la marque et les sp\u00e9cifications techniques.<\/p>\n<p data-start=\"3893\" data-end=\"4012\">\n<p data-start=\"4014\" data-end=\"4132\"><strong data-start=\"4014\" data-end=\"4058\">Q4: Quelle est la dur\u00e9e de vie de la batterie?<\/strong><br data-start=\"4058\" data-end=\"4061\" \/>A4: G\u00e9n\u00e9ralement, la batterie 60V52A dure 2 \u00e0 3 ans selon l'utilisation.<\/p>","protected":false},"excerpt":{"rendered":"<p>Le\u00a0<strong>Tricycle de transport de livraison express ferm\u00e9 de 1,5 m<\/strong>\u00a0red\u00e9finit la logistique urbaine avec son design ultra-compact (2930\u00d71060\u00d71695mm) \u2013 le\u00a0<strong>Profil le plus \u00e9troit de sa classe<\/strong>\u00a0pour la navigation dans les ruelles et les zones restreintes. Con\u00e7u pour l'efficacit\u00e9 du dernier kilom\u00e8tre, ce cheval de travail certifi\u00e9 COC dispose d'un\u00a0<strong>\u00e9tanche, \u00e0 l'\u00e9preuve de poussi\u00e8re et anti-vol compartiment de fret<\/strong>aliment\u00e9 par un moteur 60V800W (vitesse maximale 38 km\/h) avec une port\u00e9e de 45 km. Id\u00e9al pour les courriers naviguant dans des villes denses, sa conception modulaire prend en charge les mises \u00e0 niveau du moteur\/contr\u00f4leur tandis que la cabine r\u00e9sistante aux intemp\u00e9ries assure une r\u00e9silience op\u00e9rationnelle toute la journ\u00e9e.<\/p>","protected":false},"featured_media":3977,"comment_status":"open","ping_status":"closed","template":"","meta":[],"product_brand":[],"product_cat":[78],"product_tag":[],"class_list":{"0":"post-2853","1":"product","2":"type-product","3":"status-publish","4":"has-post-thumbnail","6":"product_cat-electric-tricycle","8":"first","9":"instock","10":"shipping-taxable","11":"purchasable","12":"product-type-simple"},"_links":{"self":[{"href":"https:\/\/www.tairuiauto.com\/fr\/wp-json\/wp\/v2\/product\/2853","targetHints":{"allow":["GET"]}}],"collection":[{"href":"https:\/\/www.tairuiauto.com\/fr\/wp-json\/wp\/v2\/product"}],"about":[{"href":"https:\/\/www.tairuiauto.com\/fr\/wp-json\/wp\/v2\/types\/product"}],"replies":[{"embeddable":true,"href":"https:\/\/www.tairuiauto.com\/fr\/wp-json\/wp\/v2\/comments?post=2853"}],"wp:featuredmedia":[{"embeddable":true,"href":"https:\/\/www.tairuiauto.com\/fr\/wp-json\/wp\/v2\/media\/3977"}],"wp:attachment":[{"href":"https:\/\/www.tairuiauto.com\/fr\/wp-json\/wp\/v2\/media?parent=2853"}],"wp:term":[{"taxonomy":"product_brand","embeddable":true,"href":"https:\/\/www.tairuiauto.com\/fr\/wp-json\/wp\/v2\/product_brand?post=2853"},{"taxonomy":"product_cat","embeddable":true,"href":"https:\/\/www.tairuiauto.com\/fr\/wp-json\/wp\/v2\/product_cat?post=2853"},{"taxonomy":"product_tag","embeddable":true,"href":"https:\/\/www.tairuiauto.com\/fr\/wp-json\/wp\/v2\/product_tag?post=2853"}],"curies":[{"name":"WP","href":"https:\/\/api.w.org\/{rel}","templated":true}]}}