{"id":2859,"date":"2025-09-30T09:36:22","date_gmt":"2025-09-30T01:36:22","guid":{"rendered":"https:\/\/www.tairuiauto.com\/?post_type=product&#038;p=2859"},"modified":"2025-10-07T11:33:52","modified_gmt":"2025-10-07T03:33:52","slug":"last-mile-delivery-1-6m-electric-tricycle","status":"publish","type":"product","link":"https:\/\/www.tairuiauto.com\/fr\/product\/last-mile-delivery-1-6m-electric-tricycle\/","title":{"rendered":"Last Mile 1.6m Tricycle \u00e9lectrique"},"content":{"rendered":"<div class=\"kche-wrap-width\">\n<div class=\"kche-t154\">\n<div class=\"kche-t154-img\">\n<h3 data-start=\"366\" data-end=\"395\"><strong data-start=\"370\" data-end=\"393\">Description du produit<\/strong><\/h3>\n<p data-start=\"396\" data-end=\"1021\">Le <strong data-start=\"400\" data-end=\"435\">Tricycle de transport express de 1,6 m<\/strong> est une solution puissante, \u00e9cologique et polyvalente pour la logistique urbaine et la livraison au dernier kilom\u00e8tre.<\/p>\n<p data-start=\"396\" data-end=\"1021\">\n<table class=\"table\" style=\"width: 72.9168%;\" border=\"1\" cellspacing=\"1\" cellpadding=\"1\">\n<tbody>\n<tr>\n<td style=\"width: 42.2984%;\">Mod\u00e8le<\/td>\n<td style=\"width: 111.616%;\">1.6m tricycle de transport express<\/td>\n<\/tr>\n<tr>\n<td style=\"width: 42.2984%;\">Dimensions totales du v\u00e9hicule (mm)<\/td>\n<td style=\"width: 111.616%;\">3050*1160*1750<\/td>\n<\/tr>\n<tr>\n<td style=\"width: 42.2984%;\">tableau de bord<\/td>\n<td style=\"width: 111.616%;\">Panneau d'instruments LCD<\/td>\n<\/tr>\n<tr>\n<td style=\"width: 42.2984%;\">Contr\u00f4leur moteur<\/td>\n<td style=\"width: 111.616%;\">Contr\u00f4leur de tube 18<\/td>\n<\/tr>\n<tr>\n<td style=\"width: 42.2984%;\">Essieu arri\u00e8re<\/td>\n<td style=\"width: 111.616%;\">Essieu arri\u00e8re int\u00e9gr\u00e9<\/td>\n<\/tr>\n<tr>\n<td style=\"width: 42.2984%;\">Frein avant<\/td>\n<td style=\"width: 111.616%;\">33 Absorption\/frein avant 110<\/td>\n<\/tr>\n<tr>\n<td style=\"width: 42.2984%;\">Frein arri\u00e8re<\/td>\n<td style=\"width: 111.616%;\">160 tambour de frein<\/td>\n<\/tr>\n<tr>\n<td style=\"width: 42.2984%;\">Angle d'escalade<\/td>\n<td style=\"width: 111.616%;\">15\u00b0<\/td>\n<\/tr>\n<tr>\n<td style=\"width: 42.2984%;\">Phares avant<\/td>\n<td style=\"width: 111.616%;\">LED<\/td>\n<\/tr>\n<tr>\n<td style=\"width: 42.2984%;\">D\u00e9gagement au sol<\/td>\n<td style=\"width: 111.616%;\">140 mm<\/td>\n<\/tr>\n<tr>\n<td style=\"width: 42.2984%;\">Poids<\/td>\n<td style=\"width: 111.616%;\">265kg<\/td>\n<\/tr>\n<tr>\n<td style=\"width: 42.2984%;\">Charger<\/td>\n<td style=\"width: 111.616%;\">225kg<\/td>\n<\/tr>\n<tr>\n<td style=\"width: 42.2984%;\">Facultatif<\/td>\n<td style=\"width: 111.616%;\">Facultatif: moteur, contr\u00f4leur, pneus, essieu arri\u00e8re, ouverture de la porte arri\u00e8re<\/td>\n<\/tr>\n<tr>\n<td style=\"width: 42.2984%;\">Moyeu roue<\/td>\n<td style=\"width: 111.616%;\">Moyeu roue<\/td>\n<\/tr>\n<tr>\n<td style=\"width: 42.2984%;\">moteur<\/td>\n<td style=\"width: 111.616%;\">moteur 60v800w<\/td>\n<\/tr>\n<tr>\n<td style=\"width: 42.2984%;\">Amortisseur avant<\/td>\n<td style=\"width: 111.616%;\">Amortisseur hydraulique<\/td>\n<\/tr>\n<tr>\n<td style=\"width: 42.2984%;\">Suspension arri\u00e8re<\/td>\n<td style=\"width: 111.616%;\">ressort \u00e0 feuille en plaque d'acier renforc\u00e9<\/td>\n<\/tr>\n<tr>\n<td style=\"width: 42.2984%;\">Vitesse maximale<\/td>\n<td style=\"width: 111.616%;\">38kn \/ h<\/td>\n<\/tr>\n<tr>\n<td style=\"width: 42.2984%;\">Pneumatiques avant et arri\u00e8re<\/td>\n<td style=\"width: 111.616%;\">F350-12 R375-12<\/td>\n<\/tr>\n<tr>\n<td style=\"width: 42.2984%;\">Endurance<\/td>\n<td style=\"width: 111.616%;\">45 kilom\u00e8tres<\/td>\n<\/tr>\n<tr>\n<td style=\"width: 42.2984%;\">Batterie<\/td>\n<td style=\"width: 111.616%;\">60V 52A<\/td>\n<\/tr>\n<tr>\n<td style=\"width: 42.2984%;\">Couleur<\/td>\n<td style=\"width: 111.616%;\">Bleu, vert, argent, rouge<\/td>\n<\/tr>\n<tr>\n<td style=\"width: 42.2984%;\">Authentification<\/td>\n<td style=\"width: 111.616%;\">Qualification nationale de production de premier niveau, certification COC<\/td>\n<\/tr>\n<tr>\n<td style=\"width: 42.2984%;\">Temps de charge<\/td>\n<td style=\"width: 111.616%;\">6-8heure<\/td>\n<\/tr>\n<\/tbody>\n<\/table>\n<p>&nbsp;<\/p>\n<hr \/>\n<\/div>\n<p>&nbsp;<\/p>\n<div class=\"kche-t154-img\">\n<h3 data-start=\"1023\" data-end=\"1062\"><strong data-start=\"1027\" data-end=\"1060\">Caract\u00e9ristiques cl\u00e9s &amp; Points de vente<\/strong><\/h3>\n<ol data-start=\"1063\" data-end=\"1888\">\n<li data-start=\"1063\" data-end=\"1274\">\n<p data-start=\"1066\" data-end=\"1274\"><strong data-start=\"1066\" data-end=\"1088\">Capacit\u00e9 de charge \u00e9lev\u00e9e<\/strong> \u2013 Avec une capacit\u00e9 de transport de <strong data-start=\"1119\" data-end=\"1128\">225kg<\/strong>Le tricycle de transport express de 1,6 m est con\u00e7u pour la livraison lourde, ce qui en fait un tricycle de fret \u00e9lectrique fiable pour les entreprises de logistique.<\/p>\n<\/li>\n<li data-start=\"1275\" data-end=\"1468\">\n<p data-start=\"1278\" data-end=\"1468\"><strong data-start=\"1278\" data-end=\"1304\">Syst\u00e8me d'alimentation efficace<\/strong> \u2013 \u00c9quip\u00e9 d\u2019un <strong data-start=\"1323\" data-end=\"1341\">moteur 60V 800W<\/strong> et un contr\u00f4leur \u00e0 18 tubes, ce rickshaw \u00e9lectronique de livraison offre des performances constantes et une capacit\u00e9 d'escalade sup\u00e9rieure jusqu'\u00e0 15\u00b0.<\/p>\n<\/li>\n<li data-start=\"1469\" data-end=\"1676\">\n<p data-start=\"1472\" data-end=\"1676\"><strong data-start=\"1472\" data-end=\"1500\">Performance \u00e9cologique<\/strong> Courir sur un <strong data-start=\"1516\" data-end=\"1552\">Batterie 60V 52A sans entretien<\/strong>Il offre jusqu'\u00e0 45 km de kilom\u00e9trage par charge, r\u00e9duisant les co\u00fbts de carburant et l'impact environnemental par rapport aux v\u00e9hicules \u00e0 trois roues \u00e0 essence.<\/p>\n<\/li>\n<li data-start=\"1677\" data-end=\"1888\">\n<p data-start=\"1680\" data-end=\"1888\"><strong data-start=\"1680\" data-end=\"1709\">Am\u00e9lioration de la s\u00e9curit\u00e9 et Confort<\/strong> \u2013 Les amortisseurs hydrauliques avant et la suspension arri\u00e8re en plaque d\u2019acier renforc\u00e9e assurent une course stable, tandis que le <strong data-start=\"1820\" data-end=\"1838\">Phares LED<\/strong> am\u00e9liorer la visibilit\u00e9 pendant les op\u00e9rations nocturnes.<\/p>\n<\/li>\n<\/ol>\n<p>&nbsp;<\/p>\n<hr \/>\n<\/div>\n<p>&nbsp;<\/p>\n<div class=\"kche-t154-img\">\n<h3 data-start=\"1890\" data-end=\"1925\"><strong data-start=\"1894\" data-end=\"1923\">Avantages diff\u00e9renci\u00e9s<\/strong><\/h3>\n<ol data-start=\"1926\" data-end=\"2602\">\n<li data-start=\"1926\" data-end=\"2085\">\n<p data-start=\"1929\" data-end=\"2085\"><strong data-start=\"1929\" data-end=\"1965\">Optimis\u00e9 pour la livraison Last Mile<\/strong> \u2013 Contrairement aux camions de fret traditionnels, ce trik de fret peut facilement acc\u00e9der \u00e0 des ruelles \u00e9troites, gagnant du temps dans les livraisons urbaines.<\/p>\n<\/li>\n<li data-start=\"2086\" data-end=\"2225\">\n<p data-start=\"2089\" data-end=\"2225\"><strong data-start=\"2089\" data-end=\"2118\">Op\u00e9rations rentables<\/strong> \u2013 Les co\u00fbts d\u2019entretien et de recharge plus faibles le rendent plus \u00e9conomique que les trois roues de livraison \u00e0 gaz.<\/p>\n<\/li>\n<li data-start=\"2226\" data-end=\"2394\">\n<p data-start=\"2229\" data-end=\"2394\"><strong data-start=\"2229\" data-end=\"2253\">Options personnalisables<\/strong> \u2013 Le moteur, le contr\u00f4leur, l\u2019essieu arri\u00e8re et l\u2019ouverture de la porte arri\u00e8re peuvent \u00eatre adapt\u00e9s \u00e0 diff\u00e9rents besoins d\u2019entreprise, ce qui le rend adaptable \u00e0 toutes les industries.<\/p>\n<\/li>\n<li data-start=\"2395\" data-end=\"2602\">\n<p data-start=\"2398\" data-end=\"2602\"><strong data-start=\"2398\" data-end=\"2429\">Assurance qualit\u00e9 certifi\u00e9e<\/strong> \u2013 Soutenu par <strong data-start=\"2442\" data-end=\"2463\">Certification COC<\/strong> et la qualification nationale de production de premier niveau, assurant la fiabilit\u00e9 \u00e0 long terme et la conformit\u00e9 aux normes logistiques internationales.<\/p>\n<\/li>\n<\/ol>\n<p>&nbsp;<\/p>\n<hr \/>\n<\/div>\n<p>&nbsp;<\/p>\n<div class=\"kche-t154-img\">\n<h3 data-start=\"3344\" data-end=\"3363\"><strong data-start=\"3348\" data-end=\"3361\">Mat\u00e9riaux<\/strong><\/h3>\n<ul data-start=\"3364\" data-end=\"3503\">\n<li data-start=\"3364\" data-end=\"3390\">\n<p data-start=\"3366\" data-end=\"3390\">Cadre en acier renforc\u00e9<\/p>\n<\/li>\n<li data-start=\"3391\" data-end=\"3420\">\n<p data-start=\"3393\" data-end=\"3420\">Amortisseurs hydrauliques<\/p>\n<\/li>\n<li data-start=\"3421\" data-end=\"3464\">\n<p data-start=\"3423\" data-end=\"3464\">Suspension arri\u00e8re \u00e0 ressort \u00e0 feuille en acier<\/p>\n<\/li>\n<li data-start=\"3465\" data-end=\"3503\">\n<p data-start=\"3467\" data-end=\"3503\">Batterie au plomb-acide sans entretien<\/p>\n<\/li>\n<\/ul>\n<h3 data-start=\"3505\" data-end=\"3525\"><strong data-start=\"3509\" data-end=\"3523\">Apparence<\/strong><\/h3>\n<p data-start=\"3526\" data-end=\"3686\">Design \u00e9l\u00e9gant et moderne de la carrosserie disponible en plusieurs couleurs. Sa structure de bo\u00eete de fret offre un espace de stockage s\u00e9curis\u00e9, renfor\u00e7ant son r\u00f4le de v\u00e9hicule logistique \u00e0 trois roues.<\/p>\n<h3 data-start=\"3688\" data-end=\"3704\"><strong data-start=\"3692\" data-end=\"3702\">Conception<\/strong><\/h3>\n<p data-start=\"3705\" data-end=\"3884\">Conception compacte mais robuste con\u00e7ue pour des performances \u00e9lev\u00e9es dans les environnements urbains. Les phares LED et la forme rationnelle am\u00e9liorent la visibilit\u00e9 et la pr\u00e9sence de la marque pour les entreprises de messagerie.<\/p>\n<h3 data-start=\"3886\" data-end=\"3913\"><strong data-start=\"3890\" data-end=\"3911\">personnalisation OEM<\/strong><\/h3>\n<p data-start=\"3914\" data-end=\"4056\">Le moteur, le contr\u00f4leur, l'essieu arri\u00e8re et l'ouverture de la porte peuvent \u00eatre personnalis\u00e9s pour divers secteurs de livraison, assurant la flexibilit\u00e9 des op\u00e9rateurs logistiques.<\/p>\n<h3 data-start=\"4058\" data-end=\"4083\"><strong data-start=\"4062\" data-end=\"4081\">Contr\u00f4le qualit\u00e9<\/strong><\/h3>\n<p data-start=\"4084\" data-end=\"4260\">Chaque tricycle subit des inspections de qualit\u00e9 strictes sous <strong data-start=\"4141\" data-end=\"4190\">qualification nationale de production de premier niveau<\/strong>Assurer la s\u00e9curit\u00e9, la durabilit\u00e9 et la conformit\u00e9 aux normes mondiales.<\/p>\n<h3 data-start=\"4262\" data-end=\"4291\"><strong data-start=\"4266\" data-end=\"4289\">Service apr\u00e8s-vente<\/strong><\/h3>\n<p data-start=\"4292\" data-end=\"4418\">Support apr\u00e8s-vente complet avec disponibilit\u00e9 de pi\u00e8ces d\u00e9tach\u00e9es, guidage technique en ligne et services de garantie \u00e0 long terme.<\/p>\n<h3 data-start=\"4420\" data-end=\"4448\"><strong data-start=\"4424\" data-end=\"4446\">Champs d'application<\/strong><\/h3>\n<ul data-start=\"4449\" data-end=\"4586\">\n<li data-start=\"4449\" data-end=\"4480\">\n<p data-start=\"4451\" data-end=\"4480\">Courrier et livraison de colis<\/p>\n<\/li>\n<li data-start=\"4481\" data-end=\"4505\">\n<p data-start=\"4483\" data-end=\"4505\">Logistique e-commerce<\/p>\n<\/li>\n<li data-start=\"4506\" data-end=\"4539\">\n<p data-start=\"4508\" data-end=\"4539\">Distribution d'aliments et d'\u00e9picerie<\/p>\n<\/li>\n<li data-start=\"4540\" data-end=\"4586\">\n<p data-start=\"4542\" data-end=\"4586\">Transport express en zones urbaines et rurales<\/p>\n<\/li>\n<\/ul>\n<h3 data-start=\"4588\" data-end=\"4613\"><strong data-start=\"4592\" data-end=\"4611\">Options de paiement<\/strong><\/h3>\n<p data-start=\"4614\" data-end=\"4695\">Nous prenons en charge plusieurs m\u00e9thodes de paiement : <strong data-start=\"4651\" data-end=\"4692\">T \/ T, L \/ C, PayPal et assurance commerciale<\/strong>.<\/p>\n<p>\u00a0 \u00a0 \u00a0 \u00a0 \u00a0<img fetchpriority=\"high\" decoding=\"async\" class=\"alignnone size-medium wp-image-3905\" src=\"https:\/\/www.tairuiauto.com\/wp-content\/uploads\/2025\/06\/H188d5991fd0f44dfb63d4113117ffc34y-300x225.jpg\" alt=\"\" width=\"300\" height=\"225\" srcset=\"https:\/\/www.tairuiauto.com\/wp-content\/uploads\/2025\/06\/H188d5991fd0f44dfb63d4113117ffc34y-300x225.jpg 300w, https:\/\/www.tairuiauto.com\/wp-content\/uploads\/2025\/06\/H188d5991fd0f44dfb63d4113117ffc34y-768x576.jpg 768w, https:\/\/www.tairuiauto.com\/wp-content\/uploads\/2025\/06\/H188d5991fd0f44dfb63d4113117ffc34y-16x12.jpg 16w, https:\/\/www.tairuiauto.com\/wp-content\/uploads\/2025\/06\/H188d5991fd0f44dfb63d4113117ffc34y-600x450.jpg 600w, https:\/\/www.tairuiauto.com\/wp-content\/uploads\/2025\/06\/H188d5991fd0f44dfb63d4113117ffc34y.jpg 888w\" sizes=\"(max-width: 300px) 100vw, 300px\" \/>\u00a0 \u00a0 \u00a0 \u00a0 \u00a0 \u00a0 \u00a0 \u00a0\u00a0 <img decoding=\"async\" class=\"alignnone size-medium wp-image-3906\" src=\"https:\/\/www.tairuiauto.com\/wp-content\/uploads\/2025\/06\/Hd2fd217e4f6a4d1bb135398294c4bb21U-1-300x225.jpg\" alt=\"\" width=\"300\" height=\"225\" srcset=\"https:\/\/www.tairuiauto.com\/wp-content\/uploads\/2025\/06\/Hd2fd217e4f6a4d1bb135398294c4bb21U-1-300x225.jpg 300w, https:\/\/www.tairuiauto.com\/wp-content\/uploads\/2025\/06\/Hd2fd217e4f6a4d1bb135398294c4bb21U-1-768x576.jpg 768w, https:\/\/www.tairuiauto.com\/wp-content\/uploads\/2025\/06\/Hd2fd217e4f6a4d1bb135398294c4bb21U-1-16x12.jpg 16w, https:\/\/www.tairuiauto.com\/wp-content\/uploads\/2025\/06\/Hd2fd217e4f6a4d1bb135398294c4bb21U-1-600x450.jpg 600w, https:\/\/www.tairuiauto.com\/wp-content\/uploads\/2025\/06\/Hd2fd217e4f6a4d1bb135398294c4bb21U-1.jpg 888w\" sizes=\"(max-width: 300px) 100vw, 300px\" \/>\u00a0 \u00a0 \u00a0 \u00a0 \u00a0 \u00a0 \u00a0 \u00a0<img decoding=\"async\" class=\"alignnone size-medium wp-image-3904\" src=\"https:\/\/www.tairuiauto.com\/wp-content\/uploads\/2025\/06\/H8a196846f335480a9a541983a732c176L-1-300x225.jpg\" alt=\"\" width=\"300\" height=\"225\" srcset=\"https:\/\/www.tairuiauto.com\/wp-content\/uploads\/2025\/06\/H8a196846f335480a9a541983a732c176L-1-300x225.jpg 300w, https:\/\/www.tairuiauto.com\/wp-content\/uploads\/2025\/06\/H8a196846f335480a9a541983a732c176L-1-768x576.jpg 768w, https:\/\/www.tairuiauto.com\/wp-content\/uploads\/2025\/06\/H8a196846f335480a9a541983a732c176L-1-16x12.jpg 16w, https:\/\/www.tairuiauto.com\/wp-content\/uploads\/2025\/06\/H8a196846f335480a9a541983a732c176L-1-600x450.jpg 600w, https:\/\/www.tairuiauto.com\/wp-content\/uploads\/2025\/06\/H8a196846f335480a9a541983a732c176L-1.jpg 888w\" sizes=\"(max-width: 300px) 100vw, 300px\" \/><\/p>\n<hr \/>\n<\/div>\n<\/div>\n<\/div>\n<p>&nbsp;<\/p>\n<div class=\"kche-wrap-width\">\n<div class=\"kche-t154\">\n<div class=\"kche-t154-img\">\n<h3 data-start=\"4697\" data-end=\"4710\"><strong data-start=\"4701\" data-end=\"4708\">FAQ (questions fr\u00e9quentes)<\/strong><\/h3>\n<p data-start=\"4711\" data-end=\"4889\"><strong data-start=\"4711\" data-end=\"4782\">Q1: Combien de temps dure la batterie Express Transport Tricycle de 1,6 m?<\/strong><br data-start=\"4782\" data-end=\"4785\" \/>A1: La batterie 60V 52A fournit jusqu'\u00e0 <strong data-start=\"4824\" data-end=\"4851\">Kilom\u00e9trage de 45 km par charge<\/strong> avec un cycle de charge de 6 \u00e0 8 heures.<\/p>\n<p data-start=\"4891\" data-end=\"5039\"><strong data-start=\"4891\" data-end=\"4937\">Q2: Ce tricycle peut-il g\u00e9rer les routes en pente?<\/strong><br data-start=\"4937\" data-end=\"4940\" \/>A2 : Oui, avec un <strong data-start=\"4956\" data-end=\"4978\">15\u00b0 angle d'escalade<\/strong> et un moteur puissant de 800W, il g\u00e8re facilement les routes inclin\u00e9es.<\/p>\n<p data-start=\"5041\" data-end=\"5184\"><strong data-start=\"5041\" data-end=\"5080\">Q3: La personnalisation OEM est-elle disponible?<\/strong><br data-start=\"5080\" data-end=\"5083\" \/>A3: Oui, le moteur, le contr\u00f4leur, l'essieu arri\u00e8re et la porte arri\u00e8re peuvent \u00eatre personnalis\u00e9s pour r\u00e9pondre \u00e0 vos besoins de livraison.<\/p>\n<p data-start=\"5186\" data-end=\"5331\"><strong data-start=\"5186\" data-end=\"5236\">Q4: Quelles certifications le produit a-t-il?<\/strong><br data-start=\"5236\" data-end=\"5239\" \/>A4 : Il vient avec <strong data-start=\"5257\" data-end=\"5278\">Certification COC<\/strong> et la qualification nationale de production de premier niveau.<\/p>\n<p data-start=\"5333\" data-end=\"5495\"><strong data-start=\"5333\" data-end=\"5384\">Q5: Quelles industries utilisent ce tricycle le plus?<\/strong><br data-start=\"5384\" data-end=\"5387\" \/>A5: Il est largement utilis\u00e9 dans <strong data-start=\"5412\" data-end=\"5492\">services de messagerie, livraison de nourriture, logistique e-commerce et transport express<\/strong>.<\/p>\n<p data-start=\"5333\" data-end=\"5495\">\n<hr \/>\n<blockquote>\n<p class=\"ds-markdown-paragraph\"><strong>Le Last-Mile Dominator: Ce n\u2019est pas seulement un trike, c\u2019est un moteur de livraison \u00e0 l\u2019\u00e9preuve des congestions. Gr\u00e2ce \u00e0 l'acc\u00e8s aux ruelles, \u00e0 la technologie logistique intelligente et \u00e0 l'\u00e9nergie \u00e9volutive, il offre 30 % de plus d'arr\u00eats par heure que les fourgonnettes dans les villes bond\u00e9es. Pour les courriers qui mesurent le succ\u00e8s en colis par watt, le Tricycle de transport express de 1,6 m est l'outil ultime.<\/strong><\/p>\n<\/blockquote>\n<\/div>\n<\/div>\n<\/div>","protected":false},"excerpt":{"rendered":"<p>Le <strong data-start=\"400\" data-end=\"435\">Tricycle de transport express de 1,6 m<\/strong> est une solution puissante, \u00e9cologique et polyvalente pour la logistique urbaine et la livraison au dernier kilom\u00e8tre. Con\u00e7u avec un moteur 60V 800W et un amortissement hydraulique avanc\u00e9, ce tricycle \u00e9lectrique de fret assure une efficacit\u00e9, une stabilit\u00e9 et un confort \u00e9lev\u00e9s. Con\u00e7u pour transporter des charges lourdes tout en maintenant des co\u00fbts op\u00e9rationnels bas, le trike est id\u00e9al pour les services de messagerie, les livraisons de commerce \u00e9lectronique, la distribution alimentaire et la logistique \u00e0 petite \u00e9chelle. Sa conception compacte lui permet de naviguer facilement dans les rues \u00e9troites et les routes urbaines congestionn\u00e9es, ce qui en fait une alternative parfaite aux camions de livraison conventionnels.<\/p>","protected":false},"featured_media":3897,"comment_status":"open","ping_status":"closed","template":"","meta":[],"product_brand":[],"product_cat":[78],"product_tag":[],"class_list":{"0":"post-2859","1":"product","2":"type-product","3":"status-publish","4":"has-post-thumbnail","6":"product_cat-electric-tricycle","8":"first","9":"instock","10":"shipping-taxable","11":"purchasable","12":"product-type-simple"},"_links":{"self":[{"href":"https:\/\/www.tairuiauto.com\/fr\/wp-json\/wp\/v2\/product\/2859","targetHints":{"allow":["GET"]}}],"collection":[{"href":"https:\/\/www.tairuiauto.com\/fr\/wp-json\/wp\/v2\/product"}],"about":[{"href":"https:\/\/www.tairuiauto.com\/fr\/wp-json\/wp\/v2\/types\/product"}],"replies":[{"embeddable":true,"href":"https:\/\/www.tairuiauto.com\/fr\/wp-json\/wp\/v2\/comments?post=2859"}],"wp:featuredmedia":[{"embeddable":true,"href":"https:\/\/www.tairuiauto.com\/fr\/wp-json\/wp\/v2\/media\/3897"}],"wp:attachment":[{"href":"https:\/\/www.tairuiauto.com\/fr\/wp-json\/wp\/v2\/media?parent=2859"}],"wp:term":[{"taxonomy":"product_brand","embeddable":true,"href":"https:\/\/www.tairuiauto.com\/fr\/wp-json\/wp\/v2\/product_brand?post=2859"},{"taxonomy":"product_cat","embeddable":true,"href":"https:\/\/www.tairuiauto.com\/fr\/wp-json\/wp\/v2\/product_cat?post=2859"},{"taxonomy":"product_tag","embeddable":true,"href":"https:\/\/www.tairuiauto.com\/fr\/wp-json\/wp\/v2\/product_tag?post=2859"}],"curies":[{"name":"WP","href":"https:\/\/api.w.org\/{rel}","templated":true}]}}