{"id":2868,"date":"2025-10-07T11:50:14","date_gmt":"2025-10-07T03:50:14","guid":{"rendered":"https:\/\/www.tairuiauto.com\/?post_type=product&#038;p=2868"},"modified":"2025-10-07T13:30:37","modified_gmt":"2025-10-07T05:30:37","slug":"1-6m-freight-tricycle-with-cab","status":"publish","type":"product","link":"https:\/\/www.tairuiauto.com\/fr\/product\/1-6m-freight-tricycle-with-cab\/","title":{"rendered":"Tricycle de fret commercial avec cabine"},"content":{"rendered":"<p><strong>\u200b Liste des param\u00e8tres<\/strong><\/p>\n<p>Avec un <strong data-start=\"622\" data-end=\"640\">moteur 60V 800W<\/strong> et une structure renforc\u00e9e, ce camion de fret fournit une puissance fiable et une s\u00e9curit\u00e9 am\u00e9lior\u00e9e pour la logistique du dernier kilom\u00e8tre. Sa conception enti\u00e8rement ferm\u00e9e prot\u00e8ge les conducteurs de la pluie, du vent et du soleil, ce qui en fait un excellent choix pour les op\u00e9rations toute l'ann\u00e9e. Avec un \u00e9quilibre entre taille compacte et capacit\u00e9 de charge \u00e9lev\u00e9e, ce rickshaw \u00e9lectronique cargo avec cabine est id\u00e9al pour les entreprises \u00e0 la recherche d'une solution logistique \u00e9conomique et \u00e9cologique.<\/p>\n<table class=\"table\" style=\"width: 67.8889%;\" border=\"1\" cellspacing=\"1\" cellpadding=\"1\">\n<tbody>\n<tr>\n<td style=\"width: 127.669%;\" colspan=\"2\">Configuration standard<\/td>\n<\/tr>\n<tr>\n<td style=\"width: 33.2865%;\">Mod\u00e8le<\/td>\n<td style=\"width: 94.382%;\">Tricycle de fret de 1,6 m avec cabine<\/td>\n<\/tr>\n<tr>\n<td style=\"width: 33.2865%;\">Dimensions globales du v\u00e9hicule (mm)<\/td>\n<td style=\"width: 94.382%;\">3060*1160*1680<\/td>\n<\/tr>\n<tr>\n<td style=\"width: 33.2865%;\">tableau de bord<\/td>\n<td style=\"width: 94.382%;\">Station de travail int\u00e9gr\u00e9e<\/td>\n<\/tr>\n<tr>\n<td style=\"width: 33.2865%;\">Contr\u00f4leur moteur<\/td>\n<td style=\"width: 94.382%;\">Contr\u00f4leur synchrone \u00e0 18 phases \u00e0 aimant permanent<\/td>\n<\/tr>\n<tr>\n<td style=\"width: 33.2865%;\">Essieu arri\u00e8re<\/td>\n<td style=\"width: 94.382%;\">Essieu arri\u00e8re int\u00e9gr\u00e9<\/td>\n<\/tr>\n<tr>\n<td style=\"width: 33.2865%;\">Frein avant<\/td>\n<td style=\"width: 94.382%;\">37 Absorption\/frein avant 130<\/td>\n<\/tr>\n<tr>\n<td style=\"width: 33.2865%;\">Frein arri\u00e8re<\/td>\n<td style=\"width: 94.382%;\">160 tambour de frein<\/td>\n<\/tr>\n<tr>\n<td style=\"width: 33.2865%;\">Angle d'escalade<\/td>\n<td style=\"width: 94.382%;\">15\u00b0<\/td>\n<\/tr>\n<tr>\n<td style=\"width: 33.2865%;\">Phares avant<\/td>\n<td style=\"width: 94.382%;\">LED<\/td>\n<\/tr>\n<tr>\n<td style=\"width: 33.2865%;\">D\u00e9gagement au sol<\/td>\n<td style=\"width: 94.382%;\">140 mm<\/td>\n<\/tr>\n<tr>\n<td style=\"width: 33.2865%;\">Poids<\/td>\n<td style=\"width: 94.382%;\">288kg<\/td>\n<\/tr>\n<tr>\n<td style=\"width: 33.2865%;\">Charger<\/td>\n<td style=\"width: 94.382%;\">275kg<\/td>\n<\/tr>\n<tr>\n<td style=\"width: 33.2865%;\">Facultatif<\/td>\n<td style=\"width: 94.382%;\">Facultatif: absorbeur, moteur, contr\u00f4leur, pneus, essieu arri\u00e8re<\/td>\n<\/tr>\n<tr>\n<td style=\"width: 33.2865%;\">Moyeu roue<\/td>\n<td style=\"width: 94.382%;\">Moyeu roue<\/td>\n<\/tr>\n<tr>\n<td style=\"width: 33.2865%;\">moteur<\/td>\n<td style=\"width: 94.382%;\">moteur 60v800w<\/td>\n<\/tr>\n<tr>\n<td style=\"width: 33.2865%;\">Amortisseur avant<\/td>\n<td style=\"width: 94.382%;\">Amortisseur hydraulique<\/td>\n<\/tr>\n<tr>\n<td style=\"width: 33.2865%;\">Suspension arri\u00e8re<\/td>\n<td style=\"width: 94.382%;\">Plaque en acier renforc\u00e9e avec 5 ressorts \u00e0 feuille pour l'amortissement arri\u00e8re<\/td>\n<\/tr>\n<tr>\n<td style=\"width: 33.2865%;\">Vitesse maximale<\/td>\n<td style=\"width: 94.382%;\">38kn \/ h<\/td>\n<\/tr>\n<tr>\n<td style=\"width: 33.2865%;\">Pneumatiques avant et arri\u00e8re<\/td>\n<td style=\"width: 94.382%;\">F375-12 R375-12<\/td>\n<\/tr>\n<tr>\n<td style=\"width: 33.2865%;\">Endurance<\/td>\n<td style=\"width: 94.382%;\">45 kilom\u00e8tres<\/td>\n<\/tr>\n<tr>\n<td style=\"width: 33.2865%;\">Batterie<\/td>\n<td style=\"width: 94.382%;\">60V 52A<\/td>\n<\/tr>\n<tr>\n<td style=\"width: 33.2865%;\">Couleur<\/td>\n<td style=\"width: 94.382%;\">Bleu, vert, argent, rouge<\/td>\n<\/tr>\n<tr>\n<td style=\"width: 33.2865%;\">Authentification<\/td>\n<td style=\"width: 94.382%;\">Qualification nationale de production de premier niveau, certification COC<\/td>\n<\/tr>\n<tr>\n<td style=\"width: 33.2865%;\">Temps de charge<\/td>\n<td style=\"width: 94.382%;\">6-8heure<\/td>\n<\/tr>\n<\/tbody>\n<\/table>\n<div><\/div>\n<div class=\"kche-wrap-width\">\n<div class=\"kche-t154\">\n<div class=\"kche-t154-contant\">\n<div class=\"kche-t154-list\">\n<div class=\"kche-t154-item\">\n<div class=\"kche-t154-img\">\n<div class=\"dad65929\">\n<div class=\"_4f9bf79 d7dc56a8 _43c05b5\">\n<div class=\"ds-markdown ds-markdown--block\">\n<hr \/>\n<h3>Points de vente de produits<\/h3>\n<ol start=\"1\">\n<li>\n<p class=\"ds-markdown-paragraph\"><strong>S\u00e9curit\u00e9 et certification Dur\u00e9e<\/strong><\/p>\n<ul>\n<li>\n<p class=\"ds-markdown-paragraph\"><strong>Certifi\u00e9 COC<\/strong>R\u00e9pond aux normes europ\u00e9ennes de s\u00e9curit\u00e9 et \u00e0 la qualification nationale de production de premier niveau.<\/p>\n<\/li>\n<li>\n<p class=\"ds-markdown-paragraph\"><strong>Chassis renforc\u00e9<\/strong>: les chocs hydrauliques avant de la suspension arri\u00e8re \u00e0 ressort \u00e0 5 feuilles supportent des charges de 275kg.<\/p>\n<\/li>\n<\/ul>\n<\/li>\n<li>\n<p class=\"ds-markdown-paragraph\"><strong>Op\u00e9ration en toutes conditions m\u00e9t\u00e9orologiques<\/strong><\/p>\n<ul>\n<li>\n<p class=\"ds-markdown-paragraph\"><strong>Cabine r\u00e9sistante aux intemp\u00e9ries<\/strong>Prot\u00e9ge les conducteurs de la pluie\/du soleil; Le poste de travail int\u00e9gr\u00e9 simplifie les contr\u00f4les.<\/p>\n<\/li>\n<li>\n<p class=\"ds-markdown-paragraph\"><strong>D\u00e9gagement au sol \u00e9lev\u00e9<\/strong>: 140mm de d\u00e9gagement 375-12 pneus conqu\u00e9rir les routes difficiles.<\/p>\n<\/li>\n<\/ul>\n<\/li>\n<li>\n<p class=\"ds-markdown-paragraph\"><strong>Personnalisation modulaire<\/strong><\/p>\n<ul>\n<li>\n<p class=\"ds-markdown-paragraph\"><strong>Mises \u00e0 niveau flexibles<\/strong>Moteurs, contr\u00f4leurs, pneus, essieux arri\u00e8re et amortisseurs en option.<\/p>\n<\/li>\n<li>\n<p class=\"ds-markdown-paragraph\"><strong>Plug-and-Play<\/strong>\u00c9changez les composants pour des performances sp\u00e9cifiques au terrain (p. ex., des collines plus raides).<\/p>\n<\/li>\n<\/ul>\n<\/li>\n<li>\n<p class=\"ds-markdown-paragraph\"><strong>Flux de travail efficace<\/strong><\/p>\n<ul>\n<li>\n<p class=\"ds-markdown-paragraph\"><strong>Chargement rapide<\/strong>: 6-8 heures de recharge minimise les temps d'arr\u00eat.<\/p>\n<\/li>\n<li>\n<p class=\"ds-markdown-paragraph\"><strong>Lumi\u00e8res de travail LED<\/strong>Illuminez les op\u00e9rations nocturnes pour des livraisons plus s\u00fbres.<\/p>\n<\/li>\n<\/ul>\n<\/li>\n<\/ol>\n<p><img fetchpriority=\"high\" decoding=\"async\" class=\"alignnone size-medium wp-image-3933\" src=\"https:\/\/www.tairuiauto.com\/wp-content\/uploads\/2025\/10\/1.6m-Freight-Tricycle-with-Cab-3-300x300.jpg\" alt=\"\" width=\"300\" height=\"300\" srcset=\"https:\/\/www.tairuiauto.com\/wp-content\/uploads\/2025\/10\/1.6m-Freight-Tricycle-with-Cab-3-300x300.jpg 300w, https:\/\/www.tairuiauto.com\/wp-content\/uploads\/2025\/10\/1.6m-Freight-Tricycle-with-Cab-3-1024x1024.jpg 1024w, https:\/\/www.tairuiauto.com\/wp-content\/uploads\/2025\/10\/1.6m-Freight-Tricycle-with-Cab-3-150x150.jpg 150w, https:\/\/www.tairuiauto.com\/wp-content\/uploads\/2025\/10\/1.6m-Freight-Tricycle-with-Cab-3-768x768.jpg 768w, https:\/\/www.tairuiauto.com\/wp-content\/uploads\/2025\/10\/1.6m-Freight-Tricycle-with-Cab-3-12x12.jpg 12w, https:\/\/www.tairuiauto.com\/wp-content\/uploads\/2025\/10\/1.6m-Freight-Tricycle-with-Cab-3-600x600.jpg 600w, https:\/\/www.tairuiauto.com\/wp-content\/uploads\/2025\/10\/1.6m-Freight-Tricycle-with-Cab-3-100x100.jpg 100w, https:\/\/www.tairuiauto.com\/wp-content\/uploads\/2025\/10\/1.6m-Freight-Tricycle-with-Cab-3.jpg 1276w\" sizes=\"(max-width: 300px) 100vw, 300px\" \/>\u00a0 \u00a0 \u00a0 \u00a0 <img decoding=\"async\" class=\"alignnone size-medium wp-image-3932\" src=\"https:\/\/www.tairuiauto.com\/wp-content\/uploads\/2025\/10\/1.6m-Freight-Tricycle-with-Cab-2-300x300.jpg\" alt=\"\" width=\"300\" height=\"300\" srcset=\"https:\/\/www.tairuiauto.com\/wp-content\/uploads\/2025\/10\/1.6m-Freight-Tricycle-with-Cab-2-300x300.jpg 300w, https:\/\/www.tairuiauto.com\/wp-content\/uploads\/2025\/10\/1.6m-Freight-Tricycle-with-Cab-2-1024x1024.jpg 1024w, https:\/\/www.tairuiauto.com\/wp-content\/uploads\/2025\/10\/1.6m-Freight-Tricycle-with-Cab-2-150x150.jpg 150w, https:\/\/www.tairuiauto.com\/wp-content\/uploads\/2025\/10\/1.6m-Freight-Tricycle-with-Cab-2-768x768.jpg 768w, https:\/\/www.tairuiauto.com\/wp-content\/uploads\/2025\/10\/1.6m-Freight-Tricycle-with-Cab-2-12x12.jpg 12w, https:\/\/www.tairuiauto.com\/wp-content\/uploads\/2025\/10\/1.6m-Freight-Tricycle-with-Cab-2-600x600.jpg 600w, https:\/\/www.tairuiauto.com\/wp-content\/uploads\/2025\/10\/1.6m-Freight-Tricycle-with-Cab-2-100x100.jpg 100w, https:\/\/www.tairuiauto.com\/wp-content\/uploads\/2025\/10\/1.6m-Freight-Tricycle-with-Cab-2.jpg 1276w\" sizes=\"(max-width: 300px) 100vw, 300px\" \/>\u00a0 \u00a0 \u00a0 \u00a0 <img decoding=\"async\" class=\"alignnone size-medium wp-image-3929\" src=\"https:\/\/www.tairuiauto.com\/wp-content\/uploads\/2025\/10\/1.6m-Freight-Tricycle-with-Cab-1-300x300.jpg\" alt=\"\" width=\"300\" height=\"300\" srcset=\"https:\/\/www.tairuiauto.com\/wp-content\/uploads\/2025\/10\/1.6m-Freight-Tricycle-with-Cab-1-300x300.jpg 300w, https:\/\/www.tairuiauto.com\/wp-content\/uploads\/2025\/10\/1.6m-Freight-Tricycle-with-Cab-1-150x150.jpg 150w, https:\/\/www.tairuiauto.com\/wp-content\/uploads\/2025\/10\/1.6m-Freight-Tricycle-with-Cab-1-12x12.jpg 12w, https:\/\/www.tairuiauto.com\/wp-content\/uploads\/2025\/10\/1.6m-Freight-Tricycle-with-Cab-1-600x600.jpg 600w, https:\/\/www.tairuiauto.com\/wp-content\/uploads\/2025\/10\/1.6m-Freight-Tricycle-with-Cab-1-100x100.jpg 100w, https:\/\/www.tairuiauto.com\/wp-content\/uploads\/2025\/10\/1.6m-Freight-Tricycle-with-Cab-1.jpg 730w\" sizes=\"(max-width: 300px) 100vw, 300px\" \/><\/p>\n<hr \/>\n<h3>Avantages de la diff\u00e9renciation<\/h3>\n<div class=\"markdown-table-wrapper\">\n<table style=\"width: 75.3206%;\">\n<thead>\n<tr>\n<th style=\"width: 18.8976%;\"><strong>Caract\u00e9ristique<\/strong><\/th>\n<th style=\"width: 40.812%;\"><strong>Ce mod\u00e8le<\/strong><\/th>\n<th style=\"width: 73.6762%;\"><strong>Trikes de fret standard<\/strong><\/th>\n<\/tr>\n<\/thead>\n<tbody>\n<tr>\n<td style=\"width: 18.8976%;\"><strong>Certification<\/strong><\/td>\n<td style=\"width: 40.812%;\"><strong>Certificat national de production L1 COC<\/strong><\/td>\n<td style=\"width: 73.6762%;\">Souvent non certifi\u00e9<\/td>\n<\/tr>\n<tr>\n<td style=\"width: 18.8976%;\"><strong>Syst\u00e8me de freinage<\/strong><\/td>\n<td style=\"width: 40.812%;\">130mm frein avant 160mm tambour arri\u00e8re<\/td>\n<td style=\"width: 73.6762%;\">Syst\u00e8mes de base \u00e0 tambour unique<\/td>\n<\/tr>\n<tr>\n<td style=\"width: 18.8976%;\"><strong>S\u00e9curit\u00e9 de la charge utile<\/strong><\/td>\n<td style=\"width: 40.812%;\">Suspension arri\u00e8re \u00e0 ressort \u00e0 5 feuilles<\/td>\n<td style=\"width: 73.6762%;\">Ressorts standard \u00e0 3 feuilles<\/td>\n<\/tr>\n<tr>\n<td style=\"width: 18.8976%;\"><strong>Personnalisation<\/strong><\/td>\n<td style=\"width: 40.812%;\">Mises \u00e0 niveau du moteur\/contr\u00f4leur\/pneu\/essieu<\/td>\n<td style=\"width: 73.6762%;\">Configurations fixes<\/td>\n<\/tr>\n<tr>\n<td style=\"width: 18.8976%;\"><strong>Confort du conducteur<\/strong><\/td>\n<td style=\"width: 40.812%;\">Tableau de bord ergonomique de cabine r\u00e9sistant aux intemp\u00e9ries<\/td>\n<td style=\"width: 73.6762%;\">Cabines ouvertes ou couvertures de base<\/td>\n<\/tr>\n<\/tbody>\n<\/table>\n<\/div>\n<blockquote>\n<p class=\"ds-markdown-paragraph\"><strong>Edge cl\u00e9<\/strong>: Seule fusion trike\u00a0<em>S\u00e9curit\u00e9 conforme \u00e0 l'UE<\/em>\u00a0avec\u00a0<em>modularit\u00e9 industrielle<\/em>\u00a0et\u00a0<em>normes de fabrication v\u00e9rifi\u00e9es par l'\u00c9tat<\/em>.<\/p>\n<\/blockquote>\n<hr \/>\n<h3>F&amp; Q<\/h3>\n<ol start=\"1\">\n<li>\n<p class=\"ds-markdown-paragraph\"><strong>Q: Quelles certifications assurent la qualit\u00e9?<\/strong><br \/>\n\u2192 A:\u00a0<strong>COC (certificat europ\u00e9en de conformit\u00e9)<\/strong>\u00a0+\u00a0<strong>Qualification nationale de production de premier niveau<\/strong>\u00a0(Norme de fabrication sup\u00e9rieure de la Chine).<\/p>\n<\/li>\n<li>\n<p class=\"ds-markdown-paragraph\"><strong>Q: gamme du monde r\u00e9el avec 275kg de charge?<\/strong><br \/>\n\u2192  R: 45 km \u2013 optimis\u00e9 pour la livraison hyperlocale. Extendez la port\u00e9e gr\u00e2ce \u00e0 des mises \u00e0 niveau de batterie 72V en option.<\/p>\n<\/li>\n<li>\n<p class=\"ds-markdown-paragraph\"><strong>Q: Comment g\u00e9rer les conditions pluvieuses?<\/strong><br \/>\n\u2192  A: freins \u00e0 tambour arri\u00e8re de cabine scell\u00e9e de 160mm emp\u00eachent l'hydroplaning; Lumi\u00e8res LED couper \u00e0 travers le brouillard.<\/p>\n<\/li>\n<li>\n<p class=\"ds-markdown-paragraph\"><strong>Q: Puis-je mettre \u00e0 niveau pour un terrain plus raide?<\/strong><br \/>\n\u2192  R : Oui ! Facultatif :<\/p>\n<ul>\n<li>\n<p class=\"ds-markdown-paragraph\"><strong>moteur<\/strong>: 1200W (mont\u00e9e de qualit\u00e9 de 25%)<\/p>\n<\/li>\n<li>\n<p class=\"ds-markdown-paragraph\"><strong>Pneumatiques<\/strong>: variantes hors route \u00e0 bande de roulement profonde<\/p>\n<\/li>\n<li>\n<p class=\"ds-markdown-paragraph\"><strong>chocs<\/strong>: Absorbeurs hydrauliques lourds<\/p>\n<\/li>\n<\/ul>\n<\/li>\n<li>\n<p class=\"ds-markdown-paragraph\"><strong>Q: Entretien pour une utilisation quotidienne lourde?<\/strong><br \/>\n\u2192 A:\u00a0<strong>ressorts \u00e0 feuilles<\/strong>Inspecter tous les 10 000 km;\u00a0<strong>freins<\/strong>: Ajuster mensuellement ;\u00a0<strong>Batterie<\/strong>: 800 cycles.<\/p>\n<\/li>\n<li>\n<p class=\"ds-markdown-paragraph\"><strong>Q: Pourquoi choisir cela plut\u00f4t que les camionnettes?<\/strong><br \/>\n\u2192  R: 1,16 m de largeur pour l'acc\u00e8s \u00e0 l'all\u00e9e 80% plus bas co\u00fbts de carburant z\u00e9ro \u00e9missions de conformit\u00e9.<\/p>\n<\/li>\n<\/ol>\n<hr \/>\n<h3>Points saillants op\u00e9rationnels<\/h3>\n<ul>\n<li>\n<p class=\"ds-markdown-paragraph\"><strong>Adaptabilit\u00e9 au terrain<\/strong>: angle de mont\u00e9e de 15\u00b0 (am\u00e9liorable \u00e0 25\u00b0)<\/p>\n<\/li>\n<li>\n<p class=\"ds-markdown-paragraph\"><strong>Freinage Safety-First<\/strong>: Disque avant 130mm tambour arri\u00e8re 160mm avec modulation anti-verrouillage<\/p>\n<\/li>\n<li>\n<p class=\"ds-markdown-paragraph\"><strong>technologie batterie<\/strong>: acide plomb 60V52AH (LiFePO facultatif \u2084  pour 2x dur\u00e9e de vie)<\/p>\n<\/li>\n<li>\n<p class=\"ds-markdown-paragraph\"><strong>Options de couleur<\/strong>: Bleu\/Vert\/Argent\/Rouge (marque d'entreprise disponible)<\/p>\n<\/li>\n<\/ul>\n<hr \/>\n<blockquote>\n<p class=\"ds-markdown-paragraph\"><strong>Le changeur de jeu de la logistique : ce n\u2019est pas seulement un trique \u2013 c\u2019est un cheval de travail optimis\u00e9 pour le profit. Avec une personnalisation in\u00e9gal\u00e9e, une s\u00e9curit\u00e9 certifi\u00e9e et une endurance en toutes conditions m\u00e9t\u00e9orologiques, il surpasse les fourgonnettes dans les villes bond\u00e9es. Pour les entreprises mesurant le ROI en livraisons par dollar, ce trique offre une valeur inlassable.<\/strong><\/p>\n<\/blockquote>\n<\/div>\n<\/div>\n<\/div>\n<\/div>\n<\/div>\n<\/div>\n<\/div>\n<\/div>\n<\/div>","protected":false},"excerpt":{"rendered":"<p>Le\u00a0<strong>Tricycle de fret de 1,6 m avec cabine<\/strong>\u00a0r\u00e9volutionne la logistique urbaine avec sa conception robuste et sa fiabilit\u00e9 certifi\u00e9e. Con\u00e7u pour la livraison au dernier kilom\u00e8tre, ce cheval de travail certifi\u00e9 COC combine un\u00a0<strong>Capacit\u00e9 de charge utile 275kg<\/strong>\u00a0avec fonctionnement r\u00e9sistant aux intemp\u00e9ries, avec une cabine de protection, \u00e9clairage LED et options de personnalisation modulaires. Son moteur de 60V800W offre une vitesse maximale de 38 km\/h et une autonomie de 45 km \u2013 optimis\u00e9 pour les courses commerciales quotidiennes dans les villes ou les zones rurales.<\/p>","protected":false},"featured_media":3921,"comment_status":"open","ping_status":"closed","template":"","meta":[],"product_brand":[],"product_cat":[78],"product_tag":[],"class_list":{"0":"post-2868","1":"product","2":"type-product","3":"status-publish","4":"has-post-thumbnail","6":"product_cat-electric-tricycle","8":"first","9":"instock","10":"shipping-taxable","11":"purchasable","12":"product-type-simple"},"_links":{"self":[{"href":"https:\/\/www.tairuiauto.com\/fr\/wp-json\/wp\/v2\/product\/2868","targetHints":{"allow":["GET"]}}],"collection":[{"href":"https:\/\/www.tairuiauto.com\/fr\/wp-json\/wp\/v2\/product"}],"about":[{"href":"https:\/\/www.tairuiauto.com\/fr\/wp-json\/wp\/v2\/types\/product"}],"replies":[{"embeddable":true,"href":"https:\/\/www.tairuiauto.com\/fr\/wp-json\/wp\/v2\/comments?post=2868"}],"wp:featuredmedia":[{"embeddable":true,"href":"https:\/\/www.tairuiauto.com\/fr\/wp-json\/wp\/v2\/media\/3921"}],"wp:attachment":[{"href":"https:\/\/www.tairuiauto.com\/fr\/wp-json\/wp\/v2\/media?parent=2868"}],"wp:term":[{"taxonomy":"product_brand","embeddable":true,"href":"https:\/\/www.tairuiauto.com\/fr\/wp-json\/wp\/v2\/product_brand?post=2868"},{"taxonomy":"product_cat","embeddable":true,"href":"https:\/\/www.tairuiauto.com\/fr\/wp-json\/wp\/v2\/product_cat?post=2868"},{"taxonomy":"product_tag","embeddable":true,"href":"https:\/\/www.tairuiauto.com\/fr\/wp-json\/wp\/v2\/product_tag?post=2868"}],"curies":[{"name":"WP","href":"https:\/\/api.w.org\/{rel}","templated":true}]}}