{"id":2874,"date":"2025-06-19T14:43:32","date_gmt":"2025-06-19T06:43:32","guid":{"rendered":"https:\/\/www.tairuiauto.com\/?post_type=product&#038;p=2874"},"modified":"2025-11-25T08:36:17","modified_gmt":"2025-11-25T00:36:17","slug":"freight-tricycle-tk","status":"publish","type":"product","link":"https:\/\/www.tairuiauto.com\/fr\/product\/freight-tricycle-tk\/","title":{"rendered":"Freit Tricycle lourd"},"content":{"rendered":"<p><strong>\u200b Liste des param\u00e8tres<\/strong><\/p>\n<table class=\"table\" style=\"width: 72.2815%; height: 932px;\" border=\"1\" cellspacing=\"1\" cellpadding=\"1\">\n<tbody>\n<tr style=\"height: 52px;\">\n<td style=\"height: 52px; width: 36.1642%; text-align: center;\">Mod\u00e8le<\/td>\n<td style=\"height: 52px; width: 201.383%; text-align: center;\">Tricycle de fret<\/td>\n<\/tr>\n<tr style=\"height: 52px;\">\n<td style=\"height: 52px; width: 36.1642%; text-align: center;\">Dim global (mm)<\/td>\n<td style=\"height: 52px; width: 201.383%; text-align: center;\">2940*1130*1310<\/td>\n<\/tr>\n<tr style=\"height: 52px;\">\n<td style=\"height: 52px; width: 36.1642%; text-align: center;\">Taille de bo\u00eete de fret (mm)<\/td>\n<td style=\"height: 52px; width: 201.383%; text-align: center;\">1500*1130*550<\/td>\n<\/tr>\n<tr style=\"height: 52px;\">\n<td style=\"height: 52px; width: 36.1642%; text-align: center;\">Fourche avant<\/td>\n<td style=\"height: 52px; width: 201.383%; text-align: center;\">\u03c637 hydraulique avec ressort<\/td>\n<\/tr>\n<tr style=\"height: 52px;\">\n<td style=\"height: 52px; width: 36.1642%; text-align: center;\">moteur<\/td>\n<td style=\"height: 52px; width: 201.383%; text-align: center;\">60V1000W<\/td>\n<\/tr>\n<tr style=\"height: 52px;\">\n<td style=\"height: 52px; width: 36.1642%; text-align: center;\">contr\u00f4leur<\/td>\n<td style=\"height: 52px; width: 201.383%; text-align: center;\">60V 24tubes<\/td>\n<\/tr>\n<tr style=\"height: 52px;\">\n<td style=\"height: 52px; width: 36.1642%; text-align: center;\">Capacit\u00e9 de chargement\/kg<\/td>\n<td style=\"height: 52px; width: 201.383%; text-align: center;\">500 kg<\/td>\n<\/tr>\n<tr style=\"height: 52px;\">\n<td style=\"height: 52px; width: 36.1642%; text-align: center;\">Pneumatique avant\/arri\u00e8re<\/td>\n<td style=\"height: 52px; width: 201.383%; text-align: center;\">Pneumatique 3.75-12<\/td>\n<\/tr>\n<tr style=\"height: 52px;\">\n<td style=\"height: 52px; width: 36.1642%; text-align: center;\">bordure<\/td>\n<td style=\"height: 52px; width: 201.383%; text-align: center;\">jante en fer<\/td>\n<\/tr>\n<tr style=\"height: 52px;\">\n<td style=\"height: 52px; width: 36.1642%; text-align: center;\">Syst\u00e8me de frein<\/td>\n<td style=\"height: 52px; width: 201.383%; text-align: center;\">avant\/arri\u00e8re:tambour<\/td>\n<\/tr>\n<tr style=\"height: 52px;\">\n<td style=\"height: 52px; width: 36.1642%; text-align: center;\">Temps de charge (H)<\/td>\n<td style=\"height: 52px; width: 201.383%; text-align: center;\">6-8<\/td>\n<\/tr>\n<tr style=\"height: 76px;\">\n<td style=\"height: 76px; width: 36.1642%; text-align: center;\">Distance par charge\/km<\/td>\n<td style=\"height: 76px; width: 201.383%; text-align: center;\">40-60<\/td>\n<\/tr>\n<tr style=\"height: 52px;\">\n<td style=\"height: 52px; width: 36.1642%; text-align: center;\">Degr\u00e9 d'escalade (%)<\/td>\n<td style=\"height: 52px; width: 201.383%; text-align: center;\"><span class=\"15\">\u2265<\/span><span class=\"16\">25<\/span><\/td>\n<\/tr>\n<tr style=\"height: 76px;\">\n<td style=\"height: 76px; width: 36.1642%; text-align: center;\">Batterie<\/td>\n<td style=\"height: 76px; width: 201.383%; text-align: center;\">Batterie acide au plomb 60V45AH<\/td>\n<\/tr>\n<tr style=\"height: 52px;\">\n<td style=\"height: 52px; width: 36.1642%; text-align: center;\">Capacit\u00e9 du conteneur<\/td>\n<td style=\"height: 52px; width: 201.383%; text-align: center;\">36PCS SKD\/40&#8217; Si\u00e8ge<\/td>\n<\/tr>\n<tr style=\"height: 52px;\">\n<td style=\"height: 52px; width: 36.1642%; text-align: center;\">Vitesse maximale (km\/h)<\/td>\n<td style=\"height: 52px; width: 201.383%; text-align: center;\">35 km\/h<\/td>\n<\/tr>\n<tr style=\"height: 52px;\">\n<td style=\"height: 52px; width: 36.1642%; text-align: center;\">certificat<\/td>\n<td style=\"height: 52px; width: 201.383%; text-align: center;\">CCC<\/td>\n<\/tr>\n<\/tbody>\n<\/table>\n<div class=\"kche-wrap-width\">\n<div class=\"kche-t154\">\n<div class=\"kche-t154-contant\">\n<div class=\"kche-t154-list\">\n<div class=\"kche-t154-item\">\n<div class=\"kche-t154-img\"><\/div>\n<div class=\"kche-t154-text\"><\/div>\n<\/div>\n<\/div>\n<\/div>\n<\/div>\n<\/div>\n<h3>Points de vente de produits<\/h3>\n<ol start=\"1\">\n<li>\n<p class=\"ds-markdown-paragraph\"><strong>Capacit\u00e9 de charge utile industrielle<\/strong><\/p>\n<ul>\n<li>\n<p class=\"ds-markdown-paragraph\"><strong>Charge maximale de 500kg<\/strong>Capacit\u00e9 sup\u00e9rieure de 25 % par rapport aux trains de fret standard \u2013 transport de marchandises volumineuses en voyages simples.<\/p>\n<\/li>\n<li>\n<p class=\"ds-markdown-paragraph\"><strong>Lit de cargaison en acier renforc\u00e9<\/strong>: 550mm de hauteur des murs s\u00e9curisent les objets de grande taille (appareils \u00e9lectrom\u00e9nagers, mat\u00e9riaux de construction).<\/p>\n<\/li>\n<\/ul>\n<\/li>\n<li>\n<p class=\"ds-markdown-paragraph\"><strong>Performances optimis\u00e9es pour le couple<\/strong><\/p>\n<ul>\n<li>\n<p class=\"ds-markdown-paragraph\"><strong>Moteur 60V1000W<\/strong>Puissance \u00e0 travers des pentes de 25\u00b0 pleinement charg\u00e9es \u00e0 35 km\/h.<\/p>\n<\/li>\n<li>\n<p class=\"ds-markdown-paragraph\"><strong>60V45AH batterie<\/strong>Range: 40-60km (extensible via mise \u00e0 niveau au lithium en option).<\/p>\n<\/li>\n<\/ul>\n<\/li>\n<li>\n<p class=\"ds-markdown-paragraph\"><strong>Ma\u00eetrise du terrain robuste<\/strong><\/p>\n<ul>\n<li>\n<p class=\"ds-markdown-paragraph\"><strong>\u03c637 Fourche hydraulique avant<\/strong>Absorbe les puits\/bordures \u2013 3 fois meilleure absorption des chocs que les fourchettes \u00e0 ressort.<\/p>\n<\/li>\n<li>\n<p class=\"ds-markdown-paragraph\"><strong>3.75-12 Pneumatiques tout terrain<\/strong>: Prend la boue, le gravier et les surfaces irr\u00e9guli\u00e8res.<\/p>\n<\/li>\n<\/ul>\n<\/li>\n<li>\n<p class=\"ds-markdown-paragraph\"><strong>Valeur imbattable<\/strong><\/p>\n<ul>\n<li>\n<p class=\"ds-markdown-paragraph\"><strong>36 unit\u00e9s \/ 40&#8217; conteneur HQ<\/strong>La densit\u00e9 d'exp\u00e9dition leader de l'industrie r\u00e9duit les co\u00fbts logistiques.<\/p>\n<\/li>\n<li>\n<p class=\"ds-markdown-paragraph\"><strong>Certifi\u00e9 CCC<\/strong>R\u00e9pond aux normes de s\u00e9curit\u00e9\/qualit\u00e9 strictes de la Chine.<\/p>\n<\/li>\n<\/ul>\n<\/li>\n<\/ol>\n<p><img fetchpriority=\"high\" decoding=\"async\" class=\"wp-image-3025 alignleft\" src=\"https:\/\/www.tairuiauto.com\/wp-content\/uploads\/2025\/06\/7-4-scaled.png\" alt=\"\" width=\"313\" height=\"248\" srcset=\"https:\/\/www.tairuiauto.com\/wp-content\/uploads\/2025\/06\/7-4-scaled.png 2560w, https:\/\/www.tairuiauto.com\/wp-content\/uploads\/2025\/06\/7-4-300x238.png 300w, https:\/\/www.tairuiauto.com\/wp-content\/uploads\/2025\/06\/7-4-1024x811.png 1024w, https:\/\/www.tairuiauto.com\/wp-content\/uploads\/2025\/06\/7-4-768x608.png 768w, https:\/\/www.tairuiauto.com\/wp-content\/uploads\/2025\/06\/7-4-1536x1217.png 1536w, https:\/\/www.tairuiauto.com\/wp-content\/uploads\/2025\/06\/7-4-2048x1622.png 2048w, https:\/\/www.tairuiauto.com\/wp-content\/uploads\/2025\/06\/7-4-600x475.png 600w\" sizes=\"(max-width: 313px) 100vw, 313px\" \/> <img decoding=\"async\" class=\"wp-image-3026 alignleft\" src=\"https:\/\/www.tairuiauto.com\/wp-content\/uploads\/2025\/06\/1-12-scaled.png\" alt=\"\" width=\"318\" height=\"257\" srcset=\"https:\/\/www.tairuiauto.com\/wp-content\/uploads\/2025\/06\/1-12-scaled.png 2560w, https:\/\/www.tairuiauto.com\/wp-content\/uploads\/2025\/06\/1-12-300x243.png 300w, https:\/\/www.tairuiauto.com\/wp-content\/uploads\/2025\/06\/1-12-1024x828.png 1024w, https:\/\/www.tairuiauto.com\/wp-content\/uploads\/2025\/06\/1-12-768x621.png 768w, https:\/\/www.tairuiauto.com\/wp-content\/uploads\/2025\/06\/1-12-1536x1242.png 1536w, https:\/\/www.tairuiauto.com\/wp-content\/uploads\/2025\/06\/1-12-2048x1656.png 2048w, https:\/\/www.tairuiauto.com\/wp-content\/uploads\/2025\/06\/1-12-600x485.png 600w\" sizes=\"(max-width: 318px) 100vw, 318px\" \/> <img decoding=\"async\" class=\"wp-image-3027 alignleft\" src=\"https:\/\/www.tairuiauto.com\/wp-content\/uploads\/2025\/06\/2-10-scaled.png\" alt=\"\" width=\"304\" height=\"246\" srcset=\"https:\/\/www.tairuiauto.com\/wp-content\/uploads\/2025\/06\/2-10-scaled.png 2560w, https:\/\/www.tairuiauto.com\/wp-content\/uploads\/2025\/06\/2-10-300x243.png 300w, https:\/\/www.tairuiauto.com\/wp-content\/uploads\/2025\/06\/2-10-1024x828.png 1024w, https:\/\/www.tairuiauto.com\/wp-content\/uploads\/2025\/06\/2-10-768x621.png 768w, https:\/\/www.tairuiauto.com\/wp-content\/uploads\/2025\/06\/2-10-1536x1242.png 1536w, https:\/\/www.tairuiauto.com\/wp-content\/uploads\/2025\/06\/2-10-2048x1656.png 2048w, https:\/\/www.tairuiauto.com\/wp-content\/uploads\/2025\/06\/2-10-600x485.png 600w\" sizes=\"(max-width: 304px) 100vw, 304px\" \/><\/p>\n<p>&nbsp;<\/p>\n<p>&nbsp;<\/p>\n<p>&nbsp;<\/p>\n<p>&nbsp;<\/p>\n<p>&nbsp;<\/p>\n<p>&nbsp;<\/p>\n<p>&nbsp;<\/p>\n<hr \/>\n<h3>Avantages de la diff\u00e9renciation<\/h3>\n<div class=\"markdown-table-wrapper\">\n<table style=\"width: 75.7044%;\">\n<thead>\n<tr>\n<th style=\"width: 20.4334%;\"><strong>Caract\u00e9ristique<\/strong><\/th>\n<th style=\"width: 42.0435%;\"><strong>Ce mod\u00e8le<\/strong><\/th>\n<th style=\"width: 69.102%;\"><strong>Trikes de fret concurrents<\/strong><\/th>\n<\/tr>\n<\/thead>\n<tbody>\n<tr>\n<td style=\"width: 20.4334%;\"><strong>Capacit\u00e9 de charge utile<\/strong><\/td>\n<td style=\"width: 42.0435%;\"><strong>500 kg<\/strong>\u00a0(le plus \u00e9lev\u00e9 de la classe)<\/td>\n<td style=\"width: 69.102%;\">Moyenne 300-400kg<\/td>\n<\/tr>\n<tr>\n<td style=\"width: 20.4334%;\"><strong>Suspension<\/strong><\/td>\n<td style=\"width: 42.0435%;\">Fourche hydraulique industrielle \u03c637<\/td>\n<td style=\"width: 69.102%;\">Ressorts en bobine de base<\/td>\n<\/tr>\n<tr>\n<td style=\"width: 20.4334%;\"><strong>Capacit\u00e9 d'escalade<\/strong><\/td>\n<td style=\"width: 42.0435%;\">25\u00b0 enti\u00e8rement charg\u00e9<\/td>\n<td style=\"width: 69.102%;\">15-20\u00b0 max<\/td>\n<\/tr>\n<tr>\n<td style=\"width: 20.4334%;\"><strong>\u00c9conomie<\/strong><\/td>\n<td style=\"width: 42.0435%;\">Cha\u00eene d'approvisionnement optimis\u00e9e pour batteries au plomb-acide<\/td>\n<td style=\"width: 69.102%;\">Options au lithium trop co\u00fbteuses<\/td>\n<\/tr>\n<tr>\n<td style=\"width: 20.4334%;\"><strong>\u00c9chelle logistique<\/strong><\/td>\n<td style=\"width: 42.0435%;\">36 unit\u00e9s\/conteneur (30 % plus efficace)<\/td>\n<td style=\"width: 69.102%;\">Moyenne 25-28 unit\u00e9s<\/td>\n<\/tr>\n<\/tbody>\n<\/table>\n<\/div>\n<blockquote>\n<p class=\"ds-markdown-paragraph\"><strong>Edge cl\u00e9<\/strong>: Seule fusion de frein trike\u00a0<em>Charge utile d'une demi-tonne<\/em>\u00a0avec\u00a0<em>suspension hydraulique<\/em>\u00a0\u00e0 ce prix \u2013 z\u00e9ro compromis.<\/p>\n<\/blockquote>\n<hr \/>\n<h3>F&amp; Q<\/h3>\n<ol start=\"1\">\n<li>\n<p class=\"ds-markdown-paragraph\"><strong>Q: Range du monde r\u00e9el \u00e0 charge de 500 kg?<\/strong><br \/>\n\u2192  A: 40km (terrain plat) \/ 35km (zones collin\u00e9es). Prolongez jusqu'\u00e0 55 km avec une batterie au lithium 60V80AH en option (120 $).<\/p>\n<\/li>\n<li>\n<p class=\"ds-markdown-paragraph\"><strong>Q: Comment la suspension hydraulique profite-t-elle aux conducteurs?<\/strong><br \/>\n\u2192  R : R\u00e9duit l\u2019impact de la colonne vert\u00e9brale de 60 % sur les routes difficiles \u2013 critique pour les quarts de 8 heures.<\/p>\n<\/li>\n<li>\n<p class=\"ds-markdown-paragraph\"><strong>Q: Couverture de garantie?<\/strong><br \/>\n\u2192 A:\u00a0<strong>Cadre\/lit de charge<\/strong>: 2 ans;\u00a0<strong>Moteur\/contr\u00f4leur<\/strong>: 2 ans;\u00a0<strong>Batterie<\/strong>1 an (plomb-acide).<\/p>\n<\/li>\n<li>\n<p class=\"ds-markdown-paragraph\"><strong>Q: Capacit\u00e9 de d\u00e9marrage \u00e0 pleine charge?<\/strong><br \/>\n\u2192  R : Oui ! Le contr\u00f4leur \u00e0 24 tubes emp\u00eache le retour en pente de 25\u00b0.<\/p>\n<\/li>\n<li>\n<p class=\"ds-markdown-paragraph\"><strong>Q: Pourquoi le plomb-acide plut\u00f4t que le lithium?<\/strong><br \/>\n\u2192  R : 50 % de moindre co\u00fbt initial \u2013 id\u00e9al pour les flottes ax\u00e9es sur le budget. Mise \u00e0 niveau lithium disponible.<\/p>\n<\/li>\n<li>\n<p class=\"ds-markdown-paragraph\"><strong>Q: Entretien pour une utilisation quotidienne lourde?<\/strong><br \/>\n\u2192 A:\u00a0<strong>Fourches hydrauliques<\/strong>Changement d\u2019huile tous les 10 000 km\u00a0<strong>Frens \u00e0 tambour<\/strong>: Ajuster mensuellement ;\u00a0<strong>Batterie<\/strong>Remise en eau tous les 3 mois.<\/p>\n<\/li>\n<\/ol>\n<hr \/>\n<h3>Sp\u00e9cifications techniques<\/h3>\n<ul>\n<li>\n<p class=\"ds-markdown-paragraph\"><strong>freinage<\/strong>: Frens \u00e0 tambour avant\/arri\u00e8re (doublure r\u00e9sistante \u00e0 la d\u00e9coloration)<\/p>\n<\/li>\n<li>\n<p class=\"ds-markdown-paragraph\"><strong>Cadre<\/strong>Acier tubulaire soud\u00e9 au laser \u2013 test\u00e9 jusqu\u2019\u00e0 750 kg (charge utile 1,5 fois)<\/p>\n<\/li>\n<li>\n<p class=\"ds-markdown-paragraph\"><strong>Pneumatiques<\/strong>: 3,75-12 r\u00e9sistant aux perforations (classement \u00e0 6 couches)<\/p>\n<\/li>\n<li>\n<p class=\"ds-markdown-paragraph\"><strong>S\u00e9curit\u00e9<\/strong>: R\u00e9flecteurs arri\u00e8re de certification CCC \/ support de drapeau<\/p>\n<\/li>\n<\/ul>\n<hr \/>\n<blockquote>\n<p class=\"ds-markdown-paragraph\"><strong>La b\u00eate de charge: Ce n'est pas juste un trike - c'est une machine g\u00e9n\u00e9ratrice de b\u00e9n\u00e9fices. Lorsque les concurrents vous obligent \u00e0 choisir entre puissance, capacit\u00e9 ou confort, le Tricycle de fret offre les trois. Pour les entreprises qui mesurent le succ\u00e8s en tonnes d\u00e9plac\u00e9es par dollar, c'est votre cheval de travail ultime.<\/strong><\/p>\n<\/blockquote>\n<p class=\"ds-markdown-paragraph\">* Remarque: la port\u00e9e de 40 \u00e0 60 km varie en fonction de la charge \/ du terrain. La batterie au lithium \u00e9tend la port\u00e9e de 30 \u00e0 40 % avec 1 200 cycles.*<\/p>","protected":false},"excerpt":{"rendered":"<p>Le\u00a0<strong>Tricycle de fret<\/strong>\u00a0Red\u00e9finit la logistique urbaine lourde avec son in\u00e9gal\u00e9\u00a0<strong>Capacit\u00e9 de charge utile 500kg<\/strong>\u00a0et fiabilit\u00e9 robuste. Con\u00e7u pour les transports quotidiens exigeants, ce cheval de travail certifi\u00e9 CCC combine un\u00a0<strong>moteur 60V1000W<\/strong>\u00a0avec des composants de qualit\u00e9 industrielle \u2013 conqu\u00e9rant des pentes de 25\u00b0 tout en offrant une port\u00e9e de 40 \u00e0 60 km par charge. Son lit de charge renforc\u00e9 de 1500 \u00d7 1130 \u00d7 550mm et sa suspension hydraulique assurent un fonctionnement sans heurt sur les chantiers de construction, les march\u00e9s et les entrep\u00f4ts.<\/p>","protected":false},"featured_media":3035,"comment_status":"open","ping_status":"closed","template":"","meta":[],"product_brand":[],"product_cat":[78],"product_tag":[],"class_list":{"0":"post-2874","1":"product","2":"type-product","3":"status-publish","4":"has-post-thumbnail","6":"product_cat-electric-tricycle","8":"first","9":"instock","10":"shipping-taxable","11":"purchasable","12":"product-type-simple"},"_links":{"self":[{"href":"https:\/\/www.tairuiauto.com\/fr\/wp-json\/wp\/v2\/product\/2874","targetHints":{"allow":["GET"]}}],"collection":[{"href":"https:\/\/www.tairuiauto.com\/fr\/wp-json\/wp\/v2\/product"}],"about":[{"href":"https:\/\/www.tairuiauto.com\/fr\/wp-json\/wp\/v2\/types\/product"}],"replies":[{"embeddable":true,"href":"https:\/\/www.tairuiauto.com\/fr\/wp-json\/wp\/v2\/comments?post=2874"}],"wp:featuredmedia":[{"embeddable":true,"href":"https:\/\/www.tairuiauto.com\/fr\/wp-json\/wp\/v2\/media\/3035"}],"wp:attachment":[{"href":"https:\/\/www.tairuiauto.com\/fr\/wp-json\/wp\/v2\/media?parent=2874"}],"wp:term":[{"taxonomy":"product_brand","embeddable":true,"href":"https:\/\/www.tairuiauto.com\/fr\/wp-json\/wp\/v2\/product_brand?post=2874"},{"taxonomy":"product_cat","embeddable":true,"href":"https:\/\/www.tairuiauto.com\/fr\/wp-json\/wp\/v2\/product_cat?post=2874"},{"taxonomy":"product_tag","embeddable":true,"href":"https:\/\/www.tairuiauto.com\/fr\/wp-json\/wp\/v2\/product_tag?post=2874"}],"curies":[{"name":"WP","href":"https:\/\/api.w.org\/{rel}","templated":true}]}}