{"id":2986,"date":"2025-06-20T09:55:48","date_gmt":"2025-06-20T01:55:48","guid":{"rendered":"https:\/\/www.tairuiauto.com\/?post_type=product&#038;p=2986"},"modified":"2025-07-24T10:33:22","modified_gmt":"2025-07-24T02:33:22","slug":"strong-power-electric-tricycle","status":"publish","type":"product","link":"https:\/\/www.tairuiauto.com\/fr\/product\/strong-power-electric-tricycle\/","title":{"rendered":"Tricycle \u00e9lectrique puissant"},"content":{"rendered":"<table style=\"width: 91.2119%;\" width=\"421\">\n<tbody>\n<tr>\n<td style=\"width: 42.7948%;\" width=\"158\"><b>Mod\u00e8le\u00a0\u00a0\u00a0<\/b><\/td>\n<td style=\"width: 150%;\" width=\"263\"><b>Forte &#8211; Tricycle \u00e9lectrique de puissance<\/b><\/td>\n<\/tr>\n<tr>\n<td style=\"width: 42.7948%;\" width=\"158\">Bo\u00eete de fret grande taille<\/td>\n<td style=\"width: 150%;\" width=\"263\">2 * 1,3 m<\/td>\n<\/tr>\n<tr>\n<td style=\"width: 42.7948%;\" width=\"158\">Batterie<\/td>\n<td style=\"width: 150%;\" width=\"263\">60\/72V<\/td>\n<\/tr>\n<tr>\n<td style=\"width: 42.7948%;\" width=\"158\">moteur<\/td>\n<td style=\"width: 150%;\" width=\"263\">1800W<\/td>\n<\/tr>\n<tr>\n<td style=\"width: 42.7948%;\" width=\"158\">contr\u00f4leur<\/td>\n<td style=\"width: 150%;\" width=\"263\">36 tube<\/td>\n<\/tr>\n<tr>\n<td style=\"width: 42.7948%;\" width=\"158\">Absorption hydraulique<\/td>\n<td style=\"width: 150%;\" width=\"263\">43#<\/td>\n<\/tr>\n<tr>\n<td style=\"width: 42.7948%;\" width=\"158\">Pneumatique<\/td>\n<td style=\"width: 150%;\" width=\"263\">Avant 4.00-12; Arri\u00e8re 4.50-12<\/td>\n<\/tr>\n<tr>\n<td style=\"width: 42.7948%;\" width=\"158\">essieu arri\u00e8re<\/td>\n<td style=\"width: 150%;\" width=\"263\">Essieu arri\u00e8re int\u00e9gr\u00e9<\/td>\n<\/tr>\n<tr>\n<td style=\"width: 42.7948%;\" width=\"158\">CKD<\/td>\n<td style=\"width: 150%;\" width=\"263\">35 unit\u00e9s \/ 40&#8217; Si\u00e8ge<\/td>\n<\/tr>\n<tr>\n<td style=\"width: 42.7948%;\" width=\"158\">Caract\u00e9ristiques<\/td>\n<td style=\"width: 150%;\" width=\"263\">Si\u00e8ge unique et confortable de premi\u00e8re classe<\/td>\n<\/tr>\n<\/tbody>\n<\/table>\n<h2 class=\"ds-markdown-paragraph\"><strong>Disposition d'espace raisonnable<\/strong>:<\/h2>\n<p class=\"ds-markdown-paragraph\">La grande bo\u00eete de fret (2 * 1.3m) offre beaucoup d'espace pour les marchandises ou les bagages.<\/p>\n<p>&nbsp;<\/p>\n<p><img decoding=\"async\" class=\"alignnone wp-image-2988\" src=\"https:\/\/www.tairuiauto.com\/wp-content\/uploads\/2025\/06\/bc87c6abf1b7b189d5a5f2e4eb2c10a-300x239.png\" alt=\"\" width=\"246\" height=\"196\" srcset=\"\" sizes=\"(max-width: 246px) 100vw, 246px\" data-srcset=\"\" \/><\/p>\n<h2 class=\"ds-markdown-paragraph\"><strong>Puissance de sortie stable<\/strong><\/h2>\n<p class=\"ds-markdown-paragraph\">\u00c9quip\u00e9 d'un moteur de 1800W et d'une batterie de 6072V, garantissant une performance constante.<\/p>\n<p><img fetchpriority=\"high\" decoding=\"async\" class=\"alignnone size-medium wp-image-2987\" src=\"https:\/\/www.tairuiauto.com\/wp-content\/uploads\/2025\/06\/d6846598ac8467453bed37c51af64c3-300x300.png\" alt=\"\" width=\"300\" height=\"300\" srcset=\"\" sizes=\"(max-width: 300px) 100vw, 300px\" data-srcset=\"\" \/><\/p>\n<h2 class=\"ds-markdown-paragraph\"><strong>Exp\u00e9rience de conduite confortable<\/strong><\/h2>\n<p class=\"ds-markdown-paragraph\">Dot\u00e9 d'un si\u00e8ge de premi\u00e8re classe et d'un amortissement hydraulique pour une conduite en douceur.<\/p>\n<p><img decoding=\"async\" class=\"alignnone wp-image-2989\" src=\"https:\/\/www.tairuiauto.com\/wp-content\/uploads\/2025\/06\/WEIBA-4_\u526f\u672c-300x200.png\" alt=\"\" width=\"308\" height=\"205\" srcset=\"\" sizes=\"(max-width: 308px) 100vw, 308px\" data-srcset=\"\" \/><\/p>\n<h2 class=\"ds-markdown-paragraph\"><strong>Pneumatiques antid\u00e9rapants et r\u00e9sistants \u00e0 l'usure<\/strong><\/h2>\n<p class=\"ds-markdown-paragraph\">Les pneus 4.00-12 (avant) et 4.50-12 (arri\u00e8re) am\u00e9liorent la s\u00e9curit\u00e9 et la durabilit\u00e9.<\/p>\n<p>&nbsp;<\/p>\n<h2 class=\"ds-markdown-paragraph\"><strong>Sc\u00e9narios d'utilisation<\/strong><\/h2>\n<ul>\n<li>\n<p class=\"ds-markdown-paragraph\"><strong>Utilisation commerciale<\/strong>Id\u00e9al pour les petites entreprises, les agriculteurs ou les services de livraison pour transporter efficacement les marchandises.<\/p>\n<\/li>\n<li>\n<p class=\"ds-markdown-paragraph\"><strong>Utilisation personnelle<\/strong>Parfait pour les trajets quotidiens, les courses d'\u00e9picerie ou les sorties en famille.<\/p>\n<\/li>\n<li>\n<p class=\"ds-markdown-paragraph\"><strong>Utilisation industrielle<\/strong>: Convient aux usines ou entrep\u00f4ts pour d\u00e9placer facilement des charges lourdes.<\/p>\n<h2 class=\"ds-markdown-paragraph\"><strong>FAQ (questions fr\u00e9quentes)<\/strong><\/h2>\n<ol start=\"1\">\n<li>\n<p class=\"ds-markdown-paragraph\"><strong>Quelle est la capacit\u00e9 de la batterie du Tricycle \u00e9lectrique Strong Power?<\/strong><br \/>\nLe tricycle est aliment\u00e9 par une batterie de 6072V, assurant une performance durable.<\/p>\n<\/li>\n<li>\n<p class=\"ds-markdown-paragraph\"><strong>Combien d'unit\u00e9s peuvent s'adapter dans un 40&#8217; Conteneur du quartier g\u00e9n\u00e9ral ?<\/strong><br \/>\nVous pouvez charger 35 unit\u00e9s de\u00a0<strong>Tricycle \u00e9lectrique durable puissant<\/strong>\u00a0dans un 40&#8217; Conteneur du quartier g\u00e9n\u00e9ral.<\/p>\n<\/li>\n<li>\n<p class=\"ds-markdown-paragraph\"><strong>Le tricycle convient-il aux terrains difficiles ?<\/strong><br \/>\nOui, le\u00a0<strong>Tricycle \u00e9lectrique robuste puissant<\/strong>\u00a0dispose de pneus antid\u00e9rapants et d'amortissement hydraulique pour une stabilit\u00e9 sur des routes in\u00e9gales.<\/p>\n<\/li>\n<li>\n<p class=\"ds-markdown-paragraph\"><strong>Qu\u2019est-ce qui rend ce tricycle unique ?<\/strong><br \/>\nSa combinaison d'une bo\u00eete de fret spacieuse, d'un moteur puissant et d'un si\u00e8ge confortable la distingue des autres.<\/p>\n<\/li>\n<\/ol>\n<\/li>\n<\/ul>","protected":false},"excerpt":{"rendered":"<p>Le Strong Power Electric Tricycle est un v\u00e9hicule robuste et polyvalent con\u00e7u pour un usage commercial et personnel. Avec sa bo\u00eete \u00e0 chargement spacieuse, sa batterie puissante et ses fonctionnalit\u00e9s avanc\u00e9es telles que l'amortissement hydraulique, ce tricycle offre une exp\u00e9rience de conduite confortable et efficace. Que vous en ayez besoin pour le transport de marchandises ou les d\u00e9placements quotidiens, le tricycle \u00e9lectrique haute performance offre fiabilit\u00e9 et commodit\u00e9.<\/p>","protected":false},"featured_media":3048,"comment_status":"open","ping_status":"closed","template":"","meta":[],"product_brand":[],"product_cat":[78],"product_tag":[],"class_list":{"0":"post-2986","1":"product","2":"type-product","3":"status-publish","4":"has-post-thumbnail","6":"product_cat-electric-tricycle","8":"first","9":"instock","10":"shipping-taxable","11":"purchasable","12":"product-type-simple"},"_links":{"self":[{"href":"https:\/\/www.tairuiauto.com\/fr\/wp-json\/wp\/v2\/product\/2986","targetHints":{"allow":["GET"]}}],"collection":[{"href":"https:\/\/www.tairuiauto.com\/fr\/wp-json\/wp\/v2\/product"}],"about":[{"href":"https:\/\/www.tairuiauto.com\/fr\/wp-json\/wp\/v2\/types\/product"}],"replies":[{"embeddable":true,"href":"https:\/\/www.tairuiauto.com\/fr\/wp-json\/wp\/v2\/comments?post=2986"}],"wp:featuredmedia":[{"embeddable":true,"href":"https:\/\/www.tairuiauto.com\/fr\/wp-json\/wp\/v2\/media\/3048"}],"wp:attachment":[{"href":"https:\/\/www.tairuiauto.com\/fr\/wp-json\/wp\/v2\/media?parent=2986"}],"wp:term":[{"taxonomy":"product_brand","embeddable":true,"href":"https:\/\/www.tairuiauto.com\/fr\/wp-json\/wp\/v2\/product_brand?post=2986"},{"taxonomy":"product_cat","embeddable":true,"href":"https:\/\/www.tairuiauto.com\/fr\/wp-json\/wp\/v2\/product_cat?post=2986"},{"taxonomy":"product_tag","embeddable":true,"href":"https:\/\/www.tairuiauto.com\/fr\/wp-json\/wp\/v2\/product_tag?post=2986"}],"curies":[{"name":"WP","href":"https:\/\/api.w.org\/{rel}","templated":true}]}}