{"id":2991,"date":"2025-06-20T10:13:00","date_gmt":"2025-06-20T02:13:00","guid":{"rendered":"https:\/\/www.tairuiauto.com\/?post_type=product&#038;p=2991"},"modified":"2025-07-24T10:36:47","modified_gmt":"2025-07-24T02:36:47","slug":"farm-electric-lifting-trike","status":"publish","type":"product","link":"https:\/\/www.tairuiauto.com\/fr\/product\/farm-electric-lifting-trike\/","title":{"rendered":"Ferme \u00e9lectrique de levage Trike"},"content":{"rendered":"<table style=\"width: 89.2952%;\" width=\"421\">\n<tbody>\n<tr>\n<td style=\"width: 46.778%;\" width=\"158\"><b>Mod\u00e8le\u00a0\u00a0\u00a0<\/b><\/td>\n<td style=\"width: 160.382%;\" width=\"263\"><b>Ferme \u00e9lectrique de levage Trike<\/b><\/td>\n<\/tr>\n<tr>\n<td style=\"width: 46.778%;\" width=\"158\">Taille de bo\u00eete de fret<\/td>\n<td style=\"width: 160.382%;\" width=\"263\">1,6 * 1,1 m<\/td>\n<\/tr>\n<tr>\n<td style=\"width: 46.778%;\" width=\"158\">Batterie<\/td>\n<td style=\"width: 160.382%;\" width=\"263\">60\/72V<\/td>\n<\/tr>\n<tr>\n<td style=\"width: 46.778%;\" width=\"158\">moteur<\/td>\n<td style=\"width: 160.382%;\" width=\"263\">1000W<\/td>\n<\/tr>\n<tr>\n<td style=\"width: 46.778%;\" width=\"158\">contr\u00f4leur<\/td>\n<td style=\"width: 160.382%;\" width=\"263\">18 tube<\/td>\n<\/tr>\n<tr>\n<td style=\"width: 46.778%;\" width=\"158\">Absorption hydraulique<\/td>\n<td style=\"width: 160.382%;\" width=\"263\">37#<\/td>\n<\/tr>\n<tr>\n<td style=\"width: 46.778%;\" width=\"158\">Pneumatique<\/td>\n<td style=\"width: 160.382%;\" width=\"263\">Avant 3.75-12; Arri\u00e8re 4.00-12<\/td>\n<\/tr>\n<tr>\n<td style=\"width: 46.778%;\" width=\"158\">Mat\u00e9riel de bo\u00eete de fret<\/td>\n<td style=\"width: 160.382%;\" width=\"263\">acier<\/td>\n<\/tr>\n<\/tbody>\n<\/table>\n<hr \/>\n<h3><strong>Parfait pour ces t\u00e2ches<\/strong><\/h3>\n<ul>\n<li>\n<p class=\"ds-markdown-paragraph\"><strong>R\u00e9colte des vergers<\/strong>: Transportez rapidement des bacs \u00e0 fruits sans vous contraindre le dos.<\/p>\n<\/li>\n<li><img fetchpriority=\"high\" decoding=\"async\" class=\"alignnone wp-image-2992\" src=\"https:\/\/www.tairuiauto.com\/wp-content\/uploads\/2025\/06\/Orchard-Lifting-Electric-Tricycle-6_\u526f\u672c-300x300.png\" alt=\"\" width=\"279\" height=\"279\" srcset=\"\" sizes=\"(max-width: 279px) 100vw, 279px\" data-srcset=\"\" \/><\/li>\n<li>\n<p class=\"ds-markdown-paragraph\"><strong>Transportation d'aliments et d'approvisionnement<\/strong>D\u00e9placez facilement des sacs lourds d'aliments ou d'outils.<\/p>\n<\/li>\n<li>\u00a0 \u00a0 \u00a0 \u00a0<img decoding=\"async\" class=\"alignnone wp-image-2993\" src=\"https:\/\/www.tairuiauto.com\/wp-content\/uploads\/2025\/06\/Orchard-Lifting-Electric-Tricycle-1-300x300.png\" alt=\"\" width=\"224\" height=\"224\" srcset=\"\" sizes=\"(max-width: 224px) 100vw, 224px\" data-srcset=\"\" \/><\/li>\n<li>\n<p class=\"ds-markdown-paragraph\"><strong>Entretien de la ferme<\/strong>Utilisez la bo\u00eete de fret pour nettoyer l'\u00e9quipement ou les d\u00e9bris.<\/p>\n<\/li>\n<li><img decoding=\"async\" class=\"alignnone wp-image-2994\" src=\"https:\/\/www.tairuiauto.com\/wp-content\/uploads\/2025\/06\/Orchard-Lifting-Electric-Tricycle-5-300x300.png\" alt=\"\" width=\"229\" height=\"229\" srcset=\"\" sizes=\"(max-width: 229px) 100vw, 229px\" data-srcset=\"\" \/><\/li>\n<li>\n<p class=\"ds-markdown-paragraph\"><strong>Assistant polyvalent de site de travail<\/strong>Id\u00e9al pour les p\u00e9pini\u00e8res, les vignobles ou la petite agriculture.<\/p>\n<\/li>\n<li><img loading=\"lazy\" decoding=\"async\" class=\"alignnone wp-image-2995\" src=\"https:\/\/www.tairuiauto.com\/wp-content\/uploads\/2025\/06\/Orchard-Lifting-Electric-Tricycle-2-300x300.png\" alt=\"\" width=\"227\" height=\"227\" srcset=\"\" sizes=\"(max-width: 227px) 100vw, 227px\" data-srcset=\"\" \/><\/li>\n<\/ul>\n<h3><strong>Pourquoi choisir ce truc de levage \u00e9lectrique?<\/strong><\/h3>\n<ul>\n<li>\n<p class=\"ds-markdown-paragraph\"><strong>Manipulation de charge sans effort<\/strong>: Le m\u00e9canisme de levage hydraulique rend le soul\u00e8vement et l'abaissement de la cargaison une brise, \u00e9conomisant du temps et du travail.<\/p>\n<\/li>\n<li>\n<p class=\"ds-markdown-paragraph\"><strong>Compact mais spacieux<\/strong>: Avec une bo\u00eete de fret en acier 1.6 * 1.1m, ce\u00a0<strong>Trike de levage \u00e9lectrique de ferme lourde<\/strong>\u00a0maximise le stockage sans sacrifier la man\u0153uvrabilit\u00e9.<\/p>\n<\/li>\n<li>\n<p class=\"ds-markdown-paragraph\"><strong>Ride lisse, construction difficile<\/strong>L'amortissement hydraulique 37# et les pneus robustes (avant 3.75-12; arri\u00e8re 4.00-12) assurent la stabilit\u00e9 sur des terrains difficiles.<\/p>\n<\/li>\n<li>\n<p class=\"ds-markdown-paragraph\"><strong>\u00c9l\u00e9gant et fonctionnel<\/strong>Qui a dit que l'\u00e9quipement agricole ne peut pas avoir l'air bien? Son design moderne se d\u00e9marque sur le terrain tout en offrant une utilit\u00e9 in\u00e9gal\u00e9e.<\/p>\n<\/li>\n<\/ul>\n<h3><strong>Questions fr\u00e9quentes<\/strong><\/h3>\n<ol start=\"1\">\n<li>\n<p class=\"ds-markdown-paragraph\"><strong>Quelle est la puissance du moteur ?<\/strong><br \/>\nLe\u00a0<strong>Trike de levage \u00e9lectrique de ferme \u00e0 haut rendement<\/strong>\u00a0emballe un moteur de 1000W avec support de batterie 60\/72V, assurant des performances fiables pour les t\u00e2ches quotidiennes.<\/p>\n<\/li>\n<li>\n<p class=\"ds-markdown-paragraph\"><strong>Peut-il g\u00e9rer un terrain in\u00e9gal ?<\/strong><br \/>\nAbsolument ! Les pneus renforc\u00e9s et l'absorption des chocs font de cela\u00a0<strong>Trike de levage \u00e9lectrique de ferme durable<\/strong>\u00a0un professionnel de la lutte contre les champs boueux ou les sentiers de gravier.<\/p>\n<\/li>\n<li>\n<p class=\"ds-markdown-paragraph\"><strong>L'assemblage est-il n\u00e9cessaire ?<\/strong><br \/>\nIl est partiellement assembl\u00e9, il suffit de suivre le manuel et vous serez pr\u00eat \u00e0 rouler en un rien de temps.<\/p>\n<\/li>\n<li>\n<p class=\"ds-markdown-paragraph\"><strong>Quelle est la capacit\u00e9 de poids ?<\/strong><br \/>\nLa bo\u00eete de fret en acier et le contr\u00f4leur \u00e0 18 tubes sont con\u00e7us pour g\u00e9rer des charges lourdes sans rompre la sueur.<\/p>\n<\/li>\n<\/ol>","protected":false},"excerpt":{"rendered":"<p>Lorsque l\u2019efficacit\u00e9 rencontre l\u2019innovation, vous obtenez le Farm Electric Lifting Trike, un outil innovant pour les travaux agricoles et vergers. Con\u00e7u pour simplifier le levage et le transport lourds, ce trike combine des performances robustes avec des fonctionnalit\u00e9s intelligentes, ce qui en fait le partenaire id\u00e9al pour les agriculteurs qui exigent une fiabilit\u00e9 sans compromis.<\/p>","protected":false},"featured_media":2996,"comment_status":"open","ping_status":"closed","template":"","meta":[],"product_brand":[],"product_cat":[78],"product_tag":[],"class_list":{"0":"post-2991","1":"product","2":"type-product","3":"status-publish","4":"has-post-thumbnail","6":"product_cat-electric-tricycle","8":"first","9":"instock","10":"shipping-taxable","11":"purchasable","12":"product-type-simple"},"_links":{"self":[{"href":"https:\/\/www.tairuiauto.com\/fr\/wp-json\/wp\/v2\/product\/2991","targetHints":{"allow":["GET"]}}],"collection":[{"href":"https:\/\/www.tairuiauto.com\/fr\/wp-json\/wp\/v2\/product"}],"about":[{"href":"https:\/\/www.tairuiauto.com\/fr\/wp-json\/wp\/v2\/types\/product"}],"replies":[{"embeddable":true,"href":"https:\/\/www.tairuiauto.com\/fr\/wp-json\/wp\/v2\/comments?post=2991"}],"wp:featuredmedia":[{"embeddable":true,"href":"https:\/\/www.tairuiauto.com\/fr\/wp-json\/wp\/v2\/media\/2996"}],"wp:attachment":[{"href":"https:\/\/www.tairuiauto.com\/fr\/wp-json\/wp\/v2\/media?parent=2991"}],"wp:term":[{"taxonomy":"product_brand","embeddable":true,"href":"https:\/\/www.tairuiauto.com\/fr\/wp-json\/wp\/v2\/product_brand?post=2991"},{"taxonomy":"product_cat","embeddable":true,"href":"https:\/\/www.tairuiauto.com\/fr\/wp-json\/wp\/v2\/product_cat?post=2991"},{"taxonomy":"product_tag","embeddable":true,"href":"https:\/\/www.tairuiauto.com\/fr\/wp-json\/wp\/v2\/product_tag?post=2991"}],"curies":[{"name":"WP","href":"https:\/\/api.w.org\/{rel}","templated":true}]}}