{"id":3328,"date":"2025-08-20T14:26:36","date_gmt":"2025-08-20T06:26:36","guid":{"rendered":"https:\/\/www.tairuiauto.com\/?post_type=product&#038;p=3328"},"modified":"2026-01-03T16:58:11","modified_gmt":"2026-01-03T08:58:11","slug":"smart-tip-electric-cargo-trike","status":"publish","type":"product","link":"https:\/\/www.tairuiauto.com\/fr\/product\/smart-tip-electric-cargo-trike\/","title":{"rendered":"Trike de charge \u00e9lectrique"},"content":{"rendered":"<p data-start=\"464\" data-end=\"759\">\n<h2 data-start=\"766\" data-end=\"806\">Aper\u00e7u du produit<\/h2>\n<p data-start=\"808\" data-end=\"1154\">Le <strong data-start=\"812\" data-end=\"843\">C113 v\u00e9hicule cargo \u00e9lectrique<\/strong> est l\u00e9ger <strong data-start=\"861\" data-end=\"918\">tricycle \u00e9lectrique \/ v\u00e9hicule utilitaire l\u00e9ger \u00e9lectrique<\/strong> con\u00e7u pour un transport efficace de marchandises dans des environnements urbains et semi-urbains. Il met l'accent sur la man\u0153uvrabilit\u00e9, la capacit\u00e9 de charge et la durabilit\u00e9, ce qui le rend id\u00e9al pour la livraison au dernier kilom\u00e8tre, la logistique des petites entreprises et les services communautaires.<\/p>\n<table style=\"border-collapse: collapse; width: 92.4948%; height: 557px;\" border=\"0\" width=\"720\" cellspacing=\"0\" cellpadding=\"0\">\n<tbody>\n<tr style=\"height: 20.00pt;\">\n<td class=\"et5\" style=\"height: 20.00pt; width: 432.45pt;\" colspan=\"2\" width=\"720\" height=\"33\">Configuration standard<\/td>\n<\/tr>\n<tr style=\"height: 20.00pt;\">\n<td class=\"et5\" style=\"height: 20.00pt;\" height=\"33\">Mod\u00e8le<\/td>\n<td class=\"et7\"><a href=\"#\u76ee\u5f55!A1\">C113<\/a><\/td>\n<\/tr>\n<tr style=\"height: 20.00pt;\">\n<td class=\"et6\" style=\"height: 20.00pt; width: 159.05pt;\" width=\"265\" height=\"33\">Couleurs en option<\/td>\n<td class=\"et6\" style=\"width: 273.40pt;\" width=\"455\">rouge, bleu, vert, jaune, gris, blanc<\/td>\n<\/tr>\n<tr style=\"height: 20.00pt;\">\n<td class=\"et6\" style=\"height: 20.00pt; width: 159.05pt;\" width=\"265\" height=\"33\">L * L * H (mm)<\/td>\n<td class=\"et6\" style=\"width: 273.40pt;\" width=\"455\">3085*1180*1400<\/td>\n<\/tr>\n<tr style=\"height: 20.00pt;\">\n<td class=\"et6\" style=\"height: 20.00pt; width: 159.05pt;\" width=\"265\" height=\"33\">Taille de bo\u00eete de fret (mm)<\/td>\n<td class=\"et6\" style=\"width: 273.40pt;\" width=\"455\">1600*1100<\/td>\n<\/tr>\n<tr style=\"height: 20.00pt;\">\n<td class=\"et6\" style=\"height: 20.00pt; width: 159.05pt;\" width=\"265\" height=\"33\">Base de roue (mm)<\/td>\n<td class=\"et6\" style=\"width: 273.40pt;\" width=\"455\">2055<\/td>\n<\/tr>\n<tr style=\"height: 20.00pt;\">\n<td class=\"et6\" style=\"height: 20.00pt; width: 159.05pt;\" width=\"265\" height=\"33\">Voie de roue (mm)<\/td>\n<td class=\"et6\" style=\"width: 273.40pt;\" width=\"455\">960<\/td>\n<\/tr>\n<tr style=\"height: 20.00pt;\">\n<td class=\"et6\" style=\"height: 20.00pt; width: 159.05pt;\" width=\"265\" height=\"33\">D\u00e9gagement minimum au sol (mm)<\/td>\n<td class=\"et6\" style=\"width: 273.40pt;\" width=\"455\">\u2265 150<\/td>\n<\/tr>\n<tr style=\"height: 20.00pt;\">\n<td class=\"et6\" style=\"height: 20.00pt; width: 159.05pt;\" width=\"265\" height=\"33\">Rayon de tournage minimum (m)<\/td>\n<td class=\"et6\" style=\"width: 273.40pt;\" width=\"455\">\u2264 4<\/td>\n<\/tr>\n<tr style=\"height: 20.00pt;\">\n<td class=\"et6\" style=\"height: 20.00pt; width: 159.05pt;\" width=\"265\" height=\"33\">Poids de bordure (kg)<\/td>\n<td class=\"et6\" style=\"width: 273.40pt;\" width=\"455\">262Kg<\/td>\n<\/tr>\n<tr style=\"height: 20.00pt;\">\n<td class=\"et6\" style=\"height: 20.00pt; width: 159.05pt;\" width=\"265\" height=\"33\">Charge nominale (kg)<\/td>\n<td class=\"et6\" style=\"width: 273.40pt;\" width=\"455\">500<\/td>\n<\/tr>\n<tr style=\"height: 20.00pt;\">\n<td class=\"et6\" style=\"height: 20.00pt; width: 159.05pt;\" width=\"265\" height=\"33\">Vitesse maximale (km\/h)<\/td>\n<td class=\"et6\" style=\"width: 273.40pt;\" width=\"455\">45<\/td>\n<\/tr>\n<tr style=\"height: 20.00pt;\">\n<td class=\"et6\" style=\"height: 20.00pt; width: 159.05pt;\" width=\"265\" height=\"33\">Capacit\u00e9 de grade (%)<\/td>\n<td class=\"et6\" style=\"width: 273.40pt;\" width=\"455\">\u2264 15<\/td>\n<\/tr>\n<tr style=\"height: 20.00pt;\">\n<td class=\"et6\" style=\"height: 20.00pt; width: 159.05pt;\" width=\"265\" height=\"33\">Batterie<\/td>\n<td class=\"et6\" style=\"width: 273.40pt;\" width=\"455\">60V45AH-58AH<\/td>\n<\/tr>\n<tr style=\"height: 20.00pt;\">\n<td class=\"et6\" style=\"height: 20.00pt; width: 159.05pt;\" width=\"265\" height=\"33\">Moteur, contr\u00f4leur (w)<\/td>\n<td class=\"et6\" style=\"width: 273.40pt;\" width=\"455\">60V1000W<\/td>\n<\/tr>\n<tr style=\"height: 20.00pt;\">\n<td class=\"et6\" style=\"height: 20.00pt; width: 159.05pt;\" width=\"265\" height=\"33\">Port\u00e9e par charge (km)<\/td>\n<td class=\"et6\" style=\"width: 273.40pt;\" width=\"455\">50-60<\/td>\n<\/tr>\n<tr style=\"height: 20.00pt;\">\n<td class=\"et6\" style=\"height: 20.00pt; width: 159.05pt;\" width=\"265\" height=\"33\">Temps de charge (h)<\/td>\n<td class=\"et6\" style=\"width: 273.40pt;\" width=\"455\">6 ~ 8h<\/td>\n<\/tr>\n<tr style=\"height: 20.00pt;\">\n<td class=\"et6\" style=\"height: 20.00pt; width: 159.05pt;\" width=\"265\" height=\"33\">Pneumatique avant\/arri\u00e8re<\/td>\n<td class=\"et6\" style=\"width: 273.40pt;\" width=\"455\">3.75-12\/4.00-12<\/td>\n<\/tr>\n<tr style=\"height: 20.00pt;\">\n<td class=\"et6\" style=\"height: 20.00pt; width: 159.05pt;\" width=\"265\" height=\"33\">Type de frein avant\/arri\u00e8re<\/td>\n<td class=\"et6\" style=\"width: 273.40pt;\" width=\"455\">Avant \/ arri\u00e8re: tambour<\/td>\n<\/tr>\n<tr style=\"height: 20.00pt;\">\n<td class=\"et6\" style=\"height: 20.00pt; width: 159.05pt;\" width=\"265\" height=\"33\">Frein de stationnement<\/td>\n<td class=\"et6\" style=\"width: 273.40pt;\" width=\"455\">Frein \u00e0 main<\/td>\n<\/tr>\n<\/tbody>\n<\/table>\n<hr data-start=\"1156\" data-end=\"1159\" \/>\n<h2 data-start=\"1161\" data-end=\"1183\">Description du produit<\/h2>\n<p data-start=\"1308\" data-end=\"1680\">Le <strong data-start=\"1312\" data-end=\"1343\">C113 v\u00e9hicule cargo \u00e9lectrique<\/strong> poss\u00e8de une structure de carrosserie compacte optimis\u00e9e pour les rues \u00e9troites et les sc\u00e9narios de livraison haute fr\u00e9quence. Avec des dimensions globales de <strong data-start=\"1473\" data-end=\"1498\">3085 \u00d7 1180 \u00d7 1400 mm<\/strong> et un <strong data-start=\"1505\" data-end=\"1529\">empattement de 2055 mm<\/strong>Le v\u00e9hicule maintient une excellente stabilit\u00e9 tout en permettant un acc\u00e8s facile aux ruelles, aux march\u00e9s et aux zones r\u00e9sidentielles o\u00f9 les v\u00e9hicules plus grands sont impraticables.<\/p>\n<p data-start=\"1682\" data-end=\"2039\">Con\u00e7u pour l'efficacit\u00e9 de la cargaison, le v\u00e9hicule est \u00e9quip\u00e9 d'un <strong data-start=\"1744\" data-end=\"1772\">Bo\u00eete de fret 1600 \u00d7 1100 mm<\/strong>offrant suffisamment d'espace pour les marchandises quotidiennes, les colis et les outils. Avec un <strong data-start=\"1845\" data-end=\"1878\">Capacit\u00e9 nominale de 500 kg<\/strong> et un <strong data-start=\"1885\" data-end=\"1915\">poids de bordure de seulement 262 kg<\/strong>Le C113 atteint un rapport charge-poids exceptionnel, am\u00e9liorant l'efficacit\u00e9 \u00e9nerg\u00e9tique et r\u00e9duisant les co\u00fbts d'exploitation pour les utilisateurs.<\/p>\n<p data-start=\"2041\" data-end=\"2402\">Aliment\u00e9 par un <strong data-start=\"2054\" data-end=\"2088\">Syst\u00e8me de batterie 60V (45Ah-58Ah)<\/strong> et un <strong data-start=\"2095\" data-end=\"2138\">Moteur 60V 1000W avec contr\u00f4leur assorti<\/strong>Le v\u00e9hicule offre des performances stables et fiables pour les op\u00e9rations logistiques quotidiennes. Le <strong data-start=\"2229\" data-end=\"2261\">autonomie par charge de 50 \u00e0 60 km<\/strong> convient parfaitement aux routes de livraison urbaines \u00e0 courte distance, \u00e0 la distribution communautaire et \u00e0 la logistique interne dans les parcs industriels ou les campus.<\/p>\n<p data-start=\"2404\" data-end=\"2774\">Le C113 est con\u00e7u pour faciliter l'utilisation et la s\u00e9curit\u00e9. Un <strong data-start=\"2463\" data-end=\"2502\">rayon de tournage minimum de \u22644 m\u00e8tres<\/strong> permet de manipuler en douceur dans des espaces confin\u00e9s, tandis qu'un <strong data-start=\"2558\" data-end=\"2597\">D\u00e9gagement au sol minimum de \u2265150 mm<\/strong> permet au v\u00e9hicule de g\u00e9rer les routes in\u00e9gales, les chocs de vitesse et les sentiers ruraux en toute confiance. Le <strong data-start=\"2691\" data-end=\"2719\">vitesse maximale de 45 km\/h<\/strong> \u00e9quilibre l'efficacit\u00e9 et la s\u00e9curit\u00e9 pour l'utilisation de la livraison urbaine.<\/p>\n<p data-start=\"2776\" data-end=\"3110\">Le syst\u00e8me de ch\u00e2ssis adopte <strong data-start=\"2802\" data-end=\"2832\">freins \u00e0 tambour avant et arri\u00e8re<\/strong>offrant des performances de freinage fiables dans des conditions de charge. Un <strong data-start=\"2902\" data-end=\"2933\">frein de stationnement manuel<\/strong> assure un stationnement s\u00e9curis\u00e9 pendant les op\u00e9rations de chargement et de d\u00e9chargement. Le <strong data-start=\"3002\" data-end=\"3052\">tailles de pneus avant et arri\u00e8re de 3.75-12 \/ 4.00-12<\/strong> offrent une bonne capacit\u00e9 de charge et une bonne adaptabilit\u00e9 routi\u00e8re.<\/p>\n<p data-start=\"3112\" data-end=\"3390\">Le chargement est simple et pratique, avec un <strong data-start=\"3154\" data-end=\"3184\">Temps de charge de 6 \u00e0 8 heures<\/strong>permettant une charge nocturne et un fonctionnement quotidien ininterrompu. Multiple <strong data-start=\"3258\" data-end=\"3282\">couleurs de corps en option<\/strong>\u2014 incluant le rouge, le bleu, le vert, le jaune, le gris et le blanc \u2014 prend en charge les exigences de marquage et d\u2019identification de la flotte.<\/p>\n<p data-start=\"3392\" data-end=\"3593\">En tant que pratique <strong data-start=\"3407\" data-end=\"3438\">plateforme de v\u00e9hicule personnalis\u00e9e<\/strong>Le C113 peut \u00eatre adapt\u00e9 \u00e0 diff\u00e9rentes configurations de cargaison et applications sp\u00e9ciales de v\u00e9hicules, ce qui le rend adapt\u00e9 \u00e0 un large \u00e9ventail de sc\u00e9narios commerciaux.<\/p>\n<hr data-start=\"3595\" data-end=\"3598\" \/>\n<h2 data-start=\"3600\" data-end=\"3642\">Caract\u00e9ristiques cl\u00e9s &amp; Avantages<\/h2>\n<h3 data-start=\"3644\" data-end=\"3658\">Caract\u00e9ristiques<\/h3>\n<ul data-start=\"3659\" data-end=\"3843\">\n<li data-start=\"3659\" data-end=\"3700\">\n<p data-start=\"3661\" data-end=\"3700\">Conception de v\u00e9hicule cargo \u00e9lectrique compact<\/p>\n<\/li>\n<li data-start=\"3701\" data-end=\"3734\">\n<p data-start=\"3703\" data-end=\"3734\">Capacit\u00e9 nominale de charge utile de 500 kg<\/p>\n<\/li>\n<li data-start=\"3735\" data-end=\"3774\">\n<p data-start=\"3737\" data-end=\"3774\">Syst\u00e8me de batterie 60V avec moteur 1000W<\/p>\n<\/li>\n<li data-start=\"3775\" data-end=\"3811\">\n<p data-start=\"3777\" data-end=\"3811\">Grande bo\u00eete de fret (1600 \u00d7 1100 mm)<\/p>\n<\/li>\n<li data-start=\"3812\" data-end=\"3843\">\n<p data-start=\"3814\" data-end=\"3843\">Petit rayon de tournage (\u22644 m)<\/p>\n<\/li>\n<\/ul>\n<h3 data-start=\"3845\" data-end=\"3861\">Avantages<\/h3>\n<ul data-start=\"3862\" data-end=\"4069\">\n<li data-start=\"3862\" data-end=\"3917\">\n<p data-start=\"3864\" data-end=\"3917\">Acc\u00e8s facile aux rues \u00e9troites et aux zones urbaines denses<\/p>\n<\/li>\n<li data-start=\"3918\" data-end=\"3966\">\n<p data-start=\"3920\" data-end=\"3966\">Efficacit\u00e9 de charge \u00e9lev\u00e9e avec faible poids du v\u00e9hicule<\/p>\n<\/li>\n<li data-start=\"3967\" data-end=\"4015\">\n<p data-start=\"3969\" data-end=\"4015\">Faible consommation d'\u00e9nergie et co\u00fbts d'entretien<\/p>\n<\/li>\n<li data-start=\"4016\" data-end=\"4069\">\n<p data-start=\"4018\" data-end=\"4069\">Fonctionnement simple et performances de freinage fiables<\/p>\n<\/li>\n<\/ul>\n<h3 data-start=\"4071\" data-end=\"4091\">Avantages pour l'acheteur<\/h3>\n<ul data-start=\"4092\" data-end=\"4275\">\n<li data-start=\"4092\" data-end=\"4128\">\n<p data-start=\"4094\" data-end=\"4128\">R\u00e9duction des frais de livraison du dernier mile<\/p>\n<\/li>\n<li data-start=\"4129\" data-end=\"4180\">\n<p data-start=\"4131\" data-end=\"4180\">Am\u00e9lioration de l'efficacit\u00e9 de la livraison dans les zones congestionn\u00e9es<\/p>\n<\/li>\n<li data-start=\"4181\" data-end=\"4220\">\n<p data-start=\"4183\" data-end=\"4220\">Co\u00fbt total de propri\u00e9t\u00e9 (TCO) plus bas<\/p>\n<\/li>\n<li data-start=\"4221\" data-end=\"4275\">\n<p data-start=\"4223\" data-end=\"4275\">Convient aux petites entreprises et aux op\u00e9rations de flotte<\/p>\n<\/li>\n<\/ul>\n<h3 data-start=\"4277\" data-end=\"4291\">La preuve<\/h3>\n<ul data-start=\"4292\" data-end=\"4454\">\n<li data-start=\"4292\" data-end=\"4344\">\n<p data-start=\"4294\" data-end=\"4344\">Architecture \u00e9prouv\u00e9e de la transmission \u00e9lectrique de tricycles<\/p>\n<\/li>\n<li data-start=\"4345\" data-end=\"4399\">\n<p data-start=\"4347\" data-end=\"4399\">Syst\u00e8me de freinage \u00e0 tambour largement utilis\u00e9 pour les v\u00e9hicules cargo<\/p>\n<\/li>\n<li data-start=\"4400\" data-end=\"4454\">\n<p data-start=\"4402\" data-end=\"4454\">Conception pratique optimis\u00e9e pour la logistique urbaine<\/p>\n<\/li>\n<\/ul>\n<hr data-start=\"4456\" data-end=\"4459\" \/>\n<h2 data-start=\"4461\" data-end=\"4485\">Sc\u00e9narios d'application<\/h2>\n<ul data-start=\"4487\" data-end=\"4674\">\n<li data-start=\"4487\" data-end=\"4515\">\n<p data-start=\"4489\" data-end=\"4515\">Livraison urbaine de dernier kilom\u00e8tre<\/p>\n<\/li>\n<li data-start=\"4516\" data-end=\"4555\">\n<p data-start=\"4518\" data-end=\"4555\">Logistique communautaire et r\u00e9sidentielle<\/p>\n<\/li>\n<li data-start=\"4556\" data-end=\"4595\">\n<p data-start=\"4558\" data-end=\"4595\">Transport de marchandises pour petites entreprises<\/p>\n<\/li>\n<li data-start=\"4596\" data-end=\"4630\">\n<p data-start=\"4598\" data-end=\"4630\">March\u00e9 et distribution au d\u00e9tail<\/p>\n<\/li>\n<li data-start=\"4631\" data-end=\"4674\">\n<p data-start=\"4633\" data-end=\"4674\">Applications sp\u00e9ciales personnalis\u00e9es pour v\u00e9hicules<\/p>\n<\/li>\n<\/ul>\n<hr data-start=\"4676\" data-end=\"4679\" \/>\n<h2 data-start=\"4681\" data-end=\"4711\">Pourquoi choisir C113 de Tairui<\/h2>\n<p data-start=\"4713\" data-end=\"5059\">Avec de fortes capacit\u00e9s dans le d\u00e9veloppement et la fabrication de v\u00e9hicules \u00e9lectriques, <strong data-start=\"4789\" data-end=\"4843\">Shandong Tairui Automobile et Electronics Co., Ltd.<\/strong> fournit fiable <strong data-start=\"4862\" data-end=\"4894\">solutions logistiques \u00e9lectriques<\/strong> pour les march\u00e9s mondiaux. De la conception des produits \u00e0 la personnalisation OEM et au support apr\u00e8s-vente, nous aidons les clients \u00e0 am\u00e9liorer l'efficacit\u00e9 op\u00e9rationnelle et \u00e0 r\u00e9duire les risques d'achat.<\/p>\n<hr data-start=\"5061\" data-end=\"5064\" \/>\n<h2 data-start=\"5066\" data-end=\"5089\">Appel \u00e0 l'action (CTA)<\/h2>\n<p data-start=\"5091\" data-end=\"5358\">\u00c0 la recherche d'une solution rentable <strong data-start=\"5120\" data-end=\"5146\">v\u00e9hicule cargo \u00e9lectrique<\/strong> ou un <strong data-start=\"5152\" data-end=\"5193\">solution tricycle \u00e9lectrique personnalis\u00e9e<\/strong> pour vos besoins logistiques ?<br data-start=\"5219\" data-end=\"5222\" \/><strong data-start=\"5222\" data-end=\"5242\">Contactez-nous aujourd'hui<\/strong> pour recevoir des sp\u00e9cifications d\u00e9taill\u00e9es, des options de personnalisation, des informations sur les prix et un support technique professionnel.<\/p>\n<hr data-start=\"5360\" data-end=\"5363\" \/>\n<h2 data-start=\"5365\" data-end=\"5371\">FAQ (questions fr\u00e9quentes)<\/h2>\n<p data-start=\"5373\" data-end=\"5512\"><strong data-start=\"5373\" data-end=\"5430\">Q1 : Quelle est la capacit\u00e9 maximale de charge utile du C113 ?<\/strong><br data-start=\"5430\" data-end=\"5433\" \/>La capacit\u00e9 de charge nominale est <strong data-start=\"5460\" data-end=\"5470\">500 kg<\/strong>adapt\u00e9 aux t\u00e2ches de livraison urbaine quotidiennes.<\/p>\n<p data-start=\"5514\" data-end=\"5655\"><strong data-start=\"5514\" data-end=\"5559\">Q2: Quelle est la port\u00e9e de conduite par charge?<\/strong><br data-start=\"5559\" data-end=\"5562\" \/>Le v\u00e9hicule offre une gamme de <strong data-start=\"5592\" data-end=\"5604\">50\u201360 km<\/strong> par charge, en fonction de la charge et des conditions routi\u00e8res.<\/p>\n<p data-start=\"5657\" data-end=\"5799\"><strong data-start=\"5657\" data-end=\"5709\">Q3: Le C113 est-il facile \u00e0 utiliser dans des zones \u00e9troites?<\/strong><br data-start=\"5709\" data-end=\"5712\" \/>- Oui, oui. Sa taille compacte et <strong data-start=\"5738\" data-end=\"5761\">\u22644 m rayon de tournage<\/strong> Il est id\u00e9al pour les espaces urbains \u00e9troits.<\/p>\n<p data-start=\"5801\" data-end=\"5944\"><strong data-start=\"5801\" data-end=\"5859\">Q4: Combien de temps faut-il pour charger compl\u00e8tement la batterie?<\/strong><br data-start=\"5859\" data-end=\"5862\" \/>Le temps de charge est approximativement <strong data-start=\"5897\" data-end=\"5910\">6 \u00e0 8 heures<\/strong>Convient pour la recharge nocturne.<\/p>\n<p data-start=\"5946\" data-end=\"6076\"><strong data-start=\"5946\" data-end=\"5984\">Q5: Le v\u00e9hicule peut-il \u00eatre personnalis\u00e9?<\/strong><br data-start=\"5984\" data-end=\"5987\" \/>- Oui, oui. La personnalisation OEM est disponible, y compris la configuration de bo\u00eete de fret et les options de couleur.<\/p>","protected":false},"excerpt":{"rendered":"<p>Le v\u00e9hicule cargo \u00e9lectrique C113 est un v\u00e9hicule cargo \u00e9lectrique compact con\u00e7u pour la logistique \u00e0 courte distance et la livraison urbaine. Avec une capacit\u00e9 de charge utile \u00e9lev\u00e9e, un rayon de virage serr\u00e9 et des co\u00fbts d'exploitation faibles, il fournit une solution \u00e9lectrique pratique et fiable pour le transport de dernier kilom\u00e8tre et une utilisation commerciale l\u00e9g\u00e8re.<\/p>","protected":false},"featured_media":3670,"comment_status":"open","ping_status":"closed","template":"","meta":[],"product_brand":[],"product_cat":[78],"product_tag":[],"class_list":{"0":"post-3328","1":"product","2":"type-product","3":"status-publish","4":"has-post-thumbnail","6":"product_cat-electric-tricycle","8":"first","9":"instock","10":"shipping-taxable","11":"purchasable","12":"product-type-simple"},"_links":{"self":[{"href":"https:\/\/www.tairuiauto.com\/fr\/wp-json\/wp\/v2\/product\/3328","targetHints":{"allow":["GET"]}}],"collection":[{"href":"https:\/\/www.tairuiauto.com\/fr\/wp-json\/wp\/v2\/product"}],"about":[{"href":"https:\/\/www.tairuiauto.com\/fr\/wp-json\/wp\/v2\/types\/product"}],"replies":[{"embeddable":true,"href":"https:\/\/www.tairuiauto.com\/fr\/wp-json\/wp\/v2\/comments?post=3328"}],"wp:featuredmedia":[{"embeddable":true,"href":"https:\/\/www.tairuiauto.com\/fr\/wp-json\/wp\/v2\/media\/3670"}],"wp:attachment":[{"href":"https:\/\/www.tairuiauto.com\/fr\/wp-json\/wp\/v2\/media?parent=3328"}],"wp:term":[{"taxonomy":"product_brand","embeddable":true,"href":"https:\/\/www.tairuiauto.com\/fr\/wp-json\/wp\/v2\/product_brand?post=3328"},{"taxonomy":"product_cat","embeddable":true,"href":"https:\/\/www.tairuiauto.com\/fr\/wp-json\/wp\/v2\/product_cat?post=3328"},{"taxonomy":"product_tag","embeddable":true,"href":"https:\/\/www.tairuiauto.com\/fr\/wp-json\/wp\/v2\/product_tag?post=3328"}],"curies":[{"name":"WP","href":"https:\/\/api.w.org\/{rel}","templated":true}]}}