{"id":3357,"date":"2025-08-20T14:52:55","date_gmt":"2025-08-20T06:52:55","guid":{"rendered":"https:\/\/www.tairuiauto.com\/?post_type=product&#038;p=3357"},"modified":"2025-09-12T13:43:59","modified_gmt":"2025-09-12T05:43:59","slug":"self-dumping-electric-cargo-trike","status":"publish","type":"product","link":"https:\/\/www.tairuiauto.com\/fr\/product\/self-dumping-electric-cargo-trike\/","title":{"rendered":"Autodumping Electric Cargo Trike"},"content":{"rendered":"<h2 class=\"header-vfC6AV auto-hide-last-sibling-br\">Points de vente<\/h2>\n<h3 class=\"header-vfC6AV auto-hide-last-sibling-br\">1. Soi sans effort &#8211; Dumping<\/h3>\n<div class=\"auto-hide-last-sibling-br paragraph-JOTKXA paragraph-element br-paragraph-space\">Le\u00a0<strong>Soi &#8211; Dumping \u00e9lectrique Cargo Trike<\/strong>La fonction d\u2019inclinaison n\u2019est rien d\u2019autre qu\u2019une merveille, permettant le d\u00e9chargement rapide des mat\u00e9riaux en vrac en quelques secondes. Que ce soit un camion charg\u00e9 de gravier sur un chantier de construction ou un tas de cultures r\u00e9colt\u00e9es sur une ferme, cette fonctionnalit\u00e9 \u00e9limine le besoin de retour &#8211; briser le travail manuel. Dans le contexte de la construction, o\u00f9 le temps est de l\u2019argent et l\u2019efficacit\u00e9 r\u00e8gne supr\u00eame, il cimente le statut du trike comme le\u00a0<em>construction &#8211; dumping \u00e9lectrique cargo trike<\/em>\u00a0\u2013 une solution exceptionnelle pour les \u00e9quipes cherchant \u00e0 acc\u00e9l\u00e9rer les calendriers du projet. L'action de d\u00e9versement sans couture garantit que les mat\u00e9riaux sont d\u00e9pos\u00e9s pr\u00e9cis\u00e9ment l\u00e0 o\u00f9 il est n\u00e9cessaire, minimisant les d\u00e9chets et maximisant la continuit\u00e9 du flux de travail.<\/div>\n<h3 class=\"header-vfC6AV auto-hide-last-sibling-br\">2. Flexibilit\u00e9 de double tension<\/h3>\n<div class=\"auto-hide-last-sibling-br paragraph-JOTKXA paragraph-element br-paragraph-space\">\u00c9quip\u00e9 d'options d'alimentation 48\/60V, le\u00a0<strong>Soi &#8211; Dumping \u00e9lectrique Cargo Trike<\/strong>\u00a0d\u00e9montre une adaptabilit\u00e9 in\u00e9gal\u00e9e. Ce double &#8211; capacit\u00e9 de tension lui permet d'int\u00e9grer sans heurt \u00e0 divers configurations op\u00e9rationnelles, de la puissance &#8211; environnements contraints des fermes \u00e9loign\u00e9es aux infrastructures \u00e9lectriques plus robustes des grandes &#8211; \u00e9chelle des sites d'emploi. Pour les agriculteurs qui naviguent souvent &#8211; approvisionnement en \u00e9lectricit\u00e9 impr\u00e9visible des zones rurales, il fonctionne comme le\u00a0<em>agriculture &#8211; dumping \u00e9lectrique cargo trike<\/em>alimenter de mani\u00e8re fiable les t\u00e2ches quotidiennes comme le transport des engrais et le transport des produits. Pendant ce temps, sur les chantiers de construction anim\u00e9s, il tire parti de &#8211; sources de tension pour maintenir les performances de pointe, en veillant \u00e0 ce que le\u00a0<em>auto polyvalent &#8211; dumping \u00e9lectrique cargo trike<\/em>\u00a0r\u00e9pond \u00e0 son nom en r\u00e9pondant \u00e0 tous les besoins en \u00e9nergie.<\/div>\n<h3 class=\"header-vfC6AV auto-hide-last-sibling-br\">3. Conception durable<\/h3>\n<div class=\"auto-hide-last-sibling-br paragraph-JOTKXA paragraph-element br-paragraph-space\">Con\u00e7u en tenant compte de la durabilit\u00e9, le\u00a0<strong>Soi &#8211; Dumping \u00e9lectrique Cargo Trike<\/strong>\u00a0caract\u00e9ristiques jantes en acier et lourd &#8211; amortisseurs de travail qui lui permettent de r\u00e9sister aux rigueurs du terrain rugueux. Qu'il s'agisse de traverser les chemins rocheux et in\u00e9gaux d'une carri\u00e8re ou de naviguer dans les bosses, le pot &#8211; routes trou\u00e9es d'une ferme rurale, ce trike reste ferme. Les jantes en acier r\u00e9sistent aux d\u00e9g\u00e2ts caus\u00e9s par les d\u00e9bris et les surfaces irr\u00e9guli\u00e8res, tandis que les amortisseurs amortissent la course, prot\u00e9geant \u00e0 la fois le v\u00e9hicule et sa cargaison. Cette construction robuste assure une long\u00e9vit\u00e9, m\u00eame dans les environnements les plus exigeants, ce qui en fait un co\u00fbt &#8211; un investissement efficace pour les entreprises qui ne peuvent pas se permettre de remplacer fr\u00e9quemment leurs \u00e9quipements. Pour les op\u00e9rations qui poussent les machines \u00e0 leurs limites, la\u00a0<strong>Soi &#8211; Dumping \u00e9lectrique Cargo Trike<\/strong>\u00a0est un t\u00e9moignage de r\u00e9silience, prouvant qu'il peut faire face aux d\u00e9fis les plus difficiles jour apr\u00e8s jour.<\/div>\n<h2>sp\u00e9cification<\/h2>\n<table style=\"border-collapse: collapse; width: 91.5729%; height: 618px;\" border=\"0\" width=\"720\" cellspacing=\"0\" cellpadding=\"0\">\n<tbody>\n<tr style=\"height: 20.00pt;\">\n<td class=\"et5\" style=\"height: 20.00pt; width: 432.45pt;\" colspan=\"2\" width=\"720\" height=\"33\">Configuration standard<\/td>\n<\/tr>\n<tr style=\"height: 20.00pt;\">\n<td class=\"et6\" style=\"height: 20.00pt;\" height=\"33\">Mod\u00e8le<\/td>\n<td class=\"et8\"><a href=\"#\u76ee\u5f55!A1\">C111<\/a><\/td>\n<\/tr>\n<tr style=\"height: 20.00pt;\">\n<td class=\"et7\" style=\"height: 20.00pt; width: 159.05pt;\" width=\"265\" height=\"33\">L \u00d7 L \u00d7 H (mm)<\/td>\n<td class=\"et7\" style=\"width: 273.40pt;\" width=\"455\">2980 \u00d7 1080 \u00d7 1340<\/td>\n<\/tr>\n<tr style=\"height: 20.00pt;\">\n<td class=\"et7\" style=\"height: 20.00pt; width: 159.05pt;\" width=\"265\" height=\"33\">Taille de bo\u00eete de fret (mm)<\/td>\n<td class=\"et7\" style=\"width: 273.40pt;\" width=\"455\">1300\u00d7950<\/td>\n<\/tr>\n<tr style=\"height: 20.00pt;\">\n<td class=\"et7\" style=\"height: 20.00pt; width: 159.05pt;\" width=\"265\" height=\"33\">Base de roue (mm)<\/td>\n<td class=\"et7\" style=\"width: 273.40pt;\" width=\"455\">2040<\/td>\n<\/tr>\n<tr style=\"height: 20.00pt;\">\n<td class=\"et7\" style=\"height: 20.00pt; width: 159.05pt;\" width=\"265\" height=\"33\">Voie de roue (mm)<\/td>\n<td class=\"et7\" style=\"width: 273.40pt;\" width=\"455\">880<\/td>\n<\/tr>\n<tr style=\"height: 20.00pt;\">\n<td class=\"et7\" style=\"height: 20.00pt; width: 159.05pt;\" width=\"265\" height=\"33\">D\u00e9gagement minimum au sol (mm)<\/td>\n<td class=\"et7\" style=\"width: 273.40pt;\" width=\"455\">\u2265 150<\/td>\n<\/tr>\n<tr style=\"height: 20.00pt;\">\n<td class=\"et7\" style=\"height: 20.00pt; width: 159.05pt;\" width=\"265\" height=\"33\">Rayon de tournage minimum (m)<\/td>\n<td class=\"et7\" style=\"width: 273.40pt;\" width=\"455\">\u2264 4<\/td>\n<\/tr>\n<tr style=\"height: 20.00pt;\">\n<td class=\"et7\" style=\"height: 20.00pt; width: 159.05pt;\" width=\"265\" height=\"33\">Poids de bordure (kg)<\/td>\n<td class=\"et7\" style=\"width: 273.40pt;\" width=\"455\">196<\/td>\n<\/tr>\n<tr style=\"height: 20.00pt;\">\n<td class=\"et7\" style=\"height: 20.00pt; width: 159.05pt;\" width=\"265\" height=\"33\">Vitesse maximale (km\/h)<\/td>\n<td class=\"et7\" style=\"width: 273.40pt;\" width=\"455\">35-45<\/td>\n<\/tr>\n<tr style=\"height: 20.00pt;\">\n<td class=\"et7\" style=\"height: 20.00pt; width: 159.05pt;\" width=\"265\" height=\"33\">Capacit\u00e9 de grade (%)<\/td>\n<td class=\"et7\" style=\"width: 273.40pt;\" width=\"455\">\u2264 15<\/td>\n<\/tr>\n<tr style=\"height: 20.00pt;\">\n<td class=\"et7\" style=\"height: 20.00pt; width: 159.05pt;\" width=\"265\" height=\"33\">Batterie<\/td>\n<td class=\"et7\" style=\"width: 273.40pt;\" width=\"455\">48\/60V45AH-58AH<\/td>\n<\/tr>\n<tr style=\"height: 20.00pt;\">\n<td class=\"et7\" style=\"height: 20.00pt; width: 159.05pt;\" width=\"265\" height=\"33\">Moteur, contr\u00f4leur (w)<\/td>\n<td class=\"et7\" style=\"width: 273.40pt;\" width=\"455\">Aimant permanent 48\/60V1000W<\/td>\n<\/tr>\n<tr style=\"height: 20.00pt;\">\n<td class=\"et7\" style=\"height: 20.00pt; width: 159.05pt;\" width=\"265\" height=\"33\">Port\u00e9e par charge (km)<\/td>\n<td class=\"et7\" style=\"width: 273.40pt;\" width=\"455\">50-70<\/td>\n<\/tr>\n<tr style=\"height: 20.00pt;\">\n<td class=\"et7\" style=\"height: 20.00pt; width: 159.05pt;\" width=\"265\" height=\"33\">Temps de charge (h)<\/td>\n<td class=\"et7\" style=\"width: 273.40pt;\" width=\"455\">6 ~ 8h<\/td>\n<\/tr>\n<tr style=\"height: 20.00pt;\">\n<td class=\"et7\" style=\"height: 20.00pt; width: 159.05pt;\" width=\"265\" height=\"33\">Amortisseur avant<\/td>\n<td class=\"et7\" style=\"width: 273.40pt;\" width=\"455\">\u03c631 ressort ext\u00e9rieur Tambour amortisseur<\/td>\n<\/tr>\n<tr style=\"height: 20.00pt;\">\n<td class=\"et7\" style=\"height: 20.00pt; width: 159.05pt;\" width=\"265\" height=\"33\">Amortisseur arri\u00e8re<\/td>\n<td class=\"et7\" style=\"width: 273.40pt;\" width=\"455\">branche de feuille<\/td>\n<\/tr>\n<tr style=\"height: 20.00pt;\">\n<td class=\"et7\" style=\"height: 20.00pt; width: 159.05pt;\" width=\"265\" height=\"33\">Pneumatique avant\/arri\u00e8re<\/td>\n<td class=\"et7\" style=\"width: 273.40pt;\" width=\"455\">3.00-12\/3.50-12<\/td>\n<\/tr>\n<tr style=\"height: 20.00pt;\">\n<td class=\"et7\" style=\"height: 20.00pt; width: 159.05pt;\" width=\"265\" height=\"33\">Type de jante<\/td>\n<td class=\"et7\" style=\"width: 273.40pt;\" width=\"455\">acier<\/td>\n<\/tr>\n<tr style=\"height: 20.00pt;\">\n<td class=\"et7\" style=\"height: 20.00pt; width: 159.05pt;\" width=\"265\" height=\"33\">Type de frein avant\/arri\u00e8re<\/td>\n<td class=\"et7\" style=\"width: 273.40pt;\" width=\"455\">Une tra\u00eene trois freins \u00e0 tambour<\/td>\n<\/tr>\n<tr style=\"height: 20.00pt;\">\n<td class=\"et7\" style=\"height: 20.00pt; width: 159.05pt;\" width=\"265\" height=\"33\">Frein de stationnement<\/td>\n<td class=\"et7\" style=\"width: 273.40pt;\" width=\"455\">Frein \u00e0 main<\/td>\n<\/tr>\n<tr style=\"height: 20.00pt;\">\n<td class=\"et7\" style=\"height: 20.00pt; width: 159.05pt;\" width=\"265\" height=\"33\">Structure de l'essieu arri\u00e8re<\/td>\n<td class=\"et7\" style=\"width: 273.40pt;\" width=\"455\">Axe arri\u00e8re int\u00e9gr\u00e9<\/td>\n<\/tr>\n<\/tbody>\n<\/table>\n<h2 class=\"header-vfC6AV auto-hide-last-sibling-br\">Sc\u00e9narios d'utilisation<\/h2>\n<h3 class=\"header-vfC6AV auto-hide-last-sibling-br\">1. Sites de construction<\/h3>\n<div class=\"auto-hide-last-sibling-br paragraph-JOTKXA paragraph-element br-paragraph-space\">Sur les chantiers de construction, le\u00a0<strong>Soi &#8211; Dumping \u00e9lectrique Cargo Trike<\/strong>\u00a0prend le centre de la sc\u00e8ne comme un outil vital pour le transport de mat\u00e9riaux. Il transporte sans effort le sable, le gravier et les d\u00e9bris de construction, en tirant parti de son propre &#8211; fonctions de d\u00e9p\u00f4t pour d\u00e9poser les charges directement au point de besoin \u2013 que ce soit \u00e0 c\u00f4t\u00e9 d\u2019une fondation en cours de pose ou d\u2019un mur en construction. Cela \u00e9limine la n\u00e9cessit\u00e9 d'\u00e9quipements suppl\u00e9mentaires tels que des pelles ou des chargeuses pour g\u00e9rer le d\u00e9chargement, r\u00e9duisant ainsi les co\u00fbts et les calendriers du projet. Dans le rapide &#8211; Dans un monde de construction dynamique, o\u00f9 chaque minute compte, l\u2019efficacit\u00e9 du trike garantit que les \u00e9quipages peuvent continuer \u00e0 avancer sans se retrouver coinc\u00e9s par des obstacles logistiques.<\/div>\n<h3 class=\"header-vfC6AV auto-hide-last-sibling-br\">2. Fermes agricoles<\/h3>\n<div class=\"auto-hide-last-sibling-br paragraph-JOTKXA paragraph-element br-paragraph-space\">Les fermes d\u00e9pendent fortement des\u00a0<strong>Soi &#8211; Dumping \u00e9lectrique Cargo Trike<\/strong>\u00a0rationaliser leurs op\u00e9rations quotidiennes. Comme le\u00a0<em>agriculture &#8211; dumping \u00e9lectrique cargo trike<\/em>Il s'av\u00e8re inestimable pour le transport de tout, des cultures fra\u00eechement r\u00e9colt\u00e9es aux sacs encombrants d'engrais. La capacit\u00e9 de d\u00e9charger rapidement les mati\u00e8res signifie que les agriculteurs peuvent d\u00e9charger efficacement leurs produits dans les installations de stockage ou distribuer les engrais dans les champs sans d\u00e9lai. Sa conception robuste lui permet \u00e9galement de naviguer sur le terrain in\u00e9gal commun dans les milieux agricoles, que ce soit un p\u00e2turage boueux apr\u00e8s une temp\u00eate de pluie ou un gravier &#8211; route d'acc\u00e8s remplie menant \u00e0 un champ \u00e9loign\u00e9. Pour les petits &#8211; Pour les agriculteurs \u00e0 grande \u00e9chelle et les grandes entreprises agricoles, c\u2019est un cheval de travail fiable qui am\u00e9liore la productivit\u00e9 pendant la plantation, la r\u00e9colte et tout ce qui entre.<\/div>\n<h3 class=\"header-vfC6AV auto-hide-last-sibling-br\">3. Op\u00e9rations de carri\u00e8re<\/h3>\n<div class=\"auto-hide-last-sibling-br paragraph-JOTKXA paragraph-element br-paragraph-space\">Dans les environnements de carri\u00e8re, o\u00f9 le terrain est rude et les charges sont lourdes, la\u00a0<strong>Soi &#8211; Dumping \u00e9lectrique Cargo Trike<\/strong>\u00a0prouve son courage. Il est charg\u00e9 de d\u00e9placer petit &#8211; des mat\u00e9riaux \u00e0 \u00e9chelle comme la roche \u00e9cras\u00e9e et le minerai, naviguant facilement sur les chemins rocheux et in\u00e9gaux gr\u00e2ce \u00e0 sa construction durable. Le soi &#8211; La fonction de d\u00e9chargement simplifie le processus de d\u00e9chargement, permettant aux op\u00e9rateurs de d\u00e9poser rapidement des mat\u00e9riaux dans les zones de traitement ou les zones de chargement. Contrairement aux v\u00e9hicules plus gros et encombrants qui peuvent avoir du mal \u00e0 man\u0153uvrer dans les espaces \u00e9troits d\u2019une carri\u00e8re, la taille compacte et la manipulation agile du trike en font un choix id\u00e9al pour le transport de mat\u00e9riaux sur de courtes \u00e0 moyennes distances. C\u2019est un t\u00e9moignage de la fa\u00e7on dont le\u00a0<strong>Soi &#8211; Dumping \u00e9lectrique Cargo Trike<\/strong>\u00a0peut s'adapter m\u00eame aux environnements industriels les plus difficiles.<\/div>\n<h2 class=\"header-vfC6AV auto-hide-last-sibling-br\">FAQ (questions fr\u00e9quentes)<\/h2>\n<h3 class=\"header-vfC6AV auto-hide-last-sibling-br\">1. Q: Quel type de syst\u00e8me de freinage fait le Self &#8211; Dumping Electric Cargo Trike utilisation?<\/h3>\n<div class=\"auto-hide-last-sibling-br paragraph-JOTKXA paragraph-element br-paragraph-space\"><strong>Un<\/strong>: Le\u00a0<strong>Soi &#8211; Dumping \u00e9lectrique Cargo Trike<\/strong>\u00a0est \u00e9quip\u00e9 d'un &#8211; glisser &#8211; Trois freins \u00e0 tambour. Ce syst\u00e8me de freinage robuste assure des arr\u00eats s\u00fbrs et fiables, m\u00eame lorsque le trike est enti\u00e8rement charg\u00e9 de mat\u00e9riaux lourds. Qu\u2019il s\u2019agisse de naviguer sur une pente en descente raide dans une carri\u00e8re ou d\u2019s\u2019arr\u00eater dans une zone de construction bond\u00e9e, les freins fournissent la puissance d\u2019arr\u00eat n\u00e9cessaire pour assurer la s\u00e9curit\u00e9 des op\u00e9rateurs et des passants.<\/div>\n<h3 class=\"header-vfC6AV auto-hide-last-sibling-br\">2. Q: Jusqu'o\u00f9 peut le Soi &#8211; Dumping Electric Cargo Trike voyage sur une seule charge?<\/h3>\n<div class=\"auto-hide-last-sibling-br paragraph-JOTKXA paragraph-element br-paragraph-space\"><strong>Un<\/strong>Sur une charge compl\u00e8te, le\u00a0<strong>Soi &#8211; Dumping \u00e9lectrique Cargo Trike<\/strong>\u00a0offre une gamme impressionnante de 50 &#8211; 70 km. Cela le rend parfaitement adapt\u00e9 \u00e0 tous &#8211; op\u00e9rations quotidiennes, qu\u2019il s\u2019agisse d\u2019une journ\u00e9e de parcours continus sur une grande ferme ou de postes prolong\u00e9s sur un chantier de construction fr\u00e9quent\u00e9. Le\u00a0<em>48\/60V auto &#8211; dumping \u00e9lectrique cargo trike<\/em>\u00a0(notre variante de mot cl\u00e9) tire parti de son efficacit\u00e9 de la batterie pour s'assurer qu'elle peut suivre les exigences des journ\u00e9es de travail intensives sans interruptions fr\u00e9quentes de recharge.<\/div>\n<h3 class=\"header-vfC6AV auto-hide-last-sibling-br\">3. Q: Comment l'utilisateur &#8211; Le m\u00e9canisme de dumping est-il amical ?<\/h3>\n<div class=\"auto-hide-last-sibling-br paragraph-JOTKXA paragraph-element br-paragraph-space\"><strong>Un<\/strong>Le m\u00e9canisme de dumping du\u00a0<strong>Soi &#8211; Dumping \u00e9lectrique Cargo Trike<\/strong>\u00a0est con\u00e7u avec simplicit\u00e9 et facilit\u00e9 d'utilisation \u00e0 l'esprit. Les op\u00e9rateurs peuvent activer la fonction d'inclinaison via des commandes simples, n\u00e9cessitant un effort minimal pour lancer le processus de d\u00e9chargement. Cet utilisateur &#8211; La conception conviviale signifie que m\u00eame les utilisateurs d\u00e9butants peuvent ma\u00eetriser rapidement la fonctionnalit\u00e9, ce qui permet de gagner du temps pr\u00e9cieux aux \u00e9quipes au travail. Que vous soyez un ouvrier de construction avec un horaire serr\u00e9 ou un agriculteur jonglant plusieurs t\u00e2ches, le m\u00e9canisme intuitif de d\u00e9chargement du trike garantit que le d\u00e9chargement est facile.<\/div>","protected":false},"excerpt":{"rendered":"<p>Rencontrez le\u00a0<strong>Soi &#8211; Dumping \u00e9lectrique Cargo Trike<\/strong>\u00a0\u2013 une force r\u00e9volutionnaire en mati\u00e8re de manutention efficace des mati\u00e8res qui est pr\u00eate \u00e0 red\u00e9finir la fa\u00e7on dont les industries g\u00e8rent le transport en vrac. Dot\u00e9 de dimensions de 2980 \u00d7 1080 \u00d7 1340 mm et d'une bo\u00eete de fret g\u00e9n\u00e9reuse de 1300 \u00d7 950 mm, ce trike est destin\u00e9 \u00e0 &#8211; construit pour robuste, haut &#8211; environnements de demande. Au c\u0153ur se trouve un moteur dynamique 48\/60V1000W, associ\u00e9 \u00e0 un moteur polyvalent 48\/60V45AH &#8211; Batterie 58AH, toutes log\u00e9es dans un cadre robuste de 196Kg. Capable d'atteindre des vitesses allant de 35 &#8211; 45 km\/h et conqu\u00e9rant des pentes avec une pente de \u226415%, il prosp\u00e8re sur des terrains difficiles. Ce qui le distingue vraiment, cependant, est sa fonctionnalit\u00e9 de d\u00e9chargement automatis\u00e9 \u2013 un jeu &#8211; changer l'innovation qui rationalise les flux de travail sur les chantiers de construction, les fermes et les carri\u00e8res. Pour les entreprises qui cherchent \u00e0 augmenter leur productivit\u00e9, la\u00a0<em>auto industriel &#8211; dumping \u00e9lectrique cargo trike<\/em>\u00a0(une variation cl\u00e9 de notre mot cl\u00e9 principal) \u00e9merge comme un atout indispensable, m\u00e9langeant puissance, adaptabilit\u00e9 et commodit\u00e9 dans un seul package formidable.<\/p>","protected":false},"featured_media":3683,"comment_status":"open","ping_status":"closed","template":"","meta":[],"product_brand":[],"product_cat":[78],"product_tag":[],"class_list":{"0":"post-3357","1":"product","2":"type-product","3":"status-publish","4":"has-post-thumbnail","6":"product_cat-electric-tricycle","8":"first","9":"instock","10":"shipping-taxable","11":"purchasable","12":"product-type-simple"},"_links":{"self":[{"href":"https:\/\/www.tairuiauto.com\/fr\/wp-json\/wp\/v2\/product\/3357","targetHints":{"allow":["GET"]}}],"collection":[{"href":"https:\/\/www.tairuiauto.com\/fr\/wp-json\/wp\/v2\/product"}],"about":[{"href":"https:\/\/www.tairuiauto.com\/fr\/wp-json\/wp\/v2\/types\/product"}],"replies":[{"embeddable":true,"href":"https:\/\/www.tairuiauto.com\/fr\/wp-json\/wp\/v2\/comments?post=3357"}],"wp:featuredmedia":[{"embeddable":true,"href":"https:\/\/www.tairuiauto.com\/fr\/wp-json\/wp\/v2\/media\/3683"}],"wp:attachment":[{"href":"https:\/\/www.tairuiauto.com\/fr\/wp-json\/wp\/v2\/media?parent=3357"}],"wp:term":[{"taxonomy":"product_brand","embeddable":true,"href":"https:\/\/www.tairuiauto.com\/fr\/wp-json\/wp\/v2\/product_brand?post=3357"},{"taxonomy":"product_cat","embeddable":true,"href":"https:\/\/www.tairuiauto.com\/fr\/wp-json\/wp\/v2\/product_cat?post=3357"},{"taxonomy":"product_tag","embeddable":true,"href":"https:\/\/www.tairuiauto.com\/fr\/wp-json\/wp\/v2\/product_tag?post=3357"}],"curies":[{"name":"WP","href":"https:\/\/api.w.org\/{rel}","templated":true}]}}