{"id":3392,"date":"2025-08-21T15:10:49","date_gmt":"2025-08-21T07:10:49","guid":{"rendered":"https:\/\/www.tairuiauto.com\/?post_type=product&#038;p=3392"},"modified":"2025-11-25T08:39:57","modified_gmt":"2025-11-25T00:39:57","slug":"slab-cargo-tricycle","status":"publish","type":"product","link":"https:\/\/www.tairuiauto.com\/fr\/product\/slab-cargo-tricycle\/","title":{"rendered":"tricycle moteur \u00e0 couple \u00e9lev\u00e9"},"content":{"rendered":"<p><strong>\u200b Liste des param\u00e8tres<\/strong><\/p>\n<table style=\"border-collapse: collapse; width: 62.7586%; height: 498px;\" border=\"0\" width=\"720\" cellspacing=\"0\" cellpadding=\"0\">\n<tbody>\n<tr style=\"height: 20.00pt;\">\n<td class=\"et4\" style=\"height: 20px; width: 159.05pt;\" width=\"265\" height=\"33\">Mod\u00e8le<\/td>\n<td class=\"et4\" style=\"width: 273.4pt; height: 20px;\" width=\"455\">tricycle de charge de dalles<\/td>\n<\/tr>\n<tr style=\"height: 20.00pt;\">\n<td class=\"et5\" style=\"height: 20px; width: 159.05pt;\" width=\"265\" height=\"33\">Dimension globale<\/td>\n<td class=\"et5\" style=\"width: 273.4pt; height: 20px;\" width=\"455\">1800MM * 1300MM<\/td>\n<\/tr>\n<tr style=\"height: 20.00pt;\">\n<td class=\"et5\" style=\"height: 20px; width: 159.05pt;\" width=\"265\" height=\"33\">Capacit\u00e9 de chargement<\/td>\n<td class=\"et5\" style=\"width: 273.4pt; height: 20px;\" width=\"455\">600 kg<\/td>\n<\/tr>\n<tr style=\"height: 20.00pt;\">\n<td class=\"et5\" style=\"height: 20px; width: 159.05pt;\" width=\"265\" height=\"33\">Puissance du moteur hydraulique<\/td>\n<td class=\"et5\" style=\"width: 273.4pt; height: 20px;\" width=\"455\">800 watts<\/td>\n<\/tr>\n<tr style=\"height: 20.00pt;\">\n<td class=\"et5\" style=\"height: 20px; width: 159.05pt;\" width=\"265\" height=\"33\">Voltage standard<\/td>\n<td class=\"et5\" style=\"width: 273.4pt; height: 20px;\" width=\"455\">60V<\/td>\n<\/tr>\n<tr style=\"height: 20.00pt;\">\n<td class=\"et5\" style=\"height: 20px; width: 159.05pt;\" width=\"265\" height=\"33\">contr\u00f4leur<\/td>\n<td class=\"et5\" style=\"width: 273.4pt; height: 20px;\" width=\"455\">24 tube<\/td>\n<\/tr>\n<tr style=\"height: 20.00pt;\">\n<td class=\"et5\" style=\"height: 20px; width: 159.05pt;\" width=\"265\" height=\"33\">Mode de freinage<\/td>\n<td class=\"et5\" style=\"width: 273.4pt; height: 20px;\" width=\"455\">Pied sur tambour m\u00e9canique stationnement manuel<\/td>\n<\/tr>\n<tr style=\"height: 20.00pt;\">\n<td class=\"et5\" style=\"height: 20px; width: 159.05pt;\" width=\"265\" height=\"33\">D\u00e9gagement minimum au sol<\/td>\n<td class=\"et5\" style=\"width: 273.4pt; height: 20px;\" width=\"455\">135<\/td>\n<\/tr>\n<tr style=\"height: 20.00pt;\">\n<td class=\"et5\" style=\"height: 20px; width: 159.05pt;\" width=\"265\" height=\"33\">Capacit\u00e9 de production<\/td>\n<td class=\"et5\" style=\"width: 273.4pt; height: 20px;\" width=\"455\">100000set\/ann\u00e9e<\/td>\n<\/tr>\n<tr style=\"height: 20.00pt;\">\n<td class=\"et5\" style=\"height: 20px; width: 159.05pt;\" width=\"265\" height=\"33\">Temps de charge<\/td>\n<td class=\"et5\" style=\"width: 273.4pt; height: 20px;\" width=\"455\">8h<\/td>\n<\/tr>\n<tr style=\"height: 20.00pt;\">\n<td class=\"et5\" style=\"height: 20px; width: 159.05pt;\" width=\"265\" height=\"33\">Pneumatique avant\/arri\u00e8re Tt<\/td>\n<td class=\"et5\" style=\"width: 273.4pt; height: 20px;\" width=\"455\">3.75-12 roues avant 4.00-12 roues arri\u00e8re<\/td>\n<\/tr>\n<tr style=\"height: 20.00pt;\">\n<td class=\"et5\" style=\"height: 20px; width: 159.05pt;\" width=\"265\" height=\"33\">Choix de couleur<\/td>\n<td class=\"et5\" style=\"width: 273.4pt; height: 20px;\" width=\"455\">Personnalis\u00e9<\/td>\n<\/tr>\n<tr style=\"height: 20.00pt;\">\n<td class=\"et5\" style=\"height: 20px; width: 159.05pt;\" width=\"265\" height=\"33\">Origine<\/td>\n<td class=\"et5\" style=\"width: 273.4pt; height: 20px;\" width=\"455\">Chine<\/td>\n<\/tr>\n<tr style=\"height: 20.00pt;\">\n<td class=\"et5\" style=\"height: 20px; width: 159.05pt;\" width=\"265\" height=\"33\">Plage par charge\/Km<\/td>\n<td class=\"et5\" style=\"width: 273.4pt; height: 20px;\" width=\"455\">40 km<\/td>\n<\/tr>\n<tr style=\"height: 20.00pt;\">\n<td class=\"et5\" style=\"height: 20px; width: 159.05pt;\" width=\"265\" height=\"33\">Vitesse maximale Km\/H<\/td>\n<td class=\"et5\" style=\"width: 273.4pt; height: 20px;\" width=\"455\">30 \u00e0 40 km\/h<\/td>\n<\/tr>\n<tr style=\"height: 20.00pt;\">\n<td class=\"et5\" style=\"height: 20px; width: 159.05pt;\" width=\"265\" height=\"33\">Capacit\u00e9 d'escalade<\/td>\n<td class=\"et5\" style=\"width: 273.4pt; height: 20px;\" width=\"455\">\u2264 30\u00b0<\/td>\n<\/tr>\n<\/tbody>\n<\/table>\n<div class=\"kche-wrap-width\">\n<div class=\"kche-t154\">\n<div class=\"kche-t154-contant\">\n<div class=\"kche-t154-list\">\n<div class=\"kche-t154-item\">\n<div class=\"kche-t154-img\">\n<h3 class=\"header-vfC6AV auto-hide-last-sibling-br\">Introduction du produit<\/h3>\n<div class=\"auto-hide-last-sibling-br paragraph-JOTKXA paragraph-element br-paragraph-space\">Aliment\u00e9 par un moteur \u00e0 couple \u00e9lev\u00e9 de 60V1000W et associ\u00e9 \u00e0 des batteries de grande capacit\u00e9 60V58AH-72AH, ce tricycle cargo \u00e0 lits plats offre des performances exceptionnelles: une vitesse maximale de 35 \u00e0 40 km\/h, une autonomie de charge unique de 60 \u00e0 80 km et une capacit\u00e9 de charge remarquable qui d\u00e9passe les tricycles cargo standard. Le temps de charge de 7 \u00e0 9 heures garantit qu\u2019il est pr\u00eat pour des journ\u00e9es de travail prolong\u00e9es, tandis que son cadre en acier renforc\u00e9, ses pneus lourds 3,75-12 et sa conception \u00e0 double essieu arri\u00e8re garantissent une stabilit\u00e9 m\u00eame en pleine charge. Que vous naviguez dans des rues urbaines fr\u00e9quent\u00e9es ou sur des routes rurales accident\u00e9es, Cargo Tricycle Slab se distingue comme un cheval de travail fiable, alliant puissance, durabilit\u00e9 et polyvalence pour r\u00e9pondre aux exigences du transport de charges lourdes.<\/div>\n<div><img fetchpriority=\"high\" decoding=\"async\" class=\"size-medium wp-image-3394 aligncenter\" src=\"https:\/\/www.tairuiauto.com\/wp-content\/uploads\/2025\/08\/2-2-300x300.jpg\" alt=\"\" width=\"300\" height=\"300\" srcset=\"\" sizes=\"(max-width: 300px) 100vw, 300px\" data-srcset=\"\" \/><\/div>\n<h3 class=\"header-vfC6AV auto-hide-last-sibling-br\">Points de vente cl\u00e9s<\/h3>\n<ol class=\"auto-hide-last-sibling-br\">\n<li>\n<div class=\"auto-hide-last-sibling-br paragraph-JOTKXA paragraph-element br-paragraph-space\"><strong>Lit plat renforc\u00e9 pour charges lourdes et encombrantes<\/strong><br class=\"container-utlnW2 wrapper-d0Cc1k undefined\" \/>Cargo Tricycle Slab excelle dans la manutention d'objets de grande taille, gr\u00e2ce \u00e0 sa conception \u00e0 lit plat ouvert et renforc\u00e9, bien plus pratique que les bo\u00eetes de fret ferm\u00e9es pour des marchandises telles que des tuyaux en acier, des planches en bois ou de grands appareils. La structure robuste de ce camion \u00e0 plat supporte des charges plus lourdes sans compromettre l\u2019\u00e9quilibre, ce qui le rend id\u00e9al pour les chantiers de construction ou les services de livraison de meubles. Contrairement aux tricycles traditionnels, le Cargo Tricycle Slab \u00e9limine le tracas de la mise en place d'objets de forme irr\u00e9guli\u00e8re, assurant un transport efficace et \u00e0 un seul voyage qui permet de gagner du temps et de l'effort.<\/div>\n<\/li>\n<li>\n<div class=\"auto-hide-last-sibling-br paragraph-JOTKXA paragraph-element br-paragraph-space\"><strong>Moteur \u00e0 couple \u00e9lev\u00e9 pour des performances puissantes<\/strong><br class=\"container-utlnW2 wrapper-d0Cc1k undefined\" \/>\u00c9quip\u00e9 d'un moteur \u00e0 couple \u00e9lev\u00e9 de 60V1000W, le Cargo Tricycle Slab offre la r\u00e9sistance n\u00e9cessaire pour affronter les pentes raides (jusqu'\u00e0 18% de gradabilit\u00e9) et acc\u00e9l\u00e9rer en douceur m\u00eame avec pleines charges. Ce camion \u00e9lectrique maintient une vitesse constante sur les routes plates et les pentes, assurant des livraisons en temps opportun quel que soit le terrain. Que ce soit en remontant des mat\u00e9riaux de construction ou en naviguant sur des routes urbaines fr\u00e9quent\u00e9es, le moteur de Cargo Tricycle Slab fournit une puissance fiable, surpassant les mod\u00e8les plus faibles qui luttent avec des charges lourdes.<\/div>\n<\/li>\n<li>\n<div class=\"auto-hide-last-sibling-br paragraph-JOTKXA paragraph-element br-paragraph-space\"><strong>Port\u00e9e \u00e9tendue pour les op\u00e9rations toute la journ\u00e9e<\/strong><br class=\"container-utlnW2 wrapper-d0Cc1k undefined\" \/>Les batteries 60V58AH-72AH de Cargo Tricycle Slab offrent une autonomie impressionnante de 60 \u00e0 80 km sur une seule charge, plus que suffisante pour une journ\u00e9e compl\u00e8te de livraisons ou de courses logistiques. Avec un temps de recharge de 7 \u00e0 9 heures, les utilisateurs peuvent se recharger toute la nuit, assurant que la livraison de trois roues est pr\u00eate chaque matin. Cette gamme \u00e9tendue r\u00e9duit les temps d'arr\u00eat \u00e0 partir de la charge \u00e0 mi-journ\u00e9e, ce qui fait de la plaque Cargo Tricycle un choix privil\u00e9gi\u00e9 pour les entreprises qui comptent sur des op\u00e9rations quotidiennes continues.<\/div>\n<\/li>\n<li>\n<div class=\"auto-hide-last-sibling-br paragraph-JOTKXA paragraph-element br-paragraph-space\"><strong>Construction durable pour une fiabilit\u00e9 \u00e0 long terme<\/strong><br class=\"container-utlnW2 wrapper-d0Cc1k undefined\" \/>Con\u00e7u avec un cadre en acier renforc\u00e9, des pneus 3,75-12 lourds et un double essieu arri\u00e8re, le Cargo Tricycle Slab est con\u00e7u pour r\u00e9sister \u00e0 l'usure quotidienne. Les pneus r\u00e9sistent aux perforations sur les routes rugueuses, tandis que le ch\u00e2ssis absorbe les chocs des surfaces in\u00e9gales, prot\u00e9geant \u00e0 la fois le v\u00e9hicule et sa cargaison. Cette durabilit\u00e9 r\u00e9duit au minimum les besoins d\u2019entretien et prolonge la dur\u00e9e de vie du v\u00e9hicule, ce qui rend le Cargo Tricycle Slab un investissement rentable pour une utilisation \u00e0 long terme.<\/div>\n<\/li>\n<\/ol>\n<h3 class=\"header-vfC6AV auto-hide-last-sibling-br\">Avantages de diff\u00e9renciation<\/h3>\n<ol class=\"auto-hide-last-sibling-br\">\n<li>\n<div class=\"auto-hide-last-sibling-br paragraph-JOTKXA paragraph-element br-paragraph-space\"><strong>Sp\u00e9cialis\u00e9 pour les charges surdimensionn\u00e9es<\/strong><br class=\"container-utlnW2 wrapper-d0Cc1k undefined\" \/>Contrairement aux tricycles de fret standard avec bo\u00eetes ferm\u00e9es, le Cargo Tricycle Slab est con\u00e7u pour des objets de grande taille et de forme irr\u00e9guli\u00e8re, une niche qu'il domine. Sa conception \u00e0 lits plats \u00e9limine les restrictions de taille, ce qui fait de ce camion cargo \u00e0 lits plats le choix id\u00e9al pour les industries comme la construction, le mobilier et l'agriculture, o\u00f9 les v\u00e9hicules traditionnels sont \u00e0 court terme.<\/div>\n<\/li>\n<li>\n<div class=\"auto-hide-last-sibling-br paragraph-JOTKXA paragraph-element br-paragraph-space\"><strong>Capacit\u00e9 de charge et stabilit\u00e9 sup\u00e9rieures<\/strong><br class=\"container-utlnW2 wrapper-d0Cc1k undefined\" \/>Le double essieu arri\u00e8re et le cadre renforc\u00e9 du Cargo Tricycle Slab supportent des charges plus lourdes que la plupart des camions de fret \u00e9lectriques, tandis que son large empattement et ses pneus lourds assurent la stabilit\u00e9 m\u00eame en pleine charge. Cette combinaison de force et d'\u00e9quilibre r\u00e9duit le risque de basculement, un avantage essentiel pour le transport de marchandises lourdes sur un terrain in\u00e9gal.<\/div>\n<\/li>\n<li>\n<div class=\"auto-hide-last-sibling-br paragraph-JOTKXA paragraph-element br-paragraph-space\"><strong>Adaptabilit\u00e9 aux conditions extr\u00eames<\/strong><br class=\"container-utlnW2 wrapper-d0Cc1k undefined\" \/>Avec une gradabilit\u00e9 de 18 % et des pneus r\u00e9sistants aux perforations, le Cargo Tricycle Slab fonctionne de mani\u00e8re fiable dans des environnements difficiles, des sentiers ruraux boueux aux collines urbaines raides. Cette adaptabilit\u00e9 le rend plus polyvalent que les trikes con\u00e7us uniquement pour des routes urbaines lisses, r\u00e9pondant aux besoins logistiques urbains et ruraux.<\/div>\n<\/li>\n<li>\n<div class=\"auto-hide-last-sibling-br paragraph-JOTKXA paragraph-element br-paragraph-space\"><strong>\u00c9conomique pour une utilisation lourde<\/strong><br class=\"container-utlnW2 wrapper-d0Cc1k undefined\" \/>Alors que l\u2019investissement initial peut \u00eatre plus \u00e9lev\u00e9 que les mod\u00e8les de base, la durabilit\u00e9 et l\u2019efficacit\u00e9 de Cargo Tricycle Slab r\u00e9duisent les co\u00fbts \u00e0 long terme. Ses besoins d'entretien r\u00e9duits, sa dur\u00e9e de vie prolong\u00e9e de la batterie et sa capacit\u00e9 \u00e0 manipuler plus de marchandises par voyage signifient moins de remplacements et une productivit\u00e9 plus \u00e9lev\u00e9e, ce qui fait de ce v\u00e9hicule \u00e0 trois roues un choix financier plus intelligent pour les entreprises ayant une forte demande de transport.<\/div>\n<\/li>\n<\/ol>\n<h3 class=\"header-vfC6AV auto-hide-last-sibling-br\">FAQ (questions fr\u00e9quentes)<\/h3>\n<div class=\"auto-hide-last-sibling-br paragraph-JOTKXA paragraph-element br-paragraph-space\"><strong>Q1: Quelle est la capacit\u00e9 de charge maximale de Cargo Tricycle Slab?<\/strong><br class=\"container-utlnW2 wrapper-d0Cc1k undefined\" \/>R: La plaque tricycle de fret est con\u00e7ue pour g\u00e9rer des charges lourdes, avec une capacit\u00e9 maximale d'environ 500-600 kg, en fonction des conditions routi\u00e8res et de la r\u00e9partition du poids. Pour une s\u00e9curit\u00e9 et des performances optimales, il est recommand\u00e9 de r\u00e9partir le poids de mani\u00e8re uniforme sur le lit plat et d\u2019\u00e9viter de d\u00e9passer cette limite, car une surcharge peut contraindre le moteur, la batterie et le cadre.<\/div>\n<h3 class=\"header-vfC6AV auto-hide-last-sibling-br\"><\/h3>\n<div class=\"auto-hide-last-sibling-br paragraph-JOTKXA paragraph-element br-paragraph-space\"><strong>Q2: Comment la conception \u00e0 lit plat affecte-t-elle la s\u00e9curit\u00e9 de la cargaison?<\/strong><br class=\"container-utlnW2 wrapper-d0Cc1k undefined\" \/>R: Alors que le lit plat ouvert de Cargo Tricycle Slab offre la flexibilit\u00e9 pour les grands objets, les utilisateurs peuvent s\u00e9curiser la cargaison \u00e0 l'aide de cordes, de sangles ou de filets de cargaison (souvent vendus comme accessoires). Le lit plat dispose de points d'ancrage int\u00e9gr\u00e9s pour fixer ces outils de fixation, assurant que les articles restent stables pendant le transport. Pour les marchandises particuli\u00e8rement fragiles, l'ajout d'un tapis antid\u00e9rapant peut emp\u00eacher davantage le d\u00e9placement, ce qui rend le camion \u00e0 lit plat s\u00fbr pour la plupart des types de charges.<\/div>\n<h3 class=\"header-vfC6AV auto-hide-last-sibling-br\"><\/h3>\n<div class=\"auto-hide-last-sibling-br paragraph-JOTKXA paragraph-element br-paragraph-space\"><strong>Q3: Quelle maintenance est n\u00e9cessaire pour le moteur \u00e0 couple \u00e9lev\u00e9?<\/strong><br class=\"container-utlnW2 wrapper-d0Cc1k undefined\" \/>R: Le moteur 60V1000W dans le Cargo Tricycle Slab n\u00e9cessite des contr\u00f4les r\u00e9guliers pour assurer la long\u00e9vit\u00e9. Tous les 3 \u00e0 6 mois, inspectez les connexions \u00e9lectriques pour d\u00e9tecter la corrosion ou la l\u00e2che, et gardez le bo\u00eetier du moteur propre pour \u00e9viter l'accumulation de poussi\u00e8re. \u00c9vitez le fonctionnement prolong\u00e9 \u00e0 vitesse maximale lorsqu'il est pleinement charg\u00e9, car cela peut surchauffer le moteur. En cas de bruits inhabituels ou de r\u00e9duction de la puissance, consultez un technicien professionnel pour \u00e9viter d'autres dommages.<\/div>\n<h3 class=\"header-vfC6AV auto-hide-last-sibling-br\"><\/h3>\n<div class=\"auto-hide-last-sibling-br paragraph-JOTKXA paragraph-element br-paragraph-space\"><strong>Q4: La batterie peut-elle \u00eatre remplac\u00e9e par une option de capacit\u00e9 sup\u00e9rieure?<\/strong><br class=\"container-utlnW2 wrapper-d0Cc1k undefined\" \/>R: Oui, la batterie de Cargo Tricycle Slab est rempla\u00e7able et les utilisateurs peuvent passer \u00e0 des batteries de plus grande capacit\u00e9 (dans la gamme de 60V) pour une port\u00e9e \u00e9tendue. Cependant, il est important d\u2019utiliser des batteries recommand\u00e9es par le fabricant pour assurer la compatibilit\u00e9 avec le moteur et le syst\u00e8me de charge. La mise \u00e0 niveau vers une batterie de 72 AH, par exemple, peut augmenter la port\u00e9e de 10 \u00e0 15%, mais peut l\u00e9g\u00e8rement prolonger le temps de charge. Consultez toujours le manuel d'utilisation ou un concessionnaire agr\u00e9\u00e9 avant d'apporter des modifications.<\/div>\n<\/div>\n<\/div>\n<\/div>\n<\/div>\n<\/div>\n<\/div>","protected":false},"excerpt":{"rendered":"<p>Le Cargo Tricycle Slab est un v\u00e9hicule \u00e9lectrique \u00e0 trois roues robuste con\u00e7u sp\u00e9cialement pour le transport de marchandises lourdes, ce qui en fait un tricycle \u00e9lectrique indispensable pour la logistique urbaine, la livraison de mat\u00e9riaux de construction et le transport de produits agricoles ruraux. Sa caract\u00e9ristique d\u00e9finitive est la zone de fret \u00e0 lit plat renforc\u00e9e, spacieuse, ouverte et construite pour accueillir des objets encombrants tels que des meubles, des mat\u00e9riaux de construction ou de grandes caisses agricoles, \u00e9liminant les contraintes des bo\u00eetes de fret ferm\u00e9es.<\/p>","protected":false},"featured_media":3393,"comment_status":"open","ping_status":"closed","template":"","meta":[],"product_brand":[],"product_cat":[78],"product_tag":[],"class_list":{"0":"post-3392","1":"product","2":"type-product","3":"status-publish","4":"has-post-thumbnail","6":"product_cat-electric-tricycle","8":"first","9":"instock","10":"shipping-taxable","11":"purchasable","12":"product-type-simple"},"_links":{"self":[{"href":"https:\/\/www.tairuiauto.com\/fr\/wp-json\/wp\/v2\/product\/3392","targetHints":{"allow":["GET"]}}],"collection":[{"href":"https:\/\/www.tairuiauto.com\/fr\/wp-json\/wp\/v2\/product"}],"about":[{"href":"https:\/\/www.tairuiauto.com\/fr\/wp-json\/wp\/v2\/types\/product"}],"replies":[{"embeddable":true,"href":"https:\/\/www.tairuiauto.com\/fr\/wp-json\/wp\/v2\/comments?post=3392"}],"wp:featuredmedia":[{"embeddable":true,"href":"https:\/\/www.tairuiauto.com\/fr\/wp-json\/wp\/v2\/media\/3393"}],"wp:attachment":[{"href":"https:\/\/www.tairuiauto.com\/fr\/wp-json\/wp\/v2\/media?parent=3392"}],"wp:term":[{"taxonomy":"product_brand","embeddable":true,"href":"https:\/\/www.tairuiauto.com\/fr\/wp-json\/wp\/v2\/product_brand?post=3392"},{"taxonomy":"product_cat","embeddable":true,"href":"https:\/\/www.tairuiauto.com\/fr\/wp-json\/wp\/v2\/product_cat?post=3392"},{"taxonomy":"product_tag","embeddable":true,"href":"https:\/\/www.tairuiauto.com\/fr\/wp-json\/wp\/v2\/product_tag?post=3392"}],"curies":[{"name":"WP","href":"https:\/\/api.w.org\/{rel}","templated":true}]}}