{"id":3404,"date":"2025-08-23T14:06:34","date_gmt":"2025-08-23T06:06:34","guid":{"rendered":"https:\/\/www.tairuiauto.com\/?post_type=product&#038;p=3404"},"modified":"2025-09-12T10:56:49","modified_gmt":"2025-09-12T02:56:49","slug":"core-advantages-of-premium-freight-e-tricycles","status":"publish","type":"product","link":"https:\/\/www.tairuiauto.com\/fr\/product\/core-advantages-of-premium-freight-e-tricycles\/","title":{"rendered":"Tricycle \u00e9lectrique \u00e0 longue port\u00e9e"},"content":{"rendered":"<h2 class=\"header-vfC6AV auto-hide-last-sibling-br\">Propulsion robuste et performance \u00e0 port\u00e9e \u00e9tendue<\/h2>\n<div class=\"auto-hide-last-sibling-br paragraph-JOTKXA paragraph-element br-paragraph-space\">Le syst\u00e8me d'entra\u00eenement de ce tricycle \u00e9lectrique haut de gamme Long Range se distingue dans l'industrie, avec un moteur hydrodynamique de 1000 W. Par rapport aux moteurs traditionnels de 800W sur le march\u00e9, son couple d'escalade est am\u00e9lior\u00e9 d'environ 20%. Cet avantage garantit que lors de la navigation sur des pentes communes dans les zones urbaines et rurales, m\u00eame en pleine charge, le v\u00e9hicule fonctionne en douceur, r\u00e9solvant efficacement les p\u00e9nuries d'\u00e9lectricit\u00e9 qui entravent souvent le transport.<\/div>\n<p>&nbsp;<\/p>\n<div class=\"auto-hide-last-sibling-br paragraph-JOTKXA paragraph-element br-paragraph-space\">En termes de port\u00e9e, le tricycle \u00e9lectrique prend en charge les configurations de batterie 60\/72V, offrant une distance de trajet \u00e0 une seule charge de 50 \u00e0 100 km. Cela couvre pleinement les besoins du transport interurbain\/rural et de la logistique \u00e0 courte distance, \u00e9liminant l'anxi\u00e9t\u00e9 de port\u00e9e pour des sc\u00e9narios tels que la livraison de marchandises des centres de vente en gros aux points de vente au d\u00e9tail ou le transport de fournitures agricoles dans les zones rurales.<\/div>\n<p>&nbsp;<\/p>\n<div class=\"auto-hide-last-sibling-br paragraph-JOTKXA paragraph-element br-paragraph-space\">L\u2019efficacit\u00e9 de recharge est un autre \u00e9l\u00e9ment cl\u00e9 : une charge compl\u00e8te ne prend que 8 heures environ. Les utilisateurs peuvent charger pendant la nuit et effectuer des op\u00e9rations sans arr\u00eat et \u00e0 haut rendement pendant la journ\u00e9e, minimisant les temps d'arr\u00eat caus\u00e9s par la recharge.<\/div>\n<p>&nbsp;<\/p>\n<div class=\"auto-hide-last-sibling-br paragraph-JOTKXA paragraph-element br-paragraph-space\">De plus, le v\u00e9hicule atteint une vitesse maximale de 35 \u00e0 40 km\/h, \u00e9quilibrant l'efficacit\u00e9 du transport avec la s\u00e9curit\u00e9 de conduite pour assurer un processus de transit s\u00fbr.<\/div>\n<table style=\"width: 93.0139%; height: 496px;\" width=\"720\">\n<tbody>\n<tr>\n<td colspan=\"2\" width=\"720\">Configuration standard<\/td>\n<\/tr>\n<tr>\n<td>Mod\u00e8le<\/td>\n<td><a href=\"#\u76ee\u5f55!A1\">C114<\/a><\/td>\n<\/tr>\n<tr>\n<td width=\"265\">Dimension globale<\/td>\n<td width=\"455\">2350 * 1160 * 1670mm<\/td>\n<\/tr>\n<tr>\n<td width=\"265\">Style de v\u00e9hicule<\/td>\n<td width=\"455\">Ouvrir<\/td>\n<\/tr>\n<tr>\n<td width=\"265\">Puissance du moteur hydraulique<\/td>\n<td width=\"455\">1000W<\/td>\n<\/tr>\n<tr>\n<td width=\"265\">Voltage standard<\/td>\n<td width=\"455\">60\/72V<\/td>\n<\/tr>\n<tr>\n<td width=\"265\">contr\u00f4leur<\/td>\n<td width=\"455\">18tube<\/td>\n<\/tr>\n<tr>\n<td width=\"265\">Mode de freinage<\/td>\n<td width=\"455\">Disque avant\/tambour arri\u00e8re<\/td>\n<\/tr>\n<tr>\n<td width=\"265\">D\u00e9gagement minimum au sol<\/td>\n<td width=\"455\">135<\/td>\n<\/tr>\n<tr>\n<td width=\"265\">Capacit\u00e9 de production<\/td>\n<td width=\"455\">300,000set\/ann\u00e9e<\/td>\n<\/tr>\n<tr>\n<td width=\"265\">Temps de charge<\/td>\n<td width=\"455\">Environ 8h<\/td>\n<\/tr>\n<tr>\n<td width=\"265\">Pneumatique avant\/arri\u00e8re Tt<\/td>\n<td width=\"455\">Avant 375-12 Arri\u00e8re 400-12<\/td>\n<\/tr>\n<tr>\n<td width=\"265\">Choix de couleur<\/td>\n<td width=\"455\">Personnalis\u00e9<\/td>\n<\/tr>\n<tr>\n<td width=\"265\">Origine<\/td>\n<td width=\"455\">Chine<\/td>\n<\/tr>\n<tr>\n<td width=\"265\">Plage par charge\/Km<\/td>\n<td width=\"455\">50 \u00e0 100 km<\/td>\n<\/tr>\n<tr>\n<td width=\"265\">Vitesse maximale Km\/H<\/td>\n<td width=\"455\">35 \u00e0 40 km\/h<\/td>\n<\/tr>\n<tr>\n<td width=\"265\">verre<\/td>\n<td width=\"455\">Verre \u00e0 main<\/td>\n<\/tr>\n<\/tbody>\n<\/table>\n<h2 class=\"header-vfC6AV auto-hide-last-sibling-br\">Ing\u00e9nierie structurelle s\u00fbre et stable<\/h2>\n<div class=\"auto-hide-last-sibling-br paragraph-JOTKXA paragraph-element br-paragraph-space\">La s\u00e9curit\u00e9 est primordiale dans les op\u00e9rations de fret, et ce tricycle \u00e9lectrique haut de gamme Long Range lui donne la priorit\u00e9 dans la conception structurelle. Son syst\u00e8me de freinage adopte une combinaison disque avant et tambour arri\u00e8re : les freins avant offrent une puissance d\u2019arr\u00eat r\u00e9active en cas d\u2019urgence, tandis que les freins arri\u00e8re offrent une durabilit\u00e9 et maintiennent des performances stables m\u00eame apr\u00e8s une utilisation \u00e0 long terme et \u00e0 grande intensit\u00e9, ce qui est essentiel pour un freinage s\u00fbr en pleine charge.<\/div>\n<p>&nbsp;<\/p>\n<div class=\"auto-hide-last-sibling-br paragraph-JOTKXA paragraph-element br-paragraph-space\">La configuration des pneus am\u00e9liore encore la stabilit\u00e9 : les pneus \u00e9paississus avant 375-12 et arri\u00e8re 400-12 am\u00e9liorent consid\u00e9rablement l\u2019adh\u00e9rence. Que ce soit sur des routes boueuses \u00e0 la p\u00e9riph\u00e9rie urbain-rural ou sur des sentiers de terre rugueux dans les zones rurales, le v\u00e9hicule maintient un fonctionnement stable, s'adaptant facilement aux conditions routi\u00e8res complexes.<\/div>\n<p>&nbsp;<\/p>\n<div class=\"auto-hide-last-sibling-br paragraph-JOTKXA paragraph-element br-paragraph-space\">Avec une hauteur de ch\u00e2ssis de 135 mm, la marge au sol du v\u00e9hicule est augment\u00e9e, am\u00e9liorant la passabilit\u00e9. En traversant un terrain in\u00e9gal, il r\u00e9duit les grattages du ch\u00e2ssis, prolongeant la dur\u00e9e de vie du v\u00e9hicule.<\/div>\n<p>&nbsp;<\/p>\n<div class=\"auto-hide-last-sibling-br paragraph-JOTKXA paragraph-element br-paragraph-space\">Le cadre est soud\u00e9 \u00e0 l'aide d'acier \u00e9paissi, cr\u00e9ant une structure ultra-robuste capable de r\u00e9sister \u00e0 la pression de charge lourde, posant une base solide pour un fonctionnement s\u00fbr et stable.<\/div>\n<h2 class=\"header-vfC6AV auto-hide-last-sibling-br\">Assurance qualit\u00e9 et conformit\u00e9 \u00e0 la certification<\/h2>\n<div class=\"auto-hide-last-sibling-br paragraph-JOTKXA paragraph-element br-paragraph-space\">La capacit\u00e9 de production \u00e0 grande \u00e9chelle est essentielle pour une offre stable. Ce tricycle \u00e9lectrique haut de gamme \u00e0 longue port\u00e9e atteint une production annuelle de 300 000 unit\u00e9s, traite facilement les commandes en vrac, assure un inventaire coh\u00e9rent pour les clients et \u00e9limine les inqui\u00e9tudes concernant les p\u00e9nuries de production qui perturbent les op\u00e9rations commerciales.<\/div>\n<p>&nbsp;<\/p>\n<div class=\"auto-hide-last-sibling-br paragraph-JOTKXA paragraph-element br-paragraph-space\">En termes de certification de qualit\u00e9, le v\u00e9hicule a obtenu la certification du syst\u00e8me de gestion de qualit\u00e9 ISO9001 et r\u00e9pond aux normes nationales obligatoires de la CCC. Pour les besoins d'exportation, il fournit \u00e9galement des certifications telles que CE et ROHS, pleinement conformes aux exigences d'acc\u00e8s pour les march\u00e9s nationaux et internationaux.<\/div>\n<p>&nbsp;<\/p>\n<div class=\"auto-hide-last-sibling-br paragraph-JOTKXA paragraph-element br-paragraph-space\">Chaque v\u00e9hicule est soumis \u00e0 des essais de temp\u00e9rature et de charge de 48 heures avant de quitter l'usine. Ce processus d'essai rigoureux assure la qualit\u00e9 du produit, avec un taux de r\u00e9ussite hors usine sup\u00e9rieur \u00e0 99%, offrant aux clients la tranquillit\u00e9 d'esprit dans l'utilisation.<\/div>\n<h2 class=\"header-vfC6AV auto-hide-last-sibling-br\">Solutions de vente en gros et personnalisation sur mesure<\/h2>\n<div class=\"auto-hide-last-sibling-br paragraph-JOTKXA paragraph-element br-paragraph-space\">Pour r\u00e9pondre aux besoins divers des clients, ce tricycle \u00e9lectrique haut de gamme offre des services de personnalisation complets. En termes de couleur, plusieurs options sont disponibles et la personnalisation du logo de marque du client est prise en charge, am\u00e9liorant la reconnaissance du v\u00e9hicule et aidant les clients dans la promotion de la marque.<\/div>\n<p>&nbsp;<\/p>\n<div class=\"auto-hide-last-sibling-br paragraph-JOTKXA paragraph-element br-paragraph-space\">La flexibilit\u00e9 de configuration est un autre atout: la capacit\u00e9 de la batterie, les dimensions de la bo\u00eete de fret et la conception ext\u00e9rieure peuvent \u00eatre ajust\u00e9es en fonction des demandes du march\u00e9. Que les clients aient besoin de batteries de plus grande capacit\u00e9 pour une port\u00e9e \u00e9tendue ou de bo\u00eetes de fret sp\u00e9cialis\u00e9es pour le transport de marchandises uniques, ces besoins sont pleinement r\u00e9pondus.<\/div>\n<p>&nbsp;<\/p>\n<div class=\"auto-hide-last-sibling-br paragraph-JOTKXA paragraph-element br-paragraph-space\">De plus, des services OEM\/ODM sont fournis pour aider les clients de gros \u00e0 \u00e9tablir rapidement leurs propres marques, facilitant l'expansion du march\u00e9 local et augmentant la comp\u00e9titivit\u00e9 du march\u00e9.<\/div>\n<p>&nbsp;<\/p>\n<div class=\"auto-hide-last-sibling-br paragraph-JOTKXA paragraph-element br-paragraph-space\">Les quantit\u00e9s minimales de commande sont \u00e9galement flexibles: les commandes d'essai de petits lots sont prises en charge, permettant aux clients de mener d'abord des tests de march\u00e9, avec une livraison rapide. Les clients coop\u00e9ratifs \u00e0 long terme peuvent b\u00e9n\u00e9ficier de prix plus favorables, r\u00e9alisant un partenariat gagnant-gagnant.<\/div>\n<h2 class=\"header-vfC6AV auto-hide-last-sibling-br\">Domaines d'application pratiques<\/h2>\n<h3 class=\"header-vfC6AV auto-hide-last-sibling-br\">Logistique interurbaine et rurale<\/h3>\n<div class=\"auto-hide-last-sibling-br paragraph-JOTKXA paragraph-element br-paragraph-space\">Dans l'industrie express et le transport en gros, ce tricycle \u00e9lectrique haut de gamme Long Range excelle. Il navigue avec souplesse dans les ruelles urbaines et les routes rurales, livrant rapidement et avec pr\u00e9cision les marchandises aux destinations et augmentant l'efficacit\u00e9 logistique.<\/div>\n<h3 class=\"header-vfC6AV auto-hide-last-sibling-br\">Transit de produits agricoles<\/h3>\n<div class=\"auto-hide-last-sibling-br paragraph-JOTKXA paragraph-element br-paragraph-space\">Pour le transport \u00e0 courte distance de produits agricoles (fruits, l\u00e9gumes, c\u00e9r\u00e9ales) et de fournitures agricoles, ce tricycle \u00e9lectrique est le choix id\u00e9al. Ses performances stables et sa capacit\u00e9 de charge appropri\u00e9e assurent la fra\u00eecheur et l'int\u00e9grit\u00e9 des produits agricoles pendant le transit.<\/div>\n<h3 class=\"header-vfC6AV auto-hide-last-sibling-br\">Transportation sur chantier de construction<\/h3>\n<div class=\"auto-hide-last-sibling-br paragraph-JOTKXA paragraph-element br-paragraph-space\">Les chantiers de construction n\u00e9cessitent un transport fr\u00e9quent \u00e0 courte distance de mat\u00e9riaux tels que les briques, le ciment et l'acier. Gr\u00e2ce \u00e0 sa propulsion robuste et \u00e0 sa structure solide, le tricycle \u00e9lectrique haut de gamme Long Range remplit facilement ces t\u00e2ches, offrant un solide soutien aux op\u00e9rations de construction.<\/div>\n<h3 class=\"header-vfC6AV auto-hide-last-sibling-br\">Utilisation des fournisseurs de petites entreprises<\/h3>\n<div class=\"auto-hide-last-sibling-br paragraph-JOTKXA paragraph-element br-paragraph-space\">Les d\u00e9taillants et les vendeurs sur les march\u00e9s agricoles b\u00e9n\u00e9ficient \u00e9galement de ce tricycle \u00e9lectronique. Il transporte facilement les marchandises entre les points d'achat et les points de vente, rationalisant ainsi les op\u00e9rations commerciales.<\/div>\n<p>&nbsp;<\/p>\n<div class=\"auto-hide-last-sibling-br paragraph-JOTKXA paragraph-element br-paragraph-space\">(Remarque: Il est recommand\u00e9 d'associer des photos r\u00e9elles ou des images de cas de client ici pour am\u00e9liorer la persuasion.)<\/div>\n<h2 class=\"header-vfC6AV auto-hide-last-sibling-br\">Pourquoi nous associer ?<\/h2>\n<ul class=\"auto-hide-last-sibling-br\">\n<li><strong>Propulsion robuste et excellent support de charge<\/strong>: Le moteur de 1000W surpasse ses homologues de 800W, ce qui rend le transport de charges lourdes facile.<\/li>\n<li><strong>Port\u00e9e \u00e9tendue &amp; fonctionnement efficace<\/strong>La port\u00e9e de 50 \u00e0 100 km r\u00e9pond aux besoins de livraison interurbaines\/rurales, r\u00e9duisant la fr\u00e9quence de recharge et augmentant l\u2019efficacit\u00e9 du travail.<\/li>\n<li><strong>S\u00e9curit\u00e9 &amp; fiable<\/strong>: Cadre en acier \u00e9paissi de freinage \u00e0 tambour arri\u00e8re \u00e0 disque avant assure pleinement la s\u00e9curit\u00e9 du transport sous pleine charge.<\/li>\n<li><strong>Capacit\u00e9 suffisante et approvisionnement stable<\/strong>La production annuelle de 300 000 unit\u00e9s soutient stablement les commandes en vrac, \u00e9liminant ainsi les probl\u00e8mes d'inventaire.<\/li>\n<li><strong>Personnalisation flexible<\/strong>L'ext\u00e9rieur, la configuration et les logos peuvent \u00eatre ajust\u00e9s pour r\u00e9pondre aux besoins personnalis\u00e9s.<\/li>\n<li><strong>Apr\u00e8s-vente sans soucis<\/strong>Les composants de base sont livr\u00e9s avec une garantie d'un an, et les accessoires sont fournis rapidement pour une utilisation sans tracas.<\/li>\n<li><strong>Haute rentabilit\u00e9<\/strong>: Performance stable, co\u00fbt inf\u00e9rieur aux alternatives import\u00e9es et marges de b\u00e9n\u00e9fice de gros substantielles pour les clients.<\/li>\n<\/ul>\n<h2 class=\"header-vfC6AV auto-hide-last-sibling-br\">Avantages de la coop\u00e9ration en gros<\/h2>\n<ul class=\"auto-hide-last-sibling-br\">\n<li><strong>Tarifs directs d'usine<\/strong>L\u2019\u00e9limination des liens interm\u00e9diaires assure des prix comp\u00e9titifs et des marges de b\u00e9n\u00e9fice accrues pour les clients.<\/li>\n<li><strong>Courts cycles de livraison<\/strong>M\u00eame les commandes en vrac sont livr\u00e9es rapidement, aidant les clients \u00e0 r\u00e9pondre rapidement \u00e0 la demande du march\u00e9.<\/li>\n<li><strong>Riche exp\u00e9rience d'exportation<\/strong>Les produits sont vendus dans plus de 30 pays \/ r\u00e9gions en Asie du Sud-Est, au Moyen-Orient et en Afrique, gagnant la confiance des clients avec une excellente qualit\u00e9, ce qui en fait une source fiable de vente en gros pour Tricycles \u00e9lectriques \u00e0 longue port\u00e9e.<\/li>\n<li><strong>Solides garanties de coop\u00e9ration \u00e0 long terme<\/strong>L'approvisionnement stable et le soutien apr\u00e8s-vente professionnel aident les clients \u00e0 \u00e9largir rapidement les march\u00e9s et \u00e0 atteindre une croissance commerciale durable.<\/li>\n<\/ul>","protected":false},"excerpt":{"rendered":"<p>Ce tricycle \u00e9lectronique de fret premium, avec ses performances exceptionnelles, sa qualit\u00e9 fiable et ses services complets, est devenu un outil puissant pour une logistique et des op\u00e9rations de fret efficaces. Si vous recherchez un e-tricycle de fret haute performance, ce produit est sans aucun doute votre choix optimal.<\/p>","protected":false},"featured_media":3405,"comment_status":"open","ping_status":"closed","template":"","meta":[],"product_brand":[],"product_cat":[78],"product_tag":[],"class_list":{"0":"post-3404","1":"product","2":"type-product","3":"status-publish","4":"has-post-thumbnail","6":"product_cat-electric-tricycle","8":"first","9":"instock","10":"shipping-taxable","11":"purchasable","12":"product-type-simple"},"_links":{"self":[{"href":"https:\/\/www.tairuiauto.com\/fr\/wp-json\/wp\/v2\/product\/3404","targetHints":{"allow":["GET"]}}],"collection":[{"href":"https:\/\/www.tairuiauto.com\/fr\/wp-json\/wp\/v2\/product"}],"about":[{"href":"https:\/\/www.tairuiauto.com\/fr\/wp-json\/wp\/v2\/types\/product"}],"replies":[{"embeddable":true,"href":"https:\/\/www.tairuiauto.com\/fr\/wp-json\/wp\/v2\/comments?post=3404"}],"wp:featuredmedia":[{"embeddable":true,"href":"https:\/\/www.tairuiauto.com\/fr\/wp-json\/wp\/v2\/media\/3405"}],"wp:attachment":[{"href":"https:\/\/www.tairuiauto.com\/fr\/wp-json\/wp\/v2\/media?parent=3404"}],"wp:term":[{"taxonomy":"product_brand","embeddable":true,"href":"https:\/\/www.tairuiauto.com\/fr\/wp-json\/wp\/v2\/product_brand?post=3404"},{"taxonomy":"product_cat","embeddable":true,"href":"https:\/\/www.tairuiauto.com\/fr\/wp-json\/wp\/v2\/product_cat?post=3404"},{"taxonomy":"product_tag","embeddable":true,"href":"https:\/\/www.tairuiauto.com\/fr\/wp-json\/wp\/v2\/product_tag?post=3404"}],"curies":[{"name":"WP","href":"https:\/\/api.w.org\/{rel}","templated":true}]}}