{"id":3411,"date":"2025-08-24T10:28:17","date_gmt":"2025-08-24T02:28:17","guid":{"rendered":"https:\/\/www.tairuiauto.com\/?post_type=product&#038;p=3411"},"modified":"2025-09-12T10:54:29","modified_gmt":"2025-09-12T02:54:29","slug":"electric-tricycle-an-efficient-transportation-choice","status":"publish","type":"product","link":"https:\/\/www.tairuiauto.com\/fr\/product\/electric-tricycle-an-efficient-transportation-choice\/","title":{"rendered":"Tricycle \u00e9lectrique de ferme"},"content":{"rendered":"<h1 class=\"ace-line heading-h2\" dir=\"auto\" data-node=\"true\"><span data-leaf=\"true\"><span class=\"lb\">Performances puissantes pour les exigences de charge lourde<\/span><\/span><span data-string=\"true\" data-enter=\"true\" data-leaf=\"true\">\u200b<\/span><\/h1>\n<div class=\"ace-line\" dir=\"auto\" data-node=\"true\"><span data-leaf=\"true\"><span class=\"lb\">Le syst\u00e8me d'alimentation de base du tricycle \u00e9lectrique de la ferme est \u00e9quip\u00e9 d'un <\/span><\/span><span data-leaf=\"true\"><span class=\"lb\">moteur d'entra\u00eenement hydraulique 1200W<\/span><\/span><span data-leaf=\"true\"><span class=\"lb\">et la tension de fonctionnement standard est r\u00e9gl\u00e9e \u00e0 <\/span><\/span><span data-leaf=\"true\"><span class=\"lb\">48\/60V<\/span><\/span><span data-leaf=\"true\"><span class=\"lb\">Cette configuration peut produire un couple suffisant pour faire face facilement \u00e0 diverses t\u00e2ches de transport \u00e0 haute charge, qu'il s'agisse de haute fr\u00e9quence <\/span><\/span><span data-leaf=\"true\"><span class=\"lb\">chiffre d'affaires de marchandises<\/span><\/span><span data-leaf=\"true\"><span class=\"lb\"> dans les quartiers commerciaux urbains ou \u00e0 courte distance <\/span><\/span><span data-leaf=\"true\"><span class=\"lb\">distribution du mat\u00e9riel<\/span><\/span><span data-leaf=\"true\"><span class=\"lb\"> dans les zones rurales, il peut maintenir un \u00e9tat de fonctionnement stable et efficace. En termes de performances de conduite, la vitesse maximale de ce mod\u00e8le peut atteindre <\/span><\/span><span data-leaf=\"true\"><span class=\"lb\">30 \u00e0 40 km\/h<\/span><\/span><span data-leaf=\"true\"><span class=\"lb\">qui peuvent non seulement r\u00e9pondre aux exigences de base en mati\u00e8re de vitesse de conduite sur les routes urbaines, mais s'adapter \u00e9galement \u00e0 l'environnement de circulation des routes rurales; le <\/span><\/span><span data-leaf=\"true\"><span class=\"lb\">gamme par charge<\/span><\/span><span data-leaf=\"true\"><span class=\"lb\"> est entre <\/span><\/span><span data-leaf=\"true\"><span class=\"lb\">50 \u00e0 100 km<\/span><\/span><span data-leaf=\"true\"><span class=\"lb\">et la valeur sp\u00e9cifique fluctuera en fonction des conditions routi\u00e8res de conduite (telles que des autoroutes lisses ou des routes de terre encombr\u00e9es) et du poids de charge. Pour les acheteurs en vrac, cette conception \u00e9quilibr\u00e9e de vitesse et de port\u00e9e signifie que l'\u00e9quipement peut r\u00e9duire le temps d'attente de charge dans les op\u00e9rations quotidiennes, am\u00e9liorer l'efficacit\u00e9 du transport par unit\u00e9 de temps et est un choix \u00e0 la fois pratique et de valeur d'investissement.<\/span><\/span><\/div>\n<h1 class=\"ace-line\" dir=\"auto\" data-node=\"true\"><span data-string=\"true\" data-enter=\"true\" data-leaf=\"true\">Param\u00e8tre \u200b<\/span><\/h1>\n<table style=\"border-collapse: collapse; width: 93.8264%; height: 474px;\" border=\"0\" width=\"720\" cellspacing=\"0\" cellpadding=\"0\">\n<tbody>\n<tr style=\"height: 20.00pt;\">\n<td class=\"et5\" style=\"height: 20.00pt; width: 432.45pt;\" colspan=\"2\" width=\"720\" height=\"33\">Configuration standard<\/td>\n<\/tr>\n<tr style=\"height: 20.00pt;\">\n<td class=\"et5\" style=\"height: 20.00pt;\" height=\"33\">Mod\u00e8le<\/td>\n<td class=\"et7\"><a href=\"#\u76ee\u5f55!A1\">C117<\/a><\/td>\n<\/tr>\n<tr style=\"height: 20.00pt;\">\n<td class=\"et6\" style=\"height: 20.00pt; width: 159.05pt;\" width=\"265\" height=\"33\">Dimension globale<\/td>\n<td class=\"et6\" style=\"width: 273.40pt;\" width=\"455\">2350 * 1160 * 1670mm<\/td>\n<\/tr>\n<tr style=\"height: 20.00pt;\">\n<td class=\"et6\" style=\"height: 20.00pt; width: 159.05pt;\" width=\"265\" height=\"33\">si\u00e8ges<\/td>\n<td class=\"et6\" style=\"width: 273.40pt;\" width=\"455\">5<\/td>\n<\/tr>\n<tr style=\"height: 20.00pt;\">\n<td class=\"et6\" style=\"height: 20.00pt; width: 159.05pt;\" width=\"265\" height=\"33\">Puissance du moteur hydraulique<\/td>\n<td class=\"et6\" style=\"width: 273.40pt;\" width=\"455\">1200W<\/td>\n<\/tr>\n<tr style=\"height: 20.00pt;\">\n<td class=\"et6\" style=\"height: 20.00pt; width: 159.05pt;\" width=\"265\" height=\"33\">Voltage standard<\/td>\n<td class=\"et6\" style=\"width: 273.40pt;\" width=\"455\">48\/60V<\/td>\n<\/tr>\n<tr style=\"height: 20.00pt;\">\n<td class=\"et6\" style=\"height: 20.00pt; width: 159.05pt;\" width=\"265\" height=\"33\">contr\u00f4leur<\/td>\n<td class=\"et6\" style=\"width: 273.40pt;\" width=\"455\">36tube<\/td>\n<\/tr>\n<tr style=\"height: 20.00pt;\">\n<td class=\"et6\" style=\"height: 20.00pt; width: 159.05pt;\" width=\"265\" height=\"33\">Mode de freinage<\/td>\n<td class=\"et6\" style=\"width: 273.40pt;\" width=\"455\">Avant: tambour Arri\u00e8re: disque<\/td>\n<\/tr>\n<tr style=\"height: 20.00pt;\">\n<td class=\"et6\" style=\"height: 20.00pt; width: 159.05pt;\" width=\"265\" height=\"33\">D\u00e9gagement minimum au sol<\/td>\n<td class=\"et6\" style=\"width: 273.40pt;\" width=\"455\">135<\/td>\n<\/tr>\n<tr style=\"height: 20.00pt;\">\n<td class=\"et6\" style=\"height: 20.00pt; width: 159.05pt;\" width=\"265\" height=\"33\">Capacit\u00e9 de production<\/td>\n<td class=\"et6\" style=\"width: 273.40pt;\" width=\"455\">300,000set\/ann\u00e9e<\/td>\n<\/tr>\n<tr style=\"height: 20.00pt;\">\n<td class=\"et6\" style=\"height: 20.00pt; width: 159.05pt;\" width=\"265\" height=\"33\">Temps de charge<\/td>\n<td class=\"et6\" style=\"width: 273.40pt;\" width=\"455\">8h<\/td>\n<\/tr>\n<tr style=\"height: 20.00pt;\">\n<td class=\"et6\" style=\"height: 20.00pt; width: 159.05pt;\" width=\"265\" height=\"33\">Pneumatique avant\/arri\u00e8re Tt<\/td>\n<td class=\"et6\" style=\"width: 273.40pt;\" width=\"455\">4.00-10<\/td>\n<\/tr>\n<tr style=\"height: 20.00pt;\">\n<td class=\"et6\" style=\"height: 20.00pt; width: 159.05pt;\" width=\"265\" height=\"33\">Choix de couleur<\/td>\n<td class=\"et6\" style=\"width: 273.40pt;\" width=\"455\">Personnalis\u00e9<\/td>\n<\/tr>\n<tr style=\"height: 20.00pt;\">\n<td class=\"et6\" style=\"height: 20.00pt; width: 159.05pt;\" width=\"265\" height=\"33\">Origine<\/td>\n<td class=\"et6\" style=\"width: 273.40pt;\" width=\"455\">Chine<\/td>\n<\/tr>\n<tr style=\"height: 20.00pt;\">\n<td class=\"et6\" style=\"height: 20.00pt; width: 159.05pt;\" width=\"265\" height=\"33\">Plage par charge\/Km<\/td>\n<td class=\"et6\" style=\"width: 273.40pt;\" width=\"455\">50 \u00e0 100 km<\/td>\n<\/tr>\n<tr style=\"height: 20.00pt;\">\n<td class=\"et6\" style=\"height: 20.00pt; width: 159.05pt;\" width=\"265\" height=\"33\">Vitesse maximale Km\/H<\/td>\n<td class=\"et6\" style=\"width: 273.40pt;\" width=\"455\">30 \u00e0 40 km\/h<\/td>\n<\/tr>\n<tr style=\"height: 20.00pt;\">\n<td class=\"et6\" style=\"height: 20.00pt; width: 159.05pt;\" width=\"265\" height=\"33\">verre<\/td>\n<td class=\"et6\" style=\"width: 273.40pt;\" width=\"455\">Verre \u00e0 main<\/td>\n<\/tr>\n<\/tbody>\n<\/table>\n<h1 class=\"ace-line heading-h2\" dir=\"auto\" data-node=\"true\"><span data-leaf=\"true\"><span class=\"lb\">Conception structurelle s\u00fbre et fiable<\/span><\/span><span data-string=\"true\" data-enter=\"true\" data-leaf=\"true\">\u200b<\/span><\/h1>\n<div class=\"ace-line\" dir=\"auto\" data-node=\"true\"><span data-leaf=\"true\"><span class=\"lb\">Les performances de s\u00e9curit\u00e9 ont toujours \u00e9t\u00e9 une consid\u00e9ration primordiale pour les acheteurs lors du choix des \u00e9quipements de transport, et le tricycle \u00e9lectrique de ferme a \u00e9t\u00e9 enti\u00e8rement optimis\u00e9 dans cette dimension. Le v\u00e9hicule est \u00e9quip\u00e9 d'un <\/span><\/span><span data-leaf=\"true\"><span class=\"lb\">Contr\u00f4leur \u00e0 36 tubes<\/span><\/span><span data-leaf=\"true\"><span class=\"lb\">qui peut ajuster la puissance de sortie en temps r\u00e9el pour assurer la stabilit\u00e9 des performances pendant la conduite et \u00e9viter les risques op\u00e9rationnels caus\u00e9s par les fluctuations de puissance; le <\/span><\/span><span data-leaf=\"true\"><span class=\"lb\">syst\u00e8me de freinage<\/span><\/span><span data-leaf=\"true\"><span class=\"lb\"> adopte une conception combin\u00e9e de freins \u00e0 disque avant et arri\u00e8re. Cette combinaison permet de raccourcir efficacement la distance de freinage, offrant au conducteur un temps de r\u00e9action suffisant m\u00eame en cas d'urgence et r\u00e9duisant consid\u00e9rablement la probabilit\u00e9 d'accidents. En outre, le <\/span><\/span><span data-leaf=\"true\"><span class=\"lb\">d\u00e9gagement au sol<\/span><\/span><span data-leaf=\"true\"><span class=\"lb\"> Le mod\u00e8le atteint <\/span><\/span><span data-leaf=\"true\"><span class=\"lb\">135 mm<\/span><\/span><span data-leaf=\"true\"><span class=\"lb\">Ce param\u00e8tre garantit que lors de la conduite sur des routes non pav\u00e9es rurales ou urbaines, il n'est pas facile d'avoir des probl\u00e8mes de rasage du ch\u00e2ssis, assurant une circulation fluide dans des conditions routi\u00e8res complexes. La structure de la carrosserie a subi un traitement renforc\u00e9, et elle peut maintenir une excellente stabilit\u00e9 que ce soit le transport de passagers ou le transport de marchandises, r\u00e9duisant les dommages aux marchandises ou l'inconfort des passagers caus\u00e9s par le secoussement du corps.<\/span><\/span><span data-string=\"true\" data-enter=\"true\" data-leaf=\"true\">\u200b<\/span><\/div>\n<h1 class=\"ace-line heading-h2\" dir=\"auto\" data-node=\"true\"><span data-leaf=\"true\"><span class=\"lb\">La production \u00e0 grande \u00e9chelle assure une approvisionnement stable<\/span><\/span><span data-string=\"true\" data-enter=\"true\" data-leaf=\"true\">\u200b<\/span><\/h1>\n<div class=\"ace-line\" dir=\"auto\" data-node=\"true\"><span data-leaf=\"true\"><span class=\"lb\">Pour les acheteurs en vrac, le fournisseur&#8217; La capacit\u00e9 de production et la stabilit\u00e9 de l'approvisionnement affectent directement leurs propres plans d'exploitation, ce qui est \u00e9galement l'une des principales comp\u00e9titivit\u00e9s du tricycle \u00e9lectrique agricole. Notre base de production a la capacit\u00e9 de produire <\/span><\/span><span data-leaf=\"true\"><span class=\"lb\">300 000 tricycles \u00e9lectriques par an<\/span><\/span><span data-leaf=\"true\"><span class=\"lb\">Ce syst\u00e8me de production \u00e0 grande \u00e9chelle peut non seulement r\u00e9pondre aux besoins d'achat concentr\u00e9s pendant les saisons de pointe et garantir la livraison ponctuelle des commandes, mais refl\u00e8te \u00e9galement le processus de production mature et les normes strictes de contr\u00f4le de qualit\u00e9. De l'achat de pi\u00e8ces \u00e0 l'assemblage du v\u00e9hicule, chaque maillon est g\u00e9r\u00e9 de mani\u00e8re syst\u00e9matique, ce qui permet non seulement d'assurer la coh\u00e9rence qualitative de chaque v\u00e9hicule sortant de l'usine, mais aussi de r\u00e9duire les co\u00fbts de production gr\u00e2ce \u00e0 des \u00e9conomies d'\u00e9chelle. Enfin, il offre aux acheteurs en vrac des prix plus comp\u00e9titifs sur le march\u00e9 et r\u00e9alise la double garantie de &#8220; optimisation stable des co\u00fbts d'approvisionnement&#8221;.<\/span><\/span><span data-string=\"true\" data-enter=\"true\" data-leaf=\"true\">\u200b<\/span><\/div>\n<h1 class=\"ace-line heading-h2\" dir=\"auto\" data-node=\"true\"><span data-leaf=\"true\"><span class=\"lb\">Les avantages en mati\u00e8re de co\u00fbts soulignent la comp\u00e9titivit\u00e9 du march\u00e9<\/span><\/span><span data-string=\"true\" data-enter=\"true\" data-leaf=\"true\">\u200b<\/span><\/h1>\n<div class=\"ace-line\" dir=\"auto\" data-node=\"true\"><span data-leaf=\"true\"><span class=\"lb\">En termes de co\u00fbts d\u2019exploitation, le tricycle \u00e9lectrique de ferme pr\u00e9sente des avantages incomparables par rapport aux v\u00e9hicules \u00e0 carburant traditionnels. Le <\/span><\/span><span data-leaf=\"true\"><span class=\"lb\">temps de charge complet<\/span><\/span><span data-leaf=\"true\"><span class=\"lb\"> Ce mod\u00e8le est \u00e0 propos <\/span><\/span><span data-leaf=\"true\"><span class=\"lb\">8 heures<\/span><\/span><span data-leaf=\"true\"><span class=\"lb\">Par rapport \u00e0 l'op\u00e9ration de ravitaillement fr\u00e9quent des v\u00e9hicules \u00e0 carburant, il r\u00e9duit non seulement les co\u00fbts de main-d'\u0153uvre et de temps, mais r\u00e9alise \u00e9galement des \u00e9conomies significatives dans les co\u00fbts de consommation d'\u00e9nergie. Selon les donn\u00e9es d'essai de l'industrie, les co\u00fbts d'exploitation (y compris l'\u00e9nergie, l'entretien, etc.) des tricycles \u00e9lectriques peuvent \u00eatre r\u00e9duits jusqu'\u00e0 <\/span><\/span><span data-leaf=\"true\"><span class=\"lb\">60%<\/span><\/span><span data-leaf=\"true\"><span class=\"lb\"> comparativement aux v\u00e9hicules \u00e0 carburant dans un cycle de service de cinq ans. Cet avantage co\u00fbteux est particuli\u00e8rement important pour les industries qui d\u00e9pendent des activit\u00e9s de transport, telles que <\/span><\/span><span data-leaf=\"true\"><span class=\"lb\">Transfert de produits agricoles<\/span><\/span><span data-leaf=\"true\"><span class=\"lb\"> dans le domaine agricole, <\/span><\/span><span data-leaf=\"true\"><span class=\"lb\">reconstitution du magasin<\/span><\/span><span data-leaf=\"true\"><span class=\"lb\"> dans le commerce au d\u00e9tail, et &#8220; livraison du dernier mile&#8221; dans l'industrie logistique. Il peut directement aider les entreprises \u00e0 r\u00e9duire leurs frais d'exploitation, \u00e0 augmenter leurs marges de profit globales et \u00e0 devenir une force motrice cl\u00e9 pour leur permettre de se d\u00e9marquer dans la concurrence du march\u00e9.<\/span><\/span><span data-string=\"true\" data-enter=\"true\" data-leaf=\"true\">\u200b<\/span><\/div>\n<h1 class=\"ace-line heading-h2\" dir=\"auto\" data-node=\"true\"><span data-leaf=\"true\"><span class=\"lb\">Services personnalis\u00e9s r\u00e9pondent \u00e0 divers besoins<\/span><\/span><span data-string=\"true\" data-enter=\"true\" data-leaf=\"true\">\u200b<\/span><\/h1>\n<div class=\"ace-line\" dir=\"auto\" data-node=\"true\"><span data-leaf=\"true\"><span class=\"lb\">Nous sommes bien conscients que les sc\u00e9narios de march\u00e9 desservis par les acheteurs en vrac sont diff\u00e9rents et qu'une seule configuration de produit ne peut pas r\u00e9pondre \u00e0 tous les besoins. Par cons\u00e9quent, le tricycle \u00e9lectrique de ferme offre une flexibilit\u00e9 <\/span><\/span><span data-leaf=\"true\"><span class=\"lb\">solutions de personnalisation<\/span><\/span><span data-leaf=\"true\"><span class=\"lb\">Les acheteurs peuvent choisir diff\u00e9rentes couleurs de carrosserie et configurations fonctionnelles en fonction des caract\u00e9ristiques du march\u00e9 cible: par exemple, pour les sc\u00e9narios de transport urbain de passagers \u00e0 courte distance, des configurations de confort de si\u00e8ge peuvent \u00eatre ajout\u00e9es; pour les besoins ruraux de transport de marchandises, la capacit\u00e9 de charge de la bo\u00eete de fret peut \u00eatre renforc\u00e9e; pour les petites entreprises logistiques, la conception de l'espace de stockage peut \u00eatre optimis\u00e9e. Que ce soit pour les op\u00e9rateurs de taxis urbains, les agriculteurs ruraux ou les petites et moyennes entreprises commerciales et commerciales, les sp\u00e9cifications de produits personnalis\u00e9es peuvent permettre au JIEBAO3 de s'adapter mieux aux besoins du march\u00e9 local et d'aider les acheteurs en vrac \u00e0 am\u00e9liorer l'acceptation et la rentabilit\u00e9 des produits sur le march\u00e9 terminal.<\/span><\/span><span data-string=\"true\" data-enter=\"true\" data-leaf=\"true\">\u200b<\/span><\/div>\n<div class=\"ace-line heading-h2\" dir=\"auto\" data-node=\"true\"><span data-leaf=\"true\"><span class=\"lb\">Les attributs verts s\u2019alignent sur les tendances futures<\/span><\/span><span data-string=\"true\" data-enter=\"true\" data-leaf=\"true\">\u200b<\/span><\/div>\n<div class=\"ace-line\" dir=\"auto\" data-node=\"true\"><span data-leaf=\"true\"><span class=\"lb\">Actuellement, les gouvernements du monde entier favorisent activement la <\/span><\/span><span data-leaf=\"true\"><span class=\"lb\">transition \u00e9nerg\u00e9tique propre<\/span><\/span><span data-leaf=\"true\"><span class=\"lb\"> et l'introduction d'un certain nombre de politiques pour encourager l'utilisation de <\/span><\/span><span data-leaf=\"true\"><span class=\"lb\">v\u00e9hicules \u00e0 faibles \u00e9missions<\/span><\/span><span data-leaf=\"true\"><span class=\"lb\">. Choisir d'acheter en vrac des tricycles \u00e9lectriques agricoles peut non seulement aider les entreprises \u00e0 r\u00e9duire les \u00e9missions de carbone pendant l'exploitation et \u00e0 pratiquer le concept de <\/span><\/span><span data-leaf=\"true\"><span class=\"lb\">d\u00e9veloppement vert<\/span><\/span><span data-leaf=\"true\"><span class=\"lb\"> mais aussi leur permettre de s'adapter \u00e0 l'avance aux futures exigences r\u00e9glementaires en mati\u00e8re de protection de l'environnement et d'\u00e9viter les risques op\u00e9rationnels caus\u00e9s par les changements de politique. Avec l'am\u00e9lioration continue des normes de protection de l'environnement urbain et l'approfondissement de l'attention \u00e0 la protection \u00e9cologique dans les zones rurales, la demande de tricycles \u00e9lectriques ayant \u00e0 la fois des attributs pratiques et de protection de l'environnement continuera certainement \u00e0 cro\u00eetre. Le d\u00e9ploiement dans ce domaine \u00e0 ce moment jettera sans aucun doute les bases pour que les entreprises saisissent les opportunit\u00e9s futures du march\u00e9.<\/span><\/span><span data-string=\"true\" data-enter=\"true\" data-leaf=\"true\">\u200b<\/span><\/div>\n<h1 class=\"ace-line heading-h2\" dir=\"auto\" data-node=\"true\"><span data-leaf=\"true\"><span class=\"lb\">Conclusion<\/span><\/span><span data-string=\"true\" data-enter=\"true\" data-leaf=\"true\">\u200b<\/span><\/h1>\n<div class=\"ace-line\" dir=\"auto\" data-node=\"true\"><span data-leaf=\"true\"><span class=\"lb\">Le tricycle \u00e9lectrique agricole n'est pas seulement un simple outil de transport, mais un partenaire fiable pour les acheteurs en vrac dans le processus de poursuite de la durabilit\u00e9 des \u00e9quipements, l'optimisation des co\u00fbts et la comp\u00e9titivit\u00e9 du march\u00e9. De la performance \u00e9nerg\u00e9tique pratiquement v\u00e9rifi\u00e9e \u00e0 la production \u00e0 grande \u00e9chelle qui assure une alimentation stable; des services personnalis\u00e9s qui s\u2019adaptent aux besoins divers aux attributs verts qui s\u2019alignent sur les tendances futures, chaque avantage est con\u00e7u pour cr\u00e9er de la valeur \u00e0 long terme pour les acheteurs. Pour les entreprises qui envisagent d\u2019agrandir leur flotte de transport, le choix du tricycle \u00e9lectrique agricole signifie combiner l\u2019efficacit\u00e9 op\u00e9rationnelle avec le concept de d\u00e9veloppement durable, et ces deux \u00e9l\u00e9ments sont au c\u0153ur de la d\u00e9finition de la direction de d\u00e9veloppement du futur domaine des transports \u00e0 courte distance. Que ce soit pour am\u00e9liorer la rentabilit\u00e9 des entreprises existantes ou explorer de nouveaux domaines de march\u00e9, le JIEBAO3 peut devenir un soutien fort pour les entreprises pour atteindre leurs objectifs et les aider \u00e0 construire des avantages \u00e0 long terme dans la concurrence de l'industrie.<\/span><\/span><\/div>","protected":false},"excerpt":{"rendered":"<p><span data-leaf=\"true\"><span class=\"lb\">Dans le contexte de la croissance continue de la demande mondiale de <\/span><\/span><span data-leaf=\"true\"><span class=\"lb\">v\u00e9hicules \u00e0 \u00e9nergie propre<\/span><\/span><span data-leaf=\"true\"><span class=\"lb\">les tricycles \u00e9lectriques, avec leurs caract\u00e9ristiques flexibles et pratiques, sont progressivement devenus une solution courant dans les domaines de <\/span><\/span><span data-leaf=\"true\"><span class=\"lb\">livraison de marchandises<\/span><\/span><span data-leaf=\"true\"><span class=\"lb\"> et courte distance <\/span><\/span><span data-leaf=\"true\"><span class=\"lb\">transport de passagers<\/span><\/span><span data-leaf=\"true\"><span class=\"lb\">Pour <\/span><\/span><span data-leaf=\"true\"><span class=\"lb\">acheteurs en vrac<\/span><\/span><span data-leaf=\"true\"><span class=\"lb\"> qui se concentrent sur la valeur op\u00e9rationnelle \u00e0 long terme, poursuivent la stabilit\u00e9 de l'\u00e9quipement et les avantages \u00e9conomiques, le tricycle \u00e9lectrique JIEBAO3 que nous avons lanc\u00e9, s'appuyant sur son positionnement de produit pr\u00e9cis et ses avantages complets exceptionnels, fournit un plus rentable et <\/span><\/span><span data-leaf=\"true\"><span class=\"lb\">orient\u00e9 d\u00e9veloppement durable<\/span><\/span><span data-leaf=\"true\"><span class=\"lb\"> Une nouvelle option pour le moderne <\/span><\/span><span data-leaf=\"true\"><span class=\"lb\">distribution logistique<\/span><\/span><span data-leaf=\"true\"><span class=\"lb\"> et des sc\u00e9narios de voyage quotidiens par rapport aux sc\u00e9narios traditionnels <\/span><\/span><span data-leaf=\"true\"><span class=\"lb\">v\u00e9hicules \u00e0 carburant<\/span><\/span><span data-leaf=\"true\"><span class=\"lb\">.<\/span><\/span><\/p>","protected":false},"featured_media":3412,"comment_status":"open","ping_status":"closed","template":"","meta":[],"product_brand":[],"product_cat":[78],"product_tag":[],"class_list":{"0":"post-3411","1":"product","2":"type-product","3":"status-publish","4":"has-post-thumbnail","6":"product_cat-electric-tricycle","8":"first","9":"instock","10":"shipping-taxable","11":"product-type-simple"},"_links":{"self":[{"href":"https:\/\/www.tairuiauto.com\/fr\/wp-json\/wp\/v2\/product\/3411","targetHints":{"allow":["GET"]}}],"collection":[{"href":"https:\/\/www.tairuiauto.com\/fr\/wp-json\/wp\/v2\/product"}],"about":[{"href":"https:\/\/www.tairuiauto.com\/fr\/wp-json\/wp\/v2\/types\/product"}],"replies":[{"embeddable":true,"href":"https:\/\/www.tairuiauto.com\/fr\/wp-json\/wp\/v2\/comments?post=3411"}],"wp:featuredmedia":[{"embeddable":true,"href":"https:\/\/www.tairuiauto.com\/fr\/wp-json\/wp\/v2\/media\/3412"}],"wp:attachment":[{"href":"https:\/\/www.tairuiauto.com\/fr\/wp-json\/wp\/v2\/media?parent=3411"}],"wp:term":[{"taxonomy":"product_brand","embeddable":true,"href":"https:\/\/www.tairuiauto.com\/fr\/wp-json\/wp\/v2\/product_brand?post=3411"},{"taxonomy":"product_cat","embeddable":true,"href":"https:\/\/www.tairuiauto.com\/fr\/wp-json\/wp\/v2\/product_cat?post=3411"},{"taxonomy":"product_tag","embeddable":true,"href":"https:\/\/www.tairuiauto.com\/fr\/wp-json\/wp\/v2\/product_tag?post=3411"}],"curies":[{"name":"WP","href":"https:\/\/api.w.org\/{rel}","templated":true}]}}