{"id":3419,"date":"2025-08-25T10:00:28","date_gmt":"2025-08-25T02:00:28","guid":{"rendered":"https:\/\/www.tairuiauto.com\/?post_type=product&#038;p=3419"},"modified":"2025-08-27T11:02:28","modified_gmt":"2025-08-27T03:02:28","slug":"jieda-electric-3-wheel-tricycle","status":"publish","type":"product","link":"https:\/\/www.tairuiauto.com\/fr\/product\/jieda-electric-3-wheel-tricycle\/","title":{"rendered":"Tricycle \u00e9lectrique 3 roues"},"content":{"rendered":"<h3 class=\"header-vfC6AV auto-hide-last-sibling-br\">Introduction du produit<\/h3>\n<div class=\"auto-hide-last-sibling-br paragraph-JOTKXA paragraph-element br-paragraph-space\">Aliment\u00e9 par un moteur sans brosse 48V\/60V 800W et associ\u00e9 \u00e0 des batteries plomb-acide 48V\/60V 45AH-60AH, le tricycle \u00e9lectrique 3 roues Jieda offre une performance \u00e9quilibr\u00e9e: une vitesse maximale de 30-40km\/h, une port\u00e9e de charge unique de 40-60km et un temps de charge de 6-8 heures, parfaitement adapt\u00e9 pour les voyages quotidiens de courtes distances. Ses dimensions compactes (environ 2700 x 1100 x 1400 mm) assurent une maniabilit\u00e9 facile dans les rues bond\u00e9es, tandis qu\u2019une capacit\u00e9 de charge allant jusqu\u2019\u00e0 200 kg \u2013 divis\u00e9e entre la zone de charge arri\u00e8re et le stockage sous le si\u00e8ge \u2013 ajoute \u00e0 sa fonctionnalit\u00e9. \u00c9quip\u00e9 de freins \u00e0 tambour avant et arri\u00e8re, d\u2019amortisseurs \u00e0 ressort et de pneus antid\u00e9rapants, ce trike \u00e9lectrique met en priorit\u00e9 la s\u00e9curit\u00e9 et le confort, consolidant ainsi son r\u00f4le de solution de transport quotidienne fiable.<\/div>\n<div><img fetchpriority=\"high\" decoding=\"async\" class=\"alignnone size-medium wp-image-3420\" src=\"https:\/\/www.tairuiauto.com\/wp-content\/uploads\/2025\/08\/1-7-300x300.jpg\" alt=\"JIEDA \u00e9lectrique 3 roues\" width=\"300\" height=\"300\" srcset=\"\" sizes=\"(max-width: 300px) 100vw, 300px\" data-srcset=\"\" \/> <img decoding=\"async\" class=\"alignnone size-medium wp-image-3422\" src=\"https:\/\/www.tairuiauto.com\/wp-content\/uploads\/2025\/08\/3-5-300x300.jpg\" alt=\"\" width=\"300\" height=\"300\" srcset=\"\" sizes=\"(max-width: 300px) 100vw, 300px\" data-srcset=\"\" \/><img decoding=\"async\" class=\"alignnone size-medium wp-image-3421\" src=\"https:\/\/www.tairuiauto.com\/wp-content\/uploads\/2025\/08\/2-5-300x300.jpg\" alt=\"\" width=\"300\" height=\"300\" srcset=\"\" sizes=\"(max-width: 300px) 100vw, 300px\" data-srcset=\"\" \/><\/div>\n<h3><strong>\u200b Liste des param\u00e8tres<\/strong><\/h3>\n<div class=\"kche-wrap-width\">\n<div class=\"kche-t154\">\n<div class=\"kche-t154-contant\">\n<div class=\"kche-t154-list\">\n<div class=\"kche-t154-item\">\n<div class=\"kche-t154-img\">\n<div class=\"auto-hide-last-sibling-br paragraph-JOTKXA paragraph-element br-paragraph-space\">\n<table style=\"border-collapse: collapse; width: 68.7969%; height: 625px;\" border=\"0\" width=\"720\" cellspacing=\"0\" cellpadding=\"0\">\n<tbody>\n<tr style=\"height: 20.00pt;\">\n<td class=\"et4\" style=\"height: 20.00pt; width: 159.05pt;\" width=\"265\" height=\"33\">Mod\u00e8le<\/td>\n<td class=\"et6\" style=\"width: 273.40pt;\" width=\"455\">Tricycle \u00e9lectrique 3 roues JIEDA<\/td>\n<\/tr>\n<tr style=\"height: 20.00pt;\">\n<td class=\"et5\" style=\"height: 20.00pt; width: 159.05pt;\" width=\"265\" height=\"33\">L \u00d7 L \u00d7 H (mm)<\/td>\n<td class=\"et5\" style=\"width: 273.40pt;\" width=\"455\">2980 \u00d7 1080 \u00d7 1340<\/td>\n<\/tr>\n<tr style=\"height: 20.00pt;\">\n<td class=\"et5\" style=\"height: 20.00pt; width: 159.05pt;\" width=\"265\" height=\"33\">Taille de bo\u00eete de fret (mm)<\/td>\n<td class=\"et5\" style=\"width: 273.40pt;\" width=\"455\">1500\u00d71000<\/td>\n<\/tr>\n<tr style=\"height: 20.00pt;\">\n<td class=\"et5\" style=\"height: 20.00pt; width: 159.05pt;\" width=\"265\" height=\"33\">Base de roue (mm)<\/td>\n<td class=\"et5\" style=\"width: 273.40pt;\" width=\"455\">2040<\/td>\n<\/tr>\n<tr style=\"height: 20.00pt;\">\n<td class=\"et5\" style=\"height: 20.00pt; width: 159.05pt;\" width=\"265\" height=\"33\">Voie de roue (mm)<\/td>\n<td class=\"et5\" style=\"width: 273.40pt;\" width=\"455\">880<\/td>\n<\/tr>\n<tr style=\"height: 20.00pt;\">\n<td class=\"et5\" style=\"height: 20.00pt; width: 159.05pt;\" width=\"265\" height=\"33\">D\u00e9gagement minimum au sol (mm)<\/td>\n<td class=\"et5\" style=\"width: 273.40pt;\" width=\"455\">\u2265 150<\/td>\n<\/tr>\n<tr style=\"height: 20.00pt;\">\n<td class=\"et5\" style=\"height: 20.00pt; width: 159.05pt;\" width=\"265\" height=\"33\">Rayon de tournage minimum (m)<\/td>\n<td class=\"et5\" style=\"width: 273.40pt;\" width=\"455\">\u2264 4<\/td>\n<\/tr>\n<tr style=\"height: 20.00pt;\">\n<td class=\"et5\" style=\"height: 20.00pt; width: 159.05pt;\" width=\"265\" height=\"33\">Poids de bordure (kg)<\/td>\n<td class=\"et5\" style=\"width: 273.40pt;\" width=\"455\">196<\/td>\n<\/tr>\n<tr style=\"height: 20.00pt;\">\n<td class=\"et5\" style=\"height: 20.00pt; width: 159.05pt;\" width=\"265\" height=\"33\">Vitesse maximale (km\/h)<\/td>\n<td class=\"et5\" style=\"width: 273.40pt;\" width=\"455\">35-45<\/td>\n<\/tr>\n<tr style=\"height: 20.00pt;\">\n<td class=\"et5\" style=\"height: 20.00pt; width: 159.05pt;\" width=\"265\" height=\"33\">Capacit\u00e9 de grade (%)<\/td>\n<td class=\"et5\" style=\"width: 273.40pt;\" width=\"455\">\u2264 15<\/td>\n<\/tr>\n<tr style=\"height: 20.00pt;\">\n<td class=\"et5\" style=\"height: 20.00pt; width: 159.05pt;\" width=\"265\" height=\"33\">Batterie<\/td>\n<td class=\"et5\" style=\"width: 273.40pt;\" width=\"455\">48\/60V45AH-58AH<\/td>\n<\/tr>\n<tr style=\"height: 20.00pt;\">\n<td class=\"et5\" style=\"height: 20.00pt; width: 159.05pt;\" width=\"265\" height=\"33\">Moteur, contr\u00f4leur (w)<\/td>\n<td class=\"et5\" style=\"width: 273.40pt;\" width=\"455\">Aimant permanent 48\/60V800W<\/td>\n<\/tr>\n<tr style=\"height: 20.00pt;\">\n<td class=\"et5\" style=\"height: 20.00pt; width: 159.05pt;\" width=\"265\" height=\"33\">Port\u00e9e par charge (km)<\/td>\n<td class=\"et5\" style=\"width: 273.40pt;\" width=\"455\">50-70<\/td>\n<\/tr>\n<tr style=\"height: 20.00pt;\">\n<td class=\"et5\" style=\"height: 20.00pt; width: 159.05pt;\" width=\"265\" height=\"33\">Temps de charge (h)<\/td>\n<td class=\"et5\" style=\"width: 273.40pt;\" width=\"455\">6 ~ 8h<\/td>\n<\/tr>\n<tr style=\"height: 20.00pt;\">\n<td class=\"et5\" style=\"height: 20.00pt; width: 159.05pt;\" width=\"265\" height=\"33\">Amortisseur avant<\/td>\n<td class=\"et5\" style=\"width: 273.40pt;\" width=\"455\">\u03c637 ressort ext\u00e9rieur Tambour amortisseur<\/td>\n<\/tr>\n<tr style=\"height: 20.00pt;\">\n<td class=\"et5\" style=\"height: 20.00pt; width: 159.05pt;\" width=\"265\" height=\"33\">Amortisseur arri\u00e8re<\/td>\n<td class=\"et5\" style=\"width: 273.40pt;\" width=\"455\">branche de feuille<\/td>\n<\/tr>\n<tr style=\"height: 20.00pt;\">\n<td class=\"et5\" style=\"height: 20.00pt; width: 159.05pt;\" width=\"265\" height=\"33\">Pneumatique avant\/arri\u00e8re<\/td>\n<td class=\"et5\" style=\"width: 273.40pt;\" width=\"455\">3.50-12\/3.75-12<\/td>\n<\/tr>\n<tr style=\"height: 20.00pt;\">\n<td class=\"et5\" style=\"height: 20.00pt; width: 159.05pt;\" width=\"265\" height=\"33\">Type de jante<\/td>\n<td class=\"et5\" style=\"width: 273.40pt;\" width=\"455\">acier<\/td>\n<\/tr>\n<tr style=\"height: 20.00pt;\">\n<td class=\"et5\" style=\"height: 20.00pt; width: 159.05pt;\" width=\"265\" height=\"33\">Type de frein avant\/arri\u00e8re<\/td>\n<td class=\"et5\" style=\"width: 273.40pt;\" width=\"455\">Une tra\u00eene trois freins \u00e0 tambour<\/td>\n<\/tr>\n<tr style=\"height: 20.00pt;\">\n<td class=\"et5\" style=\"height: 20.00pt; width: 159.05pt;\" width=\"265\" height=\"33\">Frein de stationnement<\/td>\n<td class=\"et5\" style=\"width: 273.40pt;\" width=\"455\">Frein \u00e0 main<\/td>\n<\/tr>\n<tr style=\"height: 20.00pt;\">\n<td class=\"et5\" style=\"height: 20.00pt; width: 159.05pt;\" width=\"265\" height=\"33\">Structure de l'essieu arri\u00e8re<\/td>\n<td class=\"et5\" style=\"width: 273.40pt;\" width=\"455\">Axe arri\u00e8re int\u00e9gr\u00e9<\/td>\n<\/tr>\n<\/tbody>\n<\/table>\n<\/div>\n<h3 class=\"header-vfC6AV auto-hide-last-sibling-br\">Points de vente cl\u00e9s<\/h3>\n<ol class=\"auto-hide-last-sibling-br\">\n<li>\n<div class=\"auto-hide-last-sibling-br paragraph-JOTKXA paragraph-element br-paragraph-space\"><strong>Conception \u00e0 double usage pour la navette et le transport l\u00e9ger<\/strong><br class=\"container-utlnW2 wrapper-d0Cc1k undefined\" \/>Le tricycle \u00e9lectrique \u00e0 3 roues Jieda brille en tant que multi-t\u00e2che, passant sans heurt d'un navetteur familial \u00e0 un transporteur de marchandises l\u00e9ger. Son espace de chargement arri\u00e8re spacieux (800 x 600 mm) permet de manipuler les \u00e9piceries, les petits colis ou les outils, tandis que le si\u00e8ge avant confortable peut accueillir 1 \u00e0 2 passagers, \u00e9liminant ainsi le besoin de v\u00e9hicules s\u00e9par\u00e9s. Qu'il s'agisse de faire des courses en ville ou de livrer de petits articles pour une entreprise locale, le Electric 3-Wheel Tricycle Jieda se r\u00e9v\u00e8le comme un e-trike Jieda flexible qui s'adapte aux exigences quotidiennes sans compromis.<\/div>\n<\/li>\n<li>\n<div class=\"auto-hide-last-sibling-br paragraph-JOTKXA paragraph-element br-paragraph-space\"><strong>Exp\u00e9rience de conduite douce et confortable<\/strong><br class=\"container-utlnW2 wrapper-d0Cc1k undefined\" \/>Le confort de conduite est une caract\u00e9ristique distinctive du tricycle \u00e9lectrique \u00e0 3 roues Jieda, gr\u00e2ce \u00e0 ses amortisseurs \u00e0 ressort et \u00e0 son si\u00e8ge rembourr\u00e9 qui amortisse les chocs sur des routes in\u00e9gales. Le moteur sans brosse fonctionne en silence, r\u00e9duisant la pollution sonore - id\u00e9ale pour les zones r\u00e9sidentielles - tandis que la conception ergonomique du guidon minimise la fatigue du conducteur lors de longues courses. Contrairement aux alternatives \u00e0 la conduite rugueuse, le tricycle \u00e9lectrique \u00e0 3 roues Jieda assure \u00e0 la fois au conducteur et aux passagers un voyage en douceur, ce qui en fait un choix privil\u00e9gi\u00e9 pour ceux qui privil\u00e9gient le confort dans un v\u00e9hicule \u00e9lectrique \u00e0 3 roues.<\/div>\n<\/li>\n<li>\n<div class=\"auto-hide-last-sibling-br paragraph-JOTKXA paragraph-element br-paragraph-space\"><strong>Performance fiable de la batterie pour une utilisation quotidienne<\/strong><br class=\"container-utlnW2 wrapper-d0Cc1k undefined\" \/>Avec des batteries 48V\/60V 45AH-60AH, le tricycle \u00e9lectrique \u00e0 3 roues Jieda offre une port\u00e9e de 40 \u00e0 60 km, plus que suffisante pour une journ\u00e9e compl\u00e8te de trajets, de courses ou de livraisons l\u00e9g\u00e8res. Le temps de recharge de 6 \u00e0 8 heures s'adapte facilement aux routines nocturnes, de sorte que le trike \u00e9lectrique est toujours pr\u00eat le matin. M\u00eame avec des charges partielles, la batterie maintient des performances constantes, \u00e9vitant les chutes d'alimentation soudaines qui peuvent perturber les plans. Pour les utilisateurs qui ont besoin de fiabilit\u00e9 quotidienne, Electric 3-Wheel Tricycle Jieda fournit sans faille.<\/div>\n<\/li>\n<li>\n<div class=\"auto-hide-last-sibling-br paragraph-JOTKXA paragraph-element br-paragraph-space\"><strong>Compact et agile pour la navigation urbaine<\/strong><br class=\"container-utlnW2 wrapper-d0Cc1k undefined\" \/>La taille compacte du tricycle \u00e9lectrique \u00e0 3 roues Jieda (2700 x 1100 x 1400 mm) et son rayon de virage serr\u00e9 en font un ma\u00eetre des man\u0153uvres urbaines. Il glisse dans des ruelles \u00e9troites, se serre dans de petits emplacements de stationnement et navigue dans des rues de march\u00e9 fr\u00e9quent\u00e9es o\u00f9 les v\u00e9hicules de grande taille luttent. Cette agilit\u00e9 r\u00e9duit le temps de voyage et le stress, qu'il s'agisse de fl\u00e8ches entre blocs de ville ou de tissage \u00e0 travers des sentiers ruraux. Pour les habitants urbains fatigu\u00e9s des transports encombrants, Electric 3-Wheel Tricycle Jieda offre le parfait \u00e9quilibre entre taille et fonctionnalit\u00e9.<\/div>\n<\/li>\n<\/ol>\n<h3 class=\"header-vfC6AV auto-hide-last-sibling-br\">Avantages de diff\u00e9renciation<\/h3>\n<ol class=\"auto-hide-last-sibling-br\">\n<li>\n<div class=\"auto-hide-last-sibling-br paragraph-JOTKXA paragraph-element br-paragraph-space\"><strong>V\u00e9ritable polyvalence \u00e0 double usage<\/strong><br class=\"container-utlnW2 wrapper-d0Cc1k undefined\" \/>Contrairement aux tricycles con\u00e7us uniquement pour l\u2019utilisation de marchandises ou de passagers, le tricycle \u00e9lectrique \u00e0 3 roues Jieda excelle dans les deux domaines, avec une zone de fret qui ne sacrifie pas le confort des passagers. Cela rend le Jieda e-trike id\u00e9al pour les utilisateurs qui ont besoin d'un v\u00e9hicule pour plusieurs r\u00f4les, tels que les parents qui font des achats apr\u00e8s les courses scolaires ou les propri\u00e9taires de petites entreprises qui navettent et livrent.<\/div>\n<\/li>\n<li>\n<div class=\"auto-hide-last-sibling-br paragraph-JOTKXA paragraph-element br-paragraph-space\"><strong>Fonctionnement silencieux pour utilisation dans le quartier<\/strong><br class=\"container-utlnW2 wrapper-d0Cc1k undefined\" \/>Son moteur sans brosse distingue le tricycle \u00e9lectrique 3 roues Jieda des tricycles bruyants et traditionnels. Cette performance silencieuse est un b\u00e9n\u00e9fice pour les voyages t\u00f4t le matin ou tard le soir, \u00e9vitant les perturbations dans les zones r\u00e9sidentielles - une caract\u00e9ristique rarement prioritaire dans d'autres v\u00e9hicules \u00e9lectriques \u00e0 trois roues.<\/div>\n<\/li>\n<li>\n<div class=\"auto-hide-last-sibling-br paragraph-JOTKXA paragraph-element br-paragraph-space\"><strong>\u00c9quilibre puissance et efficacit\u00e9<\/strong><br class=\"container-utlnW2 wrapper-d0Cc1k undefined\" \/>Le moteur \u00e9lectrique tricycle 3 roues de 800W de Jieda atteint un \u00e9quilibre parfait: une puissance suffisante pour g\u00e9rer les pentes (\u226415% de gradabilit\u00e9) et les charges l\u00e9g\u00e8res, sans consommation d\u2019\u00e9nergie excessive qui raccourcit la port\u00e9e. Cette efficacit\u00e9 d\u00e9passe les mod\u00e8les sous-aliment\u00e9s qui luttent avec les pentes et ceux suraliment\u00e9s qui gaspillent la batterie.<\/div>\n<\/li>\n<li>\n<div class=\"auto-hide-last-sibling-br paragraph-JOTKXA paragraph-element br-paragraph-space\"><strong>Ergonomie centr\u00e9e sur l'utilisateur<\/strong><br class=\"container-utlnW2 wrapper-d0Cc1k undefined\" \/>De son si\u00e8ge rembourr\u00e9 \u00e0 ses commandes faciles d'acc\u00e8s et de stockage sous le si\u00e8ge, Electric 3-Wheel Tricycle Jieda donne la priorit\u00e9 au confort de l'utilisateur dans tous les d\u00e9tails. Contrairement aux trikes utilitaires avec une conception rigide, il assure que les conducteurs restent d\u00e9tendus m\u00eame apr\u00e8s des heures d'utilisation, ce qui rend le trike \u00e9lectrique un plaisir \u00e0 utiliser quotidiennement.<\/div>\n<\/li>\n<\/ol>\n<h3 class=\"header-vfC6AV auto-hide-last-sibling-br\">FAQ (questions fr\u00e9quentes)<\/h3>\n<div class=\"auto-hide-last-sibling-br paragraph-JOTKXA paragraph-element br-paragraph-space\"><strong>Q1: Quel est le nombre maximum de passagers \u00e9lectriques 3 roues Tricycle Jieda peut transporter?<\/strong><br class=\"container-utlnW2 wrapper-d0Cc1k undefined\" \/>R: Le si\u00e8ge principal est con\u00e7u pour un conducteur adulte, avec un si\u00e8ge secondaire qui peut accueillir confortablement un enfant ou un petit adulte, ce qui fait un total de 2 passagers. Pour la s\u00e9curit\u00e9, \u00e9vitez de surcharger la zone assise, car cela peut affecter l'\u00e9quilibre et les performances de freinage. La zone de fret arri\u00e8re est strictement destin\u00e9e aux marchandises, pas aux passagers.<\/div>\n<h3 class=\"header-vfC6AV auto-hide-last-sibling-br\"><\/h3>\n<div class=\"auto-hide-last-sibling-br paragraph-JOTKXA paragraph-element br-paragraph-space\"><strong>Q2: Comment la temp\u00e9rature affecte-t-elle la dur\u00e9e de vie de la batterie du Jieda e-trike?<\/strong><br class=\"container-utlnW2 wrapper-d0Cc1k undefined\" \/>R: Les performances de la batterie sont sensibles aux temp\u00e9ratures extr\u00eames. Par temps froid (en dessous de 5\u00b0C), la port\u00e9e peut diminuer de 15 \u00e0 25% en raison de l'activit\u00e9 chimique r\u00e9duite dans les batteries. Par temps chaud (au-dessus de 35\u00b0C), la surcharge doit \u00eatre \u00e9vit\u00e9e, car les temp\u00e9ratures \u00e9lev\u00e9es peuvent d\u00e9grader les piles de batterie. Pour maintenir des performances optimales, stockez le v\u00e9hicule \u00e9lectrique \u00e0 trois roues dans une zone ombrag\u00e9e et \u00e0 temp\u00e9rature contr\u00f4l\u00e9e lorsqu'il n'est pas en utilisation et chargez-le dans des conditions mod\u00e9r\u00e9es.<\/div>\n<h3 class=\"header-vfC6AV auto-hide-last-sibling-br\"><\/h3>\n<div class=\"auto-hide-last-sibling-br paragraph-JOTKXA paragraph-element br-paragraph-space\"><strong>Q3: \u00c0 quelle fr\u00e9quence les freins et les amortisseurs doivent-ils \u00eatre entretenus?<\/strong><br class=\"container-utlnW2 wrapper-d0Cc1k undefined\" \/>R: Pour les freins: Inspectez les freins \u00e0 tambour tous les 3 mois ou 500 km. Nettoyez les plaquettes de frein de poussi\u00e8re et ajustez la tension si le freinage se sent l\u00e2che. Remplacez imm\u00e9diatement les coussinets us\u00e9s pour assurer la s\u00e9curit\u00e9. Pour les amortisseurs: V\u00e9rifiez les fuites ou l'amortissement r\u00e9duit tous les 6 mois. Lubrifiez les pi\u00e8ces mobiles chaque ann\u00e9e pour maintenir un fonctionnement en douceur. L'entretien r\u00e9gulier garantit que le tricycle \u00e9lectrique 3 roues Jieda reste s\u00fbr et confortable.<\/div>\n<h3 class=\"header-vfC6AV auto-hide-last-sibling-br\"><\/h3>\n<div class=\"auto-hide-last-sibling-br paragraph-JOTKXA paragraph-element br-paragraph-space\"><strong>Q4: La batterie peut-elle \u00eatre mise \u00e0 niveau \u00e0 une capacit\u00e9 sup\u00e9rieure?<\/strong><br class=\"container-utlnW2 wrapper-d0Cc1k undefined\" \/>R: Oui, la batterie peut \u00eatre mise \u00e0 niveau \u00e0 un mod\u00e8le 60V 60AH (\u00e0 partir de la base 45AH) pour \u00e9tendre la port\u00e9e d'environ 20-25%. Toutefois, utilisez toujours des batteries approuv\u00e9es par le fabricant pour assurer la compatibilit\u00e9 avec le moteur et le syst\u00e8me de charge. La mise \u00e0 niveau peut augmenter l\u00e9g\u00e8rement le temps de recharge (de 1 \u00e0 2 heures), mais est une option viable pour les utilisateurs qui ont besoin d'une port\u00e9e quotidienne plus longue. Consultez un concessionnaire certifi\u00e9 pour l'installation afin d'\u00e9viter l'annulation de la garantie.<\/div>\n<\/div>\n<\/div>\n<\/div>\n<\/div>\n<\/div>\n<\/div>","protected":false},"excerpt":{"rendered":"<p>Le tricycle \u00e9lectrique \u00e0 3 roues Jieda est un tricycle \u00e9lectrique polyvalent con\u00e7u pour r\u00e9pondre aux besoins quotidiens de navette et de fret l\u00e9ger, ce qui en fait un tricycle \u00e9lectrique id\u00e9al pour les r\u00e9sidents urbains, les propri\u00e9taires de petites entreprises et les utilisateurs ruraux. Combinant praticit\u00e9 et design convivial, ce v\u00e9hicule \u00e9lectrique \u00e0 trois roues dispose d'une disposition ergonomique des si\u00e8ges, d'un ample espace de stockage et de performances fiables pour g\u00e9rer divers sc\u00e9narios, du transport de membres de la famille au transport de petits produits comme des \u00e9piceries ou des fournitures de magasin.<\/p>","protected":false},"featured_media":3420,"comment_status":"open","ping_status":"closed","template":"","meta":[],"product_brand":[],"product_cat":[78],"product_tag":[],"class_list":{"0":"post-3419","1":"product","2":"type-product","3":"status-publish","4":"has-post-thumbnail","6":"product_cat-electric-tricycle","8":"first","9":"instock","10":"shipping-taxable","11":"purchasable","12":"product-type-simple"},"_links":{"self":[{"href":"https:\/\/www.tairuiauto.com\/fr\/wp-json\/wp\/v2\/product\/3419","targetHints":{"allow":["GET"]}}],"collection":[{"href":"https:\/\/www.tairuiauto.com\/fr\/wp-json\/wp\/v2\/product"}],"about":[{"href":"https:\/\/www.tairuiauto.com\/fr\/wp-json\/wp\/v2\/types\/product"}],"replies":[{"embeddable":true,"href":"https:\/\/www.tairuiauto.com\/fr\/wp-json\/wp\/v2\/comments?post=3419"}],"wp:featuredmedia":[{"embeddable":true,"href":"https:\/\/www.tairuiauto.com\/fr\/wp-json\/wp\/v2\/media\/3420"}],"wp:attachment":[{"href":"https:\/\/www.tairuiauto.com\/fr\/wp-json\/wp\/v2\/media?parent=3419"}],"wp:term":[{"taxonomy":"product_brand","embeddable":true,"href":"https:\/\/www.tairuiauto.com\/fr\/wp-json\/wp\/v2\/product_brand?post=3419"},{"taxonomy":"product_cat","embeddable":true,"href":"https:\/\/www.tairuiauto.com\/fr\/wp-json\/wp\/v2\/product_cat?post=3419"},{"taxonomy":"product_tag","embeddable":true,"href":"https:\/\/www.tairuiauto.com\/fr\/wp-json\/wp\/v2\/product_tag?post=3419"}],"curies":[{"name":"WP","href":"https:\/\/api.w.org\/{rel}","templated":true}]}}