{"id":3427,"date":"2025-08-26T10:10:55","date_gmt":"2025-08-26T02:10:55","guid":{"rendered":"https:\/\/www.tairuiauto.com\/?post_type=product&#038;p=3427"},"modified":"2025-09-12T13:35:01","modified_gmt":"2025-09-12T05:35:01","slug":"durable-three-wheel-electric-vehicle-for-cargo-and-business-use","status":"publish","type":"product","link":"https:\/\/www.tairuiauto.com\/fr\/product\/durable-three-wheel-electric-vehicle-for-cargo-and-business-use\/","title":{"rendered":"Tricycle \u00e9lectrique industriel"},"content":{"rendered":"<h1 data-start=\"670\" data-end=\"973\"><strong data-start=\"670\" data-end=\"690\">Vue d'ensemble<\/strong><\/h1>\n<p data-start=\"670\" data-end=\"973\">Le tricycle \u00e9lectrique industriel est un <strong data-start=\"710\" data-end=\"742\">V\u00e9hicule \u00e9lectrique \u00e0 trois roues<\/strong> d\u00e9velopp\u00e9 pour le transport en vrac et l'utilisation professionnelle. Combinant durabilit\u00e9, s\u00e9curit\u00e9 et faibles co\u00fbts d'entretien, ce mod\u00e8le est con\u00e7u pour les acheteurs en gros qui ont besoin de fiabilit\u00e9 dans la logistique, l'agriculture et la distribution au d\u00e9tail.<\/p>\n<h2 data-start=\"975\" data-end=\"1263\"><strong data-start=\"975\" data-end=\"995\">Cat\u00e9gorie de produit<\/strong><\/h2>\n<p data-start=\"975\" data-end=\"1263\">Cette s\u00e9rie appartient \u00e0 <strong data-start=\"1021\" data-end=\"1051\">v\u00e9hicules cargo \u00e0 trois roues<\/strong>sp\u00e9cialement con\u00e7u pour transporter des charges plut\u00f4t que des passagers. Il offre un excellent \u00e9quilibre entre capacit\u00e9 de transport, efficacit\u00e9 et s\u00e9curit\u00e9 op\u00e9rationnelle, ce qui le rend id\u00e9al pour le transport moyen et lourd.<\/p>\n<h2 data-start=\"1265\" data-end=\"1623\"><strong data-start=\"1265\" data-end=\"1289\">Description d\u00e9taill\u00e9e<\/strong><\/h2>\n<p data-start=\"1265\" data-end=\"1623\">Le tricycle \u00e9lectrique industriel est livr\u00e9 avec des dimensions globales de 2980 x 1080 x 1340 mm et une taille de lit de fret de 1500 x 1000 mm, assurant un espace g\u00e9n\u00e9reux pour les marchandises. Avec un moteur \u00e0 aimant permanent de 800W aliment\u00e9 par une batterie 48\/60V 45-58AH, il offre une autonomie de 50 \u00e0 70 km par charge. Un temps de charge de 6 \u00e0 8 heures le rend tr\u00e8s pratique pour une utilisation quotidienne.<\/p>\n<h1 data-start=\"1625\" data-end=\"1644\"><strong data-start=\"1625\" data-end=\"1642\">Principaux avantages<\/strong><\/h1>\n<ul data-start=\"1645\" data-end=\"2271\">\n<li data-start=\"1645\" data-end=\"1760\">\n<p data-start=\"1647\" data-end=\"1760\"><strong data-start=\"1647\" data-end=\"1669\">R\u00e9sistance \u00e0 la charge \u00e9lev\u00e9e<\/strong>: Bo\u00eete de fret de structure en acier et ch\u00e2ssis renforc\u00e9 garantissent le transport s\u00fbr des marchandises volumineuses.<\/p>\n<\/li>\n<li data-start=\"1761\" data-end=\"1908\">\n<p data-start=\"1763\" data-end=\"1908\"><strong data-start=\"1763\" data-end=\"1781\">Conduire en douceur<\/strong>\u00c9quip\u00e9 d'une suspension arri\u00e8re \u00e0 ressort \u00e0 feuille et d'amortisseurs \u00e0 tambour \u00e0 ressort ext\u00e9rieur \u00d831, il r\u00e9duit les vibrations sur les routes encombr\u00e9es.<\/p>\n<\/li>\n<li data-start=\"1909\" data-end=\"2024\">\n<p data-start=\"1911\" data-end=\"2024\"><strong data-start=\"1911\" data-end=\"1930\">S\u00e9curit\u00e9 fiable<\/strong>: Dot\u00e9 d'un syst\u00e8me de freinage \u00e0 tambour \u00e0 trois trains combin\u00e9 \u00e0 un frein de stationnement manuel.<\/p>\n<\/li>\n<li data-start=\"2025\" data-end=\"2151\">\n<p data-start=\"2027\" data-end=\"2151\"><strong data-start=\"2027\" data-end=\"2046\">Vitesse optimis\u00e9e<\/strong>Avec une vitesse maximale de 35 \u00e0 45 km\/h, il assure un fonctionnement d\u2019\u00e9conomie d\u2019\u00e9nergie sans compromettre la productivit\u00e9.<\/p>\n<\/li>\n<li data-start=\"2152\" data-end=\"2271\">\n<p data-start=\"2154\" data-end=\"2271\"><strong data-start=\"2154\" data-end=\"2175\">Utilisation polyvalente<\/strong>Parfait pour les fermes, la logistique urbaine, les projets de construction et la distribution au d\u00e9tail du dernier kilom\u00e8tre.<\/p>\n<\/li>\n<\/ul>\n<h2 data-start=\"2273\" data-end=\"2303\"><strong data-start=\"2273\" data-end=\"2301\">Sp\u00e9cifications techniques<\/strong><\/h2>\n<table style=\"border-collapse: collapse; width: 93.6215%; height: 609px;\" border=\"0\" width=\"720\" cellspacing=\"0\" cellpadding=\"0\">\n<tbody>\n<tr style=\"height: 20.00pt;\">\n<td class=\"et5\" style=\"height: 20.00pt; width: 432.45pt;\" colspan=\"2\" width=\"720\" height=\"33\">Configuration standard<\/td>\n<\/tr>\n<tr style=\"height: 20.00pt;\">\n<td class=\"et5\" style=\"height: 20.00pt;\" height=\"33\">Mod\u00e8le<\/td>\n<td class=\"et7\"><a href=\"#\u76ee\u5f55!A1\">C107<\/a><\/td>\n<\/tr>\n<tr style=\"height: 20.00pt;\">\n<td class=\"et6\" style=\"height: 20.00pt; width: 159.05pt;\" width=\"265\" height=\"33\">L \u00d7 L \u00d7 H (mm)<\/td>\n<td class=\"et6\" style=\"width: 273.40pt;\" width=\"455\">2980 \u00d7 1080 \u00d7 1340<\/td>\n<\/tr>\n<tr style=\"height: 20.00pt;\">\n<td class=\"et6\" style=\"height: 20.00pt; width: 159.05pt;\" width=\"265\" height=\"33\">Taille de bo\u00eete de fret (mm)<\/td>\n<td class=\"et6\" style=\"width: 273.40pt;\" width=\"455\">1500\u00d71000<\/td>\n<\/tr>\n<tr style=\"height: 20.00pt;\">\n<td class=\"et6\" style=\"height: 20.00pt; width: 159.05pt;\" width=\"265\" height=\"33\">Base de roue (mm)<\/td>\n<td class=\"et6\" style=\"width: 273.40pt;\" width=\"455\">2040<\/td>\n<\/tr>\n<tr style=\"height: 20.00pt;\">\n<td class=\"et6\" style=\"height: 20.00pt; width: 159.05pt;\" width=\"265\" height=\"33\">Voie de roue (mm)<\/td>\n<td class=\"et6\" style=\"width: 273.40pt;\" width=\"455\">880<\/td>\n<\/tr>\n<tr style=\"height: 20.00pt;\">\n<td class=\"et6\" style=\"height: 20.00pt; width: 159.05pt;\" width=\"265\" height=\"33\">D\u00e9gagement minimum au sol (mm)<\/td>\n<td class=\"et6\" style=\"width: 273.40pt;\" width=\"455\">\u2265 150<\/td>\n<\/tr>\n<tr style=\"height: 20.00pt;\">\n<td class=\"et6\" style=\"height: 20.00pt; width: 159.05pt;\" width=\"265\" height=\"33\">Rayon de tournage minimum (m)<\/td>\n<td class=\"et6\" style=\"width: 273.40pt;\" width=\"455\">\u2264 4<\/td>\n<\/tr>\n<tr style=\"height: 20.00pt;\">\n<td class=\"et6\" style=\"height: 20.00pt; width: 159.05pt;\" width=\"265\" height=\"33\">Poids de bordure (kg)<\/td>\n<td class=\"et6\" style=\"width: 273.40pt;\" width=\"455\">196<\/td>\n<\/tr>\n<tr style=\"height: 20.00pt;\">\n<td class=\"et6\" style=\"height: 20.00pt; width: 159.05pt;\" width=\"265\" height=\"33\">Vitesse maximale (km\/h)<\/td>\n<td class=\"et6\" style=\"width: 273.40pt;\" width=\"455\">35-45<\/td>\n<\/tr>\n<tr style=\"height: 20.00pt;\">\n<td class=\"et6\" style=\"height: 20.00pt; width: 159.05pt;\" width=\"265\" height=\"33\">Capacit\u00e9 de grade (%)<\/td>\n<td class=\"et6\" style=\"width: 273.40pt;\" width=\"455\">\u2264 15<\/td>\n<\/tr>\n<tr style=\"height: 20.00pt;\">\n<td class=\"et6\" style=\"height: 20.00pt; width: 159.05pt;\" width=\"265\" height=\"33\">Batterie<\/td>\n<td class=\"et6\" style=\"width: 273.40pt;\" width=\"455\">48\/60V45AH-58AH<\/td>\n<\/tr>\n<tr style=\"height: 20.00pt;\">\n<td class=\"et6\" style=\"height: 20.00pt; width: 159.05pt;\" width=\"265\" height=\"33\">Moteur, contr\u00f4leur (w)<\/td>\n<td class=\"et6\" style=\"width: 273.40pt;\" width=\"455\">Aimant permanent 48\/60V800W<\/td>\n<\/tr>\n<tr style=\"height: 20.00pt;\">\n<td class=\"et6\" style=\"height: 20.00pt; width: 159.05pt;\" width=\"265\" height=\"33\">Port\u00e9e par charge (km)<\/td>\n<td class=\"et6\" style=\"width: 273.40pt;\" width=\"455\">50-70<\/td>\n<\/tr>\n<tr style=\"height: 20.00pt;\">\n<td class=\"et6\" style=\"height: 20.00pt; width: 159.05pt;\" width=\"265\" height=\"33\">Temps de charge (h)<\/td>\n<td class=\"et6\" style=\"width: 273.40pt;\" width=\"455\">6 ~ 8h<\/td>\n<\/tr>\n<tr style=\"height: 20.00pt;\">\n<td class=\"et6\" style=\"height: 20.00pt; width: 159.05pt;\" width=\"265\" height=\"33\">Amortisseur avant<\/td>\n<td class=\"et6\" style=\"width: 273.40pt;\" width=\"455\">\u03c631 ressort ext\u00e9rieur Tambour amortisseur<\/td>\n<\/tr>\n<tr style=\"height: 20.00pt;\">\n<td class=\"et6\" style=\"height: 20.00pt; width: 159.05pt;\" width=\"265\" height=\"33\">Amortisseur arri\u00e8re<\/td>\n<td class=\"et6\" style=\"width: 273.40pt;\" width=\"455\">branche de feuille<\/td>\n<\/tr>\n<tr style=\"height: 20.00pt;\">\n<td class=\"et6\" style=\"height: 20.00pt; width: 159.05pt;\" width=\"265\" height=\"33\">Pneumatique avant\/arri\u00e8re<\/td>\n<td class=\"et6\" style=\"width: 273.40pt;\" width=\"455\">3.00-12\/3.50-12<\/td>\n<\/tr>\n<tr style=\"height: 20.00pt;\">\n<td class=\"et6\" style=\"height: 20.00pt; width: 159.05pt;\" width=\"265\" height=\"33\">Type de jante<\/td>\n<td class=\"et6\" style=\"width: 273.40pt;\" width=\"455\">acier<\/td>\n<\/tr>\n<tr style=\"height: 20.00pt;\">\n<td class=\"et6\" style=\"height: 20.00pt; width: 159.05pt;\" width=\"265\" height=\"33\">Type de frein avant\/arri\u00e8re<\/td>\n<td class=\"et6\" style=\"width: 273.40pt;\" width=\"455\">Une tra\u00eene trois freins \u00e0 tambour<\/td>\n<\/tr>\n<tr style=\"height: 20.00pt;\">\n<td class=\"et6\" style=\"height: 20.00pt; width: 159.05pt;\" width=\"265\" height=\"33\">Frein de stationnement<\/td>\n<td class=\"et6\" style=\"width: 273.40pt;\" width=\"455\">Frein \u00e0 main<\/td>\n<\/tr>\n<tr style=\"height: 20.00pt;\">\n<td class=\"et6\" style=\"height: 20.00pt; width: 159.05pt;\" width=\"265\" height=\"33\">Structure de l'essieu arri\u00e8re<\/td>\n<td class=\"et6\" style=\"width: 273.40pt;\" width=\"455\">Axe arri\u00e8re int\u00e9gr\u00e9<\/td>\n<\/tr>\n<\/tbody>\n<\/table>\n<h2 data-start=\"2711\" data-end=\"2991\"><strong data-start=\"2711\" data-end=\"2735\">Conception et mat\u00e9riaux<\/strong><\/h2>\n<p data-start=\"2711\" data-end=\"2991\">Construit avec des cadres en acier solides et des jantes en acier durables, ce <strong data-start=\"2804\" data-end=\"2837\">trois roues \u00e0 batterie<\/strong> offre une longue dur\u00e9e de vie. La conception ergonomique du si\u00e8ge assure le confort du conducteur, tandis que la bo\u00eete \u00e0 chargement ouverte permet un chargement et un d\u00e9chargement efficaces.<\/p>\n<h2 data-start=\"2993\" data-end=\"3075\"><strong data-start=\"2993\" data-end=\"3019\">Options OEM et personnalis\u00e9es<\/strong><\/h2>\n<p data-start=\"2993\" data-end=\"3075\">Nous fournissons des services OEM \u00e9tendus pour les distributeurs:<\/p>\n<ul data-start=\"3076\" data-end=\"3256\">\n<li data-start=\"3076\" data-end=\"3106\">\n<p data-start=\"3078\" data-end=\"3106\">Tailles de lit cargo r\u00e9glables<\/p>\n<\/li>\n<li data-start=\"3107\" data-end=\"3161\">\n<p data-start=\"3109\" data-end=\"3161\">Choix de l'\u00e9paisseur du mat\u00e9riau et du traitement de surface<\/p>\n<\/li>\n<li data-start=\"3162\" data-end=\"3209\">\n<p data-start=\"3164\" data-end=\"3209\">Options de batterie \u00e9tendues pour un kilom\u00e9trage plus long<\/p>\n<\/li>\n<li data-start=\"3210\" data-end=\"3256\">\n<p data-start=\"3212\" data-end=\"3256\">Personnalisation de la marque avec les logos des clients<\/p>\n<\/li>\n<\/ul>\n<h2 data-start=\"3258\" data-end=\"3363\"><strong data-start=\"3258\" data-end=\"3279\">Assurance qualit\u00e9<\/strong><\/h2>\n<p data-start=\"3258\" data-end=\"3363\">Chaque <strong data-start=\"3287\" data-end=\"3317\">V\u00e9hicule commercial \u00e0 3 roues<\/strong> passe par des tests et des inspections rigoureuses:<\/p>\n<ul data-start=\"3364\" data-end=\"3554\">\n<li data-start=\"3364\" data-end=\"3414\">\n<p data-start=\"3366\" data-end=\"3414\">Soudage et peinture automatis\u00e9s pour une coh\u00e9rence<\/p>\n<\/li>\n<li data-start=\"3415\" data-end=\"3462\">\n<p data-start=\"3417\" data-end=\"3462\">Essais de d\u00e9charge de la batterie et d'endurance du moteur<\/p>\n<\/li>\n<li data-start=\"3463\" data-end=\"3513\">\n<p data-start=\"3465\" data-end=\"3513\">Essais de roulement et de freinage avant livraison<\/p>\n<\/li>\n<li data-start=\"3514\" data-end=\"3554\">\n<p data-start=\"3516\" data-end=\"3554\">Certifi\u00e9 selon les normes CE et ISO<\/p>\n<\/li>\n<\/ul>\n<h2 data-start=\"3556\" data-end=\"3581\"><strong data-start=\"3556\" data-end=\"3579\">Support apr\u00e8s-vente<\/strong><\/h2>\n<ul data-start=\"3582\" data-end=\"3888\">\n<li data-start=\"3582\" data-end=\"3649\">\n<p data-start=\"3584\" data-end=\"3649\"><strong data-start=\"3584\" data-end=\"3608\">Emballage &amp; Exp\u00e9dition<\/strong>Emballage s\u00e9curis\u00e9 pour le transport mondial<\/p>\n<\/li>\n<li data-start=\"3650\" data-end=\"3731\">\n<p data-start=\"3652\" data-end=\"3731\"><strong data-start=\"3652\" data-end=\"3675\">Assembl\u00e9e &amp; Formation<\/strong>: Guides faciles \u00e0 suivre avec support de formation en option<\/p>\n<\/li>\n<li data-start=\"3732\" data-end=\"3804\">\n<p data-start=\"3734\" data-end=\"3804\"><strong data-start=\"3734\" data-end=\"3749\">Pi\u00e8ces d\u00e9tach\u00e9es<\/strong>Disponibilit\u00e9 de pi\u00e8ces \u00e0 long terme avec service technique<\/p>\n<\/li>\n<li data-start=\"3805\" data-end=\"3888\">\n<p data-start=\"3807\" data-end=\"3888\"><strong data-start=\"3807\" data-end=\"3819\">garantie<\/strong>Couverture d'un an pour les composants principaux, y compris le moteur et la batterie<\/p>\n<\/li>\n<\/ul>\n<h1 data-start=\"3890\" data-end=\"3973\"><strong data-start=\"3890\" data-end=\"3906\">Applications<\/strong><\/h1>\n<p data-start=\"3890\" data-end=\"3973\">Ceci <strong data-start=\"3914\" data-end=\"3948\">v\u00e9hicule \u00e0 trois roues lourd<\/strong> est largement adopt\u00e9 pour:<\/p>\n<ul data-start=\"3974\" data-end=\"4130\">\n<li data-start=\"3974\" data-end=\"4019\">\n<p data-start=\"3976\" data-end=\"4019\">Agriculture et transport d'approvisionnement agricole<\/p>\n<\/li>\n<li data-start=\"4020\" data-end=\"4054\">\n<p data-start=\"4022\" data-end=\"4054\">Livraison de mat\u00e9riaux de construction<\/p>\n<\/li>\n<li data-start=\"4055\" data-end=\"4090\">\n<p data-start=\"4057\" data-end=\"4090\">Distribution au d\u00e9tail et \u00e9picerie<\/p>\n<\/li>\n<li data-start=\"4091\" data-end=\"4130\">\n<p data-start=\"4093\" data-end=\"4130\">Services urbains et collecte des d\u00e9chets<\/p>\n<\/li>\n<\/ul>\n<h1 data-start=\"4132\" data-end=\"4258\"><strong data-start=\"4132\" data-end=\"4154\">\u00c9chantillons pour les acheteurs<\/strong><\/h1>\n<p data-start=\"4132\" data-end=\"4258\">Des unit\u00e9s d'\u00e9chantillon sont disponibles pour les grossistes pour v\u00e9rifier les performances avant de s'engager \u00e0 des commandes importantes.<\/p>","protected":false},"excerpt":{"rendered":"<p>Le JIEBAO2 est un <strong data-start=\"710\" data-end=\"742\">V\u00e9hicule \u00e9lectrique \u00e0 trois roues<\/strong> d\u00e9velopp\u00e9 pour le transport en vrac et l'utilisation professionnelle. Combinant durabilit\u00e9, s\u00e9curit\u00e9 et faibles co\u00fbts d\u2019entretien, ce mod\u00e8le est con\u00e7u pour les acheteurs en gros qui ont besoin de fiabilit\u00e9 dans la logistique, l\u2019agriculture et la distribution au d\u00e9tail.<\/p>","protected":false},"featured_media":3671,"comment_status":"open","ping_status":"closed","template":"","meta":[],"product_brand":[],"product_cat":[78],"product_tag":[],"class_list":{"0":"post-3427","1":"product","2":"type-product","3":"status-publish","4":"has-post-thumbnail","6":"product_cat-electric-tricycle","8":"first","9":"instock","10":"shipping-taxable","11":"purchasable","12":"product-type-simple"},"_links":{"self":[{"href":"https:\/\/www.tairuiauto.com\/fr\/wp-json\/wp\/v2\/product\/3427","targetHints":{"allow":["GET"]}}],"collection":[{"href":"https:\/\/www.tairuiauto.com\/fr\/wp-json\/wp\/v2\/product"}],"about":[{"href":"https:\/\/www.tairuiauto.com\/fr\/wp-json\/wp\/v2\/types\/product"}],"replies":[{"embeddable":true,"href":"https:\/\/www.tairuiauto.com\/fr\/wp-json\/wp\/v2\/comments?post=3427"}],"wp:featuredmedia":[{"embeddable":true,"href":"https:\/\/www.tairuiauto.com\/fr\/wp-json\/wp\/v2\/media\/3671"}],"wp:attachment":[{"href":"https:\/\/www.tairuiauto.com\/fr\/wp-json\/wp\/v2\/media?parent=3427"}],"wp:term":[{"taxonomy":"product_brand","embeddable":true,"href":"https:\/\/www.tairuiauto.com\/fr\/wp-json\/wp\/v2\/product_brand?post=3427"},{"taxonomy":"product_cat","embeddable":true,"href":"https:\/\/www.tairuiauto.com\/fr\/wp-json\/wp\/v2\/product_cat?post=3427"},{"taxonomy":"product_tag","embeddable":true,"href":"https:\/\/www.tairuiauto.com\/fr\/wp-json\/wp\/v2\/product_tag?post=3427"}],"curies":[{"name":"WP","href":"https:\/\/api.w.org\/{rel}","templated":true}]}}