{"id":3428,"date":"2026-01-15T09:59:09","date_gmt":"2026-01-15T01:59:09","guid":{"rendered":"https:\/\/www.tairuiauto.com\/?post_type=product&#038;p=3428"},"modified":"2026-01-27T10:38:23","modified_gmt":"2026-01-27T02:38:23","slug":"cargo-electric-tricycle-1-3m","status":"publish","type":"product","link":"https:\/\/www.tairuiauto.com\/fr\/product\/cargo-electric-tricycle-1-3m\/","title":{"rendered":"V\u00e9hicule de fret \u00e9lectrique pour le transport de courtes distances"},"content":{"rendered":"<h2 data-start=\"487\" data-end=\"506\">Aper\u00e7u du produit<\/h2>\n<div class=\"kche-wrap-width\">\n<div class=\"kche-t154\">\n<div class=\"kche-t154-contant\">\n<div class=\"kche-t154-list\">\n<div class=\"kche-t154-item\">\n<div class=\"kche-t154-img\">\n<div class=\"auto-hide-last-sibling-br paragraph-JOTKXA paragraph-element br-paragraph-space\">\n<div class=\"auto-hide-last-sibling-br paragraph-JOTKXA paragraph-element br-paragraph-space\">\n<p data-start=\"508\" data-end=\"814\">Le <strong data-start=\"512\" data-end=\"567\">V\u00e9hicule de fret \u00e9lectrique pour le transport de courtes distances<\/strong> est un v\u00e9hicule utilitaire \u00e9lectrique compact con\u00e7u pour le mouvement quotidien de marchandises dans des environnements urbains et semi-urbains. Sa structure l\u00e9g\u00e8re, son rayon de virage serr\u00e9 et sa capacit\u00e9 de charge pratique le rendent id\u00e9al pour les op\u00e9rations \u00e0 courte port\u00e9e \u00e0 haute fr\u00e9quence.<\/p>\n<table style=\"border-collapse: collapse; width: 74.5993%; height: 676px;\" border=\"0\" width=\"720\" cellspacing=\"0\" cellpadding=\"0\">\n<tbody>\n<tr style=\"height: 20.00pt;\">\n<td class=\"et4\" style=\"height: 20.00pt; width: 159.05pt;\" width=\"265\" height=\"33\">Mod\u00e8le<\/td>\n<td class=\"et6\" style=\"width: 273.40pt;\" width=\"455\">V\u00e9hicule de fret \u00e9lectrique pour le transport de courtes distances<\/td>\n<\/tr>\n<tr style=\"height: 20.00pt;\">\n<td class=\"et5\" style=\"height: 20.00pt; width: 159.05pt;\" width=\"265\" height=\"33\">L \u00d7 L \u00d7 H (mm)<\/td>\n<td class=\"et5\" style=\"width: 273.40pt;\" width=\"455\">2980 \u00d7 1080 \u00d7 1340<\/td>\n<\/tr>\n<tr style=\"height: 20.00pt;\">\n<td class=\"et5\" style=\"height: 20.00pt; width: 159.05pt;\" width=\"265\" height=\"33\">Taille de bo\u00eete de fret (mm)<\/td>\n<td class=\"et5\" style=\"width: 273.40pt;\" width=\"455\">1300\u00d7950<\/td>\n<\/tr>\n<tr style=\"height: 20.00pt;\">\n<td class=\"et5\" style=\"height: 20.00pt; width: 159.05pt;\" width=\"265\" height=\"33\">Base de roue (mm)<\/td>\n<td class=\"et5\" style=\"width: 273.40pt;\" width=\"455\">2040<\/td>\n<\/tr>\n<tr style=\"height: 20.00pt;\">\n<td class=\"et5\" style=\"height: 20.00pt; width: 159.05pt;\" width=\"265\" height=\"33\">Voie de roue (mm)<\/td>\n<td class=\"et5\" style=\"width: 273.40pt;\" width=\"455\">880<\/td>\n<\/tr>\n<tr style=\"height: 20.00pt;\">\n<td class=\"et5\" style=\"height: 20.00pt; width: 159.05pt;\" width=\"265\" height=\"33\">D\u00e9gagement minimum au sol (mm)<\/td>\n<td class=\"et5\" style=\"width: 273.40pt;\" width=\"455\">\u2265 150<\/td>\n<\/tr>\n<tr style=\"height: 20.00pt;\">\n<td class=\"et5\" style=\"height: 20.00pt; width: 159.05pt;\" width=\"265\" height=\"33\">Rayon de tournage minimum (m)<\/td>\n<td class=\"et5\" style=\"width: 273.40pt;\" width=\"455\">\u2264 4<\/td>\n<\/tr>\n<tr style=\"height: 20.00pt;\">\n<td class=\"et5\" style=\"height: 20.00pt; width: 159.05pt;\" width=\"265\" height=\"33\">Poids de bordure (kg)<\/td>\n<td class=\"et5\" style=\"width: 273.40pt;\" width=\"455\">196<\/td>\n<\/tr>\n<tr style=\"height: 20.00pt;\">\n<td class=\"et5\" style=\"height: 20.00pt; width: 159.05pt;\" width=\"265\" height=\"33\">Vitesse maximale (km\/h)<\/td>\n<td class=\"et5\" style=\"width: 273.40pt;\" width=\"455\">35-45<\/td>\n<\/tr>\n<tr style=\"height: 20.00pt;\">\n<td class=\"et5\" style=\"height: 20.00pt; width: 159.05pt;\" width=\"265\" height=\"33\">Capacit\u00e9 de grade (%)<\/td>\n<td class=\"et5\" style=\"width: 273.40pt;\" width=\"455\">\u2264 15<\/td>\n<\/tr>\n<tr style=\"height: 20.00pt;\">\n<td class=\"et5\" style=\"height: 20.00pt; width: 159.05pt;\" width=\"265\" height=\"33\">Batterie<\/td>\n<td class=\"et5\" style=\"width: 273.40pt;\" width=\"455\">48\/60V45AH-58AH<\/td>\n<\/tr>\n<tr style=\"height: 20.00pt;\">\n<td class=\"et5\" style=\"height: 20.00pt; width: 159.05pt;\" width=\"265\" height=\"33\">Moteur, contr\u00f4leur (w)<\/td>\n<td class=\"et5\" style=\"width: 273.40pt;\" width=\"455\">Aimant permanent 48\/60V 800W\/1000W<\/td>\n<\/tr>\n<tr style=\"height: 20.00pt;\">\n<td class=\"et5\" style=\"height: 20.00pt; width: 159.05pt;\" width=\"265\" height=\"33\">Port\u00e9e par charge (km)<\/td>\n<td class=\"et5\" style=\"width: 273.40pt;\" width=\"455\">50-70<\/td>\n<\/tr>\n<tr style=\"height: 20.00pt;\">\n<td class=\"et5\" style=\"height: 20.00pt; width: 159.05pt;\" width=\"265\" height=\"33\">Temps de charge (h)<\/td>\n<td class=\"et5\" style=\"width: 273.40pt;\" width=\"455\">6 ~ 8h<\/td>\n<\/tr>\n<tr style=\"height: 20.00pt;\">\n<td class=\"et5\" style=\"height: 20.00pt; width: 159.05pt;\" width=\"265\" height=\"33\">Amortisseur avant<\/td>\n<td class=\"et5\" style=\"width: 273.40pt;\" width=\"455\">\u03c631 ressort ext\u00e9rieur Tambour amortisseur<\/td>\n<\/tr>\n<tr style=\"height: 20.00pt;\">\n<td class=\"et5\" style=\"height: 20.00pt; width: 159.05pt;\" width=\"265\" height=\"33\">Amortisseur arri\u00e8re<\/td>\n<td class=\"et5\" style=\"width: 273.40pt;\" width=\"455\">branche de feuille<\/td>\n<\/tr>\n<tr style=\"height: 20.00pt;\">\n<td class=\"et5\" style=\"height: 20.00pt; width: 159.05pt;\" width=\"265\" height=\"33\">Pneumatique avant\/arri\u00e8re<\/td>\n<td class=\"et5\" style=\"width: 273.40pt;\" width=\"455\">3.00-12\/3.50-12<\/td>\n<\/tr>\n<tr style=\"height: 20.00pt;\">\n<td class=\"et5\" style=\"height: 20.00pt; width: 159.05pt;\" width=\"265\" height=\"33\">Type de jante<\/td>\n<td class=\"et5\" style=\"width: 273.40pt;\" width=\"455\">acier<\/td>\n<\/tr>\n<tr style=\"height: 20.00pt;\">\n<td class=\"et5\" style=\"height: 20.00pt; width: 159.05pt;\" width=\"265\" height=\"33\">Type de frein avant\/arri\u00e8re<\/td>\n<td class=\"et5\" style=\"width: 273.40pt;\" width=\"455\">Une tra\u00eene trois freins \u00e0 tambour<\/td>\n<\/tr>\n<tr style=\"height: 20.00pt;\">\n<td class=\"et5\" style=\"height: 20.00pt; width: 159.05pt;\" width=\"265\" height=\"33\">Frein de stationnement<\/td>\n<td class=\"et5\" style=\"width: 273.40pt;\" width=\"455\">Frein \u00e0 main<\/td>\n<\/tr>\n<tr style=\"height: 20.00pt;\">\n<td class=\"et5\" style=\"height: 20.00pt; width: 159.05pt;\" width=\"265\" height=\"33\">Structure de l'essieu arri\u00e8re<\/td>\n<td class=\"et5\" style=\"width: 273.40pt;\" width=\"455\">Axe arri\u00e8re int\u00e9gr\u00e9<\/td>\n<\/tr>\n<\/tbody>\n<\/table>\n<hr data-start=\"816\" data-end=\"819\" \/>\n<h2 data-start=\"821\" data-end=\"843\">Description du produit<\/h2>\n<h3 data-start=\"845\" data-end=\"867\">Cat\u00e9gorie de produit<\/h3>\n<p data-start=\"868\" data-end=\"961\">V\u00e9hicule de fret \u00e9lectrique \/ v\u00e9hicule commercial l\u00e9ger \u00e9lectrique \/ v\u00e9hicule de transport \u00e0 courte distance<\/p>\n<h3 data-start=\"963\" data-end=\"988\">Description du produit<\/h3>\n<p data-start=\"990\" data-end=\"1284\">Le <strong data-start=\"994\" data-end=\"1049\">V\u00e9hicule de fret \u00e9lectrique pour le transport de courtes distances<\/strong> est d\u00e9velopp\u00e9 pour r\u00e9pondre aux besoins d'une logistique urbaine efficace et \u00e9conomique. Avec des dimensions globales de <strong data-start=\"1153\" data-end=\"1178\">2980 \u00d7 1080 \u00d7 1340 mm<\/strong>Le v\u00e9hicule offre une excellente manoeuvrabilit\u00e9 dans les rues \u00e9troites, les parcs industriels et les zones r\u00e9sidentielles.<\/p>\n<p data-start=\"1286\" data-end=\"1588\">Le v\u00e9hicule comporte un <strong data-start=\"1309\" data-end=\"1344\">taille de la bo\u00eete de fret de 1300 \u00d7 950 mm<\/strong>fournir suffisamment d'espace pour le transport quotidien de marchandises, la livraison de colis et les fournitures de services. Un <strong data-start=\"1446\" data-end=\"1470\">empattement de 2040 mm<\/strong> combin\u00e9 avec un <strong data-start=\"1487\" data-end=\"1526\">rayon de tournage minimum de \u22644 m\u00e8tres<\/strong> assure une manipulation agile et une utilisation facile dans des espaces confin\u00e9s.<\/p>\n<p data-start=\"1590\" data-end=\"2054\">Aliment\u00e9 par un <strong data-start=\"1603\" data-end=\"1637\">Moteur \u00e0 aimant permanent 48V\/60V<\/strong> avec <strong data-start=\"1643\" data-end=\"1664\">Sortie 800W-1000W<\/strong>Associ\u00e9 \u00e0 un contr\u00f4leur correspondant, le v\u00e9hicule fournit une puissance stable et efficace pour les t\u00e2ches de transport \u00e0 courte distance. Le syst\u00e8me de batterie offre plusieurs configurations (<strong data-start=\"1836\" data-end=\"1861\">48V ou 60V, 45Ah-58Ah<\/strong>), permettant une <strong data-start=\"1875\" data-end=\"1915\">autonomie de conduite de 50 \u00e0 70 km par charge<\/strong>adapt\u00e9 aux cycles de livraison urbains fr\u00e9quents. Le temps de charge est approximativement <strong data-start=\"1993\" data-end=\"2006\">6 \u00e0 8 heures<\/strong>supportant la recharge nocturne et la r\u00e9utilisation quotidienne.<\/p>\n<p data-start=\"2056\" data-end=\"2316\">La conception l\u00e9g\u00e8re du v\u00e9hicule, avec un <strong data-start=\"2097\" data-end=\"2127\">poids de bordure de seulement 196 kg<\/strong>r\u00e9duit la consommation d'\u00e9nergie et am\u00e9liore l'efficacit\u00e9 op\u00e9rationnelle. Un <strong data-start=\"2195\" data-end=\"2234\">D\u00e9gagement au sol minimum de \u2265150 mm<\/strong> permet de g\u00e9rer facilement les routes in\u00e9gales, les chocs de vitesse et le terrain rural l\u00e9ger.<\/p>\n<p data-start=\"2318\" data-end=\"2618\">Pour le confort et la durabilit\u00e9, la suspension avant utilise un <strong data-start=\"2379\" data-end=\"2419\">\u03c631 amortisseur de tambour de ressort ext\u00e9rieur<\/strong>tandis que la suspension arri\u00e8re adopte une <strong data-start=\"2456\" data-end=\"2481\">structure de ressort de feuille<\/strong>garantissant un support de charge stable. Le <strong data-start=\"2517\" data-end=\"2541\">essieu arri\u00e8re int\u00e9gr\u00e9<\/strong> am\u00e9liore la r\u00e9sistance structurelle et la fiabilit\u00e9 \u00e0 long terme sous utilisation continue.<\/p>\n<p data-start=\"2620\" data-end=\"3018\">La s\u00e9curit\u00e9 du freinage est assur\u00e9e par un <strong data-start=\"2656\" data-end=\"2692\">syst\u00e8me de frein \u00e0 trois tambours \u00e0 une tra\u00eene<\/strong>Combin\u00e9 avec un <strong data-start=\"2710\" data-end=\"2731\">frein manuel<\/strong> pour la s\u00e9curit\u00e9 du stationnement. Le v\u00e9hicule roule sur <strong data-start=\"2774\" data-end=\"2814\">Pneumatiques avant 3.00-12 et arri\u00e8re 3.50-12<\/strong>, mont\u00e9 sur <strong data-start=\"2827\" data-end=\"2841\">jantes en acier<\/strong>en donnant la priorit\u00e9 \u00e0 la durabilit\u00e9 et aux performances supportantes. Avec un <strong data-start=\"2904\" data-end=\"2935\">vitesse maximale de 35 \u00e0 45 km\/h<\/strong> et un <strong data-start=\"2942\" data-end=\"2966\">gradabilit\u00e9 de \u226415%<\/strong>il convient bien aux routes de la ville et aux pentes l\u00e9g\u00e8res.<\/p>\n<hr data-start=\"3020\" data-end=\"3023\" \/>\n<h2 data-start=\"3025\" data-end=\"3053\">Caract\u00e9ristiques cl\u00e9s &amp; Avantages<\/h2>\n<h3 data-start=\"3055\" data-end=\"3069\">Caract\u00e9ristiques<\/h3>\n<ul data-start=\"3070\" data-end=\"3293\">\n<li data-start=\"3070\" data-end=\"3111\">\n<p data-start=\"3072\" data-end=\"3111\">Conception de v\u00e9hicule cargo \u00e9lectrique compact<\/p>\n<\/li>\n<li data-start=\"3112\" data-end=\"3157\">\n<p data-start=\"3114\" data-end=\"3157\">Configurations flexibles de batterie et de moteur<\/p>\n<\/li>\n<li data-start=\"3158\" data-end=\"3202\">\n<p data-start=\"3160\" data-end=\"3202\">Rayon de virage serr\u00e9 pour le fonctionnement urbain<\/p>\n<\/li>\n<li data-start=\"3203\" data-end=\"3249\">\n<p data-start=\"3205\" data-end=\"3249\">Suspension durable et structure de l'essieu arri\u00e8re<\/p>\n<\/li>\n<li data-start=\"3250\" data-end=\"3293\">\n<p data-start=\"3252\" data-end=\"3293\">Bo\u00eete de fret pratique pour le transport quotidien<\/p>\n<\/li>\n<\/ul>\n<h3 data-start=\"3295\" data-end=\"3311\">Avantages<\/h3>\n<ul data-start=\"3312\" data-end=\"3490\">\n<li data-start=\"3312\" data-end=\"3353\">\n<p data-start=\"3314\" data-end=\"3353\">Maniabilit\u00e9 facile dans des espaces \u00e9troits<\/p>\n<\/li>\n<li data-start=\"3354\" data-end=\"3401\">\n<p data-start=\"3356\" data-end=\"3401\">Faible consommation d'\u00e9nergie et co\u00fbts d'entretien<\/p>\n<\/li>\n<li data-start=\"3402\" data-end=\"3438\">\n<p data-start=\"3404\" data-end=\"3438\">Performance de charge stable<\/p>\n<\/li>\n<li data-start=\"3439\" data-end=\"3490\">\n<p data-start=\"3441\" data-end=\"3490\">Fonctionnement simple avec une formation minimale requise<\/p>\n<\/li>\n<\/ul>\n<h3 data-start=\"3492\" data-end=\"3512\">Avantages pour l'acheteur<\/h3>\n<ul data-start=\"3513\" data-end=\"3713\">\n<li data-start=\"3513\" data-end=\"3553\">\n<p data-start=\"3515\" data-end=\"3553\">R\u00e9duction des co\u00fbts de logistique et de livraison<\/p>\n<\/li>\n<li data-start=\"3554\" data-end=\"3606\">\n<p data-start=\"3556\" data-end=\"3606\">Am\u00e9lioration de l'efficacit\u00e9 pour les transports \u00e0 courte distance<\/p>\n<\/li>\n<li data-start=\"3607\" data-end=\"3656\">\n<p data-start=\"3609\" data-end=\"3656\">Performance fiable pour une utilisation commerciale quotidienne<\/p>\n<\/li>\n<li data-start=\"3657\" data-end=\"3713\">\n<p data-start=\"3659\" data-end=\"3713\">Convient \u00e0 plusieurs sc\u00e9narios urbains et semi-urbains<\/p>\n<\/li>\n<\/ul>\n<h3 data-start=\"3715\" data-end=\"3729\">La preuve<\/h3>\n<ul data-start=\"3730\" data-end=\"3863\">\n<li data-start=\"3730\" data-end=\"3774\">\n<p data-start=\"3732\" data-end=\"3774\">Technologie de moteur \u00e0 aimant permanent \u00e9prouv\u00e9e<\/p>\n<\/li>\n<li data-start=\"3775\" data-end=\"3816\">\n<p data-start=\"3777\" data-end=\"3816\">Suspension renforc\u00e9e et conception de l'essieu<\/p>\n<\/li>\n<li data-start=\"3817\" data-end=\"3863\">\n<p data-start=\"3819\" data-end=\"3863\">Configuration de frein m\u00e9canique largement utilis\u00e9e<\/p>\n<\/li>\n<\/ul>\n<hr data-start=\"3865\" data-end=\"3868\" \/>\n<h2 data-start=\"3870\" data-end=\"3894\">Sc\u00e9narios d'application<\/h2>\n<ul data-start=\"3896\" data-end=\"4082\">\n<li data-start=\"3896\" data-end=\"3924\">\n<p data-start=\"3898\" data-end=\"3924\">Livraison urbaine du dernier mile<\/p>\n<\/li>\n<li data-start=\"3925\" data-end=\"3965\">\n<p data-start=\"3927\" data-end=\"3965\">Logistique des parcs industriels et des campus<\/p>\n<\/li>\n<li data-start=\"3966\" data-end=\"4011\">\n<p data-start=\"3968\" data-end=\"4011\">Transport de marchandises communautaires et r\u00e9sidentiels<\/p>\n<\/li>\n<li data-start=\"4012\" data-end=\"4042\">\n<p data-start=\"4014\" data-end=\"4042\">Distribution d'approvisionnement au d\u00e9tail<\/p>\n<\/li>\n<li data-start=\"4043\" data-end=\"4082\">\n<p data-start=\"4045\" data-end=\"4082\">Transport rural \u00e0 courte distance<\/p>\n<\/li>\n<\/ul>\n<hr data-start=\"4084\" data-end=\"4087\" \/>\n<h2 data-start=\"4089\" data-end=\"4130\">Pourquoi choisir ce v\u00e9hicule \u00e9lectrique<\/h2>\n<p data-start=\"4132\" data-end=\"4456\">Le <strong data-start=\"4136\" data-end=\"4191\">V\u00e9hicule de fret \u00e9lectrique pour le transport de courtes distances<\/strong> combine taille compacte, flexibilit\u00e9 op\u00e9rationnelle et faible co\u00fbt de propri\u00e9t\u00e9. Son entra\u00eenement \u00e9lectrique efficace, sa capacit\u00e9 de chargement pratique et sa structure durable en font une solution fiable pour les entreprises recherchant une logistique durable et rentable \u00e0 courte distance.<\/p>\n<hr data-start=\"4458\" data-end=\"4461\" \/>\n<h2 data-start=\"4463\" data-end=\"4492\">Emballage &amp; Transport<\/h2>\n<ul data-start=\"4494\" data-end=\"4649\">\n<li data-start=\"4494\" data-end=\"4537\">\n<p data-start=\"4496\" data-end=\"4537\"><strong data-start=\"4496\" data-end=\"4515\">Type d'emballage:<\/strong> SKD \/ CKD disponible<\/p>\n<\/li>\n<li data-start=\"4538\" data-end=\"4592\">\n<p data-start=\"4540\" data-end=\"4592\"><strong data-start=\"4540\" data-end=\"4562\">Chargement du conteneur:<\/strong> Optimis\u00e9 pour l'exp\u00e9dition en vrac<\/p>\n<\/li>\n<li data-start=\"4593\" data-end=\"4649\">\n<p data-start=\"4595\" data-end=\"4649\"><strong data-start=\"4595\" data-end=\"4614\">Transport :<\/strong> Transport maritime et terrestre soutenu<\/p>\n<\/li>\n<\/ul>\n<hr data-start=\"4651\" data-end=\"4654\" \/>\n<h2 data-start=\"4656\" data-end=\"4662\">FAQ (questions fr\u00e9quentes)<\/h2>\n<p data-start=\"4664\" data-end=\"4826\"><strong data-start=\"4664\" data-end=\"4717\">Q1: Quelle est la port\u00e9e maximale par charge?<\/strong><br data-start=\"4717\" data-end=\"4720\" \/>Le v\u00e9hicule offre une gamme de <strong data-start=\"4750\" data-end=\"4762\">50 \u00e0 70 km<\/strong>selon la configuration de la batterie, la charge et les conditions routi\u00e8res.<\/p>\n<p data-start=\"4828\" data-end=\"4950\"><strong data-start=\"4828\" data-end=\"4868\">Q2: Combien de temps faut-il pour charger?<\/strong><br data-start=\"4868\" data-end=\"4871\" \/>Le temps de charge est approximativement <strong data-start=\"4902\" data-end=\"4915\">6 \u00e0 8 heures<\/strong> en utilisant des \u00e9quipements de charge standard.<\/p>\n<p data-start=\"4952\" data-end=\"5110\"><strong data-start=\"4952\" data-end=\"5008\">Q3: Ce v\u00e9hicule convient-il \u00e0 une utilisation quotidienne fr\u00e9quente?<\/strong><br data-start=\"5008\" data-end=\"5011\" \/>- Oui, oui. Il est con\u00e7u pour les op\u00e9rations \u00e0 courte distance \u00e0 haute fr\u00e9quence avec des exigences d'entretien faibles.<\/p>\n<p data-start=\"5112\" data-end=\"5250\"><strong data-start=\"5112\" data-end=\"5152\">Q4: Quel syst\u00e8me de freinage utilise-t-il?<\/strong><br data-start=\"5152\" data-end=\"5155\" \/>Il utilise un <strong data-start=\"5165\" data-end=\"5201\">syst\u00e8me de frein \u00e0 trois tambours \u00e0 une tra\u00eene<\/strong> avec un <strong data-start=\"5209\" data-end=\"5230\">frein manuel<\/strong> pour la s\u00e9curit\u00e9 de stationnement.<\/p>\n<p data-start=\"5252\" data-end=\"5400\"><strong data-start=\"5252\" data-end=\"5311\">Q5: Les configurations de batterie et de moteur peuvent-elles \u00eatre personnalis\u00e9es?<\/strong><br data-start=\"5311\" data-end=\"5314\" \/>- Oui, oui. La tension de la batterie et la puissance du moteur peuvent \u00eatre personnalis\u00e9es en fonction des besoins op\u00e9rationnels.<\/p>\n<\/div>\n<\/div>\n<\/div>\n<\/div>\n<\/div>\n<\/div>\n<\/div>\n<\/div>","protected":false},"excerpt":{"rendered":"<p>Ce v\u00e9hicule de fret \u00e9lectrique est con\u00e7u pour des transports courtes distances et une logistique urbaine efficaces. Dot\u00e9 d'une structure compacte, d'une bo\u00eete de fret flexible et d'un faible co\u00fbt d'exploitation, il offre une solution pratique et respectueuse de l'environnement pour la livraison du dernier kilom\u00e8tre, la distribution du parc et le transport commercial l\u00e9ger.<\/p>","protected":false},"featured_media":5334,"comment_status":"open","ping_status":"closed","template":"","meta":[],"product_brand":[],"product_cat":[78],"product_tag":[],"class_list":{"0":"post-3428","1":"product","2":"type-product","3":"status-publish","4":"has-post-thumbnail","6":"product_cat-electric-tricycle","8":"first","9":"instock","10":"shipping-taxable","11":"purchasable","12":"product-type-simple"},"_links":{"self":[{"href":"https:\/\/www.tairuiauto.com\/fr\/wp-json\/wp\/v2\/product\/3428","targetHints":{"allow":["GET"]}}],"collection":[{"href":"https:\/\/www.tairuiauto.com\/fr\/wp-json\/wp\/v2\/product"}],"about":[{"href":"https:\/\/www.tairuiauto.com\/fr\/wp-json\/wp\/v2\/types\/product"}],"replies":[{"embeddable":true,"href":"https:\/\/www.tairuiauto.com\/fr\/wp-json\/wp\/v2\/comments?post=3428"}],"wp:featuredmedia":[{"embeddable":true,"href":"https:\/\/www.tairuiauto.com\/fr\/wp-json\/wp\/v2\/media\/5334"}],"wp:attachment":[{"href":"https:\/\/www.tairuiauto.com\/fr\/wp-json\/wp\/v2\/media?parent=3428"}],"wp:term":[{"taxonomy":"product_brand","embeddable":true,"href":"https:\/\/www.tairuiauto.com\/fr\/wp-json\/wp\/v2\/product_brand?post=3428"},{"taxonomy":"product_cat","embeddable":true,"href":"https:\/\/www.tairuiauto.com\/fr\/wp-json\/wp\/v2\/product_cat?post=3428"},{"taxonomy":"product_tag","embeddable":true,"href":"https:\/\/www.tairuiauto.com\/fr\/wp-json\/wp\/v2\/product_tag?post=3428"}],"curies":[{"name":"WP","href":"https:\/\/api.w.org\/{rel}","templated":true}]}}