{"id":3455,"date":"2025-08-27T13:33:17","date_gmt":"2025-08-27T05:33:17","guid":{"rendered":"https:\/\/www.tairuiauto.com\/?post_type=product&#038;p=3455"},"modified":"2025-09-12T10:48:45","modified_gmt":"2025-09-12T02:48:45","slug":"reliable-electric-tricycle-for-cargo-and-wholesale-distribution","status":"publish","type":"product","link":"https:\/\/www.tairuiauto.com\/fr\/product\/reliable-electric-tricycle-for-cargo-and-wholesale-distribution\/","title":{"rendered":"Tricycle \u00e9lectrique cargo"},"content":{"rendered":"<p data-start=\"1001\" data-end=\"1284\"><strong data-start=\"1001\" data-end=\"1027\">Classification des produits<\/strong><br data-start=\"1027\" data-end=\"1030\" \/>Contrairement aux v\u00e9hicules de loisirs ou aux tricos de passagers, le Weilong <strong data-start=\"1102\" data-end=\"1134\">tricycle \u00e9lectrique lourd<\/strong> cat\u00e9gorie. Il est sp\u00e9cialement con\u00e7u pour le transport de marchandises, assurant une solide int\u00e9grit\u00e9 structurelle et un fonctionnement fiable dans les environnements urbains et ruraux.<\/p>\n<p data-start=\"1286\" data-end=\"1706\"><strong data-start=\"1286\" data-end=\"1309\">Description du produit<\/strong><br data-start=\"1309\" data-end=\"1312\" \/>Le mod\u00e8le Weilong est aliment\u00e9 par un moteur de 1000W, avec des options de tension 60V\/72V et un contr\u00f4leur \u00e0 18 tubes pour des performances stables. Il supporte une capacit\u00e9 de chargement de 500 \u00e0 600 kg, avec une vitesse maximale de 30 \u00e0 35 km\/h et une autonomie de 50 \u00e0 100 km par charge. Les dimensions du v\u00e9hicule (3080 x 1180 x 1430 mm) et la plate-forme de charge renforc\u00e9e le rendent id\u00e9al pour des industries telles que l'agriculture, le commerce au d\u00e9tail et la construction.<\/p>\n<p data-start=\"1708\" data-end=\"1737\"><strong data-start=\"1708\" data-end=\"1735\">Caract\u00e9ristiques et avantages<\/strong><\/p>\n<ul data-start=\"1738\" data-end=\"2291\">\n<li data-start=\"1738\" data-end=\"1844\">\n<p data-start=\"1740\" data-end=\"1844\"><strong data-start=\"1740\" data-end=\"1764\">Capacit\u00e9 de charge forte<\/strong>Con\u00e7u pour transporter jusqu'\u00e0 600 kg, assurant un transport sans heurt des mati\u00e8res en vrac.<\/p>\n<\/li>\n<li data-start=\"1845\" data-end=\"1965\">\n<p data-start=\"1847\" data-end=\"1965\"><strong data-start=\"1847\" data-end=\"1875\">Syst\u00e8me de freinage efficace<\/strong>\u00c9quip\u00e9 de freins \u00e0 tambour avant et \u00e0 tambour arri\u00e8re, garantissant la s\u00e9curit\u00e9 lors de charges lourdes.<\/p>\n<\/li>\n<li data-start=\"1966\" data-end=\"2087\">\n<p data-start=\"1968\" data-end=\"2087\"><strong data-start=\"1968\" data-end=\"1991\">\u00c9nergie \u00e9conomique<\/strong>La conception aliment\u00e9e par batterie avec un temps de charge de 8 heures permet un fonctionnement quotidien rentable.<\/p>\n<\/li>\n<li data-start=\"2088\" data-end=\"2195\">\n<p data-start=\"2090\" data-end=\"2195\"><strong data-start=\"2090\" data-end=\"2107\">Pneus durables<\/strong>Les pneus avant 3.75-12 et arri\u00e8re 4.00-12 offrent une stabilit\u00e9 sur diff\u00e9rentes surfaces routi\u00e8res.<\/p>\n<\/li>\n<li data-start=\"2196\" data-end=\"2291\">\n<p data-start=\"2198\" data-end=\"2291\"><strong data-start=\"2198\" data-end=\"2224\">Radius de tournage compact<\/strong>La maniabilit\u00e9 flexible am\u00e9liore la facilit\u00e9 d'utilisation dans les zones congestionn\u00e9es.<\/p>\n<\/li>\n<\/ul>\n<p data-start=\"2293\" data-end=\"2323\"><strong data-start=\"2293\" data-end=\"2321\">Sp\u00e9cifications techniques<\/strong><\/p>\n<ul data-start=\"2324\" data-end=\"2705\">\n<li data-start=\"2324\" data-end=\"2364\">\n<table style=\"width: 90.2611%; height: 498px;\" width=\"720\">\n<tbody>\n<tr>\n<td colspan=\"2\" width=\"720\">Configuration standard<\/td>\n<\/tr>\n<tr>\n<td>Mod\u00e8le<\/td>\n<td width=\"455\"><a href=\"#\u76ee\u5f55!A1\">C115<\/a><\/td>\n<\/tr>\n<tr>\n<td width=\"265\">Dimension globale<\/td>\n<td width=\"455\">3080X1180X1430MM<\/td>\n<\/tr>\n<tr>\n<td width=\"265\">Capacit\u00e9 de chargement<\/td>\n<td width=\"455\">500 \u00e0 600 kg<\/td>\n<\/tr>\n<tr>\n<td width=\"265\">Puissance du moteur hydraulique<\/td>\n<td width=\"455\">1000W<\/td>\n<\/tr>\n<tr>\n<td width=\"265\">Voltage standard<\/td>\n<td width=\"455\">60V \/ 72V<\/td>\n<\/tr>\n<tr>\n<td width=\"265\">contr\u00f4leur<\/td>\n<td width=\"455\">18 tube<\/td>\n<\/tr>\n<tr>\n<td width=\"265\">Mode de freinage<\/td>\n<td width=\"455\">Tambour avant Tambour arri\u00e8re<\/td>\n<\/tr>\n<tr>\n<td width=\"265\">D\u00e9gagement minimum au sol<\/td>\n<td width=\"455\">135<\/td>\n<\/tr>\n<tr>\n<td width=\"265\">Capacit\u00e9 de production<\/td>\n<td width=\"455\">100000set\/ann\u00e9e<\/td>\n<\/tr>\n<tr>\n<td width=\"265\">Temps de charge<\/td>\n<td width=\"455\">8h<\/td>\n<\/tr>\n<tr>\n<td width=\"265\">Pneumatique avant\/arri\u00e8re Tt<\/td>\n<td width=\"455\">roues avant 3.75-12; roues arri\u00e8re 4.00-12<\/td>\n<\/tr>\n<tr>\n<td width=\"265\">Choix de couleur<\/td>\n<td width=\"455\">Personnalis\u00e9<\/td>\n<\/tr>\n<tr>\n<td width=\"265\">Origine<\/td>\n<td width=\"455\">Chine<\/td>\n<\/tr>\n<tr>\n<td width=\"265\">Plage par charge\/Km<\/td>\n<td width=\"455\">50 \u00e0 100 km<\/td>\n<\/tr>\n<tr>\n<td width=\"265\">Vitesse maximale Km\/H<\/td>\n<td width=\"455\">30 \u00e0 35 km\/h<\/td>\n<\/tr>\n<tr>\n<td width=\"265\">Capacit\u00e9 d'escalade<\/td>\n<td width=\"455\">\u2264 20\u00b0<\/td>\n<\/tr>\n<\/tbody>\n<\/table>\n<\/li>\n<\/ul>\n<p data-start=\"2707\" data-end=\"3006\"><strong data-start=\"2707\" data-end=\"2732\">Mat\u00e9riel et ext\u00e9rieur<\/strong><br data-start=\"2732\" data-end=\"2735\" \/>Le <strong data-start=\"2739\" data-end=\"2764\">transport de marchandises trike<\/strong> est fabriqu\u00e9 en acier de haute qualit\u00e9, offrant une excellente durabilit\u00e9 et r\u00e9sistance \u00e0 la rouille. Le design met l'accent sur la praticit\u00e9 et l'apparence, offrant une personnalisation des couleurs (rouge, bleu, vert, gris, blanc) pour r\u00e9pondre aux diff\u00e9rentes pr\u00e9f\u00e9rences du march\u00e9.<\/p>\n<p data-start=\"3008\" data-end=\"3335\"><strong data-start=\"3008\" data-end=\"3040\">Conception et personnalisation OEM<\/strong><br data-start=\"3040\" data-end=\"3043\" \/>Nous fournissons des options compl\u00e8tes d'OEM et de personnalisation. Les clients peuvent choisir la taille de la bo\u00eete de fret, la puissance du moteur, la capacit\u00e9 de la batterie, les couleurs de la peinture et les solutions de marque. Le <strong data-start=\"3200\" data-end=\"3237\">commercial \u00e9lectrique \u00e0 trois roues<\/strong> peut \u00e9galement \u00eatre adapt\u00e9 aux besoins sp\u00e9cifiques de l'industrie, ce qui en fait un choix polyvalent pour les distributeurs.<\/p>\n<p data-start=\"3337\" data-end=\"3669\"><strong data-start=\"3337\" data-end=\"3371\">Contr\u00f4le qualit\u00e9 et production<\/strong><br data-start=\"3371\" data-end=\"3374\" \/>Chaque unit\u00e9 est soumise \u00e0 des tests rigoureux, y compris l'\u00e9valuation des performances du moteur, les tests du cycle de la batterie et les inspections des freins. Notre usine a une capacit\u00e9 de production annuelle de 100 000 unit\u00e9s, assurant \u00e0 la fois la qualit\u00e9 et l'approvisionnement en temps opportun. Nous respectons les normes certifi\u00e9es ISO pour garantir la fiabilit\u00e9 des produits.<\/p>\n<p data-start=\"3671\" data-end=\"3984\"><strong data-start=\"3671\" data-end=\"3711\">Certification et engagement qualit\u00e9<\/strong><br data-start=\"3711\" data-end=\"3714\" \/>Le mod\u00e8le Weilong est conforme aux certifications internationales de s\u00e9curit\u00e9 et de performance, ce qui renforce notre engagement \u00e0 fournir des solutions fiables. Chaque <strong data-start=\"3867\" data-end=\"3901\">tricycle cargo \u00e0 batterie<\/strong> est assur\u00e9 par une garantie couvrant les principaux composants tels que le moteur et la batterie.<\/p>\n<p data-start=\"3986\" data-end=\"4037\"><strong data-start=\"3986\" data-end=\"4035\">Emballage, logistique et service apr\u00e8s-vente<\/strong><\/p>\n<ul data-start=\"4038\" data-end=\"4408\">\n<li data-start=\"4038\" data-end=\"4131\">\n<p data-start=\"4040\" data-end=\"4131\"><strong data-start=\"4040\" data-end=\"4053\">Emballage<\/strong>: L'emballage \u00e9tanche \u00e0 l'exportation garantit une livraison internationale s\u00fbre.<\/p>\n<\/li>\n<li data-start=\"4132\" data-end=\"4212\">\n<p data-start=\"4134\" data-end=\"4212\"><strong data-start=\"4134\" data-end=\"4150\">Installation<\/strong>: Des instructions de montage simples sont fournies pour une mise en place rapide.<\/p>\n<\/li>\n<li data-start=\"4213\" data-end=\"4294\">\n<p data-start=\"4215\" data-end=\"4294\"><strong data-start=\"4215\" data-end=\"4237\">Formation et utilisation<\/strong>Les conseils techniques sont disponibles pour les acheteurs en gros.<\/p>\n<\/li>\n<li data-start=\"4295\" data-end=\"4408\">\n<p data-start=\"4297\" data-end=\"4408\"><strong data-start=\"4297\" data-end=\"4320\">Service apr\u00e8s-vente<\/strong>: La garantie d'un an, l'approvisionnement en pi\u00e8ces d\u00e9tach\u00e9es et le soutien \u00e0 l'entretien assurent la tranquillit\u00e9 d'esprit.<\/p>\n<\/li>\n<\/ul>\n<p data-start=\"4410\" data-end=\"4536\"><strong data-start=\"4410\" data-end=\"4433\">Disponibilit\u00e9 des \u00e9chantillons<\/strong><br data-start=\"4433\" data-end=\"4436\" \/>Des \u00e9chantillons peuvent \u00eatre organis\u00e9s pour que les acheteurs en gros \u00e9valuent les performances avant de passer de grandes commandes.<\/p>\n<p data-start=\"4538\" data-end=\"4609\"><strong data-start=\"4538\" data-end=\"4554\">Applications<\/strong><br data-start=\"4554\" data-end=\"4557\" \/>Le Weilong <strong data-start=\"4569\" data-end=\"4590\">tricycle \u00e9lectrique<\/strong> convient pour:<\/p>\n<ul data-start=\"4610\" data-end=\"4791\">\n<li data-start=\"4610\" data-end=\"4669\">\n<p data-start=\"4612\" data-end=\"4669\">Transport de marchandises agricoles (engrais, cultures, outils)<\/p>\n<\/li>\n<li data-start=\"4670\" data-end=\"4712\">\n<p data-start=\"4672\" data-end=\"4712\">Services de livraison au d\u00e9tail et en gros<\/p>\n<\/li>\n<li data-start=\"4713\" data-end=\"4747\">\n<p data-start=\"4715\" data-end=\"4747\">Manipulation des mat\u00e9riaux de construction<\/p>\n<\/li>\n<li data-start=\"4748\" data-end=\"4791\">\n<p data-start=\"4750\" data-end=\"4791\">Nettoyage municipal et services publics<\/p>\n<\/li>\n<\/ul>","protected":false},"excerpt":{"rendered":"<p>L\u2019industrie logistique est constamment \u00e0 la recherche de solutions efficaces et \u00e9cologiques pour le transport \u00e0 courte et moyenne distance. Le <strong data-start=\"721\" data-end=\"742\">tricycle \u00e9lectrique<\/strong> se distingue comme un v\u00e9hicule pratique qui combine une capacit\u00e9 de charge utile \u00e9lev\u00e9e avec une puissance durable. Con\u00e7u pour les grossistes et les distributeurs, notre mod\u00e8le Weilong offre un m\u00e9lange \u00e9quilibr\u00e9 de durabilit\u00e9, de performance et de personnalisation pour r\u00e9pondre \u00e0 diverses exigences du march\u00e9.<\/p>","protected":false},"featured_media":3456,"comment_status":"open","ping_status":"closed","template":"","meta":[],"product_brand":[],"product_cat":[78],"product_tag":[],"class_list":{"0":"post-3455","1":"product","2":"type-product","3":"status-publish","4":"has-post-thumbnail","6":"product_cat-electric-tricycle","8":"first","9":"instock","10":"shipping-taxable","11":"purchasable","12":"product-type-simple"},"_links":{"self":[{"href":"https:\/\/www.tairuiauto.com\/fr\/wp-json\/wp\/v2\/product\/3455","targetHints":{"allow":["GET"]}}],"collection":[{"href":"https:\/\/www.tairuiauto.com\/fr\/wp-json\/wp\/v2\/product"}],"about":[{"href":"https:\/\/www.tairuiauto.com\/fr\/wp-json\/wp\/v2\/types\/product"}],"replies":[{"embeddable":true,"href":"https:\/\/www.tairuiauto.com\/fr\/wp-json\/wp\/v2\/comments?post=3455"}],"wp:featuredmedia":[{"embeddable":true,"href":"https:\/\/www.tairuiauto.com\/fr\/wp-json\/wp\/v2\/media\/3456"}],"wp:attachment":[{"href":"https:\/\/www.tairuiauto.com\/fr\/wp-json\/wp\/v2\/media?parent=3455"}],"wp:term":[{"taxonomy":"product_brand","embeddable":true,"href":"https:\/\/www.tairuiauto.com\/fr\/wp-json\/wp\/v2\/product_brand?post=3455"},{"taxonomy":"product_cat","embeddable":true,"href":"https:\/\/www.tairuiauto.com\/fr\/wp-json\/wp\/v2\/product_cat?post=3455"},{"taxonomy":"product_tag","embeddable":true,"href":"https:\/\/www.tairuiauto.com\/fr\/wp-json\/wp\/v2\/product_tag?post=3455"}],"curies":[{"name":"WP","href":"https:\/\/api.w.org\/{rel}","templated":true}]}}