{"id":3486,"date":"2025-08-29T11:25:08","date_gmt":"2025-08-29T03:25:08","guid":{"rendered":"https:\/\/www.tairuiauto.com\/?post_type=product&#038;p=3486"},"modified":"2025-08-29T11:43:11","modified_gmt":"2025-08-29T03:43:11","slug":"electric-tricycle-versatile","status":"publish","type":"product","link":"https:\/\/www.tairuiauto.com\/fr\/product\/electric-tricycle-versatile\/","title":{"rendered":"Tricycle \u00e9lectrique polyvalent"},"content":{"rendered":"<h3><strong>\u200b Liste des param\u00e8tres<\/strong><\/h3>\n<table style=\"width: 74.1333%; height: 534px;\" width=\"720\">\n<tbody>\n<tr>\n<td width=\"265\">Mod\u00e8le<\/td>\n<td width=\"455\">Weiba3<\/td>\n<\/tr>\n<tr>\n<td width=\"265\">Dimension globale<\/td>\n<td width=\"455\">3360X1380X1425MM<\/td>\n<\/tr>\n<tr>\n<td width=\"265\">Capacit\u00e9 de chargement<\/td>\n<td width=\"455\">2000 kg<\/td>\n<\/tr>\n<tr>\n<td width=\"265\">Puissance du moteur hydraulique<\/td>\n<td width=\"455\">1500 watts<\/td>\n<\/tr>\n<tr>\n<td width=\"265\">Voltage standard<\/td>\n<td width=\"455\">60V \/ 72V<\/td>\n<\/tr>\n<tr>\n<td width=\"265\">contr\u00f4leur<\/td>\n<td width=\"455\">24 tube<\/td>\n<\/tr>\n<tr>\n<td width=\"265\">Mode de freinage<\/td>\n<td width=\"455\">Tambour avant Tambour arri\u00e8re<\/td>\n<\/tr>\n<tr>\n<td width=\"265\">D\u00e9gagement minimum au sol<\/td>\n<td width=\"455\">135<\/td>\n<\/tr>\n<tr>\n<td width=\"265\">Capacit\u00e9 de production<\/td>\n<td width=\"455\">100000set\/ann\u00e9e<\/td>\n<\/tr>\n<tr>\n<td width=\"265\">Temps de charge<\/td>\n<td width=\"455\">8h<\/td>\n<\/tr>\n<tr>\n<td width=\"265\">Pneumatique avant\/arri\u00e8re Tt<\/td>\n<td width=\"455\">roues avant 4.00-12; roues arri\u00e8re 4.50-12<\/td>\n<\/tr>\n<tr>\n<td width=\"265\">Choix de couleur<\/td>\n<td width=\"455\">Personnalis\u00e9<\/td>\n<\/tr>\n<tr>\n<td width=\"265\">Origine<\/td>\n<td width=\"455\">Chine<\/td>\n<\/tr>\n<tr>\n<td width=\"265\">Plage par charge\/Km<\/td>\n<td width=\"455\">50 km<\/td>\n<\/tr>\n<tr>\n<td width=\"265\">Vitesse maximale Km\/H<\/td>\n<td width=\"455\">35 \u00e0 45 km\/h<\/td>\n<\/tr>\n<tr>\n<td width=\"265\">Capacit\u00e9 d'escalade<\/td>\n<td width=\"455\">\u2264 30\u00b0<\/td>\n<\/tr>\n<\/tbody>\n<\/table>\n<h3 class=\"header-vfC6AV auto-hide-last-sibling-br\">Introduction du produit<\/h3>\n<div class=\"auto-hide-last-sibling-br paragraph-JOTKXA paragraph-element br-paragraph-space\">\n<div class=\"auto-hide-last-sibling-br paragraph-JOTKXA paragraph-element br-paragraph-space\">Aliment\u00e9 par un moteur hydraulique de 1500W associ\u00e9 \u00e0 des options de tension flexibles 60V\/72V et \u00e0 un contr\u00f4leur \u00e0 24 tubes, le Tricycle \u00e9lectrique polyvalent offre un couple exceptionnel, lui permettant de grimper des pentes de \u226430\u00b0, une capacit\u00e9 critique pour les fermes rurales collinaires ou les chantiers de construction. Il \u00e9quilibre la puissance avec la pratique : une autonomie de 50 km par charge compl\u00e8te (atteinte en 8 heures de charge) et une vitesse maximale de 35 \u00e0 45 km\/h, ce qui en fait une \u00ab solution fiable pour les charges lourdes \u00bb pour les transports quotidiens r\u00e9guliers et les t\u00e2ches sensibles au temps. La s\u00e9curit\u00e9 et la stabilit\u00e9 sont \u00e9galement prioritaires : les freins \u00e0 tambour avant et arri\u00e8re assurent une puissance d\u2019arr\u00eat fiable m\u00eame sous pleine charge, les pneus avant 4.00-12\/arri\u00e8re 4.50-12 offrent une forte traction sur des surfaces rugueuses ou glissantes et un \u00e9cart minimum de 135 mm permet de naviguer facilement dans de petits obstacles comme des rochers ou des trous. Originaire de Chine avec une capacit\u00e9 de production de 100 000 ensembles par an, ce tricycle est un cheval de travail fiable pour les entreprises cherchant la flexibilit\u00e9 sans compromettre les performances lourdes.<\/div>\n<h3 class=\"header-vfC6AV auto-hide-last-sibling-br\">Points de vente cl\u00e9s<\/h3>\n<ol class=\"auto-hide-last-sibling-br\">\n<li>\n<div class=\"auto-hide-last-sibling-br paragraph-JOTKXA paragraph-element br-paragraph-space\"><strong>Capacit\u00e9 de chargement polyvalente 2000KG pour une utilisation interindustrielle<\/strong><br class=\"container-utlnW2 wrapper-d0Cc1k undefined\" \/>La capacit\u00e9 de 2000 kg du Tricycle \u00e9lectrique polyvalent en fait un v\u00e9ritable \u00ab transporteur polyvalent \u00bb, s\u2019adaptant sans faille \u00e0 diverses industries. Pour les entreprises de construction, il transporte des barres d'acier ou des sacs de ciment; pour les agriculteurs, il transporte des cultures r\u00e9colt\u00e9es ou des aliments pour le b\u00e9tail; pour les d\u00e9taillants, il d\u00e9place des stocks en vrac comme des bo\u00eetes \u00e0 boissons ou des articles m\u00e9nagers. Contrairement aux tricycles \u00e0 usage unique limit\u00e9s \u00e0 un type de fret, Versatile Electric Tricycle \u00e9limine la n\u00e9cessit\u00e9 d'investir dans plusieurs v\u00e9hicules, ce qui en fait un choix rentable pour les entreprises ayant des besoins de fret vari\u00e9s. Son lit cargo spacieux accueille \u00e9galement des objets de forme irr\u00e9guli\u00e8re, am\u00e9liorant encore sa polyvalence.<\/div>\n<\/li>\n<li>\n<div class=\"auto-hide-last-sibling-br paragraph-JOTKXA paragraph-element br-paragraph-space\"><strong>Vitesse et puissance \u00e9quilibr\u00e9es pour des performances r\u00e9guli\u00e8res<\/strong><br class=\"container-utlnW2 wrapper-d0Cc1k undefined\" \/>Avec une vitesse maximale de 35 \u00e0 45 km\/h et un moteur hydraulique de 1500 W, Versatile Electric Tricycle trouve l\u2019\u00e9quilibre parfait entre efficacit\u00e9 et s\u00e9curit\u00e9, ce qui lui donne le titre d\u2019\u00ab outil de fret \u00e0 performances \u00e9quilibr\u00e9es \u00bb. La vitesse est assez rapide pour respecter les d\u00e9lais de livraison quotidiens (par exemple, transporter les produits agricoles sur le march\u00e9 avant les heures de pointe) mais assez lente pour assurer le contr\u00f4le lors du transport de charges de 2000 kg. Le couple puissant du moteur supporte facilement les pentes de \u226430\u00b0, que ce soit en escalant des collines rurales avec des fournitures agricoles ou en naviguant sur des rampes de chantier avec des mat\u00e9riaux de construction, assurant une performance constante sur tous les terrains.<\/div>\n<\/li>\n<li>\n<div class=\"auto-hide-last-sibling-br paragraph-JOTKXA paragraph-element br-paragraph-space\"><strong>Conception personnalisable pour la marque et la fonction<\/strong><br class=\"container-utlnW2 wrapper-d0Cc1k undefined\" \/>Le tricycle \u00e9lectrique polyvalent offre une personnalisation des couleurs, ce qui en fait un \u00ab atout de transport de marque \u00bb pour les entreprises cherchant \u00e0 accro\u00eetre la visibilit\u00e9. Une ferme locale pourrait choisir le vert pour s\u2019aligner sur son identit\u00e9 agricole, tandis qu\u2019une entreprise de livraison pourrait opter pour la couleur de signature de sa marque pour se d\u00e9marquer dans les rues de la ville. Au-del\u00e0 de l'esth\u00e9tique, Tairui propose \u00e9galement des personnalisations fonctionnelles (par exemple, rails lat\u00e9raux pour les marchandises en vrac, planchers antid\u00e9rapants pour les produits humides), rendant le Tricycle \u00e9lectrique polyvalent adaptable aux besoins op\u00e9rationnels sp\u00e9cifiques. Ce m\u00e9lange de marque et de fonctionnalit\u00e9 le distingue des tricycles g\u00e9n\u00e9riques avec des designs fixes.<\/div>\n<\/li>\n<li>\n<div class=\"auto-hide-last-sibling-br paragraph-JOTKXA paragraph-element br-paragraph-space\"><strong>Construction durable pour une utilisation lourde \u00e0 long terme<\/strong><br class=\"container-utlnW2 wrapper-d0Cc1k undefined\" \/>Le tricycle \u00e9lectrique polyvalent est con\u00e7u pour r\u00e9sister aux rigueurs de l'utilisation quotidienne lourde, ce qui en fait un \"investissement durable de fret\". Son cadre en acier robuste r\u00e9siste \u00e0 la flexion sous des charges de 2000KG, les pneus renforc\u00e9s 4.00-12 \/ 4.50-12 r\u00e9sistent aux perforations sur les routes rurales rugueuses ou les chantiers de gravier, et les freins \u00e0 tambour avant \/ arri\u00e8re maintiennent l'efficacit\u00e9 m\u00eame avec une utilisation fr\u00e9quente. Le d\u00e9passement au sol de 135 mm emp\u00eache \u00e9galement les dommages caus\u00e9s par les obstacles, r\u00e9duisant ainsi les co\u00fbts d'entretien au fil du temps. Pour les entreprises qui comptent sur un transport coh\u00e9rent (par exemple, une entreprise de construction qui l'utilise quotidiennement pour les courses de mat\u00e9riaux), cette durabilit\u00e9 assure un temps d'arr\u00eat minimum et une valeur \u00e0 long terme.<\/div>\n<\/li>\n<\/ol>\n<h3 class=\"header-vfC6AV auto-hide-last-sibling-br\">Avantages de diff\u00e9renciation<\/h3>\n<ol class=\"auto-hide-last-sibling-br\">\n<li>\n<div class=\"auto-hide-last-sibling-br paragraph-JOTKXA paragraph-element br-paragraph-space\"><strong>Adaptabilit\u00e9 intersectorielle<\/strong><br class=\"container-utlnW2 wrapper-d0Cc1k undefined\" \/>Contrairement aux tricycles con\u00e7us pour un seul secteur (par exemple, uniquement la construction ou uniquement l\u2019agriculture), Versatile Electric Tricycle sert de \u00ab transporteur intersectoriel \u00bb, s\u2019adaptant parfaitement \u00e0 divers flux de travail. Il peut passer du transport des d\u00e9bris de construction le matin \u00e0 la livraison de marchandises au d\u00e9tail l'apr\u00e8s-midi, sans modifications n\u00e9cessaires. Cette flexibilit\u00e9 est un changement de jeu pour les petites et moyennes entreprises qui g\u00e8rent de multiples types de fret, \u00e9liminant les frais de possession de v\u00e9hicules sp\u00e9cialis\u00e9s.<\/div>\n<\/li>\n<li>\n<div class=\"auto-hide-last-sibling-br paragraph-JOTKXA paragraph-element br-paragraph-space\"><strong>\u00c9quilibre vitesse-puissance optimal<\/strong><br class=\"container-utlnW2 wrapper-d0Cc1k undefined\" \/>De nombreux tricycles lourds sacrifient la vitesse pour la puissance (ce qui entra\u00eene des livraisons lentes) ou la puissance pour la vitesse (lutter avec des charges lourdes). Le Tricycle \u00e9lectrique polyvalent \u00e9vite ce compromis : sa vitesse de 35 \u00e0 45 km\/h assure l\u2019efficacit\u00e9, tandis que le moteur de 1500 W fournit un couple suffisant pour les charges de 2000 KG et les pentes raides. Ce statut de \u00ab transporteur \u00e9quilibr\u00e9 des performances \u00bb signifie que les entreprises n\u2019ont pas \u00e0 choisir entre livraisons ponctuelles et capacit\u00e9 de transport lourd fiable.<\/div>\n<\/li>\n<li>\n<div class=\"auto-hide-last-sibling-br paragraph-JOTKXA paragraph-element br-paragraph-space\"><strong>Opportunit\u00e9s de branding adapt\u00e9es au budget<\/strong><br class=\"container-utlnW2 wrapper-d0Cc1k undefined\" \/>La personnalisation des couleurs pour le tricycle \u00e9lectrique polyvalent est abordable, ce qui en fait un \u00abtransport de marque \u00e9conomique\u00bb pour les petites entreprises. Contrairement aux outils de marketing co\u00fbteux (par exemple, panneaux publicitaires ou enveloppes de v\u00e9hicules), la personnalisation de la couleur du tricycle permet aux entreprises de promouvoir leur marque au cours des op\u00e9rations quotidiennes, que ce soit en conduisant dans les rues de la ville ou dans les villes rurales. Cet avantage marketing \u00e0 faible co\u00fbt est rare dans les \u00e9quipements de transport lourds, donnant aux utilisateurs un avantage dans la reconnaissance de la marque.<\/div>\n<\/li>\n<li>\n<div class=\"auto-hide-last-sibling-br paragraph-JOTKXA paragraph-element br-paragraph-space\"><strong>Versatilit\u00e9 op\u00e9rationnelle dans tous les domaines<\/strong><br class=\"container-utlnW2 wrapper-d0Cc1k undefined\" \/>La taille et les performances du Tricycle \u00e9lectrique polyvalent en font une \u00ab solution de fret pour toutes les zones \u00bb, fonctionnant sans heurt dans les rues urbaines, les sentiers ruraux et les zones industrielles. Ses dimensions compactes (3360 x 1380 x 1425 mm) naviguent dans les ruelles \u00e9troites de la ville ou les couloirs d'entrep\u00f4t bond\u00e9s, tandis que ses pneus de 135 mm de franchissement au sol et ax\u00e9s sur la traction supportent les routes rurales non pav\u00e9es. Cela signifie que les entreprises peuvent utiliser le m\u00eame tricycle pour les livraisons urbaines et les transports ruraux, r\u00e9duisant la complexit\u00e9 de la flotte et \u00e9conomisant de l'argent.<\/div>\n<\/li>\n<\/ol>\n<h3 class=\"header-vfC6AV auto-hide-last-sibling-br\">FAQ (questions fr\u00e9quentes)<\/h3>\n<div class=\"auto-hide-last-sibling-br paragraph-JOTKXA paragraph-element br-paragraph-space\"><strong>Q1: Comment le tricycle \u00e9lectrique polyvalent peut-il \u00eatre adapt\u00e9 \u00e0 une utilisation agricole?<\/strong><br class=\"container-utlnW2 wrapper-d0Cc1k undefined\" \/>R : Tairui propose des modifications sur mesure pour transformer le tricycle \u00e9lectrique polyvalent en un \u00ab transporteur agroalimentaire \u00bb pour les besoins agricoles. Les adaptations courantes comprennent l'ajout de rails lat\u00e9raux pour s\u00e9curiser les cultures en vrac (p. ex. bl\u00e9 ou ma\u00efs), des planchers antid\u00e9rapants pour emp\u00eacher les produits de glisser pendant le transport et des supports d'outils pour transporter du mat\u00e9riel agricole comme des pelles ou des ciseaux de taille. Pour les op\u00e9rations d'\u00e9levage, des cloisons optionnelles peuvent \u00eatre install\u00e9es pour transporter l'alimentation sans d\u00e9versement. Il suffit de discuter de vos besoins sp\u00e9cifiques (par exemple, type de culture, taille de charge) avec le fournisseur, et ils personnaliseront le tricycle pour adapter le flux de travail de votre ferme.<\/div>\n<p><br class=\"container-utlnW2 wrapper-d0Cc1k undefined\" \/><\/p>\n<div class=\"auto-hide-last-sibling-br paragraph-JOTKXA paragraph-element br-paragraph-space\"><strong>Q2: La port\u00e9e de 50 km est-elle suffisante pour les voyages ruraux quotidiens?<\/strong><br class=\"container-utlnW2 wrapper-d0Cc1k undefined\" \/>R: Oui, la gamme de 50 km du tricycle \u00e9lectrique polyvalent r\u00e9pond aux besoins de la plupart des d\u00e9placements quotidiens ruraux. Par exemple, le transport des cultures d'une ferme \u00e0 un march\u00e9 local (g\u00e9n\u00e9ralement 10 \u00e0 30 km aller-retour) ou le transport de l'alimentation d'un entrep\u00f4t \u00e0 des pennes de b\u00e9tail. La planification des itin\u00e9raires \u00e0 l\u2019avance (par exemple, \u00e9viter les d\u00e9tours inutiles) permet \u00e9galement de maximiser la port\u00e9e, assurant que le Tricycle \u00e9lectrique polyvalent reste fiable tout au long de la journ\u00e9e.<\/div>\n<p><br class=\"container-utlnW2 wrapper-d0Cc1k undefined\" \/><\/p>\n<div class=\"auto-hide-last-sibling-br paragraph-JOTKXA paragraph-element br-paragraph-space\"><strong>Q3: Le tricycle \u00e9lectrique polyvalent peut-il \u00eatre utilis\u00e9 pour le fret int\u00e9rieur, tel que la logistique d'entrep\u00f4t?<\/strong><br class=\"container-utlnW2 wrapper-d0Cc1k undefined\" \/>R: Absolument, sa taille compacte et sa manoeuvrabilit\u00e9 font du Tricycle \u00e9lectrique polyvalent un \"transporteur adapt\u00e9 \u00e0 l'entrep\u00f4t\" pour une utilisation int\u00e9rieure. Lorsque vous travaillez \u00e0 l\u2019int\u00e9rieur, passer \u00e0 une vitesse inf\u00e9rieure (20-25 km\/h) pour assurer la s\u00e9curit\u00e9 des travailleurs et de l\u2019\u00e9quipement. Tairui peut \u00e9galement modifier la bo\u00eete de fret avec des planchers plats et des rampes faciles \u00e0 acc\u00e9der pour simplifier le chargement \/ d\u00e9chargement de palettes ou de bo\u00eetes. Le moteur \u00e9lectrique du tricycle fonctionne en silence, ce qui le rend adapt\u00e9 \u00e0 des environnements int\u00e9rieurs o\u00f9 le bruit est une pr\u00e9occupation (par exemple, les entrep\u00f4ts de d\u00e9tail attach\u00e9s aux magasins).<\/div>\n<p><br class=\"container-utlnW2 wrapper-d0Cc1k undefined\" \/><\/p>\n<div class=\"auto-hide-last-sibling-br paragraph-JOTKXA paragraph-element br-paragraph-space\"><strong>Q4: Quelle garantie couvre les composants lourds du tricycle \u00e9lectrique polyvalent?<\/strong><br class=\"container-utlnW2 wrapper-d0Cc1k undefined\" \/>R: Tairui fournit une garantie standard (les termes varient selon la r\u00e9gion, mais g\u00e9n\u00e9ralement 1-2 ans) couvrant les composants critiques lourds, y compris le moteur hydraulique de 1500W, la batterie 60V \/ 72V et le cadre en acier. Cette garantie couvre les d\u00e9fauts de fabrication (par exemple, les dysfonctionnements du moteur ou les fissures du cadre), mais ne comprend pas les dommages dus \u00e0 une surcharge ou \u00e0 une utilisation inappropri\u00e9e. Pour les entreprises utilisant le tricycle \u00e9lectrique polyvalent pour les charges lourdes quotidiennes, Tairui offre \u00e9galement des garanties \u00e9tendues facultatives moyennant des frais suppl\u00e9mentaires, offrant une protection suppl\u00e9mentaire. Pour demander un service de garantie, il suffit de contacter le concessionnaire Tairui local avec une preuve d'achat et une description du probl\u00e8me - ils organiseront des r\u00e9parations ou des remplacements de composants pour minimiser les temps d'arr\u00eat.<\/div>\n<p><br class=\"container-utlnW2 wrapper-d0Cc1k undefined\" \/><\/p>\n<div class=\"auto-hide-last-sibling-br paragraph-JOTKXA paragraph-element br-paragraph-space\"><strong>Q5 : Comment l\u2019essieu arri\u00e8re int\u00e9gr\u00e9 (mentionn\u00e9 dans les mod\u00e8les Tairui connexes) am\u00e9liore-t-il les performances du Tricycle \u00e9lectrique polyvalent ?<\/strong><br class=\"container-utlnW2 wrapper-d0Cc1k undefined\" \/>R : Bien qu\u2019il ne soit pas explicitement mentionn\u00e9 dans ses param\u00e8tres, la conception int\u00e9gr\u00e9e de l\u2019essieu arri\u00e8re (une caract\u00e9ristique commune dans les tricycles lourds de Tairui comme le Weiba3) am\u00e9liore la stabilit\u00e9 et la durabilit\u00e9 du Tricycle \u00e9lectrique polyvalent. Il r\u00e9partit le poids des charges de 2 000 kg de mani\u00e8re uniforme sur les roues arri\u00e8re, r\u00e9duisant ainsi les \u00ab oscillations \u00bb pendant le transport et emp\u00eachant l\u2019usure in\u00e9gale des pneus. La structure rigide de l\u2019essieu renforce \u00e9galement le cadre du tricycle, ce qui le rend plus r\u00e9sistant aux dommages caus\u00e9s par les routes accident\u00e9es ou les impacts lourds, ce qui est essentiel pour une utilisation \u00e0 long terme dans la construction ou les environnements ruraux. Cette conception rend Versatile Electric Tricycle plus s\u00fbr et plus fiable, renfor\u00e7ant son r\u00f4le de \u00ab transporteur flexible \u00bb pour les t\u00e2ches lourdes.<\/div>\n<\/div>","protected":false},"excerpt":{"rendered":"<p>Le tricycle \u00e9lectrique polyvalent (\u00e9galement connu sous le nom de Weiba3 de Tairui) est un v\u00e9hicule \u00e9lectrique \u00e0 trois roues \u00e0 haute performance et multifonctionnel con\u00e7u pour r\u00e9pondre \u00e0 divers besoins de fret lourd dans toutes les industries, se distinguant en tant que \"transporteur de marchandises polyvalent\" et \"transporteur de marchandises flexible\" pour la logistique urbaine, l'agriculture rurale, la construction et le commerce au d\u00e9tail. Dot\u00e9 d'une capacit\u00e9 de chargement impressionnante de 2 000 kg - bien sup\u00e9rieure aux tricycles \u00e9lectriques standard - et de dimensions globales de 3360 x 1380 x 1425 mm, il manipule facilement des cargaisons massives telles que les mat\u00e9riaux de construction, les produits agricoles ou les marchandises en vrac au d\u00e9tail, \u00e9liminant le besoin de plusieurs v\u00e9hicules et r\u00e9duisant les co\u00fbts op\u00e9rationnels.<\/p>","protected":false},"featured_media":3488,"comment_status":"open","ping_status":"closed","template":"","meta":[],"product_brand":[],"product_cat":[78],"product_tag":[],"class_list":{"0":"post-3486","1":"product","2":"type-product","3":"status-publish","4":"has-post-thumbnail","6":"product_cat-electric-tricycle","8":"first","9":"instock","10":"shipping-taxable","11":"purchasable","12":"product-type-simple"},"_links":{"self":[{"href":"https:\/\/www.tairuiauto.com\/fr\/wp-json\/wp\/v2\/product\/3486","targetHints":{"allow":["GET"]}}],"collection":[{"href":"https:\/\/www.tairuiauto.com\/fr\/wp-json\/wp\/v2\/product"}],"about":[{"href":"https:\/\/www.tairuiauto.com\/fr\/wp-json\/wp\/v2\/types\/product"}],"replies":[{"embeddable":true,"href":"https:\/\/www.tairuiauto.com\/fr\/wp-json\/wp\/v2\/comments?post=3486"}],"wp:featuredmedia":[{"embeddable":true,"href":"https:\/\/www.tairuiauto.com\/fr\/wp-json\/wp\/v2\/media\/3488"}],"wp:attachment":[{"href":"https:\/\/www.tairuiauto.com\/fr\/wp-json\/wp\/v2\/media?parent=3486"}],"wp:term":[{"taxonomy":"product_brand","embeddable":true,"href":"https:\/\/www.tairuiauto.com\/fr\/wp-json\/wp\/v2\/product_brand?post=3486"},{"taxonomy":"product_cat","embeddable":true,"href":"https:\/\/www.tairuiauto.com\/fr\/wp-json\/wp\/v2\/product_cat?post=3486"},{"taxonomy":"product_tag","embeddable":true,"href":"https:\/\/www.tairuiauto.com\/fr\/wp-json\/wp\/v2\/product_tag?post=3486"}],"curies":[{"name":"WP","href":"https:\/\/api.w.org\/{rel}","templated":true}]}}