{"id":3510,"date":"2025-09-01T13:46:00","date_gmt":"2025-09-01T05:46:00","guid":{"rendered":"https:\/\/www.tairuiauto.com\/?post_type=product&#038;p=3510"},"modified":"2025-09-12T10:25:57","modified_gmt":"2025-09-12T02:25:57","slug":"3510","status":"publish","type":"product","link":"https:\/\/www.tairuiauto.com\/fr\/product\/3510\/","title":{"rendered":"Tricycle de fret 1500W"},"content":{"rendered":"<p data-start=\"511\" data-end=\"1029\">Dans l'industrie du transport commercial en pleine croissance, le choix du bon v\u00e9hicule est crucial pour l'efficacit\u00e9, la fiabilit\u00e9 et la rentabilit\u00e9 \u00e0 long terme. Nos derni\u00e8res <strong data-start=\"669\" data-end=\"690\">tricycle \u00e9lectrique<\/strong> est sp\u00e9cialement con\u00e7u pour les commandes en vrac, r\u00e9pondant aux besoins pratiques des acheteurs en gros et des propri\u00e9taires d'entreprises qui ont besoin de v\u00e9hicules fiables pour les op\u00e9rations quotidiennes. Construit avec des mat\u00e9riaux de haute qualit\u00e9, des performances puissantes et des caract\u00e9ristiques personnalisables, ce mod\u00e8le offre une solution id\u00e9ale pour le transport de marchandises \u00e0 travers les zones urbaines et rurales.<\/p>\n<hr data-start=\"1031\" data-end=\"1034\" \/>\n<h2 data-start=\"1036\" data-end=\"1061\"><strong data-start=\"1039\" data-end=\"1061\">Sp\u00e9cifications cl\u00e9s<\/strong><\/h2>\n<ul data-start=\"1063\" data-end=\"1532\">\n<li data-start=\"1063\" data-end=\"1104\">\n<table style=\"width: 95.0736%; height: 494px;\" width=\"720\">\n<tbody>\n<tr>\n<td colspan=\"2\" width=\"720\">Configuration standard<\/td>\n<\/tr>\n<tr>\n<td>Mod\u00e8le<\/td>\n<td><a href=\"#\u76ee\u5f55!A1\">C122<\/a><\/td>\n<\/tr>\n<tr>\n<td width=\"265\">Dimension globale<\/td>\n<td width=\"455\">3345 * 1390 * 1490mm<\/td>\n<\/tr>\n<tr>\n<td width=\"265\">Capacit\u00e9 de chargement<\/td>\n<td width=\"455\">900 \u00e0 1000 kg<\/td>\n<\/tr>\n<tr>\n<td width=\"265\">Puissance du moteur hydraulique<\/td>\n<td width=\"455\">1500 watts<\/td>\n<\/tr>\n<tr>\n<td width=\"265\">Voltage standard<\/td>\n<td width=\"455\">60V \/ 72V<\/td>\n<\/tr>\n<tr>\n<td width=\"265\">contr\u00f4leur<\/td>\n<td width=\"455\">24 tube<\/td>\n<\/tr>\n<tr>\n<td width=\"265\">Mode de freinage<\/td>\n<td width=\"455\">Tambour avant Tambour arri\u00e8re<\/td>\n<\/tr>\n<tr>\n<td width=\"265\">D\u00e9gagement minimum au sol<\/td>\n<td width=\"455\">125<\/td>\n<\/tr>\n<tr>\n<td width=\"265\">Capacit\u00e9 de production<\/td>\n<td width=\"455\">200000set\/ann\u00e9e<\/td>\n<\/tr>\n<tr>\n<td width=\"265\">Temps de charge<\/td>\n<td width=\"455\">8h<\/td>\n<\/tr>\n<tr>\n<td width=\"265\">Pneumatique avant\/arri\u00e8re Tt<\/td>\n<td width=\"455\">roues avant 4.00-12; roues arri\u00e8re 4.50-12<\/td>\n<\/tr>\n<tr>\n<td width=\"265\">Choix de couleur<\/td>\n<td width=\"455\">Personnalis\u00e9<\/td>\n<\/tr>\n<tr>\n<td width=\"265\">Origine<\/td>\n<td width=\"455\">Chine<\/td>\n<\/tr>\n<tr>\n<td width=\"265\">Plage par charge\/Km<\/td>\n<td width=\"455\">50 km<\/td>\n<\/tr>\n<tr>\n<td width=\"265\">Vitesse maximale Km\/H<\/td>\n<td width=\"455\">30 \u00e0 45 km\/h<\/td>\n<\/tr>\n<tr>\n<td width=\"265\">Capacit\u00e9 d'escalade<\/td>\n<td width=\"455\">\u2264 20\u00b0<\/td>\n<\/tr>\n<\/tbody>\n<\/table>\n<\/li>\n<\/ul>\n<hr data-start=\"1534\" data-end=\"1537\" \/>\n<h2 data-start=\"1539\" data-end=\"1587\"><strong data-start=\"1542\" data-end=\"1587\">Pourquoi les clients choisissent ce v\u00e9hicule<\/strong><\/h2>\n<h3 data-start=\"1589\" data-end=\"1627\">1. <strong data-start=\"1596\" data-end=\"1625\">Capacit\u00e9 de charge exceptionnelle<\/strong><\/h3>\n<p data-start=\"1628\" data-end=\"1904\">Ceci <strong data-start=\"1633\" data-end=\"1660\">tricycle \u00e9lectrique cargo<\/strong> supporte jusqu'\u00e0 1000 kg de marchandises, ce qui en fait un choix fiable pour des industries telles que la logistique, l'agriculture et la distribution au d\u00e9tail. Le lit de cargaison en acier renforc\u00e9 assure que les objets lourds sont transport\u00e9s en toute s\u00e9curit\u00e9 sans compromettre leur durabilit\u00e9.<\/p>\n<h3 data-start=\"1906\" data-end=\"1936\">2. <strong data-start=\"1913\" data-end=\"1934\">Powertrain puissant<\/strong><\/h3>\n<p data-start=\"1937\" data-end=\"2173\">Aliment\u00e9 par un moteur de 1500 W et soutenu par un contr\u00f4leur \u00e0 24 tubes, le tricycle offre un couple constant, m\u00eame en pleine charge. Combin\u00e9 \u00e0 un choix de batteries 60V ou 72V, il offre la flexibilit\u00e9 n\u00e9cessaire pour r\u00e9pondre aux diff\u00e9rents besoins de l'entreprise.<\/p>\n<h3 data-start=\"2175\" data-end=\"2222\">3. <strong data-start=\"2182\" data-end=\"2220\">Efficacit\u00e9 \u00e9nerg\u00e9tique et \u00e9conomies de co\u00fbts<\/strong><\/h3>\n<p data-start=\"2223\" data-end=\"2491\">En comparaison avec les v\u00e9hicules \u00e0 carburant, ce <strong data-start=\"2265\" data-end=\"2297\">tricycle \u00e9lectrique commercial<\/strong> r\u00e9duit les co\u00fbts d'exploitation de plus de 50 %. Avec une autonomie moyenne de 50 km par charge, il est con\u00e7u pour les livraisons courtes et moyennes, offrant \u00e0 la fois des avantages environnementaux et financiers.<\/p>\n<h3 data-start=\"2493\" data-end=\"2529\">4. <strong data-start=\"2500\" data-end=\"2527\">Design durable et s\u00fbr<\/strong><\/h3>\n<p data-start=\"2530\" data-end=\"2758\">Le syst\u00e8me de freinage \u00e0 double tambour assure la s\u00e9curit\u00e9 sous des charges lourdes, tandis que le d\u00e9passement minimum de 125 mm aide \u00e0 naviguer sur des terrains in\u00e9gaux. Les pneus sont con\u00e7us pour g\u00e9rer les surfaces rugueuses, assurant une conduite douce m\u00eame dans les zones rurales.<\/p>\n<h3 data-start=\"2760\" data-end=\"2794\">5. <strong data-start=\"2767\" data-end=\"2792\">Options de personnalisation<\/strong><\/h3>\n<p data-start=\"2795\" data-end=\"3037\">Nous comprenons que les acheteurs en gros ont souvent besoin de solutions sur mesure. Ceci <strong data-start=\"2862\" data-end=\"2893\">tricycle \u00e9lectrique en gros<\/strong> peut \u00eatre personnalis\u00e9 en couleur, taille du lit de fret et marque (impression du logo OEM), aidant les distributeurs \u00e0 cibler efficacement leurs march\u00e9s sp\u00e9cifiques.<\/p>\n<hr data-start=\"3039\" data-end=\"3042\" \/>\n<h2 data-start=\"3044\" data-end=\"3083\"><strong data-start=\"3047\" data-end=\"3083\">Production et assurance qualit\u00e9<\/strong><\/h2>\n<p data-start=\"3085\" data-end=\"3396\">Notre usine a une capacit\u00e9 de production annuelle de 200 000 ensembles, soutenue par une gestion de qualit\u00e9 stricte certifi\u00e9e ISO. Chaque unit\u00e9 subit des tests de charge, des tests de freins et des tests d'endurance avant la livraison. Cette production \u00e0 grande \u00e9chelle garantit non seulement la coh\u00e9rence, mais assure \u00e9galement une approvisionnement stable pour les commandes en vrac.<\/p>\n<hr data-start=\"3398\" data-end=\"3401\" \/>\n<h2 data-start=\"3403\" data-end=\"3422\"><strong data-start=\"3406\" data-end=\"3422\">Applications<\/strong><\/h2>\n<p data-start=\"3424\" data-end=\"3482\">Ceci <strong data-start=\"3429\" data-end=\"3461\">tricycle \u00e9lectrique lourd<\/strong> est largement utilis\u00e9 dans:<\/p>\n<ul data-start=\"3483\" data-end=\"3644\">\n<li data-start=\"3483\" data-end=\"3522\">\n<p data-start=\"3485\" data-end=\"3522\">Logistique locale et livraison de colis<\/p>\n<\/li>\n<li data-start=\"3523\" data-end=\"3558\">\n<p data-start=\"3525\" data-end=\"3558\">Transport de mat\u00e9riaux de construction<\/p>\n<\/li>\n<li data-start=\"3559\" data-end=\"3595\">\n<p data-start=\"3561\" data-end=\"3595\">Activit\u00e9s agricoles et agricoles<\/p>\n<\/li>\n<li data-start=\"3596\" data-end=\"3644\">\n<p data-start=\"3598\" data-end=\"3644\">Distribution de la cha\u00eene d'approvisionnement au d\u00e9tail \u00e0 petite \u00e9chelle<\/p>\n<\/li>\n<\/ul>\n<hr data-start=\"3646\" data-end=\"3649\" \/>\n<h2 data-start=\"3651\" data-end=\"3668\"><strong data-start=\"3654\" data-end=\"3668\">Conclusion<\/strong><\/h2>\n<p data-start=\"3670\" data-end=\"4022\">Pour les entreprises cherchant \u00e0 agrandir leur flotte de transport, ce <strong data-start=\"3731\" data-end=\"3752\">tricycle \u00e9lectrique<\/strong> offre un excellent \u00e9quilibre entre capacit\u00e9 de charge, efficacit\u00e9 et rentabilit\u00e9. Avec des caract\u00e9ristiques personnalisables, une conception durable et une qualit\u00e9 d'usine garantie, c'est le choix parfait pour les clients de gros qui appr\u00e9cient \u00e0 la fois les performances et le retour sur investissement \u00e0 long terme.<\/p>","protected":false},"excerpt":{"rendered":"<p>Notre dernier tricycle \u00e9lectrique, con\u00e7u pour les commandes en vrac avec des mat\u00e9riaux de haute qualit\u00e9, des performances puissantes et des fonctionnalit\u00e9s personnalisables, est une solution id\u00e9ale pour les acheteurs en gros et les propri\u00e9taires d'entreprises dans l'industrie du transport commercial qui recherchent l'efficacit\u00e9, la fiabilit\u00e9 et la rentabilit\u00e9 pour le transport quotidien de marchandises urbaines et rurales.<\/p>","protected":false},"featured_media":3513,"comment_status":"open","ping_status":"closed","template":"","meta":[],"product_brand":[],"product_cat":[78],"product_tag":[],"class_list":{"0":"post-3510","1":"product","2":"type-product","3":"status-publish","4":"has-post-thumbnail","6":"product_cat-electric-tricycle","8":"first","9":"instock","10":"shipping-taxable","11":"purchasable","12":"product-type-simple"},"_links":{"self":[{"href":"https:\/\/www.tairuiauto.com\/fr\/wp-json\/wp\/v2\/product\/3510","targetHints":{"allow":["GET"]}}],"collection":[{"href":"https:\/\/www.tairuiauto.com\/fr\/wp-json\/wp\/v2\/product"}],"about":[{"href":"https:\/\/www.tairuiauto.com\/fr\/wp-json\/wp\/v2\/types\/product"}],"replies":[{"embeddable":true,"href":"https:\/\/www.tairuiauto.com\/fr\/wp-json\/wp\/v2\/comments?post=3510"}],"wp:featuredmedia":[{"embeddable":true,"href":"https:\/\/www.tairuiauto.com\/fr\/wp-json\/wp\/v2\/media\/3513"}],"wp:attachment":[{"href":"https:\/\/www.tairuiauto.com\/fr\/wp-json\/wp\/v2\/media?parent=3510"}],"wp:term":[{"taxonomy":"product_brand","embeddable":true,"href":"https:\/\/www.tairuiauto.com\/fr\/wp-json\/wp\/v2\/product_brand?post=3510"},{"taxonomy":"product_cat","embeddable":true,"href":"https:\/\/www.tairuiauto.com\/fr\/wp-json\/wp\/v2\/product_cat?post=3510"},{"taxonomy":"product_tag","embeddable":true,"href":"https:\/\/www.tairuiauto.com\/fr\/wp-json\/wp\/v2\/product_tag?post=3510"}],"curies":[{"name":"WP","href":"https:\/\/api.w.org\/{rel}","templated":true}]}}