{"id":3512,"date":"2025-09-01T13:12:54","date_gmt":"2025-09-01T05:12:54","guid":{"rendered":"https:\/\/www.tairuiauto.com\/?post_type=product&#038;p=3512"},"modified":"2025-09-12T10:41:01","modified_gmt":"2025-09-12T02:41:01","slug":"electric-tricycle-large-scale-freight","status":"publish","type":"product","link":"https:\/\/www.tairuiauto.com\/fr\/product\/electric-tricycle-large-scale-freight\/","title":{"rendered":"Tricycle de fret \u00e9lectrique"},"content":{"rendered":"<h3 data-start=\"542\" data-end=\"567\">Description du produit<\/h3>\n<table width=\"720\">\n<tbody>\n<tr>\n<td colspan=\"2\" width=\"720\">Configuration standard<\/td>\n<\/tr>\n<tr>\n<td>Mod\u00e8le<\/td>\n<td><a href=\"#\u76ee\u5f55!A1\">du C304<\/a><\/td>\n<\/tr>\n<tr>\n<td width=\"265\">Dimension globale<\/td>\n<td width=\"455\">3360X1380X1425MM<\/td>\n<\/tr>\n<tr>\n<td width=\"265\">Capacit\u00e9 de chargement<\/td>\n<td width=\"455\">2000 kg<\/td>\n<\/tr>\n<tr>\n<td width=\"265\">Puissance du moteur hydraulique<\/td>\n<td width=\"455\">1500W \/ 1800W<\/td>\n<\/tr>\n<tr>\n<td width=\"265\">Voltage standard<\/td>\n<td width=\"455\">60V \/ 72V<\/td>\n<\/tr>\n<tr>\n<td width=\"265\">contr\u00f4leur<\/td>\n<td width=\"455\">24 tube<\/td>\n<\/tr>\n<tr>\n<td width=\"265\">Mode de freinage<\/td>\n<td width=\"455\">Tambour avant Tambour arri\u00e8re<\/td>\n<\/tr>\n<tr>\n<td width=\"265\">D\u00e9gagement minimum au sol<\/td>\n<td width=\"455\">135<\/td>\n<\/tr>\n<tr>\n<td width=\"265\">Capacit\u00e9 de production<\/td>\n<td width=\"455\">100000set\/ann\u00e9e<\/td>\n<\/tr>\n<tr>\n<td width=\"265\">Temps de charge<\/td>\n<td width=\"455\">8h<\/td>\n<\/tr>\n<tr>\n<td width=\"265\">Pneumatique avant\/arri\u00e8re Tt<\/td>\n<td width=\"455\">roues avant 4.00-12; roues arri\u00e8re 4.50-12<\/td>\n<\/tr>\n<tr>\n<td width=\"265\">Choix de couleur<\/td>\n<td width=\"455\">Personnalis\u00e9<\/td>\n<\/tr>\n<tr>\n<td width=\"265\">Origine<\/td>\n<td width=\"455\">Chine<\/td>\n<\/tr>\n<tr>\n<td width=\"265\">Plage par charge\/Km<\/td>\n<td width=\"455\">50 km<\/td>\n<\/tr>\n<tr>\n<td width=\"265\">Vitesse maximale Km\/H<\/td>\n<td width=\"455\">35 \u00e0 45 km\/h<\/td>\n<\/tr>\n<tr>\n<td width=\"265\">Capacit\u00e9 d'escalade<\/td>\n<td width=\"455\">\u2264 30\u00b0<\/td>\n<\/tr>\n<\/tbody>\n<\/table>\n<hr data-start=\"1062\" data-end=\"1065\" \/>\n<h3 data-start=\"1067\" data-end=\"1111\">Caract\u00e9ristiques &amp; Avantages (points de vente)<\/h3>\n<ol data-start=\"1113\" data-end=\"1976\">\n<li data-start=\"1113\" data-end=\"1339\">\n<p data-start=\"1116\" data-end=\"1339\"><strong data-start=\"1116\" data-end=\"1142\">Capacit\u00e9 de charge massive<\/strong><br data-start=\"1142\" data-end=\"1145\" \/>Ceci <strong data-start=\"1150\" data-end=\"1188\">tricycle \u00e9lectrique cargo lourd<\/strong> offre une charge utile maximale de <strong data-start=\"1217\" data-end=\"1228\">2000 kg<\/strong>Assurer un transport en vrac fiable pour des industries allant des mat\u00e9riaux de construction aux produits agricoles.<\/p>\n<\/li>\n<li data-start=\"1341\" data-end=\"1556\">\n<p data-start=\"1344\" data-end=\"1556\"><strong data-start=\"1344\" data-end=\"1367\">Syst\u00e8me puissant<\/strong><br data-start=\"1367\" data-end=\"1370\" \/>\u00c9quip\u00e9 d'un <strong data-start=\"1386\" data-end=\"1420\">moteur hydraulique 1500W ou 1800W<\/strong> et syst\u00e8me 60V \/ 72V, le tricycle \u00e9lectrique de fret \u00e0 grande \u00e9chelle offre des performances lisses et g\u00e8re des pentes jusqu'\u00e0 <strong data-start=\"1536\" data-end=\"1543\">30\u00b0<\/strong> avec facilit\u00e9.<\/p>\n<\/li>\n<li data-start=\"1558\" data-end=\"1768\">\n<p data-start=\"1561\" data-end=\"1768\"><strong data-start=\"1561\" data-end=\"1590\">Port\u00e9e et vitesse efficaces<\/strong><br data-start=\"1590\" data-end=\"1593\" \/>Le trique fournit un <strong data-start=\"1614\" data-end=\"1629\">Port\u00e9e de 50 km<\/strong> par charge et une vitesse maximale de <strong data-start=\"1660\" data-end=\"1674\">35 \u00e0 45 km\/h<\/strong>ce qui le rend adapt\u00e9 \u00e0 la fois aux livraisons urbaines \u00e0 courte distance et au transport industriel de marchandises.<\/p>\n<\/li>\n<li data-start=\"1770\" data-end=\"1976\">\n<p data-start=\"1773\" data-end=\"1976\"><strong data-start=\"1773\" data-end=\"1799\">Conception de s\u00e9curit\u00e9 fiable<\/strong><br data-start=\"1799\" data-end=\"1802\" \/>Avec freins \u00e0 tambour avant et arri\u00e8re, <strong data-start=\"1835\" data-end=\"1862\">135 mm de d\u00e9gagement au sol<\/strong>et des pneus durables, ce <strong data-start=\"1888\" data-end=\"1914\">trike de fret \u00e9lectrique<\/strong> garantit un fonctionnement stable et s\u00fbr sur divers terrains.<\/p>\n<\/li>\n<\/ol>\n<hr data-start=\"1978\" data-end=\"1981\" \/>\n<h3 data-start=\"1983\" data-end=\"2014\">Avantages diff\u00e9renci\u00e9s<\/h3>\n<ol data-start=\"2016\" data-end=\"3041\">\n<li data-start=\"2016\" data-end=\"2285\">\n<p data-start=\"2019\" data-end=\"2285\"><strong data-start=\"2019\" data-end=\"2048\">Fabrication en grand volume<\/strong><br data-start=\"2048\" data-end=\"2051\" \/>Avec une production annuelle d\u00e9passant <strong data-start=\"2083\" data-end=\"2100\">100 000 unit\u00e9s<\/strong>Notre usine assure une capacit\u00e9 d'approvisionnement \u00e0 grande \u00e9chelle, ce qui nous fait un partenaire fiable pour les grossistes et les distributeurs cherchant un approvisionnement coh\u00e9rent de tricycles \u00e9lectriques de fret lourds.<\/p>\n<\/li>\n<li data-start=\"2287\" data-end=\"2514\">\n<p data-start=\"2290\" data-end=\"2514\"><strong data-start=\"2290\" data-end=\"2318\">Options OEM personnalisables<\/strong><br data-start=\"2318\" data-end=\"2321\" \/>Nous fournissons <strong data-start=\"2332\" data-end=\"2353\">personnalisation OEM<\/strong> y compris la taille, le mat\u00e9riau et les options de marque. Les clients peuvent personnaliser leur v\u00e9hicule \u00e9lectrique industriel \u00e0 trois roues pour r\u00e9pondre \u00e0 l'identit\u00e9 de l'entreprise et aux besoins op\u00e9rationnels.<\/p>\n<\/li>\n<li data-start=\"2516\" data-end=\"2814\">\n<p data-start=\"2519\" data-end=\"2814\"><strong data-start=\"2519\" data-end=\"2550\">Applications intersectorielles<\/strong><br data-start=\"2550\" data-end=\"2553\" \/>Contrairement aux mod\u00e8les conventionnels, le tricycle \u00e9lectrique de fret \u00e0 grande \u00e9chelle s'est av\u00e9r\u00e9 efficace dans de multiples industries: <strong data-start=\"2668\" data-end=\"2732\">logistique, agriculture, construction et distribution urbaine<\/strong>Cette polyvalence renforce sa position de leader du transport \u00e9lectrique de marchandises.<\/p>\n<\/li>\n<li data-start=\"2816\" data-end=\"3041\">\n<p data-start=\"2819\" data-end=\"3041\"><strong data-start=\"2819\" data-end=\"2849\">\u00c9conomie de co\u00fbts Durabilit\u00e9<\/strong><br data-start=\"2849\" data-end=\"2852\" \/>Passer des v\u00e9hicules \u00e0 carburant \u00e0 cela <strong data-start=\"2889\" data-end=\"2916\">tricycle cargo \u00e9lectrique<\/strong> r\u00e9duit \u00e0 la fois l'empreinte carbone et les co\u00fbts op\u00e9rationnels \u00e0 long terme, offrant aux acheteurs un avantage concurrentiel dans la logistique verte.<\/p>\n<\/li>\n<\/ol>\n<hr data-start=\"3043\" data-end=\"3046\" \/>\n<h3 data-start=\"3048\" data-end=\"3076\">Sp\u00e9cifications du produit<\/h3>\n<ul data-start=\"3077\" data-end=\"3458\">\n<li data-start=\"3077\" data-end=\"3118\">\n<p data-start=\"3079\" data-end=\"3118\"><strong data-start=\"3079\" data-end=\"3094\">Dimensions :<\/strong> 3360 \u00d7 1380 \u00d7 1425 mm<\/p>\n<\/li>\n<li data-start=\"3119\" data-end=\"3169\">\n<p data-start=\"3121\" data-end=\"3169\"><strong data-start=\"3121\" data-end=\"3137\">Puissance du moteur:<\/strong> moteur hydraulique 1500W \/ 1800W<\/p>\n<\/li>\n<li data-start=\"3170\" data-end=\"3204\">\n<p data-start=\"3172\" data-end=\"3204\"><strong data-start=\"3172\" data-end=\"3192\">Options de tension:<\/strong> 60V \/ 72V<\/p>\n<\/li>\n<li data-start=\"3205\" data-end=\"3235\">\n<p data-start=\"3207\" data-end=\"3235\"><strong data-start=\"3207\" data-end=\"3225\">Capacit\u00e9 de charge:<\/strong> 2000 kg<\/p>\n<\/li>\n<li data-start=\"3236\" data-end=\"3265\">\n<p data-start=\"3238\" data-end=\"3265\"><strong data-start=\"3238\" data-end=\"3252\">Vitesse maximale:<\/strong> 35 \u00e0 45 km\/h<\/p>\n<\/li>\n<li data-start=\"3266\" data-end=\"3297\">\n<p data-start=\"3268\" data-end=\"3297\"><strong data-start=\"3268\" data-end=\"3289\">Plage par charge:<\/strong> 50 kilom\u00e8tres<\/p>\n<\/li>\n<li data-start=\"3298\" data-end=\"3328\">\n<p data-start=\"3300\" data-end=\"3328\"><strong data-start=\"3300\" data-end=\"3321\">Capacit\u00e9 d'escalade:<\/strong> \u2264 30\u00b0<\/p>\n<\/li>\n<li data-start=\"3329\" data-end=\"3361\">\n<p data-start=\"3331\" data-end=\"3361\"><strong data-start=\"3331\" data-end=\"3352\">D\u00e9gagement au sol:<\/strong> 135 mm<\/p>\n<\/li>\n<li data-start=\"3362\" data-end=\"3409\">\n<p data-start=\"3364\" data-end=\"3409\"><strong data-start=\"3364\" data-end=\"3378\">Taille des pneus:<\/strong> Avant 4.00-12 \/ Arri\u00e8re 4.50-12<\/p>\n<\/li>\n<li data-start=\"3410\" data-end=\"3458\">\n<p data-start=\"3412\" data-end=\"3458\"><strong data-start=\"3412\" data-end=\"3431\">Syst\u00e8me de freinage:<\/strong> Avant &amp; freins \u00e0 tambour arri\u00e8re<\/p>\n<\/li>\n<\/ul>\n<hr data-start=\"3460\" data-end=\"3463\" \/>\n<h3 data-start=\"3465\" data-end=\"3479\">Mat\u00e9riel<\/h3>\n<p data-start=\"3480\" data-end=\"3532\">Cadre en acier haute r\u00e9sistance avec ch\u00e2ssis renforc\u00e9.<\/p>\n<hr data-start=\"3534\" data-end=\"3537\" \/>\n<h3 data-start=\"3539\" data-end=\"3564\">Apparence et Conception<\/h3>\n<p data-start=\"3565\" data-end=\"3654\">Pratique, robuste et personnalisable en plusieurs couleurs pour s'aligner sur la marque du client.<\/p>\n<hr data-start=\"3656\" data-end=\"3659\" \/>\n<h3 data-start=\"3661\" data-end=\"3686\">OEM \/ personnalisation<\/h3>\n<p data-start=\"3687\" data-end=\"3785\">Les options incluent : <strong data-start=\"3704\" data-end=\"3782\">conception, dimensions, mat\u00e9riaux, couleurs de peinture, logos de marque et emballage<\/strong>.<\/p>\n<hr data-start=\"3787\" data-end=\"3790\" \/>\n<h3 data-start=\"3792\" data-end=\"3813\">Contr\u00f4le qualit\u00e9<\/h3>\n<ul data-start=\"3814\" data-end=\"3969\">\n<li data-start=\"3814\" data-end=\"3848\">\n<p data-start=\"3816\" data-end=\"3848\">Essais stricts de la ligne de production<\/p>\n<\/li>\n<li data-start=\"3849\" data-end=\"3925\">\n<p data-start=\"3851\" data-end=\"3925\">Engagement de qualit\u00e9: chaque unit\u00e9 subit une inspection compl\u00e8te avant exp\u00e9dition<\/p>\n<\/li>\n<li data-start=\"3926\" data-end=\"3969\">\n<p data-start=\"3928\" data-end=\"3969\">Conformit\u00e9 aux normes internationales<\/p>\n<\/li>\n<\/ul>\n<hr data-start=\"3971\" data-end=\"3974\" \/>\n<h3 data-start=\"3976\" data-end=\"4003\">Emballage &amp; Logistique<\/h3>\n<ul data-start=\"4004\" data-end=\"4126\">\n<li data-start=\"4004\" data-end=\"4033\">\n<p data-start=\"4006\" data-end=\"4033\">Emballage standard \u00e0 l'exportation<\/p>\n<\/li>\n<li data-start=\"4034\" data-end=\"4074\">\n<p data-start=\"4036\" data-end=\"4074\">Transport maritime\/terrestre<\/p>\n<\/li>\n<li data-start=\"4075\" data-end=\"4126\">\n<p data-start=\"4077\" data-end=\"4126\">Livraison rapide soutenue par une capacit\u00e9 de volume \u00e9lev\u00e9<\/p>\n<\/li>\n<\/ul>\n<hr data-start=\"4128\" data-end=\"4131\" \/>\n<h3 data-start=\"4133\" data-end=\"4158\">Service apr\u00e8s-vente<\/h3>\n<ul data-start=\"4159\" data-end=\"4304\">\n<li data-start=\"4159\" data-end=\"4197\">\n<p data-start=\"4161\" data-end=\"4197\">Installation &amp; orientation d'ajustement<\/p>\n<\/li>\n<li data-start=\"4198\" data-end=\"4215\">\n<p data-start=\"4200\" data-end=\"4215\">Formation des utilisateurs<\/p>\n<\/li>\n<li data-start=\"4216\" data-end=\"4253\">\n<p data-start=\"4218\" data-end=\"4253\">Support apr\u00e8s-vente complet<\/p>\n<\/li>\n<li data-start=\"4254\" data-end=\"4304\">\n<p data-start=\"4256\" data-end=\"4304\">Service d &apos; entretien disponibilit\u00e9 de pi\u00e8ces d\u00e9tach\u00e9es<\/p>\n<\/li>\n<\/ul>\n<hr data-start=\"4306\" data-end=\"4309\" \/>\n<h3 data-start=\"4311\" data-end=\"4329\">Applications<\/h3>\n<ul data-start=\"4330\" data-end=\"4455\">\n<li data-start=\"4330\" data-end=\"4360\">\n<p data-start=\"4332\" data-end=\"4360\">Logistique et livraison urbaine<\/p>\n<\/li>\n<li data-start=\"4361\" data-end=\"4387\">\n<p data-start=\"4363\" data-end=\"4387\">Transport agricole<\/p>\n<\/li>\n<li data-start=\"4388\" data-end=\"4419\">\n<p data-start=\"4390\" data-end=\"4419\">Mouvement de marchandises industrielles<\/p>\n<\/li>\n<li data-start=\"4420\" data-end=\"4455\">\n<p data-start=\"4422\" data-end=\"4455\">Transportation de marchandises sur chantier de construction<\/p>\n<\/li>\n<\/ul>\n<hr data-start=\"4457\" data-end=\"4460\" \/>\n<h3 data-start=\"4462\" data-end=\"4483\">Options de paiement<\/h3>\n<p data-start=\"4484\" data-end=\"4552\">Conditions de paiement flexibles disponibles pour les acheteurs de gros et de projet.<\/p>\n<hr data-start=\"4554\" data-end=\"4557\" \/>\n<h3 data-start=\"4559\" data-end=\"4568\">FAQ (questions fr\u00e9quentes)<\/h3>\n<p data-start=\"4570\" data-end=\"4707\"><strong data-start=\"4570\" data-end=\"4615\">Q1: Quelle est la capacit\u00e9 de chargement maximale?<\/strong><br data-start=\"4615\" data-end=\"4618\" \/>A : Jusqu'\u00e0 <strong data-start=\"4627\" data-end=\"4638\">2000 kg<\/strong>ce qui en fait l'un des trains \u00e9lectriques de fret les plus forts disponibles.<\/p>\n<p data-start=\"4709\" data-end=\"4825\"><strong data-start=\"4709\" data-end=\"4748\">Q2: Le tricycle peut-il \u00eatre personnalis\u00e9?<\/strong><br data-start=\"4748\" data-end=\"4751\" \/>R: Oui, les services OEM comprennent la conception, les dimensions, le mat\u00e9riel et la marque.<\/p>\n<p data-start=\"4827\" data-end=\"4955\"><strong data-start=\"4827\" data-end=\"4864\">Q3: Quelle est la plage par charge?<\/strong><br data-start=\"4864\" data-end=\"4867\" \/>A : Environ <strong data-start=\"4884\" data-end=\"4893\">50 kilom\u00e8tres<\/strong>convient \u00e0 la plupart des op\u00e9rations de fret industriel et urbain.<\/p>\n<p data-start=\"4957\" data-end=\"5073\"><strong data-start=\"4957\" data-end=\"5000\">Q4: Quelle est la fiabilit\u00e9 du syst\u00e8me de freinage?<\/strong><br data-start=\"5000\" data-end=\"5003\" \/>R: Les freins \u00e0 tambour avant et arri\u00e8re assurent un fonctionnement s\u00fbr et stable.<\/p>\n<p data-start=\"5075\" data-end=\"5257\"><strong data-start=\"5075\" data-end=\"5133\">Q5: Pour quelles industries est ce produit le plus adapt\u00e9?<\/strong><br data-start=\"5133\" data-end=\"5136\" \/>A: Il est id\u00e9al pour <strong data-start=\"5155\" data-end=\"5254\">entreprises de logistique, entreprises agricoles, projets de construction et distributeurs en gros<\/strong>.<\/p>","protected":false},"excerpt":{"rendered":"<p>Le <strong data-start=\"572\" data-end=\"613\">Tricycle \u00e9lectrique de fret \u00e0 grande \u00e9chelle<\/strong> est con\u00e7u pour les entreprises qui n\u00e9cessitent un transport de marchandises fiable, de grande capacit\u00e9 et durable. Avec un corps en acier renforc\u00e9, des options de moteur hydraulique puissant (1500W\/1800W), et une charge maximale de <strong data-start=\"819\" data-end=\"830\">2000 kg<\/strong>ce v\u00e9hicule assure des op\u00e9rations efficaces dans la logistique, la construction et l'agriculture. Sa conception \u00e9quilibre la r\u00e9sistance, l'endurance et les performances \u00e9cologiques, ce qui en fait un choix de premier plan parmi les trois roues \u00e9lectriques industrielles.<\/p>","protected":false},"featured_media":3514,"comment_status":"open","ping_status":"closed","template":"","meta":[],"product_brand":[],"product_cat":[78],"product_tag":[],"class_list":{"0":"post-3512","1":"product","2":"type-product","3":"status-publish","4":"has-post-thumbnail","6":"product_cat-electric-tricycle","8":"first","9":"instock","10":"shipping-taxable","11":"purchasable","12":"product-type-simple"},"_links":{"self":[{"href":"https:\/\/www.tairuiauto.com\/fr\/wp-json\/wp\/v2\/product\/3512","targetHints":{"allow":["GET"]}}],"collection":[{"href":"https:\/\/www.tairuiauto.com\/fr\/wp-json\/wp\/v2\/product"}],"about":[{"href":"https:\/\/www.tairuiauto.com\/fr\/wp-json\/wp\/v2\/types\/product"}],"replies":[{"embeddable":true,"href":"https:\/\/www.tairuiauto.com\/fr\/wp-json\/wp\/v2\/comments?post=3512"}],"wp:featuredmedia":[{"embeddable":true,"href":"https:\/\/www.tairuiauto.com\/fr\/wp-json\/wp\/v2\/media\/3514"}],"wp:attachment":[{"href":"https:\/\/www.tairuiauto.com\/fr\/wp-json\/wp\/v2\/media?parent=3512"}],"wp:term":[{"taxonomy":"product_brand","embeddable":true,"href":"https:\/\/www.tairuiauto.com\/fr\/wp-json\/wp\/v2\/product_brand?post=3512"},{"taxonomy":"product_cat","embeddable":true,"href":"https:\/\/www.tairuiauto.com\/fr\/wp-json\/wp\/v2\/product_cat?post=3512"},{"taxonomy":"product_tag","embeddable":true,"href":"https:\/\/www.tairuiauto.com\/fr\/wp-json\/wp\/v2\/product_tag?post=3512"}],"curies":[{"name":"WP","href":"https:\/\/api.w.org\/{rel}","templated":true}]}}