{"id":3523,"date":"2026-01-17T09:41:16","date_gmt":"2026-01-17T01:41:16","guid":{"rendered":"https:\/\/www.tairuiauto.com\/?post_type=product&#038;p=3523"},"modified":"2026-01-27T10:41:52","modified_gmt":"2026-01-27T02:41:52","slug":"electric-lift-tricycle","status":"publish","type":"product","link":"https:\/\/www.tairuiauto.com\/fr\/product\/electric-lift-tricycle\/","title":{"rendered":"Elevateur \u00e9lectrique tricycle pour l'utilisation de vergers"},"content":{"rendered":"<h2 style=\"padding-left: 40px;\" data-start=\"618\" data-end=\"642\">Aper\u00e7u du produit<\/h2>\n<p style=\"padding-left: 40px;\" data-start=\"643\" data-end=\"1321\">Le <strong data-start=\"507\" data-end=\"549\">Elevateur \u00e9lectrique tricycle pour l'utilisation de vergers<\/strong> est un v\u00e9hicule cargo \u00e9lectrique lourd con\u00e7u sp\u00e9cialement pour les milieux vergers et agricoles. Il combine une bo\u00eete \u00e0 chargement renforc\u00e9e, un m\u00e9canisme de levage hydraulique et un train d'entra\u00eenement \u00e9lectrique stable pour am\u00e9liorer l'efficacit\u00e9 du chargement et r\u00e9duire le travail manuel.<\/p>\n<h2 style=\"padding-left: 40px;\"><strong><b>Param\u00e8tres :<\/b><\/strong><\/h2>\n<table style=\"margin-left: 40px;\">\n<tbody style=\"padding-left: 40px;\">\n<tr style=\"padding-left: 40px;\">\n<td style=\"padding-left: 40px;\" width=\"265\">Mod\u00e8le<\/td>\n<td style=\"padding-left: 40px;\" width=\"455\">Elevateur \u00e9lectrique tricycle pour l'utilisation de vergers<\/td>\n<\/tr>\n<tr style=\"padding-left: 40px;\">\n<td style=\"padding-left: 40px;\" width=\"265\">Taille de bo\u00eete de fret<\/td>\n<td style=\"padding-left: 40px;\" width=\"455\">1600 mm * 1000 mm<\/td>\n<\/tr>\n<tr style=\"padding-left: 40px;\">\n<td style=\"padding-left: 40px;\" width=\"265\">Capacit\u00e9 de chargement<\/td>\n<td style=\"padding-left: 40px;\" width=\"455\">600 kg<\/td>\n<\/tr>\n<tr style=\"padding-left: 40px;\">\n<td style=\"padding-left: 40px;\" width=\"265\">Puissance du moteur hydraulique<\/td>\n<td style=\"padding-left: 40px;\" width=\"455\">1000W<\/td>\n<\/tr>\n<tr style=\"padding-left: 40px;\">\n<td style=\"padding-left: 40px;\" width=\"265\">Voltage standard<\/td>\n<td style=\"padding-left: 40px;\" width=\"455\">60\/72V<\/td>\n<\/tr>\n<tr style=\"padding-left: 40px;\">\n<td style=\"padding-left: 40px;\" width=\"265\">contr\u00f4leur<\/td>\n<td style=\"padding-left: 40px;\" width=\"455\">18 tube<\/td>\n<\/tr>\n<tr style=\"padding-left: 40px;\">\n<td style=\"padding-left: 40px;\" width=\"265\">Mode de freinage<\/td>\n<td style=\"padding-left: 40px;\" width=\"455\">Pied sur tambour m\u00e9canique stationnement manuel<\/td>\n<\/tr>\n<tr style=\"padding-left: 40px;\">\n<td style=\"padding-left: 40px;\" width=\"265\">D\u00e9gagement minimum au sol<\/td>\n<td style=\"padding-left: 40px;\" width=\"455\">135<\/td>\n<\/tr>\n<tr style=\"padding-left: 40px;\">\n<td style=\"padding-left: 40px;\" width=\"265\">Capacit\u00e9 de production<\/td>\n<td style=\"padding-left: 40px;\" width=\"455\">100000set\/ann\u00e9e<\/td>\n<\/tr>\n<tr style=\"padding-left: 40px;\">\n<td style=\"padding-left: 40px;\" width=\"265\">Temps de charge<\/td>\n<td style=\"padding-left: 40px;\" width=\"455\">8h<\/td>\n<\/tr>\n<tr style=\"padding-left: 40px;\">\n<td style=\"padding-left: 40px;\" width=\"265\">Pneumatique avant\/arri\u00e8re Tt<\/td>\n<td style=\"padding-left: 40px;\" width=\"455\">3.75-12 roues avant 4.00-12 roues arri\u00e8re<\/td>\n<\/tr>\n<tr style=\"padding-left: 40px;\">\n<td style=\"padding-left: 40px;\" width=\"265\">Choix de couleur<\/td>\n<td style=\"padding-left: 40px;\" width=\"455\">Personnalis\u00e9<\/td>\n<\/tr>\n<tr style=\"padding-left: 40px;\">\n<td style=\"padding-left: 40px;\" width=\"265\">Origine<\/td>\n<td style=\"padding-left: 40px;\" width=\"455\">Chine<\/td>\n<\/tr>\n<tr style=\"padding-left: 40px;\">\n<td style=\"padding-left: 40px;\" width=\"265\">Plage par charge\/Km<\/td>\n<td style=\"padding-left: 40px;\" width=\"455\">40 km<\/td>\n<\/tr>\n<tr style=\"padding-left: 40px;\">\n<td style=\"padding-left: 40px;\" width=\"265\">Vitesse maximale Km\/H<\/td>\n<td style=\"padding-left: 40px;\" width=\"455\">30 \u00e0 40 km\/h<\/td>\n<\/tr>\n<tr style=\"padding-left: 40px;\">\n<td style=\"padding-left: 40px;\" width=\"265\">Capacit\u00e9 d'escalade<\/td>\n<td style=\"padding-left: 40px;\" width=\"455\">\u2264 30\u00b0<\/td>\n<\/tr>\n<\/tbody>\n<\/table>\n<hr style=\"padding-left: 40px;\" data-start=\"808\" data-end=\"811\" \/>\n<h2 style=\"padding-left: 40px;\" data-start=\"813\" data-end=\"835\">Description du produit<\/h2>\n<h3 style=\"padding-left: 40px;\" data-start=\"837\" data-end=\"859\">Cat\u00e9gorie de produit<\/h3>\n<p style=\"padding-left: 40px;\" data-start=\"860\" data-end=\"944\">Tricycle \u00e9lectrique de fret \/ v\u00e9hicule \u00e9lectrique agricole \/ tricycle de transport de vergers<\/p>\n<h3 style=\"padding-left: 40px;\" data-start=\"946\" data-end=\"971\">Description du produit<\/h3>\n<p style=\"padding-left: 40px;\" data-start=\"973\" data-end=\"1301\">Le <strong data-start=\"977\" data-end=\"1019\">Elevateur \u00e9lectrique tricycle pour l'utilisation de vergers<\/strong> est construit pour r\u00e9pondre aux besoins de transport exigeants des vergers, des fermes et des zones de production rurales. \u00c9quip\u00e9 d'un <strong data-start=\"1136\" data-end=\"1167\">Bo\u00eete de fret de 1600 mm \u00d7 1000 mm<\/strong>Le v\u00e9hicule offre beaucoup d'espace pour les caisses \u00e0 fruits, les outils et les mat\u00e9riaux agricoles, avec un <strong data-start=\"1262\" data-end=\"1300\">Capacit\u00e9 de charge maximale de 600 kg<\/strong>.<\/p>\n<p style=\"padding-left: 40px;\" data-start=\"1303\" data-end=\"1739\">Une caract\u00e9ristique essentielle de ce mod\u00e8le est son <strong data-start=\"1338\" data-end=\"1401\">syst\u00e8me de levage hydraulique aliment\u00e9 par un moteur hydraulique de 1000W<\/strong>permettant aux op\u00e9rateurs de charger et d\u00e9charger efficacement les marchandises, en particulier sur un terrain de vergers in\u00e9gal. Le syst\u00e8me \u00e9lectrique soutient <strong data-start=\"1527\" data-end=\"1574\">Configurations de tension standard 60V et 72V<\/strong>offrant une flexibilit\u00e9 pour diff\u00e9rentes exigences de performance et de co\u00fbts. Un <strong data-start=\"1649\" data-end=\"1671\">Contr\u00f4leur \u00e0 18 tubes<\/strong> assure une puissance de sortie stable et un fonctionnement en douceur sous de lourdes charges.<\/p>\n<p style=\"padding-left: 40px;\"><img fetchpriority=\"high\" decoding=\"async\" class=\"size-medium wp-image-3531 alignleft\" src=\"https:\/\/www.tairuiauto.com\/wp-content\/uploads\/2025\/09\/3-2-300x226.jpg\" alt=\"\" width=\"300\" height=\"226\" srcset=\"\" sizes=\"(max-width: 300px) 100vw, 300px\" data-srcset=\"\" \/><img decoding=\"async\" class=\"size-medium wp-image-3530 alignright\" src=\"https:\/\/www.tairuiauto.com\/wp-content\/uploads\/2025\/09\/2-1-300x225.jpg\" alt=\"\" width=\"300\" height=\"225\" srcset=\"\" sizes=\"(max-width: 300px) 100vw, 300px\" data-srcset=\"\" \/><img decoding=\"async\" class=\"size-medium wp-image-3532 aligncenter\" src=\"https:\/\/www.tairuiauto.com\/wp-content\/uploads\/2025\/09\/4-2-300x225.jpg\" alt=\"\" width=\"300\" height=\"225\" srcset=\"\" sizes=\"(max-width: 300px) 100vw, 300px\" data-srcset=\"\" \/><\/p>\n<hr style=\"padding-left: 40px;\" data-start=\"2501\" data-end=\"2504\" \/>\n<p style=\"padding-left: 40px;\" data-start=\"1741\" data-end=\"2077\">Le tricycle est con\u00e7u pour la durabilit\u00e9 et la s\u00e9curit\u00e9, avec un <strong data-start=\"1805\" data-end=\"1857\">syst\u00e8me m\u00e9canique de freinage \u00e0 tambour avec commande de pied<\/strong>Combin\u00e9 avec un <strong data-start=\"1875\" data-end=\"1899\">frein de stationnement manuel<\/strong> pour assurer un arr\u00eat s\u00fbr sur les pentes et pendant le chargement. Avec un <strong data-start=\"1963\" data-end=\"2001\">d\u00e9passement au sol minimum de 135 mm<\/strong>Le v\u00e9hicule peut facilement g\u00e9rer des sentiers accident\u00e9s, des routes de sol et des sentiers de vergers.<\/p>\n<p style=\"padding-left: 40px;\" data-start=\"2079\" data-end=\"2459\">La configuration des roues comprend <strong data-start=\"2112\" data-end=\"2135\">3.75-12 pneus avant<\/strong> et <strong data-start=\"2140\" data-end=\"2162\">Pneumatiques arri\u00e8re 4.00-12<\/strong>fournissant une traction et une stabilit\u00e9 fortes lorsqu'elles sont enti\u00e8rement charg\u00e9es. Le v\u00e9hicule fournit un <strong data-start=\"2246\" data-end=\"2277\">vitesse maximale de 30 \u00e0 40 km\/h<\/strong> et un <strong data-start=\"2284\" data-end=\"2327\">autonomie de conduite jusqu'\u00e0 40 km par charge<\/strong>ce qui le rend adapt\u00e9 aux op\u00e9rations quotidiennes de vergers. Le temps de charge est approximativement <strong data-start=\"2409\" data-end=\"2420\">8 heures<\/strong>supportant les cycles de charge nocturne.<\/p>\n<p style=\"padding-left: 40px;\" data-start=\"2461\" data-end=\"2818\">Avec un <strong data-start=\"2468\" data-end=\"2501\">capacit\u00e9 d'escalade jusqu'\u00e0 30\u00b0<\/strong>Le tricycle fonctionne de mani\u00e8re fiable sur les pentes couramment trouv\u00e9es dans les vergers collinaires et les terres agricoles. Les options de couleur peuvent \u00eatre <strong data-start=\"2612\" data-end=\"2626\">personnalis\u00e9<\/strong> pour r\u00e9pondre aux pr\u00e9f\u00e9rences de marque ou op\u00e9rationnelles. Fabriqu\u00e9 en <strong data-start=\"2688\" data-end=\"2697\">Chine<\/strong>Ce mod\u00e8le est soutenu par un <strong data-start=\"2728\" data-end=\"2777\">Capacit\u00e9 de production de 100 000 unit\u00e9s par an<\/strong>garantissant une approvisionnement stable pour les commandes en vrac.<\/p>\n<hr style=\"padding-left: 40px;\" data-start=\"2820\" data-end=\"2823\" \/>\n<h2 style=\"padding-left: 40px;\" data-start=\"2825\" data-end=\"2853\">Caract\u00e9ristiques cl\u00e9s &amp; Avantages<\/h2>\n<h3 style=\"padding-left: 40px;\" data-start=\"2855\" data-end=\"2869\">Caract\u00e9ristiques<\/h3>\n<ul>\n<li style=\"list-style-type: none;\">\n<ul data-start=\"2870\" data-end=\"3073\">\n<li data-start=\"2870\" data-end=\"2912\">\n<p data-start=\"2872\" data-end=\"2912\">Syst\u00e8me d'ascenseur hydraulique avec moteur 1000W<\/p>\n<\/li>\n<li data-start=\"2913\" data-end=\"2948\">\n<p data-start=\"2915\" data-end=\"2948\">Capacit\u00e9 de charge \u00e9lev\u00e9e jusqu'\u00e0 600 kg<\/p>\n<\/li>\n<li data-start=\"2949\" data-end=\"2994\">\n<p data-start=\"2951\" data-end=\"2994\">Bo\u00eete \u00e0 chargement renforc\u00e9e pour l'agriculture<\/p>\n<\/li>\n<li data-start=\"2995\" data-end=\"3030\">\n<p data-start=\"2997\" data-end=\"3030\">Options de double tension: 60V \/ 72V<\/p>\n<\/li>\n<li data-start=\"3031\" data-end=\"3073\">\n<p data-start=\"3033\" data-end=\"3073\">Freinage \u00e0 tambour stable avec frein de stationnement<\/p>\n<\/li>\n<\/ul>\n<\/li>\n<\/ul>\n<h3 style=\"padding-left: 40px;\" data-start=\"3075\" data-end=\"3091\">Avantages<\/h3>\n<ul>\n<li style=\"list-style-type: none;\">\n<ul data-start=\"3092\" data-end=\"3295\">\n<li data-start=\"3092\" data-end=\"3139\">\n<p data-start=\"3094\" data-end=\"3139\">R\u00e9duit la manutention manuelle et l'intensit\u00e9 du travail<\/p>\n<\/li>\n<li data-start=\"3140\" data-end=\"3190\">\n<p data-start=\"3142\" data-end=\"3190\">Chargement et d\u00e9chargement efficaces des marchandises lourdes<\/p>\n<\/li>\n<li data-start=\"3191\" data-end=\"3241\">\n<p data-start=\"3193\" data-end=\"3241\">Performance fiable sur un terrain irr\u00e9gulier<\/p>\n<\/li>\n<li data-start=\"3242\" data-end=\"3295\">\n<p data-start=\"3244\" data-end=\"3295\">Configuration flexible pour diff\u00e9rents besoins du march\u00e9<\/p>\n<\/li>\n<\/ul>\n<\/li>\n<\/ul>\n<h3 style=\"padding-left: 40px;\" data-start=\"3297\" data-end=\"3317\">Avantages pour l'acheteur<\/h3>\n<ul>\n<li style=\"list-style-type: none;\">\n<ul data-start=\"3318\" data-end=\"3488\">\n<li data-start=\"3318\" data-end=\"3359\">\n<p data-start=\"3320\" data-end=\"3359\">Am\u00e9lioration de l'efficacit\u00e9 du transport des vergers<\/p>\n<\/li>\n<li data-start=\"3360\" data-end=\"3403\">\n<p data-start=\"3362\" data-end=\"3403\">Co\u00fbts d'exploitation et d'entretien plus bas<\/p>\n<\/li>\n<li data-start=\"3404\" data-end=\"3447\">\n<p data-start=\"3406\" data-end=\"3447\">Convient \u00e0 une utilisation agricole \u00e0 long terme<\/p>\n<\/li>\n<li data-start=\"3448\" data-end=\"3488\">\n<p data-start=\"3450\" data-end=\"3488\">Aspect personnalisable pour le branding<\/p>\n<\/li>\n<\/ul>\n<\/li>\n<\/ul>\n<h3 style=\"padding-left: 40px;\" data-start=\"3490\" data-end=\"3504\">La preuve<\/h3>\n<ul>\n<li style=\"list-style-type: none;\">\n<ul data-start=\"3505\" data-end=\"3624\">\n<li data-start=\"3505\" data-end=\"3543\">\n<p data-start=\"3507\" data-end=\"3543\">Structure de levage hydraulique \u00e9prouv\u00e9e<\/p>\n<\/li>\n<li data-start=\"3544\" data-end=\"3589\">\n<p data-start=\"3546\" data-end=\"3589\">Configuration de pneus et de ch\u00e2ssis lourds<\/p>\n<\/li>\n<li data-start=\"3590\" data-end=\"3624\">\n<p data-start=\"3592\" data-end=\"3624\">Syst\u00e8me de contr\u00f4le \u00e9lectrique stable<\/p>\n<\/li>\n<\/ul>\n<\/li>\n<\/ul>\n<hr style=\"padding-left: 40px;\" data-start=\"3626\" data-end=\"3629\" \/>\n<h2 style=\"padding-left: 40px;\" data-start=\"3631\" data-end=\"3655\">Sc\u00e9narios d'application<\/h2>\n<ul>\n<li style=\"list-style-type: none;\">\n<ul data-start=\"3657\" data-end=\"3856\">\n<li data-start=\"3657\" data-end=\"3704\">\n<p data-start=\"3659\" data-end=\"3704\">R\u00e9colte et transport des vergers<\/p>\n<\/li>\n<li data-start=\"3705\" data-end=\"3731\">\n<p data-start=\"3707\" data-end=\"3731\">Logistique des produits agricoles<\/p>\n<\/li>\n<li data-start=\"3732\" data-end=\"3773\">\n<p data-start=\"3734\" data-end=\"3773\">Transport de mati\u00e8res agricoles rurales<\/p>\n<\/li>\n<li data-start=\"3774\" data-end=\"3814\">\n<p data-start=\"3776\" data-end=\"3814\">Op\u00e9rations de serre et de plantation<\/p>\n<\/li>\n<li data-start=\"3815\" data-end=\"3856\">\n<p data-start=\"3817\" data-end=\"3856\">Distribution agricole \u00e0 petite \u00e9chelle<\/p>\n<\/li>\n<\/ul>\n<\/li>\n<\/ul>\n<hr style=\"padding-left: 40px;\" data-start=\"3858\" data-end=\"3861\" \/>\n<h2 style=\"padding-left: 40px;\" data-start=\"3863\" data-end=\"3904\">Pourquoi choisir ce tricycle d'ascenseur \u00e9lectrique<\/h2>\n<p style=\"padding-left: 40px;\" data-start=\"3906\" data-end=\"4183\">Le <strong data-start=\"3910\" data-end=\"3952\">Elevateur \u00e9lectrique tricycle pour l'utilisation de vergers<\/strong> est con\u00e7u avec praticit\u00e9 et durabilit\u00e9 \u00e0 l'esprit. Sa fonction de levage hydraulique, ses performances d'escalade \u00e9lev\u00e9es et sa capacit\u00e9 de charge \u00e9lev\u00e9e en font une solution de transport \u00e9lectrique id\u00e9ale pour les vergers modernes et les op\u00e9rations agricoles.<\/p>\n<hr style=\"padding-left: 40px;\" data-start=\"4185\" data-end=\"4188\" \/>\n<h2 style=\"padding-left: 40px;\" data-start=\"4190\" data-end=\"4213\">Emballage &amp; Livraison<\/h2>\n<ul>\n<li style=\"list-style-type: none;\">\n<ul data-start=\"4215\" data-end=\"4383\">\n<li data-start=\"4215\" data-end=\"4248\">\n<p data-start=\"4217\" data-end=\"4248\"><strong data-start=\"4217\" data-end=\"4235\">Options de couleur :<\/strong> Personnalis\u00e9<\/p>\n<\/li>\n<li data-start=\"4249\" data-end=\"4270\">\n<p data-start=\"4251\" data-end=\"4270\"><strong data-start=\"4251\" data-end=\"4262\">Origine :<\/strong> Chine<\/p>\n<\/li>\n<li data-start=\"4271\" data-end=\"4321\">\n<p data-start=\"4273\" data-end=\"4321\"><strong data-start=\"4273\" data-end=\"4297\">Capacit\u00e9 de production :<\/strong> 100 000 ensembles par an<\/p>\n<\/li>\n<li data-start=\"4322\" data-end=\"4383\">\n<p data-start=\"4324\" data-end=\"4383\"><strong data-start=\"4324\" data-end=\"4342\">Formulaire de livraison :<\/strong> CKD \/ SKD \/ enti\u00e8rement assembl\u00e9 (facultatif)<\/p>\n<\/li>\n<\/ul>\n<\/li>\n<\/ul>\n<hr style=\"padding-left: 40px;\" data-start=\"4385\" data-end=\"4388\" \/>\n<h2 style=\"padding-left: 40px;\" data-start=\"4390\" data-end=\"4396\">FAQ (questions fr\u00e9quentes)<\/h2>\n<p style=\"padding-left: 40px;\" data-start=\"4398\" data-end=\"4545\"><strong data-start=\"4398\" data-end=\"4460\">Q1: Quelle est la capacit\u00e9 de chargement maximale de ce tricycle?<\/strong><br data-start=\"4460\" data-end=\"4463\" \/>La capacit\u00e9 de charge maximale est <strong data-start=\"4495\" data-end=\"4505\">600 kg<\/strong>Convient pour les produits agricoles lourds.<\/p>\n<p style=\"padding-left: 40px;\" data-start=\"4547\" data-end=\"4687\"><strong data-start=\"4547\" data-end=\"4598\">Q2: Le v\u00e9hicule prend-il en charge le levage hydraulique?<\/strong><br data-start=\"4598\" data-end=\"4601\" \/>- Oui, oui. Il est \u00e9quip\u00e9 d'un <strong data-start=\"4628\" data-end=\"4653\">moteur hydraulique 1000W<\/strong> pour des op\u00e9rations de levage efficaces.<\/p>\n<p style=\"padding-left: 40px;\" data-start=\"4689\" data-end=\"4789\"><strong data-start=\"4689\" data-end=\"4732\">Q3: Quelles sont les options de tension disponibles?<\/strong><br data-start=\"4732\" data-end=\"4735\" \/>Le v\u00e9hicule soutient <strong data-start=\"4756\" data-end=\"4771\">60V et 72V<\/strong> syst\u00e8mes \u00e9lectriques.<\/p>\n<p style=\"padding-left: 40px;\" data-start=\"4791\" data-end=\"4943\"><strong data-start=\"4791\" data-end=\"4840\">Q4: Est-il adapt\u00e9 au terrain de verger collinaire?<\/strong><br data-start=\"4840\" data-end=\"4843\" \/>- Oui, oui. Avec un <strong data-start=\"4855\" data-end=\"4888\">capacit\u00e9 d'escalade jusqu'\u00e0 30\u00b0<\/strong> et haut d\u00e9bordement au sol, il fonctionne bien sur les pentes.<\/p>\n<p style=\"padding-left: 40px;\" data-start=\"4945\" data-end=\"5057\"><strong data-start=\"4945\" data-end=\"4981\">Q5: La couleur peut-elle \u00eatre personnalis\u00e9e?<\/strong><br data-start=\"4981\" data-end=\"4984\" \/>- Oui, oui. La personnalisation des couleurs est disponible selon les exigences du client.<\/p>","protected":false},"excerpt":{"rendered":"<p>Le tricycle \u00e9lectrique pour l'utilisation en verger est con\u00e7u pour un transport agricole efficace. Dot\u00e9 d'un syst\u00e8me de levage hydraulique, d'une capacit\u00e9 de charge \u00e9lev\u00e9e et d'une forte capacit\u00e9 d'escalade, il fournit une solution pratique et fiable pour les vergers, les fermes et les op\u00e9rations logistiques rurales.<\/p>","protected":false},"featured_media":5336,"comment_status":"open","ping_status":"closed","template":"","meta":[],"product_brand":[],"product_cat":[78],"product_tag":[],"class_list":{"0":"post-3523","1":"product","2":"type-product","3":"status-publish","4":"has-post-thumbnail","6":"product_cat-electric-tricycle","8":"first","9":"instock","10":"shipping-taxable","11":"purchasable","12":"product-type-simple"},"_links":{"self":[{"href":"https:\/\/www.tairuiauto.com\/fr\/wp-json\/wp\/v2\/product\/3523","targetHints":{"allow":["GET"]}}],"collection":[{"href":"https:\/\/www.tairuiauto.com\/fr\/wp-json\/wp\/v2\/product"}],"about":[{"href":"https:\/\/www.tairuiauto.com\/fr\/wp-json\/wp\/v2\/types\/product"}],"replies":[{"embeddable":true,"href":"https:\/\/www.tairuiauto.com\/fr\/wp-json\/wp\/v2\/comments?post=3523"}],"wp:featuredmedia":[{"embeddable":true,"href":"https:\/\/www.tairuiauto.com\/fr\/wp-json\/wp\/v2\/media\/5336"}],"wp:attachment":[{"href":"https:\/\/www.tairuiauto.com\/fr\/wp-json\/wp\/v2\/media?parent=3523"}],"wp:term":[{"taxonomy":"product_brand","embeddable":true,"href":"https:\/\/www.tairuiauto.com\/fr\/wp-json\/wp\/v2\/product_brand?post=3523"},{"taxonomy":"product_cat","embeddable":true,"href":"https:\/\/www.tairuiauto.com\/fr\/wp-json\/wp\/v2\/product_cat?post=3523"},{"taxonomy":"product_tag","embeddable":true,"href":"https:\/\/www.tairuiauto.com\/fr\/wp-json\/wp\/v2\/product_tag?post=3523"}],"curies":[{"name":"WP","href":"https:\/\/api.w.org\/{rel}","templated":true}]}}