{"id":3534,"date":"2025-09-04T11:37:13","date_gmt":"2025-09-04T03:37:13","guid":{"rendered":"https:\/\/www.tairuiauto.com\/?post_type=product&#038;p=3534"},"modified":"2025-09-12T10:24:37","modified_gmt":"2025-09-12T02:24:37","slug":"commercial-electric-tricycle-for-reliable-cargo-transport","status":"publish","type":"product","link":"https:\/\/www.tairuiauto.com\/fr\/product\/commercial-electric-tricycle-for-reliable-cargo-transport\/","title":{"rendered":"Tricycle \u00e9lectrique commercial"},"content":{"rendered":"<p data-start=\"378\" data-end=\"849\">Le <strong data-start=\"382\" data-end=\"403\">tricycle \u00e9lectrique<\/strong> a rapidement gagn\u00e9 en popularit\u00e9 en tant qu'alternative durable et pratique aux v\u00e9hicules traditionnels \u00e0 base de carburant. Con\u00e7u pour le transport en vrac, le C126 est une solution de qualit\u00e9 commerciale pour les clients de gros qui ont besoin de r\u00e9sistance, de durabilit\u00e9 et d'efficacit\u00e9 \u00e9conomique dans les op\u00e9rations quotidiennes. Sa construction renforc\u00e9e et son syst\u00e8me d'alimentation optimis\u00e9 en font un excellent choix pour les entreprises de la logistique, de l'agriculture, du commerce au d\u00e9tail et de la construction.<\/p>\n<h2 data-start=\"851\" data-end=\"871\">R\u00e9sum\u00e9 du produit<\/h2>\n<p data-start=\"873\" data-end=\"1333\">Con\u00e7u pour les applications de fret exigeantes, le C126 dispose d'un <strong data-start=\"933\" data-end=\"967\">grand lit de charge de 1800 \u00d7 1300mm<\/strong>ce qui le rend adapt\u00e9 aux charges lourdes et surdimensionn\u00e9es. Avec une vitesse maximale de <strong data-start=\"1043\" data-end=\"1054\">45 km\/h<\/strong> et une port\u00e9e de conduite de <strong data-start=\"1078\" data-end=\"1101\">50 \u00e0 60 km par charge<\/strong>Il est id\u00e9al pour le transport \u00e0 courte et moyenne distance. Le v\u00e9hicule est aliment\u00e9 par un <strong data-start=\"1182\" data-end=\"1201\">moteur 60V 1800W<\/strong> avec une option de batterie de longue dur\u00e9e allant de <strong data-start=\"1257\" data-end=\"1274\">45Ah \u00e0 100Ah<\/strong>garantissant une production constante m\u00eame dans des conditions difficiles.<\/p>\n<h2 data-start=\"1335\" data-end=\"1377\">Pourquoi les clients en gros choisissent le C126<\/h2>\n<h3 data-start=\"1379\" data-end=\"1413\">1. <strong data-start=\"1386\" data-end=\"1411\">Manipulation robuste de la cargaison<\/strong><\/h3>\n<p data-start=\"1414\" data-end=\"1664\">Ce tricycle \u00e9lectrique commercial est con\u00e7u en acier haute r\u00e9sistance, offrant une r\u00e9sistance sup\u00e9rieure \u00e0 la d\u00e9formation et \u00e0 l'usure. La structure de cadre durable supporte une vari\u00e9t\u00e9 de types de cargaison, assurant une livraison s\u00fbre m\u00eame dans des environnements difficiles.<\/p>\n<h3 data-start=\"1666\" data-end=\"1708\">2. <strong data-start=\"1673\" data-end=\"1706\">Puissance et efficacit\u00e9 combin\u00e9es<\/strong><\/h3>\n<p data-start=\"1709\" data-end=\"1979\">Le <strong data-start=\"1713\" data-end=\"1750\">Moteur 60V et contr\u00f4leur avanc\u00e9<\/strong> fournir un couple fiable, rendant le tricycle capable de manipuler <strong data-start=\"1816\" data-end=\"1836\">pentes jusqu'\u00e0 15%<\/strong>Son syst\u00e8me \u00e9conome en \u00e9nergie r\u00e9duit les co\u00fbts op\u00e9rationnels tout en maximisant les performances, facteur essentiel pour les entreprises g\u00e9rant de grandes flottes.<\/p>\n<h3 data-start=\"1981\" data-end=\"2016\">3. <strong data-start=\"1988\" data-end=\"2014\">Conception orient\u00e9e s\u00e9curit\u00e9<\/strong><\/h3>\n<p data-start=\"2017\" data-end=\"2264\">Le v\u00e9hicule est \u00e9quip\u00e9 de <strong data-start=\"2049\" data-end=\"2079\">freins \u00e0 tambour avant et arri\u00e8re<\/strong> avec un frein de stationnement manuel, offrant une stabilit\u00e9 et des distances d'arr\u00eat plus courtes. Cela le rend tr\u00e8s adapt\u00e9 aux rues fr\u00e9quent\u00e9es et aux zones de travail o\u00f9 la s\u00e9curit\u00e9 est une priorit\u00e9.<\/p>\n<h3 data-start=\"2266\" data-end=\"2301\">4. <strong data-start=\"2273\" data-end=\"2299\">Op\u00e9rations \u00e9conomisant du temps<\/strong><\/h3>\n<p data-start=\"2302\" data-end=\"2528\">Avec un cycle de charge de seulement <strong data-start=\"2332\" data-end=\"2345\">6 \u00e0 8 heures<\/strong>Le tricycle est pr\u00eat pour plusieurs voyages en une journ\u00e9e. Son syst\u00e8me \u00e9lectrique simple n\u00e9cessite une maintenance minimale, r\u00e9duisant les temps d'arr\u00eat et am\u00e9liorant la productivit\u00e9 pour les clients de gros.<\/p>\n<h2 data-start=\"2530\" data-end=\"2555\">Points saillants techniques<\/h2>\n<ul data-start=\"2557\" data-end=\"2959\">\n<li data-start=\"2557\" data-end=\"2576\">\n<table style=\"border-collapse: collapse; width: 96.2292%; height: 393px;\" border=\"0\" width=\"720\" cellspacing=\"0\" cellpadding=\"0\">\n<tbody>\n<tr style=\"height: 20.00pt;\">\n<td class=\"et5\" style=\"height: 20.00pt; width: 432.45pt;\" colspan=\"2\" width=\"720\" height=\"33\">Configuration standard<\/td>\n<\/tr>\n<tr style=\"height: 20.00pt;\">\n<td class=\"et5\" style=\"height: 20.00pt;\" height=\"33\">Mod\u00e8le<\/td>\n<td class=\"et7\"><a href=\"#\u76ee\u5f55!A1\">C126<\/a><\/td>\n<\/tr>\n<tr style=\"height: 20.00pt;\">\n<td class=\"et6\" style=\"height: 20.00pt; width: 159.05pt;\" width=\"265\" height=\"33\">Couleurs en option<\/td>\n<td class=\"et6\" style=\"width: 273.40pt;\" width=\"455\">rouge, bleu, vert, jaune, gris, blanc<\/td>\n<\/tr>\n<tr style=\"height: 20.00pt;\">\n<td class=\"et6\" style=\"height: 20.00pt; width: 159.05pt;\" width=\"265\" height=\"33\">Mod\u00e8le<\/td>\n<td class=\"et6\" style=\"width: 273.40pt;\" width=\"455\">Zhihuiguan-180<\/td>\n<\/tr>\n<tr style=\"height: 20.00pt;\">\n<td class=\"et6\" style=\"height: 20.00pt; width: 159.05pt;\" width=\"265\" height=\"33\">Taille de bo\u00eete de fret (mm)<\/td>\n<td class=\"et6\" style=\"width: 273.40pt;\" width=\"455\">1800 * 1300mm<\/td>\n<\/tr>\n<tr style=\"height: 20.00pt;\">\n<td class=\"et6\" style=\"height: 20.00pt; width: 159.05pt;\" width=\"265\" height=\"33\">Vitesse maximale (km\/h)<\/td>\n<td class=\"et6\" style=\"width: 273.40pt;\" width=\"455\">45<\/td>\n<\/tr>\n<tr style=\"height: 20.00pt;\">\n<td class=\"et6\" style=\"height: 20.00pt; width: 159.05pt;\" width=\"265\" height=\"33\">Capacit\u00e9 de grade (%)<\/td>\n<td class=\"et6\" style=\"width: 273.40pt;\" width=\"455\">\u2264 15<\/td>\n<\/tr>\n<tr style=\"height: 20.00pt;\">\n<td class=\"et6\" style=\"height: 20.00pt; width: 159.05pt;\" width=\"265\" height=\"33\">Batterie<\/td>\n<td class=\"et6\" style=\"width: 273.40pt;\" width=\"455\">60V45AH-100AH<\/td>\n<\/tr>\n<tr style=\"height: 20.00pt;\">\n<td class=\"et6\" style=\"height: 20.00pt; width: 159.05pt;\" width=\"265\" height=\"33\">Moteur, contr\u00f4leur (w)<\/td>\n<td class=\"et6\" style=\"width: 273.40pt;\" width=\"455\">60V1800W<\/td>\n<\/tr>\n<tr style=\"height: 20.00pt;\">\n<td class=\"et6\" style=\"height: 20.00pt; width: 159.05pt;\" width=\"265\" height=\"33\">Port\u00e9e par charge (km)<\/td>\n<td class=\"et6\" style=\"width: 273.40pt;\" width=\"455\">50-60<\/td>\n<\/tr>\n<tr style=\"height: 20.00pt;\">\n<td class=\"et6\" style=\"height: 20.00pt; width: 159.05pt;\" width=\"265\" height=\"33\">Temps de charge (h)<\/td>\n<td class=\"et6\" style=\"width: 273.40pt;\" width=\"455\">6 ~ 8h<\/td>\n<\/tr>\n<tr style=\"height: 20.00pt;\">\n<td class=\"et6\" style=\"height: 20.00pt; width: 159.05pt;\" width=\"265\" height=\"33\">Pneumatique avant\/arri\u00e8re<\/td>\n<td class=\"et6\" style=\"width: 273.40pt;\" width=\"455\">4.00-12\/4.50-12<\/td>\n<\/tr>\n<tr style=\"height: 20.00pt;\">\n<td class=\"et6\" style=\"height: 20.00pt; width: 159.05pt;\" width=\"265\" height=\"33\">Type de frein avant\/arri\u00e8re<\/td>\n<td class=\"et6\" style=\"width: 273.40pt;\" width=\"455\">Avant \/ arri\u00e8re: tambour<\/td>\n<\/tr>\n<tr style=\"height: 20.00pt;\">\n<td class=\"et6\" style=\"height: 20.00pt; width: 159.05pt;\" width=\"265\" height=\"33\">Frein de stationnement<\/td>\n<td class=\"et6\" style=\"width: 273.40pt;\" width=\"455\">Frein \u00e0 main<\/td>\n<\/tr>\n<\/tbody>\n<\/table>\n<\/li>\n<\/ul>\n<h2 data-start=\"2961\" data-end=\"2996\">Personnalisation et services OEM<\/h2>\n<p data-start=\"2998\" data-end=\"3335\">Comprenant les besoins uniques des clients de gros, le C126 prend en charge un large \u00e9ventail d'options de personnalisation. Les acheteurs peuvent choisir les dimensions pr\u00e9f\u00e9r\u00e9es du lit de fret, les couleurs sp\u00e9cifiques \u00e0 la marque et le placement du logo. Les solutions OEM s'\u00e9tendent aux ajustements de performance tels que les batteries de plus grande capacit\u00e9 ou les mat\u00e9riaux renforc\u00e9s pour les op\u00e9rations lourdes.<\/p>\n<h2 data-start=\"3337\" data-end=\"3363\">Domaines d'application<\/h2>\n<p data-start=\"3365\" data-end=\"3429\">Le <strong data-start=\"3369\" data-end=\"3386\">cargaison e-trike<\/strong> est polyvalent dans plusieurs industries :<\/p>\n<ul data-start=\"3431\" data-end=\"3744\">\n<li data-start=\"3431\" data-end=\"3514\">\n<p data-start=\"3433\" data-end=\"3514\"><strong data-start=\"3433\" data-end=\"3452\">Logistique urbaine<\/strong>: Transport sans heurt des marchandises de d\u00e9tail et livraisons au dernier kilom\u00e8tre.<\/p>\n<\/li>\n<li data-start=\"3515\" data-end=\"3590\">\n<p data-start=\"3517\" data-end=\"3590\"><strong data-start=\"3517\" data-end=\"3532\">L'agriculture<\/strong>Transporter des produits, des outils et des engrais \u00e0 travers les fermes.<\/p>\n<\/li>\n<li data-start=\"3591\" data-end=\"3667\">\n<p data-start=\"3593\" data-end=\"3667\"><strong data-start=\"3593\" data-end=\"3609\">Construction<\/strong>: D\u00e9placement de mati\u00e8res premi\u00e8res telles que le ciment, le sable et les briques.<\/p>\n<\/li>\n<li data-start=\"3668\" data-end=\"3744\">\n<p data-start=\"3670\" data-end=\"3744\"><strong data-start=\"3670\" data-end=\"3692\">Services municipaux<\/strong>Collecte des d\u00e9chets et transport des approvisionnements communautaires.<\/p>\n<\/li>\n<\/ul>\n<h2 data-start=\"3746\" data-end=\"3778\">Un investissement rentable<\/h2>\n<p data-start=\"3780\" data-end=\"4053\">Pour les entreprises qui ach\u00e8tent en vrac, le v\u00e9hicule \u00e9lectrique de gros C126 repr\u00e9sente non seulement un produit, mais une solution \u00e0 long terme. Des d\u00e9penses de carburant plus faibles, des besoins d'entretien r\u00e9duits et des performances respectueuses de l'environnement contribuent tous \u00e0 des \u00e9conomies mesurables au fil du temps.<\/p>\n<p data-start=\"4055\" data-end=\"4337\">En choisissant le C126, les clients de gros obtiennent un partenaire fiable pour les t\u00e2ches logistiques tout en r\u00e9pondant \u00e0 la demande croissante de transport durable. Sa durabilit\u00e9 \u00e9prouv\u00e9e et sa capacit\u00e9 de production \u00e9volutive assurent que chaque commande est livr\u00e9e avec une qualit\u00e9 et des performances constantes.<\/p>","protected":false},"excerpt":{"rendered":"<p>Le populaire tricycle \u00e9lectrique durable C126, con\u00e7u pour le transport en vrac avec une construction renforc\u00e9e et une puissance optimis\u00e9e, offre une r\u00e9sistance, une durabilit\u00e9 et un rendement \u00e9conomique de qualit\u00e9 commerciale aux clients de gros dans la logistique, l'agriculture, le commerce au d\u00e9tail et la construction.<\/p>","protected":false},"featured_media":3535,"comment_status":"open","ping_status":"closed","template":"","meta":[],"product_brand":[],"product_cat":[78],"product_tag":[],"class_list":{"0":"post-3534","1":"product","2":"type-product","3":"status-publish","4":"has-post-thumbnail","6":"product_cat-electric-tricycle","8":"first","9":"instock","10":"shipping-taxable","11":"purchasable","12":"product-type-simple"},"_links":{"self":[{"href":"https:\/\/www.tairuiauto.com\/fr\/wp-json\/wp\/v2\/product\/3534","targetHints":{"allow":["GET"]}}],"collection":[{"href":"https:\/\/www.tairuiauto.com\/fr\/wp-json\/wp\/v2\/product"}],"about":[{"href":"https:\/\/www.tairuiauto.com\/fr\/wp-json\/wp\/v2\/types\/product"}],"replies":[{"embeddable":true,"href":"https:\/\/www.tairuiauto.com\/fr\/wp-json\/wp\/v2\/comments?post=3534"}],"wp:featuredmedia":[{"embeddable":true,"href":"https:\/\/www.tairuiauto.com\/fr\/wp-json\/wp\/v2\/media\/3535"}],"wp:attachment":[{"href":"https:\/\/www.tairuiauto.com\/fr\/wp-json\/wp\/v2\/media?parent=3534"}],"wp:term":[{"taxonomy":"product_brand","embeddable":true,"href":"https:\/\/www.tairuiauto.com\/fr\/wp-json\/wp\/v2\/product_brand?post=3534"},{"taxonomy":"product_cat","embeddable":true,"href":"https:\/\/www.tairuiauto.com\/fr\/wp-json\/wp\/v2\/product_cat?post=3534"},{"taxonomy":"product_tag","embeddable":true,"href":"https:\/\/www.tairuiauto.com\/fr\/wp-json\/wp\/v2\/product_tag?post=3534"}],"curies":[{"name":"WP","href":"https:\/\/api.w.org\/{rel}","templated":true}]}}