{"id":3549,"date":"2026-01-23T13:47:07","date_gmt":"2026-01-23T05:47:07","guid":{"rendered":"https:\/\/www.tairuiauto.com\/?post_type=product&#038;p=3549"},"modified":"2026-01-27T11:04:02","modified_gmt":"2026-01-27T03:04:02","slug":"compact-three-wheel-electric-car","status":"publish","type":"product","link":"https:\/\/www.tairuiauto.com\/fr\/product\/compact-three-wheel-electric-car\/","title":{"rendered":"V\u00e9hicule \u00e9lectrique \u00e0 basse vitesse \u00e9cologique"},"content":{"rendered":"<h2 style=\"padding-left: 40px;\" data-start=\"463\" data-end=\"482\">Aper\u00e7u du produit<\/h2>\n<p style=\"padding-left: 40px;\" data-start=\"484\" data-end=\"782\">Ce mod\u00e8le combine des dimensions compactes avec des performances stables, ce qui le rend adapt\u00e9 aux routes urbaines, aux zones r\u00e9sidentielles et aux environnements de circulation \u00e0 vitesse contr\u00f4l\u00e9e. Son faible co\u00fbt d'exploitation, sa longue autonomie de conduite et sa configuration conviviale le rendent id\u00e9al pour les applications personnelles et commerciales.<\/p>\n<table style=\"border-collapse: collapse; width: 69.9827%; height: 458px; margin-left: 40px;\" border=\"0\" width=\"720\" cellspacing=\"0\" cellpadding=\"0\">\n<tbody style=\"padding-left: 40px;\">\n<tr style=\"height: 20pt; padding-left: 40px;\">\n<td class=\"et4\" style=\"height: 20px; width: 36.7213%; padding-left: 40px;\" width=\"265\" height=\"33\">Mod\u00e8le<\/td>\n<td class=\"et4\" style=\"width: 91.2865%; height: 20px; padding-left: 40px;\" width=\"455\">V\u00e9hicule \u00e9lectrique \u00e0 basse vitesse \u00e9cologique<\/td>\n<\/tr>\n<tr style=\"height: 20pt; padding-left: 40px;\">\n<td class=\"et5\" style=\"height: 20px; width: 36.7213%; padding-left: 40px;\" width=\"265\" height=\"33\">Dimensions (mm)<\/td>\n<td class=\"et5\" style=\"width: 91.2865%; height: 20px; padding-left: 40px;\" width=\"455\">2400*1245*1619<\/td>\n<\/tr>\n<tr style=\"height: 20pt; padding-left: 40px;\">\n<td class=\"et5\" style=\"height: 20px; width: 36.7213%; padding-left: 40px;\" width=\"265\" height=\"33\">Type de corps<\/td>\n<td class=\"et5\" style=\"width: 91.2865%; height: 20px; padding-left: 40px;\" width=\"455\">corps int\u00e9gral<\/td>\n<\/tr>\n<tr style=\"height: 20pt; padding-left: 40px;\">\n<td class=\"et5\" style=\"height: 20px; width: 36.7213%; padding-left: 40px;\" width=\"265\" height=\"33\">Structure du corps<\/td>\n<td class=\"et5\" style=\"width: 91.2865%; height: 20px; padding-left: 40px;\" width=\"455\">2 portes et 2 si\u00e8ges<\/td>\n<\/tr>\n<tr style=\"height: 20pt; padding-left: 40px;\">\n<td class=\"et5\" style=\"height: 20px; width: 36.7213%; padding-left: 40px;\" width=\"265\" height=\"33\">moteur<\/td>\n<td class=\"et5\" style=\"width: 91.2865%; height: 20px; padding-left: 40px;\" width=\"455\">60V1500W AC<\/td>\n<\/tr>\n<tr style=\"height: 20pt; padding-left: 40px;\">\n<td class=\"et5\" style=\"height: 20px; width: 36.7213%; padding-left: 40px;\" width=\"265\" height=\"33\">contr\u00f4leur<\/td>\n<td class=\"et5\" style=\"width: 91.2865%; height: 20px; padding-left: 40px;\" width=\"455\">60V 24tubes<\/td>\n<\/tr>\n<tr style=\"height: 20pt; padding-left: 40px;\">\n<td class=\"et5\" style=\"height: 20px; width: 36.7213%; padding-left: 40px;\" width=\"265\" height=\"33\">Batterie (kwh)<\/td>\n<td class=\"et5\" style=\"width: 91.2865%; height: 20px; padding-left: 40px;\" width=\"455\">60V80AH<\/td>\n<\/tr>\n<tr style=\"height: 20pt; padding-left: 40px;\">\n<td class=\"et5\" style=\"height: 20px; width: 36.7213%; padding-left: 40px;\" width=\"265\" height=\"33\">Temps de charge (H)<\/td>\n<td class=\"et5\" style=\"width: 91.2865%; height: 20px; padding-left: 40px;\" width=\"455\">6-8<\/td>\n<\/tr>\n<tr style=\"height: 20pt; padding-left: 40px;\">\n<td class=\"et5\" style=\"height: 20px; width: 36.7213%; padding-left: 40px;\" width=\"265\" height=\"33\">Distance par charge\/km<\/td>\n<td class=\"et5\" style=\"width: 91.2865%; height: 20px; padding-left: 40px;\" width=\"455\">\u2265 90<\/td>\n<\/tr>\n<tr style=\"height: 20pt; padding-left: 40px;\">\n<td class=\"et5\" style=\"height: 20px; width: 36.7213%; padding-left: 40px;\" width=\"265\" height=\"33\">Suspension avant<\/td>\n<td class=\"et5\" style=\"width: 91.2865%; height: 20px; padding-left: 40px;\" width=\"455\">chocteur hydraulique<\/td>\n<\/tr>\n<tr style=\"height: 20pt; padding-left: 40px;\">\n<td class=\"et5\" style=\"height: 20px; width: 36.7213%; padding-left: 40px;\" width=\"265\" height=\"33\">Suspension arri\u00e8re<\/td>\n<td class=\"et5\" style=\"width: 91.2865%; height: 20px; padding-left: 40px;\" width=\"455\">Suspension \u00e0 bras de tra\u00eenement<\/td>\n<\/tr>\n<tr style=\"height: 20pt; padding-left: 40px;\">\n<td class=\"et5\" style=\"height: 20px; width: 36.7213%; padding-left: 40px;\" width=\"265\" height=\"33\">Pneumatique avant\/arri\u00e8re<\/td>\n<td class=\"et5\" style=\"width: 91.2865%; height: 20px; padding-left: 40px;\" width=\"455\">Avant 120\/70R12<br \/>\nArri\u00e8re 135\/70R12<\/td>\n<\/tr>\n<tr style=\"height: 20pt; padding-left: 40px;\">\n<td class=\"et5\" style=\"height: 20px; width: 36.7213%; padding-left: 40px;\" width=\"265\" height=\"33\">bordure<\/td>\n<td class=\"et5\" style=\"width: 91.2865%; height: 20px; padding-left: 40px;\" width=\"455\">Hub en alliage d'aluminium<\/td>\n<\/tr>\n<tr style=\"height: 20pt; padding-left: 40px;\">\n<td class=\"et5\" style=\"height: 20px; width: 36.7213%; padding-left: 40px;\" width=\"265\" height=\"33\">Syst\u00e8me de frein<\/td>\n<td class=\"et5\" style=\"width: 91.2865%; height: 20px; padding-left: 40px;\" width=\"455\">avant\/arri\u00e8re:disque<\/td>\n<\/tr>\n<tr style=\"height: 20pt; padding-left: 40px;\">\n<td class=\"et5\" style=\"height: 20px; width: 36.7213%; padding-left: 40px;\" width=\"265\" height=\"33\">Degr\u00e9 d'escalade (%)<\/td>\n<td class=\"et5\" style=\"width: 91.2865%; height: 20px; padding-left: 40px;\" width=\"455\">\u2265 25<\/td>\n<\/tr>\n<tr style=\"height: 20pt; padding-left: 40px;\">\n<td class=\"et5\" style=\"height: 20px; width: 36.7213%; padding-left: 40px;\" width=\"265\" height=\"33\">Vitesse maximale (km\/h)<\/td>\n<td class=\"et5\" style=\"width: 91.2865%; height: 20px; padding-left: 40px;\" width=\"455\">45 km\/h<\/td>\n<\/tr>\n<tr style=\"height: 20pt; padding-left: 40px;\">\n<td class=\"et5\" style=\"height: 20px; width: 36.7213%; padding-left: 40px;\" width=\"265\" height=\"33\">Mode de direction<\/td>\n<td class=\"et5\" style=\"width: 91.2865%; height: 20px; padding-left: 40px;\" width=\"455\">guidon moyen<\/td>\n<\/tr>\n<tr style=\"height: 20pt; padding-left: 40px;\">\n<td class=\"et5\" style=\"height: 20px; width: 36.7213%; padding-left: 40px;\" width=\"265\" height=\"33\">Capacit\u00e9 du conteneur<\/td>\n<td class=\"et5\" style=\"width: 91.2865%; height: 20px; padding-left: 40px;\" width=\"455\">9 PCS SKD\/40&#8217; Si\u00e8ge<\/td>\n<\/tr>\n<tr style=\"height: 20pt; padding-left: 40px;\">\n<td class=\"et5\" style=\"height: 20px; width: 36.7213%; padding-left: 40px;\" width=\"265\" height=\"33\">certificat<\/td>\n<td class=\"et5\" style=\"width: 91.2865%; height: 20px; padding-left: 40px;\" width=\"455\">CEE \/ COC \/ L2e-P<\/td>\n<\/tr>\n<tr style=\"height: 20pt; padding-left: 40px;\">\n<td class=\"et5\" style=\"height: 78px; width: 36.7213%; padding-left: 40px;\" rowspan=\"3\" width=\"265\" height=\"100\">Dispositif de fonction<\/td>\n<td class=\"et5\" style=\"width: 91.2865%; height: 26px; padding-left: 40px;\" width=\"455\">Un bouton de d\u00e9marrage<\/td>\n<\/tr>\n<tr style=\"height: 20pt; padding-left: 40px;\">\n<td class=\"et5\" style=\"width: 91.2865%; height: 26px; padding-left: 40px;\" width=\"455\">Lumi\u00e8res LED<\/td>\n<\/tr>\n<tr style=\"height: 20pt; padding-left: 40px;\">\n<td class=\"et5\" style=\"width: 91.2865%; height: 26px; padding-left: 40px;\" width=\"455\">Cam\u00e9ra inverse \/ chauffage \/ fen\u00eatre \u00e9lectrique<\/td>\n<\/tr>\n<\/tbody>\n<\/table>\n<hr style=\"padding-left: 40px;\" data-start=\"784\" data-end=\"787\" \/>\n<h2 style=\"padding-left: 40px;\" data-start=\"789\" data-end=\"811\">Description du produit<\/h2>\n<h3 style=\"padding-left: 40px;\" data-start=\"813\" data-end=\"835\">Cat\u00e9gorie de produit<\/h3>\n<p style=\"padding-left: 40px;\" data-start=\"836\" data-end=\"919\">V\u00e9hicule \u00e9lectrique \u00e0 basse vitesse \/ voiture \u00e9lectrique urbaine \/ v\u00e9hicule de mobilit\u00e9 \u00e9lectrique compact<\/p>\n<h3 style=\"padding-left: 40px;\" data-start=\"921\" data-end=\"946\">Description du produit<\/h3>\n<p style=\"padding-left: 40px;\" data-start=\"948\" data-end=\"1275\">Le <strong data-start=\"952\" data-end=\"995\">V\u00e9hicule \u00e9lectrique \u00e0 basse vitesse \u00e9cologique<\/strong> poss\u00e8de une dimension globale de <strong data-start=\"1029\" data-end=\"1054\">2400 \u00d7 1245 \u00d7 1619 mm<\/strong>offrant une empreinte compacte tout en maintenant des si\u00e8ges confortables pour <strong data-start=\"1128\" data-end=\"1144\">2 passagers<\/strong>Le v\u00e9hicule adopte un <strong data-start=\"1168\" data-end=\"1195\">structure int\u00e9grale du corps<\/strong> avec <strong data-start=\"1201\" data-end=\"1224\">2 portes et 2 si\u00e8ges<\/strong>offrant une rigidit\u00e9 am\u00e9lior\u00e9e et une stabilit\u00e9 de conduite.<\/p>\n<p style=\"padding-left: 40px;\" data-start=\"1277\" data-end=\"1658\">Il est aliment\u00e9 par un <strong data-start=\"1296\" data-end=\"1318\">Moteur AC 60V 1500W<\/strong> jumel\u00e9 avec un <strong data-start=\"1333\" data-end=\"1359\">Contr\u00f4leur \u00e0 24 tubes 60V<\/strong>garantissant une livraison d'\u00e9nergie en douceur et une utilisation efficace de l'\u00e9nergie. Le v\u00e9hicule est \u00e9quip\u00e9 d'un <strong data-start=\"1457\" data-end=\"1477\">Batterie 60V 80Ah<\/strong>offrant une autonomie de conduite de <strong data-start=\"1509\" data-end=\"1530\">\u226590 km par charge<\/strong>Convient pour les d\u00e9placements quotidiens prolong\u00e9s. Le temps de charge est approximativement <strong data-start=\"1602\" data-end=\"1615\">6 \u00e0 8 heures<\/strong>, soutenant le chargement nocturne pratique.<\/p>\n<p style=\"padding-left: 40px;\" data-start=\"1277\" data-end=\"1658\"><img fetchpriority=\"high\" decoding=\"async\" class=\"aligncenter wp-image-3561 size-medium\" src=\"https:\/\/www.tairuiauto.com\/wp-content\/uploads\/2025\/09\/IMG_1605_\u526f\u672c-300x180.jpg\" alt=\"\" width=\"300\" height=\"180\" srcset=\"\" sizes=\"(max-width: 300px) 100vw, 300px\" data-srcset=\"\" \/><\/p>\n<p style=\"padding-left: 40px;\" data-start=\"1660\" data-end=\"1995\">Le syst\u00e8me de suspension se compose d'un <strong data-start=\"1696\" data-end=\"1730\">amortisseur hydraulique avant<\/strong> et un <strong data-start=\"1737\" data-end=\"1765\">suspension \u00e0 bras tra\u00eeneur arri\u00e8re<\/strong>am\u00e9liorant efficacement le confort de conduite et l'adaptabilit\u00e9 routi\u00e8re. La configuration des pneus comprend <strong data-start=\"1853\" data-end=\"1878\">Pneumatiques avant 120\/70R12<\/strong> et <strong data-start=\"1883\" data-end=\"1907\">Pneumatiques arri\u00e8re 135\/70R12<\/strong>combin\u00e9 avec <strong data-start=\"1923\" data-end=\"1946\">moyeux en alliage d'aluminium<\/strong> pour am\u00e9liorer la durabilit\u00e9 et r\u00e9duire le poids global.<\/p>\n<p style=\"padding-left: 40px;\" data-start=\"1997\" data-end=\"2273\">Pour la s\u00e9curit\u00e9, le v\u00e9hicule adopte un <strong data-start=\"2030\" data-end=\"2066\">syst\u00e8me de frein \u00e0 disques avant et arri\u00e8re<\/strong>offrant des performances de freinage fiables dans des conditions de conduite urbaines. Avec un <strong data-start=\"2146\" data-end=\"2174\">capacit\u00e9 d'escalade de \u226525%<\/strong> et un <strong data-start=\"2181\" data-end=\"2205\">vitesse maximale de 45 km\/h<\/strong>Il r\u00e9pond aux exigences de la r\u00e9glementation sur la mobilit\u00e9 urbaine \u00e0 basse vitesse.<\/p>\n<p style=\"padding-left: 40px;\" data-start=\"2275\" data-end=\"2621\">La direction est command\u00e9e par un <strong data-start=\"2306\" data-end=\"2340\">Mode de direction au guidon moyen<\/strong>offrant une manipulation facile et un contr\u00f4le pr\u00e9cis. Le v\u00e9hicule soutient <strong data-start=\"2407\" data-end=\"2423\">Exp\u00e9dition SKD<\/strong>avec une capacit\u00e9 de conteneur de <strong data-start=\"2454\" data-end=\"2484\">9 unit\u00e9s par conteneur 40HQ<\/strong>optimiser l'efficacit\u00e9 des transports internationaux. Il est certifi\u00e9 sous <strong data-start=\"2560\" data-end=\"2581\">CEE \/ COC \/ L2e-P<\/strong>r\u00e9pondre aux normes r\u00e9glementaires europ\u00e9ennes.<\/p>\n<hr style=\"padding-left: 40px;\" data-start=\"2623\" data-end=\"2626\" \/>\n<h2 style=\"padding-left: 40px;\" data-start=\"2628\" data-end=\"2656\">Caract\u00e9ristiques cl\u00e9s &amp; Avantages<\/h2>\n<h3 style=\"padding-left: 40px;\" data-start=\"2658\" data-end=\"2672\">Caract\u00e9ristiques<\/h3>\n<ul>\n<li style=\"list-style-type: none;\">\n<ul data-start=\"2673\" data-end=\"2878\">\n<li data-start=\"2673\" data-end=\"2721\">\n<p data-start=\"2675\" data-end=\"2721\">Conception int\u00e9grale du corps avec des dimensions compactes<\/p>\n<\/li>\n<li data-start=\"2722\" data-end=\"2768\">\n<p data-start=\"2724\" data-end=\"2768\">Moteur AC 60V 1500W avec contr\u00f4leur \u00e0 24 tubes<\/p>\n<\/li>\n<li data-start=\"2769\" data-end=\"2809\">\n<p data-start=\"2771\" data-end=\"2809\">Longue autonomie de conduite \u226590 km par charge<\/p>\n<\/li>\n<li data-start=\"2810\" data-end=\"2848\">\n<p data-start=\"2812\" data-end=\"2848\">Syst\u00e8me de freinage \u00e0 disques avant et arri\u00e8re<\/p>\n<\/li>\n<li data-start=\"2849\" data-end=\"2878\">\n<p data-start=\"2851\" data-end=\"2878\">Moyeux de roues en alliage d'aluminium<\/p>\n<\/li>\n<\/ul>\n<\/li>\n<\/ul>\n<h3 style=\"padding-left: 40px;\" data-start=\"2880\" data-end=\"2896\">Avantages<\/h3>\n<ul>\n<li style=\"list-style-type: none;\">\n<ul data-start=\"2897\" data-end=\"3086\">\n<li data-start=\"2897\" data-end=\"2944\">\n<p data-start=\"2899\" data-end=\"2944\">Fonctionnement \u00e9cologique et \u00e9co-\u00e9nerg\u00e9tique<\/p>\n<\/li>\n<li data-start=\"2945\" data-end=\"2993\">\n<p data-start=\"2947\" data-end=\"2993\">Performance stable pour les conditions routi\u00e8res urbaines<\/p>\n<\/li>\n<li data-start=\"2994\" data-end=\"3041\">\n<p data-start=\"2996\" data-end=\"3041\">Suspension confortable et freinage fiable<\/p>\n<\/li>\n<li data-start=\"3042\" data-end=\"3086\">\n<p data-start=\"3044\" data-end=\"3086\">Certifi\u00e9 pour la conformit\u00e9 du march\u00e9 europ\u00e9en<\/p>\n<\/li>\n<\/ul>\n<\/li>\n<\/ul>\n<h3 style=\"padding-left: 40px;\" data-start=\"3088\" data-end=\"3108\">Avantages pour l'acheteur<\/h3>\n<ul>\n<li style=\"list-style-type: none;\">\n<ul data-start=\"3109\" data-end=\"3297\">\n<li data-start=\"3109\" data-end=\"3152\">\n<p data-start=\"3111\" data-end=\"3152\">Co\u00fbts d'exploitation et d'entretien plus bas<\/p>\n<\/li>\n<li data-start=\"3153\" data-end=\"3192\">\n<p data-start=\"3155\" data-end=\"3192\">Conformit\u00e9 aux normes CEE\/COC<\/p>\n<\/li>\n<li data-start=\"3193\" data-end=\"3240\">\n<p data-start=\"3195\" data-end=\"3240\">Chargement efficace des conteneurs pour l'exportation en vrac<\/p>\n<\/li>\n<li data-start=\"3241\" data-end=\"3297\">\n<p data-start=\"3243\" data-end=\"3297\">Id\u00e9al pour la mobilit\u00e9 urbaine et les trajets \u00e0 courte distance<\/p>\n<\/li>\n<\/ul>\n<\/li>\n<\/ul>\n<h3 style=\"padding-left: 40px;\" data-start=\"3299\" data-end=\"3313\">La preuve<\/h3>\n<ul>\n<li style=\"list-style-type: none;\">\n<ul data-start=\"3314\" data-end=\"3441\">\n<li data-start=\"3314\" data-end=\"3355\">\n<p data-start=\"3316\" data-end=\"3355\">Configuration du moteur et du contr\u00f4leur AC<\/p>\n<\/li>\n<li data-start=\"3356\" data-end=\"3401\">\n<p data-start=\"3358\" data-end=\"3401\">Disposition \u00e9prouv\u00e9e de la suspension et du syst\u00e8me de freinage<\/p>\n<\/li>\n<li data-start=\"3402\" data-end=\"3441\">\n<p data-start=\"3404\" data-end=\"3441\">Soutien \u00e0 la certification internationale<\/p>\n<\/li>\n<\/ul>\n<\/li>\n<\/ul>\n<hr style=\"padding-left: 40px;\" data-start=\"3443\" data-end=\"3446\" \/>\n<h2 style=\"padding-left: 40px;\" data-start=\"3448\" data-end=\"3472\">Sc\u00e9narios d'application<\/h2>\n<ul>\n<li style=\"list-style-type: none;\">\n<ul data-start=\"3474\" data-end=\"3658\">\n<li data-start=\"3474\" data-end=\"3508\">\n<p data-start=\"3476\" data-end=\"3508\">Travail urbain \u00e0 courte distance<\/p>\n<\/li>\n<li data-start=\"3509\" data-end=\"3549\">\n<p data-start=\"3511\" data-end=\"3549\">Transport communautaire r\u00e9sidentiel<\/p>\n<\/li>\n<li data-start=\"3550\" data-end=\"3573\">\n<p data-start=\"3552\" data-end=\"3573\">Mobilit\u00e9 urbaine quotidienne<\/p>\n<\/li>\n<li data-start=\"3574\" data-end=\"3610\">\n<p data-start=\"3576\" data-end=\"3610\">Utilisation commerciale et de service l\u00e9g\u00e8re<\/p>\n<\/li>\n<li data-start=\"3611\" data-end=\"3658\">\n<p data-start=\"3613\" data-end=\"3658\">Projets de transport respectueux de l'environnement<\/p>\n<\/li>\n<\/ul>\n<\/li>\n<\/ul>\n<hr style=\"padding-left: 40px;\" data-start=\"3660\" data-end=\"3663\" \/>\n<h2 style=\"padding-left: 40px;\" data-start=\"3665\" data-end=\"3723\">Pourquoi choisir ce v\u00e9hicule \u00e9lectrique \u00e0 basse vitesse \u00e9cologique<\/h2>\n<p style=\"padding-left: 40px;\" data-start=\"3725\" data-end=\"3974\">Ce mod\u00e8le offre un excellent \u00e9quilibre entre taille compacte, longue port\u00e9e et configuration conforme. Son corps int\u00e9gr\u00e9, son syst\u00e8me \u00e9lectrique efficace et sa conception ax\u00e9e sur la s\u00e9curit\u00e9 en font une solution fiable pour les march\u00e9s du transport urbain \u00e0 basse vitesse.<\/p>\n<hr style=\"padding-left: 40px;\" data-start=\"3976\" data-end=\"3979\" \/>\n<h2 style=\"padding-left: 40px;\" data-start=\"3981\" data-end=\"4004\">Emballage &amp; Livraison<\/h2>\n<ul>\n<li style=\"list-style-type: none;\">\n<ul data-start=\"4006\" data-end=\"4166\">\n<li data-start=\"4006\" data-end=\"4046\">\n<p data-start=\"4008\" data-end=\"4046\"><strong data-start=\"4008\" data-end=\"4026\">Certification :<\/strong> CEE \/ COC \/ L2e-P<\/p>\n<\/li>\n<li data-start=\"4047\" data-end=\"4091\">\n<p data-start=\"4049\" data-end=\"4091\"><strong data-start=\"4049\" data-end=\"4072\">Capacit\u00e9 du conteneur:<\/strong> 9 PCS SKD \/ 40HQ<\/p>\n<\/li>\n<li data-start=\"4092\" data-end=\"4139\">\n<p data-start=\"4094\" data-end=\"4139\"><strong data-start=\"4094\" data-end=\"4113\">M\u00e9thode d'emballage:<\/strong> Emballage standard \u00e0 l'exportation<\/p>\n<\/li>\n<li data-start=\"4140\" data-end=\"4166\">\n<p data-start=\"4142\" data-end=\"4166\"><strong data-start=\"4142\" data-end=\"4160\">Formulaire de livraison :<\/strong> SKD<\/p>\n<\/li>\n<\/ul>\n<\/li>\n<\/ul>\n<hr style=\"padding-left: 40px;\" data-start=\"4168\" data-end=\"4171\" \/>\n<h2 style=\"padding-left: 40px;\" data-start=\"4173\" data-end=\"4179\">FAQ (questions fr\u00e9quentes)<\/h2>\n<p style=\"padding-left: 40px;\" data-start=\"4181\" data-end=\"4328\"><strong data-start=\"4181\" data-end=\"4234\">Q1: Quelle est la port\u00e9e maximale par charge?<\/strong><br data-start=\"4234\" data-end=\"4237\" \/>Le v\u00e9hicule offre une autonomie de <strong data-start=\"4275\" data-end=\"4285\">\u226590 km<\/strong>en fonction de la charge et des conditions de conduite.<\/p>\n<p style=\"padding-left: 40px;\" data-start=\"4330\" data-end=\"4462\"><strong data-start=\"4330\" data-end=\"4377\">Q2: Quel type de moteur utilise ce mod\u00e8le?<\/strong><br data-start=\"4377\" data-end=\"4380\" \/>Il est \u00e9quip\u00e9 d'un <strong data-start=\"4402\" data-end=\"4424\">Moteur AC 60V 1500W<\/strong> pour une performance stable et efficace.<\/p>\n<p style=\"padding-left: 40px;\" data-start=\"4464\" data-end=\"4611\"><strong data-start=\"4464\" data-end=\"4518\">Q3: Ce v\u00e9hicule convient-il aux march\u00e9s europ\u00e9ens?<\/strong><br data-start=\"4518\" data-end=\"4521\" \/>- Oui, oui. Il est certifi\u00e9 avec <strong data-start=\"4547\" data-end=\"4568\">CEE \/ COC \/ L2e-P<\/strong>r\u00e9pondre aux exigences r\u00e9glementaires europ\u00e9ennes.<\/p>\n<p style=\"padding-left: 40px;\" data-start=\"4613\" data-end=\"4766\"><strong data-start=\"4613\" data-end=\"4655\">Q4: Quelles caract\u00e9ristiques de s\u00e9curit\u00e9 sont incluses?<\/strong><br data-start=\"4655\" data-end=\"4658\" \/>Caract\u00e9ristiques du v\u00e9hicule <strong data-start=\"4679\" data-end=\"4709\">freins \u00e0 disque avant et arri\u00e8re<\/strong>suspension hydraulique, lumi\u00e8res LED et cam\u00e9ra arri\u00e8re.<\/p>\n<p style=\"padding-left: 40px;\" data-start=\"4768\" data-end=\"4873\"><strong data-start=\"4768\" data-end=\"4803\">Q5: Comment le v\u00e9hicule est-il exp\u00e9di\u00e9?<\/strong><br data-start=\"4803\" data-end=\"4806\" \/>Il est exp\u00e9di\u00e9 en <strong data-start=\"4823\" data-end=\"4835\">Formulaire SKD<\/strong>avec <strong data-start=\"4842\" data-end=\"4872\">9 unit\u00e9s par conteneur 40HQ<\/strong>.<\/p>","protected":false},"excerpt":{"rendered":"<p>Le <strong data-start=\"123\" data-end=\"166\">V\u00e9hicule \u00e9lectrique \u00e0 basse vitesse \u00e9cologique<\/strong> est un v\u00e9hicule \u00e9lectrique compact et \u00e9conome en \u00e9nergie con\u00e7u pour le transport urbain \u00e0 courte distance. Avec une structure de carrosserie enti\u00e8rement int\u00e9gr\u00e9e, un syst\u00e8me d'alimentation \u00e9lectrique fiable et une configuration de s\u00e9curit\u00e9 am\u00e9lior\u00e9e, il offre une solution de mobilit\u00e9 pratique pour les d\u00e9placements en ville et l'utilisation quotidienne l\u00e9g\u00e8re.<\/p>","protected":false},"featured_media":5377,"comment_status":"open","ping_status":"closed","template":"","meta":[],"product_brand":[],"product_cat":[78],"product_tag":[],"class_list":{"0":"post-3549","1":"product","2":"type-product","3":"status-publish","4":"has-post-thumbnail","6":"product_cat-electric-tricycle","8":"first","9":"instock","10":"shipping-taxable","11":"purchasable","12":"product-type-simple"},"_links":{"self":[{"href":"https:\/\/www.tairuiauto.com\/fr\/wp-json\/wp\/v2\/product\/3549","targetHints":{"allow":["GET"]}}],"collection":[{"href":"https:\/\/www.tairuiauto.com\/fr\/wp-json\/wp\/v2\/product"}],"about":[{"href":"https:\/\/www.tairuiauto.com\/fr\/wp-json\/wp\/v2\/types\/product"}],"replies":[{"embeddable":true,"href":"https:\/\/www.tairuiauto.com\/fr\/wp-json\/wp\/v2\/comments?post=3549"}],"wp:featuredmedia":[{"embeddable":true,"href":"https:\/\/www.tairuiauto.com\/fr\/wp-json\/wp\/v2\/media\/5377"}],"wp:attachment":[{"href":"https:\/\/www.tairuiauto.com\/fr\/wp-json\/wp\/v2\/media?parent=3549"}],"wp:term":[{"taxonomy":"product_brand","embeddable":true,"href":"https:\/\/www.tairuiauto.com\/fr\/wp-json\/wp\/v2\/product_brand?post=3549"},{"taxonomy":"product_cat","embeddable":true,"href":"https:\/\/www.tairuiauto.com\/fr\/wp-json\/wp\/v2\/product_cat?post=3549"},{"taxonomy":"product_tag","embeddable":true,"href":"https:\/\/www.tairuiauto.com\/fr\/wp-json\/wp\/v2\/product_tag?post=3549"}],"curies":[{"name":"WP","href":"https:\/\/api.w.org\/{rel}","templated":true}]}}