{"id":3565,"date":"2025-09-06T08:22:06","date_gmt":"2025-09-06T00:22:06","guid":{"rendered":"https:\/\/www.tairuiauto.com\/?post_type=product&#038;p=3565"},"modified":"2025-09-06T08:39:58","modified_gmt":"2025-09-06T00:39:58","slug":"electric-passenger-trike","status":"publish","type":"product","link":"https:\/\/www.tairuiauto.com\/fr\/product\/electric-passenger-trike\/","title":{"rendered":"Trike de passagers \u00e9lectrique"},"content":{"rendered":"<h2 data-start=\"256\" data-end=\"280\">Description du produit<\/h2>\n<p data-start=\"843\" data-end=\"1249\">Ceci <strong data-start=\"848\" data-end=\"876\">Trike de passagers \u00e9lectrique<\/strong> souligne la stabilit\u00e9 avec <strong data-start=\"903\" data-end=\"933\">freins \u00e0 disque avant et arri\u00e8re<\/strong>amortissement hydraulique et moyeux en alliage d'aluminium. Des fonctionnalit\u00e9s intelligentes modernes telles que <strong data-start=\"1018\" data-end=\"1096\">d\u00e9marrage \u00e0 un bouton, lumi\u00e8res LED, cam\u00e9ra arri\u00e8re, chauffage et fen\u00eatres \u00e9lectriques<\/strong> am\u00e9liorer la commodit\u00e9, en s'assurant que l'A801 est plus qu'un simple <strong data-start=\"1168\" data-end=\"1193\">V\u00e9hicule \u00e9lectrique ville<\/strong>C\u2019est une solution de mobilit\u00e9 confortable et fiable.<\/p>\n<table style=\"border-collapse: collapse; width: 82.7865%; height: 634px;\" border=\"0\" width=\"720\" cellspacing=\"0\" cellpadding=\"0\">\n<tbody>\n<tr style=\"height: 20.00pt;\">\n<td class=\"et4\" style=\"height: 20.00pt; width: 159.05pt;\" width=\"265\" height=\"33\">Mod\u00e8le<\/td>\n<td class=\"et4\" style=\"width: 273.40pt;\" width=\"455\">A801<\/td>\n<\/tr>\n<tr style=\"height: 20.00pt;\">\n<td class=\"et5\" style=\"height: 20.00pt; width: 159.05pt;\" width=\"265\" height=\"33\">Dimensions (mm)<\/td>\n<td class=\"et5\" style=\"width: 273.40pt;\" width=\"455\">2400*1245*1619<\/td>\n<\/tr>\n<tr style=\"height: 20.00pt;\">\n<td class=\"et5\" style=\"height: 20.00pt; width: 159.05pt;\" width=\"265\" height=\"33\">Type de corps<\/td>\n<td class=\"et5\" style=\"width: 273.40pt;\" width=\"455\">corps int\u00e9gral<\/td>\n<\/tr>\n<tr style=\"height: 20.00pt;\">\n<td class=\"et5\" style=\"height: 20.00pt; width: 159.05pt;\" width=\"265\" height=\"33\">Structure du corps<\/td>\n<td class=\"et5\" style=\"width: 273.40pt;\" width=\"455\">2 portes et 2 si\u00e8ges<\/td>\n<\/tr>\n<tr style=\"height: 20.00pt;\">\n<td class=\"et5\" style=\"height: 20.00pt; width: 159.05pt;\" width=\"265\" height=\"33\">moteur<\/td>\n<td class=\"et5\" style=\"width: 273.40pt;\" width=\"455\">60V1500W DC<\/td>\n<\/tr>\n<tr style=\"height: 20.00pt;\">\n<td class=\"et5\" style=\"height: 20.00pt; width: 159.05pt;\" width=\"265\" height=\"33\">contr\u00f4leur<\/td>\n<td class=\"et5\" style=\"width: 273.40pt;\" width=\"455\">60V 24tubes<\/td>\n<\/tr>\n<tr style=\"height: 20.00pt;\">\n<td class=\"et5\" style=\"height: 20.00pt; width: 159.05pt;\" width=\"265\" height=\"33\">Batterie (kwh)<\/td>\n<td class=\"et5\" style=\"width: 273.40pt;\" width=\"455\">60V80AH<\/td>\n<\/tr>\n<tr style=\"height: 20.00pt;\">\n<td class=\"et5\" style=\"height: 20.00pt; width: 159.05pt;\" width=\"265\" height=\"33\">Temps de charge (H)<\/td>\n<td class=\"et5\" style=\"width: 273.40pt;\" width=\"455\">6-8<\/td>\n<\/tr>\n<tr style=\"height: 20.00pt;\">\n<td class=\"et5\" style=\"height: 20.00pt; width: 159.05pt;\" width=\"265\" height=\"33\">Distance par charge\/km<\/td>\n<td class=\"et5\" style=\"width: 273.40pt;\" width=\"455\">\u2265 90<\/td>\n<\/tr>\n<tr style=\"height: 20.00pt;\">\n<td class=\"et5\" style=\"height: 20.00pt; width: 159.05pt;\" width=\"265\" height=\"33\">Suspension avant<\/td>\n<td class=\"et5\" style=\"width: 273.40pt;\" width=\"455\">chocteur hydraulique<\/td>\n<\/tr>\n<tr style=\"height: 20.00pt;\">\n<td class=\"et5\" style=\"height: 20.00pt; width: 159.05pt;\" width=\"265\" height=\"33\">Suspension arri\u00e8re<\/td>\n<td class=\"et5\" style=\"width: 273.40pt;\" width=\"455\">Suspension \u00e0 bras de tra\u00eenement<\/td>\n<\/tr>\n<tr style=\"height: 20.00pt;\">\n<td class=\"et5\" style=\"height: 20.00pt; width: 159.05pt;\" width=\"265\" height=\"33\">Pneumatique avant\/arri\u00e8re<\/td>\n<td class=\"et5\" style=\"width: 273.40pt;\" width=\"455\">Avant 120\/70R12<br \/>\nArri\u00e8re 135\/70R12<\/td>\n<\/tr>\n<tr style=\"height: 20.00pt;\">\n<td class=\"et5\" style=\"height: 20.00pt; width: 159.05pt;\" width=\"265\" height=\"33\">bordure<\/td>\n<td class=\"et5\" style=\"width: 273.40pt;\" width=\"455\">Hub en alliage d'aluminium<\/td>\n<\/tr>\n<tr style=\"height: 20.00pt;\">\n<td class=\"et5\" style=\"height: 20.00pt; width: 159.05pt;\" width=\"265\" height=\"33\">Syst\u00e8me de frein<\/td>\n<td class=\"et5\" style=\"width: 273.40pt;\" width=\"455\">avant\/arri\u00e8re:disque<\/td>\n<\/tr>\n<tr style=\"height: 20.00pt;\">\n<td class=\"et5\" style=\"height: 20.00pt; width: 159.05pt;\" width=\"265\" height=\"33\">Degr\u00e9 d'escalade (%)<\/td>\n<td class=\"et5\" style=\"width: 273.40pt;\" width=\"455\">\u2264 25<\/td>\n<\/tr>\n<tr style=\"height: 20.00pt;\">\n<td class=\"et5\" style=\"height: 20.00pt; width: 159.05pt;\" width=\"265\" height=\"33\">Vitesse maximale (km\/h)<\/td>\n<td class=\"et5\" style=\"width: 273.40pt;\" width=\"455\">25 km\/h<\/td>\n<\/tr>\n<tr style=\"height: 20.00pt;\">\n<td class=\"et5\" style=\"height: 20.00pt; width: 159.05pt;\" width=\"265\" height=\"33\">Mode de direction<\/td>\n<td class=\"et5\" style=\"width: 273.40pt;\" width=\"455\">guidon moyen<\/td>\n<\/tr>\n<tr style=\"height: 20.00pt;\">\n<td class=\"et5\" style=\"height: 20.00pt; width: 159.05pt;\" width=\"265\" height=\"33\">Capacit\u00e9 du conteneur<\/td>\n<td class=\"et5\" style=\"width: 273.40pt;\" width=\"455\">9 PCS SKD\/40&#8217; Si\u00e8ge<\/td>\n<\/tr>\n<tr style=\"height: 20.00pt;\">\n<td class=\"et5\" style=\"height: 20.00pt; width: 159.05pt;\" width=\"265\" height=\"33\">certificat<\/td>\n<td class=\"et5\" style=\"width: 273.40pt;\" width=\"455\">CEE \/ COC \/ L2e-P<\/td>\n<\/tr>\n<tr style=\"height: 20.00pt;\">\n<td class=\"et5\" style=\"height: 60.00pt; width: 159.05pt;\" rowspan=\"3\" width=\"265\" height=\"100\">Dispositif de fonction<\/td>\n<td class=\"et5\" style=\"width: 273.40pt;\" width=\"455\">Un bouton de d\u00e9marrage<\/td>\n<\/tr>\n<tr style=\"height: 20.00pt;\">\n<td class=\"et5\" style=\"width: 273.40pt;\" width=\"455\">Lumi\u00e8res LED<\/td>\n<\/tr>\n<tr style=\"height: 20.00pt;\">\n<td class=\"et5\" style=\"width: 273.40pt;\" width=\"455\">Cam\u00e9ra inverse \/ chauffage \/ fen\u00eatre \u00e9lectrique<\/td>\n<\/tr>\n<\/tbody>\n<\/table>\n<hr data-start=\"1251\" data-end=\"1254\" \/>\n<h2 data-start=\"1256\" data-end=\"1299\">Caract\u00e9ristiques &amp; Avantages (points de vente)<\/h2>\n<ol data-start=\"1301\" data-end=\"2234\">\n<li data-start=\"1301\" data-end=\"1505\">\n<p data-start=\"1304\" data-end=\"1505\"><strong data-start=\"1304\" data-end=\"1328\">Gamme quotidienne fiable<\/strong><br data-start=\"1328\" data-end=\"1331\" \/>Le tricycle \u00e9lectrique A801 r\u00e9alise un <strong data-start=\"1369\" data-end=\"1396\">\u226590 km de port\u00e9e par charge<\/strong>ce qui en fait un fiable <strong data-start=\"1421\" data-end=\"1442\">navette urbaine EV<\/strong> pour les voyages de shopping, les courses familiales et les voyages de quartier.<\/p>\n<\/li>\n<li data-start=\"1507\" data-end=\"1755\">\n<p data-start=\"1510\" data-end=\"1755\"><strong data-start=\"1510\" data-end=\"1543\">\u00c9quilibre puissance et efficacit\u00e9<\/strong><br data-start=\"1543\" data-end=\"1546\" \/>Aliment\u00e9 par un <strong data-start=\"1559\" data-end=\"1577\">Moteur DC 1500W<\/strong> avec un <strong data-start=\"1585\" data-end=\"1611\">Contr\u00f4leur \u00e0 24 tubes 60V<\/strong>L'A801 offre une acc\u00e9l\u00e9ration constante et une efficacit\u00e9 \u00e9nerg\u00e9tique, le positionnant comme un <strong data-start=\"1702\" data-end=\"1730\">Voiture \u00e9lectrique \u00e0 trois roues<\/strong> pour une conduite en ville s\u00fbre.<\/p>\n<\/li>\n<li data-start=\"1757\" data-end=\"1993\">\n<p data-start=\"1760\" data-end=\"1993\"><strong data-start=\"1760\" data-end=\"1787\">Design orient\u00e9 confort<\/strong><br data-start=\"1787\" data-end=\"1790\" \/>Le <strong data-start=\"1794\" data-end=\"1845\">chauffage, fen\u00eatres \u00e9lectriques et si\u00e8ges ergonomiques<\/strong> offrant une conduite confortable, rendant l'A801 non seulement fonctionnel mais aussi un <strong data-start=\"1921\" data-end=\"1958\">trike \u00e9lectrique convivial pour les passagers<\/strong> Convient aux personnes \u00e2g\u00e9es et aux familles.<\/p>\n<\/li>\n<li data-start=\"1995\" data-end=\"2234\">\n<p data-start=\"1998\" data-end=\"2234\"><strong data-start=\"1998\" data-end=\"2026\">Caract\u00e9ristiques de s\u00e9curit\u00e9 am\u00e9lior\u00e9es<\/strong><br data-start=\"2026\" data-end=\"2029\" \/>Avec <strong data-start=\"2034\" data-end=\"2116\">freins \u00e0 disque avant et arri\u00e8re, suspension hydraulique et suspension arri\u00e8re \u00e0 bras tra\u00eeneur<\/strong>Le tricycle \u00e9lectrique A801 assure une maniabilit\u00e9 et une stabilit\u00e9 s\u00fbres, ce qui en fait un <strong data-start=\"2206\" data-end=\"2231\">V\u00e9hicule \u00e9lectrique ville<\/strong>.<\/p>\n<\/li>\n<\/ol>\n<hr data-start=\"2236\" data-end=\"2239\" \/>\n<h2 data-start=\"2241\" data-end=\"2271\">Avantages diff\u00e9renci\u00e9s<\/h2>\n<ol data-start=\"2273\" data-end=\"3041\">\n<li data-start=\"2273\" data-end=\"2452\">\n<p data-start=\"2276\" data-end=\"2452\"><strong data-start=\"2276\" data-end=\"2305\">Compact et convivial<\/strong><br data-start=\"2305\" data-end=\"2308\" \/>Contrairement aux grands v\u00e9hicules \u00e9lectriques, l'A801 est con\u00e7u pour \u00eatre <strong data-start=\"2354\" data-end=\"2380\">Compact mais fonctionnel<\/strong>id\u00e9al pour les conducteurs \u00e2g\u00e9s et ceux qui naviguent dans les rues urbaines \u00e9troites.<\/p>\n<\/li>\n<li data-start=\"2454\" data-end=\"2635\">\n<p data-start=\"2457\" data-end=\"2635\"><strong data-start=\"2457\" data-end=\"2479\">S\u00e9curit\u00e9 prioritaire<\/strong><br data-start=\"2479\" data-end=\"2482\" \/>\u00c9quip\u00e9 avec <strong data-start=\"2496\" data-end=\"2526\">freinage \u00e0 disque sur les deux essieux<\/strong> et <strong data-start=\"2531\" data-end=\"2556\">moyeux en alliage renforc\u00e9<\/strong>En termes de s\u00e9curit\u00e9 routi\u00e8re, l\u2019A801 d\u00e9passe de nombreuses voitures \u00e9lectriques \u00e0 faible co\u00fbt.<\/p>\n<\/li>\n<li data-start=\"2637\" data-end=\"2831\">\n<p data-start=\"2640\" data-end=\"2831\"><strong data-start=\"2640\" data-end=\"2675\">Solution de transport \u00e9cologique<\/strong><br data-start=\"2675\" data-end=\"2678\" \/>Comme un <strong data-start=\"2683\" data-end=\"2729\">V\u00e9hicule \u00e9lectrique \u00e0 trois roues z\u00e9ro \u00e9mission<\/strong>L\u2019A801 contribue au transport durable tout en r\u00e9duisant les co\u00fbts de carburant et d\u2019entretien \u00e0 long terme.<\/p>\n<\/li>\n<li data-start=\"2833\" data-end=\"3041\">\n<p data-start=\"2836\" data-end=\"3041\"><strong data-start=\"2836\" data-end=\"2874\">Certifi\u00e9 mondialement pour la fiabilit\u00e9<\/strong><br data-start=\"2874\" data-end=\"2877\" \/>Certifi\u00e9 avec <strong data-start=\"2892\" data-end=\"2915\">CEE, COC et L2e-P<\/strong>Le tricycle \u00e9lectrique A801 r\u00e9pond aux normes internationales de qualit\u00e9, ce qui le rend adapt\u00e9 \u00e0 la fois aux march\u00e9s domestiques et \u00e0 l'exportation.<\/p>\n<\/li>\n<\/ol>\n<p><img fetchpriority=\"high\" decoding=\"async\" class=\"size-medium wp-image-3572 aligncenter\" src=\"https:\/\/www.tairuiauto.com\/wp-content\/uploads\/2025\/09\/8-1-300x225.jpg\" alt=\"\" width=\"300\" height=\"225\" srcset=\"\" sizes=\"(max-width: 300px) 100vw, 300px\" data-srcset=\"\" \/><\/p>\n<hr data-start=\"3043\" data-end=\"3046\" \/>\n<h2 data-start=\"3048\" data-end=\"3075\">Sp\u00e9cifications du produit<\/h2>\n<ul data-start=\"3077\" data-end=\"3862\">\n<li data-start=\"3077\" data-end=\"3096\">\n<p data-start=\"3079\" data-end=\"3096\"><strong data-start=\"3079\" data-end=\"3089\">Mod\u00e8le :<\/strong> A801<\/p>\n<\/li>\n<li data-start=\"3097\" data-end=\"3138\">\n<p data-start=\"3099\" data-end=\"3138\"><strong data-start=\"3099\" data-end=\"3114\">Dimensions :<\/strong> 2400 \u00d7 1245 \u00d7 1619 mm<\/p>\n<\/li>\n<li data-start=\"3139\" data-end=\"3171\">\n<p data-start=\"3141\" data-end=\"3171\"><strong data-start=\"3141\" data-end=\"3155\">Type de corps:<\/strong> Corps int\u00e9gr\u00e9<\/p>\n<\/li>\n<li data-start=\"3172\" data-end=\"3212\">\n<p data-start=\"3174\" data-end=\"3212\"><strong data-start=\"3174\" data-end=\"3193\">Structure du corps:<\/strong> 2 portes, 2 si\u00e8ges<\/p>\n<\/li>\n<li data-start=\"3213\" data-end=\"3240\">\n<p data-start=\"3215\" data-end=\"3240\"><strong data-start=\"3215\" data-end=\"3225\">Moteur :<\/strong> 60V 1500W DC<\/p>\n<\/li>\n<li data-start=\"3241\" data-end=\"3273\">\n<p data-start=\"3243\" data-end=\"3273\"><strong data-start=\"3243\" data-end=\"3258\">Contr\u00f4leur :<\/strong> 60V 24 tubes<\/p>\n<\/li>\n<li data-start=\"3274\" data-end=\"3299\">\n<p data-start=\"3276\" data-end=\"3299\"><strong data-start=\"3276\" data-end=\"3288\">Batterie :<\/strong> 60V 80Ah<\/p>\n<\/li>\n<li data-start=\"3300\" data-end=\"3332\">\n<p data-start=\"3302\" data-end=\"3332\"><strong data-start=\"3302\" data-end=\"3320\">Temps de charge :<\/strong> 6 \u00e0 8 heures<\/p>\n<\/li>\n<li data-start=\"3333\" data-end=\"3365\">\n<p data-start=\"3335\" data-end=\"3365\"><strong data-start=\"3335\" data-end=\"3356\">Plage par charge:<\/strong> \u226590 km<\/p>\n<\/li>\n<li data-start=\"3366\" data-end=\"3392\">\n<p data-start=\"3368\" data-end=\"3392\"><strong data-start=\"3368\" data-end=\"3382\">Vitesse maximale:<\/strong> 25 km\/h<\/p>\n<\/li>\n<li data-start=\"3393\" data-end=\"3423\">\n<p data-start=\"3395\" data-end=\"3423\"><strong data-start=\"3395\" data-end=\"3416\">Capacit\u00e9 d'escalade:<\/strong> \u2265 25%<\/p>\n<\/li>\n<li data-start=\"3424\" data-end=\"3467\">\n<p data-start=\"3426\" data-end=\"3467\"><strong data-start=\"3426\" data-end=\"3447\">Suspension avant:<\/strong> Choqueur hydraulique<\/p>\n<\/li>\n<li data-start=\"3468\" data-end=\"3512\">\n<p data-start=\"3470\" data-end=\"3512\"><strong data-start=\"3470\" data-end=\"3490\">Suspension arri\u00e8re:<\/strong> Suspension \u00e0 bras de tra\u00eenement<\/p>\n<\/li>\n<li data-start=\"3513\" data-end=\"3571\">\n<p data-start=\"3515\" data-end=\"3571\"><strong data-start=\"3515\" data-end=\"3536\">Pneus avant\/arri\u00e8re:<\/strong> Avant 120\/70R12 \/ Arri\u00e8re 135\/70R12<\/p>\n<\/li>\n<li data-start=\"3572\" data-end=\"3603\">\n<p data-start=\"3574\" data-end=\"3603\"><strong data-start=\"3574\" data-end=\"3582\">Bord :<\/strong> Moyeu en alliage d'aluminium<\/p>\n<\/li>\n<li data-start=\"3604\" data-end=\"3643\">\n<p data-start=\"3606\" data-end=\"3643\"><strong data-start=\"3606\" data-end=\"3623\">Syst\u00e8me de frein:<\/strong> Avant &amp; disque arri\u00e8re<\/p>\n<\/li>\n<li data-start=\"3644\" data-end=\"3683\">\n<p data-start=\"3646\" data-end=\"3683\"><strong data-start=\"3646\" data-end=\"3664\">Mode de direction :<\/strong> guidon moyen<\/p>\n<\/li>\n<li data-start=\"3684\" data-end=\"3727\">\n<p data-start=\"3686\" data-end=\"3727\"><strong data-start=\"3686\" data-end=\"3709\">Capacit\u00e9 du conteneur:<\/strong> 9 PCS SKD\/40&#8217; Si\u00e8ge<\/p>\n<\/li>\n<li data-start=\"3728\" data-end=\"3766\">\n<p data-start=\"3730\" data-end=\"3766\"><strong data-start=\"3730\" data-end=\"3746\">Certificat :<\/strong> CEE \/ COC \/ L2e-P<\/p>\n<\/li>\n<li data-start=\"3767\" data-end=\"3862\">\n<p data-start=\"3769\" data-end=\"3862\"><strong data-start=\"3769\" data-end=\"3790\">Dispositifs de fonction:<\/strong> D\u00e9marrage \u00e0 un bouton, lumi\u00e8res LED, cam\u00e9ra arri\u00e8re, chauffage, fen\u00eatre \u00e9lectrique<\/p>\n<\/li>\n<\/ul>\n<hr data-start=\"3864\" data-end=\"3867\" \/>\n<h2 data-start=\"3869\" data-end=\"3883\">Mat\u00e9riaux<\/h2>\n<ul data-start=\"3884\" data-end=\"4013\">\n<li data-start=\"3884\" data-end=\"3921\">\n<p data-start=\"3886\" data-end=\"3921\">Corps int\u00e9gral en acier haute r\u00e9sistance<\/p>\n<\/li>\n<li data-start=\"3922\" data-end=\"3961\">\n<p data-start=\"3924\" data-end=\"3961\">Jantes l\u00e9g\u00e8res en alliage d'aluminium<\/p>\n<\/li>\n<li data-start=\"3962\" data-end=\"4013\">\n<p data-start=\"3964\" data-end=\"4013\">Verre de qualit\u00e9 automobile et garniture en plastique durable<\/p>\n<\/li>\n<\/ul>\n<hr data-start=\"4015\" data-end=\"4018\" \/>\n<h2 data-start=\"4020\" data-end=\"4035\">Apparence<\/h2>\n<p data-start=\"4036\" data-end=\"4157\">Compact, \u00e9l\u00e9gant et moderne avec des options de peinture ext\u00e9rieure personnalisables pour r\u00e9pondre aux exigences de marque personnelle ou commerciale.<\/p>\n<hr data-start=\"4159\" data-end=\"4162\" \/>\n<h2 data-start=\"4164\" data-end=\"4175\">Conception<\/h2>\n<p data-start=\"4176\" data-end=\"4314\">Minimaliste et ergonomique avec une disposition int\u00e9rieure 2 si\u00e8ges, des portes d'entr\u00e9e faciles et un syst\u00e8me de contr\u00f4le convivial con\u00e7u pour les conducteurs urbains.<\/p>\n<hr data-start=\"4316\" data-end=\"4319\" \/>\n<h2 data-start=\"4321\" data-end=\"4351\">Options de personnalisation OEM<\/h2>\n<ul data-start=\"4352\" data-end=\"4526\">\n<li data-start=\"4352\" data-end=\"4391\">\n<p data-start=\"4354\" data-end=\"4391\">Couleurs ext\u00e9rieures et autocollants de marque<\/p>\n<\/li>\n<li data-start=\"4392\" data-end=\"4437\">\n<p data-start=\"4394\" data-end=\"4437\">Mat\u00e9riaux de si\u00e8ge et am\u00e9liorations de garniture int\u00e9rieure<\/p>\n<\/li>\n<li data-start=\"4438\" data-end=\"4474\">\n<p data-start=\"4440\" data-end=\"4474\">Options d'emballage et d'exportation OEM<\/p>\n<\/li>\n<li data-start=\"4475\" data-end=\"4526\">\n<p data-start=\"4477\" data-end=\"4526\">Personnalisation de la flotte avec des logos pour les distributeurs<\/p>\n<\/li>\n<\/ul>\n<hr data-start=\"4528\" data-end=\"4531\" \/>\n<h2 data-start=\"4533\" data-end=\"4553\">Contr\u00f4le qualit\u00e9<\/h2>\n<h3 data-start=\"4555\" data-end=\"4579\">Processus de production<\/h3>\n<p data-start=\"4580\" data-end=\"4713\">Chaque tricycle \u00e9lectrique A801 est inspect\u00e9 pendant l'assemblage, test\u00e9 pour les performances de la batterie et soumis \u00e0 des essais de freinage et de charge.<\/p>\n<h3 data-start=\"4715\" data-end=\"4739\">Engagement qualit\u00e9<\/h3>\n<p data-start=\"4740\" data-end=\"4834\">Nous assurons une qualit\u00e9 constante des produits, avec chaque unit\u00e9 test\u00e9e pour la conformit\u00e9 avant la livraison.<\/p>\n<h3 data-start=\"4836\" data-end=\"4863\">Certification du produit<\/h3>\n<p data-start=\"4864\" data-end=\"4949\">Certifi\u00e9 avec <strong data-start=\"4879\" data-end=\"4902\">CEE, COC et L2e-P<\/strong>ce qui le rend adapt\u00e9 \u00e0 la distribution mondiale.<\/p>\n<hr data-start=\"4951\" data-end=\"4954\" \/>\n<h2 data-start=\"4956\" data-end=\"4980\">Support apr\u00e8s-vente<\/h2>\n<ul data-start=\"4982\" data-end=\"5264\">\n<li data-start=\"4982\" data-end=\"5047\">\n<p data-start=\"4984\" data-end=\"5047\"><strong data-start=\"4984\" data-end=\"5014\">Installation &amp; Ajustement :<\/strong> Manuels d'instruction fournis<\/p>\n<\/li>\n<li data-start=\"5048\" data-end=\"5106\">\n<p data-start=\"5050\" data-end=\"5106\"><strong data-start=\"5050\" data-end=\"5063\">Formation :<\/strong> Offert aux acheteurs de gros et de projet<\/p>\n<\/li>\n<li data-start=\"5107\" data-end=\"5180\">\n<p data-start=\"5109\" data-end=\"5180\"><strong data-start=\"5109\" data-end=\"5133\">Service apr\u00e8s-vente:<\/strong> R\u00e9seau de support technique pour les clients mondiaux<\/p>\n<\/li>\n<li data-start=\"5181\" data-end=\"5264\">\n<p data-start=\"5183\" data-end=\"5264\"><strong data-start=\"5183\" data-end=\"5213\">Entretien et entretien Pi\u00e8ces d\u00e9tach\u00e9es :<\/strong> Cha\u00eene d\u2019approvisionnement \u00e0 long terme pour pi\u00e8ces d\u00e9tach\u00e9es et composants<\/p>\n<\/li>\n<\/ul>\n<hr data-start=\"5266\" data-end=\"5269\" \/>\n<h2 data-start=\"5271\" data-end=\"5288\">Applications<\/h2>\n<ul data-start=\"5289\" data-end=\"5460\">\n<li data-start=\"5289\" data-end=\"5329\">\n<p data-start=\"5291\" data-end=\"5329\">Transport pour personnes \u00e2g\u00e9es ou personnes \u00e2g\u00e9es<\/p>\n<\/li>\n<li data-start=\"5330\" data-end=\"5365\">\n<p data-start=\"5332\" data-end=\"5365\">Commutation courte distance en famille<\/p>\n<\/li>\n<li data-start=\"5366\" data-end=\"5417\">\n<p data-start=\"5368\" data-end=\"5417\">Navette touristique dans les communaut\u00e9s ou les parcs<\/p>\n<\/li>\n<li data-start=\"5418\" data-end=\"5460\">\n<p data-start=\"5420\" data-end=\"5460\">Service de taxi de quartier \u00e9cologique<\/p>\n<\/li>\n<\/ul>\n<hr data-start=\"5462\" data-end=\"5465\" \/>\n<h2 data-start=\"5467\" data-end=\"5487\">Options de paiement<\/h2>\n<ul data-start=\"5488\" data-end=\"5583\">\n<li data-start=\"5488\" data-end=\"5540\">\n<p data-start=\"5490\" data-end=\"5540\">Conditions de paiement flexibles pour les distributeurs et les grossistes<\/p>\n<\/li>\n<li data-start=\"5541\" data-end=\"5583\">\n<p data-start=\"5543\" data-end=\"5583\">Remises disponibles pour les achats en vrac<\/p>\n<\/li>\n<\/ul>\n<hr data-start=\"5585\" data-end=\"5588\" \/>\n<h2 data-start=\"5590\" data-end=\"5598\">FAQ (questions fr\u00e9quentes)<\/h2>\n<p data-start=\"5600\" data-end=\"5743\"><strong data-start=\"5600\" data-end=\"5646\">Q1: Quelle est la vitesse maximale de l'A801?<\/strong><br data-start=\"5646\" data-end=\"5649\" \/>R: Le tricycle \u00e9lectrique A801 atteint <strong data-start=\"5687\" data-end=\"5698\">25 km\/h<\/strong>Assurer la s\u00e9curit\u00e9 et le contr\u00f4le de l\u2019utilisation urbaine.<\/p>\n<p data-start=\"5745\" data-end=\"5856\"><strong data-start=\"5745\" data-end=\"5786\">Q2: Combien de passagers peut-il transporter?<\/strong><br data-start=\"5786\" data-end=\"5789\" \/>A : Il a <strong data-start=\"5799\" data-end=\"5810\">2 si\u00e8ges<\/strong>Convient pour le transport personnel ou partag\u00e9.<\/p>\n<p data-start=\"5858\" data-end=\"5982\"><strong data-start=\"5858\" data-end=\"5895\">Q3: Quelle est la plage par charge?<\/strong><br data-start=\"5895\" data-end=\"5898\" \/>R: L'A801 fournit <strong data-start=\"5919\" data-end=\"5940\">\u226590 km par charge<\/strong>selon les conditions routi\u00e8res et de charge.<\/p>\n<p data-start=\"5984\" data-end=\"6130\"><strong data-start=\"5984\" data-end=\"6027\">Q4: Est-ce qu'il a des certifications de s\u00e9curit\u00e9?<\/strong><br data-start=\"6027\" data-end=\"6030\" \/>R: Oui, il est certifi\u00e9 avec <strong data-start=\"6059\" data-end=\"6082\">CEE, COC et L2e-P<\/strong>Assurer la conformit\u00e9 pour les ventes internationales.<\/p>\n<p data-start=\"6132\" data-end=\"6277\"><strong data-start=\"6132\" data-end=\"6175\">Q5: Peut-il \u00eatre personnalis\u00e9 pour l'utilisation de la flotte?<\/strong><br data-start=\"6175\" data-end=\"6178\" \/>R: Oui, <strong data-start=\"6186\" data-end=\"6207\">personnalisation OEM<\/strong> est disponible pour les flottes, y compris les options de couleur et le logo.<\/p>","protected":false},"excerpt":{"rendered":"<p>Le <strong data-start=\"285\" data-end=\"311\">A801 tricycle \u00e9lectrique<\/strong> est un v\u00e9hicule \u00e9lectrique compact et pratique \u00e0 trois roues con\u00e7u pour les d\u00e9placements quotidiens, la mobilit\u00e9 des personnes \u00e2g\u00e9es et les voyages urbains de courte distance. Avec un <strong data-start=\"465\" data-end=\"489\">conception int\u00e9grale du corps<\/strong> avec <strong data-start=\"495\" data-end=\"522\">Deux portes et deux si\u00e8ges<\/strong>Il \u00e9quilibre confort et abordabilit\u00e9 tout en offrant des performances fiables. \u00c9quip\u00e9 d'un <strong data-start=\"615\" data-end=\"637\">Moteur DC 60V 1500W<\/strong> et un <strong data-start=\"644\" data-end=\"664\">Batterie 60V 80Ah<\/strong>Le tricycle \u00e9lectrique A801 offre une autonomie de conduite de <strong data-start=\"721\" data-end=\"742\">\u226590 km par charge<\/strong> et une vitesse maximale de <strong data-start=\"766\" data-end=\"777\">25 km\/h<\/strong>ce qui en fait un choix \u00e9cologique pour un voyage s\u00fbr et r\u00e9gulier.<\/p>","protected":false},"featured_media":3566,"comment_status":"open","ping_status":"closed","template":"","meta":[],"product_brand":[],"product_cat":[78],"product_tag":[],"class_list":{"0":"post-3565","1":"product","2":"type-product","3":"status-publish","4":"has-post-thumbnail","6":"product_cat-electric-tricycle","8":"first","9":"instock","10":"shipping-taxable","11":"purchasable","12":"product-type-simple"},"_links":{"self":[{"href":"https:\/\/www.tairuiauto.com\/fr\/wp-json\/wp\/v2\/product\/3565","targetHints":{"allow":["GET"]}}],"collection":[{"href":"https:\/\/www.tairuiauto.com\/fr\/wp-json\/wp\/v2\/product"}],"about":[{"href":"https:\/\/www.tairuiauto.com\/fr\/wp-json\/wp\/v2\/types\/product"}],"replies":[{"embeddable":true,"href":"https:\/\/www.tairuiauto.com\/fr\/wp-json\/wp\/v2\/comments?post=3565"}],"wp:featuredmedia":[{"embeddable":true,"href":"https:\/\/www.tairuiauto.com\/fr\/wp-json\/wp\/v2\/media\/3566"}],"wp:attachment":[{"href":"https:\/\/www.tairuiauto.com\/fr\/wp-json\/wp\/v2\/media?parent=3565"}],"wp:term":[{"taxonomy":"product_brand","embeddable":true,"href":"https:\/\/www.tairuiauto.com\/fr\/wp-json\/wp\/v2\/product_brand?post=3565"},{"taxonomy":"product_cat","embeddable":true,"href":"https:\/\/www.tairuiauto.com\/fr\/wp-json\/wp\/v2\/product_cat?post=3565"},{"taxonomy":"product_tag","embeddable":true,"href":"https:\/\/www.tairuiauto.com\/fr\/wp-json\/wp\/v2\/product_tag?post=3565"}],"curies":[{"name":"WP","href":"https:\/\/api.w.org\/{rel}","templated":true}]}}