{"id":3600,"date":"2025-09-10T11:23:33","date_gmt":"2025-09-10T03:23:33","guid":{"rendered":"https:\/\/www.tairuiauto.com\/?post_type=product&#038;p=3600"},"modified":"2025-11-04T09:11:17","modified_gmt":"2025-11-04T01:11:17","slug":"urban-passenger-vehicle","status":"publish","type":"product","link":"https:\/\/www.tairuiauto.com\/fr\/product\/urban-passenger-vehicle\/","title":{"rendered":"V\u00e9hicule de passagers urbain"},"content":{"rendered":"<h3 data-start=\"4099\" data-end=\"4124\">Description du produit<\/h3>\n<p data-start=\"4125\" data-end=\"4577\">Le <strong data-start=\"4129\" data-end=\"4155\">V\u00e9hicule de passagers urbain<\/strong> est un avanc\u00e9 <strong data-start=\"4171\" data-end=\"4213\">V\u00e9hicule \u00e9lectrique \u00e0 quatre roues<\/strong> con\u00e7u pour un usage priv\u00e9 et commercial.<\/p>\n<table style=\"border-collapse: collapse; width: 78.4479%; height: 620px;\" border=\"0\" width=\"720\" cellspacing=\"0\" cellpadding=\"0\">\n<tbody>\n<tr style=\"height: 20.00pt;\">\n<td class=\"et4\" style=\"height: 20.00pt; width: 159.05pt;\" width=\"265\" height=\"33\">Mod\u00e8le<\/td>\n<td class=\"et4\" style=\"width: 273.40pt;\" width=\"455\">V\u00e9hicule de passagers urbain<\/td>\n<\/tr>\n<tr style=\"height: 20.00pt;\">\n<td class=\"et5\" style=\"height: 20.00pt; width: 159.05pt;\" width=\"265\" height=\"33\">Dimensions (mm)<\/td>\n<td class=\"et5\" style=\"width: 273.40pt;\" width=\"455\">2810*1316*1509<\/td>\n<\/tr>\n<tr style=\"height: 20.00pt;\">\n<td class=\"et5\" style=\"height: 20.00pt; width: 159.05pt;\" width=\"265\" height=\"33\">Type de corps<\/td>\n<td class=\"et5\" style=\"width: 273.40pt;\" width=\"455\">corps int\u00e9gral<\/td>\n<\/tr>\n<tr style=\"height: 20.00pt;\">\n<td class=\"et5\" style=\"height: 20.00pt; width: 159.05pt;\" width=\"265\" height=\"33\">Structure du corps<\/td>\n<td class=\"et5\" style=\"width: 273.40pt;\" width=\"455\">4 portes et 4 si\u00e8ges<\/td>\n<\/tr>\n<tr style=\"height: 20.00pt;\">\n<td class=\"et5\" style=\"height: 20.00pt; width: 159.05pt;\" width=\"265\" height=\"33\">moteur<\/td>\n<td class=\"et5\" style=\"width: 273.40pt;\" width=\"455\">72V3000W AC<\/td>\n<\/tr>\n<tr style=\"height: 20.00pt;\">\n<td class=\"et5\" style=\"height: 20.00pt; width: 159.05pt;\" width=\"265\" height=\"33\">contr\u00f4leur<\/td>\n<td class=\"et5\" style=\"width: 273.40pt;\" width=\"455\">72V 24tubes<\/td>\n<\/tr>\n<tr style=\"height: 20.00pt;\">\n<td class=\"et5\" style=\"height: 20.00pt; width: 159.05pt;\" width=\"265\" height=\"33\">Batterie (kwh)<\/td>\n<td class=\"et5\" style=\"width: 273.40pt;\" width=\"455\">72V100AH<\/td>\n<\/tr>\n<tr style=\"height: 20.00pt;\">\n<td class=\"et5\" style=\"height: 20.00pt; width: 159.05pt;\" width=\"265\" height=\"33\">Temps de charge (H)<\/td>\n<td class=\"et5\" style=\"width: 273.40pt;\" width=\"455\">6-8<\/td>\n<\/tr>\n<tr style=\"height: 20.00pt;\">\n<td class=\"et5\" style=\"height: 20.00pt; width: 159.05pt;\" width=\"265\" height=\"33\">Distance par charge\/km<\/td>\n<td class=\"et5\" style=\"width: 273.40pt;\" width=\"455\">\u2265 90<\/td>\n<\/tr>\n<tr style=\"height: 20.00pt;\">\n<td class=\"et5\" style=\"height: 20.00pt; width: 159.05pt;\" width=\"265\" height=\"33\">Suspension avant<\/td>\n<td class=\"et5\" style=\"width: 273.40pt;\" width=\"455\">Suspension de McPherson<\/td>\n<\/tr>\n<tr style=\"height: 20.00pt;\">\n<td class=\"et5\" style=\"height: 20.00pt; width: 159.05pt;\" width=\"265\" height=\"33\">Suspension arri\u00e8re<\/td>\n<td class=\"et5\" style=\"width: 273.40pt;\" width=\"455\">Suspension \u00e0 bras de tra\u00eenement<\/td>\n<\/tr>\n<tr style=\"height: 20.00pt;\">\n<td class=\"et5\" style=\"height: 20.00pt; width: 159.05pt;\" width=\"265\" height=\"33\">Pneumatique avant\/arri\u00e8re<\/td>\n<td class=\"et5\" style=\"width: 273.40pt;\" width=\"455\">135\/70R12<\/td>\n<\/tr>\n<tr style=\"height: 20.00pt;\">\n<td class=\"et5\" style=\"height: 20.00pt; width: 159.05pt;\" width=\"265\" height=\"33\">bordure<\/td>\n<td class=\"et5\" style=\"width: 273.40pt;\" width=\"455\">Hub en alliage d'aluminium<\/td>\n<\/tr>\n<tr style=\"height: 20.00pt;\">\n<td class=\"et5\" style=\"height: 20.00pt; width: 159.05pt;\" width=\"265\" height=\"33\">Syst\u00e8me de frein<\/td>\n<td class=\"et5\" style=\"width: 273.40pt;\" width=\"455\">avant\/arri\u00e8re:disque<\/td>\n<\/tr>\n<tr style=\"height: 20.00pt;\">\n<td class=\"et5\" style=\"height: 20.00pt; width: 159.05pt;\" width=\"265\" height=\"33\">Degr\u00e9 d'escalade (%)<\/td>\n<td class=\"et5\" style=\"width: 273.40pt;\" width=\"455\">\u2264 25<\/td>\n<\/tr>\n<tr style=\"height: 20.00pt;\">\n<td class=\"et5\" style=\"height: 20.00pt; width: 159.05pt;\" width=\"265\" height=\"33\">Vitesse maximale (km\/h)<\/td>\n<td class=\"et5\" style=\"width: 273.40pt;\" width=\"455\">45 km\/h<\/td>\n<\/tr>\n<tr style=\"height: 20.00pt;\">\n<td class=\"et5\" style=\"height: 20.00pt; width: 159.05pt;\" width=\"265\" height=\"33\">Mode de direction<\/td>\n<td class=\"et5\" style=\"width: 273.40pt;\" width=\"455\">Direction<\/td>\n<\/tr>\n<tr style=\"height: 20.00pt;\">\n<td class=\"et5\" style=\"height: 20.00pt; width: 159.05pt;\" width=\"265\" height=\"33\">Capacit\u00e9 du conteneur<\/td>\n<td class=\"et5\" style=\"width: 273.40pt;\" width=\"455\">5 PCS SKD\/40&#8217; Si\u00e8ge<\/td>\n<\/tr>\n<tr style=\"height: 20.00pt;\">\n<td class=\"et5\" style=\"height: 20.00pt; width: 159.05pt;\" width=\"265\" height=\"33\">certificat<\/td>\n<td class=\"et5\" style=\"width: 273.40pt;\" width=\"455\">CEE \/ COC \/ L7e-CP<\/td>\n<\/tr>\n<tr style=\"height: 20.00pt;\">\n<td class=\"et5\" style=\"height: 60.00pt; width: 159.05pt;\" rowspan=\"3\" width=\"265\" height=\"100\">Dispositif de fonction<\/td>\n<td class=\"et5\" style=\"width: 273.40pt;\" width=\"455\">Un bouton de d\u00e9marrage<\/td>\n<\/tr>\n<tr style=\"height: 20.00pt;\">\n<td class=\"et5\" style=\"width: 273.40pt;\" width=\"455\">Lumi\u00e8res LED<\/td>\n<\/tr>\n<tr style=\"height: 20.00pt;\">\n<td class=\"et5\" style=\"width: 273.40pt;\" width=\"455\">Cam\u00e9ra inverse \/ chauffage \/ fen\u00eatre \u00e9lectrique<\/td>\n<\/tr>\n<\/tbody>\n<\/table>\n<h3 data-start=\"4579\" data-end=\"4603\"><\/h3>\n<hr \/>\n<h3 data-start=\"4579\" data-end=\"4603\"><\/h3>\n<h3 data-start=\"4579\" data-end=\"4603\">Points de vente cl\u00e9s<\/h3>\n<ol data-start=\"4604\" data-end=\"5159\">\n<li data-start=\"4604\" data-end=\"4757\">\n<p data-start=\"4607\" data-end=\"4757\"><strong data-start=\"4607\" data-end=\"4641\">Solution commerciale \u00e9cologique<\/strong> Le v\u00e9hicule urbain r\u00e9duit les \u00e9missions de carbone, parfait pour les entreprises \u00e9cologiques et les exploitants de flottes.<\/p>\n<\/li>\n<li data-start=\"4758\" data-end=\"4899\">\n<p data-start=\"4761\" data-end=\"4899\"><strong data-start=\"4761\" data-end=\"4794\">Transport de passagers polyvalent<\/strong> \u2013 Avec <strong data-start=\"4802\" data-end=\"4825\">4 portes et 4 si\u00e8ges<\/strong>Il prend en charge les services de taxi, le partage de trajets et les trajets d'entreprise.<\/p>\n<\/li>\n<li data-start=\"4900\" data-end=\"5040\">\n<p data-start=\"4903\" data-end=\"5040\"><strong data-start=\"4903\" data-end=\"4924\">Powertrain puissant<\/strong> \u2013 Un <strong data-start=\"4929\" data-end=\"4951\">Moteur AC 72V\/3000W<\/strong> assure une acc\u00e9l\u00e9ration fiable et des performances coh\u00e9rentes m\u00eame dans des conditions urbaines fr\u00e9quent\u00e9es.<\/p>\n<\/li>\n<li data-start=\"5041\" data-end=\"5159\">\n<p data-start=\"5044\" data-end=\"5159\"><strong data-start=\"5044\" data-end=\"5060\">\u00c9conomie de co\u00fbts<\/strong> Les faibles co\u00fbts d\u2019exploitation par rapport aux v\u00e9hicules \u00e0 carburant en font un investissement intelligent pour les entreprises urbaines.<\/p>\n<\/li>\n<\/ol>\n<h3 data-start=\"5161\" data-end=\"5192\"><\/h3>\n<hr \/>\n<h3 data-start=\"5161\" data-end=\"5192\"><\/h3>\n<h3 data-start=\"5161\" data-end=\"5192\">Avantages diff\u00e9renci\u00e9s<\/h3>\n<ol data-start=\"5193\" data-end=\"5657\">\n<li data-start=\"5193\" data-end=\"5295\">\n<p data-start=\"5196\" data-end=\"5295\"><strong data-start=\"5196\" data-end=\"5217\">Construction pr\u00eate \u00e0 la flotte<\/strong> Con\u00e7u pour les familles priv\u00e9es et les op\u00e9rateurs commerciaux de ride-sharing.<\/p>\n<\/li>\n<li data-start=\"5296\" data-end=\"5422\">\n<p data-start=\"5299\" data-end=\"5422\"><strong data-start=\"5299\" data-end=\"5328\">Internationalement certifi\u00e9<\/strong> \u2013 Avec <strong data-start=\"5336\" data-end=\"5372\">Certification CEE \/ COC \/ L7e-CP<\/strong>Il est conforme aux normes mondiales de s\u00e9curit\u00e9 routi\u00e8re.<\/p>\n<\/li>\n<li data-start=\"5423\" data-end=\"5538\">\n<p data-start=\"5426\" data-end=\"5538\"><strong data-start=\"5426\" data-end=\"5454\">Technologie de conduite intelligente<\/strong> \u2013 \u00c9quip\u00e9 de cam\u00e9ra arri\u00e8re, lumi\u00e8res LED, d\u00e9marrage \u00e0 un bouton et syst\u00e8me de chauffage.<\/p>\n<\/li>\n<li data-start=\"5539\" data-end=\"5657\">\n<p data-start=\"5542\" data-end=\"5657\"><strong data-start=\"5542\" data-end=\"5564\">Valeur d'utilit\u00e9 \u00e9lev\u00e9e<\/strong> Combine les fonctions d\u2019une voiture compacte et d\u2019un v\u00e9hicule \u00e9lectrique \u00e0 quatre roues avec une plus grande abordabilit\u00e9.<\/p>\n<\/li>\n<\/ol>\n<p data-start=\"5688\" data-end=\"5741\"><img fetchpriority=\"high\" decoding=\"async\" class=\"alignnone size-medium wp-image-3610\" src=\"https:\/\/www.tairuiauto.com\/wp-content\/uploads\/2025\/09\/13-1-300x200.jpg\" alt=\"\" width=\"300\" height=\"200\" srcset=\"\" sizes=\"(max-width: 300px) 100vw, 300px\" data-srcset=\"\" \/> <img decoding=\"async\" class=\"alignnone size-medium wp-image-3612\" src=\"https:\/\/www.tairuiauto.com\/wp-content\/uploads\/2025\/09\/IMG_9982-300x200.jpg\" alt=\"\" width=\"300\" height=\"200\" srcset=\"\" sizes=\"(max-width: 300px) 100vw, 300px\" data-srcset=\"\" \/> <img decoding=\"async\" class=\"alignnone size-medium wp-image-3616\" src=\"https:\/\/www.tairuiauto.com\/wp-content\/uploads\/2025\/09\/IMG_9990-300x200.jpg\" alt=\"\" width=\"300\" height=\"200\" srcset=\"\" sizes=\"(max-width: 300px) 100vw, 300px\" data-srcset=\"\" \/><\/p>\n<hr \/>\n<h3 data-start=\"5743\" data-end=\"5757\">Mat\u00e9riel<\/h3>\n<p data-start=\"5758\" data-end=\"5854\">Structure en acier renforc\u00e9e, jantes en alliage d'aluminium et panneaux de corps r\u00e9sistants aux intemp\u00e9ries.<\/p>\n<h3 data-start=\"5856\" data-end=\"5872\">Apparence<\/h3>\n<p data-start=\"5873\" data-end=\"5961\">Style compact inspir\u00e9 de la voiture avec design a\u00e9rodynamique, lampes LED et finition compl\u00e8te de la carrosserie.<\/p>\n<h3 data-start=\"5963\" data-end=\"5975\">Conception<\/h3>\n<p data-start=\"5976\" data-end=\"6070\">V\u00e9hicule urbain pratique avec si\u00e8ges ergonomiques, commandes num\u00e9riques et cabine climatis\u00e9e.<\/p>\n<h3 data-start=\"6072\" data-end=\"6095\">personnalisation OEM<\/h3>\n<p data-start=\"6096\" data-end=\"6182\">Personnalisation des couleurs, marquage pour les flottes d'entreprises et int\u00e9rieurs sur mesure disponibles.<\/p>\n<h3 data-start=\"6184\" data-end=\"6205\">Contr\u00f4le qualit\u00e9<\/h3>\n<p data-start=\"6206\" data-end=\"6294\">Des inspections strictes pour la s\u00e9curit\u00e9, la durabilit\u00e9 et les performances \u00e9lectriques avant la livraison.<\/p>\n<h3 data-start=\"6296\" data-end=\"6321\">Service apr\u00e8s-vente<\/h3>\n<ul data-start=\"6322\" data-end=\"6443\">\n<li data-start=\"6322\" data-end=\"6343\">\n<p data-start=\"6324\" data-end=\"6343\">Garantie de 12 mois<\/p>\n<\/li>\n<li data-start=\"6344\" data-end=\"6372\">\n<p data-start=\"6346\" data-end=\"6372\">Cha\u00eene d'approvisionnement en pi\u00e8ces d\u00e9tach\u00e9es<\/p>\n<\/li>\n<li data-start=\"6373\" data-end=\"6402\">\n<p data-start=\"6375\" data-end=\"6402\">Assistance technique 24\/7<\/p>\n<\/li>\n<li data-start=\"6403\" data-end=\"6443\">\n<p data-start=\"6405\" data-end=\"6443\">Soutien \u00e0 la formation des flottes commerciales<\/p>\n<\/li>\n<\/ul>\n<h3 data-start=\"6445\" data-end=\"6469\">Champs d'application<\/h3>\n<ul data-start=\"6470\" data-end=\"6591\">\n<li data-start=\"6470\" data-end=\"6510\">\n<p data-start=\"6472\" data-end=\"6510\">Ride-sharing et services de taxi urbain<\/p>\n<\/li>\n<li data-start=\"6511\" data-end=\"6540\">\n<p data-start=\"6513\" data-end=\"6540\">Op\u00e9rations de navette sur le campus<\/p>\n<\/li>\n<li data-start=\"6541\" data-end=\"6567\">\n<p data-start=\"6543\" data-end=\"6567\">Famille navette urbaine<\/p>\n<\/li>\n<li data-start=\"6568\" data-end=\"6591\">\n<p data-start=\"6570\" data-end=\"6591\">Transport d'entreprise<\/p>\n<\/li>\n<\/ul>\n<h3 data-start=\"6593\" data-end=\"6614\">M\u00e9thodes de paiement<\/h3>\n<p data-start=\"6615\" data-end=\"6662\">Supports <strong data-start=\"6624\" data-end=\"6659\">T \/ T, L \/ C, PayPal, Western Union<\/strong>.<\/p>\n<h3 data-start=\"6664\" data-end=\"6673\"><\/h3>\n<hr \/>\n<h3 data-start=\"6664\" data-end=\"6673\">FAQ (questions fr\u00e9quentes)<\/h3>\n<p data-start=\"6674\" data-end=\"6801\"><strong data-start=\"6674\" data-end=\"6729\">Q1: L'A900 peut-il \u00eatre utilis\u00e9 pour des services de ride-sharing?<\/strong><br data-start=\"6729\" data-end=\"6732\" \/>R: Oui, il est id\u00e9al pour <strong data-start=\"6756\" data-end=\"6798\">op\u00e9rations urbaines de taxi et de transport<\/strong>.<\/p>\n<p data-start=\"6803\" data-end=\"6886\"><strong data-start=\"6803\" data-end=\"6836\">Q2 : Quelle est la vitesse maximale ?<\/strong><br data-start=\"6836\" data-end=\"6839\" \/>A : Jusqu'\u00e0 <strong data-start=\"6848\" data-end=\"6858\">45 km\/h<\/strong>Convient pour les routes urbaines.<\/p>\n<p data-start=\"6888\" data-end=\"6970\"><strong data-start=\"6888\" data-end=\"6941\">Q3: Combien de kilom\u00e8tres peut-il courir sur une seule charge?<\/strong><br data-start=\"6941\" data-end=\"6944\" \/>A : <strong data-start=\"6947\" data-end=\"6967\">\u226590km par charge<\/strong>.<\/p>\n<p data-start=\"6972\" data-end=\"7079\"><strong data-start=\"6972\" data-end=\"7006\">Q4: Est-il adapt\u00e9 \u00e0 l'exportation?<\/strong><br data-start=\"7006\" data-end=\"7009\" \/>R : Oui, avec <strong data-start=\"7022\" data-end=\"7047\">Certification CEE\/COC<\/strong>Il r\u00e9pond aux normes europ\u00e9ennes.<\/p>","protected":false},"excerpt":{"rendered":"<p>Le <strong data-start=\"4129\" data-end=\"4155\">A900 Quadricycles \u00e9lectriques<\/strong> est un avanc\u00e9 <strong data-start=\"4171\" data-end=\"4213\">V\u00e9hicule \u00e9lectrique \u00e0 quatre roues<\/strong> con\u00e7u pour un usage priv\u00e9 et commercial. Avec <strong data-start=\"4265\" data-end=\"4276\">4 si\u00e8ges<\/strong>, un <strong data-start=\"4280\" data-end=\"4299\">moteur 72V\/3000W<\/strong>et un <strong data-start=\"4307\" data-end=\"4322\">plage de \u226590km<\/strong>offre une solution de mobilit\u00e9 fiable et \u00e9cologique pour les navetteurs urbains et les services de transport partag\u00e9. Ce v\u00e9hicule urbain \u00e9lectrique est parfait pour les entreprises qui veulent adopter l'\u00e9nergie verte tout en offrant un transport pratique et abordable aux clients.<\/p>","protected":false},"featured_media":3604,"comment_status":"open","ping_status":"closed","template":"","meta":[],"product_brand":[],"product_cat":[77],"product_tag":[],"class_list":{"0":"post-3600","1":"product","2":"type-product","3":"status-publish","4":"has-post-thumbnail","6":"product_cat-electric-micro-vehicle","8":"first","9":"instock","10":"shipping-taxable","11":"purchasable","12":"product-type-simple"},"_links":{"self":[{"href":"https:\/\/www.tairuiauto.com\/fr\/wp-json\/wp\/v2\/product\/3600","targetHints":{"allow":["GET"]}}],"collection":[{"href":"https:\/\/www.tairuiauto.com\/fr\/wp-json\/wp\/v2\/product"}],"about":[{"href":"https:\/\/www.tairuiauto.com\/fr\/wp-json\/wp\/v2\/types\/product"}],"replies":[{"embeddable":true,"href":"https:\/\/www.tairuiauto.com\/fr\/wp-json\/wp\/v2\/comments?post=3600"}],"wp:featuredmedia":[{"embeddable":true,"href":"https:\/\/www.tairuiauto.com\/fr\/wp-json\/wp\/v2\/media\/3604"}],"wp:attachment":[{"href":"https:\/\/www.tairuiauto.com\/fr\/wp-json\/wp\/v2\/media?parent=3600"}],"wp:term":[{"taxonomy":"product_brand","embeddable":true,"href":"https:\/\/www.tairuiauto.com\/fr\/wp-json\/wp\/v2\/product_brand?post=3600"},{"taxonomy":"product_cat","embeddable":true,"href":"https:\/\/www.tairuiauto.com\/fr\/wp-json\/wp\/v2\/product_cat?post=3600"},{"taxonomy":"product_tag","embeddable":true,"href":"https:\/\/www.tairuiauto.com\/fr\/wp-json\/wp\/v2\/product_tag?post=3600"}],"curies":[{"name":"WP","href":"https:\/\/api.w.org\/{rel}","templated":true}]}}