{"id":3648,"date":"2025-09-12T10:21:25","date_gmt":"2025-09-12T02:21:25","guid":{"rendered":"https:\/\/www.tairuiauto.com\/?post_type=product&#038;p=3648"},"modified":"2025-09-12T11:24:47","modified_gmt":"2025-09-12T03:24:47","slug":"electric-tuk-tuk","status":"publish","type":"product","link":"https:\/\/www.tairuiauto.com\/fr\/product\/electric-tuk-tuk\/","title":{"rendered":"Tuk Tuk \u00e9lectrique"},"content":{"rendered":"<h3 data-start=\"4538\" data-end=\"4563\">Description du produit<\/h3>\n<p data-start=\"4564\" data-end=\"5078\">Le <strong data-start=\"4568\" data-end=\"4592\">Tuk Tuk \u00e9lectrique<\/strong> est une capacit\u00e9 \u00e9lev\u00e9e <strong data-start=\"4612\" data-end=\"4645\">Rickshaw \u00e9lectrique \u00e0 trois roues<\/strong> construit pour les services de passagers commerciaux et le transport urbain respectueux de l'environnement.<\/p>\n<table style=\"border-collapse: collapse; width: 72.6307%;\" border=\"0\" width=\"720\" cellspacing=\"0\" cellpadding=\"0\">\n<tbody>\n<tr style=\"height: 20.00pt;\">\n<td class=\"et4\" style=\"height: 20pt; width: 38.4083%;\" width=\"265\" height=\"33\">Mod\u00e8le<\/td>\n<td class=\"et4\" style=\"width: 103.287%;\" width=\"455\">Tuk Tuk \u00e9lectrique<\/td>\n<\/tr>\n<tr style=\"height: 20.00pt;\">\n<td class=\"et5\" style=\"height: 20pt; width: 38.4083%;\" width=\"265\" height=\"33\">Dim global (mm)<\/td>\n<td class=\"et5\" style=\"width: 103.287%;\" width=\"455\">2800*1250*1780<\/td>\n<\/tr>\n<tr style=\"height: 20.00pt;\">\n<td class=\"et5\" style=\"height: 20pt; width: 38.4083%;\" width=\"265\" height=\"33\">CurbWeight (sans batterie\/kg)<\/td>\n<td class=\"et5\" style=\"width: 103.287%;\" width=\"455\">310kg<\/td>\n<\/tr>\n<tr style=\"height: 20.00pt;\">\n<td class=\"et5\" style=\"height: 20pt; width: 38.4083%;\" width=\"265\" height=\"33\">Passagers<\/td>\n<td class=\"et5\" style=\"width: 103.287%;\" width=\"455\">1 conducteur 5 passagers<\/td>\n<\/tr>\n<tr style=\"height: 20.00pt;\">\n<td class=\"et5\" style=\"height: 20pt; width: 38.4083%;\" width=\"265\" height=\"33\">moteur<\/td>\n<td class=\"et5\" style=\"width: 103.287%;\" width=\"455\">60V2400W<\/td>\n<\/tr>\n<tr style=\"height: 20.00pt;\">\n<td class=\"et5\" style=\"height: 20pt; width: 38.4083%;\" width=\"265\" height=\"33\">contr\u00f4leur<\/td>\n<td class=\"et5\" style=\"width: 103.287%;\" width=\"455\">60V2400W<\/td>\n<\/tr>\n<tr style=\"height: 20.00pt;\">\n<td class=\"et5\" style=\"height: 20pt; width: 38.4083%;\" width=\"265\" height=\"33\">Vitesse maximale (km\/h)<\/td>\n<td class=\"et5\" style=\"width: 103.287%;\" width=\"455\">45 km\/h<\/td>\n<\/tr>\n<tr style=\"height: 20.00pt;\">\n<td class=\"et5\" style=\"height: 20pt; width: 38.4083%;\" width=\"265\" height=\"33\">Absorbateur avant<\/td>\n<td class=\"et5\" style=\"width: 103.287%;\" width=\"455\">amortisseur hydraulique avant 43<\/td>\n<\/tr>\n<tr style=\"height: 20.00pt;\">\n<td class=\"et5\" style=\"height: 20pt; width: 38.4083%;\" width=\"265\" height=\"33\">Absorbateur arri\u00e8re<\/td>\n<td class=\"et5\" style=\"width: 103.287%;\" width=\"455\">suspension semi-ind\u00e9pendante<\/td>\n<\/tr>\n<tr style=\"height: 20.00pt;\">\n<td class=\"et5\" style=\"height: 20pt; width: 38.4083%;\" width=\"265\" height=\"33\">frein<\/td>\n<td class=\"et5\" style=\"width: 103.287%;\" width=\"455\">avant: disque \/ arri\u00e8re: tambour<\/td>\n<\/tr>\n<tr style=\"height: 20.00pt;\">\n<td class=\"et5\" style=\"height: 20pt; width: 38.4083%;\" width=\"265\" height=\"33\">Pneumatique<\/td>\n<td class=\"et5\" style=\"width: 103.287%;\" width=\"455\">Avant 3.75-12 arri\u00e8re 4.00-12<\/td>\n<\/tr>\n<tr style=\"height: 20.00pt;\">\n<td class=\"et5\" style=\"height: 20pt; width: 38.4083%;\" width=\"265\" height=\"33\">Compteur<\/td>\n<td class=\"et5\" style=\"width: 103.287%;\" width=\"455\">Compteur LCD<\/td>\n<\/tr>\n<tr style=\"height: 20.00pt;\">\n<td class=\"et5\" style=\"height: 20pt; width: 38.4083%;\" width=\"265\" height=\"33\">Distance par charge\/km<\/td>\n<td class=\"et5\" style=\"width: 103.287%;\" width=\"455\">90<\/td>\n<\/tr>\n<tr style=\"height: 20.00pt;\">\n<td class=\"et5\" style=\"height: 20pt; width: 38.4083%;\" width=\"265\" height=\"33\">Degr\u00e9 d'escalade (%)<\/td>\n<td class=\"et5\" style=\"width: 103.287%;\" width=\"455\">\u2264 25<\/td>\n<\/tr>\n<tr style=\"height: 20.00pt;\">\n<td class=\"et5\" style=\"height: 20pt; width: 38.4083%;\" width=\"265\" height=\"33\">Batterie<\/td>\n<td class=\"et5\" style=\"width: 103.287%;\" width=\"455\">Batterie acide au plomb 60V100AH<\/td>\n<\/tr>\n<tr style=\"height: 20.00pt;\">\n<td class=\"et5\" style=\"height: 20pt; width: 38.4083%;\" width=\"265\" height=\"33\">Vid\u00e9o arri\u00e8re<\/td>\n<td class=\"et5\" style=\"width: 103.287%;\" width=\"455\">oui<\/td>\n<\/tr>\n<tr style=\"height: 20.00pt;\">\n<td class=\"et5\" style=\"height: 20pt; width: 38.4083%;\" width=\"265\" height=\"33\">Chargeur USB<\/td>\n<td class=\"et5\" style=\"width: 103.287%;\" width=\"455\">oui<\/td>\n<\/tr>\n<tr style=\"height: 20.00pt;\">\n<td class=\"et5\" style=\"height: 20pt; width: 38.4083%;\" width=\"265\" height=\"33\">Alarme<\/td>\n<td class=\"et5\" style=\"width: 103.287%;\" width=\"455\">oui<\/td>\n<\/tr>\n<tr style=\"height: 20.00pt;\">\n<td class=\"et5\" style=\"height: 20pt; width: 38.4083%;\" width=\"265\" height=\"33\">Rideau de pluie<\/td>\n<td class=\"et5\" style=\"width: 103.287%;\" width=\"455\">oui<\/td>\n<\/tr>\n<tr style=\"height: 20.00pt;\">\n<td class=\"et5\" style=\"height: 20pt; width: 38.4083%;\" width=\"265\" height=\"33\">Capacit\u00e9 du conteneur<\/td>\n<td class=\"et5\" style=\"width: 103.287%;\" width=\"455\">40PCS CKD\/40&#8217; Si\u00e8ge<\/td>\n<\/tr>\n<\/tbody>\n<\/table>\n<hr \/>\n<h3 data-start=\"5080\" data-end=\"5104\">Points de vente cl\u00e9s<\/h3>\n<ol data-start=\"5105\" data-end=\"5653\">\n<li data-start=\"5105\" data-end=\"5236\">\n<p data-start=\"5108\" data-end=\"5236\"><strong data-start=\"5108\" data-end=\"5143\">Solution de transport \u00e9cologique<\/strong> \u2013 Contrairement aux tuk tuks \u00e0 carburant, l\u2019E5 produit <strong data-start=\"5184\" data-end=\"5202\">z\u00e9ro \u00e9missions<\/strong>r\u00e9duction de l'impact environnemental.<\/p>\n<\/li>\n<li data-start=\"5237\" data-end=\"5362\">\n<p data-start=\"5240\" data-end=\"5362\"><strong data-start=\"5240\" data-end=\"5266\">Grande capacit\u00e9 de si\u00e8ge<\/strong> Avec espace pour <strong data-start=\"5284\" data-end=\"5311\">1 conducteur 5 passagers<\/strong>C'est une option efficace pour les d\u00e9placements publics.<\/p>\n<\/li>\n<li data-start=\"5363\" data-end=\"5486\">\n<p data-start=\"5366\" data-end=\"5486\"><strong data-start=\"5366\" data-end=\"5389\">Co\u00fbts d'exploitation bas<\/strong> \u2013 Le <strong data-start=\"5396\" data-end=\"5417\">Batterie 60V\/100AH<\/strong> r\u00e9duit la d\u00e9pendance au carburant, rendant rentable les exploitants de flottes.<\/p>\n<\/li>\n<li data-start=\"5487\" data-end=\"5653\">\n<p data-start=\"5490\" data-end=\"5653\"><strong data-start=\"5490\" data-end=\"5521\">Suspension durable &amp; S\u00e9curit\u00e9<\/strong> \u2013 \u00c9quip\u00e9 avec <strong data-start=\"5538\" data-end=\"5566\">amortisseur hydraulique avant<\/strong> et <strong data-start=\"5571\" data-end=\"5602\">suspension semi-ind\u00e9pendante<\/strong>garantissant le confort des passagers m\u00eame sur des routes difficiles.<\/p>\n<\/li>\n<\/ol>\n<hr \/>\n<h3 data-start=\"5655\" data-end=\"5686\">Avantages diff\u00e9renci\u00e9s<\/h3>\n<ol data-start=\"5687\" data-end=\"6148\">\n<li data-start=\"5687\" data-end=\"5807\">\n<p data-start=\"5690\" data-end=\"5807\"><strong data-start=\"5690\" data-end=\"5718\">Utilit\u00e9s de qualit\u00e9 commerciale<\/strong> \u2013 Sp\u00e9cialement con\u00e7u pour un volume \u00e9lev\u00e9 de passagers, ce qui le rend id\u00e9al pour les entreprises de taxi.<\/p>\n<\/li>\n<li data-start=\"5808\" data-end=\"5924\">\n<p data-start=\"5811\" data-end=\"5924\"><strong data-start=\"5811\" data-end=\"5838\">Personnalisable pour les flottes<\/strong> \u2013 Offre des options de marque OEM, ce qui facilite l\u2019adaptation aux coop\u00e9ratives de taxi locales.<\/p>\n<\/li>\n<li data-start=\"5925\" data-end=\"6035\">\n<p data-start=\"5928\" data-end=\"6035\"><strong data-start=\"5928\" data-end=\"5949\">Utilisation mondiale prouv\u00e9e<\/strong> D\u00e9j\u00e0 adopt\u00e9 dans plusieurs pays pour sa fiabilit\u00e9 et son fonctionnement \u00e9conomique.<\/p>\n<\/li>\n<li data-start=\"6036\" data-end=\"6148\">\n<p data-start=\"6039\" data-end=\"6148\"><strong data-start=\"6039\" data-end=\"6063\">Ajout de fonctionnalit\u00e9s intelligentes<\/strong> \u2013 Vient avec <strong data-start=\"6077\" data-end=\"6122\">vid\u00e9o arri\u00e8re, chargeur USB et syst\u00e8me d'alarme<\/strong> pour am\u00e9liorer la commodit\u00e9.<\/p>\n<\/li>\n<\/ol>\n<p><img fetchpriority=\"high\" decoding=\"async\" class=\"alignnone size-medium wp-image-3664\" src=\"https:\/\/www.tairuiauto.com\/wp-content\/uploads\/2025\/09\/\u5fae\u4fe1\u56fe\u7247_20241010145910_\u526f\u672c-300x200.jpg\" alt=\"\" width=\"300\" height=\"200\" srcset=\"\" sizes=\"(max-width: 300px) 100vw, 300px\" data-srcset=\"\" \/> <img decoding=\"async\" class=\"alignnone size-medium wp-image-3663\" src=\"https:\/\/www.tairuiauto.com\/wp-content\/uploads\/2025\/09\/\u5fae\u4fe1\u56fe\u7247_20241010145908_\u526f\u672c-300x200.jpg\" alt=\"\" width=\"300\" height=\"200\" srcset=\"\" sizes=\"(max-width: 300px) 100vw, 300px\" data-srcset=\"\" \/> <img decoding=\"async\" class=\"alignnone size-medium wp-image-3668\" src=\"https:\/\/www.tairuiauto.com\/wp-content\/uploads\/2025\/09\/\u5fae\u4fe1\u56fe\u7247_20241010150005_\u526f\u672c-300x200.jpg\" alt=\"\" width=\"300\" height=\"200\" srcset=\"\" sizes=\"(max-width: 300px) 100vw, 300px\" data-srcset=\"\" \/><\/p>\n<hr \/>\n<h3 data-start=\"6236\" data-end=\"6250\">Mat\u00e9riel<\/h3>\n<p data-start=\"6251\" data-end=\"6340\">Cadre en acier avec finition r\u00e9sistante \u00e0 la corrosion, si\u00e8ges durables et couvert r\u00e9sistant aux intemp\u00e9ries.<\/p>\n<h3 data-start=\"6342\" data-end=\"6358\">Apparence<\/h3>\n<p data-start=\"6359\" data-end=\"6425\">Corps lumineux et attrayant avec toit \u00e0 baldaquin et si\u00e8ges en plein air.<\/p>\n<h3 data-start=\"6427\" data-end=\"6439\">Conception<\/h3>\n<p data-start=\"6440\" data-end=\"6548\">Disposition fonctionnelle du rickshaw avec \u00e9cran LCD, si\u00e8ge ergonomique du conducteur et acc\u00e8s lat\u00e9ral facile pour les passagers.<\/p>\n<h3 data-start=\"6550\" data-end=\"6573\">personnalisation OEM<\/h3>\n<p data-start=\"6574\" data-end=\"6646\">Couverture personnalis\u00e9e, peinture de carrosserie et marquage disponibles pour les flottes d'entreprises.<\/p>\n<h3 data-start=\"6648\" data-end=\"6669\">Contr\u00f4le qualit\u00e9<\/h3>\n<p data-start=\"6670\" data-end=\"6770\">Chaque tricycle est test\u00e9 pour les performances du moteur, la s\u00e9curit\u00e9 de la batterie et la durabilit\u00e9 dans les conditions urbaines.<\/p>\n<h3 data-start=\"6772\" data-end=\"6797\">Service apr\u00e8s-vente<\/h3>\n<ul data-start=\"6798\" data-end=\"6915\">\n<li data-start=\"6798\" data-end=\"6819\">\n<p data-start=\"6800\" data-end=\"6819\">Garantie d'un an<\/p>\n<\/li>\n<li data-start=\"6820\" data-end=\"6848\">\n<p data-start=\"6822\" data-end=\"6848\">Cha\u00eene d'approvisionnement en pi\u00e8ces d\u00e9tach\u00e9es<\/p>\n<\/li>\n<li data-start=\"6849\" data-end=\"6888\">\n<p data-start=\"6851\" data-end=\"6888\">Support technique pour les concessionnaires locaux<\/p>\n<\/li>\n<li data-start=\"6889\" data-end=\"6915\">\n<p data-start=\"6891\" data-end=\"6915\">Formation pour les op\u00e9rateurs<\/p>\n<\/li>\n<\/ul>\n<h3 data-start=\"6917\" data-end=\"6941\">Champs d'application<\/h3>\n<ul data-start=\"6942\" data-end=\"7088\">\n<li data-start=\"6942\" data-end=\"6977\">\n<p data-start=\"6944\" data-end=\"6977\">Commutation en ville et ride-sharing<\/p>\n<\/li>\n<li data-start=\"6978\" data-end=\"7020\">\n<p data-start=\"6980\" data-end=\"7020\">Transport public dans les r\u00e9gions en d\u00e9veloppement<\/p>\n<\/li>\n<li data-start=\"7021\" data-end=\"7054\">\n<p data-start=\"7023\" data-end=\"7054\">Tourisme et visites<\/p>\n<\/li>\n<li data-start=\"7055\" data-end=\"7088\">\n<p data-start=\"7057\" data-end=\"7088\">Services locaux de taxi et de flotte<\/p>\n<\/li>\n<\/ul>\n<h3 data-start=\"7090\" data-end=\"7111\">M\u00e9thodes de paiement<\/h3>\n<p data-start=\"7112\" data-end=\"7159\">Supports <strong data-start=\"7121\" data-end=\"7156\">T \/ T, L \/ C, Western Union, PayPal<\/strong>.<\/p>\n<hr \/>\n<h3 data-start=\"7161\" data-end=\"7170\">FAQ (questions fr\u00e9quentes)<\/h3>\n<p data-start=\"7171\" data-end=\"7270\"><strong data-start=\"7171\" data-end=\"7232\">Q1: Quelle est la vitesse maximale du Tuk Tuk \u00e9lectrique?<\/strong><br data-start=\"7232\" data-end=\"7235\" \/>A: Il peut atteindre <strong data-start=\"7257\" data-end=\"7267\">45 km\/h<\/strong>.<\/p>\n<p data-start=\"7272\" data-end=\"7354\"><strong data-start=\"7272\" data-end=\"7313\">Q2: Combien de passagers peut-il accueillir?<\/strong><br data-start=\"7313\" data-end=\"7316\" \/>A : <strong data-start=\"7319\" data-end=\"7351\">5 passagers plus le conducteur<\/strong>.<\/p>\n<p data-start=\"7356\" data-end=\"7453\"><strong data-start=\"7356\" data-end=\"7392\">Q3: Quelle est la plage par charge?<\/strong><br data-start=\"7392\" data-end=\"7395\" \/>A : Jusqu'\u00e0 <strong data-start=\"7404\" data-end=\"7412\">90 km<\/strong> selon les conditions routi\u00e8res et de charge.<\/p>\n<p data-start=\"7455\" data-end=\"7551\"><strong data-start=\"7455\" data-end=\"7492\">Q4: Le couvert peut-il \u00eatre personnalis\u00e9?<\/strong><br data-start=\"7492\" data-end=\"7495\" \/>R: Oui, les options de couverture et de marque OEM sont disponibles.<\/p>","protected":false},"excerpt":{"rendered":"<p>Le <strong data-start=\"4568\" data-end=\"4592\">Tuk Tuk \u00e9lectrique<\/strong> est une capacit\u00e9 \u00e9lev\u00e9e <strong data-start=\"4612\" data-end=\"4645\">Rickshaw \u00e9lectrique \u00e0 trois roues<\/strong> construit pour les services de passagers commerciaux et le transport urbain respectueux de l'environnement. Avec place pour <strong data-start=\"4738\" data-end=\"4771\">6 personnes y compris le chauffeur<\/strong>, ce <strong data-start=\"4778\" data-end=\"4798\">tuk tuk \u00e9lectrique<\/strong> est largement adopt\u00e9 en Asie, en Afrique et en Am\u00e9rique latine pour son faible co\u00fbt d'exploitation et sa technologie verte. Aliment\u00e9 par un <strong data-start=\"4914\" data-end=\"4933\">moteur 60V \/ 2400W<\/strong>L'E5 atteint un <strong data-start=\"4952\" data-end=\"4975\">vitesse maximale de 45km\/h<\/strong> et fournit un <strong data-start=\"4991\" data-end=\"5005\">90 km de port\u00e9e<\/strong>ce qui en fait un v\u00e9hicule parfait pour les entreprises quotidiennes de transport de passagers.<\/p>","protected":false},"featured_media":3658,"comment_status":"open","ping_status":"closed","template":"","meta":[],"product_brand":[],"product_cat":[78],"product_tag":[],"class_list":{"0":"post-3648","1":"product","2":"type-product","3":"status-publish","4":"has-post-thumbnail","6":"product_cat-electric-tricycle","8":"first","9":"instock","10":"shipping-taxable","11":"purchasable","12":"product-type-simple"},"_links":{"self":[{"href":"https:\/\/www.tairuiauto.com\/fr\/wp-json\/wp\/v2\/product\/3648","targetHints":{"allow":["GET"]}}],"collection":[{"href":"https:\/\/www.tairuiauto.com\/fr\/wp-json\/wp\/v2\/product"}],"about":[{"href":"https:\/\/www.tairuiauto.com\/fr\/wp-json\/wp\/v2\/types\/product"}],"replies":[{"embeddable":true,"href":"https:\/\/www.tairuiauto.com\/fr\/wp-json\/wp\/v2\/comments?post=3648"}],"wp:featuredmedia":[{"embeddable":true,"href":"https:\/\/www.tairuiauto.com\/fr\/wp-json\/wp\/v2\/media\/3658"}],"wp:attachment":[{"href":"https:\/\/www.tairuiauto.com\/fr\/wp-json\/wp\/v2\/media?parent=3648"}],"wp:term":[{"taxonomy":"product_brand","embeddable":true,"href":"https:\/\/www.tairuiauto.com\/fr\/wp-json\/wp\/v2\/product_brand?post=3648"},{"taxonomy":"product_cat","embeddable":true,"href":"https:\/\/www.tairuiauto.com\/fr\/wp-json\/wp\/v2\/product_cat?post=3648"},{"taxonomy":"product_tag","embeddable":true,"href":"https:\/\/www.tairuiauto.com\/fr\/wp-json\/wp\/v2\/product_tag?post=3648"}],"curies":[{"name":"WP","href":"https:\/\/api.w.org\/{rel}","templated":true}]}}