{"id":3672,"date":"2026-01-19T10:35:14","date_gmt":"2026-01-19T02:35:14","guid":{"rendered":"https:\/\/www.tairuiauto.com\/?post_type=product&#038;p=3672"},"modified":"2026-01-27T10:47:27","modified_gmt":"2026-01-27T02:47:27","slug":"three-wheel-electric-cargo-trike","status":"publish","type":"product","link":"https:\/\/www.tairuiauto.com\/fr\/product\/three-wheel-electric-cargo-trike\/","title":{"rendered":"Mini v\u00e9hicule \u00e9lectrique pour la ville"},"content":{"rendered":"<h2 style=\"padding-left: 40px;\" data-start=\"451\" data-end=\"470\">Aper\u00e7u du produit<\/h2>\n<p style=\"padding-left: 40px;\" data-start=\"472\" data-end=\"788\">Le <strong data-start=\"476\" data-end=\"520\">Mini v\u00e9hicule \u00e9lectrique pour la ville<\/strong> est con\u00e7u pour les environnements urbains o\u00f9 la flexibilit\u00e9, la faible consommation d'\u00e9nergie et la man\u0153uvrabilit\u00e9 sont essentielles. Dot\u00e9 d'une taille de carrosserie compacte, d'une disposition \u00e0 deux portes \u00e0 deux si\u00e8ges et d'un train \u00e9lectrique fiable, il r\u00e9pond aux besoins du transport de petites cargaisons et de la logistique urbaine.<\/p>\n<table style=\"border-collapse: collapse; width: 72.6042%; height: 618px; margin-left: 40px;\" border=\"0\" width=\"720\" cellspacing=\"0\" cellpadding=\"0\">\n<tbody style=\"padding-left: 40px;\">\n<tr style=\"height: 20pt; padding-left: 40px;\">\n<td class=\"et4\" style=\"height: 20pt; width: 159.05pt; padding-left: 40px;\" width=\"265\" height=\"33\">Mod\u00e8le<\/td>\n<td class=\"et4\" style=\"width: 273.4pt; padding-left: 40px;\" width=\"455\">Mini v\u00e9hicule \u00e9lectrique pour la ville<\/td>\n<\/tr>\n<tr style=\"height: 20pt; padding-left: 40px;\">\n<td class=\"et5\" style=\"height: 20pt; width: 159.05pt; padding-left: 40px;\" width=\"265\" height=\"33\">Dimensions (mm)<\/td>\n<td class=\"et5\" style=\"width: 273.4pt; padding-left: 40px;\" width=\"455\">2770*1180*1615<\/td>\n<\/tr>\n<tr style=\"height: 20pt; padding-left: 40px;\">\n<td class=\"et5\" style=\"height: 20pt; width: 159.05pt; padding-left: 40px;\" width=\"265\" height=\"33\">Type de corps<\/td>\n<td class=\"et5\" style=\"width: 273.4pt; padding-left: 40px;\" width=\"455\">corps semi-int\u00e9gral<\/td>\n<\/tr>\n<tr style=\"height: 20pt; padding-left: 40px;\">\n<td class=\"et5\" style=\"height: 20pt; width: 159.05pt; padding-left: 40px;\" width=\"265\" height=\"33\">Structure du corps<\/td>\n<td class=\"et5\" style=\"width: 273.4pt; padding-left: 40px;\" width=\"455\">2 portes et 2 si\u00e8ges<\/td>\n<\/tr>\n<tr style=\"height: 20pt; padding-left: 40px;\">\n<td class=\"et5\" style=\"height: 20pt; width: 159.05pt; padding-left: 40px;\" width=\"265\" height=\"33\">moteur<\/td>\n<td class=\"et5\" style=\"width: 273.4pt; padding-left: 40px;\" width=\"455\">60V1000W<\/td>\n<\/tr>\n<tr style=\"height: 20pt; padding-left: 40px;\">\n<td class=\"et5\" style=\"height: 20pt; width: 159.05pt; padding-left: 40px;\" width=\"265\" height=\"33\">contr\u00f4leur<\/td>\n<td class=\"et5\" style=\"width: 273.4pt; padding-left: 40px;\" width=\"455\">60V24tubes<\/td>\n<\/tr>\n<tr style=\"height: 20pt; padding-left: 40px;\">\n<td class=\"et5\" style=\"height: 20pt; width: 159.05pt; padding-left: 40px;\" width=\"265\" height=\"33\">Batterie<\/td>\n<td class=\"et5\" style=\"width: 273.4pt; padding-left: 40px;\" width=\"455\">60V45Ah<\/td>\n<\/tr>\n<tr style=\"height: 20pt; padding-left: 40px;\">\n<td class=\"et5\" style=\"height: 20pt; width: 159.05pt; padding-left: 40px;\" width=\"265\" height=\"33\">Temps de charge (H)<\/td>\n<td class=\"et5\" style=\"width: 273.4pt; padding-left: 40px;\" width=\"455\">6-8<\/td>\n<\/tr>\n<tr style=\"height: 20pt; padding-left: 40px;\">\n<td class=\"et5\" style=\"height: 20pt; width: 159.05pt; padding-left: 40px;\" width=\"265\" height=\"33\">Distance par charge\/km<\/td>\n<td class=\"et5\" style=\"width: 273.4pt; padding-left: 40px;\" width=\"455\">50 km<\/td>\n<\/tr>\n<tr style=\"height: 20pt; padding-left: 40px;\">\n<td class=\"et5\" style=\"height: 20pt; width: 159.05pt; padding-left: 40px;\" width=\"265\" height=\"33\">Capacit\u00e9 de chargement\/kg<\/td>\n<td class=\"et5\" style=\"width: 273.4pt; padding-left: 40px;\" width=\"455\">400 kg<\/td>\n<\/tr>\n<tr style=\"height: 20pt; padding-left: 40px;\">\n<td class=\"et5\" style=\"height: 20pt; width: 159.05pt; padding-left: 40px;\" width=\"265\" height=\"33\">Suspension avant<\/td>\n<td class=\"et5\" style=\"width: 273.4pt; padding-left: 40px;\" width=\"455\">\u044437 fourche hydraulique<\/td>\n<\/tr>\n<tr style=\"height: 20pt; padding-left: 40px;\">\n<td class=\"et5\" style=\"height: 20pt; width: 159.05pt; padding-left: 40px;\" width=\"265\" height=\"33\">Suspension arri\u00e8re<\/td>\n<td class=\"et5\" style=\"width: 273.4pt; padding-left: 40px;\" width=\"455\">Essieu arri\u00e8re int\u00e9gr\u00e9<\/td>\n<\/tr>\n<tr style=\"height: 20pt; padding-left: 40px;\">\n<td class=\"et5\" style=\"height: 20pt; width: 159.05pt; padding-left: 40px;\" width=\"265\" height=\"33\">Pneumatique avant\/arri\u00e8re<\/td>\n<td class=\"et5\" style=\"width: 273.4pt; padding-left: 40px;\" width=\"455\">4.0-10\/4.0-10<\/td>\n<\/tr>\n<tr style=\"height: 20pt; padding-left: 40px;\">\n<td class=\"et5\" style=\"height: 20pt; width: 159.05pt; padding-left: 40px;\" width=\"265\" height=\"33\">bordure<\/td>\n<td class=\"et5\" style=\"width: 273.4pt; padding-left: 40px;\" width=\"455\">Hub en alliage d'aluminium<\/td>\n<\/tr>\n<tr style=\"height: 20pt; padding-left: 40px;\">\n<td class=\"et5\" style=\"height: 20pt; width: 159.05pt; padding-left: 40px;\" width=\"265\" height=\"33\">Syst\u00e8me de frein<\/td>\n<td class=\"et5\" style=\"width: 273.4pt; padding-left: 40px;\" width=\"455\">avant: disque \/ arri\u00e8re: tambour<\/td>\n<\/tr>\n<tr style=\"height: 20pt; padding-left: 40px;\">\n<td class=\"et5\" style=\"height: 20pt; width: 159.05pt; padding-left: 40px;\" width=\"265\" height=\"33\">Degr\u00e9 d'escalade (%)<\/td>\n<td class=\"et5\" style=\"width: 273.4pt; padding-left: 40px;\" width=\"455\">\u2264 20<\/td>\n<\/tr>\n<tr style=\"height: 20pt; padding-left: 40px;\">\n<td class=\"et5\" style=\"height: 20pt; width: 159.05pt; padding-left: 40px;\" width=\"265\" height=\"33\">Vitesse maximale (km\/h)<\/td>\n<td class=\"et5\" style=\"width: 273.4pt; padding-left: 40px;\" width=\"455\">30km\/h<\/td>\n<\/tr>\n<tr style=\"height: 20pt; padding-left: 40px;\">\n<td class=\"et5\" style=\"height: 20pt; width: 159.05pt; padding-left: 40px;\" width=\"265\" height=\"33\">Mode de direction<\/td>\n<td class=\"et5\" style=\"width: 273.4pt; padding-left: 40px;\" width=\"455\">guidon<\/td>\n<\/tr>\n<tr style=\"height: 20pt; padding-left: 40px;\">\n<td class=\"et5\" style=\"height: 20pt; width: 159.05pt; padding-left: 40px;\" width=\"265\" height=\"33\">certificat<\/td>\n<td class=\"et5\" style=\"width: 273.4pt; padding-left: 40px;\" width=\"455\">CCC<\/td>\n<\/tr>\n<tr style=\"height: 20pt; padding-left: 40px;\">\n<td class=\"et5\" style=\"height: 20pt; width: 159.05pt; padding-left: 40px;\" width=\"265\" height=\"33\">Capacit\u00e9 du conteneur<\/td>\n<td class=\"et5\" style=\"width: 273.4pt; padding-left: 40px;\" width=\"455\">10 PCS SKD\/40&#8217; Si\u00e8ge<\/td>\n<\/tr>\n<tr style=\"height: 20pt; padding-left: 40px;\">\n<td class=\"et5\" style=\"height: 40pt; width: 159.05pt; padding-left: 40px;\" rowspan=\"2\" width=\"265\" height=\"66\">Dispositif de fonction<\/td>\n<td class=\"et5\" style=\"width: 273.4pt; padding-left: 40px;\" width=\"455\">Lumi\u00e8res LED<\/td>\n<\/tr>\n<tr style=\"height: 20pt; padding-left: 40px;\">\n<td class=\"et5\" style=\"width: 273.4pt; padding-left: 40px;\" width=\"455\">Cam\u00e9ra inverse<\/td>\n<\/tr>\n<\/tbody>\n<\/table>\n<hr style=\"padding-left: 40px;\" \/>\n<h2 style=\"padding-left: 40px;\" data-start=\"795\" data-end=\"817\">Description du produit<\/h2>\n<h3 style=\"padding-left: 40px;\" data-start=\"819\" data-end=\"841\">Cat\u00e9gorie de produit<\/h3>\n<p style=\"padding-left: 40px;\" data-start=\"842\" data-end=\"921\">Mini v\u00e9hicule de fret \u00e9lectrique \/ v\u00e9hicule \u00e9lectrique urbain \/ EV de livraison de ville<\/p>\n<h3 style=\"padding-left: 40px;\" data-start=\"923\" data-end=\"948\">Description du produit<\/h3>\n<p style=\"padding-left: 40px;\" data-start=\"950\" data-end=\"1277\">Le <strong data-start=\"954\" data-end=\"998\">Mini v\u00e9hicule \u00e9lectrique pour la ville<\/strong> adopte un <strong data-start=\"1008\" data-end=\"1040\">structure du corps semi-int\u00e9gral<\/strong> avec une dimension compacte de <strong data-start=\"1069\" data-end=\"1094\">2770 \u00d7 1180 \u00d7 1615 mm<\/strong>permettant de manipuler facilement dans les rues \u00e9troites de la ville et les zones r\u00e9sidentielles. Le <strong data-start=\"1177\" data-end=\"1195\">2 portes, 2 places<\/strong> Le design offre un confort de conduite pratique tout en maintenant suffisamment d'espace de charge.<\/p>\n<p style=\"padding-left: 40px;\" data-start=\"1279\" data-end=\"1667\">Aliment\u00e9 par un <strong data-start=\"1292\" data-end=\"1320\">Moteur \u00e9lectrique 60V 1000W<\/strong> et contr\u00f4l\u00e9 par un <strong data-start=\"1341\" data-end=\"1367\">Contr\u00f4leur \u00e0 24 tubes 60V<\/strong>Le v\u00e9hicule offre une puissance stable et une acc\u00e9l\u00e9ration douce pour les op\u00e9rations urbaines quotidiennes. Le <strong data-start=\"1460\" data-end=\"1480\">Batterie 60V 45Ah<\/strong> fournit un <strong data-start=\"1492\" data-end=\"1535\">autonomie de conduite jusqu'\u00e0 50 km par charge<\/strong>ce qui le rend adapt\u00e9 aux t\u00e2ches de livraison \u00e0 courte distance. Le temps de charge est approximativement <strong data-start=\"1622\" data-end=\"1635\">6 \u00e0 8 heures<\/strong>qui prend en charge la nuit.<\/p>\n<p style=\"padding-left: 40px;\">\n<hr style=\"padding-left: 40px;\" \/>\n<p style=\"padding-left: 40px;\" data-start=\"1669\" data-end=\"2065\">Avec un <strong data-start=\"1676\" data-end=\"1714\">Capacit\u00e9 de charge maximale de 400 kg<\/strong>ce mini v\u00e9hicule de fret est bien adapt\u00e9 au transport commercial l\u00e9ger. Le syst\u00e8me de suspension comprend un <strong data-start=\"1820\" data-end=\"1848\">\u03c637 fourche hydraulique avant<\/strong> et un <strong data-start=\"1856\" data-end=\"1880\">essieu arri\u00e8re int\u00e9gr\u00e9<\/strong>garantissant la stabilit\u00e9 et le confort de conduite sous charge. Le v\u00e9hicule est \u00e9quip\u00e9 de <strong data-start=\"1962\" data-end=\"1993\">Pneumatiques avant et arri\u00e8re 4.0-10<\/strong> et <strong data-start=\"1998\" data-end=\"2021\">moyeux en alliage d'aluminium<\/strong>offrant une durabilit\u00e9 et une maniabilit\u00e9 am\u00e9lior\u00e9e.<\/p>\n<p style=\"padding-left: 40px;\" data-start=\"2067\" data-end=\"2437\">Pour la s\u00e9curit\u00e9, le syst\u00e8me de freinage dispose d'un <strong data-start=\"2109\" data-end=\"2149\">frein \u00e0 disque avant et frein \u00e0 tambour arri\u00e8re<\/strong>fournissant des performances d'arr\u00eat fiables. Le v\u00e9hicule prend en charge un <strong data-start=\"2215\" data-end=\"2248\">Capacit\u00e9 d'escalade jusqu'\u00e0 20%<\/strong> et atteint un <strong data-start=\"2263\" data-end=\"2287\">vitesse maximale de 30 km\/h<\/strong>\u00e9quilibrer s\u00e9curit\u00e9 et efficacit\u00e9 dans les conditions de circulation urbaine. La direction est command\u00e9e via un <strong data-start=\"2377\" data-end=\"2398\">commande du guidon<\/strong>ce qui facilite la conduite et l'entretien.<\/p>\n<p style=\"padding-left: 40px;\" data-start=\"2439\" data-end=\"2753\">Le v\u00e9hicule est \u00e9quip\u00e9 de dispositifs fonctionnels essentiels, y compris <strong data-start=\"2507\" data-end=\"2521\">Lumi\u00e8res LED<\/strong> pour une meilleure visibilit\u00e9 et une <strong data-start=\"2552\" data-end=\"2570\">cam\u00e9ra arri\u00e8re<\/strong> pour am\u00e9liorer la s\u00e9curit\u00e9 de la conduite pendant le stationnement et l'inversion. Il rencontre <strong data-start=\"2636\" data-end=\"2657\">Certification CCC<\/strong> Exigences et support <strong data-start=\"2684\" data-end=\"2700\">Exp\u00e9dition SKD<\/strong>avec une capacit\u00e9 de conteneur de <strong data-start=\"2731\" data-end=\"2752\">10 unit\u00e9s par 40HQ<\/strong>.<\/p>\n<hr style=\"padding-left: 40px;\" data-start=\"2755\" data-end=\"2758\" \/>\n<h2 style=\"padding-left: 40px;\" data-start=\"2760\" data-end=\"2788\">Caract\u00e9ristiques cl\u00e9s &amp; Avantages<\/h2>\n<h3 style=\"padding-left: 40px;\" data-start=\"2790\" data-end=\"2804\">Caract\u00e9ristiques<\/h3>\n<ul>\n<li style=\"list-style-type: none;\">\n<ul data-start=\"2805\" data-end=\"3015\">\n<li data-start=\"2805\" data-end=\"2840\">\n<p data-start=\"2807\" data-end=\"2840\">Taille de carrosserie compacte pour une utilisation urbaine<\/p>\n<\/li>\n<li data-start=\"2841\" data-end=\"2892\">\n<p data-start=\"2843\" data-end=\"2892\">Moteur \u00e9lectrique 60V 1000W avec contr\u00f4leur stable<\/p>\n<\/li>\n<li data-start=\"2893\" data-end=\"2935\">\n<p data-start=\"2895\" data-end=\"2935\">Configuration pratique 2 portes, 2 si\u00e8ges<\/p>\n<\/li>\n<li data-start=\"2936\" data-end=\"2979\">\n<p data-start=\"2938\" data-end=\"2979\">Syst\u00e8me de freinage \u00e0 disque avant et \u00e0 tambour arri\u00e8re<\/p>\n<\/li>\n<li data-start=\"2980\" data-end=\"3015\">\n<p data-start=\"2982\" data-end=\"3015\">\u00c9clairage LED et cam\u00e9ra arri\u00e8re<\/p>\n<\/li>\n<\/ul>\n<\/li>\n<\/ul>\n<h3 style=\"padding-left: 40px;\" data-start=\"3017\" data-end=\"3033\">Avantages<\/h3>\n<ul>\n<li style=\"list-style-type: none;\">\n<ul data-start=\"3034\" data-end=\"3200\">\n<li data-start=\"3034\" data-end=\"3075\">\n<p data-start=\"3036\" data-end=\"3075\">Utilisation facile dans les rues \u00e9troites de la ville<\/p>\n<\/li>\n<li data-start=\"3076\" data-end=\"3114\">\n<p data-start=\"3078\" data-end=\"3114\">Co\u00fbts d'exploitation et d'entretien bas<\/p>\n<\/li>\n<li data-start=\"3115\" data-end=\"3157\">\n<p data-start=\"3117\" data-end=\"3157\">Performance stable pour la logistique quotidienne<\/p>\n<\/li>\n<li data-start=\"3158\" data-end=\"3200\">\n<p data-start=\"3160\" data-end=\"3200\">Syst\u00e8me d'entra\u00eenement \u00e9lectrique \u00e9conome en \u00e9nergie<\/p>\n<\/li>\n<\/ul>\n<\/li>\n<\/ul>\n<h3 style=\"padding-left: 40px;\" data-start=\"3202\" data-end=\"3222\">Avantages pour l'acheteur<\/h3>\n<ul>\n<li style=\"list-style-type: none;\">\n<ul data-start=\"3223\" data-end=\"3394\">\n<li data-start=\"3223\" data-end=\"3261\">\n<p data-start=\"3225\" data-end=\"3261\">Id\u00e9al pour la livraison urbaine du dernier kilom\u00e8tre<\/p>\n<\/li>\n<li data-start=\"3262\" data-end=\"3303\">\n<p data-start=\"3264\" data-end=\"3303\">R\u00e9duction des frais de carburant et d'entretien<\/p>\n<\/li>\n<li data-start=\"3304\" data-end=\"3343\">\n<p data-start=\"3306\" data-end=\"3343\">Structure simple pour un entretien facile<\/p>\n<\/li>\n<li data-start=\"3344\" data-end=\"3394\">\n<p data-start=\"3346\" data-end=\"3394\">Conforme aux normes locales en mati\u00e8re de v\u00e9hicules \u00e9lectriques<\/p>\n<\/li>\n<\/ul>\n<\/li>\n<\/ul>\n<h3 style=\"padding-left: 40px;\" data-start=\"3396\" data-end=\"3410\">La preuve<\/h3>\n<ul>\n<li style=\"list-style-type: none;\">\n<ul data-start=\"3411\" data-end=\"3534\">\n<li data-start=\"3411\" data-end=\"3455\">\n<p data-start=\"3413\" data-end=\"3455\">Configuration d'entra\u00eenement \u00e9lectrique \u00e9prouv\u00e9e<\/p>\n<\/li>\n<li data-start=\"3456\" data-end=\"3500\">\n<p data-start=\"3458\" data-end=\"3500\">Chassis renforc\u00e9 et syst\u00e8me de suspension<\/p>\n<\/li>\n<li data-start=\"3501\" data-end=\"3534\">\n<p data-start=\"3503\" data-end=\"3534\">Certifi\u00e9 selon les normes CCC<\/p>\n<\/li>\n<\/ul>\n<\/li>\n<\/ul>\n<hr style=\"padding-left: 40px;\" data-start=\"3536\" data-end=\"3539\" \/>\n<h2 style=\"padding-left: 40px;\" data-start=\"3541\" data-end=\"3565\">Sc\u00e9narios d'application<\/h2>\n<ul>\n<li style=\"list-style-type: none;\">\n<ul data-start=\"3567\" data-end=\"3763\">\n<li data-start=\"3567\" data-end=\"3595\">\n<p data-start=\"3569\" data-end=\"3595\">Livraison urbaine du dernier mile<\/p>\n<\/li>\n<li data-start=\"3596\" data-end=\"3640\">\n<p data-start=\"3598\" data-end=\"3640\">Logistique communautaire et services express<\/p>\n<\/li>\n<li data-start=\"3641\" data-end=\"3680\">\n<p data-start=\"3643\" data-end=\"3680\">Transport de marchandises pour petites entreprises<\/p>\n<\/li>\n<li data-start=\"3681\" data-end=\"3730\">\n<p data-start=\"3683\" data-end=\"3730\">Gestion des biens et entretien des transports<\/p>\n<\/li>\n<li data-start=\"3731\" data-end=\"3763\">\n<p data-start=\"3733\" data-end=\"3763\">Distribution commerciale urbaine<\/p>\n<\/li>\n<\/ul>\n<\/li>\n<\/ul>\n<hr style=\"padding-left: 40px;\" data-start=\"3765\" data-end=\"3768\" \/>\n<h2 style=\"padding-left: 40px;\" data-start=\"3770\" data-end=\"3816\">Pourquoi choisir ce mini v\u00e9hicule \u00e9lectrique<\/h2>\n<p style=\"padding-left: 40px;\" data-start=\"3818\" data-end=\"4096\">Le <strong data-start=\"3822\" data-end=\"3866\">Mini v\u00e9hicule \u00e9lectrique pour la ville<\/strong> combine des dimensions compactes, des performances \u00e9lectriques fiables et une capacit\u00e9 de charge pratique. C'est un choix id\u00e9al pour les entreprises \u00e0 la recherche d'une solution \u00e9conomique et \u00e9cologique pour le transport urbain et la logistique \u00e0 courte distance.<\/p>\n<hr style=\"padding-left: 40px;\" data-start=\"4098\" data-end=\"4101\" \/>\n<h2 style=\"padding-left: 40px;\" data-start=\"4103\" data-end=\"4126\">Emballage &amp; Livraison<\/h2>\n<ul>\n<li style=\"list-style-type: none;\">\n<ul data-start=\"4128\" data-end=\"4287\">\n<li data-start=\"4128\" data-end=\"4154\">\n<p data-start=\"4130\" data-end=\"4154\"><strong data-start=\"4130\" data-end=\"4148\">Certification :<\/strong> CCC<\/p>\n<\/li>\n<li data-start=\"4155\" data-end=\"4200\">\n<p data-start=\"4157\" data-end=\"4200\"><strong data-start=\"4157\" data-end=\"4180\">Capacit\u00e9 du conteneur:<\/strong> 10 PCS SKD \/ 40HQ<\/p>\n<\/li>\n<li data-start=\"4201\" data-end=\"4246\">\n<p data-start=\"4203\" data-end=\"4246\"><strong data-start=\"4203\" data-end=\"4223\">M\u00e9thode de livraison :<\/strong> SKD \/ CKD (facultatif)<\/p>\n<\/li>\n<li data-start=\"4247\" data-end=\"4287\">\n<p data-start=\"4249\" data-end=\"4287\"><strong data-start=\"4249\" data-end=\"4261\">Emballage :<\/strong> Emballage standard \u00e0 l'exportation<\/p>\n<\/li>\n<\/ul>\n<\/li>\n<\/ul>\n<hr style=\"padding-left: 40px;\" data-start=\"4289\" data-end=\"4292\" \/>\n<h2 style=\"padding-left: 40px;\" data-start=\"4294\" data-end=\"4300\">FAQ (questions fr\u00e9quentes)<\/h2>\n<p style=\"padding-left: 40px;\" data-start=\"4302\" data-end=\"4409\"><strong data-start=\"4302\" data-end=\"4363\">Q1: Quelle est la capacit\u00e9 de chargement maximale de ce v\u00e9hicule?<\/strong><br data-start=\"4363\" data-end=\"4366\" \/>La capacit\u00e9 de charge maximale est <strong data-start=\"4398\" data-end=\"4408\">400 kg<\/strong>.<\/p>\n<p style=\"padding-left: 40px;\" data-start=\"4411\" data-end=\"4553\"><strong data-start=\"4411\" data-end=\"4456\">Q2: Quelle est la port\u00e9e de conduite par charge?<\/strong><br data-start=\"4456\" data-end=\"4459\" \/>Le v\u00e9hicule peut voyager jusqu'\u00e0 <strong data-start=\"4488\" data-end=\"4513\">50 km par charge compl\u00e8te<\/strong>en fonction de la charge et des conditions routi\u00e8res.<\/p>\n<p style=\"padding-left: 40px;\" data-start=\"4555\" data-end=\"4694\"><strong data-start=\"4555\" data-end=\"4597\">Q3: Quelles caract\u00e9ristiques de s\u00e9curit\u00e9 sont incluses?<\/strong><br data-start=\"4597\" data-end=\"4600\" \/>Il est \u00e9quip\u00e9 de <strong data-start=\"4620\" data-end=\"4693\">freins \u00e0 disque avant, freins \u00e0 tambour arri\u00e8re, lumi\u00e8res LED et cam\u00e9ra arri\u00e8re<\/strong>.<\/p>\n<p style=\"padding-left: 40px;\" data-start=\"4696\" data-end=\"4838\"><strong data-start=\"4696\" data-end=\"4744\">Q4: Ce v\u00e9hicule convient-il aux routes urbaines?<\/strong><br data-start=\"4744\" data-end=\"4747\" \/>- Oui, oui. Sa taille compacte et sa direction au guidon le rendent id\u00e9al pour les zones urbaines et r\u00e9sidentielles.<\/p>\n<p style=\"padding-left: 40px;\" data-start=\"4840\" data-end=\"4946\"><strong data-start=\"4840\" data-end=\"4875\">Q5: Comment le v\u00e9hicule est-il exp\u00e9di\u00e9?<\/strong><br data-start=\"4875\" data-end=\"4878\" \/>Il est exp\u00e9di\u00e9 en <strong data-start=\"4895\" data-end=\"4907\">Formulaire SKD<\/strong>avec <strong data-start=\"4914\" data-end=\"4945\">10 unit\u00e9s par conteneur 40HQ<\/strong>.<\/p>","protected":false},"excerpt":{"rendered":"<p>Le Mini Cargo Vehicle \u00e9lectrique pour usage urbain est une solution de transport \u00e9lectrique compacte et efficace con\u00e7ue pour la logistique urbaine et la livraison \u00e0 courte distance. Avec un corps semi-int\u00e9gral, un syst\u00e8me \u00e9lectrique stable et une capacit\u00e9 de chargement pratique, il est id\u00e9al pour la distribution urbaine et l'utilisation commerciale quotidienne.<\/p>","protected":false},"featured_media":5337,"comment_status":"open","ping_status":"closed","template":"","meta":[],"product_brand":[],"product_cat":[78],"product_tag":[],"class_list":{"0":"post-3672","1":"product","2":"type-product","3":"status-publish","4":"has-post-thumbnail","6":"product_cat-electric-tricycle","8":"first","9":"instock","10":"shipping-taxable","11":"purchasable","12":"product-type-simple"},"_links":{"self":[{"href":"https:\/\/www.tairuiauto.com\/fr\/wp-json\/wp\/v2\/product\/3672","targetHints":{"allow":["GET"]}}],"collection":[{"href":"https:\/\/www.tairuiauto.com\/fr\/wp-json\/wp\/v2\/product"}],"about":[{"href":"https:\/\/www.tairuiauto.com\/fr\/wp-json\/wp\/v2\/types\/product"}],"replies":[{"embeddable":true,"href":"https:\/\/www.tairuiauto.com\/fr\/wp-json\/wp\/v2\/comments?post=3672"}],"wp:featuredmedia":[{"embeddable":true,"href":"https:\/\/www.tairuiauto.com\/fr\/wp-json\/wp\/v2\/media\/5337"}],"wp:attachment":[{"href":"https:\/\/www.tairuiauto.com\/fr\/wp-json\/wp\/v2\/media?parent=3672"}],"wp:term":[{"taxonomy":"product_brand","embeddable":true,"href":"https:\/\/www.tairuiauto.com\/fr\/wp-json\/wp\/v2\/product_brand?post=3672"},{"taxonomy":"product_cat","embeddable":true,"href":"https:\/\/www.tairuiauto.com\/fr\/wp-json\/wp\/v2\/product_cat?post=3672"},{"taxonomy":"product_tag","embeddable":true,"href":"https:\/\/www.tairuiauto.com\/fr\/wp-json\/wp\/v2\/product_tag?post=3672"}],"curies":[{"name":"WP","href":"https:\/\/api.w.org\/{rel}","templated":true}]}}