{"id":3689,"date":"2026-01-20T10:26:03","date_gmt":"2026-01-20T02:26:03","guid":{"rendered":"https:\/\/www.tairuiauto.com\/?post_type=product&#038;p=3689"},"modified":"2026-01-27T10:52:34","modified_gmt":"2026-01-27T02:52:34","slug":"passenger-electric-tricycle","status":"publish","type":"product","link":"https:\/\/www.tairuiauto.com\/fr\/product\/passenger-electric-tricycle\/","title":{"rendered":"Mini v\u00e9hicule \u00e9lectrique pour la ville"},"content":{"rendered":"<h2 style=\"padding-left: 40px;\" data-start=\"420\" data-end=\"439\">Aper\u00e7u du produit<\/h2>\n<p style=\"padding-left: 40px;\" data-start=\"441\" data-end=\"732\">Le <strong data-start=\"445\" data-end=\"493\">Mini v\u00e9hicule \u00e9lectrique pour la ville<\/strong> poss\u00e8de une petite empreinte et une structure m\u00e9canique simple, ce qui le rend id\u00e9al pour les routes urbaines congestionn\u00e9es, les communaut\u00e9s r\u00e9sidentielles et les voyages quotidiens \u00e0 courte distance. Sa conception \u00e9conome en \u00e9nergie garantit des co\u00fbts d'exploitation bas et une maintenance facile.<\/p>\n<table style=\"border-collapse: collapse; width: 60.1113%; margin-left: 40px;\" border=\"0\" width=\"720\" cellspacing=\"0\" cellpadding=\"0\">\n<tbody style=\"padding-left: 40px;\">\n<tr style=\"height: 20pt; padding-left: 40px;\">\n<td class=\"et5\" style=\"height: 20pt; width: 39.2734%; padding-left: 40px;\" width=\"265\" height=\"33\">Mod\u00e8le<\/td>\n<td class=\"et6\" style=\"width: 78.1404%; padding-left: 40px;\" width=\"455\">Mini v\u00e9hicule \u00e9lectrique pour la ville<\/td>\n<\/tr>\n<tr style=\"height: 20pt; padding-left: 40px;\">\n<td class=\"et7\" style=\"height: 20pt; width: 39.2734%; padding-left: 40px;\" width=\"265\" height=\"33\">Dim global (mm)<\/td>\n<td class=\"et7\" style=\"width: 78.1404%; padding-left: 40px;\" width=\"455\">1547*801*1077<\/td>\n<\/tr>\n<tr style=\"height: 20pt; padding-left: 40px;\">\n<td class=\"et7\" style=\"height: 20pt; width: 39.2734%; padding-left: 40px;\" width=\"265\" height=\"33\">Fourche avant<\/td>\n<td class=\"et7\" style=\"width: 78.1404%; padding-left: 40px;\" width=\"455\">choqueur hydraulique \u044427<\/td>\n<\/tr>\n<tr style=\"height: 20pt; padding-left: 40px;\">\n<td class=\"et7\" style=\"height: 20pt; width: 39.2734%; padding-left: 40px;\" width=\"265\" height=\"33\">moteur<\/td>\n<td class=\"et7\" style=\"width: 78.1404%; padding-left: 40px;\" width=\"455\">60V1000W<\/td>\n<\/tr>\n<tr style=\"height: 20pt; padding-left: 40px;\">\n<td class=\"et7\" style=\"height: 20pt; width: 39.2734%; padding-left: 40px;\" width=\"265\" height=\"33\">contr\u00f4leur<\/td>\n<td class=\"et7\" style=\"width: 78.1404%; padding-left: 40px;\" width=\"455\">60V 18tubes<\/td>\n<\/tr>\n<tr style=\"height: 20pt; padding-left: 40px;\">\n<td class=\"et7\" style=\"height: 20pt; width: 39.2734%; padding-left: 40px;\" width=\"265\" height=\"33\">Pneumatique avant\/arri\u00e8re<\/td>\n<td class=\"et7\" style=\"width: 78.1404%; padding-left: 40px;\" width=\"455\">Pneumatique sans tube 3.0-10<\/td>\n<\/tr>\n<tr style=\"height: 20pt; padding-left: 40px;\">\n<td class=\"et7\" style=\"height: 20pt; width: 39.2734%; padding-left: 40px;\" width=\"265\" height=\"33\">bordure<\/td>\n<td class=\"et7\" style=\"width: 78.1404%; padding-left: 40px;\" width=\"455\">Hub en alliage d'aluminium<\/td>\n<\/tr>\n<tr style=\"height: 20pt; padding-left: 40px;\">\n<td class=\"et7\" style=\"height: 20pt; width: 39.2734%; padding-left: 40px;\" width=\"265\" height=\"33\">Syst\u00e8me de frein<\/td>\n<td class=\"et7\" style=\"width: 78.1404%; padding-left: 40px;\" width=\"455\">avant: disque \/ arri\u00e8re: tambour<\/td>\n<\/tr>\n<tr style=\"height: 20pt; padding-left: 40px;\">\n<td class=\"et7\" style=\"height: 20pt; width: 39.2734%; padding-left: 40px;\" width=\"265\" height=\"33\">Temps de charge (H)<\/td>\n<td class=\"et7\" style=\"width: 78.1404%; padding-left: 40px;\" width=\"455\">6-8<\/td>\n<\/tr>\n<tr style=\"height: 20pt; padding-left: 40px;\">\n<td class=\"et7\" style=\"height: 20pt; width: 39.2734%; padding-left: 40px;\" width=\"265\" height=\"33\">Distance par charge\/km<\/td>\n<td class=\"et7\" style=\"width: 78.1404%; padding-left: 40px;\" width=\"455\">40-60<\/td>\n<\/tr>\n<tr style=\"height: 20pt; padding-left: 40px;\">\n<td class=\"et7\" style=\"height: 20pt; width: 39.2734%; padding-left: 40px;\" width=\"265\" height=\"33\">Degr\u00e9 d'escalade (%)<\/td>\n<td class=\"et7\" style=\"width: 78.1404%; padding-left: 40px;\" width=\"455\">\u2265 25<\/td>\n<\/tr>\n<tr style=\"height: 20pt; padding-left: 40px;\">\n<td class=\"et7\" style=\"height: 20pt; width: 39.2734%; padding-left: 40px;\" width=\"265\" height=\"33\">Batterie<\/td>\n<td class=\"et7\" style=\"width: 78.1404%; padding-left: 40px;\" width=\"455\">Batterie acide au plomb 60V20AH<\/td>\n<\/tr>\n<tr style=\"height: 20pt; padding-left: 40px;\">\n<td class=\"et7\" style=\"height: 20pt; width: 39.2734%; padding-left: 40px;\" width=\"265\" height=\"33\">Vitesse maximale (km\/h)<\/td>\n<td class=\"et7\" style=\"width: 78.1404%; padding-left: 40px;\" width=\"455\">25 km\/h<\/td>\n<\/tr>\n<tr style=\"height: 20pt; padding-left: 40px;\">\n<td class=\"et7\" style=\"height: 20pt; width: 39.2734%; padding-left: 40px;\" width=\"265\" height=\"33\">Capacit\u00e9 du conteneur<\/td>\n<td class=\"et7\" style=\"width: 78.1404%; padding-left: 40px;\" width=\"455\">99 PCS SKD\/40&#8217; Si\u00e8ge<\/td>\n<\/tr>\n<tr style=\"height: 20pt; padding-left: 40px;\">\n<td class=\"et7\" style=\"height: 20pt; width: 39.2734%; padding-left: 40px;\" width=\"265\" height=\"33\">certificat<\/td>\n<td class=\"et7\" style=\"width: 78.1404%; padding-left: 40px;\" width=\"455\">CEE \/ COC \/ L2e-P<\/td>\n<\/tr>\n<\/tbody>\n<\/table>\n<hr style=\"padding-left: 40px;\" data-start=\"734\" data-end=\"737\" \/>\n<h2 style=\"padding-left: 40px;\" data-start=\"739\" data-end=\"761\">Description du produit<\/h2>\n<h3 style=\"padding-left: 40px;\" data-start=\"763\" data-end=\"785\">Cat\u00e9gorie de produit<\/h3>\n<p style=\"padding-left: 40px;\" data-start=\"786\" data-end=\"869\">Mini v\u00e9hicule de passagers \u00e9lectrique \/ v\u00e9hicule de mobilit\u00e9 \u00e9lectrique urbaine \/ EV de ville compact<\/p>\n<h3 style=\"padding-left: 40px;\" data-start=\"871\" data-end=\"896\">Description du produit<\/h3>\n<p style=\"padding-left: 40px;\" data-start=\"898\" data-end=\"1193\">Le <strong data-start=\"902\" data-end=\"950\">Mini v\u00e9hicule \u00e9lectrique pour la ville<\/strong> adopte une dimension globale compacte de <strong data-start=\"989\" data-end=\"1013\">1547 \u00d7 801 \u00d7 1077 mm<\/strong>permettant une maniabilit\u00e9 facile dans les rues \u00e9troites et les environnements urbains denses. Sa conception l\u00e9g\u00e8re am\u00e9liore la stabilit\u00e9 de conduite et l'efficacit\u00e9 \u00e9nerg\u00e9tique pendant les trajets quotidiens.<\/p>\n<p style=\"padding-left: 40px;\" data-start=\"1195\" data-end=\"1579\">Le v\u00e9hicule est aliment\u00e9 par un <strong data-start=\"1223\" data-end=\"1251\">Moteur \u00e9lectrique 60V 1000W<\/strong>, jumel\u00e9 avec un <strong data-start=\"1267\" data-end=\"1293\">Contr\u00f4leur \u00e0 18 tubes 60V<\/strong>garantissant une puissance stable et une acc\u00e9l\u00e9ration douce pour les conditions de conduite en ville. Un <strong data-start=\"1378\" data-end=\"1408\">Batterie plomb-acide 60V 20Ah<\/strong> fournit un <strong data-start=\"1420\" data-end=\"1460\">autonomie de conduite de 40 \u00e0 60 km par charge<\/strong>selon les conditions routi\u00e8res et la charge. Le temps de charge est approximativement <strong data-start=\"1532\" data-end=\"1545\">6 \u00e0 8 heures<\/strong>Convient pour la recharge nocturne.<\/p>\n<p style=\"padding-left: 40px;\" data-start=\"1195\" data-end=\"1579\">\u00a0 \u00a0 \u00a0 \u00a0 \u00a0 \u00a0 \u00a0 \u00a0 \u00a0 \u00a0 \u00a0 \u00a0 \u00a0 \u00a0<img fetchpriority=\"high\" decoding=\"async\" class=\"size-medium wp-image-5349 alignnone\" src=\"https:\/\/www.tairuiauto.com\/wp-content\/uploads\/2026\/01\/3-300x300.webp\" alt=\"\" width=\"300\" height=\"300\" srcset=\"https:\/\/www.tairuiauto.com\/wp-content\/uploads\/2026\/01\/3-300x300.webp 300w, https:\/\/www.tairuiauto.com\/wp-content\/uploads\/2026\/01\/3-150x150.webp 150w, https:\/\/www.tairuiauto.com\/wp-content\/uploads\/2026\/01\/3-12x12.webp 12w, https:\/\/www.tairuiauto.com\/wp-content\/uploads\/2026\/01\/3-600x600.webp 600w, https:\/\/www.tairuiauto.com\/wp-content\/uploads\/2026\/01\/3-100x100.webp 100w, https:\/\/www.tairuiauto.com\/wp-content\/uploads\/2026\/01\/3.webp 750w\" sizes=\"(max-width: 300px) 100vw, 300px\" \/> <img decoding=\"async\" class=\"size-medium wp-image-5348 alignnone\" src=\"https:\/\/www.tairuiauto.com\/wp-content\/uploads\/2026\/01\/2-1-300x300.jpg\" alt=\"\" width=\"300\" height=\"300\" srcset=\"https:\/\/www.tairuiauto.com\/wp-content\/uploads\/2026\/01\/2-1-300x300.jpg 300w, https:\/\/www.tairuiauto.com\/wp-content\/uploads\/2026\/01\/2-1-1024x1024.jpg 1024w, https:\/\/www.tairuiauto.com\/wp-content\/uploads\/2026\/01\/2-1-150x150.jpg 150w, https:\/\/www.tairuiauto.com\/wp-content\/uploads\/2026\/01\/2-1-768x768.jpg 768w, https:\/\/www.tairuiauto.com\/wp-content\/uploads\/2026\/01\/2-1-1536x1536.jpg 1536w, https:\/\/www.tairuiauto.com\/wp-content\/uploads\/2026\/01\/2-1-2048x2048.jpg 2048w, https:\/\/www.tairuiauto.com\/wp-content\/uploads\/2026\/01\/2-1-12x12.jpg 12w, https:\/\/www.tairuiauto.com\/wp-content\/uploads\/2026\/01\/2-1-600x600.jpg 600w, https:\/\/www.tairuiauto.com\/wp-content\/uploads\/2026\/01\/2-1-100x100.jpg 100w\" sizes=\"(max-width: 300px) 100vw, 300px\" \/><\/p>\n<p style=\"padding-left: 40px;\" data-start=\"1581\" data-end=\"1886\">Pour le confort de conduite et l'adaptabilit\u00e9 routi\u00e8re, la suspension avant est \u00e9quip\u00e9e d'un <strong data-start=\"1663\" data-end=\"1695\">\u03c627 amortisseur hydraulique<\/strong>r\u00e9duisant efficacement les vibrations sur les routes urbaines in\u00e9gales. Le v\u00e9hicule utilise <strong data-start=\"1768\" data-end=\"1793\">3.0-10 pneus sans tubes<\/strong> combin\u00e9 avec <strong data-start=\"1808\" data-end=\"1831\">moyeux en alliage d'aluminium<\/strong>offrant une bonne durabilit\u00e9, adh\u00e9rence et stabilit\u00e9 de conduite.<\/p>\n<p style=\"padding-left: 40px;\" data-start=\"1888\" data-end=\"2191\">Le syst\u00e8me de freinage se compose d'un <strong data-start=\"1921\" data-end=\"1961\">frein \u00e0 disque avant et frein \u00e0 tambour arri\u00e8re<\/strong>offrant des performances d'arr\u00eat fiables et une s\u00e9curit\u00e9 am\u00e9lior\u00e9e. Avec un <strong data-start=\"2031\" data-end=\"2059\">capacit\u00e9 d'escalade de \u226525%<\/strong> et un <strong data-start=\"2066\" data-end=\"2090\">vitesse maximale de 25 km\/h<\/strong>Le v\u00e9hicule offre des performances \u00e9quilibr\u00e9es pour la mobilit\u00e9 urbaine tout en respectant les r\u00e8glements locaux de vitesse.<\/p>\n<p style=\"padding-left: 40px;\" data-start=\"2193\" data-end=\"2436\">Con\u00e7u pour les march\u00e9s d'exportation, le v\u00e9hicule supporte <strong data-start=\"2243\" data-end=\"2260\">Emballage SKD<\/strong>avec un <strong data-start=\"2269\" data-end=\"2312\">capacit\u00e9 de conteneur de 99 unit\u00e9s par 40HQ<\/strong>Il est conforme aux <strong data-start=\"2331\" data-end=\"2366\">Certification CEE \/ COC \/ L2e-P<\/strong>ce qui le rend adapt\u00e9 \u00e0 l'utilisation routi\u00e8re l\u00e9gale sur de nombreux march\u00e9s internationaux.<\/p>\n<hr style=\"padding-left: 40px;\" data-start=\"2438\" data-end=\"2441\" \/>\n<h2 style=\"padding-left: 40px;\" data-start=\"2443\" data-end=\"2471\">Caract\u00e9ristiques cl\u00e9s &amp; Avantages<\/h2>\n<h3 style=\"padding-left: 40px;\" data-start=\"2473\" data-end=\"2487\">Caract\u00e9ristiques<\/h3>\n<ul>\n<li style=\"list-style-type: none;\">\n<ul data-start=\"2488\" data-end=\"2716\">\n<li data-start=\"2488\" data-end=\"2537\">\n<p data-start=\"2490\" data-end=\"2537\">Conception compacte et l\u00e9g\u00e8re pour passagers urbains<\/p>\n<\/li>\n<li data-start=\"2538\" data-end=\"2589\">\n<p data-start=\"2540\" data-end=\"2589\">Moteur \u00e9lectrique 60V 1000W avec contr\u00f4leur stable<\/p>\n<\/li>\n<li data-start=\"2590\" data-end=\"2633\">\n<p data-start=\"2592\" data-end=\"2633\">Syst\u00e8me de freinage \u00e0 disque avant et \u00e0 tambour arri\u00e8re<\/p>\n<\/li>\n<li data-start=\"2634\" data-end=\"2677\">\n<p data-start=\"2636\" data-end=\"2677\">Pneus sans tube avec moyeux en alliage d'aluminium<\/p>\n<\/li>\n<li data-start=\"2678\" data-end=\"2716\">\n<p data-start=\"2680\" data-end=\"2716\">Syst\u00e8me de batterie plomb-acide efficace<\/p>\n<\/li>\n<\/ul>\n<\/li>\n<\/ul>\n<h3 style=\"padding-left: 40px;\" data-start=\"2718\" data-end=\"2734\">Avantages<\/h3>\n<ul>\n<li style=\"list-style-type: none;\">\n<ul data-start=\"2735\" data-end=\"2918\">\n<li data-start=\"2735\" data-end=\"2778\">\n<p data-start=\"2737\" data-end=\"2778\">Facile \u00e0 manipuler dans les zones urbaines bond\u00e9es<\/p>\n<\/li>\n<li data-start=\"2779\" data-end=\"2824\">\n<p data-start=\"2781\" data-end=\"2824\">Faible consommation d'\u00e9nergie et co\u00fbt d'exploitation<\/p>\n<\/li>\n<li data-start=\"2825\" data-end=\"2866\">\n<p data-start=\"2827\" data-end=\"2866\">Structure simple pour une maintenance facile<\/p>\n<\/li>\n<li data-start=\"2867\" data-end=\"2918\">\n<p data-start=\"2869\" data-end=\"2918\">Performance stable pour les trajets \u00e0 courte distance<\/p>\n<\/li>\n<\/ul>\n<\/li>\n<\/ul>\n<h3 style=\"padding-left: 40px;\" data-start=\"2920\" data-end=\"2940\">Avantages pour l'acheteur<\/h3>\n<ul>\n<li style=\"list-style-type: none;\">\n<ul data-start=\"2941\" data-end=\"3124\">\n<li data-start=\"2941\" data-end=\"2991\">\n<p data-start=\"2943\" data-end=\"2991\">Id\u00e9al pour les voyages quotidiens en ville et les courts trajets<\/p>\n<\/li>\n<li data-start=\"2992\" data-end=\"3033\">\n<p data-start=\"2994\" data-end=\"3033\">R\u00e9duction des frais de carburant et d'entretien<\/p>\n<\/li>\n<li data-start=\"3034\" data-end=\"3075\">\n<p data-start=\"3036\" data-end=\"3075\">Convient \u00e0 l'exportation et \u00e0 l'exp\u00e9dition en vrac<\/p>\n<\/li>\n<li data-start=\"3076\" data-end=\"3124\">\n<p data-start=\"3078\" data-end=\"3124\">Certifi\u00e9 pour plusieurs march\u00e9s internationaux<\/p>\n<\/li>\n<\/ul>\n<\/li>\n<\/ul>\n<h3 style=\"padding-left: 40px;\" data-start=\"3126\" data-end=\"3140\">La preuve<\/h3>\n<ul>\n<li style=\"list-style-type: none;\">\n<ul data-start=\"3141\" data-end=\"3281\">\n<li data-start=\"3141\" data-end=\"3185\">\n<p data-start=\"3143\" data-end=\"3185\">Configuration de la transmission \u00e9lectrique mature<\/p>\n<\/li>\n<li data-start=\"3186\" data-end=\"3233\">\n<p data-start=\"3188\" data-end=\"3233\">Certifi\u00e9 selon les normes CEE \/ COC \/ L2e-P<\/p>\n<\/li>\n<li data-start=\"3234\" data-end=\"3281\">\n<p data-start=\"3236\" data-end=\"3281\">Conception \u00e9prouv\u00e9e du syst\u00e8me de suspension et de freinage<\/p>\n<\/li>\n<\/ul>\n<\/li>\n<\/ul>\n<hr style=\"padding-left: 40px;\" data-start=\"3283\" data-end=\"3286\" \/>\n<h2 style=\"padding-left: 40px;\" data-start=\"3288\" data-end=\"3312\">Sc\u00e9narios d'application<\/h2>\n<ul>\n<li style=\"list-style-type: none;\">\n<ul data-start=\"3314\" data-end=\"3478\">\n<li data-start=\"3314\" data-end=\"3348\">\n<p data-start=\"3316\" data-end=\"3348\">Travail urbain \u00e0 courte distance<\/p>\n<\/li>\n<li data-start=\"3349\" data-end=\"3389\">\n<p data-start=\"3351\" data-end=\"3389\">Transport communautaire r\u00e9sidentiel<\/p>\n<\/li>\n<li data-start=\"3390\" data-end=\"3418\">\n<p data-start=\"3392\" data-end=\"3418\">Mobilit\u00e9 campus et parc<\/p>\n<\/li>\n<li data-start=\"3419\" data-end=\"3444\">\n<p data-start=\"3421\" data-end=\"3444\">Voyage personnel quotidien<\/p>\n<\/li>\n<li data-start=\"3445\" data-end=\"3478\">\n<p data-start=\"3447\" data-end=\"3478\">Projets de mobilit\u00e9 commune urbaine<\/p>\n<\/li>\n<\/ul>\n<\/li>\n<\/ul>\n<hr style=\"padding-left: 40px;\" data-start=\"3480\" data-end=\"3483\" \/>\n<h2 style=\"padding-left: 40px;\" data-start=\"3485\" data-end=\"3535\">Pourquoi choisir ce v\u00e9hicule \u00e9lectrique<\/h2>\n<p style=\"padding-left: 40px;\" data-start=\"3537\" data-end=\"3819\">Le <strong data-start=\"3541\" data-end=\"3589\">Mini v\u00e9hicule \u00e9lectrique pour la ville<\/strong> combine des dimensions compactes, des performances \u00e9lectriques fiables et une certification internationale. C'est un choix id\u00e9al pour les distributeurs et les utilisateurs finaux \u00e0 la recherche d'une solution rentable et \u00e9cologique pour le transport urbain de passagers.<\/p>\n<hr style=\"padding-left: 40px;\" data-start=\"3821\" data-end=\"3824\" \/>\n<h2 style=\"padding-left: 40px;\" data-start=\"3826\" data-end=\"3849\">Emballage &amp; Livraison<\/h2>\n<ul>\n<li style=\"list-style-type: none;\">\n<ul data-start=\"3851\" data-end=\"4029\">\n<li data-start=\"3851\" data-end=\"3891\">\n<p data-start=\"3853\" data-end=\"3891\"><strong data-start=\"3853\" data-end=\"3871\">Certification :<\/strong> CEE \/ COC \/ L2e-P<\/p>\n<\/li>\n<li data-start=\"3892\" data-end=\"3937\">\n<p data-start=\"3894\" data-end=\"3937\"><strong data-start=\"3894\" data-end=\"3917\">Capacit\u00e9 du conteneur:<\/strong> 99 PCS SKD \/ 40HQ<\/p>\n<\/li>\n<li data-start=\"3938\" data-end=\"3985\">\n<p data-start=\"3940\" data-end=\"3985\"><strong data-start=\"3940\" data-end=\"3959\">M\u00e9thode d'emballage:<\/strong> Emballage standard \u00e0 l'exportation<\/p>\n<\/li>\n<li data-start=\"3986\" data-end=\"4029\">\n<p data-start=\"3988\" data-end=\"4029\"><strong data-start=\"3988\" data-end=\"4006\">Formulaire de livraison :<\/strong> SKD \/ CKD (facultatif)<\/p>\n<\/li>\n<\/ul>\n<\/li>\n<\/ul>\n<hr style=\"padding-left: 40px;\" data-start=\"4031\" data-end=\"4034\" \/>\n<h2 style=\"padding-left: 40px;\" data-start=\"4036\" data-end=\"4042\">FAQ (questions fr\u00e9quentes)<\/h2>\n<p style=\"padding-left: 40px;\" data-start=\"4044\" data-end=\"4202\"><strong data-start=\"4044\" data-end=\"4097\">Q1: Quelle est la port\u00e9e maximale par charge?<\/strong><br data-start=\"4097\" data-end=\"4100\" \/>Le v\u00e9hicule offre une gamme de <strong data-start=\"4130\" data-end=\"4142\">40 \u00e0 60 km<\/strong> par charge, en fonction des conditions routi\u00e8res et des habitudes de conduite.<\/p>\n<p style=\"padding-left: 40px;\" data-start=\"4204\" data-end=\"4348\"><strong data-start=\"4204\" data-end=\"4255\">Q2: Quel type de batterie utilise ce v\u00e9hicule?<\/strong><br data-start=\"4255\" data-end=\"4258\" \/>Il utilise un <strong data-start=\"4268\" data-end=\"4298\">Batterie plomb-acide 60V 20Ah<\/strong>fournissant une performance stable et rentable.<\/p>\n<p style=\"padding-left: 40px;\" data-start=\"4350\" data-end=\"4482\"><strong data-start=\"4350\" data-end=\"4399\">Q3: Ce v\u00e9hicule convient-il aux routes urbaines?<\/strong><br data-start=\"4399\" data-end=\"4402\" \/>- Oui, oui. Sa taille compacte et sa vitesse maximale contr\u00f4l\u00e9e le rendent id\u00e9al pour les d\u00e9placements en ville.<\/p>\n<p style=\"padding-left: 40px;\" data-start=\"4484\" data-end=\"4624\"><strong data-start=\"4484\" data-end=\"4533\">Q4: Quelles certifications poss\u00e8de ce mod\u00e8le?<\/strong><br data-start=\"4533\" data-end=\"4536\" \/>Le v\u00e9hicule est certifi\u00e9 avec <strong data-start=\"4566\" data-end=\"4587\">CEE \/ COC \/ L2e-P<\/strong>permettant une utilisation l\u00e9gale sur de nombreux march\u00e9s.<\/p>\n<p style=\"padding-left: 40px;\" data-start=\"4626\" data-end=\"4732\"><strong data-start=\"4626\" data-end=\"4661\">Q5: Comment le v\u00e9hicule est-il exp\u00e9di\u00e9?<\/strong><br data-start=\"4661\" data-end=\"4664\" \/>Il est exp\u00e9di\u00e9 en <strong data-start=\"4681\" data-end=\"4693\">Formulaire SKD<\/strong>avec <strong data-start=\"4700\" data-end=\"4731\">99 unit\u00e9s par conteneur 40HQ<\/strong>.<\/p>","protected":false},"excerpt":{"rendered":"<p>Le <strong data-start=\"131\" data-end=\"179\">Mini v\u00e9hicule \u00e9lectrique pour la ville<\/strong> est une solution compacte de mobilit\u00e9 \u00e9lectrique con\u00e7ue pour les trajets urbains \u00e0 courte distance. Avec une structure l\u00e9g\u00e8re, un train \u00e9lectrique efficace et un syst\u00e8me de freinage stable, il offre un transport s\u00fbr et \u00e9conomique pour les utilisateurs de la ville.<\/p>","protected":false},"featured_media":5347,"comment_status":"open","ping_status":"closed","template":"","meta":[],"product_brand":[],"product_cat":[78],"product_tag":[],"class_list":{"0":"post-3689","1":"product","2":"type-product","3":"status-publish","4":"has-post-thumbnail","6":"product_cat-electric-tricycle","8":"first","9":"instock","10":"shipping-taxable","11":"product-type-simple"},"_links":{"self":[{"href":"https:\/\/www.tairuiauto.com\/fr\/wp-json\/wp\/v2\/product\/3689","targetHints":{"allow":["GET"]}}],"collection":[{"href":"https:\/\/www.tairuiauto.com\/fr\/wp-json\/wp\/v2\/product"}],"about":[{"href":"https:\/\/www.tairuiauto.com\/fr\/wp-json\/wp\/v2\/types\/product"}],"replies":[{"embeddable":true,"href":"https:\/\/www.tairuiauto.com\/fr\/wp-json\/wp\/v2\/comments?post=3689"}],"wp:featuredmedia":[{"embeddable":true,"href":"https:\/\/www.tairuiauto.com\/fr\/wp-json\/wp\/v2\/media\/5347"}],"wp:attachment":[{"href":"https:\/\/www.tairuiauto.com\/fr\/wp-json\/wp\/v2\/media?parent=3689"}],"wp:term":[{"taxonomy":"product_brand","embeddable":true,"href":"https:\/\/www.tairuiauto.com\/fr\/wp-json\/wp\/v2\/product_brand?post=3689"},{"taxonomy":"product_cat","embeddable":true,"href":"https:\/\/www.tairuiauto.com\/fr\/wp-json\/wp\/v2\/product_cat?post=3689"},{"taxonomy":"product_tag","embeddable":true,"href":"https:\/\/www.tairuiauto.com\/fr\/wp-json\/wp\/v2\/product_tag?post=3689"}],"curies":[{"name":"WP","href":"https:\/\/api.w.org\/{rel}","templated":true}]}}