{"id":3697,"date":"2025-09-15T10:06:38","date_gmt":"2025-09-15T02:06:38","guid":{"rendered":"https:\/\/www.tairuiauto.com\/?post_type=product&#038;p=3697"},"modified":"2025-09-15T10:06:38","modified_gmt":"2025-09-15T02:06:38","slug":"electric-tricycle-for-passengers","status":"publish","type":"product","link":"https:\/\/www.tairuiauto.com\/fr\/product\/electric-tricycle-for-passengers\/","title":{"rendered":"Tricycle \u00e9lectrique pour les passagers"},"content":{"rendered":"<h2 data-start=\"929\" data-end=\"974\">Structure solide et dimensions compactes<\/h2>\n<p data-start=\"975\" data-end=\"1363\">Avec une taille globale de <strong data-start=\"999\" data-end=\"1019\">1547 x 801 x 1077 mm<\/strong>Le tricycle maintient une empreinte compacte qui facilite la man\u0153uvre dans les rues fr\u00e9quent\u00e9es de la ville tout en offrant des si\u00e8ges confortables pour deux passagers. Pour les grossistes, cette combinaison de petites dimensions et de conception fonctionnelle assure un grand plaisir \u00e0 la client\u00e8le, des utilisateurs familiaux individuels aux op\u00e9rateurs de services de transport \u00e0 petite \u00e9chelle.<\/p>\n<h2 data-start=\"975\" data-end=\"1363\">Param\u00e8tres<\/h2>\n<table style=\"border-collapse: collapse; width: 84.7101%; height: 440px;\" border=\"0\" width=\"720\" cellspacing=\"0\" cellpadding=\"0\">\n<tbody>\n<tr style=\"height: 20.00pt;\">\n<td class=\"et5\" style=\"height: 20.00pt; width: 432.45pt;\" colspan=\"2\" width=\"720\" height=\"33\">Configuration standard<\/td>\n<\/tr>\n<tr style=\"height: 20.00pt;\">\n<td class=\"et5\" style=\"height: 20.00pt;\" height=\"33\">Mod\u00e8le<\/td>\n<td class=\"et7\"><a href=\"#\u76ee\u5f55!A1\">P102<\/a><\/td>\n<\/tr>\n<tr style=\"height: 20.00pt;\">\n<td class=\"et6\" style=\"height: 20.00pt; width: 159.05pt;\" width=\"265\" height=\"33\">Dim global (mm)<\/td>\n<td class=\"et6\" style=\"width: 273.40pt;\" width=\"455\">2285*975*1048<\/td>\n<\/tr>\n<tr style=\"height: 20.00pt;\">\n<td class=\"et6\" style=\"height: 20.00pt; width: 159.05pt;\" width=\"265\" height=\"33\">Fourche avant<\/td>\n<td class=\"et6\" style=\"width: 273.40pt;\" width=\"455\">choqueur hydraulique \u044431<\/td>\n<\/tr>\n<tr style=\"height: 20.00pt;\">\n<td class=\"et6\" style=\"height: 20.00pt; width: 159.05pt;\" width=\"265\" height=\"33\">moteur<\/td>\n<td class=\"et6\" style=\"width: 273.40pt;\" width=\"455\">60V1000W<\/td>\n<\/tr>\n<tr style=\"height: 20.00pt;\">\n<td class=\"et6\" style=\"height: 20.00pt; width: 159.05pt;\" width=\"265\" height=\"33\">contr\u00f4leur<\/td>\n<td class=\"et6\" style=\"width: 273.40pt;\" width=\"455\">60V 18tubes<\/td>\n<\/tr>\n<tr style=\"height: 20.00pt;\">\n<td class=\"et6\" style=\"height: 20.00pt; width: 159.05pt;\" width=\"265\" height=\"33\">Pneumatique avant\/arri\u00e8re<\/td>\n<td class=\"et6\" style=\"width: 273.40pt;\" width=\"455\">Pneumatique sans tube 3.0-10<\/td>\n<\/tr>\n<tr style=\"height: 20.00pt;\">\n<td class=\"et6\" style=\"height: 20.00pt; width: 159.05pt;\" width=\"265\" height=\"33\">bordure<\/td>\n<td class=\"et6\" style=\"width: 273.40pt;\" width=\"455\">Hub en alliage d'aluminium<\/td>\n<\/tr>\n<tr style=\"height: 20.00pt;\">\n<td class=\"et6\" style=\"height: 20.00pt; width: 159.05pt;\" width=\"265\" height=\"33\">Syst\u00e8me de frein<\/td>\n<td class=\"et6\" style=\"width: 273.40pt;\" width=\"455\">avant: disque \/ arri\u00e8re: tambour<\/td>\n<\/tr>\n<tr style=\"height: 20.00pt;\">\n<td class=\"et6\" style=\"height: 20.00pt; width: 159.05pt;\" width=\"265\" height=\"33\">Temps de charge (H)<\/td>\n<td class=\"et6\" style=\"width: 273.40pt;\" width=\"455\">6-8<\/td>\n<\/tr>\n<tr style=\"height: 20.00pt;\">\n<td class=\"et6\" style=\"height: 20.00pt; width: 159.05pt;\" width=\"265\" height=\"33\">Distance par charge\/km<\/td>\n<td class=\"et6\" style=\"width: 273.40pt;\" width=\"455\">40-60<\/td>\n<\/tr>\n<tr style=\"height: 20.00pt;\">\n<td class=\"et6\" style=\"height: 20.00pt; width: 159.05pt;\" width=\"265\" height=\"33\">Degr\u00e9 d'escalade (%)<\/td>\n<td class=\"et6\" style=\"width: 273.40pt;\" width=\"455\">\u2265 25<\/td>\n<\/tr>\n<tr style=\"height: 20.00pt;\">\n<td class=\"et6\" style=\"height: 20.00pt; width: 159.05pt;\" width=\"265\" height=\"33\">Batterie<\/td>\n<td class=\"et6\" style=\"width: 273.40pt;\" width=\"455\">Batterie acide au plomb 60V20AH<\/td>\n<\/tr>\n<tr style=\"height: 20.00pt;\">\n<td class=\"et6\" style=\"height: 20.00pt; width: 159.05pt;\" width=\"265\" height=\"33\">Vitesse maximale (km\/h)<\/td>\n<td class=\"et6\" style=\"width: 273.40pt;\" width=\"455\">25 km\/h<\/td>\n<\/tr>\n<tr style=\"height: 20.00pt;\">\n<td class=\"et6\" style=\"height: 20.00pt; width: 159.05pt;\" width=\"265\" height=\"33\">Capacit\u00e9 du conteneur<\/td>\n<td class=\"et6\" style=\"width: 273.40pt;\" width=\"455\">48 PCS SKD\/40&#8217; Si\u00e8ge<\/td>\n<\/tr>\n<tr style=\"height: 20.00pt;\">\n<td class=\"et6\" style=\"height: 20.00pt; width: 159.05pt;\" width=\"265\" height=\"33\">certificat<\/td>\n<td class=\"et6\" style=\"width: 273.40pt;\" width=\"455\">CEE \/ COC \/ L2e-P<\/td>\n<\/tr>\n<\/tbody>\n<\/table>\n<h2 data-start=\"1365\" data-end=\"1402\">Efficacit\u00e9 du moteur et du contr\u00f4leur<\/h2>\n<p data-start=\"1403\" data-end=\"1787\">\u00c9quip\u00e9 d'un <strong data-start=\"1419\" data-end=\"1437\">moteur 60V1000W<\/strong> et contr\u00f4l\u00e9 par un <strong data-start=\"1458\" data-end=\"1484\">Contr\u00f4leur \u00e0 18 tubes 60V<\/strong>, le v\u00e9hicule fournit une puissance de sortie stable et un fonctionnement en douceur. Cette configuration assure une performance constante, que ce soit pour des trajets courts, des courses quotidiennes ou des services de passagers de quartier. Pour les acheteurs en vrac, la stabilit\u00e9 technique r\u00e9duit les probl\u00e8mes apr\u00e8s-vente et garantit la satisfaction du client.<\/p>\n<h2 data-start=\"1789\" data-end=\"1821\">Batterie et autonomie fiables<\/h2>\n<p data-start=\"1822\" data-end=\"2225\">Le <strong data-start=\"1826\" data-end=\"1855\">60V20AH batterie au plomb-acide<\/strong> Supporte une distance de voyage de <strong data-start=\"1886\" data-end=\"1909\">40 \u00e0 60 km par charge<\/strong>avec un temps de charge de <strong data-start=\"1935\" data-end=\"1948\">6 \u00e0 8 heures<\/strong>Cela le rend adapt\u00e9 \u00e0 l'utilisation quotidienne des passagers tout en maintenant les co\u00fbts op\u00e9rationnels bas. Les distributeurs en gros peuvent promouvoir en toute confiance le tricycle comme un choix \u00e9conomique, car le syst\u00e8me de batterie a \u00e9t\u00e9 prouv\u00e9 pour g\u00e9rer les cycles de charge fr\u00e9quents sans perte significative de performances.<\/p>\n<h2 data-start=\"2227\" data-end=\"2260\">Caract\u00e9ristiques de s\u00e9curit\u00e9 et de confort<\/h2>\n<p data-start=\"2261\" data-end=\"2743\">La s\u00e9curit\u00e9 est l\u2019un des points de vente les plus forts de ce mod\u00e8le. Le front <strong data-start=\"2332\" data-end=\"2364\">\u03c627 amortisseur hydraulique<\/strong> assure une manipulation fluide, tandis que le <strong data-start=\"2401\" data-end=\"2426\">3.0-10 pneus sans tubes<\/strong> et <strong data-start=\"2431\" data-end=\"2454\">moyeux en alliage d'aluminium<\/strong> am\u00e9liorer la durabilit\u00e9 et la stabilit\u00e9 routi\u00e8re. Le <strong data-start=\"2498\" data-end=\"2539\">syst\u00e8me de frein \u00e0 disque avant et \u00e0 tambour arri\u00e8re<\/strong> assure un freinage efficace dans diff\u00e9rentes conditions de conduite, un facteur essentiel pour la s\u00e9curit\u00e9 des passagers. Ces d\u00e9tails de conception en font un choix fiable pour les routes urbaines et les sentiers ruraux mod\u00e9r\u00e9ment in\u00e9gaux.<\/p>\n<h2 data-start=\"2745\" data-end=\"2776\">Performance et usabilit\u00e9<\/h2>\n<p data-start=\"2777\" data-end=\"3141\">Avec une vitesse maximale de <strong data-start=\"2801\" data-end=\"2812\">25 km\/h<\/strong>Le tricycle est conforme \u00e0 la plupart des r\u00e8glements r\u00e9gionaux de vitesse pour les v\u00e9hicules de tourisme. Sa capacit\u00e9 d'escalade de <strong data-start=\"2921\" data-end=\"2929\">\u2265 25%<\/strong> lui permet de fonctionner en toute confiance dans les zones avec des pentes ou des pentes douces. Pour les grossistes, cela signifie que le produit est adaptable \u00e0 plusieurs r\u00e9gions avec un terrain vari\u00e9, \u00e9largissant encore les opportunit\u00e9s de march\u00e9.<\/p>\n<h2 data-start=\"3143\" data-end=\"3182\">Avantage en gros et logistique<\/h2>\n<p data-start=\"3183\" data-end=\"3518\">Le v\u00e9hicule a une capacit\u00e9 de chargement de <strong data-start=\"3231\" data-end=\"3251\">99 PCS SKD\/40'HQ<\/strong>offrant une excellente rentabilit\u00e9 pour les commandes en vrac. C\u2019est un avantage essentiel pour les distributeurs qui cherchent \u00e0 optimiser la logistique et \u00e0 maximiser leurs marges de profit. En fournissant une densit\u00e9 unitaire plus \u00e9lev\u00e9e par envoi, les acheteurs b\u00e9n\u00e9ficient de frais d'exp\u00e9dition r\u00e9duits par tricycle.<\/p>\n<h2 data-start=\"3520\" data-end=\"3561\">Certification et confiance du march\u00e9<\/h2>\n<p data-start=\"3562\" data-end=\"3884\">Certifi\u00e9 sous <strong data-start=\"3578\" data-end=\"3599\">CEE \/ COC \/ L2e-P<\/strong>Le mod\u00e8le r\u00e9pond aux normes europ\u00e9ennes et internationales de qualit\u00e9 et de s\u00e9curit\u00e9. La certification est un fort point de vente pour les distributeurs, car elle assure la conformit\u00e9 aux r\u00e9glementations mondiales et renforce la confiance des utilisateurs finaux. Cela r\u00e9duit les risques juridiques ou op\u00e9rationnels potentiels sur les march\u00e9s d'exportation.<\/p>\n<h2 data-start=\"3886\" data-end=\"3914\">Pourquoi choisir ce mod\u00e8le ?<\/h2>\n<ul data-start=\"3915\" data-end=\"4354\">\n<li data-start=\"3915\" data-end=\"3980\">\n<p data-start=\"3917\" data-end=\"3980\"><strong data-start=\"3917\" data-end=\"3941\">Construction durable<\/strong> avec un cadre compact mais robuste<\/p>\n<\/li>\n<li data-start=\"3981\" data-end=\"4048\">\n<p data-start=\"3983\" data-end=\"4048\"><strong data-start=\"3983\" data-end=\"4017\">Moteur et contr\u00f4leur efficaces<\/strong> pour une conduite fluide et fiable<\/p>\n<\/li>\n<li data-start=\"4049\" data-end=\"4124\">\n<p data-start=\"4051\" data-end=\"4124\"><strong data-start=\"4051\" data-end=\"4076\">Syst\u00e8me de batterie \u00e9prouv\u00e9<\/strong> avec une port\u00e9e pratique et un cycle de charge rapide<\/p>\n<\/li>\n<li data-start=\"4125\" data-end=\"4212\">\n<p data-start=\"4127\" data-end=\"4212\"><strong data-start=\"4127\" data-end=\"4155\">Caract\u00e9ristiques de s\u00e9curit\u00e9 avanc\u00e9es<\/strong> y compris suspension hydraulique et syst\u00e8me de freinage double<\/p>\n<\/li>\n<li data-start=\"4213\" data-end=\"4282\">\n<p data-start=\"4215\" data-end=\"4282\"><strong data-start=\"4215\" data-end=\"4243\">Logistique rentable<\/strong> avec une capacit\u00e9 de chargement \u00e9lev\u00e9e<\/p>\n<\/li>\n<li data-start=\"4283\" data-end=\"4354\">\n<p data-start=\"4285\" data-end=\"4354\"><strong data-start=\"4285\" data-end=\"4322\">Certifi\u00e9 pour les ventes internationales<\/strong>Assurer une entr\u00e9e sans heurt sur le march\u00e9<\/p>\n<\/li>\n<\/ul>\n<p data-start=\"4356\" data-end=\"4793\">Le <strong data-start=\"4360\" data-end=\"4396\">tricycle \u00e9lectrique pour les passagers<\/strong> se distingue comme un choix s\u00fbr, efficace et rentable pour les acheteurs en vrac. Si elle est promue comme un <strong data-start=\"4491\" data-end=\"4540\">tricycle \u00e9lectrique de haute qualit\u00e9 pour les passagers<\/strong>, offert par <strong data-start=\"4553\" data-end=\"4609\">tricycle \u00e9lectrique en gros pour passagers fournisseurs<\/strong>ou commercialis\u00e9 comme un <strong data-start=\"4629\" data-end=\"4686\">tricycle \u00e9lectrique \u00e9cologique pour v\u00e9hicule de passagers<\/strong>Ce mod\u00e8le r\u00e9pond aux exigences modernes en mati\u00e8re de transport tout en offrant une forte valeur commerciale aux distributeurs.<\/p>","protected":false},"excerpt":{"rendered":"<p>Le <strong data-start=\"587\" data-end=\"623\">tricycle \u00e9lectrique pour les passagers<\/strong> est une solution de mobilit\u00e9 polyvalente, \u00e9cologique et pratique, id\u00e9ale pour les d\u00e9placements urbains et les transports ruraux. Con\u00e7u en tenant compte de la durabilit\u00e9 et de l'efficacit\u00e9, ce mod\u00e8le convient parfaitement aux acheteurs en gros qui ont besoin de v\u00e9hicules fiables qui allient performance, s\u00e9curit\u00e9 et valeur \u00e0 long terme.<\/p>","protected":false},"featured_media":3699,"comment_status":"open","ping_status":"closed","template":"","meta":[],"product_brand":[],"product_cat":[78],"product_tag":[],"class_list":{"0":"post-3697","1":"product","2":"type-product","3":"status-publish","4":"has-post-thumbnail","6":"product_cat-electric-tricycle","8":"first","9":"instock","10":"shipping-taxable","11":"product-type-simple"},"_links":{"self":[{"href":"https:\/\/www.tairuiauto.com\/fr\/wp-json\/wp\/v2\/product\/3697","targetHints":{"allow":["GET"]}}],"collection":[{"href":"https:\/\/www.tairuiauto.com\/fr\/wp-json\/wp\/v2\/product"}],"about":[{"href":"https:\/\/www.tairuiauto.com\/fr\/wp-json\/wp\/v2\/types\/product"}],"replies":[{"embeddable":true,"href":"https:\/\/www.tairuiauto.com\/fr\/wp-json\/wp\/v2\/comments?post=3697"}],"wp:featuredmedia":[{"embeddable":true,"href":"https:\/\/www.tairuiauto.com\/fr\/wp-json\/wp\/v2\/media\/3699"}],"wp:attachment":[{"href":"https:\/\/www.tairuiauto.com\/fr\/wp-json\/wp\/v2\/media?parent=3697"}],"wp:term":[{"taxonomy":"product_brand","embeddable":true,"href":"https:\/\/www.tairuiauto.com\/fr\/wp-json\/wp\/v2\/product_brand?post=3697"},{"taxonomy":"product_cat","embeddable":true,"href":"https:\/\/www.tairuiauto.com\/fr\/wp-json\/wp\/v2\/product_cat?post=3697"},{"taxonomy":"product_tag","embeddable":true,"href":"https:\/\/www.tairuiauto.com\/fr\/wp-json\/wp\/v2\/product_tag?post=3697"}],"curies":[{"name":"WP","href":"https:\/\/api.w.org\/{rel}","templated":true}]}}