{"id":3708,"date":"2026-01-21T11:03:46","date_gmt":"2026-01-21T03:03:46","guid":{"rendered":"https:\/\/www.tairuiauto.com\/?post_type=product&#038;p=3708"},"modified":"2026-01-27T10:55:01","modified_gmt":"2026-01-27T02:55:01","slug":"eco-friendly-electric-tuk","status":"publish","type":"product","link":"https:\/\/www.tairuiauto.com\/fr\/product\/eco-friendly-electric-tuk\/","title":{"rendered":"Basse vitesse \u00e9lectrique City Tuk"},"content":{"rendered":"<h2 style=\"padding-left: 40px;\" data-start=\"430\" data-end=\"449\">Aper\u00e7u du produit<\/h2>\n<p style=\"padding-left: 40px;\" data-start=\"4030\" data-end=\"4444\">Le <strong data-start=\"455\" data-end=\"486\">Basse vitesse \u00e9lectrique City Tuk<\/strong> poss\u00e8de une taille de carrosserie compacte et une structure m\u00e9canique simple, ce qui le rend adapt\u00e9 aux rues \u00e9troites, aux communaut\u00e9s urbaines et aux environnements de circulation urbaine \u00e0 faible vitesse. Son syst\u00e8me d'entra\u00eenement \u00e9lectrique assure un fonctionnement silencieux, des co\u00fbts d'entretien faibles et des performances respectueuses de l'environnement.<\/p>\n<table style=\"border-collapse: collapse; width: 74.5521%; height: 482px; margin-left: 40px;\" border=\"0\" width=\"720\" cellspacing=\"0\" cellpadding=\"0\">\n<tbody style=\"padding-left: 40px;\">\n<tr style=\"height: 20pt; padding-left: 40px;\">\n<td class=\"et4\" style=\"height: 20pt; width: 159.05pt; padding-left: 40px;\" width=\"265\" height=\"33\">Mod\u00e8le<\/td>\n<td class=\"et4\" style=\"width: 273.4pt; padding-left: 40px;\" width=\"455\">Basse vitesse \u00e9lectrique City Tuk<\/td>\n<\/tr>\n<tr style=\"height: 20pt; padding-left: 40px;\">\n<td class=\"et5\" style=\"height: 20pt; width: 159.05pt; padding-left: 40px;\" width=\"265\" height=\"33\">Dim global (mm)<\/td>\n<td class=\"et5\" style=\"width: 273.4pt; padding-left: 40px;\" width=\"455\">2200*1050*1700<\/td>\n<\/tr>\n<tr style=\"height: 20pt; padding-left: 40px;\">\n<td class=\"et5\" style=\"height: 20pt; width: 159.05pt; padding-left: 40px;\" width=\"265\" height=\"33\">Fourche avant<\/td>\n<td class=\"et5\" style=\"width: 273.4pt; padding-left: 40px;\" width=\"455\">choqueur hydraulique \u044431<\/td>\n<\/tr>\n<tr style=\"height: 20pt; padding-left: 40px;\">\n<td class=\"et5\" style=\"height: 20pt; width: 159.05pt; padding-left: 40px;\" width=\"265\" height=\"33\">moteur<\/td>\n<td class=\"et5\" style=\"width: 273.4pt; padding-left: 40px;\" width=\"455\">60V1000W<\/td>\n<\/tr>\n<tr style=\"height: 20pt; padding-left: 40px;\">\n<td class=\"et5\" style=\"height: 20pt; width: 159.05pt; padding-left: 40px;\" width=\"265\" height=\"33\">contr\u00f4leur<\/td>\n<td class=\"et5\" style=\"width: 273.4pt; padding-left: 40px;\" width=\"455\">60V 18tubes<\/td>\n<\/tr>\n<tr style=\"height: 20pt; padding-left: 40px;\">\n<td class=\"et5\" style=\"height: 20pt; width: 159.05pt; padding-left: 40px;\" width=\"265\" height=\"33\">Pneumatique avant\/arri\u00e8re<\/td>\n<td class=\"et5\" style=\"width: 273.4pt; padding-left: 40px;\" width=\"455\">Pneumatique sans tube 3.0-10<\/td>\n<\/tr>\n<tr style=\"height: 20pt; padding-left: 40px;\">\n<td class=\"et5\" style=\"height: 20pt; width: 159.05pt; padding-left: 40px;\" width=\"265\" height=\"33\">bordure<\/td>\n<td class=\"et5\" style=\"width: 273.4pt; padding-left: 40px;\" width=\"455\">avant: moyeu en alliage d'aluminium<br \/>\narri\u00e8re: moyeu en fer<\/td>\n<\/tr>\n<tr style=\"height: 20pt; padding-left: 40px;\">\n<td class=\"et5\" style=\"height: 20pt; width: 159.05pt; padding-left: 40px;\" width=\"265\" height=\"33\">Syst\u00e8me de frein<\/td>\n<td class=\"et5\" style=\"width: 273.4pt; padding-left: 40px;\" width=\"455\">avant: disque \/ arri\u00e8re: tambour<\/td>\n<\/tr>\n<tr style=\"height: 20pt; padding-left: 40px;\">\n<td class=\"et5\" style=\"height: 20pt; width: 159.05pt; padding-left: 40px;\" width=\"265\" height=\"33\">Temps de charge (H)<\/td>\n<td class=\"et5\" style=\"width: 273.4pt; padding-left: 40px;\" width=\"455\">6-8<\/td>\n<\/tr>\n<tr style=\"height: 20pt; padding-left: 40px;\">\n<td class=\"et5\" style=\"height: 20pt; width: 159.05pt; padding-left: 40px;\" width=\"265\" height=\"33\">Distance par charge\/km<\/td>\n<td class=\"et5\" style=\"width: 273.4pt; padding-left: 40px;\" width=\"455\">40-60<\/td>\n<\/tr>\n<tr style=\"height: 20pt; padding-left: 40px;\">\n<td class=\"et5\" style=\"height: 20pt; width: 159.05pt; padding-left: 40px;\" width=\"265\" height=\"33\">Degr\u00e9 d'escalade (%)<\/td>\n<td class=\"et5\" style=\"width: 273.4pt; padding-left: 40px;\" width=\"455\">\u2264 25<\/td>\n<\/tr>\n<tr style=\"height: 20pt; padding-left: 40px;\">\n<td class=\"et5\" style=\"height: 20pt; width: 159.05pt; padding-left: 40px;\" width=\"265\" height=\"33\">Batterie<\/td>\n<td class=\"et5\" style=\"width: 273.4pt; padding-left: 40px;\" width=\"455\">Batterie acide au plomb 60V32AH<\/td>\n<\/tr>\n<tr style=\"height: 20pt; padding-left: 40px;\">\n<td class=\"et5\" style=\"height: 20pt; width: 159.05pt; padding-left: 40px;\" width=\"265\" height=\"33\">Vitesse maximale (km\/h)<\/td>\n<td class=\"et5\" style=\"width: 273.4pt; padding-left: 40px;\" width=\"455\">25 km\/h<\/td>\n<\/tr>\n<tr style=\"height: 20pt; padding-left: 40px;\">\n<td class=\"et5\" style=\"height: 20pt; width: 159.05pt; padding-left: 40px;\" width=\"265\" height=\"33\">Capacit\u00e9 du conteneur<\/td>\n<td class=\"et5\" style=\"width: 273.4pt; padding-left: 40px;\" width=\"455\">33 PCS SKD\/40&#8217; Si\u00e8ge<\/td>\n<\/tr>\n<tr style=\"height: 20pt; padding-left: 40px;\">\n<td class=\"et5\" style=\"height: 20pt; width: 159.05pt; padding-left: 40px;\" width=\"265\" height=\"33\">certificat<\/td>\n<td class=\"et5\" style=\"width: 273.4pt; padding-left: 40px;\" width=\"455\">CCC<\/td>\n<\/tr>\n<\/tbody>\n<\/table>\n<h2 style=\"padding-left: 40px;\" data-start=\"430\" data-end=\"449\"><\/h2>\n<hr style=\"padding-left: 40px;\" data-start=\"753\" data-end=\"756\" \/>\n<h2 style=\"padding-left: 40px;\" data-start=\"758\" data-end=\"780\">Description du produit<\/h2>\n<h3 style=\"padding-left: 40px;\" data-start=\"782\" data-end=\"804\">Cat\u00e9gorie de produit<\/h3>\n<p style=\"padding-left: 40px;\" data-start=\"805\" data-end=\"877\">Tuk \u00e9lectrique \u00e0 basse vitesse \/ v\u00e9hicule \u00e9lectrique \u00e9lectrique \u00e0 trois roues \/ urbain<\/p>\n<h3 style=\"padding-left: 40px;\" data-start=\"879\" data-end=\"904\">Description du produit<\/h3>\n<p style=\"padding-left: 40px;\" data-start=\"906\" data-end=\"1122\">Le <strong data-start=\"910\" data-end=\"941\">Basse vitesse \u00e9lectrique City Tuk<\/strong> adopte une dimension globale de <strong data-start=\"973\" data-end=\"998\">2200 \u00d7 1050 \u00d7 1700 mm<\/strong>offrant une excellente man\u0153uvrabilit\u00e9 dans des environnements urbains bond\u00e9s tout en maintenant suffisamment d'espace int\u00e9rieur pour une utilisation quotidienne.<\/p>\n<p style=\"padding-left: 40px;\" data-start=\"1124\" data-end=\"1515\">Il est \u00e9quip\u00e9 d'un <strong data-start=\"1146\" data-end=\"1174\">Moteur \u00e9lectrique 60V 1000W<\/strong> et un <strong data-start=\"1181\" data-end=\"1207\">Contr\u00f4leur \u00e0 18 tubes 60V<\/strong>fournissant une puissance stable pour les routes urbaines. Le v\u00e9hicule utilise un <strong data-start=\"1276\" data-end=\"1306\">Batterie plomb-acide 60V 32Ah<\/strong>fournissant une port\u00e9e de conduite de <strong data-start=\"1337\" data-end=\"1360\">40 \u00e0 60 km par charge<\/strong>convient aux trajets de courte distance et aux transports locaux. Le temps de charge est approximativement <strong data-start=\"1461\" data-end=\"1474\">6 \u00e0 8 heures<\/strong>permettant une charge pratique pendant la nuit.<\/p>\n<h3 style=\"padding-left: 40px;\" data-start=\"6401\" data-end=\"6410\"><img fetchpriority=\"high\" decoding=\"async\" class=\"size-medium wp-image-5359 alignnone\" src=\"https:\/\/www.tairuiauto.com\/wp-content\/uploads\/2026\/01\/5-1-300x300.jpg\" alt=\"Basse vitesse \u00e9lectrique City Tuk\" width=\"300\" height=\"300\" srcset=\"https:\/\/www.tairuiauto.com\/wp-content\/uploads\/2026\/01\/5-1-300x300.jpg 300w, https:\/\/www.tairuiauto.com\/wp-content\/uploads\/2026\/01\/5-1-1024x1024.jpg 1024w, https:\/\/www.tairuiauto.com\/wp-content\/uploads\/2026\/01\/5-1-150x150.jpg 150w, https:\/\/www.tairuiauto.com\/wp-content\/uploads\/2026\/01\/5-1-768x768.jpg 768w, https:\/\/www.tairuiauto.com\/wp-content\/uploads\/2026\/01\/5-1-1536x1536.jpg 1536w, https:\/\/www.tairuiauto.com\/wp-content\/uploads\/2026\/01\/5-1-2048x2048.jpg 2048w, https:\/\/www.tairuiauto.com\/wp-content\/uploads\/2026\/01\/5-1-12x12.jpg 12w, https:\/\/www.tairuiauto.com\/wp-content\/uploads\/2026\/01\/5-1-600x600.jpg 600w, https:\/\/www.tairuiauto.com\/wp-content\/uploads\/2026\/01\/5-1-100x100.jpg 100w\" sizes=\"(max-width: 300px) 100vw, 300px\" \/> <img decoding=\"async\" class=\"size-medium wp-image-5361 alignnone\" src=\"https:\/\/www.tairuiauto.com\/wp-content\/uploads\/2026\/01\/7-1-300x300.jpg\" alt=\"\" width=\"300\" height=\"300\" srcset=\"https:\/\/www.tairuiauto.com\/wp-content\/uploads\/2026\/01\/7-1-300x300.jpg 300w, https:\/\/www.tairuiauto.com\/wp-content\/uploads\/2026\/01\/7-1-1024x1024.jpg 1024w, https:\/\/www.tairuiauto.com\/wp-content\/uploads\/2026\/01\/7-1-150x150.jpg 150w, https:\/\/www.tairuiauto.com\/wp-content\/uploads\/2026\/01\/7-1-768x768.jpg 768w, https:\/\/www.tairuiauto.com\/wp-content\/uploads\/2026\/01\/7-1-1536x1536.jpg 1536w, https:\/\/www.tairuiauto.com\/wp-content\/uploads\/2026\/01\/7-1-2048x2048.jpg 2048w, https:\/\/www.tairuiauto.com\/wp-content\/uploads\/2026\/01\/7-1-12x12.jpg 12w, https:\/\/www.tairuiauto.com\/wp-content\/uploads\/2026\/01\/7-1-600x600.jpg 600w, https:\/\/www.tairuiauto.com\/wp-content\/uploads\/2026\/01\/7-1-100x100.jpg 100w\" sizes=\"(max-width: 300px) 100vw, 300px\" \/> <img decoding=\"async\" class=\"size-medium wp-image-5360 alignnone\" src=\"https:\/\/www.tairuiauto.com\/wp-content\/uploads\/2026\/01\/6-1-300x300.jpg\" alt=\"\" width=\"300\" height=\"300\" srcset=\"https:\/\/www.tairuiauto.com\/wp-content\/uploads\/2026\/01\/6-1-300x300.jpg 300w, https:\/\/www.tairuiauto.com\/wp-content\/uploads\/2026\/01\/6-1-1024x1024.jpg 1024w, https:\/\/www.tairuiauto.com\/wp-content\/uploads\/2026\/01\/6-1-150x150.jpg 150w, https:\/\/www.tairuiauto.com\/wp-content\/uploads\/2026\/01\/6-1-768x768.jpg 768w, https:\/\/www.tairuiauto.com\/wp-content\/uploads\/2026\/01\/6-1-1536x1536.jpg 1536w, https:\/\/www.tairuiauto.com\/wp-content\/uploads\/2026\/01\/6-1-2048x2048.jpg 2048w, https:\/\/www.tairuiauto.com\/wp-content\/uploads\/2026\/01\/6-1-12x12.jpg 12w, https:\/\/www.tairuiauto.com\/wp-content\/uploads\/2026\/01\/6-1-600x600.jpg 600w, https:\/\/www.tairuiauto.com\/wp-content\/uploads\/2026\/01\/6-1-100x100.jpg 100w\" sizes=\"(max-width: 300px) 100vw, 300px\" \/><\/h3>\n<p style=\"padding-left: 40px;\" data-start=\"1517\" data-end=\"1909\">Pour am\u00e9liorer le confort de conduite et la durabilit\u00e9, la suspension avant est \u00e9quip\u00e9e d'un <strong data-start=\"1599\" data-end=\"1631\">\u03c631 amortisseur hydraulique<\/strong>absorbant efficacement les vibrations routi\u00e8res. Le v\u00e9hicule roule sur <strong data-start=\"1692\" data-end=\"1717\">3.0-10 pneus sans tubes<\/strong>, am\u00e9liorant l'adh\u00e9rence sur la route et la r\u00e9sistance aux perforations. La configuration de la jante se compose d'un <strong data-start=\"1801\" data-end=\"1836\">moyeu en alliage d'aluminium \u00e0 l'avant<\/strong> et un <strong data-start=\"1844\" data-end=\"1868\">moyeu en fer \u00e0 l'arri\u00e8re<\/strong>, \u00e9quilibrant la force et l'efficacit\u00e9 des co\u00fbts.<\/p>\n<p style=\"padding-left: 40px;\" data-start=\"1911\" data-end=\"2178\">Le syst\u00e8me de freinage comporte un <strong data-start=\"1941\" data-end=\"1981\">frein \u00e0 disque avant et frein \u00e0 tambour arri\u00e8re<\/strong>garantissant des performances de freinage fiables et une s\u00e9curit\u00e9 de conduite. Avec un <strong data-start=\"2048\" data-end=\"2076\">capacit\u00e9 d'escalade de \u226425%<\/strong> et un <strong data-start=\"2083\" data-end=\"2111\">vitesse maximale de 25 km\/h<\/strong>Le v\u00e9hicule est bien adapt\u00e9 \u00e0 la circulation urbaine \u00e0 basse vitesse r\u00e9glement\u00e9e.<\/p>\n<p style=\"padding-left: 40px;\" data-start=\"2180\" data-end=\"2393\">Pour la logistique internationale, le v\u00e9hicule supporte <strong data-start=\"2230\" data-end=\"2247\">Emballage SKD<\/strong>avec un <strong data-start=\"2256\" data-end=\"2309\">capacit\u00e9 de conteneur de 33 unit\u00e9s par conteneur 40HQ<\/strong>Il est certifi\u00e9 sous <strong data-start=\"2333\" data-end=\"2350\">Normes CCC<\/strong>r\u00e9pondre aux exigences nationales en mati\u00e8re de conformit\u00e9.<\/p>\n<hr style=\"padding-left: 40px;\" data-start=\"2395\" data-end=\"2398\" \/>\n<h2 style=\"padding-left: 40px;\" data-start=\"2400\" data-end=\"2428\">Caract\u00e9ristiques cl\u00e9s &amp; Avantages<\/h2>\n<h3 style=\"padding-left: 40px;\" data-start=\"2430\" data-end=\"2444\">Caract\u00e9ristiques<\/h3>\n<ul>\n<li style=\"list-style-type: none;\">\n<ul data-start=\"2445\" data-end=\"2683\">\n<li data-start=\"2445\" data-end=\"2486\">\n<p data-start=\"2447\" data-end=\"2486\">Conception compacte de tuk \u00e9lectrique \u00e0 basse vitesse<\/p>\n<\/li>\n<li data-start=\"2487\" data-end=\"2538\">\n<p data-start=\"2489\" data-end=\"2538\">Moteur \u00e9lectrique 60V 1000W avec contr\u00f4leur stable<\/p>\n<\/li>\n<li data-start=\"2539\" data-end=\"2582\">\n<p data-start=\"2541\" data-end=\"2582\">Syst\u00e8me de freinage \u00e0 disque avant et \u00e0 tambour arri\u00e8re<\/p>\n<\/li>\n<li data-start=\"2583\" data-end=\"2632\">\n<p data-start=\"2585\" data-end=\"2632\">Pneumatiques sans tube avec moyeux en alliage et en fer mixtes<\/p>\n<\/li>\n<li data-start=\"2633\" data-end=\"2683\">\n<p data-start=\"2635\" data-end=\"2683\">Batterie au plomb-acide pour un fonctionnement rentable<\/p>\n<\/li>\n<\/ul>\n<\/li>\n<\/ul>\n<h3 style=\"padding-left: 40px;\" data-start=\"2685\" data-end=\"2701\">Avantages<\/h3>\n<ul>\n<li style=\"list-style-type: none;\">\n<ul data-start=\"2702\" data-end=\"2880\">\n<li data-start=\"2702\" data-end=\"2744\">\n<p data-start=\"2704\" data-end=\"2744\">Utilisation facile dans les rues urbaines \u00e9troites<\/p>\n<\/li>\n<li data-start=\"2745\" data-end=\"2792\">\n<p data-start=\"2747\" data-end=\"2792\">Faible consommation d'\u00e9nergie et co\u00fbts d'entretien<\/p>\n<\/li>\n<li data-start=\"2793\" data-end=\"2833\">\n<p data-start=\"2795\" data-end=\"2833\">Syst\u00e8me de freinage et de suspension stable<\/p>\n<\/li>\n<li data-start=\"2834\" data-end=\"2880\">\n<p data-start=\"2836\" data-end=\"2880\">Convient aux transports urbains \u00e0 courte distance<\/p>\n<\/li>\n<\/ul>\n<\/li>\n<\/ul>\n<h3 style=\"padding-left: 40px;\" data-start=\"2882\" data-end=\"2902\">Avantages pour l'acheteur<\/h3>\n<ul>\n<li style=\"list-style-type: none;\">\n<ul data-start=\"2903\" data-end=\"3096\">\n<li data-start=\"2903\" data-end=\"2939\">\n<p data-start=\"2905\" data-end=\"2939\">R\u00e9duction des co\u00fbts d'exploitation et de carburant<\/p>\n<\/li>\n<li data-start=\"2940\" data-end=\"2989\">\n<p data-start=\"2942\" data-end=\"2989\">Facilit\u00e9 d'entretien et disponibilit\u00e9 de pi\u00e8ces d\u00e9tach\u00e9es<\/p>\n<\/li>\n<li data-start=\"2990\" data-end=\"3037\">\n<p data-start=\"2992\" data-end=\"3037\">Chargement efficace des conteneurs pour les commandes en vrac<\/p>\n<\/li>\n<li data-start=\"3038\" data-end=\"3096\">\n<p data-start=\"3040\" data-end=\"3096\">Id\u00e9al pour les distributeurs ciblant les march\u00e9s de la mobilit\u00e9 urbaine<\/p>\n<\/li>\n<\/ul>\n<\/li>\n<\/ul>\n<h3 style=\"padding-left: 40px;\" data-start=\"3098\" data-end=\"3112\">La preuve<\/h3>\n<ul>\n<li style=\"list-style-type: none;\">\n<ul data-start=\"3113\" data-end=\"3237\">\n<li data-start=\"3113\" data-end=\"3157\">\n<p data-start=\"3115\" data-end=\"3157\">Configuration d'entra\u00eenement \u00e9lectrique \u00e9prouv\u00e9e<\/p>\n<\/li>\n<li data-start=\"3158\" data-end=\"3200\">\n<p data-start=\"3160\" data-end=\"3200\">Conception fiable de suspension et de freinage<\/p>\n<\/li>\n<li data-start=\"3201\" data-end=\"3237\">\n<p data-start=\"3203\" data-end=\"3237\">Conformit\u00e9 des produits certifi\u00e9s CCC<\/p>\n<\/li>\n<\/ul>\n<\/li>\n<\/ul>\n<hr style=\"padding-left: 40px;\" data-start=\"3239\" data-end=\"3242\" \/>\n<h2 style=\"padding-left: 40px;\" data-start=\"3244\" data-end=\"3268\">Sc\u00e9narios d'application<\/h2>\n<ul>\n<li style=\"list-style-type: none;\">\n<ul data-start=\"3270\" data-end=\"3463\">\n<li data-start=\"3270\" data-end=\"3304\">\n<p data-start=\"3272\" data-end=\"3304\">Travail urbain \u00e0 courte distance<\/p>\n<\/li>\n<li data-start=\"3305\" data-end=\"3345\">\n<p data-start=\"3307\" data-end=\"3345\">Transport communautaire r\u00e9sidentiel<\/p>\n<\/li>\n<li data-start=\"3346\" data-end=\"3390\">\n<p data-start=\"3348\" data-end=\"3390\">Services de navette urbaine et de mobilit\u00e9 locale<\/p>\n<\/li>\n<li data-start=\"3391\" data-end=\"3424\">\n<p data-start=\"3393\" data-end=\"3424\">Transport personnel quotidien<\/p>\n<\/li>\n<li data-start=\"3425\" data-end=\"3463\">\n<p data-start=\"3427\" data-end=\"3463\">Projets de transport urbain \u00e0 basse vitesse<\/p>\n<\/li>\n<\/ul>\n<\/li>\n<\/ul>\n<hr style=\"padding-left: 40px;\" data-start=\"3465\" data-end=\"3468\" \/>\n<h2 style=\"padding-left: 40px;\" data-start=\"3470\" data-end=\"3516\">Pourquoi choisir ce Tuk \u00e9lectrique \u00e0 basse vitesse<\/h2>\n<p style=\"padding-left: 40px;\" data-start=\"3518\" data-end=\"3795\">Le <strong data-start=\"3522\" data-end=\"3553\">Basse vitesse \u00e9lectrique City Tuk<\/strong> offre une combinaison \u00e9quilibr\u00e9e de taille compacte, de performances \u00e9lectriques stables et d'efficacit\u00e9 \u00e9conomique. Sa structure simple, ses composants fiables et sa certification de conformit\u00e9 en font un choix pratique pour les solutions de transport urbain \u00e0 basse vitesse.<\/p>\n<hr style=\"padding-left: 40px;\" data-start=\"3797\" data-end=\"3800\" \/>\n<h2 style=\"padding-left: 40px;\" data-start=\"3802\" data-end=\"3825\">Emballage &amp; Livraison<\/h2>\n<ul>\n<li style=\"list-style-type: none;\">\n<ul data-start=\"3827\" data-end=\"3974\">\n<li data-start=\"3827\" data-end=\"3853\">\n<p data-start=\"3829\" data-end=\"3853\"><strong data-start=\"3829\" data-end=\"3847\">Certification :<\/strong> CCC<\/p>\n<\/li>\n<li data-start=\"3854\" data-end=\"3899\">\n<p data-start=\"3856\" data-end=\"3899\"><strong data-start=\"3856\" data-end=\"3879\">Capacit\u00e9 du conteneur:<\/strong> 33 PCS SKD \/ 40HQ<\/p>\n<\/li>\n<li data-start=\"3900\" data-end=\"3947\">\n<p data-start=\"3902\" data-end=\"3947\"><strong data-start=\"3902\" data-end=\"3921\">M\u00e9thode d'emballage:<\/strong> Emballage standard \u00e0 l'exportation<\/p>\n<\/li>\n<li data-start=\"3948\" data-end=\"3974\">\n<p data-start=\"3950\" data-end=\"3974\"><strong data-start=\"3950\" data-end=\"3968\">Formulaire de livraison :<\/strong> SKD<\/p>\n<\/li>\n<\/ul>\n<\/li>\n<\/ul>\n<hr style=\"padding-left: 40px;\" data-start=\"3976\" data-end=\"3979\" \/>\n<h2 style=\"padding-left: 40px;\" data-start=\"3981\" data-end=\"3987\">FAQ (questions fr\u00e9quentes)<\/h2>\n<p style=\"padding-left: 40px;\" data-start=\"3989\" data-end=\"4140\"><strong data-start=\"3989\" data-end=\"4034\">Q1: Quelle est la port\u00e9e de conduite par charge?<\/strong><br data-start=\"4034\" data-end=\"4037\" \/>Le v\u00e9hicule offre une autonomie de <strong data-start=\"4077\" data-end=\"4089\">40 \u00e0 60 km<\/strong> par charge, en fonction de la charge et des conditions routi\u00e8res.<\/p>\n<p style=\"padding-left: 40px;\" data-start=\"4142\" data-end=\"4285\"><strong data-start=\"4142\" data-end=\"4191\">Q2: Quel type de batterie utilise ce mod\u00e8le?<\/strong><br data-start=\"4191\" data-end=\"4194\" \/>Il utilise un <strong data-start=\"4204\" data-end=\"4234\">Batterie plomb-acide 60V 32Ah<\/strong>offrant des performances stables et une maintenance facile.<\/p>\n<p style=\"padding-left: 40px;\" data-start=\"4287\" data-end=\"4446\"><strong data-start=\"4287\" data-end=\"4335\">Q3: Ce v\u00e9hicule convient-il aux routes urbaines?<\/strong><br data-start=\"4335\" data-end=\"4338\" \/>- Oui, oui. Sa faible vitesse, sa taille compacte et son syst\u00e8me de freinage stable le rendent adapt\u00e9 aux environnements de circulation urbaine.<\/p>\n<p style=\"padding-left: 40px;\" data-start=\"4448\" data-end=\"4548\"><strong data-start=\"4448\" data-end=\"4497\">Q4: Quelles certifications poss\u00e8de ce mod\u00e8le?<\/strong><br data-start=\"4497\" data-end=\"4500\" \/>Ce mod\u00e8le est certifi\u00e9 sous <strong data-start=\"4530\" data-end=\"4547\">Normes CCC<\/strong>.<\/p>\n<p style=\"padding-left: 40px;\" data-start=\"4550\" data-end=\"4656\"><strong data-start=\"4550\" data-end=\"4585\">Q5: Comment le v\u00e9hicule est-il exp\u00e9di\u00e9?<\/strong><br data-start=\"4585\" data-end=\"4588\" \/>Il est exp\u00e9di\u00e9 en <strong data-start=\"4605\" data-end=\"4617\">Formulaire SKD<\/strong>avec <strong data-start=\"4624\" data-end=\"4655\">33 unit\u00e9s par conteneur 40HQ<\/strong>.<\/p>","protected":false},"excerpt":{"rendered":"<p>Le <strong data-start=\"124\" data-end=\"155\">Basse vitesse \u00e9lectrique City Tuk<\/strong> est un v\u00e9hicule \u00e9lectrique compact \u00e0 trois roues con\u00e7u pour le transport urbain \u00e0 courte distance. Avec un syst\u00e8me \u00e9lectrique stable, une structure de ch\u00e2ssis durable et des performances de freinage efficaces, il fournit une solution rentable pour les d\u00e9placements en ville et les transports l\u00e9gers.<\/p>","protected":false},"featured_media":5359,"comment_status":"open","ping_status":"closed","template":"","meta":[],"product_brand":[],"product_cat":[78],"product_tag":[],"class_list":{"0":"post-3708","1":"product","2":"type-product","3":"status-publish","4":"has-post-thumbnail","6":"product_cat-electric-tricycle","8":"first","9":"instock","10":"shipping-taxable","11":"purchasable","12":"product-type-simple"},"_links":{"self":[{"href":"https:\/\/www.tairuiauto.com\/fr\/wp-json\/wp\/v2\/product\/3708","targetHints":{"allow":["GET"]}}],"collection":[{"href":"https:\/\/www.tairuiauto.com\/fr\/wp-json\/wp\/v2\/product"}],"about":[{"href":"https:\/\/www.tairuiauto.com\/fr\/wp-json\/wp\/v2\/types\/product"}],"replies":[{"embeddable":true,"href":"https:\/\/www.tairuiauto.com\/fr\/wp-json\/wp\/v2\/comments?post=3708"}],"wp:featuredmedia":[{"embeddable":true,"href":"https:\/\/www.tairuiauto.com\/fr\/wp-json\/wp\/v2\/media\/5359"}],"wp:attachment":[{"href":"https:\/\/www.tairuiauto.com\/fr\/wp-json\/wp\/v2\/media?parent=3708"}],"wp:term":[{"taxonomy":"product_brand","embeddable":true,"href":"https:\/\/www.tairuiauto.com\/fr\/wp-json\/wp\/v2\/product_brand?post=3708"},{"taxonomy":"product_cat","embeddable":true,"href":"https:\/\/www.tairuiauto.com\/fr\/wp-json\/wp\/v2\/product_cat?post=3708"},{"taxonomy":"product_tag","embeddable":true,"href":"https:\/\/www.tairuiauto.com\/fr\/wp-json\/wp\/v2\/product_tag?post=3708"}],"curies":[{"name":"WP","href":"https:\/\/api.w.org\/{rel}","templated":true}]}}