{"id":3739,"date":"2025-09-16T09:09:52","date_gmt":"2025-09-16T01:09:52","guid":{"rendered":"https:\/\/www.tairuiauto.com\/?post_type=product&#038;p=3739"},"modified":"2025-09-16T09:28:10","modified_gmt":"2025-09-16T01:28:10","slug":"1-1m-elderly-commuting-tricycle","status":"publish","type":"product","link":"https:\/\/www.tairuiauto.com\/fr\/product\/1-1m-elderly-commuting-tricycle\/","title":{"rendered":"1.1m Tricycle de trajet pour personnes \u00e2g\u00e9es"},"content":{"rendered":"<h3 data-start=\"4441\" data-end=\"4466\">Description du produit<\/h3>\n<p data-start=\"4467\" data-end=\"4921\">\u00a0\u00c9quip\u00e9 d'un moteur 48V 500W, de roues en fer durables et de suspension hydraulique, ce <em data-start=\"4701\" data-end=\"4732\">tricycle \u00e9lectrique pour les personnes \u00e2g\u00e9es<\/em> \u00e9quilibre la s\u00e9curit\u00e9 avec des performances pratiques de d\u00e9placement. C\u2019est un fiable <em data-start=\"4803\" data-end=\"4822\">mobilit\u00e9 tricycle<\/em> avec une autonomie de 60 km par charge, permettant aux personnes \u00e2g\u00e9es de se d\u00e9placer librement dans leurs communaut\u00e9s.<\/p>\n<table style=\"border-collapse: collapse; width: 76.8464%; height: 592px;\" border=\"0\" width=\"732\" cellspacing=\"0\" cellpadding=\"0\">\n<tbody>\n<tr style=\"height: 20.00pt;\">\n<td class=\"et3\" style=\"height: 20pt; width: 39.2652%;\" width=\"372\" height=\"33\">Mod\u00e8le<\/td>\n<td class=\"et3\" style=\"width: 60.62%;\" width=\"360\">1.1m Tricycle de trajet pour personnes \u00e2g\u00e9es<\/td>\n<\/tr>\n<tr style=\"height: 20.00pt;\">\n<td class=\"et4\" style=\"height: 20pt; width: 39.2652%;\" width=\"372\" height=\"33\">Taille globale<\/td>\n<td class=\"et4\" style=\"width: 60.62%;\" width=\"360\">2520mm * 940mm * 1135mm<\/td>\n<\/tr>\n<tr style=\"height: 20.00pt;\">\n<td class=\"et4\" style=\"height: 20pt; width: 39.2652%;\" width=\"372\" height=\"33\">instrument<\/td>\n<td class=\"et4\" style=\"width: 60.62%;\" width=\"360\">Instrument \u00e9lectronique avec tableau de bord<\/td>\n<\/tr>\n<tr style=\"height: 20.00pt;\">\n<td class=\"et4\" style=\"height: 20pt; width: 39.2652%;\" width=\"372\" height=\"33\">contr\u00f4leur<\/td>\n<td class=\"et4\" style=\"width: 60.62%;\" width=\"360\">12 tubes<\/td>\n<\/tr>\n<tr style=\"height: 20.00pt;\">\n<td class=\"et4\" style=\"height: 20pt; width: 39.2652%;\" width=\"372\" height=\"33\">essieu arri\u00e8re<\/td>\n<td class=\"et4\" style=\"width: 60.62%;\" width=\"360\">Essieu arri\u00e8re s\u00e9par\u00e9<\/td>\n<\/tr>\n<tr style=\"height: 20.00pt;\">\n<td class=\"et4\" style=\"height: 20pt; width: 39.2652%;\" width=\"372\" height=\"33\">Frein avant<\/td>\n<td class=\"et4\" style=\"width: 60.62%;\" width=\"360\">31 amortissement \/ frein avant 110<\/td>\n<\/tr>\n<tr style=\"height: 20.00pt;\">\n<td class=\"et4\" style=\"height: 20pt; width: 39.2652%;\" width=\"372\" height=\"33\">Frein arri\u00e8re<\/td>\n<td class=\"et4\" style=\"width: 60.62%;\" width=\"360\">130 frein \u00e0 tambour<\/td>\n<\/tr>\n<tr style=\"height: 20.00pt;\">\n<td class=\"et4\" style=\"height: 20pt; width: 39.2652%;\" width=\"372\" height=\"33\">Gradabilit\u00e9<\/td>\n<td class=\"et4\" style=\"width: 60.62%;\" width=\"360\">15\u00b0<\/td>\n<\/tr>\n<tr style=\"height: 20.00pt;\">\n<td class=\"et4\" style=\"height: 20pt; width: 39.2652%;\" width=\"372\" height=\"33\">Phare<\/td>\n<td class=\"et4\" style=\"width: 60.62%;\" width=\"360\">Ordinaire bulbe grande<\/td>\n<\/tr>\n<tr style=\"height: 20.00pt;\">\n<td class=\"et4\" style=\"height: 20pt; width: 39.2652%;\" width=\"372\" height=\"33\">Charger<\/td>\n<td class=\"et4\" style=\"width: 60.62%;\" width=\"360\">160 kg<\/td>\n<\/tr>\n<tr style=\"height: 20.00pt;\">\n<td class=\"et4\" style=\"height: 20pt; width: 39.2652%;\" width=\"372\" height=\"33\">bordure<\/td>\n<td class=\"et4\" style=\"width: 60.62%;\" width=\"360\">Roue de fer<\/td>\n<\/tr>\n<tr style=\"height: 20.00pt;\">\n<td class=\"et4\" style=\"height: 20pt; width: 39.2652%;\" width=\"372\" height=\"33\">E-moteur<\/td>\n<td class=\"et4\" style=\"width: 60.62%;\" width=\"360\">48V 500W<\/td>\n<\/tr>\n<tr style=\"height: 20.00pt;\">\n<td class=\"et4\" style=\"height: 20pt; width: 39.2652%;\" width=\"372\" height=\"33\">Suspension avant<\/td>\n<td class=\"et4\" style=\"width: 60.62%;\" width=\"360\">Amortisseur avec hydraulique<\/td>\n<\/tr>\n<tr style=\"height: 20.00pt;\">\n<td class=\"et4\" style=\"height: 20pt; width: 39.2652%;\" width=\"372\" height=\"33\">Suspension arri\u00e8re<\/td>\n<td class=\"et4\" style=\"width: 60.62%;\" width=\"360\">Absorption arri\u00e8re du ressort en plaque d'acier renforc\u00e9<\/td>\n<\/tr>\n<tr style=\"height: 20.00pt;\">\n<td class=\"et4\" style=\"height: 20pt; width: 39.2652%;\" width=\"372\" height=\"33\">Vitesse maximale<\/td>\n<td class=\"et4\" style=\"width: 60.62%;\" width=\"360\">45 Km\/h<\/td>\n<\/tr>\n<tr style=\"height: 20.00pt;\">\n<td class=\"et4\" style=\"height: 20pt; width: 39.2652%;\" width=\"372\" height=\"33\">Pneumatiques (F\/R)<\/td>\n<td class=\"et4\" style=\"width: 60.62%;\" width=\"360\">300-12\/300-12<\/td>\n<\/tr>\n<tr style=\"height: 20.00pt;\">\n<td class=\"et4\" style=\"height: 20pt; width: 39.2652%;\" width=\"372\" height=\"33\">Kilom\u00e9trage par charge<\/td>\n<td class=\"et4\" style=\"width: 60.62%;\" width=\"360\">60<\/td>\n<\/tr>\n<tr style=\"height: 20.00pt;\">\n<td class=\"et4\" style=\"height: 20pt; width: 39.2652%;\" width=\"372\" height=\"33\">Batterie<\/td>\n<td class=\"et4\" style=\"width: 60.62%;\" width=\"360\">Batterie sans entretien plomb-acide 48V32A<\/td>\n<\/tr>\n<tr style=\"height: 20.00pt;\">\n<td class=\"et4\" style=\"height: 20pt; width: 39.2652%;\" width=\"372\" height=\"33\">Temps de charge<\/td>\n<td class=\"et4\" style=\"width: 60.62%;\" width=\"360\">8-10 heures<\/td>\n<\/tr>\n<\/tbody>\n<\/table>\n<h3 data-start=\"4923\" data-end=\"4947\"><\/h3>\n<hr \/>\n<h3 data-start=\"4923\" data-end=\"4947\"><\/h3>\n<h3 data-start=\"4923\" data-end=\"4947\">Points de vente cl\u00e9s<\/h3>\n<ol data-start=\"4948\" data-end=\"5580\">\n<li data-start=\"4948\" data-end=\"5108\">\n<p data-start=\"4951\" data-end=\"5108\"><strong data-start=\"4951\" data-end=\"4979\">Mobilit\u00e9 orient\u00e9e s\u00e9curit\u00e9<\/strong> \u2013 Construit avec freins renforc\u00e9s, essieu divis\u00e9 et maniabilit\u00e9 stable, le <em data-start=\"5049\" data-end=\"5076\">tricycle \u00e9lectrique pour personnes \u00e2g\u00e9es<\/em> La s\u00e9curit\u00e9 est prioritaire avant tout.<\/p>\n<\/li>\n<li data-start=\"5109\" data-end=\"5283\">\n<p data-start=\"5112\" data-end=\"5283\"><strong data-start=\"5112\" data-end=\"5136\">Batterie de longue dur\u00e9e<\/strong> Dot\u00e9 d\u2019une batterie plomb-acide scell\u00e9e 48V32A, ce <em data-start=\"5189\" data-end=\"5225\">v\u00e9hicule de navette urbain \u00e0 trois roues<\/em> cour 60 km par charge, supportant plusieurs trajets quotidiens.<\/p>\n<\/li>\n<li data-start=\"5284\" data-end=\"5413\">\n<p data-start=\"5287\" data-end=\"5413\"><strong data-start=\"5287\" data-end=\"5313\">Contr\u00f4les conviviaux<\/strong> \u2013 Affichage de tableau de bord facile et syst\u00e8me de contr\u00f4le simple con\u00e7u pour aider les personnes \u00e2g\u00e9es \u00e0 rouler en toute confiance.<\/p>\n<\/li>\n<li data-start=\"5414\" data-end=\"5580\">\n<p data-start=\"5417\" data-end=\"5580\"><strong data-start=\"5417\" data-end=\"5441\">Performance fiable<\/strong> \u2013 Que ce soit pour des courses, des achats ou des balades de loisirs, le <em data-start=\"5497\" data-end=\"5525\">mobilit\u00e9 senior e-tricycle<\/em> assure des performances r\u00e9guli\u00e8res avec une maintenance minimale.<\/p>\n<\/li>\n<\/ol>\n<h3 data-start=\"5582\" data-end=\"5613\"><\/h3>\n<hr \/>\n<h3 data-start=\"5582\" data-end=\"5613\"><\/h3>\n<h3 data-start=\"5582\" data-end=\"5613\"><br data-cke-eol=\"1\" \/>Avantages diff\u00e9renci\u00e9s<\/h3>\n<ol data-start=\"5614\" data-end=\"6094\">\n<li data-start=\"5614\" data-end=\"5740\">\n<p data-start=\"5617\" data-end=\"5740\"><strong data-start=\"5617\" data-end=\"5647\">Con\u00e7u pour les besoins des personnes \u00e2g\u00e9es<\/strong> Contrairement aux e-trikes g\u00e9n\u00e9riques, ce mod\u00e8le met l\u2019accent sur le confort, la stabilit\u00e9 et la vitesse contr\u00f4l\u00e9e.<\/p>\n<\/li>\n<li data-start=\"5741\" data-end=\"5873\">\n<p data-start=\"5744\" data-end=\"5873\"><strong data-start=\"5744\" data-end=\"5770\">Entretien abordable<\/strong> La batterie au plomb-acide et sa conception robuste la rendent plus rentable que les alternatives aliment\u00e9es au lithium.<\/p>\n<\/li>\n<li data-start=\"5874\" data-end=\"5983\">\n<p data-start=\"5877\" data-end=\"5983\"><strong data-start=\"5877\" data-end=\"5897\">Confort am\u00e9lior\u00e9<\/strong> \u2013 Les amortisseurs et les si\u00e8ges ergonomiques assurent une conduite douce, m\u00eame sur des routes encombr\u00e9es.<\/p>\n<\/li>\n<li data-start=\"5984\" data-end=\"6094\">\n<p data-start=\"5987\" data-end=\"6094\"><strong data-start=\"5987\" data-end=\"6012\">Compact mais pratique<\/strong> \u2013 Avec son cadre \u00e9troit, il peut \u00eatre gar\u00e9 dans des espaces urbains \u00e9troits sans tracas.<\/p>\n<\/li>\n<\/ol>\n<h3 data-start=\"6096\" data-end=\"6124\"><\/h3>\n<hr \/>\n<h3 data-start=\"6096\" data-end=\"6124\"><\/h3>\n<h3 data-start=\"6096\" data-end=\"6124\">\u00a0 \u00a0 \u00a0 <img fetchpriority=\"high\" decoding=\"async\" class=\"alignnone size-medium wp-image-3741\" src=\"https:\/\/www.tairuiauto.com\/wp-content\/uploads\/2025\/09\/2-12-300x300.jpg\" alt=\"\" width=\"300\" height=\"300\" srcset=\"\" sizes=\"(max-width: 300px) 100vw, 300px\" data-srcset=\"\" \/>\u00a0 \u00a0 \u00a0 \u00a0 \u00a0 \u00a0 \u00a0 \u00a0 <img decoding=\"async\" class=\"alignnone size-medium wp-image-3743\" src=\"https:\/\/www.tairuiauto.com\/wp-content\/uploads\/2025\/09\/4-11-300x300.jpg\" alt=\"\" width=\"300\" height=\"300\" srcset=\"\" sizes=\"(max-width: 300px) 100vw, 300px\" data-srcset=\"\" \/>\u00a0 \u00a0 \u00a0 \u00a0 \u00a0 \u00a0 \u00a0 \u00a0 <img decoding=\"async\" class=\"alignnone size-medium wp-image-3742\" src=\"https:\/\/www.tairuiauto.com\/wp-content\/uploads\/2025\/09\/3-11-300x300.jpg\" alt=\"\" width=\"300\" height=\"300\" srcset=\"\" sizes=\"(max-width: 300px) 100vw, 300px\" data-srcset=\"\" \/><\/h3>\n<h3 data-start=\"6096\" data-end=\"6124\">Sp\u00e9cifications du produit<\/h3>\n<ul data-start=\"6125\" data-end=\"6297\">\n<li data-start=\"6125\" data-end=\"6151\">\n<p data-start=\"6127\" data-end=\"6151\">Taille: 2520<em data-start=\"6137\" data-end=\"6142\">940<\/em>1135 mm<\/p>\n<\/li>\n<li data-start=\"6152\" data-end=\"6177\">\n<p data-start=\"6154\" data-end=\"6177\">Capacit\u00e9 de charge: 160 kg<\/p>\n<\/li>\n<li data-start=\"6178\" data-end=\"6197\">\n<p data-start=\"6180\" data-end=\"6197\">Moteur: 48V 500W<\/p>\n<\/li>\n<li data-start=\"6198\" data-end=\"6244\">\n<p data-start=\"6200\" data-end=\"6244\">Batterie: acide au plomb sans entretien 48V32A<\/p>\n<\/li>\n<li data-start=\"6245\" data-end=\"6274\">\n<p data-start=\"6247\" data-end=\"6274\">Kilom\u00e9trage: 60 km par charge<\/p>\n<\/li>\n<li data-start=\"6275\" data-end=\"6297\">\n<p data-start=\"6277\" data-end=\"6297\">Vitesse maximale: 45 km\/h<\/p>\n<\/li>\n<\/ul>\n<h3 data-start=\"6299\" data-end=\"6325\">Param\u00e8tres techniques<\/h3>\n<ul data-start=\"6326\" data-end=\"6516\">\n<li data-start=\"6326\" data-end=\"6350\">\n<p data-start=\"6328\" data-end=\"6350\">Contr\u00f4leur: 12 tubes<\/p>\n<\/li>\n<li data-start=\"6351\" data-end=\"6376\">\n<p data-start=\"6353\" data-end=\"6376\">Essieu: Essieu arri\u00e8re s\u00e9par\u00e9<\/p>\n<\/li>\n<li data-start=\"6377\" data-end=\"6434\">\n<p data-start=\"6379\" data-end=\"6434\">Suspension: ressort de plaque en acier renforc\u00e9 hydraulique<\/p>\n<\/li>\n<li data-start=\"6435\" data-end=\"6485\">\n<p data-start=\"6437\" data-end=\"6485\">Freins: Amortisseur avant \/ frein \u00e0 tambour arri\u00e8re<\/p>\n<\/li>\n<li data-start=\"6486\" data-end=\"6516\">\n<p data-start=\"6488\" data-end=\"6516\">Pneus: 300-12 avant &amp; arri\u00e8re<\/p>\n<\/li>\n<\/ul>\n<h3 data-start=\"6518\" data-end=\"6533\">Mat\u00e9riaux<\/h3>\n<p data-start=\"6534\" data-end=\"6611\">Acier haute r\u00e9sistance, roues en fer, composants de suspension renforc\u00e9e durables.<\/p>\n<h3 data-start=\"6613\" data-end=\"6629\">Apparence<\/h3>\n<p data-start=\"6630\" data-end=\"6706\">Design compact et propre avec un style simple mais pratique pour les pilotes \u00e2g\u00e9s.<\/p>\n<h3 data-start=\"6708\" data-end=\"6720\">Conception<\/h3>\n<p data-start=\"6721\" data-end=\"6789\">Il met l'accent sur la facilit\u00e9 d'utilisation, la stabilit\u00e9 et l'ergonomie adapt\u00e9e aux personnes \u00e2g\u00e9es.<\/p>\n<h3 data-start=\"6791\" data-end=\"6814\">personnalisation OEM<\/h3>\n<p data-start=\"6815\" data-end=\"6885\">Disponible pour la marque, la personnalisation de la peinture et le r\u00e9glage des si\u00e8ges.<\/p>\n<h3 data-start=\"6887\" data-end=\"6908\">Contr\u00f4le qualit\u00e9<\/h3>\n<p data-start=\"6909\" data-end=\"6986\">Chaque unit\u00e9 subit des tests de durabilit\u00e9, de batterie et de s\u00e9curit\u00e9 avant exp\u00e9dition.<\/p>\n<h3 data-start=\"6988\" data-end=\"7013\">Service apr\u00e8s-vente<\/h3>\n<p data-start=\"7014\" data-end=\"7078\">Fourniture internationale de pi\u00e8ces d\u00e9tach\u00e9es et service \u00e0 la client\u00e8le.<\/p>\n<h3 data-start=\"7080\" data-end=\"7104\">Champs d'application<\/h3>\n<ul data-start=\"7105\" data-end=\"7208\">\n<li data-start=\"7105\" data-end=\"7126\">\n<p data-start=\"7107\" data-end=\"7126\">Voyage des personnes \u00e2g\u00e9es<\/p>\n<\/li>\n<li data-start=\"7127\" data-end=\"7151\">\n<p data-start=\"7129\" data-end=\"7151\">Voyages courtes distances<\/p>\n<\/li>\n<li data-start=\"7152\" data-end=\"7177\">\n<p data-start=\"7154\" data-end=\"7177\">Shopping dans le quartier<\/p>\n<\/li>\n<li data-start=\"7178\" data-end=\"7208\">\n<p data-start=\"7180\" data-end=\"7208\">Remplacement de la mobilit\u00e9 urbaine<\/p>\n<\/li>\n<\/ul>\n<h3 data-start=\"7210\" data-end=\"7230\">M\u00e9thode de paiement<\/h3>\n<p data-start=\"7231\" data-end=\"7285\">Conditions flexibles: T \/ T, L \/ C, ou conditions commerciales n\u00e9goci\u00e9es.<\/p>\n<h3 data-start=\"7287\" data-end=\"7296\"><\/h3>\n<hr \/>\n<h3 data-start=\"7287\" data-end=\"7296\"><\/h3>\n<h3 data-start=\"7287\" data-end=\"7296\"><br data-cke-eol=\"1\" \/>FAQ (questions fr\u00e9quentes)<\/h3>\n<p data-start=\"7297\" data-end=\"7374\"><strong data-start=\"7297\" data-end=\"7353\">Q1: Combien de kilom\u00e8tres peut-il parcourir sur une seule charge?<\/strong><br data-start=\"7353\" data-end=\"7356\" \/>A1 : jusqu'\u00e0 60 km.<\/p>\n<p data-start=\"7376\" data-end=\"7477\"><strong data-start=\"7376\" data-end=\"7417\">Q2: Quel type de batterie utilise-t-il?<\/strong><br data-start=\"7417\" data-end=\"7420\" \/>A2: Une batterie plomb-acide scell\u00e9e 48V32A sans entretien.<\/p>\n<p data-start=\"7479\" data-end=\"7579\"><strong data-start=\"7479\" data-end=\"7515\">Q3: Est-il adapt\u00e9 \u00e0 l'utilisation en ville?<\/strong><br data-start=\"7515\" data-end=\"7518\" \/>A3 : Oui, sa taille compacte le rend parfait pour les routes urbaines.<\/p>\n<p data-start=\"7581\" data-end=\"7715\"><strong data-start=\"7581\" data-end=\"7636\">Q4: Qu'est-ce qui le rend diff\u00e9rent d'un tricycle normal?<\/strong><br data-start=\"7636\" data-end=\"7639\" \/>A4: Il est motoris\u00e9, stable et con\u00e7u sp\u00e9cialement pour les pilotes \u00e2g\u00e9s.<\/p>","protected":false},"excerpt":{"rendered":"<p>Le <strong data-start=\"4471\" data-end=\"4506\">1.1m Tricycle de trajet pour personnes \u00e2g\u00e9es<\/strong> est une solution de mobilit\u00e9 sp\u00e9cialement con\u00e7ue pour les personnes \u00e2g\u00e9es qui recherchent l'ind\u00e9pendance, le confort et les voyages respectueux de l'environnement. \u00c9quip\u00e9 d'un moteur 48V 500W, de roues en fer durables et de suspension hydraulique, ce <em data-start=\"4701\" data-end=\"4732\">tricycle \u00e9lectrique pour les personnes \u00e2g\u00e9es<\/em> \u00e9quilibre la s\u00e9curit\u00e9 avec des performances pratiques de d\u00e9placement. C\u2019est un fiable <em data-start=\"4803\" data-end=\"4822\">mobilit\u00e9 tricycle<\/em> avec une autonomie de 60 km par charge, permettant aux personnes \u00e2g\u00e9es de se d\u00e9placer librement dans leurs communaut\u00e9s.<\/p>","protected":false},"featured_media":3746,"comment_status":"open","ping_status":"closed","template":"","meta":[],"product_brand":[],"product_cat":[78],"product_tag":[],"class_list":{"0":"post-3739","1":"product","2":"type-product","3":"status-publish","4":"has-post-thumbnail","6":"product_cat-electric-tricycle","8":"first","9":"instock","10":"shipping-taxable","11":"purchasable","12":"product-type-simple"},"_links":{"self":[{"href":"https:\/\/www.tairuiauto.com\/fr\/wp-json\/wp\/v2\/product\/3739","targetHints":{"allow":["GET"]}}],"collection":[{"href":"https:\/\/www.tairuiauto.com\/fr\/wp-json\/wp\/v2\/product"}],"about":[{"href":"https:\/\/www.tairuiauto.com\/fr\/wp-json\/wp\/v2\/types\/product"}],"replies":[{"embeddable":true,"href":"https:\/\/www.tairuiauto.com\/fr\/wp-json\/wp\/v2\/comments?post=3739"}],"wp:featuredmedia":[{"embeddable":true,"href":"https:\/\/www.tairuiauto.com\/fr\/wp-json\/wp\/v2\/media\/3746"}],"wp:attachment":[{"href":"https:\/\/www.tairuiauto.com\/fr\/wp-json\/wp\/v2\/media?parent=3739"}],"wp:term":[{"taxonomy":"product_brand","embeddable":true,"href":"https:\/\/www.tairuiauto.com\/fr\/wp-json\/wp\/v2\/product_brand?post=3739"},{"taxonomy":"product_cat","embeddable":true,"href":"https:\/\/www.tairuiauto.com\/fr\/wp-json\/wp\/v2\/product_cat?post=3739"},{"taxonomy":"product_tag","embeddable":true,"href":"https:\/\/www.tairuiauto.com\/fr\/wp-json\/wp\/v2\/product_tag?post=3739"}],"curies":[{"name":"WP","href":"https:\/\/api.w.org\/{rel}","templated":true}]}}