{"id":3768,"date":"2025-09-17T08:33:33","date_gmt":"2025-09-17T00:33:33","guid":{"rendered":"https:\/\/www.tairuiauto.com\/?post_type=product&#038;p=3768"},"modified":"2025-09-17T10:57:49","modified_gmt":"2025-09-17T02:57:49","slug":"1-3m-eu-certified-freight-tricycle","status":"publish","type":"product","link":"https:\/\/www.tairuiauto.com\/fr\/product\/1-3m-eu-certified-freight-tricycle\/","title":{"rendered":"Tricycle de fret certifi\u00e9 UE de 1,3 m"},"content":{"rendered":"<h2 data-start=\"255\" data-end=\"280\">Description du produit<\/h2>\n<p data-start=\"281\" data-end=\"803\">\u00a0Conform\u00e9ment aux normes de certification de l'UE, ce <strong data-start=\"285\" data-end=\"323\">Tricycle de fret certifi\u00e9 UE de 1,3 m<\/strong> allie s\u00e9curit\u00e9, efficacit\u00e9 et \u00e9cologie.<\/p>\n<table style=\"border-collapse: collapse; width: 76.4835%; height: 588px;\" border=\"0\" width=\"682\" cellspacing=\"0\" cellpadding=\"0\">\n<tbody>\n<tr style=\"height: 20.00pt;\">\n<td class=\"et3\" style=\"height: 20pt; width: 40.2537%;\" width=\"350\" height=\"33\">Mod\u00e8le<\/td>\n<td class=\"et3\" style=\"width: 59.7463%;\" width=\"332\">Tricycle de fret certifi\u00e9 UE de 1,3 m<\/td>\n<\/tr>\n<tr style=\"height: 20.00pt;\">\n<td class=\"et4\" style=\"height: 20pt; width: 40.2537%;\" width=\"350\" height=\"33\">Taille globale<\/td>\n<td class=\"et4\" style=\"width: 59.7463%;\" width=\"332\">2520mm * 940mm * 1135mm<\/td>\n<\/tr>\n<tr style=\"height: 20.00pt;\">\n<td class=\"et4\" style=\"height: 20pt; width: 40.2537%;\" width=\"350\" height=\"33\">instrument<\/td>\n<td class=\"et4\" style=\"width: 59.7463%;\" width=\"332\">Instrument \u00e9lectronique avec tableau de bord<\/td>\n<\/tr>\n<tr style=\"height: 20.00pt;\">\n<td class=\"et4\" style=\"height: 20pt; width: 40.2537%;\" width=\"350\" height=\"33\">contr\u00f4leur<\/td>\n<td class=\"et4\" style=\"width: 59.7463%;\" width=\"332\">12 tubes<\/td>\n<\/tr>\n<tr style=\"height: 20.00pt;\">\n<td class=\"et4\" style=\"height: 20pt; width: 40.2537%;\" width=\"350\" height=\"33\">essieu arri\u00e8re<\/td>\n<td class=\"et4\" style=\"width: 59.7463%;\" width=\"332\">Essieu arri\u00e8re s\u00e9par\u00e9<\/td>\n<\/tr>\n<tr style=\"height: 20.00pt;\">\n<td class=\"et4\" style=\"height: 20pt; width: 40.2537%;\" width=\"350\" height=\"33\">Frein avant<\/td>\n<td class=\"et4\" style=\"width: 59.7463%;\" width=\"332\">31 amortissement \/ frein avant 110<\/td>\n<\/tr>\n<tr style=\"height: 20.00pt;\">\n<td class=\"et4\" style=\"height: 20pt; width: 40.2537%;\" width=\"350\" height=\"33\">Frein arri\u00e8re<\/td>\n<td class=\"et4\" style=\"width: 59.7463%;\" width=\"332\">130 frein \u00e0 tambour<\/td>\n<\/tr>\n<tr style=\"height: 20.00pt;\">\n<td class=\"et4\" style=\"height: 20pt; width: 40.2537%;\" width=\"350\" height=\"33\">Gradabilit\u00e9<\/td>\n<td class=\"et4\" style=\"width: 59.7463%;\" width=\"332\">15\u00b0<\/td>\n<\/tr>\n<tr style=\"height: 20.00pt;\">\n<td class=\"et4\" style=\"height: 20pt; width: 40.2537%;\" width=\"350\" height=\"33\">Phare<\/td>\n<td class=\"et4\" style=\"width: 59.7463%;\" width=\"332\">Ordinaire bulbe grande<\/td>\n<\/tr>\n<tr style=\"height: 20.00pt;\">\n<td class=\"et4\" style=\"height: 20pt; width: 40.2537%;\" width=\"350\" height=\"33\">Charger<\/td>\n<td class=\"et4\" style=\"width: 59.7463%;\" width=\"332\">160 kg<\/td>\n<\/tr>\n<tr style=\"height: 20.00pt;\">\n<td class=\"et4\" style=\"height: 20pt; width: 40.2537%;\" width=\"350\" height=\"33\">bordure<\/td>\n<td class=\"et4\" style=\"width: 59.7463%;\" width=\"332\">Roue de fer<\/td>\n<\/tr>\n<tr style=\"height: 20.00pt;\">\n<td class=\"et4\" style=\"height: 20pt; width: 40.2537%;\" width=\"350\" height=\"33\">E-moteur<\/td>\n<td class=\"et4\" style=\"width: 59.7463%;\" width=\"332\">48V 500W<\/td>\n<\/tr>\n<tr style=\"height: 20.00pt;\">\n<td class=\"et4\" style=\"height: 20pt; width: 40.2537%;\" width=\"350\" height=\"33\">Suspension avant<\/td>\n<td class=\"et4\" style=\"width: 59.7463%;\" width=\"332\">Amortisseur avec hydraulique<\/td>\n<\/tr>\n<tr style=\"height: 20.00pt;\">\n<td class=\"et4\" style=\"height: 20pt; width: 40.2537%;\" width=\"350\" height=\"33\">Suspension arri\u00e8re<\/td>\n<td class=\"et4\" style=\"width: 59.7463%;\" width=\"332\">Absorption arri\u00e8re du ressort en plaque d'acier renforc\u00e9<\/td>\n<\/tr>\n<tr style=\"height: 20.00pt;\">\n<td class=\"et4\" style=\"height: 20pt; width: 40.2537%;\" width=\"350\" height=\"33\">Vitesse maximale<\/td>\n<td class=\"et4\" style=\"width: 59.7463%;\" width=\"332\">45 Km\/h<\/td>\n<\/tr>\n<tr style=\"height: 20.00pt;\">\n<td class=\"et4\" style=\"height: 20pt; width: 40.2537%;\" width=\"350\" height=\"33\">Pneumatiques (F\/R)<\/td>\n<td class=\"et4\" style=\"width: 59.7463%;\" width=\"332\">300-12\/300-12<\/td>\n<\/tr>\n<tr style=\"height: 20.00pt;\">\n<td class=\"et4\" style=\"height: 20pt; width: 40.2537%;\" width=\"350\" height=\"33\">Kilom\u00e9trage par charge<\/td>\n<td class=\"et4\" style=\"width: 59.7463%;\" width=\"332\">60<\/td>\n<\/tr>\n<tr style=\"height: 20.00pt;\">\n<td class=\"et4\" style=\"height: 20pt; width: 40.2537%;\" width=\"350\" height=\"33\">Batterie<\/td>\n<td class=\"et4\" style=\"width: 59.7463%;\" width=\"332\">Batterie sans entretien plomb-acide 48V32A<\/td>\n<\/tr>\n<tr style=\"height: 20.00pt;\">\n<td class=\"et4\" style=\"height: 20pt; width: 40.2537%;\" width=\"350\" height=\"33\">Temps de charge<\/td>\n<td class=\"et4\" style=\"width: 59.7463%;\" width=\"332\">8-10 heures<\/td>\n<\/tr>\n<\/tbody>\n<\/table>\n<h3 data-start=\"4923\" data-end=\"4947\"><\/h3>\n<hr \/>\n<p>&nbsp;<\/p>\n<h2 data-start=\"805\" data-end=\"829\">Points de vente cl\u00e9s<\/h2>\n<ol data-start=\"830\" data-end=\"1486\">\n<li data-start=\"830\" data-end=\"1002\">\n<p data-start=\"833\" data-end=\"1002\"><strong data-start=\"833\" data-end=\"864\">Conformit\u00e9 \u00e0 la certification UE<\/strong> \u2013 Ce <em data-start=\"872\" data-end=\"899\">tricycle de fret \u00e9lectrique<\/em> est certifi\u00e9 par l'UE, garantissant la qualit\u00e9, la s\u00e9curit\u00e9 et la conformit\u00e9 aux exigences logistiques internationales.<\/p>\n<\/li>\n<li data-start=\"1003\" data-end=\"1156\">\n<p data-start=\"1006\" data-end=\"1156\"><strong data-start=\"1006\" data-end=\"1031\">Manipulation de cargaison forte<\/strong> \u2013 Con\u00e7u pour transporter des charges allant jusqu\u2019\u00e0 160 kg, ce <em data-start=\"1077\" data-end=\"1099\">cargaison \u00e9lectrique trike<\/em> soutient les petites entreprises avec une puissance de transport fiable.<\/p>\n<\/li>\n<li data-start=\"1157\" data-end=\"1321\">\n<p data-start=\"1160\" data-end=\"1321\"><strong data-start=\"1160\" data-end=\"1186\">Transport \u00e9cologique<\/strong> Aliment\u00e9 par un moteur 48V 500W et une batterie au plomb-acide sans entretien, il offre une alternative propre aux v\u00e9los de livraison \u00e0 gaz.<\/p>\n<\/li>\n<li data-start=\"1322\" data-end=\"1486\">\n<p data-start=\"1325\" data-end=\"1486\"><strong data-start=\"1325\" data-end=\"1351\">Mobilit\u00e9 urbaine compacte<\/strong> \u2013 Avec une largeur de seulement 940 mm, le <em data-start=\"1387\" data-end=\"1414\">v\u00e9hicule cargo \u00e0 trois roues<\/em> est id\u00e9al pour naviguer dans les rues \u00e9troites de la ville et les zones de livraison \u00e9troites.<\/p>\n<\/li>\n<\/ol>\n<h3 data-start=\"4923\" data-end=\"4947\"><\/h3>\n<hr \/>\n<p>&nbsp;<\/p>\n<h2 data-start=\"1488\" data-end=\"1519\">Avantages diff\u00e9renci\u00e9s<\/h2>\n<ol data-start=\"1520\" data-end=\"2025\">\n<li data-start=\"1520\" data-end=\"1648\">\n<p data-start=\"1523\" data-end=\"1648\"><strong data-start=\"1523\" data-end=\"1550\">Certifi\u00e9 pour le march\u00e9 europ\u00e9en<\/strong> \u2013 Contrairement aux tricycles g\u00e9n\u00e9riques, ce mod\u00e8le a la certification UE, ce qui le rend pr\u00eat \u00e0 l\u2019exportation pour l\u2019Europe.<\/p>\n<\/li>\n<li data-start=\"1649\" data-end=\"1784\">\n<p data-start=\"1652\" data-end=\"1784\"><strong data-start=\"1652\" data-end=\"1679\">Durabilit\u00e9 dans une utilisation lourde<\/strong> La suspension renforc\u00e9e et les freins \u00e0 tambour assurent des performances durables dans les op\u00e9rations logistiques quotidiennes.<\/p>\n<\/li>\n<li data-start=\"1785\" data-end=\"1926\">\n<p data-start=\"1788\" data-end=\"1926\"><strong data-start=\"1788\" data-end=\"1818\">Alternative rentable<\/strong> \u2013 Des co\u00fbts d\u2019investissement et d\u2019entretien inf\u00e9rieurs par rapport aux camions ou utilitaires, tout en r\u00e9pondant aux exigences logistiques.<\/p>\n<\/li>\n<li data-start=\"1927\" data-end=\"2025\">\n<p data-start=\"1930\" data-end=\"2025\"><strong data-start=\"1930\" data-end=\"1954\">Haute maniabilit\u00e9<\/strong> \u2013 La petite taille du corps permet des livraisons plus rapides dans les zones urbaines encombr\u00e9es.<\/p>\n<\/li>\n<\/ol>\n<h3 data-start=\"4923\" data-end=\"4947\">\u00a0 \u00a0 \u00a0 \u00a0 \u00a0 \u00a0 <img fetchpriority=\"high\" decoding=\"async\" class=\"alignnone size-medium wp-image-3771\" src=\"https:\/\/www.tairuiauto.com\/wp-content\/uploads\/2025\/09\/3-13-300x300.jpg\" alt=\"\" width=\"300\" height=\"300\" srcset=\"\" sizes=\"(max-width: 300px) 100vw, 300px\" data-srcset=\"\" \/>\u00a0 \u00a0 \u00a0 \u00a0 \u00a0 \u00a0<img decoding=\"async\" class=\"alignnone size-medium wp-image-3773\" src=\"https:\/\/www.tairuiauto.com\/wp-content\/uploads\/2025\/09\/6-8-300x300.jpg\" alt=\"\" width=\"300\" height=\"300\" srcset=\"\" sizes=\"(max-width: 300px) 100vw, 300px\" data-srcset=\"\" \/>\u00a0 \u00a0 \u00a0 \u00a0 \u00a0 \u00a0<img decoding=\"async\" class=\"alignnone size-medium wp-image-3770\" src=\"https:\/\/www.tairuiauto.com\/wp-content\/uploads\/2025\/09\/2-14-300x300.jpg\" alt=\"\" width=\"300\" height=\"300\" srcset=\"\" sizes=\"(max-width: 300px) 100vw, 300px\" data-srcset=\"\" \/><\/h3>\n<hr \/>\n<p>&nbsp;<\/p>\n<h3>Param\u00e8tres techniques<\/h3>\n<ul data-start=\"2328\" data-end=\"2573\">\n<li data-start=\"2328\" data-end=\"2353\">\n<p data-start=\"2330\" data-end=\"2353\">Essieu: Essieu arri\u00e8re s\u00e9par\u00e9<\/p>\n<\/li>\n<li data-start=\"2354\" data-end=\"2419\">\n<p data-start=\"2356\" data-end=\"2419\">Frens: frein \u00e0 tambour avant 31 \/ frein \u00e0 tambour arri\u00e8re 130<\/p>\n<\/li>\n<li data-start=\"2420\" data-end=\"2488\">\n<p data-start=\"2422\" data-end=\"2488\">Suspension: Suspension avant hydraulique \/ ressort de plaque d'acier arri\u00e8re<\/p>\n<\/li>\n<li data-start=\"2489\" data-end=\"2519\">\n<p data-start=\"2491\" data-end=\"2519\">Pneus: 300-12 avant &amp; arri\u00e8re<\/p>\n<\/li>\n<li data-start=\"2520\" data-end=\"2541\">\n<p data-start=\"2522\" data-end=\"2541\">Gradabilit\u00e9: 15\u00b0<\/p>\n<\/li>\n<li data-start=\"2542\" data-end=\"2573\">\n<p data-start=\"2544\" data-end=\"2573\">Lumi\u00e8res: Ampoule grande standard<\/p>\n<\/li>\n<\/ul>\n<h3 data-start=\"2575\" data-end=\"2590\">Mat\u00e9riaux<\/h3>\n<p data-start=\"2591\" data-end=\"2695\">Cadre en acier haute r\u00e9sistance, roues en fer et composants de suspension renforc\u00e9s pour l'utilisation de marchandises lourdes.<\/p>\n<h3 data-start=\"2697\" data-end=\"2713\">Apparence<\/h3>\n<p data-start=\"2714\" data-end=\"2784\">Conception de carrosserie compacte et orient\u00e9e cargo avec stabilit\u00e9 et praticit\u00e9.<\/p>\n<h3 data-start=\"2786\" data-end=\"2798\">Conception<\/h3>\n<p data-start=\"2799\" data-end=\"2893\">Con\u00e7u pour l'efficacit\u00e9 logistique, \u00e9quilibrant la capacit\u00e9 de charge avec une structure compacte pour une utilisation en ville.<\/p>\n<h3 data-start=\"2895\" data-end=\"2918\">personnalisation OEM<\/h3>\n<p data-start=\"2919\" data-end=\"2991\">Disponible en diff\u00e9rentes options de bo\u00eetes de fret, couleurs et autocollants de marque.<\/p>\n<h3 data-start=\"2993\" data-end=\"3014\">Contr\u00f4le qualit\u00e9<\/h3>\n<p data-start=\"3015\" data-end=\"3105\">Production certifi\u00e9e avec des contr\u00f4les de qualit\u00e9 stricts, conformit\u00e9 UE et tests de performance.<\/p>\n<h3 data-start=\"3107\" data-end=\"3132\">Service apr\u00e8s-vente<\/h3>\n<p data-start=\"3133\" data-end=\"3210\">Pi\u00e8ces d\u00e9tach\u00e9es, assistance technique et assistance en garantie disponibles dans le monde entier.<\/p>\n<h3 data-start=\"3212\" data-end=\"3236\">Champs d'application<\/h3>\n<ul data-start=\"3237\" data-end=\"3358\">\n<li data-start=\"3237\" data-end=\"3263\">\n<p data-start=\"3239\" data-end=\"3263\">Service de livraison urbaine<\/p>\n<\/li>\n<li data-start=\"3264\" data-end=\"3292\">\n<p data-start=\"3266\" data-end=\"3292\">Logistique pour petites entreprises<\/p>\n<\/li>\n<li data-start=\"3293\" data-end=\"3322\">\n<p data-start=\"3295\" data-end=\"3322\">Distribution de marchandises au d\u00e9tail<\/p>\n<\/li>\n<li data-start=\"3323\" data-end=\"3358\">\n<p data-start=\"3325\" data-end=\"3358\">Livraison par courrier et e-commerce<\/p>\n<\/li>\n<\/ul>\n<h3 data-start=\"3360\" data-end=\"3380\">M\u00e9thode de paiement<\/h3>\n<p data-start=\"3381\" data-end=\"3443\">Conditions de paiement flexibles: T \/ T, L \/ C ou autres accords commerciaux.<\/p>\n<h3 data-start=\"4923\" data-end=\"4947\"><\/h3>\n<hr \/>\n<p>&nbsp;<\/p>\n<h2>FAQ (questions fr\u00e9quentes)<\/h2>\n<p data-start=\"3455\" data-end=\"3512\"><strong data-start=\"3455\" data-end=\"3490\">Q1: Quelle est la capacit\u00e9 de fret?<\/strong><br data-start=\"3490\" data-end=\"3493\" \/>A1 : jusqu'\u00e0 160 kg.<\/p>\n<p data-start=\"3514\" data-end=\"3616\"><strong data-start=\"3514\" data-end=\"3559\">Q2: Est-il certifi\u00e9 pour les march\u00e9s europ\u00e9ens?<\/strong><br data-start=\"3559\" data-end=\"3562\" \/>A2: Oui, il porte la certification UE pour la conformit\u00e9.<\/p>\n<p data-start=\"3618\" data-end=\"3684\"><strong data-start=\"3618\" data-end=\"3662\">Q3: Jusqu'o\u00f9 peut-il voyager sur une charge?<\/strong><br data-start=\"3662\" data-end=\"3665\" \/>A3 : Environ 60 km.<\/p>\n<p data-start=\"3686\" data-end=\"3790\"><strong data-start=\"3686\" data-end=\"3727\">Q4: Quel type de routes peut-il g\u00e9rer?<\/strong><br data-start=\"3727\" data-end=\"3730\" \/>A4: Con\u00e7u pour les rues urbaines, l\u00e9g\u00e8res inclinaisons jusqu'\u00e0 15\u00b0.<\/p>","protected":false},"excerpt":{"rendered":"<p>Le <strong data-start=\"4471\" data-end=\"4506\">1.1m Tricycle de trajet pour personnes \u00e2g\u00e9es<\/strong> est une solution de mobilit\u00e9 sp\u00e9cialement con\u00e7ue pour les personnes \u00e2g\u00e9es qui recherchent l'ind\u00e9pendance, le confort et les voyages respectueux de l'environnement. \u00c9quip\u00e9 d'un moteur 48V 500W, de roues en fer durables et de suspension hydraulique, ce <em data-start=\"4701\" data-end=\"4732\">tricycle \u00e9lectrique pour les personnes \u00e2g\u00e9es<\/em> \u00e9quilibre la s\u00e9curit\u00e9 avec des performances pratiques de d\u00e9placement. C\u2019est un fiable <em data-start=\"4803\" data-end=\"4822\">mobilit\u00e9 tricycle<\/em> avec une autonomie de 60 km par charge, permettant aux personnes \u00e2g\u00e9es de se d\u00e9placer librement dans leurs communaut\u00e9s.<\/p>","protected":false},"featured_media":3774,"comment_status":"open","ping_status":"closed","template":"","meta":[],"product_brand":[],"product_cat":[78],"product_tag":[],"class_list":{"0":"post-3768","1":"product","2":"type-product","3":"status-publish","4":"has-post-thumbnail","6":"product_cat-electric-tricycle","8":"first","9":"instock","10":"sale","11":"shipping-taxable","12":"purchasable","13":"product-type-simple"},"_links":{"self":[{"href":"https:\/\/www.tairuiauto.com\/fr\/wp-json\/wp\/v2\/product\/3768","targetHints":{"allow":["GET"]}}],"collection":[{"href":"https:\/\/www.tairuiauto.com\/fr\/wp-json\/wp\/v2\/product"}],"about":[{"href":"https:\/\/www.tairuiauto.com\/fr\/wp-json\/wp\/v2\/types\/product"}],"replies":[{"embeddable":true,"href":"https:\/\/www.tairuiauto.com\/fr\/wp-json\/wp\/v2\/comments?post=3768"}],"wp:featuredmedia":[{"embeddable":true,"href":"https:\/\/www.tairuiauto.com\/fr\/wp-json\/wp\/v2\/media\/3774"}],"wp:attachment":[{"href":"https:\/\/www.tairuiauto.com\/fr\/wp-json\/wp\/v2\/media?parent=3768"}],"wp:term":[{"taxonomy":"product_brand","embeddable":true,"href":"https:\/\/www.tairuiauto.com\/fr\/wp-json\/wp\/v2\/product_brand?post=3768"},{"taxonomy":"product_cat","embeddable":true,"href":"https:\/\/www.tairuiauto.com\/fr\/wp-json\/wp\/v2\/product_cat?post=3768"},{"taxonomy":"product_tag","embeddable":true,"href":"https:\/\/www.tairuiauto.com\/fr\/wp-json\/wp\/v2\/product_tag?post=3768"}],"curies":[{"name":"WP","href":"https:\/\/api.w.org\/{rel}","templated":true}]}}