{"id":3782,"date":"2025-09-18T09:28:51","date_gmt":"2025-09-18T01:28:51","guid":{"rendered":"https:\/\/www.tairuiauto.com\/?post_type=product&#038;p=3782"},"modified":"2025-09-18T10:43:19","modified_gmt":"2025-09-18T02:43:19","slug":"1-5m-freight-tricycle","status":"publish","type":"product","link":"https:\/\/www.tairuiauto.com\/fr\/product\/1-5m-freight-tricycle\/","title":{"rendered":"Tricycle de fret de 1,5 m"},"content":{"rendered":"<h3 data-start=\"228\" data-end=\"253\">Description du produit<\/h3>\n<p data-start=\"254\" data-end=\"839\">Avec un moteur de 48V \u00e0 800W, un essieu arri\u00e8re int\u00e9gr\u00e9 et une suspension renforc\u00e9e, ce v\u00e9hicule \u00e9lectrique \u00e0 trois roues offre une excellente capacit\u00e9 de charge et une excellente stabilit\u00e9.<\/p>\n<table style=\"border-collapse: collapse; width: 72.6091%; height: 577px;\" border=\"0\" width=\"688\" cellspacing=\"0\" cellpadding=\"0\">\n<tbody>\n<tr style=\"height: 20.00pt;\">\n<td class=\"et3\" style=\"height: 20pt; width: 40.3402%;\" width=\"321\" height=\"33\">Mod\u00e8le<\/td>\n<td class=\"et3\" style=\"width: 59.6598%;\" width=\"367\">Tricycle de fret de 1,5 m<\/td>\n<\/tr>\n<tr style=\"height: 20.00pt;\">\n<td class=\"et4\" style=\"height: 20pt; width: 40.3402%;\" width=\"321\" height=\"33\">Taille globale<\/td>\n<td class=\"et4\" style=\"width: 59.6598%;\" width=\"367\">2945mm * 1050mm * 1365mm<\/td>\n<\/tr>\n<tr style=\"height: 20.00pt;\">\n<td class=\"et4\" style=\"height: 20pt; width: 40.3402%;\" width=\"321\" height=\"33\">instrument<\/td>\n<td class=\"et4\" style=\"width: 59.6598%;\" width=\"367\">Instrument \u00e9lectronique avec tableau de bord<\/td>\n<\/tr>\n<tr style=\"height: 20.00pt;\">\n<td class=\"et4\" style=\"height: 20pt; width: 40.3402%;\" width=\"321\" height=\"33\">contr\u00f4leur<\/td>\n<td class=\"et4\" style=\"width: 59.6598%;\" width=\"367\">18 tubes<\/td>\n<\/tr>\n<tr style=\"height: 20.00pt;\">\n<td class=\"et4\" style=\"height: 20pt; width: 40.3402%;\" width=\"321\" height=\"33\">essieu arri\u00e8re<\/td>\n<td class=\"et4\" style=\"width: 59.6598%;\" width=\"367\">Essieu arri\u00e8re int\u00e9gr\u00e9<\/td>\n<\/tr>\n<tr style=\"height: 20.00pt;\">\n<td class=\"et4\" style=\"height: 20pt; width: 40.3402%;\" width=\"321\" height=\"33\">Frein avant<\/td>\n<td class=\"et4\" style=\"width: 59.6598%;\" width=\"367\">37 amortissement \/ frein avant 110<\/td>\n<\/tr>\n<tr style=\"height: 20.00pt;\">\n<td class=\"et4\" style=\"height: 20pt; width: 40.3402%;\" width=\"321\" height=\"33\">Frein arri\u00e8re<\/td>\n<td class=\"et4\" style=\"width: 59.6598%;\" width=\"367\">160 frein \u00e0 tambour<\/td>\n<\/tr>\n<tr style=\"height: 20.00pt;\">\n<td class=\"et4\" style=\"height: 20pt; width: 40.3402%;\" width=\"321\" height=\"33\">Gradabilit\u00e9<\/td>\n<td class=\"et4\" style=\"width: 59.6598%;\" width=\"367\">15\u00b0<\/td>\n<\/tr>\n<tr style=\"height: 20.00pt;\">\n<td class=\"et4\" style=\"height: 20pt; width: 40.3402%;\" width=\"321\" height=\"33\">Phare<\/td>\n<td class=\"et4\" style=\"width: 59.6598%;\" width=\"367\">Ordinaire bulbe grande<\/td>\n<\/tr>\n<tr style=\"height: 20.00pt;\">\n<td class=\"et4\" style=\"height: 20pt; width: 40.3402%;\" width=\"321\" height=\"33\">Capacit\u00e9 de chargement<\/td>\n<td class=\"et4\" style=\"width: 59.6598%;\" width=\"367\">175kg<\/td>\n<\/tr>\n<tr style=\"height: 20.00pt;\">\n<td class=\"et4\" style=\"height: 20pt; width: 40.3402%;\" width=\"321\" height=\"33\">bordure<\/td>\n<td class=\"et4\" style=\"width: 59.6598%;\" width=\"367\">Roue de fer<\/td>\n<\/tr>\n<tr style=\"height: 20.00pt;\">\n<td class=\"et4\" style=\"height: 20pt; width: 40.3402%;\" width=\"321\" height=\"33\">E-moteur<\/td>\n<td class=\"et4\" style=\"width: 59.6598%;\" width=\"367\">D\u00e9placement 48V800W<\/td>\n<\/tr>\n<tr style=\"height: 20.00pt;\">\n<td class=\"et4\" style=\"height: 20pt; width: 40.3402%;\" width=\"321\" height=\"33\">Suspension avant<\/td>\n<td class=\"et4\" style=\"width: 59.6598%;\" width=\"367\">Amortisseur avec hydraulique<\/td>\n<\/tr>\n<tr style=\"height: 20.00pt;\">\n<td class=\"et4\" style=\"height: 20pt; width: 40.3402%;\" width=\"321\" height=\"33\">Suspension arri\u00e8re<\/td>\n<td class=\"et4\" style=\"width: 59.6598%;\" width=\"367\">Absorption arri\u00e8re du ressort en plaque d'acier renforc\u00e9<\/td>\n<\/tr>\n<tr style=\"height: 20.00pt;\">\n<td class=\"et4\" style=\"height: 20pt; width: 40.3402%;\" width=\"321\" height=\"33\">Vitesse maximale<\/td>\n<td class=\"et4\" style=\"width: 59.6598%;\" width=\"367\">45 Km\/h<\/td>\n<\/tr>\n<tr style=\"height: 20.00pt;\">\n<td class=\"et4\" style=\"height: 20pt; width: 40.3402%;\" width=\"321\" height=\"33\">Pneumatiques (F\/R)<\/td>\n<td class=\"et4\" style=\"width: 59.6598%;\" width=\"367\">3.75-12\/3.75-12<\/td>\n<\/tr>\n<tr style=\"height: 20.00pt;\">\n<td class=\"et4\" style=\"height: 20pt; width: 40.3402%;\" width=\"321\" height=\"33\">Kilom\u00e9trage par charge<\/td>\n<td class=\"et4\" style=\"width: 59.6598%;\" width=\"367\">65\/75<\/td>\n<\/tr>\n<tr style=\"height: 20.00pt;\">\n<td class=\"et4\" style=\"height: 20pt; width: 40.3402%;\" width=\"321\" height=\"33\">Batterie<\/td>\n<td class=\"et4\" style=\"width: 59.6598%;\" width=\"367\">60v52A batterie sans entretien plomb-acide<\/td>\n<\/tr>\n<tr style=\"height: 20.00pt;\">\n<td class=\"et4\" style=\"height: 20pt; width: 40.3402%;\" width=\"321\" height=\"33\">Temps de charge<\/td>\n<td class=\"et4\" style=\"width: 59.6598%;\" width=\"367\">8-10 heures<\/td>\n<\/tr>\n<\/tbody>\n<\/table>\n<h3 data-start=\"4923\" data-end=\"4947\"><\/h3>\n<hr \/>\n<p>&nbsp;<\/p>\n<h3 data-start=\"841\" data-end=\"865\">Points de vente cl\u00e9s<\/h3>\n<ol data-start=\"866\" data-end=\"1414\">\n<li data-start=\"866\" data-end=\"1020\">\n<p data-start=\"869\" data-end=\"1020\"><strong data-start=\"869\" data-end=\"891\">Capacit\u00e9 de charge \u00e9lev\u00e9e<\/strong> \u2013 Con\u00e7u pour transporter jusqu\u2019\u00e0 175 kg, ce <em data-start=\"935\" data-end=\"960\">tricycle cargo \u00e9lectrique<\/em> est parfait pour les petites entreprises et les entreprises de logistique.<\/p>\n<\/li>\n<li data-start=\"1021\" data-end=\"1167\">\n<p data-start=\"1024\" data-end=\"1167\"><strong data-start=\"1024\" data-end=\"1042\">Moteur puissant<\/strong> \u2013 \u00c9quip\u00e9 d\u2019un moteur 48V 800W, ce <em data-start=\"1082\" data-end=\"1111\">v\u00e9hicule de fret \u00e0 trois roues<\/em> assure une acc\u00e9l\u00e9ration douce et une puissance de traction stable.<\/p>\n<\/li>\n<li data-start=\"1168\" data-end=\"1292\">\n<p data-start=\"1171\" data-end=\"1292\"><strong data-start=\"1171\" data-end=\"1189\">Port\u00e9e \u00e9tendue<\/strong> \u2013 Avec jusqu\u2019\u00e0 75 km par charge, le <em data-start=\"1225\" data-end=\"1249\">trike de fret \u00e9lectrique<\/em> offre un service plus long entre charges.<\/p>\n<\/li>\n<li data-start=\"1293\" data-end=\"1414\">\n<p data-start=\"1296\" data-end=\"1414\"><strong data-start=\"1296\" data-end=\"1322\">Op\u00e9ration \u00e9cologique<\/strong> Une alternative z\u00e9ro \u00e9mission aux v\u00e9los cargo \u00e0 carburant, id\u00e9ale pour une logistique durable.<\/p>\n<\/li>\n<\/ol>\n<h3 data-start=\"4923\" data-end=\"4947\"><\/h3>\n<hr \/>\n<p>&nbsp;<\/p>\n<h3 data-start=\"1416\" data-end=\"1447\">Avantages diff\u00e9renci\u00e9s<\/h3>\n<ol data-start=\"1448\" data-end=\"1915\">\n<li data-start=\"1448\" data-end=\"1571\">\n<p data-start=\"1451\" data-end=\"1571\"><strong data-start=\"1451\" data-end=\"1474\">Plus grand et plus fort<\/strong> \u2013 Par rapport aux plus petits camions cargo, le mod\u00e8le de 1,5 m supporte des charges utiles plus lourdes et des trajets plus longs.<\/p>\n<\/li>\n<li data-start=\"1572\" data-end=\"1700\">\n<p data-start=\"1575\" data-end=\"1700\"><strong data-start=\"1575\" data-end=\"1599\">Construction durable<\/strong> \u2013 La suspension hydraulique et la suspension arri\u00e8re en plaque d\u2019acier renforc\u00e9e assurent une fiabilit\u00e9 durable.<\/p>\n<\/li>\n<li data-start=\"1701\" data-end=\"1787\">\n<p data-start=\"1704\" data-end=\"1787\"><strong data-start=\"1704\" data-end=\"1728\">Axe arri\u00e8re int\u00e9gr\u00e9<\/strong> \u2013 Fournit un \u00e9quilibre am\u00e9lior\u00e9 et une manipulation plus fluide de la cargaison.<\/p>\n<\/li>\n<li data-start=\"1788\" data-end=\"1915\">\n<p data-start=\"1791\" data-end=\"1915\"><strong data-start=\"1791\" data-end=\"1819\">Transport rentable<\/strong> R\u00e9duit les co\u00fbts d\u2019exploitation par rapport aux camions ou utilitaires, tout en r\u00e9pondant aux besoins logistiques de la ville.<\/p>\n<\/li>\n<\/ol>\n<h3 data-start=\"4923\" data-end=\"4947\">\u00a0 \u00a0 \u00a0 \u00a0 \u00a0 \u00a0<img fetchpriority=\"high\" decoding=\"async\" class=\"alignnone size-medium wp-image-3792\" src=\"https:\/\/www.tairuiauto.com\/wp-content\/uploads\/2025\/09\/5-15-300x300.jpg\" alt=\"Tricycle de fret de 1,5 m\" width=\"300\" height=\"300\" srcset=\"\" sizes=\"(max-width: 300px) 100vw, 300px\" data-srcset=\"\" \/>\u00a0 \u00a0 \u00a0 \u00a0 \u00a0 \u00a0<img decoding=\"async\" class=\"alignnone size-medium wp-image-3790\" src=\"https:\/\/www.tairuiauto.com\/wp-content\/uploads\/2025\/09\/3-15-300x300.jpg\" alt=\"\" width=\"300\" height=\"300\" srcset=\"\" sizes=\"(max-width: 300px) 100vw, 300px\" data-srcset=\"\" \/>\u00a0 \u00a0 \u00a0 \u00a0 \u00a0 \u00a0<img decoding=\"async\" class=\"alignnone size-medium wp-image-3791\" src=\"https:\/\/www.tairuiauto.com\/wp-content\/uploads\/2025\/09\/4-14-300x300.jpg\" alt=\"\" width=\"300\" height=\"300\" srcset=\"\" sizes=\"(max-width: 300px) 100vw, 300px\" data-srcset=\"\" \/><\/h3>\n<hr \/>\n<p>&nbsp;<\/p>\n<h3 data-start=\"2147\" data-end=\"2173\">Param\u00e8tres techniques<\/h3>\n<ul data-start=\"2174\" data-end=\"2432\">\n<li data-start=\"2174\" data-end=\"2198\">\n<p data-start=\"2176\" data-end=\"2198\">Contr\u00f4leur: 18 tubes<\/p>\n<\/li>\n<li data-start=\"2199\" data-end=\"2264\">\n<p data-start=\"2201\" data-end=\"2264\">Frens: frein \u00e0 tambour avant 37 \/ frein \u00e0 tambour arri\u00e8re 160<\/p>\n<\/li>\n<li data-start=\"2265\" data-end=\"2295\">\n<p data-start=\"2267\" data-end=\"2295\">Essieu arri\u00e8re: Type int\u00e9gr\u00e9<\/p>\n<\/li>\n<li data-start=\"2296\" data-end=\"2327\">\n<p data-start=\"2298\" data-end=\"2327\">Pneus: 3.75-12 avant &amp; arri\u00e8re<\/p>\n<\/li>\n<li data-start=\"2328\" data-end=\"2385\">\n<p data-start=\"2330\" data-end=\"2385\">Suspension: ressort de plaque en acier renforc\u00e9 hydraulique<\/p>\n<\/li>\n<li data-start=\"2386\" data-end=\"2400\">\n<p data-start=\"2388\" data-end=\"2400\">Ascension: 15\u00b0<\/p>\n<\/li>\n<li data-start=\"2401\" data-end=\"2432\">\n<p data-start=\"2403\" data-end=\"2432\">Lumi\u00e8res: Ampoule grande standard<\/p>\n<\/li>\n<\/ul>\n<p>&nbsp;<\/p>\n<h3 data-start=\"2434\" data-end=\"2449\">Mat\u00e9riaux<\/h3>\n<p data-start=\"2450\" data-end=\"2504\">Cadre en acier, roues en fer et suspension lourde.<\/p>\n<p data-start=\"2450\" data-end=\"2504\">\n<h3 data-start=\"2506\" data-end=\"2522\">Apparence<\/h3>\n<p data-start=\"2523\" data-end=\"2584\">Conception compacte mais robuste, optimis\u00e9e pour le transport de marchandises.<\/p>\n<p data-start=\"2523\" data-end=\"2584\">\n<h3 data-start=\"2586\" data-end=\"2598\">Conception<\/h3>\n<p data-start=\"2599\" data-end=\"2665\">Utilit\u00e9 ax\u00e9e sur la stabilit\u00e9 et la port\u00e9e \u00e9tendue pour la logistique.<\/p>\n<p data-start=\"2599\" data-end=\"2665\">\n<h3 data-start=\"2667\" data-end=\"2690\">personnalisation OEM<\/h3>\n<p data-start=\"2691\" data-end=\"2748\">Bo\u00eete de fret personnalisable, marquage et couleurs disponibles.<\/p>\n<p data-start=\"2691\" data-end=\"2748\">\n<h3 data-start=\"2750\" data-end=\"2771\">Contr\u00f4le qualit\u00e9<\/h3>\n<p data-start=\"2772\" data-end=\"2859\">Test\u00e9 en usine avec des inspections strictes, des contr\u00f4les de durabilit\u00e9 et des certifications de s\u00e9curit\u00e9.<\/p>\n<p data-start=\"2772\" data-end=\"2859\">\n<h3 data-start=\"2861\" data-end=\"2886\">Service apr\u00e8s-vente<\/h3>\n<p data-start=\"2887\" data-end=\"2941\">Garantie, pi\u00e8ces d\u00e9tach\u00e9es et support technique mondial.<\/p>\n<p data-start=\"2887\" data-end=\"2941\">\n<h3 data-start=\"2943\" data-end=\"2967\">Champs d'application<\/h3>\n<ul data-start=\"2968\" data-end=\"3068\">\n<li data-start=\"2968\" data-end=\"2996\">\n<p data-start=\"2970\" data-end=\"2996\">Logistique pour petites entreprises<\/p>\n<\/li>\n<li data-start=\"2997\" data-end=\"3019\">\n<p data-start=\"2999\" data-end=\"3019\">Livraison au dernier mile<\/p>\n<\/li>\n<li data-start=\"3020\" data-end=\"3042\">\n<p data-start=\"3022\" data-end=\"3042\">Cha\u00eene d'approvisionnement urbaine<\/p>\n<\/li>\n<li data-start=\"3043\" data-end=\"3068\">\n<p data-start=\"3045\" data-end=\"3068\">Livraison e-commerce<\/p>\n<\/li>\n<\/ul>\n<p>&nbsp;<\/p>\n<h3 data-start=\"3070\" data-end=\"3090\">M\u00e9thode de paiement<\/h3>\n<p data-start=\"3091\" data-end=\"3157\">Les options comprennent T \/ T, L \/ C et d'autres m\u00e9thodes de commerce international.<\/p>\n<h3 data-start=\"4923\" data-end=\"4947\"><\/h3>\n<hr \/>\n<p>&nbsp;<\/p>\n<h3 data-start=\"3159\" data-end=\"3168\">FAQ (questions fr\u00e9quentes)<\/h3>\n<p data-start=\"3169\" data-end=\"3228\"><strong data-start=\"3169\" data-end=\"3206\">Q1: Combien de poids peut-il porter?<\/strong><br data-start=\"3206\" data-end=\"3209\" \/>A1 : Jusqu'\u00e0 175 kg.<\/p>\n<p data-start=\"3230\" data-end=\"3292\"><strong data-start=\"3230\" data-end=\"3266\">Q2: Combien de temps prend la charge?<\/strong><br data-start=\"3266\" data-end=\"3269\" \/>A2 : Environ 8 \u00e0 10 heures.<\/p>\n<p data-start=\"3294\" data-end=\"3349\"><strong data-start=\"3294\" data-end=\"3331\">Q3: Quelle est la plage par charge?<\/strong><br data-start=\"3331\" data-end=\"3334\" \/>A3 : 65 \u00e0 75 km.<\/p>\n<p data-start=\"3351\" data-end=\"3424\"><strong data-start=\"3351\" data-end=\"3390\">Q4: Est-il adapt\u00e9 pour les routes raides?<\/strong><br data-start=\"3390\" data-end=\"3393\" \/>A4 : Oui, il grimpe jusqu'\u00e0 15\u00b0.<\/p>","protected":false},"excerpt":{"rendered":"<p>Le <strong data-start=\"258\" data-end=\"283\">Tricycle de fret de 1,5 m<\/strong> est une solution de fret \u00e9lectrique puissante con\u00e7ue pour la logistique urbaine et rurale. Avec un moteur de 48V \u00e0 800W, un essieu arri\u00e8re int\u00e9gr\u00e9 et une suspension renforc\u00e9e, ce v\u00e9hicule \u00e9lectrique \u00e0 trois roues offre une excellente capacit\u00e9 de charge et une excellente stabilit\u00e9. Sa taille plus grande de 1,5 m permet une capacit\u00e9 de transport plus \u00e9lev\u00e9e, ce qui en fait un id\u00e9al <em data-start=\"598\" data-end=\"625\">tricycle de fret \u00e9lectrique<\/em> pour les petites entreprises, la livraison de commerce \u00e9lectronique et les cha\u00eenes d'approvisionnement urbaines. Avec une vitesse maximale de 45 km\/h et une port\u00e9e de 65 \u00e0 75 km par charge, ce <em data-start=\"760\" data-end=\"782\">cargaison \u00e9lectrique trike<\/em> \u00e9quilibre entre efficacit\u00e9, durabilit\u00e9 et \u00e9cologie.<\/p>","protected":false},"featured_media":3793,"comment_status":"open","ping_status":"closed","template":"","meta":[],"product_brand":[],"product_cat":[78],"product_tag":[],"class_list":{"0":"post-3782","1":"product","2":"type-product","3":"status-publish","4":"has-post-thumbnail","6":"product_cat-electric-tricycle","8":"first","9":"instock","10":"sale","11":"shipping-taxable","12":"purchasable","13":"product-type-simple"},"_links":{"self":[{"href":"https:\/\/www.tairuiauto.com\/fr\/wp-json\/wp\/v2\/product\/3782","targetHints":{"allow":["GET"]}}],"collection":[{"href":"https:\/\/www.tairuiauto.com\/fr\/wp-json\/wp\/v2\/product"}],"about":[{"href":"https:\/\/www.tairuiauto.com\/fr\/wp-json\/wp\/v2\/types\/product"}],"replies":[{"embeddable":true,"href":"https:\/\/www.tairuiauto.com\/fr\/wp-json\/wp\/v2\/comments?post=3782"}],"wp:featuredmedia":[{"embeddable":true,"href":"https:\/\/www.tairuiauto.com\/fr\/wp-json\/wp\/v2\/media\/3793"}],"wp:attachment":[{"href":"https:\/\/www.tairuiauto.com\/fr\/wp-json\/wp\/v2\/media?parent=3782"}],"wp:term":[{"taxonomy":"product_brand","embeddable":true,"href":"https:\/\/www.tairuiauto.com\/fr\/wp-json\/wp\/v2\/product_brand?post=3782"},{"taxonomy":"product_cat","embeddable":true,"href":"https:\/\/www.tairuiauto.com\/fr\/wp-json\/wp\/v2\/product_cat?post=3782"},{"taxonomy":"product_tag","embeddable":true,"href":"https:\/\/www.tairuiauto.com\/fr\/wp-json\/wp\/v2\/product_tag?post=3782"}],"curies":[{"name":"WP","href":"https:\/\/api.w.org\/{rel}","templated":true}]}}