{"id":3796,"date":"2025-09-19T08:13:37","date_gmt":"2025-09-19T00:13:37","guid":{"rendered":"https:\/\/www.tairuiauto.com\/?post_type=product&#038;p=3796"},"modified":"2025-09-19T08:32:18","modified_gmt":"2025-09-19T00:32:18","slug":"1-6m-freight-tricycle","status":"publish","type":"product","link":"https:\/\/www.tairuiauto.com\/fr\/product\/1-6m-freight-tricycle\/","title":{"rendered":"1.6m Tricycle de fret"},"content":{"rendered":"<h3 data-start=\"226\" data-end=\"251\">Description du produit<\/h3>\n<p data-start=\"252\" data-end=\"747\">Avec un moteur fort 60V 800W, une absorption hydraulique et une suspension en plaque d'acier renforc\u00e9e, ce <em data-start=\"509\" data-end=\"536\">tricycle de fret \u00e9lectrique<\/em> est con\u00e7u pour la fiabilit\u00e9 dans les op\u00e9rations de livraison urbaines et rurales.<\/p>\n<table style=\"border-collapse: collapse; width: 76.4857%; height: 765px;\" border=\"0\" width=\"698\" cellspacing=\"0\" cellpadding=\"0\">\n<tbody>\n<tr style=\"height: 20.00pt;\">\n<td class=\"et3\" style=\"height: 20pt; width: 39.1003%;\" width=\"351\" height=\"33\">Mod\u00e8le<\/td>\n<td class=\"et3\" style=\"width: 60.8997%;\" width=\"347\">1.6m Tricycle de fret<\/td>\n<\/tr>\n<tr style=\"height: 20.00pt;\">\n<td class=\"et4\" style=\"height: 20pt; width: 39.1003%;\" width=\"351\" height=\"33\">Dimensions globales du v\u00e9hicule (mm)<\/td>\n<td class=\"et4\" style=\"width: 60.8997%;\" width=\"347\">3080*1148*1350<\/td>\n<\/tr>\n<tr style=\"height: 20.00pt;\">\n<td class=\"et4\" style=\"height: 20pt; width: 39.1003%;\" width=\"351\" height=\"33\">tableau de bord<\/td>\n<td class=\"et4\" style=\"width: 60.8997%;\" width=\"347\">Panneau d'instruments LCD<\/td>\n<\/tr>\n<tr style=\"height: 20.00pt;\">\n<td class=\"et4\" style=\"height: 20pt; width: 39.1003%;\" width=\"351\" height=\"33\">contr\u00f4leur moteur<\/td>\n<td class=\"et4\" style=\"width: 60.8997%;\" width=\"347\">Contr\u00f4leur de tube 18<\/td>\n<\/tr>\n<tr style=\"height: 20.00pt;\">\n<td class=\"et4\" style=\"height: 20pt; width: 39.1003%;\" width=\"351\" height=\"33\">essieu arri\u00e8re<\/td>\n<td class=\"et4\" style=\"width: 60.8997%;\" width=\"347\">Essieu arri\u00e8re int\u00e9gr\u00e9<\/td>\n<\/tr>\n<tr style=\"height: 20.00pt;\">\n<td class=\"et4\" style=\"height: 20pt; width: 39.1003%;\" width=\"351\" height=\"33\">Frein avant<\/td>\n<td class=\"et4\" style=\"width: 60.8997%;\" width=\"347\">33 Absorption\/frein avant 110<\/td>\n<\/tr>\n<tr style=\"height: 20.00pt;\">\n<td class=\"et4\" style=\"height: 20pt; width: 39.1003%;\" width=\"351\" height=\"33\">frein arri\u00e8re<\/td>\n<td class=\"et4\" style=\"width: 60.8997%;\" width=\"347\">160 tambour de frein<\/td>\n<\/tr>\n<tr style=\"height: 20.00pt;\">\n<td class=\"et4\" style=\"height: 20pt; width: 39.1003%;\" width=\"351\" height=\"33\">Angle d'escalade<\/td>\n<td class=\"et4\" style=\"width: 60.8997%;\" width=\"347\">15\u00b0<\/td>\n<\/tr>\n<tr style=\"height: 20.00pt;\">\n<td class=\"et4\" style=\"height: 20pt; width: 39.1003%;\" width=\"351\" height=\"33\">Phares avant<\/td>\n<td class=\"et4\" style=\"width: 60.8997%;\" width=\"347\">LED<\/td>\n<\/tr>\n<tr style=\"height: 20.00pt;\">\n<td class=\"et4\" style=\"height: 20pt; width: 39.1003%;\" width=\"351\" height=\"33\">D\u00e9gagement au sol<\/td>\n<td class=\"et4\" style=\"width: 60.8997%;\" width=\"347\">140 mm<\/td>\n<\/tr>\n<tr style=\"height: 20.00pt;\">\n<td class=\"et4\" style=\"height: 20pt; width: 39.1003%;\" width=\"351\" height=\"33\">poids<\/td>\n<td class=\"et4\" style=\"width: 60.8997%;\" width=\"347\">220 kg<\/td>\n<\/tr>\n<tr style=\"height: 20.00pt;\">\n<td class=\"et4\" style=\"height: 20pt; width: 39.1003%;\" width=\"351\" height=\"33\">charger<\/td>\n<td class=\"et4\" style=\"width: 60.8997%;\" width=\"347\">500 kg<\/td>\n<\/tr>\n<tr style=\"height: 28.00pt;\">\n<td class=\"et4\" style=\"height: 28pt; width: 39.1003%;\" width=\"351\" height=\"46\">Facultatif<\/td>\n<td class=\"et4\" style=\"width: 60.8997%;\" width=\"347\">Facultatif: amortisseur, moteur, contr\u00f4leur, pneus, essieu arri\u00e8re<\/td>\n<\/tr>\n<tr style=\"height: 20.00pt;\">\n<td class=\"et4\" style=\"height: 20pt; width: 39.1003%;\" width=\"351\" height=\"33\">moyeu roue<\/td>\n<td class=\"et4\" style=\"width: 60.8997%;\" width=\"347\">moyeu roue<\/td>\n<\/tr>\n<tr style=\"height: 20.00pt;\">\n<td class=\"et4\" style=\"height: 20pt; width: 39.1003%;\" width=\"351\" height=\"33\">moteur<\/td>\n<td class=\"et4\" style=\"width: 60.8997%;\" width=\"347\">moteur 60v800w<\/td>\n<\/tr>\n<tr style=\"height: 20.00pt;\">\n<td class=\"et4\" style=\"height: 20pt; width: 39.1003%;\" width=\"351\" height=\"33\">Amortisseur avant<\/td>\n<td class=\"et4\" style=\"width: 60.8997%;\" width=\"347\">Amortisseur hydraulique<\/td>\n<\/tr>\n<tr style=\"height: 20.00pt;\">\n<td class=\"et4\" style=\"height: 20pt; width: 39.1003%;\" width=\"351\" height=\"33\">Suspension arri\u00e8re<\/td>\n<td class=\"et4\" style=\"width: 60.8997%;\" width=\"347\">Amortissement arri\u00e8re de ressort en plaque d'acier renforc\u00e9e<\/td>\n<\/tr>\n<tr style=\"height: 20.00pt;\">\n<td class=\"et4\" style=\"height: 20pt; width: 39.1003%;\" width=\"351\" height=\"33\">vitesse maximale<\/td>\n<td class=\"et4\" style=\"width: 60.8997%;\" width=\"347\">36 km\/h<\/td>\n<\/tr>\n<tr style=\"height: 20.00pt;\">\n<td class=\"et4\" style=\"height: 20pt; width: 39.1003%;\" width=\"351\" height=\"33\">Pneumatiques avant et arri\u00e8re<\/td>\n<td class=\"et4\" style=\"width: 60.8997%;\" width=\"347\">F375-12\/R375-12<\/td>\n<\/tr>\n<tr style=\"height: 20.00pt;\">\n<td class=\"et4\" style=\"height: 20pt; width: 39.1003%;\" width=\"351\" height=\"33\">endurance<\/td>\n<td class=\"et4\" style=\"width: 60.8997%;\" width=\"347\">45 km<\/td>\n<\/tr>\n<tr style=\"height: 20.00pt;\">\n<td class=\"et4\" style=\"height: 20pt; width: 39.1003%;\" width=\"351\" height=\"33\">Batterie<\/td>\n<td class=\"et4\" style=\"width: 60.8997%;\" width=\"347\">60V52A<\/td>\n<\/tr>\n<tr style=\"height: 20.00pt;\">\n<td class=\"et4\" style=\"height: 20pt; width: 39.1003%;\" width=\"351\" height=\"33\">Couleur<\/td>\n<td class=\"et4\" style=\"width: 60.8997%;\" width=\"347\">Bleu, vert, argent, rouge<\/td>\n<\/tr>\n<tr style=\"height: 28.00pt;\">\n<td class=\"et4\" style=\"height: 28pt; width: 39.1003%;\" width=\"351\" height=\"46\">Certification<\/td>\n<td class=\"et5\" style=\"width: 60.8997%;\" width=\"347\"><span class=\"font3\">Qualification nationale de production de niveau 1<\/span><span class=\"font2\">CCC<\/span><\/td>\n<\/tr>\n<tr style=\"height: 20.00pt;\">\n<td class=\"et4\" style=\"height: 20pt; width: 39.1003%;\" width=\"351\" height=\"33\">temps de charge<\/td>\n<td class=\"et4\" style=\"width: 60.8997%;\" width=\"347\">6-8heure<\/td>\n<\/tr>\n<tr style=\"height: 20.00pt;\">\n<td class=\"et4\" style=\"height: 20pt; width: 39.1003%;\" width=\"351\" height=\"33\">Chargement dans 40HQ<\/td>\n<td class=\"et4\" style=\"width: 60.8997%;\" width=\"347\">SKD 32<\/td>\n<\/tr>\n<\/tbody>\n<\/table>\n<h3 data-start=\"4923\" data-end=\"4947\"><\/h3>\n<hr \/>\n<p>&nbsp;<\/p>\n<h3 data-start=\"749\" data-end=\"773\">Points de vente cl\u00e9s<\/h3>\n<ol data-start=\"774\" data-end=\"1329\">\n<li data-start=\"774\" data-end=\"914\">\n<p data-start=\"777\" data-end=\"914\"><strong data-start=\"777\" data-end=\"800\">Grande capacit\u00e9 de charge<\/strong> \u2013 Avec une charge utile maximale de 500 kg, ce <em data-start=\"839\" data-end=\"866\">tricycle de fret \u00e9lectrique<\/em> soutient la logistique commerciale et industrielle.<\/p>\n<\/li>\n<li data-start=\"915\" data-end=\"1061\">\n<p data-start=\"918\" data-end=\"1061\"><strong data-start=\"918\" data-end=\"940\">Powertrain durable<\/strong> \u2013 Le moteur 60V 800W fournit un couple stable, ce qui <em data-start=\"998\" data-end=\"1025\">v\u00e9hicule cargo \u00e0 trois roues<\/em> Convient pour les routes collin\u00e9es ou fr\u00e9quent\u00e9es.<\/p>\n<\/li>\n<li data-start=\"1062\" data-end=\"1196\">\n<p data-start=\"1065\" data-end=\"1196\"><strong data-start=\"1065\" data-end=\"1086\">Suspension robuste<\/strong> Les amortisseurs hydrauliques avant et la suspension arri\u00e8re en acier renforc\u00e9 am\u00e9liorent la stabilit\u00e9 sous de lourdes charges.<\/p>\n<\/li>\n<li data-start=\"1197\" data-end=\"1329\">\n<p data-start=\"1200\" data-end=\"1329\"><strong data-start=\"1200\" data-end=\"1226\">Transport \u00e9cologique<\/strong> \u2013 Une alternative z\u00e9ro \u00e9mission aux camions, ce <em data-start=\"1273\" data-end=\"1295\">cargaison \u00e9lectrique trike<\/em> promouvoir une logistique durable.<\/p>\n<\/li>\n<\/ol>\n<h3 data-start=\"4923\" data-end=\"4947\"><\/h3>\n<hr \/>\n<p>&nbsp;<\/p>\n<h3 data-start=\"1331\" data-end=\"1362\">Avantages diff\u00e9renci\u00e9s<\/h3>\n<ol data-start=\"1363\" data-end=\"1816\">\n<li data-start=\"1363\" data-end=\"1465\">\n<p data-start=\"1366\" data-end=\"1465\"><strong data-start=\"1366\" data-end=\"1400\">Stabilit\u00e9 int\u00e9gr\u00e9e de l'essieu arri\u00e8re<\/strong> Assure l\u2019\u00e9quilibre et la conduite en douceur, m\u00eame sous charge maximale.<\/p>\n<\/li>\n<li data-start=\"1466\" data-end=\"1559\">\n<p data-start=\"1469\" data-end=\"1559\"><strong data-start=\"1469\" data-end=\"1494\">Durabilit\u00e9 lourde<\/strong> \u2013 220 kg de poids du cadre fournit une r\u00e9sistance \u00e0 l\u2019usure.<\/p>\n<\/li>\n<li data-start=\"1560\" data-end=\"1692\">\n<p data-start=\"1563\" data-end=\"1692\"><strong data-start=\"1563\" data-end=\"1592\">Caract\u00e9ristiques de s\u00e9curit\u00e9 optimis\u00e9es<\/strong> \u2013 Les phares \u00e0 LED, le jeu au sol de 140 mm et les freins \u00e0 tambour fiables augmentent la confiance de l\u2019op\u00e9rateur.<\/p>\n<\/li>\n<li data-start=\"1693\" data-end=\"1816\">\n<p data-start=\"1696\" data-end=\"1816\"><strong data-start=\"1696\" data-end=\"1716\">Options flexibles<\/strong> \u2013 Disponible en plusieurs couleurs avec des mises \u00e0 niveau optionnelles pour les amortisseurs, les contr\u00f4leurs et les essieux.<\/p>\n<\/li>\n<\/ol>\n<h3 data-start=\"4923\" data-end=\"4947\"><\/h3>\n<hr \/>\n<p>&nbsp;<\/p>\n<h3 data-start=\"2052\" data-end=\"2078\">Param\u00e8tres techniques<\/h3>\n<ul data-start=\"2079\" data-end=\"2343\">\n<li data-start=\"2079\" data-end=\"2113\">\n<p data-start=\"2081\" data-end=\"2113\">Contr\u00f4leur: Contr\u00f4leur \u00e0 18 tubes<\/p>\n<\/li>\n<li data-start=\"2114\" data-end=\"2144\">\n<p data-start=\"2116\" data-end=\"2144\">Essieu arri\u00e8re: Type int\u00e9gr\u00e9<\/p>\n<\/li>\n<li data-start=\"2145\" data-end=\"2199\">\n<p data-start=\"2147\" data-end=\"2199\">Fren avant: 33 amortissement \/ 110 frein avant<\/p>\n<\/li>\n<li data-start=\"2200\" data-end=\"2230\">\n<p data-start=\"2202\" data-end=\"2230\">Fren arri\u00e8re: 160 frein \u00e0 tambour<\/p>\n<\/li>\n<li data-start=\"2231\" data-end=\"2259\">\n<p data-start=\"2233\" data-end=\"2259\">Pneus : F375-12 \/ R375-12<\/p>\n<\/li>\n<li data-start=\"2260\" data-end=\"2285\">\n<p data-start=\"2262\" data-end=\"2285\">Capacit\u00e9 d'escalade: 15\u00b0<\/p>\n<\/li>\n<li data-start=\"2286\" data-end=\"2314\">\n<p data-start=\"2288\" data-end=\"2314\">\u00c9clairage: phares LED<\/p>\n<\/li>\n<li data-start=\"2315\" data-end=\"2343\">\n<p data-start=\"2317\" data-end=\"2343\">Temps de charge: 6-8 heures<\/p>\n<\/li>\n<\/ul>\n<h3 data-start=\"2345\" data-end=\"2360\">Mat\u00e9riaux<\/h3>\n<p data-start=\"2361\" data-end=\"2450\">Cadre en acier haute r\u00e9sistance, suspension arri\u00e8re en acier renforc\u00e9 et moyeux de roues lourds.<\/p>\n<h3 data-start=\"2452\" data-end=\"2468\">Apparence<\/h3>\n<p data-start=\"2469\" data-end=\"2570\">Un design robuste et professionnel optimis\u00e9 pour les charges de fret, disponible en bleu, vert, argent et rouge.<\/p>\n<h3 data-start=\"2572\" data-end=\"2584\">Conception<\/h3>\n<p data-start=\"2585\" data-end=\"2690\">La conception large assure la stabilit\u00e9 tout en offrant une grande capacit\u00e9 de charge dans la mobilit\u00e9 compacte \u00e0 trois roues.<\/p>\n<h3 data-start=\"2692\" data-end=\"2715\">personnalisation OEM<\/h3>\n<p data-start=\"2716\" data-end=\"2800\">Personnalisable en type de bo\u00eete de fret, couleurs, autocollants et options renforc\u00e9es suppl\u00e9mentaires.<\/p>\n<h3 data-start=\"2802\" data-end=\"2823\">Contr\u00f4le qualit\u00e9<\/h3>\n<p data-start=\"2824\" data-end=\"2895\">Certification nationale de production de niveau 1 avec assurance qualit\u00e9 CCC.<\/p>\n<h3 data-start=\"2897\" data-end=\"2922\">Service apr\u00e8s-vente<\/h3>\n<p data-start=\"2923\" data-end=\"2999\">Garantie mondiale, support technique et disponibilit\u00e9 de pi\u00e8ces d\u00e9tach\u00e9es.<\/p>\n<h3 data-start=\"3001\" data-end=\"3025\">Champs d'application<\/h3>\n<ul data-start=\"3026\" data-end=\"3178\">\n<li data-start=\"3026\" data-end=\"3066\">\n<p data-start=\"3028\" data-end=\"3066\">Transport de marchandises en gros et au d\u00e9tail<\/p>\n<\/li>\n<li data-start=\"3067\" data-end=\"3102\">\n<p data-start=\"3069\" data-end=\"3102\">Commerce \u00e9lectronique et services de messagerie<\/p>\n<\/li>\n<li data-start=\"3103\" data-end=\"3140\">\n<p data-start=\"3105\" data-end=\"3140\">Distribution des produits agricoles<\/p>\n<\/li>\n<li data-start=\"3141\" data-end=\"3178\">\n<p data-start=\"3143\" data-end=\"3178\">Fourniture de mat\u00e9riaux pour chantier de construction<\/p>\n<\/li>\n<\/ul>\n<h3 data-start=\"3180\" data-end=\"3200\">M\u00e9thode de paiement<\/h3>\n<p data-start=\"3201\" data-end=\"3267\">Paiements internationaux flexibles: T \/ T, L \/ C ou n\u00e9gociation commerciale.<\/p>\n<h3 data-start=\"4923\" data-end=\"4947\">\u00a0 \u00a0 \u00a0 <img fetchpriority=\"high\" decoding=\"async\" class=\"alignnone size-medium wp-image-3801\" src=\"https:\/\/www.tairuiauto.com\/wp-content\/uploads\/2025\/09\/5-16-300x300.jpg\" alt=\"\" width=\"300\" height=\"300\" srcset=\"\" sizes=\"(max-width: 300px) 100vw, 300px\" data-srcset=\"\" \/>\u00a0 \u00a0 \u00a0 \u00a0 \u00a0\u00a0 <img decoding=\"async\" class=\"alignnone size-medium wp-image-3799\" src=\"https:\/\/www.tairuiauto.com\/wp-content\/uploads\/2025\/09\/3-16-300x300.jpg\" alt=\"\" width=\"300\" height=\"300\" srcset=\"\" sizes=\"(max-width: 300px) 100vw, 300px\" data-srcset=\"\" \/>\u00a0 \u00a0 \u00a0 \u00a0 \u00a0 \u00a0<img decoding=\"async\" class=\"alignnone size-medium wp-image-3800\" src=\"https:\/\/www.tairuiauto.com\/wp-content\/uploads\/2025\/09\/4-15-300x300.jpg\" alt=\"\" width=\"300\" height=\"300\" srcset=\"\" sizes=\"(max-width: 300px) 100vw, 300px\" data-srcset=\"\" \/><\/h3>\n<hr \/>\n<p>&nbsp;<\/p>\n<h3 data-start=\"3269\" data-end=\"3278\">FAQ (questions fr\u00e9quentes)<\/h3>\n<p data-start=\"3279\" data-end=\"3346\"><strong data-start=\"3279\" data-end=\"3309\">Q1: Combien peut-il porter?<\/strong><br data-start=\"3309\" data-end=\"3312\" \/>A1 : La charge utile est de 500 kg.<\/p>\n<p data-start=\"3348\" data-end=\"3410\"><strong data-start=\"3348\" data-end=\"3389\">Q2: Quelle est l'endurance par charge?<\/strong><br data-start=\"3389\" data-end=\"3392\" \/>A2 : Environ 45 km.<\/p>\n<p data-start=\"3412\" data-end=\"3471\"><strong data-start=\"3412\" data-end=\"3452\">Q3: Combien de temps faut-il pour charger?<\/strong><br data-start=\"3452\" data-end=\"3455\" \/>A3 : 6 \u00e0 8 heures.<\/p>\n<p data-start=\"3473\" data-end=\"3579\"><strong data-start=\"3473\" data-end=\"3508\">Q4: Puis-je personnaliser la conception?<\/strong><br data-start=\"3508\" data-end=\"3511\" \/>A4: Oui, la personnalisation OEM est disponible pour la marque et les mises \u00e0 niveau.<\/p>","protected":false},"excerpt":{"rendered":"<p>Le <strong data-start=\"256\" data-end=\"281\">1.6m Tricycle de fret<\/strong> est une solution de fret \u00e9lectrique robuste con\u00e7ue pour les entreprises qui exigent des performances de transport puissantes dans un format compact. Avec un moteur fort 60V 800W, une absorption hydraulique et une suspension en plaque d'acier renforc\u00e9e, ce <em data-start=\"509\" data-end=\"536\">tricycle de fret \u00e9lectrique<\/em> est con\u00e7u pour la fiabilit\u00e9 dans les op\u00e9rations de livraison urbaines et rurales. Son carrosserie large de 1,6 m permet une capacit\u00e9 de charge impressionnante de 500 kg, tandis que son endurance de 45 km par charge assure des cycles logistiques fluides.<\/p>","protected":false},"featured_media":3802,"comment_status":"open","ping_status":"closed","template":"","meta":[],"product_brand":[],"product_cat":[78],"product_tag":[],"class_list":{"0":"post-3796","1":"product","2":"type-product","3":"status-publish","4":"has-post-thumbnail","6":"product_cat-electric-tricycle","8":"first","9":"instock","10":"shipping-taxable","11":"product-type-simple"},"_links":{"self":[{"href":"https:\/\/www.tairuiauto.com\/fr\/wp-json\/wp\/v2\/product\/3796","targetHints":{"allow":["GET"]}}],"collection":[{"href":"https:\/\/www.tairuiauto.com\/fr\/wp-json\/wp\/v2\/product"}],"about":[{"href":"https:\/\/www.tairuiauto.com\/fr\/wp-json\/wp\/v2\/types\/product"}],"replies":[{"embeddable":true,"href":"https:\/\/www.tairuiauto.com\/fr\/wp-json\/wp\/v2\/comments?post=3796"}],"wp:featuredmedia":[{"embeddable":true,"href":"https:\/\/www.tairuiauto.com\/fr\/wp-json\/wp\/v2\/media\/3802"}],"wp:attachment":[{"href":"https:\/\/www.tairuiauto.com\/fr\/wp-json\/wp\/v2\/media?parent=3796"}],"wp:term":[{"taxonomy":"product_brand","embeddable":true,"href":"https:\/\/www.tairuiauto.com\/fr\/wp-json\/wp\/v2\/product_brand?post=3796"},{"taxonomy":"product_cat","embeddable":true,"href":"https:\/\/www.tairuiauto.com\/fr\/wp-json\/wp\/v2\/product_cat?post=3796"},{"taxonomy":"product_tag","embeddable":true,"href":"https:\/\/www.tairuiauto.com\/fr\/wp-json\/wp\/v2\/product_tag?post=3796"}],"curies":[{"name":"WP","href":"https:\/\/api.w.org\/{rel}","templated":true}]}}